{"id":40769,"date":"2026-01-28T10:18:01","date_gmt":"2026-01-28T09:18:01","guid":{"rendered":"https:\/\/hundtgroup.com\/produkt\/laser-liniowy-bosch-exll18v-120-33cg\/"},"modified":"2026-01-28T10:18:01","modified_gmt":"2026-01-28T09:18:01","slug":"laser-liniowy-bosch-exll18v-120-33cg","status":"publish","type":"product","link":"https:\/\/hundtgroup.com\/pl\/produkt\/laser-liniowy-bosch-exll18v-120-33cg\/","title":{"rendered":"Laser liniowy Bosch EXLL18V-120-33CG"},"content":{"rendered":"<p>Laser liniowy 18 V z trzema opcjami zasilania, stopniem ochrony IP65 i zasi\u0119giem roboczym 120 m\u00b9<br \/>\nPotr\u00f3jne \u017ar\u00f3d\u0142o zasilania: \u0142atwa zmiana mi\u0119dzy akumulatorem 18 V, akumulatorem 12 V i bateriami alkalicznymi typu C<br \/>\nWyj\u0105tkowy zasi\u0119g roboczy: promie\u0144 120 m z odbiornikiem<br \/>\nOdpowiedni do najtrudniejszych warunk\u00f3w na placu budowy: Wzmocniona gum\u0105 obudowa, okienko lasera i stopie\u0144 ochrony IP65<br \/>\nBezpieczne mocowanie i precyzyjna praca: Zintegrowany uchwyt z silnymi magnesami i precyzyjn\u0105 regulacj\u0105 obrotow\u0105<\/p>\n","protected":false},"excerpt":{"rendered":"<p>Laser liniowy 18 V z trzema opcjami zasilania, stopniem ochrony IP65 i zasi\u0119giem roboczym 120 m\u00b9 Potr\u00f3jne \u017ar\u00f3d\u0142o zasilania: \u0142atwa zmiana mi\u0119dzy akumulatorem 18 V, akumulatorem 12 V i bateriami alkalicznymi typu C Wyj\u0105tkowy zasi\u0119g roboczy: promie\u0144 120 m z odbiornikiem Odpowiedni do najtrudniejszych warunk\u00f3w na placu budowy: Wzmocniona gum\u0105 obudowa, okienko lasera i stopie\u0144 [&hellip;]<\/p>\n","protected":false},"featured_media":40770,"template":"","meta":{"_acf_changed":false,"inline_featured_image":false},"product_cat":[3278,691],"product_tag":[],"class_list":{"0":"post-40769","1":"product","2":"type-product","3":"status-publish","4":"has-post-thumbnail","6":"brand-bosch-expert","7":"product_cat-laser-liniowy","8":"product_cat-narzedzia-akumulatorowe","10":"first","11":"instock","12":"taxable","13":"shipping-taxable","14":"purchasable","15":"product-type-simple","16":"add-to-wishlist-before_image"},"acf":[],"yoast_head":"<!-- This site is optimized with the Yoast SEO plugin v27.3 - https:\/\/yoast.com\/product\/yoast-seo-wordpress\/ -->\n<title>Laser liniowy Bosch EXLL18V-120-33CG - Wilhelm Hundt GmbH<\/title>\n<meta name=\"robots\" content=\"index, follow, max-snippet:-1, max-image-preview:large, max-video-preview:-1\" \/>\n<link rel=\"canonical\" href=\"https:\/\/hundtgroup.com\/pl\/produkt\/laser-liniowy-bosch-exll18v-120-33cg\/\" \/>\n<meta property=\"og:locale\" content=\"pl_PL\" \/>\n<meta property=\"og:type\" content=\"article\" \/>\n<meta property=\"og:title\" content=\"Laser liniowy Bosch EXLL18V-120-33CG - Wilhelm Hundt GmbH\" \/>\n<meta property=\"og:description\" content=\"Laser liniowy 18 V z trzema opcjami zasilania, stopniem ochrony IP65 i zasi\u0119giem roboczym 120 m\u00b9 Potr\u00f3jne \u017ar\u00f3d\u0142o zasilania: \u0142atwa zmiana mi\u0119dzy akumulatorem 18 V, akumulatorem 12 V i bateriami alkalicznymi typu C Wyj\u0105tkowy zasi\u0119g roboczy: promie\u0144 120 m z odbiornikiem Odpowiedni do najtrudniejszych warunk\u00f3w na placu budowy: Wzmocniona gum\u0105 obudowa, okienko lasera i stopie\u0144 [&hellip;]\" \/>\n<meta property=\"og:url\" content=\"https:\/\/hundtgroup.com\/pl\/produkt\/laser-liniowy-bosch-exll18v-120-33cg\/\" \/>\n<meta property=\"og:site_name\" content=\"Wilhelm Hundt GmbH\" \/>\n<meta property=\"og:image\" content=\"https:\/\/hundtgroup.com\/wp-content\/uploads\/340872.jpg\" \/>\n\t<meta property=\"og:image:width\" content=\"1120\" \/>\n\t<meta property=\"og:image:height\" content=\"981\" \/>\n\t<meta property=\"og:image:type\" content=\"image\/jpeg\" \/>\n<meta name=\"twitter:card\" content=\"summary_large_image\" \/>\n<script type=\"application\/ld+json\" class=\"yoast-schema-graph\">{\"@context\":\"https:\\\/\\\/schema.org\",\"@graph\":[{\"@type\":\"WebPage\",\"@id\":\"https:\\\/\\\/hundtgroup.com\\\/pl\\\/produkt\\\/laser-liniowy-bosch-exll18v-120-33cg\\\/\",\"url\":\"https:\\\/\\\/hundtgroup.com\\\/pl\\\/produkt\\\/laser-liniowy-bosch-exll18v-120-33cg\\\/\",\"name\":\"Laser liniowy Bosch EXLL18V-120-33CG - Wilhelm Hundt GmbH\",\"isPartOf\":{\"@id\":\"https:\\\/\\\/hundtgroup.com\\\/pl\\\/#website\"},\"primaryImageOfPage\":{\"@id\":\"https:\\\/\\\/hundtgroup.com\\\/pl\\\/produkt\\\/laser-liniowy-bosch-exll18v-120-33cg\\\/#primaryimage\"},\"image\":{\"@id\":\"https:\\\/\\\/hundtgroup.com\\\/pl\\\/produkt\\\/laser-liniowy-bosch-exll18v-120-33cg\\\/#primaryimage\"},\"thumbnailUrl\":\"https:\\\/\\\/hundtgroup.com\\\/wp-content\\\/uploads\\\/340872.jpg\",\"datePublished\":\"2026-01-28T09:18:01+00:00\",\"breadcrumb\":{\"@id\":\"https:\\\/\\\/hundtgroup.com\\\/pl\\\/produkt\\\/laser-liniowy-bosch-exll18v-120-33cg\\\/#breadcrumb\"},\"inLanguage\":\"pl-PL\",\"potentialAction\":[{\"@type\":\"ReadAction\",\"target\":[\"https:\\\/\\\/hundtgroup.com\\\/pl\\\/produkt\\\/laser-liniowy-bosch-exll18v-120-33cg\\\/\"]}]},{\"@type\":\"ImageObject\",\"inLanguage\":\"pl-PL\",\"@id\":\"https:\\\/\\\/hundtgroup.com\\\/pl\\\/produkt\\\/laser-liniowy-bosch-exll18v-120-33cg\\\/#primaryimage\",\"url\":\"https:\\\/\\\/hundtgroup.com\\\/wp-content\\\/uploads\\\/340872.jpg\",\"contentUrl\":\"https:\\\/\\\/hundtgroup.com\\\/wp-content\\\/uploads\\\/340872.jpg\",\"width\":1120,\"height\":981},{\"@type\":\"BreadcrumbList\",\"@id\":\"https:\\\/\\\/hundtgroup.com\\\/pl\\\/produkt\\\/laser-liniowy-bosch-exll18v-120-33cg\\\/#breadcrumb\",\"itemListElement\":[{\"@type\":\"ListItem\",\"position\":1,\"name\":\"Startseite\",\"item\":\"https:\\\/\\\/hundtgroup.com\\\/pl\\\/strona-glowna-nowa\\\/\"},{\"@type\":\"ListItem\",\"position\":2,\"name\":\"Sklep\",\"item\":\"https:\\\/\\\/hundtgroup.com\\\/sklep\\\/\"},{\"@type\":\"ListItem\",\"position\":3,\"name\":\"Laser liniowy Bosch EXLL18V-120-33CG\"}]},{\"@type\":\"WebSite\",\"@id\":\"https:\\\/\\\/hundtgroup.com\\\/pl\\\/#website\",\"url\":\"https:\\\/\\\/hundtgroup.com\\\/pl\\\/\",\"name\":\"Wilhelm Hundt GmbH\",\"description\":\"Specjalista od maszyn i narz\u0119dzi do obr\u00f3bki blachy\",\"potentialAction\":[{\"@type\":\"SearchAction\",\"target\":{\"@type\":\"EntryPoint\",\"urlTemplate\":\"https:\\\/\\\/hundtgroup.com\\\/pl\\\/?s={search_term_string}\"},\"query-input\":{\"@type\":\"PropertyValueSpecification\",\"valueRequired\":true,\"valueName\":\"search_term_string\"}}],\"inLanguage\":\"pl-PL\"}]}<\/script>\n<!-- \/ Yoast SEO plugin. -->","yoast_head_json":{"title":"Laser liniowy Bosch EXLL18V-120-33CG - Wilhelm Hundt GmbH","robots":{"index":"index","follow":"follow","max-snippet":"max-snippet:-1","max-image-preview":"max-image-preview:large","max-video-preview":"max-video-preview:-1"},"canonical":"https:\/\/hundtgroup.com\/pl\/produkt\/laser-liniowy-bosch-exll18v-120-33cg\/","og_locale":"pl_PL","og_type":"article","og_title":"Laser liniowy Bosch EXLL18V-120-33CG - Wilhelm Hundt GmbH","og_description":"Laser liniowy 18 V z trzema opcjami zasilania, stopniem ochrony IP65 i zasi\u0119giem roboczym 120 m\u00b9 Potr\u00f3jne \u017ar\u00f3d\u0142o zasilania: \u0142atwa zmiana mi\u0119dzy akumulatorem 18 V, akumulatorem 12 V i bateriami alkalicznymi typu C Wyj\u0105tkowy zasi\u0119g roboczy: promie\u0144 120 m z odbiornikiem Odpowiedni do najtrudniejszych warunk\u00f3w na placu budowy: Wzmocniona gum\u0105 obudowa, okienko lasera i stopie\u0144 [&hellip;]","og_url":"https:\/\/hundtgroup.com\/pl\/produkt\/laser-liniowy-bosch-exll18v-120-33cg\/","og_site_name":"Wilhelm Hundt GmbH","og_image":[{"width":1120,"height":981,"url":"https:\/\/hundtgroup.com\/wp-content\/uploads\/340872.jpg","type":"image\/jpeg"}],"twitter_card":"summary_large_image","schema":{"@context":"https:\/\/schema.org","@graph":[{"@type":"WebPage","@id":"https:\/\/hundtgroup.com\/pl\/produkt\/laser-liniowy-bosch-exll18v-120-33cg\/","url":"https:\/\/hundtgroup.com\/pl\/produkt\/laser-liniowy-bosch-exll18v-120-33cg\/","name":"Laser liniowy Bosch EXLL18V-120-33CG - Wilhelm Hundt GmbH","isPartOf":{"@id":"https:\/\/hundtgroup.com\/pl\/#website"},"primaryImageOfPage":{"@id":"https:\/\/hundtgroup.com\/pl\/produkt\/laser-liniowy-bosch-exll18v-120-33cg\/#primaryimage"},"image":{"@id":"https:\/\/hundtgroup.com\/pl\/produkt\/laser-liniowy-bosch-exll18v-120-33cg\/#primaryimage"},"thumbnailUrl":"https:\/\/hundtgroup.com\/wp-content\/uploads\/340872.jpg","datePublished":"2026-01-28T09:18:01+00:00","breadcrumb":{"@id":"https:\/\/hundtgroup.com\/pl\/produkt\/laser-liniowy-bosch-exll18v-120-33cg\/#breadcrumb"},"inLanguage":"pl-PL","potentialAction":[{"@type":"ReadAction","target":["https:\/\/hundtgroup.com\/pl\/produkt\/laser-liniowy-bosch-exll18v-120-33cg\/"]}]},{"@type":"ImageObject","inLanguage":"pl-PL","@id":"https:\/\/hundtgroup.com\/pl\/produkt\/laser-liniowy-bosch-exll18v-120-33cg\/#primaryimage","url":"https:\/\/hundtgroup.com\/wp-content\/uploads\/340872.jpg","contentUrl":"https:\/\/hundtgroup.com\/wp-content\/uploads\/340872.jpg","width":1120,"height":981},{"@type":"BreadcrumbList","@id":"https:\/\/hundtgroup.com\/pl\/produkt\/laser-liniowy-bosch-exll18v-120-33cg\/#breadcrumb","itemListElement":[{"@type":"ListItem","position":1,"name":"Startseite","item":"https:\/\/hundtgroup.com\/pl\/strona-glowna-nowa\/"},{"@type":"ListItem","position":2,"name":"Sklep","item":"https:\/\/hundtgroup.com\/sklep\/"},{"@type":"ListItem","position":3,"name":"Laser liniowy Bosch EXLL18V-120-33CG"}]},{"@type":"WebSite","@id":"https:\/\/hundtgroup.com\/pl\/#website","url":"https:\/\/hundtgroup.com\/pl\/","name":"Wilhelm Hundt GmbH","description":"Specjalista od maszyn i narz\u0119dzi do obr\u00f3bki blachy","potentialAction":[{"@type":"SearchAction","target":{"@type":"EntryPoint","urlTemplate":"https:\/\/hundtgroup.com\/pl\/?s={search_term_string}"},"query-input":{"@type":"PropertyValueSpecification","valueRequired":true,"valueName":"search_term_string"}}],"inLanguage":"pl-PL"}]}},"_links":{"self":[{"href":"https:\/\/hundtgroup.com\/pl\/wp-json\/wp\/v2\/product\/40769","targetHints":{"allow":["GET"]}}],"collection":[{"href":"https:\/\/hundtgroup.com\/pl\/wp-json\/wp\/v2\/product"}],"about":[{"href":"https:\/\/hundtgroup.com\/pl\/wp-json\/wp\/v2\/types\/product"}],"wp:featuredmedia":[{"embeddable":true,"href":"https:\/\/hundtgroup.com\/pl\/wp-json\/wp\/v2\/media\/40770"}],"wp:attachment":[{"href":"https:\/\/hundtgroup.com\/pl\/wp-json\/wp\/v2\/media?parent=40769"}],"wp:term":[{"taxonomy":"product_cat","embeddable":true,"href":"https:\/\/hundtgroup.com\/pl\/wp-json\/wp\/v2\/product_cat?post=40769"},{"taxonomy":"product_tag","embeddable":true,"href":"https:\/\/hundtgroup.com\/pl\/wp-json\/wp\/v2\/product_tag?post=40769"}],"curies":[{"name":"wp","href":"https:\/\/api.w.org\/{rel}","templated":true}]}}