{"id":40839,"date":"2026-01-28T10:17:48","date_gmt":"2026-01-28T09:17:48","guid":{"rendered":"https:\/\/hundtgroup.com\/produkt\/szlifierka-katowa-bosch-exws30-230pb\/"},"modified":"2026-01-28T10:17:48","modified_gmt":"2026-01-28T09:17:48","slug":"szlifierka-katowa-bosch-exws30-230pb","status":"publish","type":"product","link":"https:\/\/hundtgroup.com\/pl\/produkt\/szlifierka-katowa-bosch-exws30-230pb\/","title":{"rendered":"Szlifierka k\u0105towa Bosch EXWS30-230PB"},"content":{"rendered":"<p>DO 40% WI\u0118KSZA MOC NI\u017b W PROFESJONALNYM GWS 20-230 J\u00b9<br \/>\nDoskona\u0142a wydajno\u015b\u0107 usuwania materia\u0142u: Moc wej\u015bciowa 2800 W zapewnia szybkie i efektywne szlifowanie<br \/>\nBezszczotkowy silnik: Bezszczotkowy silnik o wysokiej wydajno\u015bci skraca czas przestoju narz\u0119dzia<br \/>\nZaawansowana ochrona: Elektroniczny hamulec zatrzymuje tarcz\u0119 w czasie kr\u00f3tszym ni\u017c 3 sekundy<br \/>\nZintegrowany system kontroli wibracji: redukuje szkodliwe wibracje i zmniejsza ryzyko obra\u017ce\u0144<br \/>\nWy\u0142\u0105cznik ochronny: wy\u0142\u0105cza narz\u0119dzie natychmiast po zwolnieniu wy\u0142\u0105cznika<\/p>\n","protected":false},"excerpt":{"rendered":"<p>DO 40% WI\u0118KSZA MOC NI\u017b W PROFESJONALNYM GWS 20-230 J\u00b9 Doskona\u0142a wydajno\u015b\u0107 usuwania materia\u0142u: Moc wej\u015bciowa 2800 W zapewnia szybkie i efektywne szlifowanie Bezszczotkowy silnik: Bezszczotkowy silnik o wysokiej wydajno\u015bci skraca czas przestoju narz\u0119dzia Zaawansowana ochrona: Elektroniczny hamulec zatrzymuje tarcz\u0119 w czasie kr\u00f3tszym ni\u017c 3 sekundy Zintegrowany system kontroli wibracji: redukuje szkodliwe wibracje i zmniejsza [&hellip;]<\/p>\n","protected":false},"featured_media":40841,"template":"","meta":{"_acf_changed":false,"inline_featured_image":false},"product_cat":[3248,660],"product_tag":[],"class_list":{"0":"post-40839","1":"product","2":"type-product","3":"status-publish","4":"has-post-thumbnail","6":"brand-bosch-expert","7":"product_cat-szlifierka-katowa","8":"product_cat-elektronarzedzia","10":"first","11":"instock","12":"taxable","13":"shipping-taxable","14":"purchasable","15":"product-type-simple","16":"add-to-wishlist-before_image"},"acf":[],"yoast_head":"<!-- This site is optimized with the Yoast SEO plugin v27.3 - https:\/\/yoast.com\/product\/yoast-seo-wordpress\/ -->\n<title>Szlifierka k\u0105towa Bosch EXWS30-230PB - Wilhelm Hundt GmbH<\/title>\n<meta name=\"robots\" content=\"index, follow, max-snippet:-1, max-image-preview:large, max-video-preview:-1\" \/>\n<link rel=\"canonical\" href=\"https:\/\/hundtgroup.com\/pl\/produkt\/szlifierka-katowa-bosch-exws30-230pb\/\" \/>\n<meta property=\"og:locale\" content=\"pl_PL\" \/>\n<meta property=\"og:type\" content=\"article\" \/>\n<meta property=\"og:title\" content=\"Szlifierka k\u0105towa Bosch EXWS30-230PB - Wilhelm Hundt GmbH\" \/>\n<meta property=\"og:description\" content=\"DO 40% WI\u0118KSZA MOC NI\u017b W PROFESJONALNYM GWS 20-230 J\u00b9 Doskona\u0142a wydajno\u015b\u0107 usuwania materia\u0142u: Moc wej\u015bciowa 2800 W zapewnia szybkie i efektywne szlifowanie Bezszczotkowy silnik: Bezszczotkowy silnik o wysokiej wydajno\u015bci skraca czas przestoju narz\u0119dzia Zaawansowana ochrona: Elektroniczny hamulec zatrzymuje tarcz\u0119 w czasie kr\u00f3tszym ni\u017c 3 sekundy Zintegrowany system kontroli wibracji: redukuje szkodliwe wibracje i zmniejsza [&hellip;]\" \/>\n<meta property=\"og:url\" content=\"https:\/\/hundtgroup.com\/pl\/produkt\/szlifierka-katowa-bosch-exws30-230pb\/\" \/>\n<meta property=\"og:site_name\" content=\"Wilhelm Hundt GmbH\" \/>\n<meta property=\"og:image\" content=\"https:\/\/hundtgroup.com\/wp-content\/uploads\/340849.jpg\" \/>\n\t<meta property=\"og:image:width\" content=\"800\" \/>\n\t<meta property=\"og:image:height\" content=\"600\" \/>\n\t<meta property=\"og:image:type\" content=\"image\/jpeg\" \/>\n<meta name=\"twitter:card\" content=\"summary_large_image\" \/>\n<script type=\"application\/ld+json\" class=\"yoast-schema-graph\">{\"@context\":\"https:\\\/\\\/schema.org\",\"@graph\":[{\"@type\":\"WebPage\",\"@id\":\"https:\\\/\\\/hundtgroup.com\\\/pl\\\/produkt\\\/szlifierka-katowa-bosch-exws30-230pb\\\/\",\"url\":\"https:\\\/\\\/hundtgroup.com\\\/pl\\\/produkt\\\/szlifierka-katowa-bosch-exws30-230pb\\\/\",\"name\":\"Szlifierka k\u0105towa Bosch EXWS30-230PB - Wilhelm Hundt GmbH\",\"isPartOf\":{\"@id\":\"https:\\\/\\\/hundtgroup.com\\\/pl\\\/#website\"},\"primaryImageOfPage\":{\"@id\":\"https:\\\/\\\/hundtgroup.com\\\/pl\\\/produkt\\\/szlifierka-katowa-bosch-exws30-230pb\\\/#primaryimage\"},\"image\":{\"@id\":\"https:\\\/\\\/hundtgroup.com\\\/pl\\\/produkt\\\/szlifierka-katowa-bosch-exws30-230pb\\\/#primaryimage\"},\"thumbnailUrl\":\"https:\\\/\\\/hundtgroup.com\\\/wp-content\\\/uploads\\\/340849.jpg\",\"datePublished\":\"2026-01-28T09:17:48+00:00\",\"breadcrumb\":{\"@id\":\"https:\\\/\\\/hundtgroup.com\\\/pl\\\/produkt\\\/szlifierka-katowa-bosch-exws30-230pb\\\/#breadcrumb\"},\"inLanguage\":\"pl-PL\",\"potentialAction\":[{\"@type\":\"ReadAction\",\"target\":[\"https:\\\/\\\/hundtgroup.com\\\/pl\\\/produkt\\\/szlifierka-katowa-bosch-exws30-230pb\\\/\"]}]},{\"@type\":\"ImageObject\",\"inLanguage\":\"pl-PL\",\"@id\":\"https:\\\/\\\/hundtgroup.com\\\/pl\\\/produkt\\\/szlifierka-katowa-bosch-exws30-230pb\\\/#primaryimage\",\"url\":\"https:\\\/\\\/hundtgroup.com\\\/wp-content\\\/uploads\\\/340849.jpg\",\"contentUrl\":\"https:\\\/\\\/hundtgroup.com\\\/wp-content\\\/uploads\\\/340849.jpg\",\"width\":800,\"height\":600},{\"@type\":\"BreadcrumbList\",\"@id\":\"https:\\\/\\\/hundtgroup.com\\\/pl\\\/produkt\\\/szlifierka-katowa-bosch-exws30-230pb\\\/#breadcrumb\",\"itemListElement\":[{\"@type\":\"ListItem\",\"position\":1,\"name\":\"Startseite\",\"item\":\"https:\\\/\\\/hundtgroup.com\\\/pl\\\/strona-glowna-nowa\\\/\"},{\"@type\":\"ListItem\",\"position\":2,\"name\":\"Sklep\",\"item\":\"https:\\\/\\\/hundtgroup.com\\\/sklep\\\/\"},{\"@type\":\"ListItem\",\"position\":3,\"name\":\"Szlifierka k\u0105towa Bosch EXWS30-230PB\"}]},{\"@type\":\"WebSite\",\"@id\":\"https:\\\/\\\/hundtgroup.com\\\/pl\\\/#website\",\"url\":\"https:\\\/\\\/hundtgroup.com\\\/pl\\\/\",\"name\":\"Wilhelm Hundt GmbH\",\"description\":\"Specjalista od maszyn i narz\u0119dzi do obr\u00f3bki blachy\",\"potentialAction\":[{\"@type\":\"SearchAction\",\"target\":{\"@type\":\"EntryPoint\",\"urlTemplate\":\"https:\\\/\\\/hundtgroup.com\\\/pl\\\/?s={search_term_string}\"},\"query-input\":{\"@type\":\"PropertyValueSpecification\",\"valueRequired\":true,\"valueName\":\"search_term_string\"}}],\"inLanguage\":\"pl-PL\"}]}<\/script>\n<!-- \/ Yoast SEO plugin. -->","yoast_head_json":{"title":"Szlifierka k\u0105towa Bosch EXWS30-230PB - Wilhelm Hundt GmbH","robots":{"index":"index","follow":"follow","max-snippet":"max-snippet:-1","max-image-preview":"max-image-preview:large","max-video-preview":"max-video-preview:-1"},"canonical":"https:\/\/hundtgroup.com\/pl\/produkt\/szlifierka-katowa-bosch-exws30-230pb\/","og_locale":"pl_PL","og_type":"article","og_title":"Szlifierka k\u0105towa Bosch EXWS30-230PB - Wilhelm Hundt GmbH","og_description":"DO 40% WI\u0118KSZA MOC NI\u017b W PROFESJONALNYM GWS 20-230 J\u00b9 Doskona\u0142a wydajno\u015b\u0107 usuwania materia\u0142u: Moc wej\u015bciowa 2800 W zapewnia szybkie i efektywne szlifowanie Bezszczotkowy silnik: Bezszczotkowy silnik o wysokiej wydajno\u015bci skraca czas przestoju narz\u0119dzia Zaawansowana ochrona: Elektroniczny hamulec zatrzymuje tarcz\u0119 w czasie kr\u00f3tszym ni\u017c 3 sekundy Zintegrowany system kontroli wibracji: redukuje szkodliwe wibracje i zmniejsza [&hellip;]","og_url":"https:\/\/hundtgroup.com\/pl\/produkt\/szlifierka-katowa-bosch-exws30-230pb\/","og_site_name":"Wilhelm Hundt GmbH","og_image":[{"width":800,"height":600,"url":"https:\/\/hundtgroup.com\/wp-content\/uploads\/340849.jpg","type":"image\/jpeg"}],"twitter_card":"summary_large_image","schema":{"@context":"https:\/\/schema.org","@graph":[{"@type":"WebPage","@id":"https:\/\/hundtgroup.com\/pl\/produkt\/szlifierka-katowa-bosch-exws30-230pb\/","url":"https:\/\/hundtgroup.com\/pl\/produkt\/szlifierka-katowa-bosch-exws30-230pb\/","name":"Szlifierka k\u0105towa Bosch EXWS30-230PB - Wilhelm Hundt GmbH","isPartOf":{"@id":"https:\/\/hundtgroup.com\/pl\/#website"},"primaryImageOfPage":{"@id":"https:\/\/hundtgroup.com\/pl\/produkt\/szlifierka-katowa-bosch-exws30-230pb\/#primaryimage"},"image":{"@id":"https:\/\/hundtgroup.com\/pl\/produkt\/szlifierka-katowa-bosch-exws30-230pb\/#primaryimage"},"thumbnailUrl":"https:\/\/hundtgroup.com\/wp-content\/uploads\/340849.jpg","datePublished":"2026-01-28T09:17:48+00:00","breadcrumb":{"@id":"https:\/\/hundtgroup.com\/pl\/produkt\/szlifierka-katowa-bosch-exws30-230pb\/#breadcrumb"},"inLanguage":"pl-PL","potentialAction":[{"@type":"ReadAction","target":["https:\/\/hundtgroup.com\/pl\/produkt\/szlifierka-katowa-bosch-exws30-230pb\/"]}]},{"@type":"ImageObject","inLanguage":"pl-PL","@id":"https:\/\/hundtgroup.com\/pl\/produkt\/szlifierka-katowa-bosch-exws30-230pb\/#primaryimage","url":"https:\/\/hundtgroup.com\/wp-content\/uploads\/340849.jpg","contentUrl":"https:\/\/hundtgroup.com\/wp-content\/uploads\/340849.jpg","width":800,"height":600},{"@type":"BreadcrumbList","@id":"https:\/\/hundtgroup.com\/pl\/produkt\/szlifierka-katowa-bosch-exws30-230pb\/#breadcrumb","itemListElement":[{"@type":"ListItem","position":1,"name":"Startseite","item":"https:\/\/hundtgroup.com\/pl\/strona-glowna-nowa\/"},{"@type":"ListItem","position":2,"name":"Sklep","item":"https:\/\/hundtgroup.com\/sklep\/"},{"@type":"ListItem","position":3,"name":"Szlifierka k\u0105towa Bosch EXWS30-230PB"}]},{"@type":"WebSite","@id":"https:\/\/hundtgroup.com\/pl\/#website","url":"https:\/\/hundtgroup.com\/pl\/","name":"Wilhelm Hundt GmbH","description":"Specjalista od maszyn i narz\u0119dzi do obr\u00f3bki blachy","potentialAction":[{"@type":"SearchAction","target":{"@type":"EntryPoint","urlTemplate":"https:\/\/hundtgroup.com\/pl\/?s={search_term_string}"},"query-input":{"@type":"PropertyValueSpecification","valueRequired":true,"valueName":"search_term_string"}}],"inLanguage":"pl-PL"}]}},"_links":{"self":[{"href":"https:\/\/hundtgroup.com\/pl\/wp-json\/wp\/v2\/product\/40839","targetHints":{"allow":["GET"]}}],"collection":[{"href":"https:\/\/hundtgroup.com\/pl\/wp-json\/wp\/v2\/product"}],"about":[{"href":"https:\/\/hundtgroup.com\/pl\/wp-json\/wp\/v2\/types\/product"}],"wp:featuredmedia":[{"embeddable":true,"href":"https:\/\/hundtgroup.com\/pl\/wp-json\/wp\/v2\/media\/40841"}],"wp:attachment":[{"href":"https:\/\/hundtgroup.com\/pl\/wp-json\/wp\/v2\/media?parent=40839"}],"wp:term":[{"taxonomy":"product_cat","embeddable":true,"href":"https:\/\/hundtgroup.com\/pl\/wp-json\/wp\/v2\/product_cat?post=40839"},{"taxonomy":"product_tag","embeddable":true,"href":"https:\/\/hundtgroup.com\/pl\/wp-json\/wp\/v2\/product_tag?post=40839"}],"curies":[{"name":"wp","href":"https:\/\/api.w.org\/{rel}","templated":true}]}}