{"id":40923,"date":"2026-01-28T10:17:57","date_gmt":"2026-01-28T09:17:57","guid":{"rendered":"https:\/\/hundtgroup.com\/produkt\/zestaw-startowy-bosch-expert-80-ah-18v-160\/"},"modified":"2026-01-28T10:17:57","modified_gmt":"2026-01-28T09:17:57","slug":"zestaw-startowy-bosch-expert-80-ah-18v-160","status":"publish","type":"product","link":"https:\/\/hundtgroup.com\/pl\/produkt\/zestaw-startowy-bosch-expert-80-ah-18v-160\/","title":{"rendered":"Zestaw startowy Bosch EXPERT 8,0 Ah 18V-160"},"content":{"rendered":"<p>Do 120% d\u0142u\u017cszy czas pracy ni\u017c w przypadku profesjonalnych akumulator\u00f3w GBA 18V 4.0Ah\u00b9<br \/>\nEkstremalny czas pracy: Wyj\u0105tkowy czas ci\u0105g\u0142ej pracy w trudnych zastosowaniach<br \/>\nWydajne ogniwa bezobs\u0142ugowe: Ni\u017csza rezystancja wewn\u0119trzna dla maksymalnej mocy do 2400 W (w oparciu o wewn\u0119trzny test laboratoryjny, natychmiastowa maksymalna moc, w pe\u0142ni na\u0142adowana, nowa bateria)<br \/>\nUltraszybkie \u0142adowanie: Pe\u0142ne na\u0142adowanie akumulatora EXBA18V-80 w 39 minut dzi\u0119ki wysokiemu pr\u0105dowi \u0142adowania 16 A<br \/>\nJeden akumulator dla wszystkich: Kompatybilny z systemem Bosch Professional 18V i systemem akumulator\u00f3w AMPShare. <\/p>\n","protected":false},"excerpt":{"rendered":"<p>Do 120% d\u0142u\u017cszy czas pracy ni\u017c w przypadku profesjonalnych akumulator\u00f3w GBA 18V 4.0Ah\u00b9 Ekstremalny czas pracy: Wyj\u0105tkowy czas ci\u0105g\u0142ej pracy w trudnych zastosowaniach Wydajne ogniwa bezobs\u0142ugowe: Ni\u017csza rezystancja wewn\u0119trzna dla maksymalnej mocy do 2400 W (w oparciu o wewn\u0119trzny test laboratoryjny, natychmiastowa maksymalna moc, w pe\u0142ni na\u0142adowana, nowa bateria) Ultraszybkie \u0142adowanie: Pe\u0142ne na\u0142adowanie akumulatora EXBA18V-80 [&hellip;]<\/p>\n","protected":false},"featured_media":40925,"template":"","meta":{"_acf_changed":false,"inline_featured_image":false},"product_cat":[1104,937],"product_tag":[],"class_list":{"0":"post-40923","1":"product","2":"type-product","3":"status-publish","4":"has-post-thumbnail","6":"brand-bosch-expert","7":"product_cat-zestaw-startowy","8":"product_cat-akcesoria-akumulatorowe-elektryczne","10":"first","11":"instock","12":"taxable","13":"shipping-taxable","14":"purchasable","15":"product-type-simple","16":"add-to-wishlist-before_image"},"acf":[],"yoast_head":"<!-- This site is optimized with the Yoast SEO plugin v27.3 - https:\/\/yoast.com\/product\/yoast-seo-wordpress\/ -->\n<title>Zestaw startowy Bosch EXPERT 8,0 Ah 18V-160 - Wilhelm Hundt GmbH<\/title>\n<meta name=\"robots\" content=\"index, follow, max-snippet:-1, max-image-preview:large, max-video-preview:-1\" \/>\n<link rel=\"canonical\" href=\"https:\/\/hundtgroup.com\/pl\/produkt\/zestaw-startowy-bosch-expert-80-ah-18v-160\/\" \/>\n<meta property=\"og:locale\" content=\"pl_PL\" \/>\n<meta property=\"og:type\" content=\"article\" \/>\n<meta property=\"og:title\" content=\"Zestaw startowy Bosch EXPERT 8,0 Ah 18V-160 - Wilhelm Hundt GmbH\" \/>\n<meta property=\"og:description\" content=\"Do 120% d\u0142u\u017cszy czas pracy ni\u017c w przypadku profesjonalnych akumulator\u00f3w GBA 18V 4.0Ah\u00b9 Ekstremalny czas pracy: Wyj\u0105tkowy czas ci\u0105g\u0142ej pracy w trudnych zastosowaniach Wydajne ogniwa bezobs\u0142ugowe: Ni\u017csza rezystancja wewn\u0119trzna dla maksymalnej mocy do 2400 W (w oparciu o wewn\u0119trzny test laboratoryjny, natychmiastowa maksymalna moc, w pe\u0142ni na\u0142adowana, nowa bateria) Ultraszybkie \u0142adowanie: Pe\u0142ne na\u0142adowanie akumulatora EXBA18V-80 [&hellip;]\" \/>\n<meta property=\"og:url\" content=\"https:\/\/hundtgroup.com\/pl\/produkt\/zestaw-startowy-bosch-expert-80-ah-18v-160\/\" \/>\n<meta property=\"og:site_name\" content=\"Wilhelm Hundt GmbH\" \/>\n<meta property=\"og:image\" content=\"https:\/\/hundtgroup.com\/wp-content\/uploads\/340865.jpg\" \/>\n\t<meta property=\"og:image:width\" content=\"800\" \/>\n\t<meta property=\"og:image:height\" content=\"800\" \/>\n\t<meta property=\"og:image:type\" content=\"image\/jpeg\" \/>\n<meta name=\"twitter:card\" content=\"summary_large_image\" \/>\n<script type=\"application\/ld+json\" class=\"yoast-schema-graph\">{\"@context\":\"https:\\\/\\\/schema.org\",\"@graph\":[{\"@type\":\"WebPage\",\"@id\":\"https:\\\/\\\/hundtgroup.com\\\/pl\\\/produkt\\\/zestaw-startowy-bosch-expert-80-ah-18v-160\\\/\",\"url\":\"https:\\\/\\\/hundtgroup.com\\\/pl\\\/produkt\\\/zestaw-startowy-bosch-expert-80-ah-18v-160\\\/\",\"name\":\"Zestaw startowy Bosch EXPERT 8,0 Ah 18V-160 - Wilhelm Hundt GmbH\",\"isPartOf\":{\"@id\":\"https:\\\/\\\/hundtgroup.com\\\/pl\\\/#website\"},\"primaryImageOfPage\":{\"@id\":\"https:\\\/\\\/hundtgroup.com\\\/pl\\\/produkt\\\/zestaw-startowy-bosch-expert-80-ah-18v-160\\\/#primaryimage\"},\"image\":{\"@id\":\"https:\\\/\\\/hundtgroup.com\\\/pl\\\/produkt\\\/zestaw-startowy-bosch-expert-80-ah-18v-160\\\/#primaryimage\"},\"thumbnailUrl\":\"https:\\\/\\\/hundtgroup.com\\\/wp-content\\\/uploads\\\/340865.jpg\",\"datePublished\":\"2026-01-28T09:17:57+00:00\",\"breadcrumb\":{\"@id\":\"https:\\\/\\\/hundtgroup.com\\\/pl\\\/produkt\\\/zestaw-startowy-bosch-expert-80-ah-18v-160\\\/#breadcrumb\"},\"inLanguage\":\"pl-PL\",\"potentialAction\":[{\"@type\":\"ReadAction\",\"target\":[\"https:\\\/\\\/hundtgroup.com\\\/pl\\\/produkt\\\/zestaw-startowy-bosch-expert-80-ah-18v-160\\\/\"]}]},{\"@type\":\"ImageObject\",\"inLanguage\":\"pl-PL\",\"@id\":\"https:\\\/\\\/hundtgroup.com\\\/pl\\\/produkt\\\/zestaw-startowy-bosch-expert-80-ah-18v-160\\\/#primaryimage\",\"url\":\"https:\\\/\\\/hundtgroup.com\\\/wp-content\\\/uploads\\\/340865.jpg\",\"contentUrl\":\"https:\\\/\\\/hundtgroup.com\\\/wp-content\\\/uploads\\\/340865.jpg\",\"width\":800,\"height\":800},{\"@type\":\"BreadcrumbList\",\"@id\":\"https:\\\/\\\/hundtgroup.com\\\/pl\\\/produkt\\\/zestaw-startowy-bosch-expert-80-ah-18v-160\\\/#breadcrumb\",\"itemListElement\":[{\"@type\":\"ListItem\",\"position\":1,\"name\":\"Startseite\",\"item\":\"https:\\\/\\\/hundtgroup.com\\\/pl\\\/strona-glowna-nowa\\\/\"},{\"@type\":\"ListItem\",\"position\":2,\"name\":\"Sklep\",\"item\":\"https:\\\/\\\/hundtgroup.com\\\/sklep\\\/\"},{\"@type\":\"ListItem\",\"position\":3,\"name\":\"Zestaw startowy Bosch EXPERT 8,0 Ah 18V-160\"}]},{\"@type\":\"WebSite\",\"@id\":\"https:\\\/\\\/hundtgroup.com\\\/pl\\\/#website\",\"url\":\"https:\\\/\\\/hundtgroup.com\\\/pl\\\/\",\"name\":\"Wilhelm Hundt GmbH\",\"description\":\"Specjalista od maszyn i narz\u0119dzi do obr\u00f3bki blachy\",\"potentialAction\":[{\"@type\":\"SearchAction\",\"target\":{\"@type\":\"EntryPoint\",\"urlTemplate\":\"https:\\\/\\\/hundtgroup.com\\\/pl\\\/?s={search_term_string}\"},\"query-input\":{\"@type\":\"PropertyValueSpecification\",\"valueRequired\":true,\"valueName\":\"search_term_string\"}}],\"inLanguage\":\"pl-PL\"}]}<\/script>\n<!-- \/ Yoast SEO plugin. -->","yoast_head_json":{"title":"Zestaw startowy Bosch EXPERT 8,0 Ah 18V-160 - Wilhelm Hundt GmbH","robots":{"index":"index","follow":"follow","max-snippet":"max-snippet:-1","max-image-preview":"max-image-preview:large","max-video-preview":"max-video-preview:-1"},"canonical":"https:\/\/hundtgroup.com\/pl\/produkt\/zestaw-startowy-bosch-expert-80-ah-18v-160\/","og_locale":"pl_PL","og_type":"article","og_title":"Zestaw startowy Bosch EXPERT 8,0 Ah 18V-160 - Wilhelm Hundt GmbH","og_description":"Do 120% d\u0142u\u017cszy czas pracy ni\u017c w przypadku profesjonalnych akumulator\u00f3w GBA 18V 4.0Ah\u00b9 Ekstremalny czas pracy: Wyj\u0105tkowy czas ci\u0105g\u0142ej pracy w trudnych zastosowaniach Wydajne ogniwa bezobs\u0142ugowe: Ni\u017csza rezystancja wewn\u0119trzna dla maksymalnej mocy do 2400 W (w oparciu o wewn\u0119trzny test laboratoryjny, natychmiastowa maksymalna moc, w pe\u0142ni na\u0142adowana, nowa bateria) Ultraszybkie \u0142adowanie: Pe\u0142ne na\u0142adowanie akumulatora EXBA18V-80 [&hellip;]","og_url":"https:\/\/hundtgroup.com\/pl\/produkt\/zestaw-startowy-bosch-expert-80-ah-18v-160\/","og_site_name":"Wilhelm Hundt GmbH","og_image":[{"width":800,"height":800,"url":"https:\/\/hundtgroup.com\/wp-content\/uploads\/340865.jpg","type":"image\/jpeg"}],"twitter_card":"summary_large_image","schema":{"@context":"https:\/\/schema.org","@graph":[{"@type":"WebPage","@id":"https:\/\/hundtgroup.com\/pl\/produkt\/zestaw-startowy-bosch-expert-80-ah-18v-160\/","url":"https:\/\/hundtgroup.com\/pl\/produkt\/zestaw-startowy-bosch-expert-80-ah-18v-160\/","name":"Zestaw startowy Bosch EXPERT 8,0 Ah 18V-160 - Wilhelm Hundt GmbH","isPartOf":{"@id":"https:\/\/hundtgroup.com\/pl\/#website"},"primaryImageOfPage":{"@id":"https:\/\/hundtgroup.com\/pl\/produkt\/zestaw-startowy-bosch-expert-80-ah-18v-160\/#primaryimage"},"image":{"@id":"https:\/\/hundtgroup.com\/pl\/produkt\/zestaw-startowy-bosch-expert-80-ah-18v-160\/#primaryimage"},"thumbnailUrl":"https:\/\/hundtgroup.com\/wp-content\/uploads\/340865.jpg","datePublished":"2026-01-28T09:17:57+00:00","breadcrumb":{"@id":"https:\/\/hundtgroup.com\/pl\/produkt\/zestaw-startowy-bosch-expert-80-ah-18v-160\/#breadcrumb"},"inLanguage":"pl-PL","potentialAction":[{"@type":"ReadAction","target":["https:\/\/hundtgroup.com\/pl\/produkt\/zestaw-startowy-bosch-expert-80-ah-18v-160\/"]}]},{"@type":"ImageObject","inLanguage":"pl-PL","@id":"https:\/\/hundtgroup.com\/pl\/produkt\/zestaw-startowy-bosch-expert-80-ah-18v-160\/#primaryimage","url":"https:\/\/hundtgroup.com\/wp-content\/uploads\/340865.jpg","contentUrl":"https:\/\/hundtgroup.com\/wp-content\/uploads\/340865.jpg","width":800,"height":800},{"@type":"BreadcrumbList","@id":"https:\/\/hundtgroup.com\/pl\/produkt\/zestaw-startowy-bosch-expert-80-ah-18v-160\/#breadcrumb","itemListElement":[{"@type":"ListItem","position":1,"name":"Startseite","item":"https:\/\/hundtgroup.com\/pl\/strona-glowna-nowa\/"},{"@type":"ListItem","position":2,"name":"Sklep","item":"https:\/\/hundtgroup.com\/sklep\/"},{"@type":"ListItem","position":3,"name":"Zestaw startowy Bosch EXPERT 8,0 Ah 18V-160"}]},{"@type":"WebSite","@id":"https:\/\/hundtgroup.com\/pl\/#website","url":"https:\/\/hundtgroup.com\/pl\/","name":"Wilhelm Hundt GmbH","description":"Specjalista od maszyn i narz\u0119dzi do obr\u00f3bki blachy","potentialAction":[{"@type":"SearchAction","target":{"@type":"EntryPoint","urlTemplate":"https:\/\/hundtgroup.com\/pl\/?s={search_term_string}"},"query-input":{"@type":"PropertyValueSpecification","valueRequired":true,"valueName":"search_term_string"}}],"inLanguage":"pl-PL"}]}},"_links":{"self":[{"href":"https:\/\/hundtgroup.com\/pl\/wp-json\/wp\/v2\/product\/40923","targetHints":{"allow":["GET"]}}],"collection":[{"href":"https:\/\/hundtgroup.com\/pl\/wp-json\/wp\/v2\/product"}],"about":[{"href":"https:\/\/hundtgroup.com\/pl\/wp-json\/wp\/v2\/types\/product"}],"wp:featuredmedia":[{"embeddable":true,"href":"https:\/\/hundtgroup.com\/pl\/wp-json\/wp\/v2\/media\/40925"}],"wp:attachment":[{"href":"https:\/\/hundtgroup.com\/pl\/wp-json\/wp\/v2\/media?parent=40923"}],"wp:term":[{"taxonomy":"product_cat","embeddable":true,"href":"https:\/\/hundtgroup.com\/pl\/wp-json\/wp\/v2\/product_cat?post=40923"},{"taxonomy":"product_tag","embeddable":true,"href":"https:\/\/hundtgroup.com\/pl\/wp-json\/wp\/v2\/product_tag?post=40923"}],"curies":[{"name":"wp","href":"https:\/\/api.w.org\/{rel}","templated":true}]}}