{"id":40965,"date":"2026-01-28T10:18:01","date_gmt":"2026-01-28T09:18:01","guid":{"rendered":"https:\/\/hundtgroup.com\/produkt\/bosch-exmc600-17-cegi-pradowe\/"},"modified":"2026-01-28T10:18:01","modified_gmt":"2026-01-28T09:18:01","slug":"bosch-exmc600-17-cegi-pradowe","status":"publish","type":"product","link":"https:\/\/hundtgroup.com\/pl\/produkt\/bosch-exmc600-17-cegi-pradowe\/","title":{"rendered":"Bosch EXMC600-17 C\u0119gi pr\u0105dowe"},"content":{"rendered":"<p>Pomiar pr\u0105du AC\/DC True RMS, pomiar temperatury i podw\u00f3jne \u017ar\u00f3d\u0142o zasilania<br \/>\nWtykowy interfejs typu K: Pomiar temperatury od -40 do +400 \u00b0C<br \/>\nWszechstronna funkcjonalno\u015b\u0107: Pomiar pr\u0105du AC\/DC, pr\u0105du rozruchowego, cz\u0119stotliwo\u015bci, napi\u0119cia, pojemno\u015bci i wi\u0119cej<br \/>\nKompaktowa konstrukcja: \u0141atwa obs\u0142uga jedn\u0105 r\u0119k\u0105 i magnetyczne zawieszenie MH 1 Profesjonalny<br \/>\nOdpowiedni na place budowy: Zintegrowany bezdotykowy tester napi\u0119cia i latarka do s\u0142abych warunk\u00f3w o\u015bwietleniowych<\/p>\n","protected":false},"excerpt":{"rendered":"<p>Pomiar pr\u0105du AC\/DC True RMS, pomiar temperatury i podw\u00f3jne \u017ar\u00f3d\u0142o zasilania Wtykowy interfejs typu K: Pomiar temperatury od -40 do +400 \u00b0C Wszechstronna funkcjonalno\u015b\u0107: Pomiar pr\u0105du AC\/DC, pr\u0105du rozruchowego, cz\u0119stotliwo\u015bci, napi\u0119cia, pojemno\u015bci i wi\u0119cej Kompaktowa konstrukcja: \u0141atwa obs\u0142uga jedn\u0105 r\u0119k\u0105 i magnetyczne zawieszenie MH 1 Profesjonalny Odpowiedni na place budowy: Zintegrowany bezdotykowy tester napi\u0119cia i [&hellip;]<\/p>\n","protected":false},"featured_media":40968,"template":"","meta":{"_acf_changed":false,"inline_featured_image":false},"product_cat":[3296,660],"product_tag":[],"class_list":{"0":"post-40965","1":"product","2":"type-product","3":"status-publish","4":"has-post-thumbnail","6":"brand-bosch-expert","7":"product_cat-zacisk-pradowy","8":"product_cat-elektronarzedzia","10":"first","11":"instock","12":"taxable","13":"shipping-taxable","14":"purchasable","15":"product-type-simple","16":"add-to-wishlist-before_image"},"acf":[],"yoast_head":"<!-- This site is optimized with the Yoast SEO plugin v27.3 - https:\/\/yoast.com\/product\/yoast-seo-wordpress\/ -->\n<title>Bosch EXMC600-17 C\u0119gi pr\u0105dowe - Wilhelm Hundt GmbH<\/title>\n<meta name=\"robots\" content=\"index, follow, max-snippet:-1, max-image-preview:large, max-video-preview:-1\" \/>\n<link rel=\"canonical\" href=\"https:\/\/hundtgroup.com\/pl\/produkt\/bosch-exmc600-17-cegi-pradowe\/\" \/>\n<meta property=\"og:locale\" content=\"pl_PL\" \/>\n<meta property=\"og:type\" content=\"article\" \/>\n<meta property=\"og:title\" content=\"Bosch EXMC600-17 C\u0119gi pr\u0105dowe - Wilhelm Hundt GmbH\" \/>\n<meta property=\"og:description\" content=\"Pomiar pr\u0105du AC\/DC True RMS, pomiar temperatury i podw\u00f3jne \u017ar\u00f3d\u0142o zasilania Wtykowy interfejs typu K: Pomiar temperatury od -40 do +400 \u00b0C Wszechstronna funkcjonalno\u015b\u0107: Pomiar pr\u0105du AC\/DC, pr\u0105du rozruchowego, cz\u0119stotliwo\u015bci, napi\u0119cia, pojemno\u015bci i wi\u0119cej Kompaktowa konstrukcja: \u0141atwa obs\u0142uga jedn\u0105 r\u0119k\u0105 i magnetyczne zawieszenie MH 1 Profesjonalny Odpowiedni na place budowy: Zintegrowany bezdotykowy tester napi\u0119cia i [&hellip;]\" \/>\n<meta property=\"og:url\" content=\"https:\/\/hundtgroup.com\/pl\/produkt\/bosch-exmc600-17-cegi-pradowe\/\" \/>\n<meta property=\"og:site_name\" content=\"Wilhelm Hundt GmbH\" \/>\n<meta property=\"og:image\" content=\"https:\/\/hundtgroup.com\/wp-content\/uploads\/340876.jpg\" \/>\n\t<meta property=\"og:image:width\" content=\"1021\" \/>\n\t<meta property=\"og:image:height\" content=\"972\" \/>\n\t<meta property=\"og:image:type\" content=\"image\/jpeg\" \/>\n<meta name=\"twitter:card\" content=\"summary_large_image\" \/>\n<script type=\"application\/ld+json\" class=\"yoast-schema-graph\">{\"@context\":\"https:\\\/\\\/schema.org\",\"@graph\":[{\"@type\":\"WebPage\",\"@id\":\"https:\\\/\\\/hundtgroup.com\\\/pl\\\/produkt\\\/bosch-exmc600-17-cegi-pradowe\\\/\",\"url\":\"https:\\\/\\\/hundtgroup.com\\\/pl\\\/produkt\\\/bosch-exmc600-17-cegi-pradowe\\\/\",\"name\":\"Bosch EXMC600-17 C\u0119gi pr\u0105dowe - Wilhelm Hundt GmbH\",\"isPartOf\":{\"@id\":\"https:\\\/\\\/hundtgroup.com\\\/pl\\\/#website\"},\"primaryImageOfPage\":{\"@id\":\"https:\\\/\\\/hundtgroup.com\\\/pl\\\/produkt\\\/bosch-exmc600-17-cegi-pradowe\\\/#primaryimage\"},\"image\":{\"@id\":\"https:\\\/\\\/hundtgroup.com\\\/pl\\\/produkt\\\/bosch-exmc600-17-cegi-pradowe\\\/#primaryimage\"},\"thumbnailUrl\":\"https:\\\/\\\/hundtgroup.com\\\/wp-content\\\/uploads\\\/340876.jpg\",\"datePublished\":\"2026-01-28T09:18:01+00:00\",\"breadcrumb\":{\"@id\":\"https:\\\/\\\/hundtgroup.com\\\/pl\\\/produkt\\\/bosch-exmc600-17-cegi-pradowe\\\/#breadcrumb\"},\"inLanguage\":\"pl-PL\",\"potentialAction\":[{\"@type\":\"ReadAction\",\"target\":[\"https:\\\/\\\/hundtgroup.com\\\/pl\\\/produkt\\\/bosch-exmc600-17-cegi-pradowe\\\/\"]}]},{\"@type\":\"ImageObject\",\"inLanguage\":\"pl-PL\",\"@id\":\"https:\\\/\\\/hundtgroup.com\\\/pl\\\/produkt\\\/bosch-exmc600-17-cegi-pradowe\\\/#primaryimage\",\"url\":\"https:\\\/\\\/hundtgroup.com\\\/wp-content\\\/uploads\\\/340876.jpg\",\"contentUrl\":\"https:\\\/\\\/hundtgroup.com\\\/wp-content\\\/uploads\\\/340876.jpg\",\"width\":1021,\"height\":972},{\"@type\":\"BreadcrumbList\",\"@id\":\"https:\\\/\\\/hundtgroup.com\\\/pl\\\/produkt\\\/bosch-exmc600-17-cegi-pradowe\\\/#breadcrumb\",\"itemListElement\":[{\"@type\":\"ListItem\",\"position\":1,\"name\":\"Startseite\",\"item\":\"https:\\\/\\\/hundtgroup.com\\\/pl\\\/strona-glowna-nowa\\\/\"},{\"@type\":\"ListItem\",\"position\":2,\"name\":\"Sklep\",\"item\":\"https:\\\/\\\/hundtgroup.com\\\/sklep\\\/\"},{\"@type\":\"ListItem\",\"position\":3,\"name\":\"Bosch EXMC600-17 C\u0119gi pr\u0105dowe\"}]},{\"@type\":\"WebSite\",\"@id\":\"https:\\\/\\\/hundtgroup.com\\\/pl\\\/#website\",\"url\":\"https:\\\/\\\/hundtgroup.com\\\/pl\\\/\",\"name\":\"Wilhelm Hundt GmbH\",\"description\":\"Specjalista od maszyn i narz\u0119dzi do obr\u00f3bki blachy\",\"potentialAction\":[{\"@type\":\"SearchAction\",\"target\":{\"@type\":\"EntryPoint\",\"urlTemplate\":\"https:\\\/\\\/hundtgroup.com\\\/pl\\\/?s={search_term_string}\"},\"query-input\":{\"@type\":\"PropertyValueSpecification\",\"valueRequired\":true,\"valueName\":\"search_term_string\"}}],\"inLanguage\":\"pl-PL\"}]}<\/script>\n<!-- \/ Yoast SEO plugin. -->","yoast_head_json":{"title":"Bosch EXMC600-17 C\u0119gi pr\u0105dowe - Wilhelm Hundt GmbH","robots":{"index":"index","follow":"follow","max-snippet":"max-snippet:-1","max-image-preview":"max-image-preview:large","max-video-preview":"max-video-preview:-1"},"canonical":"https:\/\/hundtgroup.com\/pl\/produkt\/bosch-exmc600-17-cegi-pradowe\/","og_locale":"pl_PL","og_type":"article","og_title":"Bosch EXMC600-17 C\u0119gi pr\u0105dowe - Wilhelm Hundt GmbH","og_description":"Pomiar pr\u0105du AC\/DC True RMS, pomiar temperatury i podw\u00f3jne \u017ar\u00f3d\u0142o zasilania Wtykowy interfejs typu K: Pomiar temperatury od -40 do +400 \u00b0C Wszechstronna funkcjonalno\u015b\u0107: Pomiar pr\u0105du AC\/DC, pr\u0105du rozruchowego, cz\u0119stotliwo\u015bci, napi\u0119cia, pojemno\u015bci i wi\u0119cej Kompaktowa konstrukcja: \u0141atwa obs\u0142uga jedn\u0105 r\u0119k\u0105 i magnetyczne zawieszenie MH 1 Profesjonalny Odpowiedni na place budowy: Zintegrowany bezdotykowy tester napi\u0119cia i [&hellip;]","og_url":"https:\/\/hundtgroup.com\/pl\/produkt\/bosch-exmc600-17-cegi-pradowe\/","og_site_name":"Wilhelm Hundt GmbH","og_image":[{"width":1021,"height":972,"url":"https:\/\/hundtgroup.com\/wp-content\/uploads\/340876.jpg","type":"image\/jpeg"}],"twitter_card":"summary_large_image","schema":{"@context":"https:\/\/schema.org","@graph":[{"@type":"WebPage","@id":"https:\/\/hundtgroup.com\/pl\/produkt\/bosch-exmc600-17-cegi-pradowe\/","url":"https:\/\/hundtgroup.com\/pl\/produkt\/bosch-exmc600-17-cegi-pradowe\/","name":"Bosch EXMC600-17 C\u0119gi pr\u0105dowe - Wilhelm Hundt GmbH","isPartOf":{"@id":"https:\/\/hundtgroup.com\/pl\/#website"},"primaryImageOfPage":{"@id":"https:\/\/hundtgroup.com\/pl\/produkt\/bosch-exmc600-17-cegi-pradowe\/#primaryimage"},"image":{"@id":"https:\/\/hundtgroup.com\/pl\/produkt\/bosch-exmc600-17-cegi-pradowe\/#primaryimage"},"thumbnailUrl":"https:\/\/hundtgroup.com\/wp-content\/uploads\/340876.jpg","datePublished":"2026-01-28T09:18:01+00:00","breadcrumb":{"@id":"https:\/\/hundtgroup.com\/pl\/produkt\/bosch-exmc600-17-cegi-pradowe\/#breadcrumb"},"inLanguage":"pl-PL","potentialAction":[{"@type":"ReadAction","target":["https:\/\/hundtgroup.com\/pl\/produkt\/bosch-exmc600-17-cegi-pradowe\/"]}]},{"@type":"ImageObject","inLanguage":"pl-PL","@id":"https:\/\/hundtgroup.com\/pl\/produkt\/bosch-exmc600-17-cegi-pradowe\/#primaryimage","url":"https:\/\/hundtgroup.com\/wp-content\/uploads\/340876.jpg","contentUrl":"https:\/\/hundtgroup.com\/wp-content\/uploads\/340876.jpg","width":1021,"height":972},{"@type":"BreadcrumbList","@id":"https:\/\/hundtgroup.com\/pl\/produkt\/bosch-exmc600-17-cegi-pradowe\/#breadcrumb","itemListElement":[{"@type":"ListItem","position":1,"name":"Startseite","item":"https:\/\/hundtgroup.com\/pl\/strona-glowna-nowa\/"},{"@type":"ListItem","position":2,"name":"Sklep","item":"https:\/\/hundtgroup.com\/sklep\/"},{"@type":"ListItem","position":3,"name":"Bosch EXMC600-17 C\u0119gi pr\u0105dowe"}]},{"@type":"WebSite","@id":"https:\/\/hundtgroup.com\/pl\/#website","url":"https:\/\/hundtgroup.com\/pl\/","name":"Wilhelm Hundt GmbH","description":"Specjalista od maszyn i narz\u0119dzi do obr\u00f3bki blachy","potentialAction":[{"@type":"SearchAction","target":{"@type":"EntryPoint","urlTemplate":"https:\/\/hundtgroup.com\/pl\/?s={search_term_string}"},"query-input":{"@type":"PropertyValueSpecification","valueRequired":true,"valueName":"search_term_string"}}],"inLanguage":"pl-PL"}]}},"_links":{"self":[{"href":"https:\/\/hundtgroup.com\/pl\/wp-json\/wp\/v2\/product\/40965","targetHints":{"allow":["GET"]}}],"collection":[{"href":"https:\/\/hundtgroup.com\/pl\/wp-json\/wp\/v2\/product"}],"about":[{"href":"https:\/\/hundtgroup.com\/pl\/wp-json\/wp\/v2\/types\/product"}],"wp:featuredmedia":[{"embeddable":true,"href":"https:\/\/hundtgroup.com\/pl\/wp-json\/wp\/v2\/media\/40968"}],"wp:attachment":[{"href":"https:\/\/hundtgroup.com\/pl\/wp-json\/wp\/v2\/media?parent=40965"}],"wp:term":[{"taxonomy":"product_cat","embeddable":true,"href":"https:\/\/hundtgroup.com\/pl\/wp-json\/wp\/v2\/product_cat?post=40965"},{"taxonomy":"product_tag","embeddable":true,"href":"https:\/\/hundtgroup.com\/pl\/wp-json\/wp\/v2\/product_tag?post=40965"}],"curies":[{"name":"wp","href":"https:\/\/api.w.org\/{rel}","templated":true}]}}