{"id":41104,"date":"2026-01-28T10:17:39","date_gmt":"2026-01-28T09:17:39","guid":{"rendered":"https:\/\/hundtgroup.com\/produkt\/akumulatorowy-klucz-udarowy-bosch-exdr18v-230-solo\/"},"modified":"2026-01-28T10:17:39","modified_gmt":"2026-01-28T09:17:39","slug":"akumulatorowy-klucz-udarowy-bosch-exdr18v-230-solo","status":"publish","type":"product","link":"https:\/\/hundtgroup.com\/pl\/produkt\/akumulatorowy-klucz-udarowy-bosch-exdr18v-230-solo\/","title":{"rendered":"Akumulatorowy klucz udarowy Bosch EXDR18V-230 solo"},"content":{"rendered":"<p>Optymalne po\u0142\u0105czenie mocy, kompaktowo\u015bci i kontroli.<br \/>\nEkstremalna moc: Bezszczotkowy silnik zapewnia pot\u0119\u017cny moment obrotowy 230 Nm i do 3400 obr\/min dla wydajnej pracy<br \/>\nKompaktowa konstrukcja: Niezwykle kompaktowa g\u0142owica o d\u0142ugo\u015bci 113 mm do pracy w ciasnych przestrzeniach<br \/>\nMaksymalna kontrola: Wszechstronna i precyzyjna dzi\u0119ki 5 ustawieniom pr\u0119dko\u015bci; maksymalna kontrola dzi\u0119ki 3 trybom wkr\u0119cania, kt\u00f3re mo\u017cna wybra\u0107 na narz\u0119dziu<br \/>\nWk\u0142adanie ko\u0144c\u00f3wki jedn\u0105 r\u0119k\u0105: Wi\u0119kszy komfort dzi\u0119ki jednor\u0119cznemu wk\u0142adaniu ko\u0144c\u00f3wki<\/p>\n","protected":false},"excerpt":{"rendered":"<p>Optymalne po\u0142\u0105czenie mocy, kompaktowo\u015bci i kontroli. Ekstremalna moc: Bezszczotkowy silnik zapewnia pot\u0119\u017cny moment obrotowy 230 Nm i do 3400 obr\/min dla wydajnej pracy Kompaktowa konstrukcja: Niezwykle kompaktowa g\u0142owica o d\u0142ugo\u015bci 113 mm do pracy w ciasnych przestrzeniach Maksymalna kontrola: Wszechstronna i precyzyjna dzi\u0119ki 5 ustawieniom pr\u0119dko\u015bci; maksymalna kontrola dzi\u0119ki 3 trybom wkr\u0119cania, kt\u00f3re mo\u017cna wybra\u0107 [&hellip;]<\/p>\n","protected":false},"featured_media":41106,"template":"","meta":{"_acf_changed":false,"inline_featured_image":false},"product_cat":[3324,691],"product_tag":[],"class_list":{"0":"post-41104","1":"product","2":"type-product","3":"status-publish","4":"has-post-thumbnail","6":"brand-bosch-expert","7":"product_cat-klucz-udarowy","8":"product_cat-narzedzia-akumulatorowe","10":"first","11":"instock","12":"taxable","13":"shipping-taxable","14":"purchasable","15":"product-type-simple","16":"add-to-wishlist-before_image"},"acf":[],"yoast_head":"<!-- This site is optimized with the Yoast SEO plugin v27.3 - https:\/\/yoast.com\/product\/yoast-seo-wordpress\/ -->\n<title>Akumulatorowy klucz udarowy Bosch EXDR18V-230 solo - Wilhelm Hundt GmbH<\/title>\n<meta name=\"robots\" content=\"index, follow, max-snippet:-1, max-image-preview:large, max-video-preview:-1\" \/>\n<link rel=\"canonical\" href=\"https:\/\/hundtgroup.com\/pl\/produkt\/akumulatorowy-klucz-udarowy-bosch-exdr18v-230-solo\/\" \/>\n<meta property=\"og:locale\" content=\"pl_PL\" \/>\n<meta property=\"og:type\" content=\"article\" \/>\n<meta property=\"og:title\" content=\"Akumulatorowy klucz udarowy Bosch EXDR18V-230 solo - Wilhelm Hundt GmbH\" \/>\n<meta property=\"og:description\" content=\"Optymalne po\u0142\u0105czenie mocy, kompaktowo\u015bci i kontroli. Ekstremalna moc: Bezszczotkowy silnik zapewnia pot\u0119\u017cny moment obrotowy 230 Nm i do 3400 obr\/min dla wydajnej pracy Kompaktowa konstrukcja: Niezwykle kompaktowa g\u0142owica o d\u0142ugo\u015bci 113 mm do pracy w ciasnych przestrzeniach Maksymalna kontrola: Wszechstronna i precyzyjna dzi\u0119ki 5 ustawieniom pr\u0119dko\u015bci; maksymalna kontrola dzi\u0119ki 3 trybom wkr\u0119cania, kt\u00f3re mo\u017cna wybra\u0107 [&hellip;]\" \/>\n<meta property=\"og:url\" content=\"https:\/\/hundtgroup.com\/pl\/produkt\/akumulatorowy-klucz-udarowy-bosch-exdr18v-230-solo\/\" \/>\n<meta property=\"og:site_name\" content=\"Wilhelm Hundt GmbH\" \/>\n<meta property=\"og:image\" content=\"https:\/\/hundtgroup.com\/wp-content\/uploads\/340820.jpg\" \/>\n\t<meta property=\"og:image:width\" content=\"600\" \/>\n\t<meta property=\"og:image:height\" content=\"600\" \/>\n\t<meta property=\"og:image:type\" content=\"image\/jpeg\" \/>\n<meta name=\"twitter:card\" content=\"summary_large_image\" \/>\n<script type=\"application\/ld+json\" class=\"yoast-schema-graph\">{\"@context\":\"https:\\\/\\\/schema.org\",\"@graph\":[{\"@type\":\"WebPage\",\"@id\":\"https:\\\/\\\/hundtgroup.com\\\/pl\\\/produkt\\\/akumulatorowy-klucz-udarowy-bosch-exdr18v-230-solo\\\/\",\"url\":\"https:\\\/\\\/hundtgroup.com\\\/pl\\\/produkt\\\/akumulatorowy-klucz-udarowy-bosch-exdr18v-230-solo\\\/\",\"name\":\"Akumulatorowy klucz udarowy Bosch EXDR18V-230 solo - Wilhelm Hundt GmbH\",\"isPartOf\":{\"@id\":\"https:\\\/\\\/hundtgroup.com\\\/pl\\\/#website\"},\"primaryImageOfPage\":{\"@id\":\"https:\\\/\\\/hundtgroup.com\\\/pl\\\/produkt\\\/akumulatorowy-klucz-udarowy-bosch-exdr18v-230-solo\\\/#primaryimage\"},\"image\":{\"@id\":\"https:\\\/\\\/hundtgroup.com\\\/pl\\\/produkt\\\/akumulatorowy-klucz-udarowy-bosch-exdr18v-230-solo\\\/#primaryimage\"},\"thumbnailUrl\":\"https:\\\/\\\/hundtgroup.com\\\/wp-content\\\/uploads\\\/340820.jpg\",\"datePublished\":\"2026-01-28T09:17:39+00:00\",\"breadcrumb\":{\"@id\":\"https:\\\/\\\/hundtgroup.com\\\/pl\\\/produkt\\\/akumulatorowy-klucz-udarowy-bosch-exdr18v-230-solo\\\/#breadcrumb\"},\"inLanguage\":\"pl-PL\",\"potentialAction\":[{\"@type\":\"ReadAction\",\"target\":[\"https:\\\/\\\/hundtgroup.com\\\/pl\\\/produkt\\\/akumulatorowy-klucz-udarowy-bosch-exdr18v-230-solo\\\/\"]}]},{\"@type\":\"ImageObject\",\"inLanguage\":\"pl-PL\",\"@id\":\"https:\\\/\\\/hundtgroup.com\\\/pl\\\/produkt\\\/akumulatorowy-klucz-udarowy-bosch-exdr18v-230-solo\\\/#primaryimage\",\"url\":\"https:\\\/\\\/hundtgroup.com\\\/wp-content\\\/uploads\\\/340820.jpg\",\"contentUrl\":\"https:\\\/\\\/hundtgroup.com\\\/wp-content\\\/uploads\\\/340820.jpg\",\"width\":600,\"height\":600},{\"@type\":\"BreadcrumbList\",\"@id\":\"https:\\\/\\\/hundtgroup.com\\\/pl\\\/produkt\\\/akumulatorowy-klucz-udarowy-bosch-exdr18v-230-solo\\\/#breadcrumb\",\"itemListElement\":[{\"@type\":\"ListItem\",\"position\":1,\"name\":\"Startseite\",\"item\":\"https:\\\/\\\/hundtgroup.com\\\/pl\\\/strona-glowna-nowa\\\/\"},{\"@type\":\"ListItem\",\"position\":2,\"name\":\"Sklep\",\"item\":\"https:\\\/\\\/hundtgroup.com\\\/sklep\\\/\"},{\"@type\":\"ListItem\",\"position\":3,\"name\":\"Akumulatorowy klucz udarowy Bosch EXDR18V-230 solo\"}]},{\"@type\":\"WebSite\",\"@id\":\"https:\\\/\\\/hundtgroup.com\\\/pl\\\/#website\",\"url\":\"https:\\\/\\\/hundtgroup.com\\\/pl\\\/\",\"name\":\"Wilhelm Hundt GmbH\",\"description\":\"Specjalista od maszyn i narz\u0119dzi do obr\u00f3bki blachy\",\"potentialAction\":[{\"@type\":\"SearchAction\",\"target\":{\"@type\":\"EntryPoint\",\"urlTemplate\":\"https:\\\/\\\/hundtgroup.com\\\/pl\\\/?s={search_term_string}\"},\"query-input\":{\"@type\":\"PropertyValueSpecification\",\"valueRequired\":true,\"valueName\":\"search_term_string\"}}],\"inLanguage\":\"pl-PL\"}]}<\/script>\n<!-- \/ Yoast SEO plugin. -->","yoast_head_json":{"title":"Akumulatorowy klucz udarowy Bosch EXDR18V-230 solo - Wilhelm Hundt GmbH","robots":{"index":"index","follow":"follow","max-snippet":"max-snippet:-1","max-image-preview":"max-image-preview:large","max-video-preview":"max-video-preview:-1"},"canonical":"https:\/\/hundtgroup.com\/pl\/produkt\/akumulatorowy-klucz-udarowy-bosch-exdr18v-230-solo\/","og_locale":"pl_PL","og_type":"article","og_title":"Akumulatorowy klucz udarowy Bosch EXDR18V-230 solo - Wilhelm Hundt GmbH","og_description":"Optymalne po\u0142\u0105czenie mocy, kompaktowo\u015bci i kontroli. Ekstremalna moc: Bezszczotkowy silnik zapewnia pot\u0119\u017cny moment obrotowy 230 Nm i do 3400 obr\/min dla wydajnej pracy Kompaktowa konstrukcja: Niezwykle kompaktowa g\u0142owica o d\u0142ugo\u015bci 113 mm do pracy w ciasnych przestrzeniach Maksymalna kontrola: Wszechstronna i precyzyjna dzi\u0119ki 5 ustawieniom pr\u0119dko\u015bci; maksymalna kontrola dzi\u0119ki 3 trybom wkr\u0119cania, kt\u00f3re mo\u017cna wybra\u0107 [&hellip;]","og_url":"https:\/\/hundtgroup.com\/pl\/produkt\/akumulatorowy-klucz-udarowy-bosch-exdr18v-230-solo\/","og_site_name":"Wilhelm Hundt GmbH","og_image":[{"width":600,"height":600,"url":"https:\/\/hundtgroup.com\/wp-content\/uploads\/340820.jpg","type":"image\/jpeg"}],"twitter_card":"summary_large_image","schema":{"@context":"https:\/\/schema.org","@graph":[{"@type":"WebPage","@id":"https:\/\/hundtgroup.com\/pl\/produkt\/akumulatorowy-klucz-udarowy-bosch-exdr18v-230-solo\/","url":"https:\/\/hundtgroup.com\/pl\/produkt\/akumulatorowy-klucz-udarowy-bosch-exdr18v-230-solo\/","name":"Akumulatorowy klucz udarowy Bosch EXDR18V-230 solo - Wilhelm Hundt GmbH","isPartOf":{"@id":"https:\/\/hundtgroup.com\/pl\/#website"},"primaryImageOfPage":{"@id":"https:\/\/hundtgroup.com\/pl\/produkt\/akumulatorowy-klucz-udarowy-bosch-exdr18v-230-solo\/#primaryimage"},"image":{"@id":"https:\/\/hundtgroup.com\/pl\/produkt\/akumulatorowy-klucz-udarowy-bosch-exdr18v-230-solo\/#primaryimage"},"thumbnailUrl":"https:\/\/hundtgroup.com\/wp-content\/uploads\/340820.jpg","datePublished":"2026-01-28T09:17:39+00:00","breadcrumb":{"@id":"https:\/\/hundtgroup.com\/pl\/produkt\/akumulatorowy-klucz-udarowy-bosch-exdr18v-230-solo\/#breadcrumb"},"inLanguage":"pl-PL","potentialAction":[{"@type":"ReadAction","target":["https:\/\/hundtgroup.com\/pl\/produkt\/akumulatorowy-klucz-udarowy-bosch-exdr18v-230-solo\/"]}]},{"@type":"ImageObject","inLanguage":"pl-PL","@id":"https:\/\/hundtgroup.com\/pl\/produkt\/akumulatorowy-klucz-udarowy-bosch-exdr18v-230-solo\/#primaryimage","url":"https:\/\/hundtgroup.com\/wp-content\/uploads\/340820.jpg","contentUrl":"https:\/\/hundtgroup.com\/wp-content\/uploads\/340820.jpg","width":600,"height":600},{"@type":"BreadcrumbList","@id":"https:\/\/hundtgroup.com\/pl\/produkt\/akumulatorowy-klucz-udarowy-bosch-exdr18v-230-solo\/#breadcrumb","itemListElement":[{"@type":"ListItem","position":1,"name":"Startseite","item":"https:\/\/hundtgroup.com\/pl\/strona-glowna-nowa\/"},{"@type":"ListItem","position":2,"name":"Sklep","item":"https:\/\/hundtgroup.com\/sklep\/"},{"@type":"ListItem","position":3,"name":"Akumulatorowy klucz udarowy Bosch EXDR18V-230 solo"}]},{"@type":"WebSite","@id":"https:\/\/hundtgroup.com\/pl\/#website","url":"https:\/\/hundtgroup.com\/pl\/","name":"Wilhelm Hundt GmbH","description":"Specjalista od maszyn i narz\u0119dzi do obr\u00f3bki blachy","potentialAction":[{"@type":"SearchAction","target":{"@type":"EntryPoint","urlTemplate":"https:\/\/hundtgroup.com\/pl\/?s={search_term_string}"},"query-input":{"@type":"PropertyValueSpecification","valueRequired":true,"valueName":"search_term_string"}}],"inLanguage":"pl-PL"}]}},"_links":{"self":[{"href":"https:\/\/hundtgroup.com\/pl\/wp-json\/wp\/v2\/product\/41104","targetHints":{"allow":["GET"]}}],"collection":[{"href":"https:\/\/hundtgroup.com\/pl\/wp-json\/wp\/v2\/product"}],"about":[{"href":"https:\/\/hundtgroup.com\/pl\/wp-json\/wp\/v2\/types\/product"}],"wp:featuredmedia":[{"embeddable":true,"href":"https:\/\/hundtgroup.com\/pl\/wp-json\/wp\/v2\/media\/41106"}],"wp:attachment":[{"href":"https:\/\/hundtgroup.com\/pl\/wp-json\/wp\/v2\/media?parent=41104"}],"wp:term":[{"taxonomy":"product_cat","embeddable":true,"href":"https:\/\/hundtgroup.com\/pl\/wp-json\/wp\/v2\/product_cat?post=41104"},{"taxonomy":"product_tag","embeddable":true,"href":"https:\/\/hundtgroup.com\/pl\/wp-json\/wp\/v2\/product_tag?post=41104"}],"curies":[{"name":"wp","href":"https:\/\/api.w.org\/{rel}","templated":true}]}}