{"id":41270,"date":"2026-01-28T10:17:44","date_gmt":"2026-01-28T09:17:44","guid":{"rendered":"https:\/\/hundtgroup.com\/produkt\/akumulatorowa-wiertarko-wkretarka-udarowa-bosch-exsb18v-90-3x-40-ah\/"},"modified":"2026-01-28T10:17:44","modified_gmt":"2026-01-28T09:17:44","slug":"akumulatorowa-wiertarko-wkretarka-udarowa-bosch-exsb18v-90-3x-40-ah","status":"publish","type":"product","link":"https:\/\/hundtgroup.com\/pl\/produkt\/akumulatorowa-wiertarko-wkretarka-udarowa-bosch-exsb18v-90-3x-40-ah\/","title":{"rendered":"Akumulatorowa wiertarko-wkr\u0119tarka udarowa Bosch EXSB18V-90 3x 4,0 Ah"},"content":{"rendered":"<p>Optymalne po\u0142\u0105czenie mocy, kompaktowo\u015bci i zaawansowanej ochrony\u00b9<br \/>\nWszechstronna moc: Mocny silnik bezszczotkowy zapewnia wyj\u0105tkow\u0105 wydajno\u015b\u0107 z mi\u0119kkim\/twardym momentem obrotowym 36\/65 Nm, 2100 1\/min i 29.500 bpm dla szybkiej i efektywnej pracy w murze<br \/>\nKompaktowa moc: d\u0142ugo\u015b\u0107 g\u0142owicy 175 mm i metalowy uchwyt wiertarski 13 mm dla wi\u0119kszej wytrzyma\u0142o\u015bci i lepszego przenoszenia momentu obrotowego<br \/>\nZaawansowana ochrona u\u017cytkownika: KickBack Control (w\u0142\u0105czanie\/wy\u0142\u0105czanie) minimalizuje ryzyko obra\u017ce\u0144, wy\u0142\u0105czaj\u0105c si\u0119 w przypadku zablokowania wiert\u0142a<br \/>\nNiezr\u00f3wnana kontrola nad narz\u0119dziem: Precyzyjne sprz\u0119g\u0142o (w\u0142\u0105czanie\/wy\u0142\u0105czanie) zatrzymuje nadmierne blokowanie w razie potrzeby i daje swobod\u0119 dostosowania narz\u0119dzia do w\u0142asnych wymaga\u0144.<\/p>\n","protected":false},"excerpt":{"rendered":"<p>Optymalne po\u0142\u0105czenie mocy, kompaktowo\u015bci i zaawansowanej ochrony\u00b9 Wszechstronna moc: Mocny silnik bezszczotkowy zapewnia wyj\u0105tkow\u0105 wydajno\u015b\u0107 z mi\u0119kkim\/twardym momentem obrotowym 36\/65 Nm, 2100 1\/min i 29.500 bpm dla szybkiej i efektywnej pracy w murze Kompaktowa moc: d\u0142ugo\u015b\u0107 g\u0142owicy 175 mm i metalowy uchwyt wiertarski 13 mm dla wi\u0119kszej wytrzyma\u0142o\u015bci i lepszego przenoszenia momentu obrotowego Zaawansowana ochrona [&hellip;]<\/p>\n","protected":false},"featured_media":41272,"template":"","meta":{"_acf_changed":false,"inline_featured_image":false},"product_cat":[3261,691],"product_tag":[],"class_list":{"0":"post-41270","1":"product","2":"type-product","3":"status-publish","4":"has-post-thumbnail","6":"brand-bosch-expert","7":"product_cat-wiertarka-udarowa","8":"product_cat-narzedzia-akumulatorowe","10":"first","11":"instock","12":"taxable","13":"shipping-taxable","14":"purchasable","15":"product-type-simple","16":"add-to-wishlist-before_image"},"acf":[],"yoast_head":"<!-- This site is optimized with the Yoast SEO plugin v27.3 - https:\/\/yoast.com\/product\/yoast-seo-wordpress\/ -->\n<title>Akumulatorowa wiertarko-wkr\u0119tarka udarowa Bosch EXSB18V-90 3x 4,0 Ah - Wilhelm Hundt GmbH<\/title>\n<meta name=\"robots\" content=\"index, follow, max-snippet:-1, max-image-preview:large, max-video-preview:-1\" \/>\n<link rel=\"canonical\" href=\"https:\/\/hundtgroup.com\/pl\/produkt\/akumulatorowa-wiertarko-wkretarka-udarowa-bosch-exsb18v-90-3x-40-ah\/\" \/>\n<meta property=\"og:locale\" content=\"pl_PL\" \/>\n<meta property=\"og:type\" content=\"article\" \/>\n<meta property=\"og:title\" content=\"Akumulatorowa wiertarko-wkr\u0119tarka udarowa Bosch EXSB18V-90 3x 4,0 Ah - Wilhelm Hundt GmbH\" \/>\n<meta property=\"og:description\" content=\"Optymalne po\u0142\u0105czenie mocy, kompaktowo\u015bci i zaawansowanej ochrony\u00b9 Wszechstronna moc: Mocny silnik bezszczotkowy zapewnia wyj\u0105tkow\u0105 wydajno\u015b\u0107 z mi\u0119kkim\/twardym momentem obrotowym 36\/65 Nm, 2100 1\/min i 29.500 bpm dla szybkiej i efektywnej pracy w murze Kompaktowa moc: d\u0142ugo\u015b\u0107 g\u0142owicy 175 mm i metalowy uchwyt wiertarski 13 mm dla wi\u0119kszej wytrzyma\u0142o\u015bci i lepszego przenoszenia momentu obrotowego Zaawansowana ochrona [&hellip;]\" \/>\n<meta property=\"og:url\" content=\"https:\/\/hundtgroup.com\/pl\/produkt\/akumulatorowa-wiertarko-wkretarka-udarowa-bosch-exsb18v-90-3x-40-ah\/\" \/>\n<meta property=\"og:site_name\" content=\"Wilhelm Hundt GmbH\" \/>\n<meta property=\"og:image\" content=\"https:\/\/hundtgroup.com\/wp-content\/uploads\/340833.jpg\" \/>\n\t<meta property=\"og:image:width\" content=\"600\" \/>\n\t<meta property=\"og:image:height\" content=\"600\" \/>\n\t<meta property=\"og:image:type\" content=\"image\/jpeg\" \/>\n<meta name=\"twitter:card\" content=\"summary_large_image\" \/>\n<meta name=\"twitter:label1\" content=\"Szacowany czas czytania\" \/>\n\t<meta name=\"twitter:data1\" content=\"1 minuta\" \/>\n<script type=\"application\/ld+json\" class=\"yoast-schema-graph\">{\"@context\":\"https:\\\/\\\/schema.org\",\"@graph\":[{\"@type\":\"WebPage\",\"@id\":\"https:\\\/\\\/hundtgroup.com\\\/pl\\\/produkt\\\/akumulatorowa-wiertarko-wkretarka-udarowa-bosch-exsb18v-90-3x-40-ah\\\/\",\"url\":\"https:\\\/\\\/hundtgroup.com\\\/pl\\\/produkt\\\/akumulatorowa-wiertarko-wkretarka-udarowa-bosch-exsb18v-90-3x-40-ah\\\/\",\"name\":\"Akumulatorowa wiertarko-wkr\u0119tarka udarowa Bosch EXSB18V-90 3x 4,0 Ah - Wilhelm Hundt GmbH\",\"isPartOf\":{\"@id\":\"https:\\\/\\\/hundtgroup.com\\\/pl\\\/#website\"},\"primaryImageOfPage\":{\"@id\":\"https:\\\/\\\/hundtgroup.com\\\/pl\\\/produkt\\\/akumulatorowa-wiertarko-wkretarka-udarowa-bosch-exsb18v-90-3x-40-ah\\\/#primaryimage\"},\"image\":{\"@id\":\"https:\\\/\\\/hundtgroup.com\\\/pl\\\/produkt\\\/akumulatorowa-wiertarko-wkretarka-udarowa-bosch-exsb18v-90-3x-40-ah\\\/#primaryimage\"},\"thumbnailUrl\":\"https:\\\/\\\/hundtgroup.com\\\/wp-content\\\/uploads\\\/340833.jpg\",\"datePublished\":\"2026-01-28T09:17:44+00:00\",\"breadcrumb\":{\"@id\":\"https:\\\/\\\/hundtgroup.com\\\/pl\\\/produkt\\\/akumulatorowa-wiertarko-wkretarka-udarowa-bosch-exsb18v-90-3x-40-ah\\\/#breadcrumb\"},\"inLanguage\":\"pl-PL\",\"potentialAction\":[{\"@type\":\"ReadAction\",\"target\":[\"https:\\\/\\\/hundtgroup.com\\\/pl\\\/produkt\\\/akumulatorowa-wiertarko-wkretarka-udarowa-bosch-exsb18v-90-3x-40-ah\\\/\"]}]},{\"@type\":\"ImageObject\",\"inLanguage\":\"pl-PL\",\"@id\":\"https:\\\/\\\/hundtgroup.com\\\/pl\\\/produkt\\\/akumulatorowa-wiertarko-wkretarka-udarowa-bosch-exsb18v-90-3x-40-ah\\\/#primaryimage\",\"url\":\"https:\\\/\\\/hundtgroup.com\\\/wp-content\\\/uploads\\\/340833.jpg\",\"contentUrl\":\"https:\\\/\\\/hundtgroup.com\\\/wp-content\\\/uploads\\\/340833.jpg\",\"width\":600,\"height\":600},{\"@type\":\"BreadcrumbList\",\"@id\":\"https:\\\/\\\/hundtgroup.com\\\/pl\\\/produkt\\\/akumulatorowa-wiertarko-wkretarka-udarowa-bosch-exsb18v-90-3x-40-ah\\\/#breadcrumb\",\"itemListElement\":[{\"@type\":\"ListItem\",\"position\":1,\"name\":\"Startseite\",\"item\":\"https:\\\/\\\/hundtgroup.com\\\/pl\\\/strona-glowna-nowa\\\/\"},{\"@type\":\"ListItem\",\"position\":2,\"name\":\"Sklep\",\"item\":\"https:\\\/\\\/hundtgroup.com\\\/sklep\\\/\"},{\"@type\":\"ListItem\",\"position\":3,\"name\":\"Akumulatorowa wiertarko-wkr\u0119tarka udarowa Bosch EXSB18V-90 3x 4,0 Ah\"}]},{\"@type\":\"WebSite\",\"@id\":\"https:\\\/\\\/hundtgroup.com\\\/pl\\\/#website\",\"url\":\"https:\\\/\\\/hundtgroup.com\\\/pl\\\/\",\"name\":\"Wilhelm Hundt GmbH\",\"description\":\"Specjalista od maszyn i narz\u0119dzi do obr\u00f3bki blachy\",\"potentialAction\":[{\"@type\":\"SearchAction\",\"target\":{\"@type\":\"EntryPoint\",\"urlTemplate\":\"https:\\\/\\\/hundtgroup.com\\\/pl\\\/?s={search_term_string}\"},\"query-input\":{\"@type\":\"PropertyValueSpecification\",\"valueRequired\":true,\"valueName\":\"search_term_string\"}}],\"inLanguage\":\"pl-PL\"}]}<\/script>\n<!-- \/ Yoast SEO plugin. -->","yoast_head_json":{"title":"Akumulatorowa wiertarko-wkr\u0119tarka udarowa Bosch EXSB18V-90 3x 4,0 Ah - Wilhelm Hundt GmbH","robots":{"index":"index","follow":"follow","max-snippet":"max-snippet:-1","max-image-preview":"max-image-preview:large","max-video-preview":"max-video-preview:-1"},"canonical":"https:\/\/hundtgroup.com\/pl\/produkt\/akumulatorowa-wiertarko-wkretarka-udarowa-bosch-exsb18v-90-3x-40-ah\/","og_locale":"pl_PL","og_type":"article","og_title":"Akumulatorowa wiertarko-wkr\u0119tarka udarowa Bosch EXSB18V-90 3x 4,0 Ah - Wilhelm Hundt GmbH","og_description":"Optymalne po\u0142\u0105czenie mocy, kompaktowo\u015bci i zaawansowanej ochrony\u00b9 Wszechstronna moc: Mocny silnik bezszczotkowy zapewnia wyj\u0105tkow\u0105 wydajno\u015b\u0107 z mi\u0119kkim\/twardym momentem obrotowym 36\/65 Nm, 2100 1\/min i 29.500 bpm dla szybkiej i efektywnej pracy w murze Kompaktowa moc: d\u0142ugo\u015b\u0107 g\u0142owicy 175 mm i metalowy uchwyt wiertarski 13 mm dla wi\u0119kszej wytrzyma\u0142o\u015bci i lepszego przenoszenia momentu obrotowego Zaawansowana ochrona [&hellip;]","og_url":"https:\/\/hundtgroup.com\/pl\/produkt\/akumulatorowa-wiertarko-wkretarka-udarowa-bosch-exsb18v-90-3x-40-ah\/","og_site_name":"Wilhelm Hundt GmbH","og_image":[{"width":600,"height":600,"url":"https:\/\/hundtgroup.com\/wp-content\/uploads\/340833.jpg","type":"image\/jpeg"}],"twitter_card":"summary_large_image","twitter_misc":{"Szacowany czas czytania":"1 minuta"},"schema":{"@context":"https:\/\/schema.org","@graph":[{"@type":"WebPage","@id":"https:\/\/hundtgroup.com\/pl\/produkt\/akumulatorowa-wiertarko-wkretarka-udarowa-bosch-exsb18v-90-3x-40-ah\/","url":"https:\/\/hundtgroup.com\/pl\/produkt\/akumulatorowa-wiertarko-wkretarka-udarowa-bosch-exsb18v-90-3x-40-ah\/","name":"Akumulatorowa wiertarko-wkr\u0119tarka udarowa Bosch EXSB18V-90 3x 4,0 Ah - Wilhelm Hundt GmbH","isPartOf":{"@id":"https:\/\/hundtgroup.com\/pl\/#website"},"primaryImageOfPage":{"@id":"https:\/\/hundtgroup.com\/pl\/produkt\/akumulatorowa-wiertarko-wkretarka-udarowa-bosch-exsb18v-90-3x-40-ah\/#primaryimage"},"image":{"@id":"https:\/\/hundtgroup.com\/pl\/produkt\/akumulatorowa-wiertarko-wkretarka-udarowa-bosch-exsb18v-90-3x-40-ah\/#primaryimage"},"thumbnailUrl":"https:\/\/hundtgroup.com\/wp-content\/uploads\/340833.jpg","datePublished":"2026-01-28T09:17:44+00:00","breadcrumb":{"@id":"https:\/\/hundtgroup.com\/pl\/produkt\/akumulatorowa-wiertarko-wkretarka-udarowa-bosch-exsb18v-90-3x-40-ah\/#breadcrumb"},"inLanguage":"pl-PL","potentialAction":[{"@type":"ReadAction","target":["https:\/\/hundtgroup.com\/pl\/produkt\/akumulatorowa-wiertarko-wkretarka-udarowa-bosch-exsb18v-90-3x-40-ah\/"]}]},{"@type":"ImageObject","inLanguage":"pl-PL","@id":"https:\/\/hundtgroup.com\/pl\/produkt\/akumulatorowa-wiertarko-wkretarka-udarowa-bosch-exsb18v-90-3x-40-ah\/#primaryimage","url":"https:\/\/hundtgroup.com\/wp-content\/uploads\/340833.jpg","contentUrl":"https:\/\/hundtgroup.com\/wp-content\/uploads\/340833.jpg","width":600,"height":600},{"@type":"BreadcrumbList","@id":"https:\/\/hundtgroup.com\/pl\/produkt\/akumulatorowa-wiertarko-wkretarka-udarowa-bosch-exsb18v-90-3x-40-ah\/#breadcrumb","itemListElement":[{"@type":"ListItem","position":1,"name":"Startseite","item":"https:\/\/hundtgroup.com\/pl\/strona-glowna-nowa\/"},{"@type":"ListItem","position":2,"name":"Sklep","item":"https:\/\/hundtgroup.com\/sklep\/"},{"@type":"ListItem","position":3,"name":"Akumulatorowa wiertarko-wkr\u0119tarka udarowa Bosch EXSB18V-90 3x 4,0 Ah"}]},{"@type":"WebSite","@id":"https:\/\/hundtgroup.com\/pl\/#website","url":"https:\/\/hundtgroup.com\/pl\/","name":"Wilhelm Hundt GmbH","description":"Specjalista od maszyn i narz\u0119dzi do obr\u00f3bki blachy","potentialAction":[{"@type":"SearchAction","target":{"@type":"EntryPoint","urlTemplate":"https:\/\/hundtgroup.com\/pl\/?s={search_term_string}"},"query-input":{"@type":"PropertyValueSpecification","valueRequired":true,"valueName":"search_term_string"}}],"inLanguage":"pl-PL"}]}},"_links":{"self":[{"href":"https:\/\/hundtgroup.com\/pl\/wp-json\/wp\/v2\/product\/41270","targetHints":{"allow":["GET"]}}],"collection":[{"href":"https:\/\/hundtgroup.com\/pl\/wp-json\/wp\/v2\/product"}],"about":[{"href":"https:\/\/hundtgroup.com\/pl\/wp-json\/wp\/v2\/types\/product"}],"wp:featuredmedia":[{"embeddable":true,"href":"https:\/\/hundtgroup.com\/pl\/wp-json\/wp\/v2\/media\/41272"}],"wp:attachment":[{"href":"https:\/\/hundtgroup.com\/pl\/wp-json\/wp\/v2\/media?parent=41270"}],"wp:term":[{"taxonomy":"product_cat","embeddable":true,"href":"https:\/\/hundtgroup.com\/pl\/wp-json\/wp\/v2\/product_cat?post=41270"},{"taxonomy":"product_tag","embeddable":true,"href":"https:\/\/hundtgroup.com\/pl\/wp-json\/wp\/v2\/product_tag?post=41270"}],"curies":[{"name":"wp","href":"https:\/\/api.w.org\/{rel}","templated":true}]}}