{"id":41444,"date":"2026-01-28T10:17:44","date_gmt":"2026-01-28T09:17:44","guid":{"rendered":"https:\/\/hundtgroup.com\/produkt\/akumulatorowa-wiertarko-wkretarka-bosch-exsr18v-90fc-solo\/"},"modified":"2026-01-28T10:17:44","modified_gmt":"2026-01-28T09:17:44","slug":"akumulatorowa-wiertarko-wkretarka-bosch-exsr18v-90fc-solo","status":"publish","type":"product","link":"https:\/\/hundtgroup.com\/pl\/produkt\/akumulatorowa-wiertarko-wkretarka-bosch-exsr18v-90fc-solo\/","title":{"rendered":"Akumulatorowa wiertarko-wkr\u0119tarka Bosch EXSR18V-90FC solo"},"content":{"rendered":"<p>Elastyczno\u015b\u0107 6 w 1 dzi\u0119ki \u0142atwym do wymiany przystawkom do wiercenia i wkr\u0119cania<br \/>\nElastyczno\u015b\u0107 6 w 1: Wszechstronny system sk\u0142adaj\u0105cy si\u0119 z wiertarko-wkr\u0119tarki 18 V z systemem FlexiClick i \u0142atwymi do wymiany przystawkami<br \/>\nSystem FlexiClick: Wysokiej jako\u015bci przystawki do szerokiego zakresu wiercenia i wkr\u0119cania w drewnie, metalu, a nawet betonie<br \/>\nPionierska technologia: Unikalna przystawka GFA 18-H umo\u017cliwia przekszta\u0142cenie wiertarko-wkr\u0119tarki w wiertark\u0119 udarow\u0105 SDS plus<br \/>\nDoskonale wyposa\u017cony: Mniej balastu i nadal doskona\u0142e wyposa\u017cenie do profesjonalnej pracy z FlexiClick, jeste\u015b r\u00f3wnie\u017c doskonale przygotowany na nieoczekiwane niespodzianki na placu budowy.<\/p>\n","protected":false},"excerpt":{"rendered":"<p>Elastyczno\u015b\u0107 6 w 1 dzi\u0119ki \u0142atwym do wymiany przystawkom do wiercenia i wkr\u0119cania Elastyczno\u015b\u0107 6 w 1: Wszechstronny system sk\u0142adaj\u0105cy si\u0119 z wiertarko-wkr\u0119tarki 18 V z systemem FlexiClick i \u0142atwymi do wymiany przystawkami System FlexiClick: Wysokiej jako\u015bci przystawki do szerokiego zakresu wiercenia i wkr\u0119cania w drewnie, metalu, a nawet betonie Pionierska technologia: Unikalna przystawka GFA [&hellip;]<\/p>\n","protected":false},"featured_media":41446,"template":"","meta":{"_acf_changed":false,"inline_featured_image":false},"product_cat":[691,1019],"product_tag":[],"class_list":{"0":"post-41444","1":"product","2":"type-product","3":"status-publish","4":"has-post-thumbnail","6":"brand-bosch-expert","7":"product_cat-narzedzia-akumulatorowe","8":"product_cat-wiertarko-wkretarka","10":"first","11":"instock","12":"taxable","13":"shipping-taxable","14":"purchasable","15":"product-type-simple","16":"add-to-wishlist-before_image"},"acf":[],"yoast_head":"<!-- This site is optimized with the Yoast SEO plugin v27.3 - https:\/\/yoast.com\/product\/yoast-seo-wordpress\/ -->\n<title>Akumulatorowa wiertarko-wkr\u0119tarka Bosch EXSR18V-90FC solo - Wilhelm Hundt GmbH<\/title>\n<meta name=\"robots\" content=\"index, follow, max-snippet:-1, max-image-preview:large, max-video-preview:-1\" \/>\n<link rel=\"canonical\" href=\"https:\/\/hundtgroup.com\/pl\/produkt\/akumulatorowa-wiertarko-wkretarka-bosch-exsr18v-90fc-solo\/\" \/>\n<meta property=\"og:locale\" content=\"pl_PL\" \/>\n<meta property=\"og:type\" content=\"article\" \/>\n<meta property=\"og:title\" content=\"Akumulatorowa wiertarko-wkr\u0119tarka Bosch EXSR18V-90FC solo - Wilhelm Hundt GmbH\" \/>\n<meta property=\"og:description\" content=\"Elastyczno\u015b\u0107 6 w 1 dzi\u0119ki \u0142atwym do wymiany przystawkom do wiercenia i wkr\u0119cania Elastyczno\u015b\u0107 6 w 1: Wszechstronny system sk\u0142adaj\u0105cy si\u0119 z wiertarko-wkr\u0119tarki 18 V z systemem FlexiClick i \u0142atwymi do wymiany przystawkami System FlexiClick: Wysokiej jako\u015bci przystawki do szerokiego zakresu wiercenia i wkr\u0119cania w drewnie, metalu, a nawet betonie Pionierska technologia: Unikalna przystawka GFA [&hellip;]\" \/>\n<meta property=\"og:url\" content=\"https:\/\/hundtgroup.com\/pl\/produkt\/akumulatorowa-wiertarko-wkretarka-bosch-exsr18v-90fc-solo\/\" \/>\n<meta property=\"og:site_name\" content=\"Wilhelm Hundt GmbH\" \/>\n<meta property=\"og:image\" content=\"https:\/\/hundtgroup.com\/wp-content\/uploads\/340837.jpg\" \/>\n\t<meta property=\"og:image:width\" content=\"600\" \/>\n\t<meta property=\"og:image:height\" content=\"600\" \/>\n\t<meta property=\"og:image:type\" content=\"image\/jpeg\" \/>\n<meta name=\"twitter:card\" content=\"summary_large_image\" \/>\n<script type=\"application\/ld+json\" class=\"yoast-schema-graph\">{\"@context\":\"https:\\\/\\\/schema.org\",\"@graph\":[{\"@type\":\"WebPage\",\"@id\":\"https:\\\/\\\/hundtgroup.com\\\/pl\\\/produkt\\\/akumulatorowa-wiertarko-wkretarka-bosch-exsr18v-90fc-solo\\\/\",\"url\":\"https:\\\/\\\/hundtgroup.com\\\/pl\\\/produkt\\\/akumulatorowa-wiertarko-wkretarka-bosch-exsr18v-90fc-solo\\\/\",\"name\":\"Akumulatorowa wiertarko-wkr\u0119tarka Bosch EXSR18V-90FC solo - Wilhelm Hundt GmbH\",\"isPartOf\":{\"@id\":\"https:\\\/\\\/hundtgroup.com\\\/pl\\\/#website\"},\"primaryImageOfPage\":{\"@id\":\"https:\\\/\\\/hundtgroup.com\\\/pl\\\/produkt\\\/akumulatorowa-wiertarko-wkretarka-bosch-exsr18v-90fc-solo\\\/#primaryimage\"},\"image\":{\"@id\":\"https:\\\/\\\/hundtgroup.com\\\/pl\\\/produkt\\\/akumulatorowa-wiertarko-wkretarka-bosch-exsr18v-90fc-solo\\\/#primaryimage\"},\"thumbnailUrl\":\"https:\\\/\\\/hundtgroup.com\\\/wp-content\\\/uploads\\\/340837.jpg\",\"datePublished\":\"2026-01-28T09:17:44+00:00\",\"breadcrumb\":{\"@id\":\"https:\\\/\\\/hundtgroup.com\\\/pl\\\/produkt\\\/akumulatorowa-wiertarko-wkretarka-bosch-exsr18v-90fc-solo\\\/#breadcrumb\"},\"inLanguage\":\"pl-PL\",\"potentialAction\":[{\"@type\":\"ReadAction\",\"target\":[\"https:\\\/\\\/hundtgroup.com\\\/pl\\\/produkt\\\/akumulatorowa-wiertarko-wkretarka-bosch-exsr18v-90fc-solo\\\/\"]}]},{\"@type\":\"ImageObject\",\"inLanguage\":\"pl-PL\",\"@id\":\"https:\\\/\\\/hundtgroup.com\\\/pl\\\/produkt\\\/akumulatorowa-wiertarko-wkretarka-bosch-exsr18v-90fc-solo\\\/#primaryimage\",\"url\":\"https:\\\/\\\/hundtgroup.com\\\/wp-content\\\/uploads\\\/340837.jpg\",\"contentUrl\":\"https:\\\/\\\/hundtgroup.com\\\/wp-content\\\/uploads\\\/340837.jpg\",\"width\":600,\"height\":600},{\"@type\":\"BreadcrumbList\",\"@id\":\"https:\\\/\\\/hundtgroup.com\\\/pl\\\/produkt\\\/akumulatorowa-wiertarko-wkretarka-bosch-exsr18v-90fc-solo\\\/#breadcrumb\",\"itemListElement\":[{\"@type\":\"ListItem\",\"position\":1,\"name\":\"Startseite\",\"item\":\"https:\\\/\\\/hundtgroup.com\\\/pl\\\/strona-glowna-nowa\\\/\"},{\"@type\":\"ListItem\",\"position\":2,\"name\":\"Sklep\",\"item\":\"https:\\\/\\\/hundtgroup.com\\\/sklep\\\/\"},{\"@type\":\"ListItem\",\"position\":3,\"name\":\"Akumulatorowa wiertarko-wkr\u0119tarka Bosch EXSR18V-90FC solo\"}]},{\"@type\":\"WebSite\",\"@id\":\"https:\\\/\\\/hundtgroup.com\\\/pl\\\/#website\",\"url\":\"https:\\\/\\\/hundtgroup.com\\\/pl\\\/\",\"name\":\"Wilhelm Hundt GmbH\",\"description\":\"Specjalista od maszyn i narz\u0119dzi do obr\u00f3bki blachy\",\"potentialAction\":[{\"@type\":\"SearchAction\",\"target\":{\"@type\":\"EntryPoint\",\"urlTemplate\":\"https:\\\/\\\/hundtgroup.com\\\/pl\\\/?s={search_term_string}\"},\"query-input\":{\"@type\":\"PropertyValueSpecification\",\"valueRequired\":true,\"valueName\":\"search_term_string\"}}],\"inLanguage\":\"pl-PL\"}]}<\/script>\n<!-- \/ Yoast SEO plugin. -->","yoast_head_json":{"title":"Akumulatorowa wiertarko-wkr\u0119tarka Bosch EXSR18V-90FC solo - Wilhelm Hundt GmbH","robots":{"index":"index","follow":"follow","max-snippet":"max-snippet:-1","max-image-preview":"max-image-preview:large","max-video-preview":"max-video-preview:-1"},"canonical":"https:\/\/hundtgroup.com\/pl\/produkt\/akumulatorowa-wiertarko-wkretarka-bosch-exsr18v-90fc-solo\/","og_locale":"pl_PL","og_type":"article","og_title":"Akumulatorowa wiertarko-wkr\u0119tarka Bosch EXSR18V-90FC solo - Wilhelm Hundt GmbH","og_description":"Elastyczno\u015b\u0107 6 w 1 dzi\u0119ki \u0142atwym do wymiany przystawkom do wiercenia i wkr\u0119cania Elastyczno\u015b\u0107 6 w 1: Wszechstronny system sk\u0142adaj\u0105cy si\u0119 z wiertarko-wkr\u0119tarki 18 V z systemem FlexiClick i \u0142atwymi do wymiany przystawkami System FlexiClick: Wysokiej jako\u015bci przystawki do szerokiego zakresu wiercenia i wkr\u0119cania w drewnie, metalu, a nawet betonie Pionierska technologia: Unikalna przystawka GFA [&hellip;]","og_url":"https:\/\/hundtgroup.com\/pl\/produkt\/akumulatorowa-wiertarko-wkretarka-bosch-exsr18v-90fc-solo\/","og_site_name":"Wilhelm Hundt GmbH","og_image":[{"width":600,"height":600,"url":"https:\/\/hundtgroup.com\/wp-content\/uploads\/340837.jpg","type":"image\/jpeg"}],"twitter_card":"summary_large_image","schema":{"@context":"https:\/\/schema.org","@graph":[{"@type":"WebPage","@id":"https:\/\/hundtgroup.com\/pl\/produkt\/akumulatorowa-wiertarko-wkretarka-bosch-exsr18v-90fc-solo\/","url":"https:\/\/hundtgroup.com\/pl\/produkt\/akumulatorowa-wiertarko-wkretarka-bosch-exsr18v-90fc-solo\/","name":"Akumulatorowa wiertarko-wkr\u0119tarka Bosch EXSR18V-90FC solo - Wilhelm Hundt GmbH","isPartOf":{"@id":"https:\/\/hundtgroup.com\/pl\/#website"},"primaryImageOfPage":{"@id":"https:\/\/hundtgroup.com\/pl\/produkt\/akumulatorowa-wiertarko-wkretarka-bosch-exsr18v-90fc-solo\/#primaryimage"},"image":{"@id":"https:\/\/hundtgroup.com\/pl\/produkt\/akumulatorowa-wiertarko-wkretarka-bosch-exsr18v-90fc-solo\/#primaryimage"},"thumbnailUrl":"https:\/\/hundtgroup.com\/wp-content\/uploads\/340837.jpg","datePublished":"2026-01-28T09:17:44+00:00","breadcrumb":{"@id":"https:\/\/hundtgroup.com\/pl\/produkt\/akumulatorowa-wiertarko-wkretarka-bosch-exsr18v-90fc-solo\/#breadcrumb"},"inLanguage":"pl-PL","potentialAction":[{"@type":"ReadAction","target":["https:\/\/hundtgroup.com\/pl\/produkt\/akumulatorowa-wiertarko-wkretarka-bosch-exsr18v-90fc-solo\/"]}]},{"@type":"ImageObject","inLanguage":"pl-PL","@id":"https:\/\/hundtgroup.com\/pl\/produkt\/akumulatorowa-wiertarko-wkretarka-bosch-exsr18v-90fc-solo\/#primaryimage","url":"https:\/\/hundtgroup.com\/wp-content\/uploads\/340837.jpg","contentUrl":"https:\/\/hundtgroup.com\/wp-content\/uploads\/340837.jpg","width":600,"height":600},{"@type":"BreadcrumbList","@id":"https:\/\/hundtgroup.com\/pl\/produkt\/akumulatorowa-wiertarko-wkretarka-bosch-exsr18v-90fc-solo\/#breadcrumb","itemListElement":[{"@type":"ListItem","position":1,"name":"Startseite","item":"https:\/\/hundtgroup.com\/pl\/strona-glowna-nowa\/"},{"@type":"ListItem","position":2,"name":"Sklep","item":"https:\/\/hundtgroup.com\/sklep\/"},{"@type":"ListItem","position":3,"name":"Akumulatorowa wiertarko-wkr\u0119tarka Bosch EXSR18V-90FC solo"}]},{"@type":"WebSite","@id":"https:\/\/hundtgroup.com\/pl\/#website","url":"https:\/\/hundtgroup.com\/pl\/","name":"Wilhelm Hundt GmbH","description":"Specjalista od maszyn i narz\u0119dzi do obr\u00f3bki blachy","potentialAction":[{"@type":"SearchAction","target":{"@type":"EntryPoint","urlTemplate":"https:\/\/hundtgroup.com\/pl\/?s={search_term_string}"},"query-input":{"@type":"PropertyValueSpecification","valueRequired":true,"valueName":"search_term_string"}}],"inLanguage":"pl-PL"}]}},"_links":{"self":[{"href":"https:\/\/hundtgroup.com\/pl\/wp-json\/wp\/v2\/product\/41444","targetHints":{"allow":["GET"]}}],"collection":[{"href":"https:\/\/hundtgroup.com\/pl\/wp-json\/wp\/v2\/product"}],"about":[{"href":"https:\/\/hundtgroup.com\/pl\/wp-json\/wp\/v2\/types\/product"}],"wp:featuredmedia":[{"embeddable":true,"href":"https:\/\/hundtgroup.com\/pl\/wp-json\/wp\/v2\/media\/41446"}],"wp:attachment":[{"href":"https:\/\/hundtgroup.com\/pl\/wp-json\/wp\/v2\/media?parent=41444"}],"wp:term":[{"taxonomy":"product_cat","embeddable":true,"href":"https:\/\/hundtgroup.com\/pl\/wp-json\/wp\/v2\/product_cat?post=41444"},{"taxonomy":"product_tag","embeddable":true,"href":"https:\/\/hundtgroup.com\/pl\/wp-json\/wp\/v2\/product_tag?post=41444"}],"curies":[{"name":"wp","href":"https:\/\/api.w.org\/{rel}","templated":true}]}}