{"id":12327,"date":"2022-01-12T12:31:26","date_gmt":"2022-01-12T11:31:26","guid":{"rendered":"https:\/\/hundtgroup.com\/poziadavky-na-izolaciu\/"},"modified":"2022-01-12T12:31:26","modified_gmt":"2022-01-12T11:31:26","slug":"poziadavky-na-izolaciu","status":"publish","type":"page","link":"https:\/\/hundtgroup.com\/sk\/poziadavky-na-izolaciu\/","title":{"rendered":"Po\u017eiadavky na izol\u00e1ciu"},"content":{"rendered":"","protected":false},"excerpt":{"rendered":"","protected":false},"author":1,"featured_media":0,"parent":0,"menu_order":9,"comment_status":"closed","ping_status":"closed","template":"","meta":{"_acf_changed":false,"inline_featured_image":false,"footnotes":""},"class_list":["post-12327","page","type-page","status-publish","hentry"],"acf":[],"yoast_head":"<!-- This site is optimized with the Yoast SEO plugin v27.3 - https:\/\/yoast.com\/product\/yoast-seo-wordpress\/ -->\n<title>Po\u017eiadavky na izol\u00e1ciu - Wilhelm Hundt GmbH<\/title>\n<meta name=\"robots\" content=\"index, follow, max-snippet:-1, max-image-preview:large, max-video-preview:-1\" \/>\n<link rel=\"canonical\" href=\"https:\/\/hundtgroup.com\/sk\/poziadavky-na-izolaciu\/\" \/>\n<meta property=\"og:locale\" content=\"sk_SK\" \/>\n<meta property=\"og:type\" content=\"article\" \/>\n<meta property=\"og:title\" content=\"Po\u017eiadavky na izol\u00e1ciu - Wilhelm Hundt GmbH\" \/>\n<meta property=\"og:url\" content=\"https:\/\/hundtgroup.com\/sk\/poziadavky-na-izolaciu\/\" \/>\n<meta property=\"og:site_name\" content=\"Wilhelm Hundt GmbH\" \/>\n<meta name=\"twitter:card\" content=\"summary_large_image\" \/>\n<script type=\"application\/ld+json\" class=\"yoast-schema-graph\">{\"@context\":\"https:\\\/\\\/schema.org\",\"@graph\":[{\"@type\":\"WebPage\",\"@id\":\"https:\\\/\\\/hundtgroup.com\\\/sk\\\/poziadavky-na-izolaciu\\\/\",\"url\":\"https:\\\/\\\/hundtgroup.com\\\/sk\\\/poziadavky-na-izolaciu\\\/\",\"name\":\"Po\u017eiadavky na izol\u00e1ciu - Wilhelm Hundt GmbH\",\"isPartOf\":{\"@id\":\"https:\\\/\\\/hundtgroup.com\\\/sk\\\/#website\"},\"datePublished\":\"2022-01-12T11:31:26+00:00\",\"breadcrumb\":{\"@id\":\"https:\\\/\\\/hundtgroup.com\\\/sk\\\/poziadavky-na-izolaciu\\\/#breadcrumb\"},\"inLanguage\":\"sk-SK\",\"potentialAction\":[{\"@type\":\"ReadAction\",\"target\":[\"https:\\\/\\\/hundtgroup.com\\\/sk\\\/poziadavky-na-izolaciu\\\/\"]}]},{\"@type\":\"BreadcrumbList\",\"@id\":\"https:\\\/\\\/hundtgroup.com\\\/sk\\\/poziadavky-na-izolaciu\\\/#breadcrumb\",\"itemListElement\":[{\"@type\":\"ListItem\",\"position\":1,\"name\":\"Startseite\",\"item\":\"https:\\\/\\\/hundtgroup.com\\\/sk\\\/domov-nove\\\/\"},{\"@type\":\"ListItem\",\"position\":2,\"name\":\"Po\u017eiadavky na izol\u00e1ciu\"}]},{\"@type\":\"WebSite\",\"@id\":\"https:\\\/\\\/hundtgroup.com\\\/sk\\\/#website\",\"url\":\"https:\\\/\\\/hundtgroup.com\\\/sk\\\/\",\"name\":\"Wilhelm Hundt GmbH\",\"description\":\"V\u00e1\u0161 \u0161pecialista na stroje a n\u00e1stroje na spracovanie plechu\",\"potentialAction\":[{\"@type\":\"SearchAction\",\"target\":{\"@type\":\"EntryPoint\",\"urlTemplate\":\"https:\\\/\\\/hundtgroup.com\\\/sk\\\/?s={search_term_string}\"},\"query-input\":{\"@type\":\"PropertyValueSpecification\",\"valueRequired\":true,\"valueName\":\"search_term_string\"}}],\"inLanguage\":\"sk-SK\"}]}<\/script>\n<!-- \/ Yoast SEO plugin. -->","yoast_head_json":{"title":"Po\u017eiadavky na izol\u00e1ciu - Wilhelm Hundt GmbH","robots":{"index":"index","follow":"follow","max-snippet":"max-snippet:-1","max-image-preview":"max-image-preview:large","max-video-preview":"max-video-preview:-1"},"canonical":"https:\/\/hundtgroup.com\/sk\/poziadavky-na-izolaciu\/","og_locale":"sk_SK","og_type":"article","og_title":"Po\u017eiadavky na izol\u00e1ciu - Wilhelm Hundt GmbH","og_url":"https:\/\/hundtgroup.com\/sk\/poziadavky-na-izolaciu\/","og_site_name":"Wilhelm Hundt GmbH","twitter_card":"summary_large_image","schema":{"@context":"https:\/\/schema.org","@graph":[{"@type":"WebPage","@id":"https:\/\/hundtgroup.com\/sk\/poziadavky-na-izolaciu\/","url":"https:\/\/hundtgroup.com\/sk\/poziadavky-na-izolaciu\/","name":"Po\u017eiadavky na izol\u00e1ciu - Wilhelm Hundt GmbH","isPartOf":{"@id":"https:\/\/hundtgroup.com\/sk\/#website"},"datePublished":"2022-01-12T11:31:26+00:00","breadcrumb":{"@id":"https:\/\/hundtgroup.com\/sk\/poziadavky-na-izolaciu\/#breadcrumb"},"inLanguage":"sk-SK","potentialAction":[{"@type":"ReadAction","target":["https:\/\/hundtgroup.com\/sk\/poziadavky-na-izolaciu\/"]}]},{"@type":"BreadcrumbList","@id":"https:\/\/hundtgroup.com\/sk\/poziadavky-na-izolaciu\/#breadcrumb","itemListElement":[{"@type":"ListItem","position":1,"name":"Startseite","item":"https:\/\/hundtgroup.com\/sk\/domov-nove\/"},{"@type":"ListItem","position":2,"name":"Po\u017eiadavky na izol\u00e1ciu"}]},{"@type":"WebSite","@id":"https:\/\/hundtgroup.com\/sk\/#website","url":"https:\/\/hundtgroup.com\/sk\/","name":"Wilhelm Hundt GmbH","description":"V\u00e1\u0161 \u0161pecialista na stroje a n\u00e1stroje na spracovanie plechu","potentialAction":[{"@type":"SearchAction","target":{"@type":"EntryPoint","urlTemplate":"https:\/\/hundtgroup.com\/sk\/?s={search_term_string}"},"query-input":{"@type":"PropertyValueSpecification","valueRequired":true,"valueName":"search_term_string"}}],"inLanguage":"sk-SK"}]}},"_links":{"self":[{"href":"https:\/\/hundtgroup.com\/sk\/wp-json\/wp\/v2\/pages\/12327","targetHints":{"allow":["GET"]}}],"collection":[{"href":"https:\/\/hundtgroup.com\/sk\/wp-json\/wp\/v2\/pages"}],"about":[{"href":"https:\/\/hundtgroup.com\/sk\/wp-json\/wp\/v2\/types\/page"}],"author":[{"embeddable":true,"href":"https:\/\/hundtgroup.com\/sk\/wp-json\/wp\/v2\/users\/1"}],"replies":[{"embeddable":true,"href":"https:\/\/hundtgroup.com\/sk\/wp-json\/wp\/v2\/comments?post=12327"}],"version-history":[{"count":0,"href":"https:\/\/hundtgroup.com\/sk\/wp-json\/wp\/v2\/pages\/12327\/revisions"}],"wp:attachment":[{"href":"https:\/\/hundtgroup.com\/sk\/wp-json\/wp\/v2\/media?parent=12327"}],"curies":[{"name":"wp","href":"https:\/\/api.w.org\/{rel}","templated":true}]}}