{"id":12764,"date":"2022-01-12T13:24:49","date_gmt":"2022-01-12T12:24:49","guid":{"rendered":"https:\/\/hundtgroup.com\/odtlacok\/"},"modified":"2026-03-09T11:44:13","modified_gmt":"2026-03-09T10:44:13","slug":"odtlacok","status":"publish","type":"page","link":"https:\/\/hundtgroup.com\/sk\/odtlacok\/","title":{"rendered":"Odtla\u010dok"},"content":{"rendered":"<div id='av_section_1'  class='avia-section av-2pdom-4d54d6115f624e781df8c822ab0805b5 main_color avia-section-default avia-no-border-styling  avia-builder-el-0  avia-builder-el-no-sibling  avia-bg-style-scroll container_wrap fullsize'  ><div class='container av-section-cont-open' ><main  role=\"main\" itemprop=\"mainContentOfPage\"  class='template-page content  av-content-full alpha units'><div class='post-entry post-entry-type-page post-entry-12764'><div class='entry-content-wrapper clearfix'>\n<div  class='flex_column av-1yzzq-79b7dbdb201c3fba310c1bec065b8309 av_one_full  avia-builder-el-1  el_before_av_one_third  avia-builder-el-first  first av-break-at-tablet flex_column_div  '     ><div class=\"pxl-headline pxl-hl hl-wrap | hl-sub--off hl--align-left hl--no-margin   \">\n    <div class=\"hl-inner\">\n            <h1 class=\"hl-main hl-line |  hl_main--default  \">Odtla\u010dok<\/h1>\n            <div class=\"overline lightgrey\">\n              \n              <span class=\"overline-slant\"><\/span>\n            <\/div>\n    <\/div>\n<\/div><\/div><div  class='flex_column av-1q3gu-de69cde9496513c1f988bc8698058253 av_one_third  avia-builder-el-3  el_after_av_one_full  el_before_av_two_third  first av-break-at-tablet flex_column_div  column-top-margin'     ><section  class='av_textblock_section av-kyllbexa-97fec898083ace43742066cbd8a872fc '   itemscope=\"itemscope\" itemtype=\"https:\/\/schema.org\/CreativeWork\" ><div class='avia_textblock'  itemprop=\"text\" ><p>Wilhelm Hundt GmbH<br \/>\nSchwabhausen 25<br \/>\n42349 Wuppertal<\/p>\n<p>Obchodn\u00fd register: HRB 9042<br \/>\nRegistra\u010dn\u00fd s\u00fad: Miestny s\u00fad Wuppertal<\/p>\n<p><strong>Zast\u00fapen\u00e9 konate\u013emi:<\/strong><br \/>\nWilhelm Hundt, Silke Droste, Markus Larssen<\/p>\n<p><strong>Kontakt<\/strong><br \/>\nTelef\u00f3n: <a href=\"tel:0202%20430448-0\">+49 202 430448-0<\/a><br \/>\nFax: +49 202 430448-20<br \/>\nE-mail: <a href=\"mailto:info@hundt.de\">info@hundt.de<\/a><\/p>\n<p><strong>Da\u0148 z pridanej<\/strong> hodnoty<br \/>\nIdentifika\u010dn\u00e9 \u010d\u00edslo pre da\u0148 z pridanej hodnoty:<br \/>\nDE184046058<\/p>\n<p><strong>Zodpovednos\u0165 za obsah<\/strong><br \/>\nWilhelm Hundt GmbH<br \/>\nSchwabhausen 25<br \/>\n42349 Wuppertal<\/p>\n<p><strong>Koncepcia, dizajn a programovanie<\/strong><br \/>\nPixelProduction<br \/>\nFull-service agent\u00fara pre mal\u00e9 a stredn\u00e9 podniky<br \/>\n<a href=\"http:\/\/www.pixelproduction.de\" target=\"_blank\" rel=\"noopener\">www.pixelproduction.de<\/a><\/p>\n<\/div><\/section><\/div><div  class='flex_column av-2kpy-bc1d0561cbc1a871538ada7456750cce av_two_third  avia-builder-el-5  el_after_av_one_third  el_before_av_one_full  av-break-at-tablet flex_column_div  column-top-margin'     ><section  class='av_textblock_section av-kyllct0k-fb23679b936d5608d5b577dc0fcec8b4 '   itemscope=\"itemscope\" itemtype=\"https:\/\/schema.org\/CreativeWork\" ><div class='avia_textblock'  itemprop=\"text\" ><p><strong>Zodpovednos\u0165 za odkazy<\/strong><br \/>\nNa\u0161a webov\u00e1 str\u00e1nka obsahuje odkazy na extern\u00e9 webov\u00e9 str\u00e1nky tret\u00edch str\u00e1n, na ktor\u00fdch obsah nem\u00e1me \u017eiadny vplyv. Preto nem\u00f4\u017eeme prevzia\u0165 \u017eiadnu zodpovednos\u0165 za tento obsah tret\u00edch str\u00e1n. Za obsah odkazovan\u00fdch str\u00e1nok je v\u017edy zodpovedn\u00fd pr\u00edslu\u0161n\u00fd poskytovate\u013e alebo prev\u00e1dzkovate\u013e str\u00e1nok. Prepojen\u00e9 str\u00e1nky boli v \u010dase prepojenia skontrolovan\u00e9 z h\u013eadiska mo\u017en\u00e9ho poru\u0161enia pr\u00e1vnych predpisov. Nez\u00e1konn\u00fd obsah nebol v \u010dase prepojenia rozpoznan\u00fd.    <\/p>\n<p>Permanentn\u00e9 monitorovanie obsahu odkazovan\u00fdch str\u00e1nok v\u0161ak nie je rozumn\u00e9 bez konkr\u00e9tnych d\u00f4kazov o poru\u0161en\u00ed. Ak sa dozvieme o akomko\u013evek poru\u0161en\u00ed pr\u00e1vnych predpisov, tak\u00e9to odkazy okam\u017eite odstr\u00e1nime. <\/p>\n<p><strong>Autorsk\u00e9 pr\u00e1va<\/strong><br \/>\nObsah a diela vytvoren\u00e9 prev\u00e1dzkovate\u013emi t\u00fdchto str\u00e1nok podliehaj\u00fa nemeck\u00e9mu autorsk\u00e9mu pr\u00e1vu. Rozmno\u017eovanie, spracovanie, \u0161\u00edrenie a ak\u00fdko\u013evek druh vyu\u017eitia nad r\u00e1mec autorsk\u00e9ho z\u00e1kona si vy\u017eaduje p\u00edsomn\u00fd s\u00fahlas pr\u00edslu\u0161n\u00e9ho autora alebo tvorcu. S\u0165ahovanie a kop\u00edrovanie t\u00fdchto str\u00e1nok je povolen\u00e9 len na s\u00fakromn\u00e9, nekomer\u010dn\u00e9 pou\u017eitie.  <\/p>\n<p>Pokia\u013e obsah na tejto str\u00e1nke nevytvoril prev\u00e1dzkovate\u013e, re\u0161pektuj\u00fa sa autorsk\u00e9 pr\u00e1va tret\u00edch str\u00e1n. Najm\u00e4 obsah tret\u00edch str\u00e1n je takto ozna\u010den\u00fd. Ak sa napriek tomu dozviete o poru\u0161en\u00ed autorsk\u00fdch pr\u00e1v, informujte n\u00e1s o tom. Ak sa o poru\u0161en\u00ed dozvieme, tak\u00fdto obsah okam\u017eite odstr\u00e1nime.<\/p>\n<\/div><\/section><\/div><div  class='flex_column av-4td4om-c75621792286bc0907b0ba131e3eed67 av_one_full  avia-builder-el-7  el_after_av_two_third  el_before_av_one_full  first av-break-at-tablet flex_column_div  column-top-margin'     ><div class=\"pxl-headline pxl-hl hl-wrap | hl-sub--off hl--align-left hl--no-margin   \">\n    <div class=\"hl-inner\">\n            <h2 class=\"hl-main hl-line |  hl_main--default  \">Obr\u00e1zkov\u00e9 kredity<\/h2>\n            <div class=\"overline lightgrey\">\n              \n              <span class=\"overline-slant\"><\/span>\n            <\/div>\n    <\/div>\n<\/div><\/div><div  class='flex_column av-4sq422-3348fa49c2c5bdc61932a482b5b932e4 av_one_full  avia-builder-el-9  el_after_av_one_full  avia-builder-el-last  first flex_column_div  column-top-margin'     ><div class='avia-data-table-wrap av-4s7d4u-f0de9b79a1de0e23c0375469e71b4663 avia_responsive_table avia-table-1'><table  class='avia-table avia-data-table avia_pricing_minimal  avia-builder-el-10  avia-builder-el-no-sibling '  itemscope=\"itemscope\" itemtype=\"https:\/\/schema.org\/Table\" ><tbody><tr class='avia-heading-row'><th class=''>Zobrazenie str\u00e1nky<\/th><th class=''>Umiestnenie<\/th><th class=''>Mot\u00edv<\/th><th class=''>Zdroj<br \/>\n<\/th><th class=''>\u010c\u00edslo obr\u00e1zka<br \/>\n<\/th><\/tr><tr class=''><td class=''>Domovsk\u00e1 str\u00e1nka<br \/>\n<\/td><td class=''>Hlava<br \/>\n<\/td><td class=''>Perforovan\u00e1 doska<\/td><td class=''>Adobe Stock<br \/>\n<\/td><td class=''>452926646<br \/>\n<\/td><\/tr><tr class=''><td class=''>Domovsk\u00e1 str\u00e1nka<br \/>\n<\/td><td class=''>Stroje + servis<br \/>\n<\/td><td class=''>Oce\u013eov\u00fd plech<br \/>\n<\/td><td class=''>Adobe Stock<br \/>\n<\/td><td class=''>33337544<br \/>\n<\/td><\/tr><tr class=''><td class=''>Preh\u013ead strojov<br \/>\n<\/td><td class=''>Hlava<br \/>\n<\/td><td class=''>Perforovan\u00e1 doska<br \/>\n<\/td><td class=''>Adobe Stock<br \/>\n<\/td><td class=''>127055083<br \/>\n<\/td><\/tr><tr class=''><td class=''>Preh\u013ead strojov<br \/>\n<\/td><td class=''>Izola\u010dn\u00e9 stroje<br \/>\n<\/td><td class=''>Oce\u013eov\u00fd plech<br \/>\n<\/td><td class=''>Adobe Stock<br \/>\n<\/td><td class=''>33337544<br \/>\n<\/td><\/tr><tr class=''><td class=''>Stroje na v\u00fdrobu kor\u00e1lkov\/ob\u0161\u00edvanie<br \/>\n<\/td><td class=''>Hlava<br \/>\n<\/td><td class=''>Perforovan\u00e1 doska<br \/>\n<\/td><td class=''>Adobe Stock<br \/>\n<\/td><td class=''>127055083<br \/>\n<\/td><\/tr><tr class=''><td class=''>Stroje na v\u00fdrobu kor\u00e1lkov\/ob\u0161\u00edvanie<br \/>\n<\/td><td class=''>Stroje na v\u00fdrobu kor\u00e1lkov\/ob\u0161\u00edvanie<br \/>\n<\/td><td class=''>Oce\u013eov\u00fd plech<br \/>\n<\/td><td class=''>Adobe Stock<br \/>\n<\/td><td class=''>33337544<br \/>\n<\/td><\/tr><tr class=''><td class=''>Okr\u00fahle oh\u00fdbacie stroje<br \/>\n<\/td><td class=''>Hlava<br \/>\n<\/td><td class=''>Perforovan\u00e1 doska<br \/>\n<\/td><td class=''>Adobe Stock<br \/>\n<\/td><td class=''>127055083<br \/>\n<\/td><\/tr><tr class=''><td class=''>Okr\u00fahle oh\u00fdbacie stroje<br \/>\n<\/td><td class=''>Okr\u00fahle oh\u00fdbacie stroje<br \/>\n<\/td><td class=''>Oce\u013eov\u00fd plech<br \/>\n<\/td><td class=''>Adobe Stock<br \/>\n<\/td><td class=''>33337544<br \/>\n<\/td><\/tr><tr class=''><td class=''>No\u017enice<br \/>\n<\/td><td class=''>Hlava<br \/>\n<\/td><td class=''>Perforovan\u00e1 doska<br \/>\n<\/td><td class=''>Adobe Stock<br \/>\n<\/td><td class=''>127055083<br \/>\n<\/td><\/tr><tr class=''><td class=''>No\u017enice<br \/>\n<\/td><td class=''>No\u017enice<br \/>\n<\/td><td class=''>Oce\u013eov\u00fd plech<br \/>\n<\/td><td class=''>Adobe Stock<br \/>\n<\/td><td class=''>33337544<br \/>\n<\/td><\/tr><tr class=''><td class=''>Oto\u010dn\u00e9 oh\u00fdba\u010dky<br \/>\n<\/td><td class=''>Hlava<br \/>\n<\/td><td class=''>Perforovan\u00e1 doska<br \/>\n<\/td><td class=''>Adobe Stock<br \/>\n<\/td><td class=''>127055083<br \/>\n<\/td><\/tr><tr class=''><td class=''>Oto\u010dn\u00e9 oh\u00fdba\u010dky<br \/>\n<\/td><td class=''>Oto\u010dn\u00e9 oh\u00fdba\u010dky<br \/>\n<\/td><td class=''>Oce\u013eov\u00fd plech<br \/>\n<\/td><td class=''>Adobe Stock<br \/>\n<\/td><td class=''>33337544<br \/>\n<\/td><\/tr><tr class=''><td class=''>Stroje na dierovanie a vykrajovanie<br \/>\n<\/td><td class=''>Hlava<br \/>\n<\/td><td class=''>Perforovan\u00e1 doska<br \/>\n<\/td><td class=''>Adobe Stock<br \/>\n<\/td><td class=''>127055083<br \/>\n<\/td><\/tr><tr class=''><td class=''>Stroje na dierovanie a vykrajovanie<br \/>\n<\/td><td class=''>Stroje na dierovanie a vykrajovanie<br \/>\n<\/td><td class=''>Oce\u013eov\u00fd plech<br \/>\n<\/td><td class=''>Adobe Stock<br \/>\n<\/td><td class=''>33337544<br \/>\n<\/td><\/tr><tr class=''><td class=''>Odv\u00edjacie zariadenia<br \/>\n<\/td><td class=''>Hlava<br \/>\n<\/td><td class=''>Perforovan\u00e1 doska<br \/>\n<\/td><td class=''>Adobe Stock<br \/>\n<\/td><td class=''>127055083<br \/>\n<\/td><\/tr><tr class=''><td class=''>Odv\u00edjacie zariadenia<br \/>\n<\/td><td class=''>Odv\u00edjacie zariadenia<br \/>\n<\/td><td class=''>Oce\u013eov\u00fd plech<br \/>\n<\/td><td class=''>Adobe Stock<br \/>\n<\/td><td class=''>33337544<br \/>\n<\/td><\/tr><tr class=''><td class=''>Zv\u00e1racie zariadenia<br \/>\n<\/td><td class=''>Hlava<br \/>\n<\/td><td class=''>Perforovan\u00e1 doska<br \/>\n<\/td><td class=''>Adobe Stock<br \/>\n<\/td><td class=''>127055083<br \/>\n<\/td><\/tr><tr class=''><td class=''>Zv\u00e1racie zariadenia<br \/>\n<\/td><td class=''>Zv\u00e1racie zariadenia<br \/>\n<\/td><td class=''>Oce\u013eov\u00fd plech<br \/>\n<\/td><td class=''>Adobe Stock<br \/>\n<\/td><td class=''>33337544<br \/>\n<\/td><\/tr><tr class=''><td class=''>Pou\u017eit\u00e9 stroje<br \/>\n<\/td><td class=''>Hlava<br \/>\n<\/td><td class=''>Perforovan\u00e1 doska<br \/>\n<\/td><td class=''>Adobe Stock<br \/>\n<\/td><td class=''>127055083<br \/>\n<\/td><\/tr><tr class=''><td class=''>Pou\u017eit\u00e9 stroje<br \/>\n<\/td><td class=''>Pou\u017eit\u00e9 stroje<br \/>\n<\/td><td class=''>Oce\u013eov\u00fd plech<br \/>\n<\/td><td class=''>Adobe Stock<br \/>\n<\/td><td class=''>33337544<br \/>\n<\/td><\/tr><tr class=''><td class=''>Pren\u00e1jom strojov<br \/>\n<\/td><td class=''>Hlava<br \/>\n<\/td><td class=''>Perforovan\u00e1 doska<br \/>\n<\/td><td class=''>Adobe Stock<br \/>\n<\/td><td class=''>127055083<br \/>\n<\/td><\/tr><tr class=''><td class=''>Pren\u00e1jom strojov<br \/>\n<\/td><td class=''>Pren\u00e1jom strojov<br \/>\n<\/td><td class=''>Oce\u013eov\u00fd plech<br \/>\n<\/td><td class=''>Adobe Stock<br \/>\n<\/td><td class=''>33337544<br \/>\n<\/td><\/tr><tr class=''><td class=''>N\u00e1stroje<br \/>\n<\/td><td class=''>Hlava<br \/>\n<\/td><td class=''>oh\u00fdban\u00fd plech<br \/>\n<\/td><td class=''>Adobe Stock<br \/>\n<\/td><td class=''>470925436<br \/>\n<\/td><\/tr><tr class=''><td class=''>Preh\u013ead po\u017eiadaviek na izol\u00e1ciu<br \/>\n<\/td><td class=''>Hlava<br \/>\n<\/td><td class=''>Oce\u013eov\u00fd plech<br \/>\n<\/td><td class=''>Adobe Stock<br \/>\n<\/td><td class=''>198019364<br \/>\n<\/td><\/tr><tr class=''><td class=''>Preh\u013ead po\u017eiadaviek na izol\u00e1ciu<br \/>\n<\/td><td class=''>Slep\u00e9 nity<br \/>\n<\/td><td class=''>Nity<br \/>\n<\/td><td class=''>Adobe Stock<br \/>\n<\/td><td class=''>257825519<br \/>\n<\/td><\/tr><tr class=''><td class=''>Preh\u013ead po\u017eiadaviek na izol\u00e1ciu<br \/>\n<\/td><td class=''>Nap\u00ednacie popruhy<br \/>\n<\/td><td class=''>Nap\u00ednacie popruhy<br \/>\n<\/td><td class=''>Adobe Stock<br \/>\n<\/td><td class=''>135354999<br \/>\n<\/td><\/tr><tr class=''><td class=''>Samorezn\u00e9 skrutky<br \/>\n<\/td><td class=''>Hlava<br \/>\n<\/td><td class=''>Oce\u013eov\u00fd plech<br \/>\n<\/td><td class=''>Adobe Stock<br \/>\n<\/td><td class=''>198019364<br \/>\n<\/td><\/tr><tr class=''><td class=''>Slep\u00e9 nity<br \/>\n<\/td><td class=''>Hlava<br \/>\n<\/td><td class=''>Oce\u013eov\u00fd plech<br \/>\n<\/td><td class=''>Adobe Stock<br \/>\n<\/td><td class=''>198019364<br \/>\n<\/td><\/tr><tr class=''><td class=''>Slep\u00e9 nity<br \/>\n<\/td><td class=''>Slep\u00e9 nity<br \/>\n<\/td><td class=''>Nity<br \/>\n<\/td><td class=''>Adobe Stock<br \/>\n<\/td><td class=''>257825519<br \/>\n<\/td><\/tr><tr class=''><td class=''>H\u00e1\u010diky, obj\u00edmky, spony<br \/>\n<\/td><td class=''>Hlava<br \/>\n<\/td><td class=''>Oce\u013eov\u00fd plech<br \/>\n<\/td><td class=''>Adobe Stock<br \/>\n<\/td><td class=''>198019364<br \/>\n<\/td><\/tr><tr class=''><td class=''>Spojovacie prvky uz\u00e1veru<br \/>\n<\/td><td class=''>Hlava<br \/>\n<\/td><td class=''>Oce\u013eov\u00fd plech<br \/>\n<\/td><td class=''>Adobe Stock<br \/>\n<\/td><td class=''>198019364<br \/>\n<\/td><\/tr><tr class=''><td class=''>Nap\u00ednacie popruhy<br \/>\n<\/td><td class=''>Hlava<br \/>\n<\/td><td class=''>Oce\u013eov\u00fd plech<br \/>\n<\/td><td class=''>Adobe Stock<br \/>\n<\/td><td class=''>198019364<br \/>\n<\/td><\/tr><tr class=''><td class=''>Nap\u00ednacie popruhy<br \/>\n<\/td><td class=''>Nap\u00ednacie popruhy<br \/>\n<\/td><td class=''>Nap\u00ednacie popruhy<br \/>\n<\/td><td class=''>Adobe Stock<br \/>\n<\/td><td class=''>135354999<br \/>\n<\/td><\/tr><tr class=''><td class=''>Dielensk\u00e9 potreby<br \/>\n<\/td><td class=''>Hlava<br \/>\n<\/td><td class=''>Plechov\u00e9 p\u00e1sy<br \/>\n<\/td><td class=''>Adobe Stock<br \/>\n<\/td><td class=''>256516437<br \/>\n<\/td><\/tr><tr class=''><td class=''>V\u00fdrobky TRUMPF<br \/>\n<\/td><td class=''>Hlava<br \/>\n<\/td><td class=''>Okraje plechu<br \/>\n<\/td><td class=''>Adobe Stock<br \/>\n<\/td><td class=''>167289987<br \/>\n<\/td><\/tr><tr class=''><td class=''>Slu\u017eba<br \/>\n<\/td><td class=''>Hlava<br \/>\n<\/td><td class=''>Portr\u00e9t mu\u017ea<br \/>\n<\/td><td class=''>Adobe Stock<br \/>\n<\/td><td class=''>269092425<br \/>\n<\/td><\/tr><tr class=''><td class=''>Slu\u017eba<br \/>\n<\/td><td class=''>Slu\u017eby &#8211; \u00dadr\u017eba\/oprava<br \/>\n<\/td><td class=''>Ruka<br \/>\n<\/td><td class=''>Adobe Stock<br \/>\n<\/td><td class=''>29474853<br \/>\n<\/td><\/tr><tr class=''><td class=''>Slu\u017eba<br \/>\n<\/td><td class=''>Slu\u017eby &#8211; N\u00e1hradn\u00e9 diely<br \/>\n<\/td><td class=''>Policov\u00fd sklad<br \/>\n<\/td><td class=''>Adobe Stock<br \/>\n<\/td><td class=''>176145628<br \/>\n<\/td><\/tr><tr class=''><td class=''>Slu\u017eba<br \/>\n<\/td><td class=''>Slu\u017eby &#8211; Pr\u00edslu\u0161enstvo<br \/>\n<\/td><td class=''>Kovov\u00e9 diely<br \/>\n<\/td><td class=''>Adobe Stock<br \/>\n<\/td><td class=''>112309031<br \/>\n<\/td><\/tr><tr class=''><td class=''>T\u00edm<br \/>\n<\/td><td class=''>Hlava<br \/>\n<\/td><td class=''>Perforovan\u00e1 doska<br \/>\n<\/td><td class=''>Adobe Stock<br \/>\n<\/td><td class=''>366770915<br \/>\n<\/td><\/tr><tr class=''><td class=''>T\u00edm<br \/>\n<\/td><td class=''>Hlava<br \/>\n<\/td><td class=''>Dvaja mu\u017ei<br \/>\n<\/td><td class=''>Adobe Stock<br \/>\n<\/td><td class=''>331579794<br \/>\n<\/td><\/tr><tr class=''><td class=''>Najnov\u0161ie spr\u00e1vy<br \/>\n<\/td><td class=''>Hlava<br \/>\n<\/td><td class=''>Perforovan\u00e1 doska<br \/>\n<\/td><td class=''>Adobe Stock<br \/>\n<\/td><td class=''>366770915<br \/>\n<\/td><\/tr><tr class=''><td class=''>Najnov\u0161ie spr\u00e1vy<br \/>\n<\/td><td class=''>Hlava<br \/>\n<\/td><td class=''>Hashtag<br \/>\n<\/td><td class=''>Adobe Stock<br \/>\n<\/td><td class=''>251127556<br \/>\n<\/td><\/tr><tr class=''><td class=''>Kari\u00e9ra<br \/>\n<\/td><td class=''>Hlava<br \/>\n<\/td><td class=''>Dvaja mu\u017ei<br \/>\n<\/td><td class=''>Adobe Stock<br \/>\n<\/td><td class=''>331579794<br \/>\n<\/td><\/tr><tr class=''><td class=''>Kari\u00e9ra<br \/>\n<\/td><td class=''>V\u00fdhody<br \/>\n<\/td><td class=''>Oce\u013eov\u00fd plech<br \/>\n<\/td><td class=''>Adobe Stock<br \/>\n<\/td><td class=''>33337544<br \/>\n<\/td><\/tr><tr class=''><td class=''>Medi\u00e1lne centrum<br \/>\n<\/td><td class=''>Hlava<br \/>\n<\/td><td class=''>Zakriven\u00e9 listy<br \/>\n<\/td><td class=''>Adobe Stock<br \/>\n<\/td><td class=''>293173747<br \/>\n<\/td><\/tr><tr class=''><td class=''>Medi\u00e1lne centrum<br \/>\n<\/td><td class=''>Hlava<br \/>\n<\/td><td class=''>Kniha<br \/>\n<\/td><td class=''>Adobe Stock<br \/>\n<\/td><td class=''>317613837<br \/>\n<\/td><\/tr><\/tbody><\/table><\/div><style type='text\/css'>.avia-table-1 td:nth-of-type(1):before { content: 'Zobrazenie str\u00e1nky'; } .avia-table-1 td:nth-of-type(2):before { content: 'Umiestnenie'; } .avia-table-1 td:nth-of-type(3):before { content: 'Mot\u00edv'; } .avia-table-1 td:nth-of-type(4):before { content: 'Zdroj\n'; } .avia-table-1 td:nth-of-type(5):before { content: '\u010c\u00edslo obr\u00e1zka\n'; } <\/style><\/div>\n","protected":false},"excerpt":{"rendered":"","protected":false},"author":1,"featured_media":0,"parent":0,"menu_order":13,"comment_status":"closed","ping_status":"closed","template":"","meta":{"_acf_changed":false,"inline_featured_image":false,"footnotes":""},"class_list":["post-12764","page","type-page","status-publish","hentry"],"acf":[],"yoast_head":"<!-- This site is optimized with the Yoast SEO plugin v27.3 - https:\/\/yoast.com\/product\/yoast-seo-wordpress\/ -->\n<title>Imprint | Wilhelm Hundt GmbH<\/title>\n<meta name=\"description\" content=\"Wilhelm Hundt GmbH: Imprint\" \/>\n<meta name=\"robots\" content=\"index, follow, max-snippet:-1, max-image-preview:large, max-video-preview:-1\" \/>\n<link rel=\"canonical\" href=\"https:\/\/hundtgroup.com\/sk\/odtlacok\/\" \/>\n<meta property=\"og:locale\" content=\"sk_SK\" \/>\n<meta property=\"og:type\" content=\"article\" \/>\n<meta property=\"og:title\" content=\"Imprint | Wilhelm Hundt GmbH\" \/>\n<meta property=\"og:description\" content=\"Wilhelm Hundt GmbH: Imprint\" \/>\n<meta property=\"og:url\" content=\"https:\/\/hundtgroup.com\/sk\/odtlacok\/\" \/>\n<meta property=\"og:site_name\" content=\"Wilhelm Hundt GmbH\" \/>\n<meta property=\"article:modified_time\" content=\"2026-03-09T10:44:13+00:00\" \/>\n<meta name=\"twitter:card\" content=\"summary_large_image\" \/>\n<meta name=\"twitter:label1\" content=\"Predpokladan\u00fd \u010das \u010d\u00edtania\" \/>\n\t<meta name=\"twitter:data1\" content=\"4 min\u00fata\" \/>\n<script type=\"application\/ld+json\" class=\"yoast-schema-graph\">{\"@context\":\"https:\\\/\\\/schema.org\",\"@graph\":[{\"@type\":\"WebPage\",\"@id\":\"https:\\\/\\\/hundtgroup.com\\\/sk\\\/odtlacok\\\/\",\"url\":\"https:\\\/\\\/hundtgroup.com\\\/sk\\\/odtlacok\\\/\",\"name\":\"Imprint | Wilhelm Hundt GmbH\",\"isPartOf\":{\"@id\":\"https:\\\/\\\/hundtgroup.com\\\/sk\\\/#website\"},\"datePublished\":\"2022-01-12T12:24:49+00:00\",\"dateModified\":\"2026-03-09T10:44:13+00:00\",\"description\":\"Wilhelm Hundt GmbH: Imprint\",\"breadcrumb\":{\"@id\":\"https:\\\/\\\/hundtgroup.com\\\/sk\\\/odtlacok\\\/#breadcrumb\"},\"inLanguage\":\"sk-SK\",\"potentialAction\":[{\"@type\":\"ReadAction\",\"target\":[\"https:\\\/\\\/hundtgroup.com\\\/sk\\\/odtlacok\\\/\"]}]},{\"@type\":\"BreadcrumbList\",\"@id\":\"https:\\\/\\\/hundtgroup.com\\\/sk\\\/odtlacok\\\/#breadcrumb\",\"itemListElement\":[{\"@type\":\"ListItem\",\"position\":1,\"name\":\"Startseite\",\"item\":\"https:\\\/\\\/hundtgroup.com\\\/sk\\\/domov-nove\\\/\"},{\"@type\":\"ListItem\",\"position\":2,\"name\":\"Odtla\u010dok\"}]},{\"@type\":\"WebSite\",\"@id\":\"https:\\\/\\\/hundtgroup.com\\\/sk\\\/#website\",\"url\":\"https:\\\/\\\/hundtgroup.com\\\/sk\\\/\",\"name\":\"Wilhelm Hundt GmbH\",\"description\":\"V\u00e1\u0161 \u0161pecialista na stroje a n\u00e1stroje na spracovanie plechu\",\"potentialAction\":[{\"@type\":\"SearchAction\",\"target\":{\"@type\":\"EntryPoint\",\"urlTemplate\":\"https:\\\/\\\/hundtgroup.com\\\/sk\\\/?s={search_term_string}\"},\"query-input\":{\"@type\":\"PropertyValueSpecification\",\"valueRequired\":true,\"valueName\":\"search_term_string\"}}],\"inLanguage\":\"sk-SK\"}]}<\/script>\n<!-- \/ Yoast SEO plugin. -->","yoast_head_json":{"title":"Imprint | Wilhelm Hundt GmbH","description":"Wilhelm Hundt GmbH: Imprint","robots":{"index":"index","follow":"follow","max-snippet":"max-snippet:-1","max-image-preview":"max-image-preview:large","max-video-preview":"max-video-preview:-1"},"canonical":"https:\/\/hundtgroup.com\/sk\/odtlacok\/","og_locale":"sk_SK","og_type":"article","og_title":"Imprint | Wilhelm Hundt GmbH","og_description":"Wilhelm Hundt GmbH: Imprint","og_url":"https:\/\/hundtgroup.com\/sk\/odtlacok\/","og_site_name":"Wilhelm Hundt GmbH","article_modified_time":"2026-03-09T10:44:13+00:00","twitter_card":"summary_large_image","twitter_misc":{"Predpokladan\u00fd \u010das \u010d\u00edtania":"4 min\u00fata"},"schema":{"@context":"https:\/\/schema.org","@graph":[{"@type":"WebPage","@id":"https:\/\/hundtgroup.com\/sk\/odtlacok\/","url":"https:\/\/hundtgroup.com\/sk\/odtlacok\/","name":"Imprint | Wilhelm Hundt GmbH","isPartOf":{"@id":"https:\/\/hundtgroup.com\/sk\/#website"},"datePublished":"2022-01-12T12:24:49+00:00","dateModified":"2026-03-09T10:44:13+00:00","description":"Wilhelm Hundt GmbH: Imprint","breadcrumb":{"@id":"https:\/\/hundtgroup.com\/sk\/odtlacok\/#breadcrumb"},"inLanguage":"sk-SK","potentialAction":[{"@type":"ReadAction","target":["https:\/\/hundtgroup.com\/sk\/odtlacok\/"]}]},{"@type":"BreadcrumbList","@id":"https:\/\/hundtgroup.com\/sk\/odtlacok\/#breadcrumb","itemListElement":[{"@type":"ListItem","position":1,"name":"Startseite","item":"https:\/\/hundtgroup.com\/sk\/domov-nove\/"},{"@type":"ListItem","position":2,"name":"Odtla\u010dok"}]},{"@type":"WebSite","@id":"https:\/\/hundtgroup.com\/sk\/#website","url":"https:\/\/hundtgroup.com\/sk\/","name":"Wilhelm Hundt GmbH","description":"V\u00e1\u0161 \u0161pecialista na stroje a n\u00e1stroje na spracovanie plechu","potentialAction":[{"@type":"SearchAction","target":{"@type":"EntryPoint","urlTemplate":"https:\/\/hundtgroup.com\/sk\/?s={search_term_string}"},"query-input":{"@type":"PropertyValueSpecification","valueRequired":true,"valueName":"search_term_string"}}],"inLanguage":"sk-SK"}]}},"_links":{"self":[{"href":"https:\/\/hundtgroup.com\/sk\/wp-json\/wp\/v2\/pages\/12764","targetHints":{"allow":["GET"]}}],"collection":[{"href":"https:\/\/hundtgroup.com\/sk\/wp-json\/wp\/v2\/pages"}],"about":[{"href":"https:\/\/hundtgroup.com\/sk\/wp-json\/wp\/v2\/types\/page"}],"author":[{"embeddable":true,"href":"https:\/\/hundtgroup.com\/sk\/wp-json\/wp\/v2\/users\/1"}],"replies":[{"embeddable":true,"href":"https:\/\/hundtgroup.com\/sk\/wp-json\/wp\/v2\/comments?post=12764"}],"version-history":[{"count":6,"href":"https:\/\/hundtgroup.com\/sk\/wp-json\/wp\/v2\/pages\/12764\/revisions"}],"predecessor-version":[{"id":41749,"href":"https:\/\/hundtgroup.com\/sk\/wp-json\/wp\/v2\/pages\/12764\/revisions\/41749"}],"wp:attachment":[{"href":"https:\/\/hundtgroup.com\/sk\/wp-json\/wp\/v2\/media?parent=12764"}],"curies":[{"name":"wp","href":"https:\/\/api.w.org\/{rel}","templated":true}]}}