{"id":12803,"date":"2022-01-17T15:13:39","date_gmt":"2022-01-17T14:13:39","guid":{"rendered":"https:\/\/hundtgroup.com\/kariera\/"},"modified":"2025-06-26T12:07:30","modified_gmt":"2025-06-26T10:07:30","slug":"kariera","status":"publish","type":"page","link":"https:\/\/hundtgroup.com\/sk\/o-nas\/kariera\/","title":{"rendered":"Kari\u00e9ra"},"content":{"rendered":"<div id='av_section_1'  class='avia-section av-7k2xh-ff5a1b8c55739fe29c49a5b988ca468b main_color avia-section-default avia-no-border-styling  avia-builder-el-0  el_before_av_section  avia-builder-el-first  section-no-padding-bottom avia-bg-style-scroll container_wrap fullsize'  ><div class='container av-section-cont-open' ><main  role=\"main\" itemprop=\"mainContentOfPage\"  class='template-page content  av-content-full alpha units'><div class='post-entry post-entry-type-page post-entry-12803'><div class='entry-content-wrapper clearfix'>\n<div  class='flex_column av-kyirpm96-a90b33f083ca7e815b92472bd1d3d5f8 av_one_full  avia-builder-el-1  avia-builder-el-no-sibling  max-width-three-fourth first flex_column_div  '     ><section  class='av_textblock_section av-kyirp8mp-5026a82b04e8424b85b9f1f86d7c14af '   itemscope=\"itemscope\" itemtype=\"https:\/\/schema.org\/CreativeWork\" ><div class='avia_textblock'  itemprop=\"text\" ><p>U\u017e 50 rokov sme pevne zakotvili na trhu ako \u0161pecialisti na spracovanie plechu a n\u00e1radia &#8211; sta\u0148te sa s\u00fa\u010das\u0165ou tohto \u00faspe\u0161n\u00e9ho pr\u00edbehu! Ako dynamicky sa rozv\u00edjaj\u00faca spolo\u010dnos\u0165 st\u00e1le h\u013ead\u00e1me nov\u00fdch, anga\u017eovan\u00fdch zamestnancov. Pon\u00fakame v\u00e1m zauj\u00edmav\u00e9 a rozmanit\u00e9 \u00falohy, spravodliv\u00e9 odme\u0148ovanie a pr\u00edjemn\u00fa pracovn\u00fa atmosf\u00e9ru v rodinnom podniku riadenom majite\u013eom.<\/p>\n<\/div><\/section><\/div>\n\n<\/div><\/div><\/main><!-- close content main element --><\/div><\/div><div id='av_section_2'  class='avia-section av-esv1p-3ee1199b615e894f539766df8c524f84 main_color avia-section-default avia-no-border-styling  avia-builder-el-3  el_after_av_section  el_before_av_section  avia-bg-style-scroll container_wrap fullsize'  ><div class='container av-section-cont-open' ><div class='template-page content  av-content-full alpha units'><div class='post-entry post-entry-type-page post-entry-12803'><div class='entry-content-wrapper clearfix'>\n<div  class='flex_column av-kyisucmu-9885f5334ed90f6c7faafba57b7ddae2 av_one_full  avia-builder-el-4  el_before_av_one_full  avia-builder-el-first  max-width-four-fifth first flex_column_div  '     ><p><div class=\"pxl-headline pxl-hl hl-wrap | hl-sub--top hl--align-left hl--large-margin   \">\n    <div class=\"hl-inner\">\n            <h2 class=\"hl-main hl-line |  hl_main--default  \">Na\u0161e aktu\u00e1lne <span>vo\u013en\u00e9 pracovn\u00e9 miesta<\/span><\/h2>\n            <div class=\"overline lightgrey\">\n              <span class=\"hl-sub hl-line |  hl_sub--default  \">Prihl\u00e1ste sa teraz<\/span>\n              <span class=\"overline-slant\"><\/span>\n            <\/div>\n    <\/div>\n<\/div>\n<br \/>\n<section  class='av_textblock_section av-6mqb9-f433746f831ff1f8533e557d10332d3b '   itemscope=\"itemscope\" itemtype=\"https:\/\/schema.org\/CreativeWork\" ><div class='avia_textblock'  itemprop=\"text\" ><p>Tu n\u00e1jdete preh\u013ead na\u0161ich vo\u013en\u00fdch pracovn\u00fdch miest. Te\u0161\u00edme sa na va\u0161u podrobn\u00fa \u017eiados\u0165! Nena\u0161li ste, \u010do h\u013ead\u00e1te? Vr\u00e1\u0165te sa, t\u00fato sekciu pravidelne aktualizujeme.<\/p>\n<\/div><\/section><\/p><\/div><div  class='flex_column av-feq31-5f5be21c17ea82a4698c3c611d9055e7 av_one_full  avia-builder-el-7  el_after_av_one_full  avia-builder-el-last  first flex_column_div  column-top-margin'     ><div class=\"grid grid-jobs\">\n\t<a id=\"jobs\" class=\"anchor\"><\/a>\n\t<div class=\"grid-items grid-inner\">\n\t\t\t\t\t<div class=\"job-card av_one_third flex_column first \">\n\t<div class=\"card-content\">\n\t\t\t\t<a href=\"https:\/\/hundtgroup.com\/sk\/ueber-uns\/karriere\/skladnik-plny-uvaezok\/\"><h3>Skladn\u00edk (pln\u00fd \u00fav\u00e4zok)<\/h3><\/a>\n\t\t<span class=\"gender\">(m\/\u017e\/d)<\/span>\n\t\t\t\t<\/div>\n\t\t<div class=\"card-action\">\n\t\t\t<div class=\"avia-button-wrap white\">\n\t\t\t\t<a href=\"https:\/\/hundtgroup.com\/sk\/ueber-uns\/karriere\/skladnik-plny-uvaezok\/\" class=\"avia-button avia-color-theme-color avia-icon_select-no avia-size-medium avia-position-left\"><span>Zistite viac<\/span><\/a>\n\t\t\t<\/div>\n\t\t<\/div>\n<\/div>\n\t\t\t<\/div>\n<\/div><\/div>\n\n<\/div><\/div><\/div><!-- close content main div --><\/div><\/div>\n<style type=\"text\/css\" data-created_by=\"avia_inline_auto\" id=\"style-css-av-kyirs700-08cbab76013bc746cb5e42dfcf382aa5\">\n.avia-section.av-kyirs700-08cbab76013bc746cb5e42dfcf382aa5{\nbackground-repeat:no-repeat;\nbackground-image:url(https:\/\/hundtgroup.com\/wp-content\/uploads\/hundt_background_metall.jpg);\nbackground-position:50% 50%;\nbackground-attachment:scroll;\n}\n<\/style>\n<div id='av_section_3'  class='avia-section av-kyirs700-08cbab76013bc746cb5e42dfcf382aa5 main_color avia-section-default avia-no-border-styling  avia-builder-el-9  el_after_av_section  avia-builder-el-last  avia-full-stretch avia-bg-style-scroll container_wrap fullsize'  data-section-bg-repeat='stretch'><div class='container av-section-cont-open' ><div class='template-page content  av-content-full alpha units'><div class='post-entry post-entry-type-page post-entry-12803'><div class='entry-content-wrapper clearfix'>\n<div  class='flex_column av-8ibyd-7f6592657a8d92922cad4a09c653f4f3 av_one_full  avia-builder-el-10  el_before_av_one_third  avia-builder-el-first  first flex_column_div  '     ><div class=\"pxl-headline pxl-hl hl-wrap | hl-sub--top hl--align-left hl--big-margin   \">\n    <div class=\"hl-inner\">\n            <h2 class=\"hl-main hl-line |  hl_main--default  \">Niektor\u00e9 z na\u0161ich <span>v\u00fdhod.<\/span><\/h2>\n            <div class=\"overline darkgrey\">\n              <span class=\"hl-sub hl-line |  hl_sub--default  \">\u010co v\u00e1m m\u00f4\u017eeme pon\u00faknu\u0165<\/span>\n              <span class=\"overline-slant\"><\/span>\n            <\/div>\n    <\/div>\n<\/div><\/div><div  class='flex_column av-grulp-f219df64774b7cd6407d45c712913850 av_one_third  avia-builder-el-12  el_after_av_one_full  el_before_av_one_third  first flex_column_div  column-top-margin'     ><div class=\"pixel-iconbox-wrap has-icon \">\n\n    \n    <div class=\"left-col \">\n\n            <div class=\"pixel-iconbox-icon-number-wrap\">\n        <img decoding=\"async\" src=\"https:\/\/hundtgroup.com\/wp-content\/uploads\/hundt-icon-checkmark.svg\" alt=\"https:\/\/hundtgroup.com\/wp-content\/uploads\/hundt-icon-checkmark.svg\" \/>\n      <\/div>\n      \n      \n    <\/div>\n\n    \n    \n    <div class=\"right-col\">\n\n      <div class=\"pixel-iconbox-content-wrap\">\n\n        <div class=\"pxl-headline pxl-hl hl-wrap | hl--align-left hl--no-margin\">\n          <div class=\"hl-inner\">\n            <h3 class=\"hl-main hl-line |  hl_main--default\">Spravodliv\u00e1 platba<\/h3>\n          <\/div>\n        <\/div>\n\n                <p>Dobr\u00e1 pr\u00e1ca mus\u00ed ma\u0165 zmysel. Preto priklad\u00e1me ve\u013ek\u00fd v\u00fdznam spravodliv\u00e9mu odme\u0148ovaniu. <\/p>\n        \n      <\/div>\n\n      \n          <\/div>\n<\/div><\/div><div  class='flex_column av-ri25h-26b53f614047b635f46a4291d2bd19f0 av_one_third  avia-builder-el-14  el_after_av_one_third  el_before_av_one_third  flex_column_div  column-top-margin'     ><div class=\"pixel-iconbox-wrap has-icon \">\n\n    \n    <div class=\"left-col \">\n\n            <div class=\"pixel-iconbox-icon-number-wrap\">\n        <img decoding=\"async\" src=\"https:\/\/hundtgroup.com\/wp-content\/uploads\/hundt-icon-checkmark.svg\" alt=\"https:\/\/hundtgroup.com\/wp-content\/uploads\/hundt-icon-checkmark.svg\" \/>\n      <\/div>\n      \n      \n    <\/div>\n\n    \n    \n    <div class=\"right-col\">\n\n      <div class=\"pixel-iconbox-content-wrap\">\n\n        <div class=\"pxl-headline pxl-hl hl-wrap | hl--align-left hl--no-margin\">\n          <div class=\"hl-inner\">\n            <h3 class=\"hl-main hl-line |  hl_main--default\">Vzru\u0161uj\u00face \u00falohy<\/h3>\n          <\/div>\n        <\/div>\n\n                <p>\u017diadne dva projekty nie s\u00fa rovnak\u00e9. Vzru\u0161enie a rozmanitos\u0165 s\u00fa s\u00fa\u010das\u0165ou na\u0161ej ka\u017edodennej pr\u00e1ce. <\/p>\n        \n      <\/div>\n\n      \n          <\/div>\n<\/div><\/div><div  class='flex_column av-g7bel-f0d6c04f2fd1b558566f4a5d561ec3e7 av_one_third  avia-builder-el-16  el_after_av_one_third  el_before_av_one_third  flex_column_div  column-top-margin'     ><div class=\"pixel-iconbox-wrap has-icon \">\n\n    \n    <div class=\"left-col \">\n\n            <div class=\"pixel-iconbox-icon-number-wrap\">\n        <img decoding=\"async\" src=\"https:\/\/hundtgroup.com\/wp-content\/uploads\/hundt-icon-checkmark.svg\" alt=\"https:\/\/hundtgroup.com\/wp-content\/uploads\/hundt-icon-checkmark.svg\" \/>\n      <\/div>\n      \n      \n    <\/div>\n\n    \n    \n    <div class=\"right-col\">\n\n      <div class=\"pixel-iconbox-content-wrap\">\n\n        <div class=\"pxl-headline pxl-hl hl-wrap | hl--align-left hl--no-margin\">\n          <div class=\"hl-inner\">\n            <h3 class=\"hl-main hl-line |  hl_main--default\">Ocenenie<\/h3>\n          <\/div>\n        <\/div>\n\n                <p>V\u00e1\u017eime si v\u00fdkon na\u0161ich zamestnancov, preto\u017ee s\u00fa k\u013e\u00fa\u010dom k n\u00e1\u0161mu \u00faspechu.<\/p>\n        \n      <\/div>\n\n      \n          <\/div>\n<\/div><\/div><div  class='flex_column av-2a6id-d05d515416c68a53e1fc65d316336e80 av_one_third  avia-builder-el-18  el_after_av_one_third  el_before_av_one_third  first flex_column_div  column-top-margin'     ><div class=\"pixel-iconbox-wrap has-icon \">\n\n    \n    <div class=\"left-col \">\n\n            <div class=\"pixel-iconbox-icon-number-wrap\">\n        <img decoding=\"async\" src=\"https:\/\/hundtgroup.com\/wp-content\/uploads\/hundt-icon-checkmark.svg\" alt=\"https:\/\/hundtgroup.com\/wp-content\/uploads\/hundt-icon-checkmark.svg\" \/>\n      <\/div>\n      \n      \n    <\/div>\n\n    \n    \n    <div class=\"right-col\">\n\n      <div class=\"pixel-iconbox-content-wrap\">\n\n        <div class=\"pxl-headline pxl-hl hl-wrap | hl--align-left hl--no-margin\">\n          <div class=\"hl-inner\">\n            <h3 class=\"hl-main hl-line |  hl_main--default\">Osobn\u00e1 zodpovednos\u0165<\/h3>\n          <\/div>\n        <\/div>\n\n                <p>Ste odborn\u00edkom vo svojom odbore a vyu\u017e\u00edvate vysok\u00fa mieru osobnej zodpovednosti.<\/p>\n        \n      <\/div>\n\n      \n          <\/div>\n<\/div><\/div><div  class='flex_column av-ehi3h-451046005684609ba08aa6f280ad8524 av_one_third  avia-builder-el-20  el_after_av_one_third  el_before_av_one_third  flex_column_div  column-top-margin'     ><div class=\"pixel-iconbox-wrap has-icon \">\n\n    \n    <div class=\"left-col \">\n\n            <div class=\"pixel-iconbox-icon-number-wrap\">\n        <img decoding=\"async\" src=\"https:\/\/hundtgroup.com\/wp-content\/uploads\/hundt-icon-checkmark.svg\" alt=\"https:\/\/hundtgroup.com\/wp-content\/uploads\/hundt-icon-checkmark.svg\" \/>\n      <\/div>\n      \n      \n    <\/div>\n\n    \n    \n    <div class=\"right-col\">\n\n      <div class=\"pixel-iconbox-content-wrap\">\n\n        <div class=\"pxl-headline pxl-hl hl-wrap | hl--align-left hl--no-margin\">\n          <div class=\"hl-inner\">\n            <h3 class=\"hl-main hl-line |  hl_main--default\">Ploch\u00e9 hierarchie<\/h3>\n          <\/div>\n        <\/div>\n\n                <p>Ploch\u00e9 hierarchie namiesto zlo\u017eit\u00e9ho schva\u013eovania n\u00e1m u\u013eah\u010duj\u00fa organiz\u00e1ciu pr\u00e1ce.<\/p>\n        \n      <\/div>\n\n      \n          <\/div>\n<\/div><\/div><div  class='flex_column av-bq4xp-de87c65db392d4a81e22ff500903ff93 av_one_third  avia-builder-el-22  el_after_av_one_third  avia-builder-el-last  flex_column_div  column-top-margin'     ><div class=\"pixel-iconbox-wrap has-icon \">\n\n    \n    <div class=\"left-col \">\n\n            <div class=\"pixel-iconbox-icon-number-wrap\">\n        <img decoding=\"async\" src=\"https:\/\/hundtgroup.com\/wp-content\/uploads\/hundt-icon-checkmark.svg\" alt=\"https:\/\/hundtgroup.com\/wp-content\/uploads\/hundt-icon-checkmark.svg\" \/>\n      <\/div>\n      \n      \n    <\/div>\n\n    \n    \n    <div class=\"right-col\">\n\n      <div class=\"pixel-iconbox-content-wrap\">\n\n        <div class=\"pxl-headline pxl-hl hl-wrap | hl--align-left hl--no-margin\">\n          <div class=\"hl-inner\">\n            <h3 class=\"hl-main hl-line |  hl_main--default\">T\u00edmov\u00fd duch<\/h3>\n          <\/div>\n        <\/div>\n\n                <p>Jeden za v\u0161etk\u00fdch, v\u0161etci za jedn\u00e9ho - sme dobre zohrat\u00fd t\u00edm a v\u017edy dr\u017e\u00edme spolu.<\/p>\n        \n      <\/div>\n\n      \n          <\/div>\n<\/div><\/div>\n\n","protected":false},"excerpt":{"rendered":"","protected":false},"author":1,"featured_media":0,"parent":12984,"menu_order":2,"comment_status":"closed","ping_status":"closed","template":"","meta":{"_acf_changed":false,"inline_featured_image":false,"footnotes":""},"class_list":["post-12803","page","type-page","status-publish","hentry"],"acf":[],"yoast_head":"<!-- This site is optimized with the Yoast SEO plugin v27.3 - https:\/\/yoast.com\/product\/yoast-seo-wordpress\/ -->\n<title>Kari\u00e9ra - Otvoren\u00e9 pracovn\u00e9 miesta v spolo\u010dnosti Hundt<\/title>\n<meta name=\"description\" content=\"Za\u010dnite svoju kari\u00e9ru v spolo\u010dnosti Hundt Group a sta\u0148te sa s\u00fa\u010das\u0165ou n\u00e1\u0161ho \u00faspe\u0161n\u00e9ho t\u00edmu. \u25baZistite viac teraz!\" \/>\n<meta name=\"robots\" content=\"index, follow, max-snippet:-1, max-image-preview:large, max-video-preview:-1\" \/>\n<link rel=\"canonical\" href=\"https:\/\/hundtgroup.com\/sk\/o-nas\/kariera\/\" \/>\n<meta property=\"og:locale\" content=\"sk_SK\" \/>\n<meta property=\"og:type\" content=\"article\" \/>\n<meta property=\"og:title\" content=\"Kari\u00e9ra - Otvoren\u00e9 pracovn\u00e9 miesta v spolo\u010dnosti Hundt\" \/>\n<meta property=\"og:description\" content=\"Za\u010dnite svoju kari\u00e9ru v spolo\u010dnosti Hundt Group a sta\u0148te sa s\u00fa\u010das\u0165ou n\u00e1\u0161ho \u00faspe\u0161n\u00e9ho t\u00edmu. \u25baZistite viac teraz!\" \/>\n<meta property=\"og:url\" content=\"https:\/\/hundtgroup.com\/sk\/o-nas\/kariera\/\" \/>\n<meta property=\"og:site_name\" content=\"Wilhelm Hundt GmbH\" \/>\n<meta property=\"article:modified_time\" content=\"2025-06-26T10:07:30+00:00\" \/>\n<meta name=\"twitter:card\" content=\"summary_large_image\" \/>\n<meta name=\"twitter:label1\" content=\"Predpokladan\u00fd \u010das \u010d\u00edtania\" \/>\n\t<meta name=\"twitter:data1\" content=\"20 min\u00fata\" \/>\n<script type=\"application\/ld+json\" class=\"yoast-schema-graph\">{\"@context\":\"https:\\\/\\\/schema.org\",\"@graph\":[{\"@type\":\"WebPage\",\"@id\":\"https:\\\/\\\/hundtgroup.com\\\/sk\\\/o-nas\\\/kariera\\\/\",\"url\":\"https:\\\/\\\/hundtgroup.com\\\/sk\\\/o-nas\\\/kariera\\\/\",\"name\":\"Kari\u00e9ra - Otvoren\u00e9 pracovn\u00e9 miesta v spolo\u010dnosti Hundt\",\"isPartOf\":{\"@id\":\"https:\\\/\\\/hundtgroup.com\\\/sk\\\/#website\"},\"datePublished\":\"2022-01-17T14:13:39+00:00\",\"dateModified\":\"2025-06-26T10:07:30+00:00\",\"description\":\"Za\u010dnite svoju kari\u00e9ru v spolo\u010dnosti Hundt Group a sta\u0148te sa s\u00fa\u010das\u0165ou n\u00e1\u0161ho \u00faspe\u0161n\u00e9ho t\u00edmu. \u25baZistite viac teraz!\",\"breadcrumb\":{\"@id\":\"https:\\\/\\\/hundtgroup.com\\\/sk\\\/o-nas\\\/kariera\\\/#breadcrumb\"},\"inLanguage\":\"sk-SK\",\"potentialAction\":[{\"@type\":\"ReadAction\",\"target\":[\"https:\\\/\\\/hundtgroup.com\\\/sk\\\/o-nas\\\/kariera\\\/\"]}]},{\"@type\":\"BreadcrumbList\",\"@id\":\"https:\\\/\\\/hundtgroup.com\\\/sk\\\/o-nas\\\/kariera\\\/#breadcrumb\",\"itemListElement\":[{\"@type\":\"ListItem\",\"position\":1,\"name\":\"Startseite\",\"item\":\"https:\\\/\\\/hundtgroup.com\\\/sk\\\/domov-nove\\\/\"},{\"@type\":\"ListItem\",\"position\":2,\"name\":\"O n\u00e1s\",\"item\":\"https:\\\/\\\/hundtgroup.com\\\/sk\\\/o-nas\\\/\"},{\"@type\":\"ListItem\",\"position\":3,\"name\":\"Kari\u00e9ra\"}]},{\"@type\":\"WebSite\",\"@id\":\"https:\\\/\\\/hundtgroup.com\\\/sk\\\/#website\",\"url\":\"https:\\\/\\\/hundtgroup.com\\\/sk\\\/\",\"name\":\"Wilhelm Hundt GmbH\",\"description\":\"V\u00e1\u0161 \u0161pecialista na stroje a n\u00e1stroje na spracovanie plechu\",\"potentialAction\":[{\"@type\":\"SearchAction\",\"target\":{\"@type\":\"EntryPoint\",\"urlTemplate\":\"https:\\\/\\\/hundtgroup.com\\\/sk\\\/?s={search_term_string}\"},\"query-input\":{\"@type\":\"PropertyValueSpecification\",\"valueRequired\":true,\"valueName\":\"search_term_string\"}}],\"inLanguage\":\"sk-SK\"}]}<\/script>\n<!-- \/ Yoast SEO plugin. -->","yoast_head_json":{"title":"Kari\u00e9ra - Otvoren\u00e9 pracovn\u00e9 miesta v spolo\u010dnosti Hundt","description":"Za\u010dnite svoju kari\u00e9ru v spolo\u010dnosti Hundt Group a sta\u0148te sa s\u00fa\u010das\u0165ou n\u00e1\u0161ho \u00faspe\u0161n\u00e9ho t\u00edmu. \u25baZistite viac teraz!","robots":{"index":"index","follow":"follow","max-snippet":"max-snippet:-1","max-image-preview":"max-image-preview:large","max-video-preview":"max-video-preview:-1"},"canonical":"https:\/\/hundtgroup.com\/sk\/o-nas\/kariera\/","og_locale":"sk_SK","og_type":"article","og_title":"Kari\u00e9ra - Otvoren\u00e9 pracovn\u00e9 miesta v spolo\u010dnosti Hundt","og_description":"Za\u010dnite svoju kari\u00e9ru v spolo\u010dnosti Hundt Group a sta\u0148te sa s\u00fa\u010das\u0165ou n\u00e1\u0161ho \u00faspe\u0161n\u00e9ho t\u00edmu. \u25baZistite viac teraz!","og_url":"https:\/\/hundtgroup.com\/sk\/o-nas\/kariera\/","og_site_name":"Wilhelm Hundt GmbH","article_modified_time":"2025-06-26T10:07:30+00:00","twitter_card":"summary_large_image","twitter_misc":{"Predpokladan\u00fd \u010das \u010d\u00edtania":"20 min\u00fata"},"schema":{"@context":"https:\/\/schema.org","@graph":[{"@type":"WebPage","@id":"https:\/\/hundtgroup.com\/sk\/o-nas\/kariera\/","url":"https:\/\/hundtgroup.com\/sk\/o-nas\/kariera\/","name":"Kari\u00e9ra - Otvoren\u00e9 pracovn\u00e9 miesta v spolo\u010dnosti Hundt","isPartOf":{"@id":"https:\/\/hundtgroup.com\/sk\/#website"},"datePublished":"2022-01-17T14:13:39+00:00","dateModified":"2025-06-26T10:07:30+00:00","description":"Za\u010dnite svoju kari\u00e9ru v spolo\u010dnosti Hundt Group a sta\u0148te sa s\u00fa\u010das\u0165ou n\u00e1\u0161ho \u00faspe\u0161n\u00e9ho t\u00edmu. \u25baZistite viac teraz!","breadcrumb":{"@id":"https:\/\/hundtgroup.com\/sk\/o-nas\/kariera\/#breadcrumb"},"inLanguage":"sk-SK","potentialAction":[{"@type":"ReadAction","target":["https:\/\/hundtgroup.com\/sk\/o-nas\/kariera\/"]}]},{"@type":"BreadcrumbList","@id":"https:\/\/hundtgroup.com\/sk\/o-nas\/kariera\/#breadcrumb","itemListElement":[{"@type":"ListItem","position":1,"name":"Startseite","item":"https:\/\/hundtgroup.com\/sk\/domov-nove\/"},{"@type":"ListItem","position":2,"name":"O n\u00e1s","item":"https:\/\/hundtgroup.com\/sk\/o-nas\/"},{"@type":"ListItem","position":3,"name":"Kari\u00e9ra"}]},{"@type":"WebSite","@id":"https:\/\/hundtgroup.com\/sk\/#website","url":"https:\/\/hundtgroup.com\/sk\/","name":"Wilhelm Hundt GmbH","description":"V\u00e1\u0161 \u0161pecialista na stroje a n\u00e1stroje na spracovanie plechu","potentialAction":[{"@type":"SearchAction","target":{"@type":"EntryPoint","urlTemplate":"https:\/\/hundtgroup.com\/sk\/?s={search_term_string}"},"query-input":{"@type":"PropertyValueSpecification","valueRequired":true,"valueName":"search_term_string"}}],"inLanguage":"sk-SK"}]}},"_links":{"self":[{"href":"https:\/\/hundtgroup.com\/sk\/wp-json\/wp\/v2\/pages\/12803","targetHints":{"allow":["GET"]}}],"collection":[{"href":"https:\/\/hundtgroup.com\/sk\/wp-json\/wp\/v2\/pages"}],"about":[{"href":"https:\/\/hundtgroup.com\/sk\/wp-json\/wp\/v2\/types\/page"}],"author":[{"embeddable":true,"href":"https:\/\/hundtgroup.com\/sk\/wp-json\/wp\/v2\/users\/1"}],"replies":[{"embeddable":true,"href":"https:\/\/hundtgroup.com\/sk\/wp-json\/wp\/v2\/comments?post=12803"}],"version-history":[{"count":0,"href":"https:\/\/hundtgroup.com\/sk\/wp-json\/wp\/v2\/pages\/12803\/revisions"}],"up":[{"embeddable":true,"href":"https:\/\/hundtgroup.com\/sk\/wp-json\/wp\/v2\/pages\/12984"}],"wp:attachment":[{"href":"https:\/\/hundtgroup.com\/sk\/wp-json\/wp\/v2\/media?parent=12803"}],"curies":[{"name":"wp","href":"https:\/\/api.w.org\/{rel}","templated":true}]}}