{"id":12972,"date":"2022-01-12T12:31:26","date_gmt":"2022-01-12T11:31:26","guid":{"rendered":"https:\/\/hundtgroup.com\/sluzba\/"},"modified":"2025-06-26T12:07:26","modified_gmt":"2025-06-26T10:07:26","slug":"sluzba","status":"publish","type":"page","link":"https:\/\/hundtgroup.com\/sk\/sluzba\/","title":{"rendered":"Slu\u017eba"},"content":{"rendered":"<div id='av_section_1'  class='avia-section av-wj3o-1e827280363d54ed45cf4028db29a615 main_color avia-section-default avia-no-border-styling  avia-builder-el-0  el_before_av_section  avia-builder-el-first  section-no-padding-bottom avia-bg-style-scroll container_wrap fullsize'  ><div class='container av-section-cont-open' ><main  role=\"main\" itemprop=\"mainContentOfPage\"  class='template-page content  av-content-full alpha units'><div class='post-entry post-entry-type-page post-entry-12972'><div class='entry-content-wrapper clearfix'>\n<div  class='flex_column av-kyk731yy-cf8a5835a34297e4dc568349f20e2810 av_one_full  avia-builder-el-1  avia-builder-el-no-sibling  max-width-three-fourth first flex_column_div  '     ><section  class='av_textblock_section av-kyk72t85-87be2851494756aab3df702a03229fbf '   itemscope=\"itemscope\" itemtype=\"https:\/\/schema.org\/CreativeWork\" ><div class='avia_textblock'  itemprop=\"text\" ><p>Nepred\u00e1vame len stroje a n\u00e1stroje na spracovanie plechov &#8211; v\u010faka na\u0161im komplexn\u00fdm slu\u017eb\u00e1m v\u00e1m pon\u00fakame aj ten spr\u00e1vny bal\u00edk pre v\u00e1\u0161 v\u00fdrobok. \u010ci u\u017e potrebujete pr\u00edslu\u0161enstvo a n\u00e1hradn\u00e9 diely alebo \u00fadr\u017ebu a opravy, m\u00f4\u017eete sa na n\u00e1s spo\u013eahn\u00fa\u0165!<\/p>\n<\/div><\/section><\/div>\n\n<\/div><\/div><\/main><!-- close content main element --><\/div><\/div><div id='av_section_2'  class='avia-section av-23woc-090c89ebba0e95338abaa139e592d60f main_color avia-section-default avia-no-border-styling  avia-builder-el-3  el_after_av_section  el_before_av_postcontent  responsive-two-col avia-bg-style-scroll container_wrap fullsize'  ><div class='container av-section-cont-open' ><div class='template-page content  av-content-full alpha units'><div class='post-entry post-entry-type-page post-entry-12972'><div class='entry-content-wrapper clearfix'>\n<div  class='flex_column av-5n78-f6dd8cda115f1a6cbe3213083f676723 av_one_full  avia-builder-el-4  el_before_av_one_third  avia-builder-el-first  first flex_column_div  '     ><div class=\"pxl-headline pxl-hl hl-wrap | hl-sub--top hl--align-left hl--no-margin   \">\n    <div class=\"hl-inner\">\n            <h2 class=\"hl-main hl-line |  hl_main--default  \">Na\u0161e <span>slu\u017eby<\/span><\/h2>\n            <div class=\"overline lightgrey\">\n              <span class=\"hl-sub hl-line |  hl_sub--default  \">\u010co v\u00e1m pon\u00fakame<\/span>\n              <span class=\"overline-slant\"><\/span>\n            <\/div>\n    <\/div>\n<\/div><\/div><div  class='flex_column av-12i2k-3546af1944e50f8226e5292f8e10ae09 av_one_third  avia-builder-el-6  el_after_av_one_full  el_before_av_one_third  first flex_column_div  column-top-margin'     ><p>\n<style type=\"text\/css\" data-created_by=\"avia_inline_auto\" id=\"style-css-av-kyk75r28-930a49ad2a2134d631fb1567595dee84\">\n.avia-image-container.av-kyk75r28-930a49ad2a2134d631fb1567595dee84 img.avia_image{\nbox-shadow:none;\n}\n.avia-image-container.av-kyk75r28-930a49ad2a2134d631fb1567595dee84 .av-image-caption-overlay-center{\ncolor:#ffffff;\n}\n<\/style>\n<div  class='avia-image-container av-kyk75r28-930a49ad2a2134d631fb1567595dee84 av-styling- avia-align-center  avia-builder-el-7  el_before_pixel_sc_headline  avia-builder-el-first '   itemprop=\"image\" itemscope=\"itemscope\" itemtype=\"https:\/\/schema.org\/ImageObject\" ><div class=\"avia-image-container-inner\"><div class=\"avia-image-overlay-wrap\"><img decoding=\"async\" fetchpriority=\"high\" class='wp-image-32568 avia-img-lazy-loading-not-32568 avia_image ' src=\"https:\/\/hundtgroup.com\/wp-content\/uploads\/hundt_content_reparatur.jpg\" alt='' title='hundt_content_reparatur'  height=\"424\" width=\"680\"  itemprop=\"thumbnailUrl\" srcset=\"https:\/\/hundtgroup.com\/wp-content\/uploads\/hundt_content_reparatur.jpg 680w, https:\/\/hundtgroup.com\/wp-content\/uploads\/hundt_content_reparatur-620x387.jpg 620w, https:\/\/hundtgroup.com\/wp-content\/uploads\/hundt_content_reparatur-300x187.jpg 300w\" sizes=\"(max-width: 680px) 100vw, 680px\" \/><\/div><\/div><\/div><br \/>\n<div class=\"pxl-headline pxl-hl hl-wrap | hl-sub--off hl--align-left hl--std-margin   \">\n    <div class=\"hl-inner\">\n            <h3 class=\"hl-main hl-line |  hl_main--default  \">\u00dadr\u017eba \/ oprava<\/h3>\n            <div class=\"overline lightgrey\">\n              \n              <span class=\"overline-slant\"><\/span>\n            <\/div>\n    <\/div>\n<\/div>\n<br \/>\n<section  class='av_textblock_section av-kyk76rij-0700ee1dff679528a303a45154d59478 '   itemscope=\"itemscope\" itemtype=\"https:\/\/schema.org\/CreativeWork\" ><div class='avia_textblock'  itemprop=\"text\" ><p>Stroje, ktor\u00e9 neboli dlh\u0161\u00ed \u010das servisovan\u00e9, \u010dasto predstavuj\u00fa bezpe\u010dnostn\u00e9 riziko. Ke\u010f\u017ee kedysi i\u0161lo o ve\u013ek\u00fa invest\u00edciu, je ekonomicky zmyslupln\u00e9 podrobi\u0165 tieto stroje kontrole.   <strong>Po\u0161lite n\u00e1m svoje stroje na &#8222;vylie\u010denie&#8220;!<\/strong><\/p>\n<ul>\n<li>Odborn\u00e1 kontrola va\u0161ich strojov a v\u00fdmena chybn\u00fdch dielov<\/li>\n<li>Prema\u013eovanie<\/li>\n<li>Prestavba elektricky poh\u00e1\u0148an\u00fdch strojov v s\u00falade s platn\u00fdmi predpismi zdru\u017een\u00ed pre poistenie zodpovednosti zamestn\u00e1vate\u013eov<\/li>\n<li>Kontrola v s\u00falade s DGUV V3 na zaistenie elektrickej bezpe\u010dnosti<\/li>\n<li>Oprava v\u0161etk\u00fdch nami dodan\u00fdch strojov, ako aj strojov od in\u00fdch v\u00fdrobcov<\/li>\n<\/ul>\n<\/div><\/section><\/p><\/div><div  class='flex_column av-2z4o8-89c03b2f1040d0d9fff764e1e9394c84 av_one_third  avia-builder-el-10  el_after_av_one_third  el_before_av_one_third  flex_column_div  column-top-margin'     ><p>\n<style type=\"text\/css\" data-created_by=\"avia_inline_auto\" id=\"style-css-av-20ed4-81a62fb95be3b188435ea8776a3a3fbc\">\n.avia-image-container.av-20ed4-81a62fb95be3b188435ea8776a3a3fbc img.avia_image{\nbox-shadow:none;\n}\n.avia-image-container.av-20ed4-81a62fb95be3b188435ea8776a3a3fbc .av-image-caption-overlay-center{\ncolor:#ffffff;\n}\n<\/style>\n<div  class='avia-image-container av-20ed4-81a62fb95be3b188435ea8776a3a3fbc av-styling- avia-align-center  avia-builder-el-11  el_before_pixel_sc_headline  avia-builder-el-first '   itemprop=\"image\" itemscope=\"itemscope\" itemtype=\"https:\/\/schema.org\/ImageObject\" ><div class=\"avia-image-container-inner\"><div class=\"avia-image-overlay-wrap\"><img decoding=\"async\" fetchpriority=\"high\" class='wp-image-32820 avia-img-lazy-loading-not-32820 avia_image ' src=\"https:\/\/hundtgroup.com\/wp-content\/uploads\/hundt_content_ersatzteile_green_2.jpg\" alt='' title='hundt_content_ersatzteile_green_2'  height=\"424\" width=\"680\"  itemprop=\"thumbnailUrl\" srcset=\"https:\/\/hundtgroup.com\/wp-content\/uploads\/hundt_content_ersatzteile_green_2.jpg 680w, https:\/\/hundtgroup.com\/wp-content\/uploads\/hundt_content_ersatzteile_green_2-620x387.jpg 620w, https:\/\/hundtgroup.com\/wp-content\/uploads\/hundt_content_ersatzteile_green_2-300x187.jpg 300w\" sizes=\"(max-width: 680px) 100vw, 680px\" \/><\/div><\/div><\/div><br \/>\n<div class=\"pxl-headline pxl-hl hl-wrap | hl-sub--off hl--align-left hl--std-margin   \">\n    <div class=\"hl-inner\">\n            <h3 class=\"hl-main hl-line |  hl_main--default  \">N\u00e1hradn\u00e9 diely<\/h3>\n            <div class=\"overline lightgrey\">\n              \n              <span class=\"overline-slant\"><\/span>\n            <\/div>\n    <\/div>\n<\/div>\n<br \/>\n<section  class='av_textblock_section av-kyk78pfu-1bb0253996a4742ba07b704f573c0229 '   itemscope=\"itemscope\" itemtype=\"https:\/\/schema.org\/CreativeWork\" ><div class='avia_textblock'  itemprop=\"text\" ><p>V na\u0161om sklade m\u00e1me n\u00e1hradn\u00e9 diely pre mnoh\u00e9 izola\u010dn\u00e9 stroje (HUNDT a in\u00e9 zna\u010dky).  <strong>Pre v\u00e1s to znamen\u00e1 spo\u013eahliv\u00fd a r\u00fdchly servis!<\/strong><\/p>\n<ul>\n<li>Viac ako 1000 dielov na sklade<\/li>\n<li>Dodanie do dvoch pracovn\u00fdch dn\u00ed<\/li>\n<li>Poradenstvo a odborn\u00e1 in\u0161tal\u00e1cia n\u00e1hradn\u00fdch dielov na\u0161imi servisn\u00fdmi technikmi<\/li>\n<li>Moderniz\u00e1cia a moderniz\u00e1cia<\/li>\n<\/ul>\n<\/div><\/section><\/p><\/div><div  class='flex_column av-1erqk-89190ad1a4c6c6f266304d4ae63f6038 av_one_third  avia-builder-el-14  el_after_av_one_third  avia-builder-el-last  flex_column_div  column-top-margin'     ><p>\n<style type=\"text\/css\" data-created_by=\"avia_inline_auto\" id=\"style-css-av-13e0k-7e001bf5e1929c65277919f882237edb\">\n.avia-image-container.av-13e0k-7e001bf5e1929c65277919f882237edb img.avia_image{\nbox-shadow:none;\n}\n.avia-image-container.av-13e0k-7e001bf5e1929c65277919f882237edb .av-image-caption-overlay-center{\ncolor:#ffffff;\n}\n<\/style>\n<div  class='avia-image-container av-13e0k-7e001bf5e1929c65277919f882237edb av-styling- avia-align-center  avia-builder-el-15  el_before_pixel_sc_headline  avia-builder-el-first '   itemprop=\"image\" itemscope=\"itemscope\" itemtype=\"https:\/\/schema.org\/ImageObject\" ><div class=\"avia-image-container-inner\"><div class=\"avia-image-overlay-wrap\"><img decoding=\"async\" fetchpriority=\"high\" class='wp-image-32554 avia-img-lazy-loading-not-32554 avia_image ' src=\"https:\/\/hundtgroup.com\/wp-content\/uploads\/hundt_content_zubehoer.jpg\" alt='' title='hundt_content_zubehoer'  height=\"424\" width=\"680\"  itemprop=\"thumbnailUrl\" srcset=\"https:\/\/hundtgroup.com\/wp-content\/uploads\/hundt_content_zubehoer.jpg 680w, https:\/\/hundtgroup.com\/wp-content\/uploads\/hundt_content_zubehoer-620x387.jpg 620w, https:\/\/hundtgroup.com\/wp-content\/uploads\/hundt_content_zubehoer-300x187.jpg 300w\" sizes=\"(max-width: 680px) 100vw, 680px\" \/><\/div><\/div><\/div><br \/>\n<div class=\"pxl-headline pxl-hl hl-wrap | hl-sub--off hl--align-left hl--std-margin   \">\n    <div class=\"hl-inner\">\n            <h3 class=\"hl-main hl-line |  hl_main--default  \">Pr\u00edslu\u0161enstvo<\/h3>\n            <div class=\"overline lightgrey\">\n              \n              <span class=\"overline-slant\"><\/span>\n            <\/div>\n    <\/div>\n<\/div>\n<br \/>\n<section  class='av_textblock_section av-kyk79rhs-f7c1ecf4c2abd1d6f678f69ad04c926c '   itemscope=\"itemscope\" itemtype=\"https:\/\/schema.org\/CreativeWork\" ><div class='avia_textblock'  itemprop=\"text\" ><p>Existuj\u00face stroje radi vybav\u00edme \u010fal\u0161\u00edm zariaden\u00edm. Napr\u00edklad: <\/p>\n<ul>\n<li><strong>Riadkov\u00e9 dierovanie:<\/strong><br \/>\nDierovacie jednotky<br \/>\nDierova\u010de a raznice<\/li>\n<li><strong>Kor\u00e1lkovacie stroje:<\/strong><br \/>\nVal\u010deky<br \/>\nK\u013e\u00fa\u010d na val\u010deky<br \/>\nDopravn\u00e9 zariadenia pre stohova\u010de<\/li>\n<li><strong>P\u00e1kov\u00e9 no\u017enice:<\/strong><br \/>\nNo\u017enice<br \/>\nZariadenia na prepravu vysokozdvi\u017en\u00fdch voz\u00edkov<\/li>\n<li><strong>Oto\u010dn\u00e9 oh\u00fdba\u010dky:<\/strong><br \/>\nPloch\u00e9 ko\u013eajnice<br \/>\nVkladacie ko\u013eajnice<br \/>\nH\u013abkov\u00e9 zar\u00e1\u017eky<\/li>\n<\/ul>\n<\/div><\/section><\/p><\/div>[av_section min_height='' min_height_pc='25' min_height_px='500px' padding='default' custom_margin='0px' custom_margin_sync='true' svg_div_top='' svg_div_top_color='#333333' svg_div_top_width='100' svg_div_top_height='50' svg_div_top_max_height='none' svg_div_top_opacity='' svg_div_bottom='' svg_div_bottom_color='#333333' svg_div_bottom_width='100' svg_div_bottom_height='50' svg_div_bottom_max_height='none' svg_div_bottom_opacity='' color='alternate_color' background='bg_color' custom_bg='' background_gradient_direction='vertical' background_gradient_color1='#000000' background_gradient_color2='#ffffff' background_gradient_color3='' src='' attachment='' attachment_size='' attach='scroll' position='top left' repeat='no-repeat' video='' video_ratio='16:9' overlay_opacity='0.5' overlay_color='' overlay_pattern='' overlay_custom_pattern='' shadow='no-border-styling' bottom_border='no-border-styling' bottom_border_diagonal_color='#333333' bottom_border_diagonal_direction='' bottom_border_style='' custom_arrow_bg='' id='' custom_class='' template_class='' aria_label='' av_element_hidden_in_editor='0' av_uid='av-1ypnr' sc_version='1.0']\n\n[av_one_full first min_height='' vertical_alignment='av-align-top' space='' row_boxshadow='' row_boxshadow_color='' row_boxshadow_width='10' custom_margin='' margin='0px' mobile_breaking='' mobile_column_order='' min_col_height='' padding='' svg_div_top='' svg_div_top_color='#333333' svg_div_top_width='100' svg_div_top_height='50' svg_div_top_max_height='none' svg_div_top_flip='' svg_div_top_invert='' svg_div_top_front='' svg_div_top_opacity='' svg_div_top_preview='' svg_div_bottom='' svg_div_bottom_color='#333333' svg_div_bottom_width='100' svg_div_bottom_height='50' svg_div_bottom_max_height='none' svg_div_bottom_flip='' svg_div_bottom_invert='' svg_div_bottom_front='' svg_div_bottom_opacity='' svg_div_bottom_preview='' border='' border_style='solid' border_color='' radius='' column_boxshadow='' column_boxshadow_color='' column_boxshadow_width='10' background='bg_color' background_color='' background_gradient_direction='vertical' background_gradient_color1='#000000' background_gradient_color2='#ffffff' background_gradient_color3='' src='' background_position='top left' background_repeat='no-repeat' highlight='' highlight_size='' animation='' link='' linktarget='' link_hover='' title_attr='' alt_attr='' mobile_display='' mobile_col_pos='0' id='' custom_class='' template_class='' aria_label='' av_uid='av-yfkb' sc_version='1.0']\n\n[pixel_sc_headline hl_main='Radi v\u00e1m predlo\u017e\u00edme <span>ponuku!<\/span>' hl_main_tag='h2' hl_sub_check='top' hl_sub='V\u00e1\u0161 kontakt na n\u00e1s' hl_sub_bg='grey' hl_sub_tag='span' align='left' hl_main_alias='default' hl_main_class='' hl_sub_alias='default' hl_sub_class='' hl_margin='hl--no-margin' hl_link='' hl_target='' custom_class='' template_class='' av_uid='av-kybixar1' sc_version='1.0']\n\n[\/av_one_full][av_one_third first min_height='' vertical_alignment='av-align-top' space='' row_boxshadow_color='' row_boxshadow_width='10' margin='0px' margin_sync='true' mobile_breaking='' mobile_column_order='' min_col_height='' padding='' padding_sync='true' svg_div_top='' svg_div_top_color='#333333' svg_div_top_width='100' svg_div_top_height='50' svg_div_top_max_height='none' svg_div_top_opacity='' svg_div_bottom='' svg_div_bottom_color='#333333' svg_div_bottom_width='100' svg_div_bottom_height='50' svg_div_bottom_max_height='none' svg_div_bottom_opacity='' border='' border_style='solid' border_color='' radius='' radius_sync='true' column_boxshadow_color='' column_boxshadow_width='10' background='bg_color' background_color='' background_gradient_direction='vertical' background_gradient_color1='#000000' background_gradient_color2='#ffffff' background_gradient_color3='' src='' attachment='' attachment_size='' background_position='top left' background_repeat='no-repeat' highlight_size='1.1' animation='' link='' linktarget='' link_hover='' title_attr='' alt_attr='' mobile_display='' mobile_col_pos='0' id='' custom_class='cf-infobox' template_class='' aria_label='' av_uid='av-1fbz3' sc_version='1.0']\n\n[av_textblock textblock_styling_align='' textblock_styling='' textblock_styling_gap='' textblock_styling_mobile='' size='' av-medium-font-size='' av-small-font-size='' av-mini-font-size='' font_color='' color='' id='' custom_class='' template_class='' av_uid='av-kybn8262' sc_version='1.0' admin_preview_bg='']\n<h4>Wilhelm Hundt GmbH<\/h4>\nSchwabhausen 25, 42349 Wuppertal\n\n<strong>Tel:<\/strong> <a href=\"tel:0202%20430448-0\">+49 202 430448-0<\/a>\n<strong>Fax:<\/strong> +49 202 430448-20\n<a href=\"mailto:info@hundt.de\">info@hundt.de<\/a>\n\n<strong>\u00daradn\u00e9 hodiny<\/strong>\nPo-\u010ct 7:00-17:00\nPi 7:00-14:00\n[\/av_textblock]\n\n[av_social_share title='' buttons='custom' btn_action='profile' share_facebook='aviaTBshare_facebook' share_linkedin='aviaTBshare_linkedin' yelp_link='https:\/\/www.yelp.com' facebook_profile='https:\/\/de-de.facebook.com\/WilhelmHundtGmbH\/' twitter_profile='' whatsapp_profile='' pinterest_profile='' reddit_profile='' linkedin_profile='https:\/\/de.linkedin.com\/company\/wilhelm-hundt-gmbh?trk=public_profile_experience-item_profile-section-card_subtitle-click' tumblr_profile='' vk_profile='' mail_profile='' yelp_profile='' five_100_px_profile='' behance_profile='' dribbble_profile='' flickr_profile='' instagram_profile='' skype_profile='' soundcloud_profile='' vimeo_profile='' xing_profile='' youtube_profile='' style='av-social-sharing-box-circle' alignment='' alb_description='' id='' custom_class='' template_class='' av_uid='av-kznw6i99' sc_version='1.0' admin_preview_bg='']\n\n[\/av_one_third][av_two_third min_height='' vertical_alignment='av-align-top' space='' row_boxshadow_color='' row_boxshadow_width='10' margin='0px' margin_sync='true' mobile_breaking='' mobile_column_order='' min_col_height='' padding='' padding_sync='true' svg_div_top='' svg_div_top_color='#333333' svg_div_top_width='100' svg_div_top_height='50' svg_div_top_max_height='none' svg_div_top_opacity='' svg_div_bottom='' svg_div_bottom_color='#333333' svg_div_bottom_width='100' svg_div_bottom_height='50' svg_div_bottom_max_height='none' svg_div_bottom_opacity='' border='' border_style='solid' border_color='' radius='' radius_sync='true' column_boxshadow_color='' column_boxshadow_width='10' background='bg_color' background_color='' background_gradient_direction='vertical' background_gradient_color1='#000000' background_gradient_color2='#ffffff' background_gradient_color3='' src='' attachment='' attachment_size='' background_position='top left' background_repeat='no-repeat' highlight_size='1.1' animation='' link='' linktarget='' link_hover='' title_attr='' alt_attr='' mobile_display='' mobile_col_pos='0' id='' custom_class='cf-form' template_class='' aria_label='' av_uid='av-qx6z' sc_version='1.0']\n\n[av_codeblock wrapper_element='' wrapper_element_attributes='' codeblock_type='' alb_description='' id='' custom_class='' template_class='' av_uid='av-kybiq5f2' sc_version='1.0']\n[contact-form-7 id=\"434\" title=\"Kontakt-Formular\"]\n[\/av_codeblock]\n\n[\/av_two_third][\/av_section]<\/p>\n","protected":false},"excerpt":{"rendered":"","protected":false},"author":1,"featured_media":0,"parent":0,"menu_order":11,"comment_status":"closed","ping_status":"closed","template":"","meta":{"_acf_changed":false,"inline_featured_image":false,"footnotes":""},"class_list":["post-12972","page","type-page","status-publish","hentry"],"acf":[],"yoast_head":"<!-- This site is optimized with the Yoast SEO plugin v27.3 - https:\/\/yoast.com\/product\/yoast-seo-wordpress\/ -->\n<title>Na\u0161e slu\u017eby | Wilhelm Hundt GmbH<\/title>\n<meta name=\"description\" content=\"Hundtove slu\u017eby: \u2713 \u00dadr\u017eba\/oprava \u2713 N\u00e1hradn\u00e9 diely \u2713 Pr\u00edslu\u0161enstvo \u25ba Viac inform\u00e1ci\u00ed teraz!\" \/>\n<meta name=\"robots\" content=\"index, follow, max-snippet:-1, max-image-preview:large, max-video-preview:-1\" \/>\n<link rel=\"canonical\" href=\"https:\/\/hundtgroup.com\/sk\/sluzba\/\" \/>\n<meta property=\"og:locale\" content=\"sk_SK\" \/>\n<meta property=\"og:type\" content=\"article\" \/>\n<meta property=\"og:title\" content=\"Na\u0161e slu\u017eby | Wilhelm Hundt GmbH\" \/>\n<meta property=\"og:description\" content=\"Hundtove slu\u017eby: \u2713 \u00dadr\u017eba\/oprava \u2713 N\u00e1hradn\u00e9 diely \u2713 Pr\u00edslu\u0161enstvo \u25ba Viac inform\u00e1ci\u00ed teraz!\" \/>\n<meta property=\"og:url\" content=\"https:\/\/hundtgroup.com\/sk\/sluzba\/\" \/>\n<meta property=\"og:site_name\" content=\"Wilhelm Hundt GmbH\" \/>\n<meta property=\"article:modified_time\" content=\"2025-06-26T10:07:26+00:00\" \/>\n<meta name=\"twitter:card\" content=\"summary_large_image\" \/>\n<meta name=\"twitter:label1\" content=\"Predpokladan\u00fd \u010das \u010d\u00edtania\" \/>\n\t<meta name=\"twitter:data1\" content=\"14 min\u00fata\" \/>\n<script type=\"application\/ld+json\" class=\"yoast-schema-graph\">{\"@context\":\"https:\\\/\\\/schema.org\",\"@graph\":[{\"@type\":\"WebPage\",\"@id\":\"https:\\\/\\\/hundtgroup.com\\\/sk\\\/sluzba\\\/\",\"url\":\"https:\\\/\\\/hundtgroup.com\\\/sk\\\/sluzba\\\/\",\"name\":\"Na\u0161e slu\u017eby | Wilhelm Hundt GmbH\",\"isPartOf\":{\"@id\":\"https:\\\/\\\/hundtgroup.com\\\/sk\\\/#website\"},\"datePublished\":\"2022-01-12T11:31:26+00:00\",\"dateModified\":\"2025-06-26T10:07:26+00:00\",\"description\":\"Hundtove slu\u017eby: \u2713 \u00dadr\u017eba\\\/oprava \u2713 N\u00e1hradn\u00e9 diely \u2713 Pr\u00edslu\u0161enstvo \u25ba Viac inform\u00e1ci\u00ed teraz!\",\"breadcrumb\":{\"@id\":\"https:\\\/\\\/hundtgroup.com\\\/sk\\\/sluzba\\\/#breadcrumb\"},\"inLanguage\":\"sk-SK\",\"potentialAction\":[{\"@type\":\"ReadAction\",\"target\":[\"https:\\\/\\\/hundtgroup.com\\\/sk\\\/sluzba\\\/\"]}]},{\"@type\":\"BreadcrumbList\",\"@id\":\"https:\\\/\\\/hundtgroup.com\\\/sk\\\/sluzba\\\/#breadcrumb\",\"itemListElement\":[{\"@type\":\"ListItem\",\"position\":1,\"name\":\"Startseite\",\"item\":\"https:\\\/\\\/hundtgroup.com\\\/sk\\\/domov-nove\\\/\"},{\"@type\":\"ListItem\",\"position\":2,\"name\":\"Slu\u017eba\"}]},{\"@type\":\"WebSite\",\"@id\":\"https:\\\/\\\/hundtgroup.com\\\/sk\\\/#website\",\"url\":\"https:\\\/\\\/hundtgroup.com\\\/sk\\\/\",\"name\":\"Wilhelm Hundt GmbH\",\"description\":\"V\u00e1\u0161 \u0161pecialista na stroje a n\u00e1stroje na spracovanie plechu\",\"potentialAction\":[{\"@type\":\"SearchAction\",\"target\":{\"@type\":\"EntryPoint\",\"urlTemplate\":\"https:\\\/\\\/hundtgroup.com\\\/sk\\\/?s={search_term_string}\"},\"query-input\":{\"@type\":\"PropertyValueSpecification\",\"valueRequired\":true,\"valueName\":\"search_term_string\"}}],\"inLanguage\":\"sk-SK\"}]}<\/script>\n<!-- \/ Yoast SEO plugin. -->","yoast_head_json":{"title":"Na\u0161e slu\u017eby | Wilhelm Hundt GmbH","description":"Hundtove slu\u017eby: \u2713 \u00dadr\u017eba\/oprava \u2713 N\u00e1hradn\u00e9 diely \u2713 Pr\u00edslu\u0161enstvo \u25ba Viac inform\u00e1ci\u00ed teraz!","robots":{"index":"index","follow":"follow","max-snippet":"max-snippet:-1","max-image-preview":"max-image-preview:large","max-video-preview":"max-video-preview:-1"},"canonical":"https:\/\/hundtgroup.com\/sk\/sluzba\/","og_locale":"sk_SK","og_type":"article","og_title":"Na\u0161e slu\u017eby | Wilhelm Hundt GmbH","og_description":"Hundtove slu\u017eby: \u2713 \u00dadr\u017eba\/oprava \u2713 N\u00e1hradn\u00e9 diely \u2713 Pr\u00edslu\u0161enstvo \u25ba Viac inform\u00e1ci\u00ed teraz!","og_url":"https:\/\/hundtgroup.com\/sk\/sluzba\/","og_site_name":"Wilhelm Hundt GmbH","article_modified_time":"2025-06-26T10:07:26+00:00","twitter_card":"summary_large_image","twitter_misc":{"Predpokladan\u00fd \u010das \u010d\u00edtania":"14 min\u00fata"},"schema":{"@context":"https:\/\/schema.org","@graph":[{"@type":"WebPage","@id":"https:\/\/hundtgroup.com\/sk\/sluzba\/","url":"https:\/\/hundtgroup.com\/sk\/sluzba\/","name":"Na\u0161e slu\u017eby | Wilhelm Hundt GmbH","isPartOf":{"@id":"https:\/\/hundtgroup.com\/sk\/#website"},"datePublished":"2022-01-12T11:31:26+00:00","dateModified":"2025-06-26T10:07:26+00:00","description":"Hundtove slu\u017eby: \u2713 \u00dadr\u017eba\/oprava \u2713 N\u00e1hradn\u00e9 diely \u2713 Pr\u00edslu\u0161enstvo \u25ba Viac inform\u00e1ci\u00ed teraz!","breadcrumb":{"@id":"https:\/\/hundtgroup.com\/sk\/sluzba\/#breadcrumb"},"inLanguage":"sk-SK","potentialAction":[{"@type":"ReadAction","target":["https:\/\/hundtgroup.com\/sk\/sluzba\/"]}]},{"@type":"BreadcrumbList","@id":"https:\/\/hundtgroup.com\/sk\/sluzba\/#breadcrumb","itemListElement":[{"@type":"ListItem","position":1,"name":"Startseite","item":"https:\/\/hundtgroup.com\/sk\/domov-nove\/"},{"@type":"ListItem","position":2,"name":"Slu\u017eba"}]},{"@type":"WebSite","@id":"https:\/\/hundtgroup.com\/sk\/#website","url":"https:\/\/hundtgroup.com\/sk\/","name":"Wilhelm Hundt GmbH","description":"V\u00e1\u0161 \u0161pecialista na stroje a n\u00e1stroje na spracovanie plechu","potentialAction":[{"@type":"SearchAction","target":{"@type":"EntryPoint","urlTemplate":"https:\/\/hundtgroup.com\/sk\/?s={search_term_string}"},"query-input":{"@type":"PropertyValueSpecification","valueRequired":true,"valueName":"search_term_string"}}],"inLanguage":"sk-SK"}]}},"_links":{"self":[{"href":"https:\/\/hundtgroup.com\/sk\/wp-json\/wp\/v2\/pages\/12972","targetHints":{"allow":["GET"]}}],"collection":[{"href":"https:\/\/hundtgroup.com\/sk\/wp-json\/wp\/v2\/pages"}],"about":[{"href":"https:\/\/hundtgroup.com\/sk\/wp-json\/wp\/v2\/types\/page"}],"author":[{"embeddable":true,"href":"https:\/\/hundtgroup.com\/sk\/wp-json\/wp\/v2\/users\/1"}],"replies":[{"embeddable":true,"href":"https:\/\/hundtgroup.com\/sk\/wp-json\/wp\/v2\/comments?post=12972"}],"version-history":[{"count":0,"href":"https:\/\/hundtgroup.com\/sk\/wp-json\/wp\/v2\/pages\/12972\/revisions"}],"wp:attachment":[{"href":"https:\/\/hundtgroup.com\/sk\/wp-json\/wp\/v2\/media?parent=12972"}],"curies":[{"name":"wp","href":"https:\/\/api.w.org\/{rel}","templated":true}]}}