{"id":13020,"date":"2022-03-11T14:29:02","date_gmt":"2022-03-11T13:29:02","guid":{"rendered":"https:\/\/hundtgroup.com\/nakupny-kosik\/"},"modified":"2025-06-26T12:09:19","modified_gmt":"2025-06-26T10:09:19","slug":"nakupny-kosik","status":"publish","type":"page","link":"https:\/\/hundtgroup.com\/sk\/obchod\/nakupny-kosik\/","title":{"rendered":"N\u00e1kupn\u00fd ko\u0161\u00edk"},"content":{"rendered":"<h1>N\u00e1kupn\u00fd ko\u0161\u00edk<\/h1>\n\n","protected":false},"excerpt":{"rendered":"","protected":false},"author":1,"featured_media":0,"parent":13340,"menu_order":3,"comment_status":"closed","ping_status":"closed","template":"","meta":{"_acf_changed":false,"inline_featured_image":false,"footnotes":""},"class_list":["post-13020","page","type-page","status-publish","hentry"],"acf":[],"yoast_head":"<!-- This site is optimized with the Yoast SEO plugin v27.3 - https:\/\/yoast.com\/product\/yoast-seo-wordpress\/ -->\n<title>V\u00e1\u0161 n\u00e1kupn\u00fd ko\u0161\u00edk na Hundt - Preh\u013ead v\u0161etk\u00fdch polo\u017eiek<\/title>\n<meta name=\"description\" content=\"Spravujte svoje n\u00e1kupy a vlo\u017ete po\u017eadovan\u00fd tovar do n\u00e1kupn\u00e9ho ko\u0161\u00edka Hundt.\" \/>\n<meta name=\"robots\" content=\"index, follow, max-snippet:-1, max-image-preview:large, max-video-preview:-1\" \/>\n<link rel=\"canonical\" href=\"https:\/\/hundtgroup.com\/sk\/obchod\/nakupny-kosik\/\" \/>\n<meta property=\"og:locale\" content=\"sk_SK\" \/>\n<meta property=\"og:type\" content=\"article\" \/>\n<meta property=\"og:title\" content=\"V\u00e1\u0161 n\u00e1kupn\u00fd ko\u0161\u00edk na Hundt - Preh\u013ead v\u0161etk\u00fdch polo\u017eiek\" \/>\n<meta property=\"og:description\" content=\"Spravujte svoje n\u00e1kupy a vlo\u017ete po\u017eadovan\u00fd tovar do n\u00e1kupn\u00e9ho ko\u0161\u00edka Hundt.\" \/>\n<meta property=\"og:url\" content=\"https:\/\/hundtgroup.com\/sk\/obchod\/nakupny-kosik\/\" \/>\n<meta property=\"og:site_name\" content=\"Wilhelm Hundt GmbH\" \/>\n<meta property=\"article:modified_time\" content=\"2025-06-26T10:09:19+00:00\" \/>\n<meta name=\"twitter:card\" content=\"summary_large_image\" \/>\n<script type=\"application\/ld+json\" class=\"yoast-schema-graph\">{\"@context\":\"https:\\\/\\\/schema.org\",\"@graph\":[{\"@type\":\"WebPage\",\"@id\":\"https:\\\/\\\/hundtgroup.com\\\/sk\\\/obchod\\\/nakupny-kosik\\\/\",\"url\":\"https:\\\/\\\/hundtgroup.com\\\/sk\\\/obchod\\\/nakupny-kosik\\\/\",\"name\":\"V\u00e1\u0161 n\u00e1kupn\u00fd ko\u0161\u00edk na Hundt - Preh\u013ead v\u0161etk\u00fdch polo\u017eiek\",\"isPartOf\":{\"@id\":\"https:\\\/\\\/hundtgroup.com\\\/sk\\\/#website\"},\"datePublished\":\"2022-03-11T13:29:02+00:00\",\"dateModified\":\"2025-06-26T10:09:19+00:00\",\"description\":\"Spravujte svoje n\u00e1kupy a vlo\u017ete po\u017eadovan\u00fd tovar do n\u00e1kupn\u00e9ho ko\u0161\u00edka Hundt.\",\"breadcrumb\":{\"@id\":\"https:\\\/\\\/hundtgroup.com\\\/sk\\\/obchod\\\/nakupny-kosik\\\/#breadcrumb\"},\"inLanguage\":\"sk-SK\",\"potentialAction\":[{\"@type\":\"ReadAction\",\"target\":[\"https:\\\/\\\/hundtgroup.com\\\/sk\\\/obchod\\\/nakupny-kosik\\\/\"]}]},{\"@type\":\"BreadcrumbList\",\"@id\":\"https:\\\/\\\/hundtgroup.com\\\/sk\\\/obchod\\\/nakupny-kosik\\\/#breadcrumb\",\"itemListElement\":[{\"@type\":\"ListItem\",\"position\":1,\"name\":\"Startseite\",\"item\":\"https:\\\/\\\/hundtgroup.com\\\/sk\\\/domov-nove\\\/\"},{\"@type\":\"ListItem\",\"position\":2,\"name\":\"Obchod\",\"item\":\"https:\\\/\\\/hundtgroup.com\\\/sk\\\/obchod\\\/\"},{\"@type\":\"ListItem\",\"position\":3,\"name\":\"N\u00e1kupn\u00fd ko\u0161\u00edk\"}]},{\"@type\":\"WebSite\",\"@id\":\"https:\\\/\\\/hundtgroup.com\\\/sk\\\/#website\",\"url\":\"https:\\\/\\\/hundtgroup.com\\\/sk\\\/\",\"name\":\"Wilhelm Hundt GmbH\",\"description\":\"V\u00e1\u0161 \u0161pecialista na stroje a n\u00e1stroje na spracovanie plechu\",\"potentialAction\":[{\"@type\":\"SearchAction\",\"target\":{\"@type\":\"EntryPoint\",\"urlTemplate\":\"https:\\\/\\\/hundtgroup.com\\\/sk\\\/?s={search_term_string}\"},\"query-input\":{\"@type\":\"PropertyValueSpecification\",\"valueRequired\":true,\"valueName\":\"search_term_string\"}}],\"inLanguage\":\"sk-SK\"}]}<\/script>\n<!-- \/ Yoast SEO plugin. -->","yoast_head_json":{"title":"V\u00e1\u0161 n\u00e1kupn\u00fd ko\u0161\u00edk na Hundt - Preh\u013ead v\u0161etk\u00fdch polo\u017eiek","description":"Spravujte svoje n\u00e1kupy a vlo\u017ete po\u017eadovan\u00fd tovar do n\u00e1kupn\u00e9ho ko\u0161\u00edka Hundt.","robots":{"index":"index","follow":"follow","max-snippet":"max-snippet:-1","max-image-preview":"max-image-preview:large","max-video-preview":"max-video-preview:-1"},"canonical":"https:\/\/hundtgroup.com\/sk\/obchod\/nakupny-kosik\/","og_locale":"sk_SK","og_type":"article","og_title":"V\u00e1\u0161 n\u00e1kupn\u00fd ko\u0161\u00edk na Hundt - Preh\u013ead v\u0161etk\u00fdch polo\u017eiek","og_description":"Spravujte svoje n\u00e1kupy a vlo\u017ete po\u017eadovan\u00fd tovar do n\u00e1kupn\u00e9ho ko\u0161\u00edka Hundt.","og_url":"https:\/\/hundtgroup.com\/sk\/obchod\/nakupny-kosik\/","og_site_name":"Wilhelm Hundt GmbH","article_modified_time":"2025-06-26T10:09:19+00:00","twitter_card":"summary_large_image","schema":{"@context":"https:\/\/schema.org","@graph":[{"@type":"WebPage","@id":"https:\/\/hundtgroup.com\/sk\/obchod\/nakupny-kosik\/","url":"https:\/\/hundtgroup.com\/sk\/obchod\/nakupny-kosik\/","name":"V\u00e1\u0161 n\u00e1kupn\u00fd ko\u0161\u00edk na Hundt - Preh\u013ead v\u0161etk\u00fdch polo\u017eiek","isPartOf":{"@id":"https:\/\/hundtgroup.com\/sk\/#website"},"datePublished":"2022-03-11T13:29:02+00:00","dateModified":"2025-06-26T10:09:19+00:00","description":"Spravujte svoje n\u00e1kupy a vlo\u017ete po\u017eadovan\u00fd tovar do n\u00e1kupn\u00e9ho ko\u0161\u00edka Hundt.","breadcrumb":{"@id":"https:\/\/hundtgroup.com\/sk\/obchod\/nakupny-kosik\/#breadcrumb"},"inLanguage":"sk-SK","potentialAction":[{"@type":"ReadAction","target":["https:\/\/hundtgroup.com\/sk\/obchod\/nakupny-kosik\/"]}]},{"@type":"BreadcrumbList","@id":"https:\/\/hundtgroup.com\/sk\/obchod\/nakupny-kosik\/#breadcrumb","itemListElement":[{"@type":"ListItem","position":1,"name":"Startseite","item":"https:\/\/hundtgroup.com\/sk\/domov-nove\/"},{"@type":"ListItem","position":2,"name":"Obchod","item":"https:\/\/hundtgroup.com\/sk\/obchod\/"},{"@type":"ListItem","position":3,"name":"N\u00e1kupn\u00fd ko\u0161\u00edk"}]},{"@type":"WebSite","@id":"https:\/\/hundtgroup.com\/sk\/#website","url":"https:\/\/hundtgroup.com\/sk\/","name":"Wilhelm Hundt GmbH","description":"V\u00e1\u0161 \u0161pecialista na stroje a n\u00e1stroje na spracovanie plechu","potentialAction":[{"@type":"SearchAction","target":{"@type":"EntryPoint","urlTemplate":"https:\/\/hundtgroup.com\/sk\/?s={search_term_string}"},"query-input":{"@type":"PropertyValueSpecification","valueRequired":true,"valueName":"search_term_string"}}],"inLanguage":"sk-SK"}]}},"_links":{"self":[{"href":"https:\/\/hundtgroup.com\/sk\/wp-json\/wp\/v2\/pages\/13020","targetHints":{"allow":["GET"]}}],"collection":[{"href":"https:\/\/hundtgroup.com\/sk\/wp-json\/wp\/v2\/pages"}],"about":[{"href":"https:\/\/hundtgroup.com\/sk\/wp-json\/wp\/v2\/types\/page"}],"author":[{"embeddable":true,"href":"https:\/\/hundtgroup.com\/sk\/wp-json\/wp\/v2\/users\/1"}],"replies":[{"embeddable":true,"href":"https:\/\/hundtgroup.com\/sk\/wp-json\/wp\/v2\/comments?post=13020"}],"version-history":[{"count":0,"href":"https:\/\/hundtgroup.com\/sk\/wp-json\/wp\/v2\/pages\/13020\/revisions"}],"up":[{"embeddable":true,"href":"https:\/\/hundtgroup.com\/sk\/wp-json\/wp\/v2\/pages\/13340"}],"wp:attachment":[{"href":"https:\/\/hundtgroup.com\/sk\/wp-json\/wp\/v2\/media?parent=13020"}],"curies":[{"name":"wp","href":"https:\/\/api.w.org\/{rel}","templated":true}]}}