{"id":13029,"date":"2022-03-11T14:29:02","date_gmt":"2022-03-11T13:29:02","guid":{"rendered":"https:\/\/hundtgroup.com\/moje-konto\/"},"modified":"2025-06-26T12:09:19","modified_gmt":"2025-06-26T10:09:19","slug":"moje-konto","status":"publish","type":"page","link":"https:\/\/hundtgroup.com\/sk\/obchod\/moje-konto\/","title":{"rendered":"Moje konto"},"content":{"rendered":"<div class=\"woocommerce\"><\/div>\n","protected":false},"excerpt":{"rendered":"","protected":false},"author":1,"featured_media":0,"parent":13340,"menu_order":1,"comment_status":"closed","ping_status":"closed","template":"","meta":{"_acf_changed":false,"inline_featured_image":false,"footnotes":""},"class_list":["post-13029","page","type-page","status-publish","hentry"],"acf":[],"yoast_head":"<!-- This site is optimized with the Yoast SEO plugin v27.3 - https:\/\/yoast.com\/product\/yoast-seo-wordpress\/ -->\n<title>M\u00f4j \u00fa\u010det Hundt - pr\u00edstup k objedn\u00e1vkam, adres\u00e1m a mnoh\u00e9mu \u010fal\u0161iemu.<\/title>\n<meta name=\"description\" content=\"Prihl\u00e1ste sa do svojho \u00fa\u010dtu Hundt a spravujte svoje objedn\u00e1vky, adresy a nastavenia jednoducho a pohodlne.\" \/>\n<meta name=\"robots\" content=\"index, follow, max-snippet:-1, max-image-preview:large, max-video-preview:-1\" \/>\n<link rel=\"canonical\" href=\"https:\/\/hundtgroup.com\/sk\/obchod\/moje-konto\/\" \/>\n<meta property=\"og:locale\" content=\"sk_SK\" \/>\n<meta property=\"og:type\" content=\"article\" \/>\n<meta property=\"og:title\" content=\"M\u00f4j \u00fa\u010det Hundt - pr\u00edstup k objedn\u00e1vkam, adres\u00e1m a mnoh\u00e9mu \u010fal\u0161iemu.\" \/>\n<meta property=\"og:description\" content=\"Prihl\u00e1ste sa do svojho \u00fa\u010dtu Hundt a spravujte svoje objedn\u00e1vky, adresy a nastavenia jednoducho a pohodlne.\" \/>\n<meta property=\"og:url\" content=\"https:\/\/hundtgroup.com\/sk\/obchod\/moje-konto\/\" \/>\n<meta property=\"og:site_name\" content=\"Wilhelm Hundt GmbH\" \/>\n<meta property=\"article:modified_time\" content=\"2025-06-26T10:09:19+00:00\" \/>\n<meta name=\"twitter:card\" content=\"summary_large_image\" \/>\n<script type=\"application\/ld+json\" class=\"yoast-schema-graph\">{\"@context\":\"https:\\\/\\\/schema.org\",\"@graph\":[{\"@type\":\"WebPage\",\"@id\":\"https:\\\/\\\/hundtgroup.com\\\/sk\\\/obchod\\\/moje-konto\\\/\",\"url\":\"https:\\\/\\\/hundtgroup.com\\\/sk\\\/obchod\\\/moje-konto\\\/\",\"name\":\"M\u00f4j \u00fa\u010det Hundt - pr\u00edstup k objedn\u00e1vkam, adres\u00e1m a mnoh\u00e9mu \u010fal\u0161iemu.\",\"isPartOf\":{\"@id\":\"https:\\\/\\\/hundtgroup.com\\\/sk\\\/#website\"},\"datePublished\":\"2022-03-11T13:29:02+00:00\",\"dateModified\":\"2025-06-26T10:09:19+00:00\",\"description\":\"Prihl\u00e1ste sa do svojho \u00fa\u010dtu Hundt a spravujte svoje objedn\u00e1vky, adresy a nastavenia jednoducho a pohodlne.\",\"breadcrumb\":{\"@id\":\"https:\\\/\\\/hundtgroup.com\\\/sk\\\/obchod\\\/moje-konto\\\/#breadcrumb\"},\"inLanguage\":\"sk-SK\",\"potentialAction\":[{\"@type\":\"ReadAction\",\"target\":[\"https:\\\/\\\/hundtgroup.com\\\/sk\\\/obchod\\\/moje-konto\\\/\"]}]},{\"@type\":\"BreadcrumbList\",\"@id\":\"https:\\\/\\\/hundtgroup.com\\\/sk\\\/obchod\\\/moje-konto\\\/#breadcrumb\",\"itemListElement\":[{\"@type\":\"ListItem\",\"position\":1,\"name\":\"Startseite\",\"item\":\"https:\\\/\\\/hundtgroup.com\\\/sk\\\/domov-nove\\\/\"},{\"@type\":\"ListItem\",\"position\":2,\"name\":\"Obchod\",\"item\":\"https:\\\/\\\/hundtgroup.com\\\/sk\\\/obchod\\\/\"},{\"@type\":\"ListItem\",\"position\":3,\"name\":\"Moje konto\"}]},{\"@type\":\"WebSite\",\"@id\":\"https:\\\/\\\/hundtgroup.com\\\/sk\\\/#website\",\"url\":\"https:\\\/\\\/hundtgroup.com\\\/sk\\\/\",\"name\":\"Wilhelm Hundt GmbH\",\"description\":\"V\u00e1\u0161 \u0161pecialista na stroje a n\u00e1stroje na spracovanie plechu\",\"potentialAction\":[{\"@type\":\"SearchAction\",\"target\":{\"@type\":\"EntryPoint\",\"urlTemplate\":\"https:\\\/\\\/hundtgroup.com\\\/sk\\\/?s={search_term_string}\"},\"query-input\":{\"@type\":\"PropertyValueSpecification\",\"valueRequired\":true,\"valueName\":\"search_term_string\"}}],\"inLanguage\":\"sk-SK\"}]}<\/script>\n<!-- \/ Yoast SEO plugin. -->","yoast_head_json":{"title":"M\u00f4j \u00fa\u010det Hundt - pr\u00edstup k objedn\u00e1vkam, adres\u00e1m a mnoh\u00e9mu \u010fal\u0161iemu.","description":"Prihl\u00e1ste sa do svojho \u00fa\u010dtu Hundt a spravujte svoje objedn\u00e1vky, adresy a nastavenia jednoducho a pohodlne.","robots":{"index":"index","follow":"follow","max-snippet":"max-snippet:-1","max-image-preview":"max-image-preview:large","max-video-preview":"max-video-preview:-1"},"canonical":"https:\/\/hundtgroup.com\/sk\/obchod\/moje-konto\/","og_locale":"sk_SK","og_type":"article","og_title":"M\u00f4j \u00fa\u010det Hundt - pr\u00edstup k objedn\u00e1vkam, adres\u00e1m a mnoh\u00e9mu \u010fal\u0161iemu.","og_description":"Prihl\u00e1ste sa do svojho \u00fa\u010dtu Hundt a spravujte svoje objedn\u00e1vky, adresy a nastavenia jednoducho a pohodlne.","og_url":"https:\/\/hundtgroup.com\/sk\/obchod\/moje-konto\/","og_site_name":"Wilhelm Hundt GmbH","article_modified_time":"2025-06-26T10:09:19+00:00","twitter_card":"summary_large_image","schema":{"@context":"https:\/\/schema.org","@graph":[{"@type":"WebPage","@id":"https:\/\/hundtgroup.com\/sk\/obchod\/moje-konto\/","url":"https:\/\/hundtgroup.com\/sk\/obchod\/moje-konto\/","name":"M\u00f4j \u00fa\u010det Hundt - pr\u00edstup k objedn\u00e1vkam, adres\u00e1m a mnoh\u00e9mu \u010fal\u0161iemu.","isPartOf":{"@id":"https:\/\/hundtgroup.com\/sk\/#website"},"datePublished":"2022-03-11T13:29:02+00:00","dateModified":"2025-06-26T10:09:19+00:00","description":"Prihl\u00e1ste sa do svojho \u00fa\u010dtu Hundt a spravujte svoje objedn\u00e1vky, adresy a nastavenia jednoducho a pohodlne.","breadcrumb":{"@id":"https:\/\/hundtgroup.com\/sk\/obchod\/moje-konto\/#breadcrumb"},"inLanguage":"sk-SK","potentialAction":[{"@type":"ReadAction","target":["https:\/\/hundtgroup.com\/sk\/obchod\/moje-konto\/"]}]},{"@type":"BreadcrumbList","@id":"https:\/\/hundtgroup.com\/sk\/obchod\/moje-konto\/#breadcrumb","itemListElement":[{"@type":"ListItem","position":1,"name":"Startseite","item":"https:\/\/hundtgroup.com\/sk\/domov-nove\/"},{"@type":"ListItem","position":2,"name":"Obchod","item":"https:\/\/hundtgroup.com\/sk\/obchod\/"},{"@type":"ListItem","position":3,"name":"Moje konto"}]},{"@type":"WebSite","@id":"https:\/\/hundtgroup.com\/sk\/#website","url":"https:\/\/hundtgroup.com\/sk\/","name":"Wilhelm Hundt GmbH","description":"V\u00e1\u0161 \u0161pecialista na stroje a n\u00e1stroje na spracovanie plechu","potentialAction":[{"@type":"SearchAction","target":{"@type":"EntryPoint","urlTemplate":"https:\/\/hundtgroup.com\/sk\/?s={search_term_string}"},"query-input":{"@type":"PropertyValueSpecification","valueRequired":true,"valueName":"search_term_string"}}],"inLanguage":"sk-SK"}]}},"_links":{"self":[{"href":"https:\/\/hundtgroup.com\/sk\/wp-json\/wp\/v2\/pages\/13029","targetHints":{"allow":["GET"]}}],"collection":[{"href":"https:\/\/hundtgroup.com\/sk\/wp-json\/wp\/v2\/pages"}],"about":[{"href":"https:\/\/hundtgroup.com\/sk\/wp-json\/wp\/v2\/types\/page"}],"author":[{"embeddable":true,"href":"https:\/\/hundtgroup.com\/sk\/wp-json\/wp\/v2\/users\/1"}],"replies":[{"embeddable":true,"href":"https:\/\/hundtgroup.com\/sk\/wp-json\/wp\/v2\/comments?post=13029"}],"version-history":[{"count":0,"href":"https:\/\/hundtgroup.com\/sk\/wp-json\/wp\/v2\/pages\/13029\/revisions"}],"up":[{"embeddable":true,"href":"https:\/\/hundtgroup.com\/sk\/wp-json\/wp\/v2\/pages\/13340"}],"wp:attachment":[{"href":"https:\/\/hundtgroup.com\/sk\/wp-json\/wp\/v2\/media?parent=13029"}],"curies":[{"name":"wp","href":"https:\/\/api.w.org\/{rel}","templated":true}]}}