{"id":13074,"date":"2022-03-16T11:55:46","date_gmt":"2022-03-16T10:55:46","guid":{"rendered":"https:\/\/hundtgroup.com\/zasady-zrusenia\/"},"modified":"2025-06-26T12:09:19","modified_gmt":"2025-06-26T10:09:19","slug":"zasady-zrusenia","status":"publish","type":"page","link":"https:\/\/hundtgroup.com\/sk\/obchod\/zasady-zrusenia\/","title":{"rendered":"Z\u00e1sady zru\u0161enia"},"content":{"rendered":"<div id='av_section_1'  class='avia-section av-2sl9s-ce1ce7ae9fb18ca1bfd02c768aeff783 main_color avia-section-default avia-no-border-styling  avia-builder-el-0  avia-builder-el-no-sibling  avia-bg-style-scroll container_wrap fullsize'  ><div class='container av-section-cont-open' ><main  role=\"main\" itemprop=\"mainContentOfPage\"  class='template-page content  av-content-full alpha units'><div class='post-entry post-entry-type-page post-entry-13074'><div class='entry-content-wrapper clearfix'>\n<div  class='flex_column av-2bm5s-12e59aa6892b139d7db93fa9c175de19 av_one_full  avia-builder-el-1  el_before_av_one_half  avia-builder-el-first  first av-break-at-tablet flex_column_div  '     ><div class=\"pxl-headline pxl-hl hl-wrap | hl-sub--off hl--align-left hl--no-margin   \">\n    <div class=\"hl-inner\">\n            <h1 class=\"hl-main hl-line |  hl_main--default  \">Pr\u00e1vo na zru\u0161enie<\/h1>\n            <div class=\"overline lightgrey\">\n              \n              <span class=\"overline-slant\"><\/span>\n            <\/div>\n    <\/div>\n<\/div><\/div><div  class='flex_column av-19duk-203c71f2b7316c109b6c9028b2bb783c av_one_half  avia-builder-el-3  el_after_av_one_full  el_before_av_one_half  first av-break-at-tablet flex_column_div  column-top-margin'     ><section  class='av_textblock_section av-kyllgorp-ab49c557e96d149ccd0bdfb148880aa9 '   itemscope=\"itemscope\" itemtype=\"https:\/\/schema.org\/CreativeWork\" ><div class='avia_textblock'  itemprop=\"text\" ><h3>Pr\u00e1vo na zru\u0161enie<\/h3>\n<p>M\u00e1te pr\u00e1vo odst\u00fapi\u0165 od zmluvy do \u0161trn\u00e1stich dn\u00ed bez udania d\u00f4vodu.<\/p>\n<p>\u00da\u010dinn\u00e1 zmluva s nami je uzavret\u00e1 po tom, \u010do ste dostali na\u0161e potvrdenie objedn\u00e1vky.<\/p>\n<p>Lehota na odst\u00fapenie od zmluvy je \u0161trn\u00e1s\u0165 dn\u00ed odo d\u0148a, ke\u010f ste vy alebo vami ur\u010den\u00e1 tretia strana, ktor\u00e1 nie je dopravcom, prevzali tovar.<\/p>\n<p>Ak chcete uplatni\u0165 svoje pr\u00e1vo na odst\u00fapenie od zmluvy, mus\u00edte n\u00e1s o svojom rozhodnut\u00ed odst\u00fapi\u0165 od zmluvy informova\u0165, Wilhelm Hundt GmbH, Schwabhausen 25, 42349 Wuppertal, tel.: 0202\/430448-0\/ Fax: 0202\/430448-20, e-mail: info@hundt.de jasn\u00fdm vyhl\u00e1sen\u00edm (napr. listom zaslan\u00fdm po\u0161tou, faxom alebo e-mailom). M\u00f4\u017eete pou\u017ei\u0165 prilo\u017een\u00fd vzorov\u00fd formul\u00e1r na zru\u0161enie zmluvy, ale nie je to povinn\u00e9.<\/p>\n<p>M\u00f4\u017eete vyplni\u0165 vzorov\u00fd formul\u00e1r na odst\u00fapenie od zmluvy alebo in\u00e9 preh\u013eadn\u00e9 vyhl\u00e1senie a zasla\u0165 n\u00e1m ho pomocou vy\u0161\u0161ie uveden\u00fdch \u00fadajov. Na dodr\u017eanie lehoty na odst\u00fapenie od zmluvy sta\u010d\u00ed, ak ozn\u00e1menie o uplatnen\u00ed pr\u00e1va na odst\u00fapenie od zmluvy za\u0161lete pred uplynut\u00edm lehoty na odst\u00fapenie od zmluvy. <\/p>\n<h3>D\u00f4sledky zru\u0161enia<\/h3>\n<p>Ak odst\u00fapite od zmluvy, vr\u00e1time v\u00e1m v\u0161etky platby, ktor\u00e9 sme od v\u00e1s prijali, vr\u00e1tane n\u00e1kladov na doru\u010denie (s v\u00fdnimkou dodato\u010dn\u00fdch n\u00e1kladov vypl\u00fdvaj\u00facich z v\u00e1\u0161ho v\u00fdberu in\u00e9ho typu doru\u010denia, ako je najlacnej\u0161\u00ed typ \u0161tandardn\u00e9ho doru\u010denia, ktor\u00fd pon\u00fakame), a to bez zbyto\u010dn\u00e9ho odkladu a v ka\u017edom pr\u00edpade najnesk\u00f4r do 14 dn\u00ed odo d\u0148a, ke\u010f sme boli informovan\u00ed o va\u0161om rozhodnut\u00ed odst\u00fapi\u0165 od tejto zmluvy. Na toto vr\u00e1tenie pou\u017eijeme rovnak\u00fd platobn\u00fd prostriedok, ktor\u00fd ste pou\u017eili pri p\u00f4vodnej transakcii, pokia\u013e sa s vami v\u00fdslovne nedohodneme inak; v \u017eiadnom pr\u00edpade v\u00e1m za toto vr\u00e1tenie nebudeme \u00fa\u010dtova\u0165 \u017eiadne poplatky. <\/p>\n<p>Priame n\u00e1klady na vr\u00e1tenie tovaru zn\u00e1\u0161ate vy.<\/p>\n<p>M\u00f4\u017eeme v\u00e1m odmietnu\u0165 vr\u00e1ti\u0165 peniaze, k\u00fdm nedostaneme tovar sp\u00e4\u0165 alebo k\u00fdm nepredlo\u017e\u00edte d\u00f4kaz, \u017ee ste tovar vr\u00e1tili, pod\u013ea toho, \u010do nastane sk\u00f4r.<\/p>\n<\/div><\/section><\/div><div  class='flex_column av-rl3w-f06583f4044d095245411ef6c8430cfc av_one_half  avia-builder-el-5  el_after_av_one_half  avia-builder-el-last  av-break-at-tablet flex_column_div  column-top-margin'     ><section  class='av_textblock_section av-kyllqexe-41b8fbccf53431dd941cd32608e1feca '   itemscope=\"itemscope\" itemtype=\"https:\/\/schema.org\/CreativeWork\" ><div class='avia_textblock'  itemprop=\"text\" ><h3>Vzor formul\u00e1ra na zru\u0161enie<\/h3>\n<p>Ak chcete zru\u0161i\u0165 zmluvu, vypl\u0148te tento formul\u00e1r a vr\u00e1\u0165te n\u00e1m ho:<br \/>\nWilhelm Hundt GmbH, Schwabhausen 25, 42349 Wuppertal, fax 0202\/430448-20, info@hundt.de<\/p>\n<ul>\n<li>Ja\/my (*) t\u00fdmto odstupujem\/odstupujeme od zmluvy uzavretej medzi mnou\/n\u00e1mi (*) na n\u00e1kup<\/li>\n<li>tohto tovaru (*)\/poskytnutie tejto slu\u017eby (*):<br \/>\nObjednan\u00e9 d\u0148a (*)\/obdr\u017ean\u00e9 d\u0148a (*):<\/li>\n<li>N\u00e1zov spotrebite\u013ea (spotrebite\u013eov):<\/li>\n<li>Adresa spotrebite\u013ea (spotrebite\u013eov):<\/li>\n<li>Podpis spotrebite\u013ea (spotrebite\u013eov) (len v pr\u00edpade ozn\u00e1menia v papierovej forme):<br \/>\nD\u00e1tum:<\/li>\n<\/ul>\n<p>(*) Nehodiace sa pre\u010diarknite<\/p>\n<\/div><\/section><\/div>\n","protected":false},"excerpt":{"rendered":"","protected":false},"author":1,"featured_media":0,"parent":13340,"menu_order":4,"comment_status":"closed","ping_status":"closed","template":"","meta":{"_acf_changed":false,"inline_featured_image":false,"footnotes":""},"class_list":["post-13074","page","type-page","status-publish","hentry"],"acf":[],"yoast_head":"<!-- This site is optimized with the Yoast SEO plugin v27.3 - https:\/\/yoast.com\/product\/yoast-seo-wordpress\/ -->\n<title>Storno podmienky v spolo\u010dnosti Hundt - preh\u013ead va\u0161ich pr\u00e1v<\/title>\n<meta name=\"description\" content=\"Zistite, ak\u00e9 s\u00fa va\u0161e pr\u00e1va ako z\u00e1kazn\u00edka spolo\u010dnosti Hundt.\" \/>\n<meta name=\"robots\" content=\"index, follow, max-snippet:-1, max-image-preview:large, max-video-preview:-1\" \/>\n<link rel=\"canonical\" href=\"https:\/\/hundtgroup.com\/sk\/obchod\/zasady-zrusenia\/\" \/>\n<meta property=\"og:locale\" content=\"sk_SK\" \/>\n<meta property=\"og:type\" content=\"article\" \/>\n<meta property=\"og:title\" content=\"Storno podmienky v spolo\u010dnosti Hundt - preh\u013ead va\u0161ich pr\u00e1v\" \/>\n<meta property=\"og:description\" content=\"Zistite, ak\u00e9 s\u00fa va\u0161e pr\u00e1va ako z\u00e1kazn\u00edka spolo\u010dnosti Hundt.\" \/>\n<meta property=\"og:url\" content=\"https:\/\/hundtgroup.com\/sk\/obchod\/zasady-zrusenia\/\" \/>\n<meta property=\"og:site_name\" content=\"Wilhelm Hundt GmbH\" \/>\n<meta property=\"article:modified_time\" content=\"2025-06-26T10:09:19+00:00\" \/>\n<meta name=\"twitter:card\" content=\"summary_large_image\" \/>\n<meta name=\"twitter:label1\" content=\"Predpokladan\u00fd \u010das \u010d\u00edtania\" \/>\n\t<meta name=\"twitter:data1\" content=\"8 min\u00fata\" \/>\n<script type=\"application\/ld+json\" class=\"yoast-schema-graph\">{\"@context\":\"https:\\\/\\\/schema.org\",\"@graph\":[{\"@type\":\"WebPage\",\"@id\":\"https:\\\/\\\/hundtgroup.com\\\/sk\\\/obchod\\\/zasady-zrusenia\\\/\",\"url\":\"https:\\\/\\\/hundtgroup.com\\\/sk\\\/obchod\\\/zasady-zrusenia\\\/\",\"name\":\"Storno podmienky v spolo\u010dnosti Hundt - preh\u013ead va\u0161ich pr\u00e1v\",\"isPartOf\":{\"@id\":\"https:\\\/\\\/hundtgroup.com\\\/sk\\\/#website\"},\"datePublished\":\"2022-03-16T10:55:46+00:00\",\"dateModified\":\"2025-06-26T10:09:19+00:00\",\"description\":\"Zistite, ak\u00e9 s\u00fa va\u0161e pr\u00e1va ako z\u00e1kazn\u00edka spolo\u010dnosti Hundt.\",\"breadcrumb\":{\"@id\":\"https:\\\/\\\/hundtgroup.com\\\/sk\\\/obchod\\\/zasady-zrusenia\\\/#breadcrumb\"},\"inLanguage\":\"sk-SK\",\"potentialAction\":[{\"@type\":\"ReadAction\",\"target\":[\"https:\\\/\\\/hundtgroup.com\\\/sk\\\/obchod\\\/zasady-zrusenia\\\/\"]}]},{\"@type\":\"BreadcrumbList\",\"@id\":\"https:\\\/\\\/hundtgroup.com\\\/sk\\\/obchod\\\/zasady-zrusenia\\\/#breadcrumb\",\"itemListElement\":[{\"@type\":\"ListItem\",\"position\":1,\"name\":\"Startseite\",\"item\":\"https:\\\/\\\/hundtgroup.com\\\/sk\\\/domov-nove\\\/\"},{\"@type\":\"ListItem\",\"position\":2,\"name\":\"Obchod\",\"item\":\"https:\\\/\\\/hundtgroup.com\\\/sk\\\/obchod\\\/\"},{\"@type\":\"ListItem\",\"position\":3,\"name\":\"Z\u00e1sady zru\u0161enia\"}]},{\"@type\":\"WebSite\",\"@id\":\"https:\\\/\\\/hundtgroup.com\\\/sk\\\/#website\",\"url\":\"https:\\\/\\\/hundtgroup.com\\\/sk\\\/\",\"name\":\"Wilhelm Hundt GmbH\",\"description\":\"V\u00e1\u0161 \u0161pecialista na stroje a n\u00e1stroje na spracovanie plechu\",\"potentialAction\":[{\"@type\":\"SearchAction\",\"target\":{\"@type\":\"EntryPoint\",\"urlTemplate\":\"https:\\\/\\\/hundtgroup.com\\\/sk\\\/?s={search_term_string}\"},\"query-input\":{\"@type\":\"PropertyValueSpecification\",\"valueRequired\":true,\"valueName\":\"search_term_string\"}}],\"inLanguage\":\"sk-SK\"}]}<\/script>\n<!-- \/ Yoast SEO plugin. -->","yoast_head_json":{"title":"Storno podmienky v spolo\u010dnosti Hundt - preh\u013ead va\u0161ich pr\u00e1v","description":"Zistite, ak\u00e9 s\u00fa va\u0161e pr\u00e1va ako z\u00e1kazn\u00edka spolo\u010dnosti Hundt.","robots":{"index":"index","follow":"follow","max-snippet":"max-snippet:-1","max-image-preview":"max-image-preview:large","max-video-preview":"max-video-preview:-1"},"canonical":"https:\/\/hundtgroup.com\/sk\/obchod\/zasady-zrusenia\/","og_locale":"sk_SK","og_type":"article","og_title":"Storno podmienky v spolo\u010dnosti Hundt - preh\u013ead va\u0161ich pr\u00e1v","og_description":"Zistite, ak\u00e9 s\u00fa va\u0161e pr\u00e1va ako z\u00e1kazn\u00edka spolo\u010dnosti Hundt.","og_url":"https:\/\/hundtgroup.com\/sk\/obchod\/zasady-zrusenia\/","og_site_name":"Wilhelm Hundt GmbH","article_modified_time":"2025-06-26T10:09:19+00:00","twitter_card":"summary_large_image","twitter_misc":{"Predpokladan\u00fd \u010das \u010d\u00edtania":"8 min\u00fata"},"schema":{"@context":"https:\/\/schema.org","@graph":[{"@type":"WebPage","@id":"https:\/\/hundtgroup.com\/sk\/obchod\/zasady-zrusenia\/","url":"https:\/\/hundtgroup.com\/sk\/obchod\/zasady-zrusenia\/","name":"Storno podmienky v spolo\u010dnosti Hundt - preh\u013ead va\u0161ich pr\u00e1v","isPartOf":{"@id":"https:\/\/hundtgroup.com\/sk\/#website"},"datePublished":"2022-03-16T10:55:46+00:00","dateModified":"2025-06-26T10:09:19+00:00","description":"Zistite, ak\u00e9 s\u00fa va\u0161e pr\u00e1va ako z\u00e1kazn\u00edka spolo\u010dnosti Hundt.","breadcrumb":{"@id":"https:\/\/hundtgroup.com\/sk\/obchod\/zasady-zrusenia\/#breadcrumb"},"inLanguage":"sk-SK","potentialAction":[{"@type":"ReadAction","target":["https:\/\/hundtgroup.com\/sk\/obchod\/zasady-zrusenia\/"]}]},{"@type":"BreadcrumbList","@id":"https:\/\/hundtgroup.com\/sk\/obchod\/zasady-zrusenia\/#breadcrumb","itemListElement":[{"@type":"ListItem","position":1,"name":"Startseite","item":"https:\/\/hundtgroup.com\/sk\/domov-nove\/"},{"@type":"ListItem","position":2,"name":"Obchod","item":"https:\/\/hundtgroup.com\/sk\/obchod\/"},{"@type":"ListItem","position":3,"name":"Z\u00e1sady zru\u0161enia"}]},{"@type":"WebSite","@id":"https:\/\/hundtgroup.com\/sk\/#website","url":"https:\/\/hundtgroup.com\/sk\/","name":"Wilhelm Hundt GmbH","description":"V\u00e1\u0161 \u0161pecialista na stroje a n\u00e1stroje na spracovanie plechu","potentialAction":[{"@type":"SearchAction","target":{"@type":"EntryPoint","urlTemplate":"https:\/\/hundtgroup.com\/sk\/?s={search_term_string}"},"query-input":{"@type":"PropertyValueSpecification","valueRequired":true,"valueName":"search_term_string"}}],"inLanguage":"sk-SK"}]}},"_links":{"self":[{"href":"https:\/\/hundtgroup.com\/sk\/wp-json\/wp\/v2\/pages\/13074","targetHints":{"allow":["GET"]}}],"collection":[{"href":"https:\/\/hundtgroup.com\/sk\/wp-json\/wp\/v2\/pages"}],"about":[{"href":"https:\/\/hundtgroup.com\/sk\/wp-json\/wp\/v2\/types\/page"}],"author":[{"embeddable":true,"href":"https:\/\/hundtgroup.com\/sk\/wp-json\/wp\/v2\/users\/1"}],"replies":[{"embeddable":true,"href":"https:\/\/hundtgroup.com\/sk\/wp-json\/wp\/v2\/comments?post=13074"}],"version-history":[{"count":0,"href":"https:\/\/hundtgroup.com\/sk\/wp-json\/wp\/v2\/pages\/13074\/revisions"}],"up":[{"embeddable":true,"href":"https:\/\/hundtgroup.com\/sk\/wp-json\/wp\/v2\/pages\/13340"}],"wp:attachment":[{"href":"https:\/\/hundtgroup.com\/sk\/wp-json\/wp\/v2\/media?parent=13074"}],"curies":[{"name":"wp","href":"https:\/\/api.w.org\/{rel}","templated":true}]}}