{"id":13241,"date":"2022-01-24T14:54:58","date_gmt":"2022-01-24T13:54:58","guid":{"rendered":"https:\/\/hundtgroup.com\/produkty-trumpf\/specialne-nastroje\/"},"modified":"2025-08-11T09:40:02","modified_gmt":"2025-08-11T07:40:02","slug":"specialne-nastroje","status":"publish","type":"page","link":"https:\/\/hundtgroup.com\/sk\/produkty-trumpf\/specialne-nastroje\/","title":{"rendered":"\u0160peci\u00e1lne n\u00e1stroje"},"content":{"rendered":"<div id='av_section_1'  class='avia-section av-zht40-858917d9e3535e2b457dc5fe7752f67a main_color avia-section-default avia-no-border-styling  avia-builder-el-0  el_before_av_section  avia-builder-el-first  section-no-padding-bottom avia-bg-style-scroll container_wrap fullsize'  ><div class='container av-section-cont-open' ><main  role=\"main\" itemprop=\"mainContentOfPage\"  class='template-page content  av-content-full alpha units'><div class='post-entry post-entry-type-page post-entry-13241'><div class='entry-content-wrapper clearfix'>\n<div  class='flex_column av-t0zxs-f9cf766ab4065c16ac5c4c2661724cbd av_three_fourth  avia-builder-el-1  el_before_av_one_fourth  avia-builder-el-first  first flex_column_div  '     ><p><div class=\"pxl-headline pxl-hl hl-wrap | hl-sub--top hl--align-left hl--big-margin   \">\n    <div class=\"hl-inner\">\n            <h2 class=\"hl-main hl-line |  hl_main--default  \">Elektrick\u00e9 n\u00e1radie TRUMPF - \u0160peci\u00e1lne n\u00e1radie<\/h2>\n            <div class=\"overline lightgrey\">\n              <span class=\"hl-sub hl-line |  hl_sub--default  \">Elektrick\u00e9 n\u00e1radie TRUMPF<\/span>\n              <span class=\"overline-slant\"><\/span>\n            <\/div>\n    <\/div>\n<\/div>\n<br \/>\n<section  class='av_textblock_section av-kylih11i-006c0321f021390e390e314204b5de69 '   itemscope=\"itemscope\" itemtype=\"https:\/\/schema.org\/CreativeWork\" ><div class='avia_textblock'  itemprop=\"text\" ><p>\u010cistenie nosn\u00fdch l\u00ed\u0161t je zd\u013ahav\u00e1, ale nevyhnutn\u00e1 \u00faloha, aby sa zaru\u010dila spo\u013eahlivos\u0165 procesu pri laserom vyrez\u00e1van\u00fdch komponentoch. U\u0161etrite \u010das a peniaze bez obetovania vynikaj\u00facich v\u00fdsledkov. \u010cisti\u010d podporn\u00fdch l\u00ed\u0161t TRUMPF v\u00e1m to umo\u017en\u00ed. Praktick\u00e9 zariadenie m\u00f4\u017ee obsluhova\u0165 odborn\u00edk a prin\u00e1\u0161a d\u00f4kladn\u00e9 v\u00fdsledky.<\/p>\n<\/div><\/section><\/p><\/div><div  class='flex_column av-jfho0-27e81cae02eba217106ec50af1559ed2 av_one_fourth  avia-builder-el-4  el_after_av_three_fourth  avia-builder-el-last  flex_column_div  '     ><style type=\"text\/css\" data-created_by=\"avia_inline_auto\" id=\"style-css-av-d59dk-16933554de83b50f5428a23776d53ecc\">\n.avia-image-container.av-d59dk-16933554de83b50f5428a23776d53ecc img.avia_image{\nbox-shadow:none;\n}\n.avia-image-container.av-d59dk-16933554de83b50f5428a23776d53ecc .av-image-caption-overlay-center{\ncolor:#ffffff;\n}\n<\/style>\n<div  class='avia-image-container av-d59dk-16933554de83b50f5428a23776d53ecc av-styling- avia-align-center  avia-builder-el-5  avia-builder-el-no-sibling '   itemprop=\"image\" itemscope=\"itemscope\" itemtype=\"https:\/\/schema.org\/ImageObject\" ><div class=\"avia-image-container-inner\"><div class=\"avia-image-overlay-wrap\"><img decoding=\"async\" fetchpriority=\"high\" class='wp-image-31905 avia-img-lazy-loading-not-31905 avia_image ' src=\"https:\/\/hundtgroup.com\/wp-content\/uploads\/logo_trumpf-truetool-partner.jpg\" alt='' title='logo_trumpf-truetool-partner'  height=\"75\" width=\"244\"  itemprop=\"thumbnailUrl\"  \/><\/div><\/div><\/div><\/div>\n\n<\/div><\/div><\/main><!-- close content main element --><\/div><\/div><div id='av_section_2'  class='avia-section av-t8foo-40752b5a05ccf28e01553641bce76336 main_color avia-section-default avia-no-border-styling  avia-builder-el-6  el_after_av_section  el_before_av_section  section-no-padding-bottom avia-bg-style-scroll container_wrap fullsize'  ><div class='container av-section-cont-open' ><div class='template-page content  av-content-full alpha units'><div class='post-entry post-entry-type-page post-entry-13241'><div class='entry-content-wrapper clearfix'>\n<div  class='flex_column av-f77ew-d427f495480101f72e75887ffe852d71 av_one_full  avia-builder-el-7  el_before_av_codeblock  avia-builder-el-first  first flex_column_div  '     ><div class=\"pxl-headline pxl-hl hl-wrap | hl-sub--off hl--align-left hl--no-margin   \">\n    <div class=\"hl-inner\">\n            <h2 class=\"hl-main hl-line |  hl_main--default  \">\u010cisti\u010d podporn\u00fdch p\u00e1sov TRUMPF<\/h2>\n            <div class=\"overline lightgrey\">\n              \n              <span class=\"overline-slant\"><\/span>\n            <\/div>\n    <\/div>\n<\/div><\/div><div  class='flex_column av-ah71k-e43f12e32de5ee01f1bb2775386d6238 av_one_fourth  avia-builder-el-10  el_after_av_codeblock  el_before_av_one_fourth  first flex_column_div  '     ><div class=\"product-card-wrap has-link has-image avia-link-column av-column-link\"  data-link-column-url=\"\/sk\/produkt\/trutool-tsc-100-cistic-podpornych-pasov\/\"   >\n\n    \n    <div class=\"product-card-img\">\n      <img decoding=\"async\" src=\"https:\/\/hundtgroup.com\/wp-content\/uploads\/hundt_produkt_trumpf_auflagenleisten-reiniger-TruTool-TSC-100.jpg\" alt=\"https:\/\/hundtgroup.com\/wp-content\/uploads\/hundt_produkt_trumpf_auflagenleisten-reiniger-TruTool-TSC-100.jpg\" \/>\n          <\/div>\n\n    \n    \n    <div class=\"product-card-content\">\n\n            <div class=\"pxl-headline pxl-hl hl-wrap | hl--align-left hl--no-margin\">\n        <div class=\"hl-inner\">\n          <h3 class=\"hl-main hl-line |  hl_main--default\">TRUMPF TruTool TSC 100 \u010disti\u010d podporn\u00fdch p\u00e1sov<\/h3>\n        <\/div>\n      <\/div>\n      \n            <p>\u010cisti\u010d podporn\u00fdch r\u00edms d\u00f4kladne odstra\u0148uje trosku na r\u00edmsach laserov\u00e9ho rezacieho stroja. V\u010faka tomu m\u00f4\u017eete li\u0161ty vy\u010disti\u0165 nieko\u013ekokr\u00e1t, ne\u017e ich bude potrebn\u00e9 vymeni\u0165.<\/p>\n      \n    \n    <\/div>\n\n        <div class=\"avia-button-wrap green avia-button-left\">\n      <a class=\"avia-button avia-color-theme-color avia-icon_select-no avia-size-medium avia-position-left\" href=\"\/sk\/produkt\/trutool-tsc-100-cistic-podpornych-pasov\/\" target=\"\"><span class=\"avia_iconbox_title\">Do obchodu<\/span><\/a>\n    <\/div>\n    \n<\/div><\/div><div  class='flex_column av-70p08-a7cb2cac3f6e13518364ca201a6c69c1 av_one_fourth  avia-builder-el-12  el_after_av_one_fourth  el_before_av_codeblock  flex_column_div  '     ><div class=\"product-card-wrap has-link has-image avia-link-column av-column-link\"  data-link-column-url=\"\/sk\/produkt\/trutool-tsc-200-cistic-podpornych-pasov\/\"   >\n\n    \n    <div class=\"product-card-img\">\n      <img decoding=\"async\" src=\"https:\/\/hundtgroup.com\/wp-content\/uploads\/TSC-200-3-e1752504082850.png\" alt=\"https:\/\/hundtgroup.com\/wp-content\/uploads\/TSC-200-3-e1752504082850.png\" \/>\n          <\/div>\n\n    \n    \n    <div class=\"product-card-content\">\n\n            <div class=\"pxl-headline pxl-hl hl-wrap | hl--align-left hl--no-margin\">\n        <div class=\"hl-inner\">\n          <h3 class=\"hl-main hl-line |  hl_main--default\">TRUMPF TruTool TSC 200 \u010disti\u010d podporn\u00fdch p\u00e1sov<\/h3>\n        <\/div>\n      <\/div>\n      \n            <p>\u010cisti\u010d podporn\u00fdch r\u00edms d\u00f4kladne odstra\u0148uje trosku na r\u00edmsach laserov\u00e9ho rezacieho stroja. V\u010faka tomu m\u00f4\u017eete li\u0161ty vy\u010disti\u0165 nieko\u013ekokr\u00e1t, ne\u017e ich bude potrebn\u00e9 vymeni\u0165.<\/p>\n      \n    \n    <\/div>\n\n        <div class=\"avia-button-wrap green avia-button-left\">\n      <a class=\"avia-button avia-color-theme-color avia-icon_select-no avia-size-medium avia-position-left\" href=\"\/sk\/produkt\/trutool-tsc-200-cistic-podpornych-pasov\/\" target=\"\"><span class=\"avia_iconbox_title\">Do obchodu<\/span><\/a>\n    <\/div>\n    \n<\/div><\/div>\n<\/div><\/div><\/div><!-- close content main div --><\/div><\/div><div id='av_section_3'  class='avia-section av-r1bwo-83f932265d6a37812165336ac7c44330 main_color avia-section-default avia-no-border-styling  avia-builder-el-15  el_after_av_section  el_before_av_postcontent  avia-bg-style-scroll container_wrap fullsize'  ><div class='container av-section-cont-open' ><div class='template-page content  av-content-full alpha units'><div class='post-entry post-entry-type-page post-entry-13241'><div class='entry-content-wrapper clearfix'>\n<div  class='flex_column av-mh8i0-a1a515540c28683ace687a9b791efd03 av_one_full  avia-builder-el-16  el_before_av_one_half  avia-builder-el-first  first flex_column_div  '     ><div class=\"pxl-headline pxl-hl hl-wrap | hl-sub--off hl--align-left hl--no-margin   \">\n    <div class=\"hl-inner\">\n            <h2 class=\"hl-main hl-line |  hl_main--default  \">Vide\u00e1 o produktoch<\/h2>\n            <div class=\"overline lightgrey\">\n              \n              <span class=\"overline-slant\"><\/span>\n            <\/div>\n    <\/div>\n<\/div><\/div><div  class='flex_column av-8a41c-fee73c3f0ea4e124dbe9497756cb8191 av_one_half  avia-builder-el-18  el_after_av_one_full  avia-builder-el-last  first flex_column_div  column-top-margin'     ><p><div  class='avia-video av-kyx1f7oo-eeed1ec6318ccda2936d1b7d435425fa avia-video-16-9 av-no-preview-image avia-video-load-always av-lazyload-immediate av-lazyload-video-embed'  itemprop=\"video\" itemtype=\"https:\/\/schema.org\/VideoObject\"  data-original_url='https:\/\/www.youtube.com\/watch?v=yg72hRxDI7M'><script type='text\/html' class='av-video-tmpl'> <div class=\"brlbs-cmpnt-container brlbs-cmpnt-content-blocker brlbs-cmpnt-with-individual-styles\" data-borlabs-cookie-content-blocker-id=\"youtube-content-blocker\" data-borlabs-cookie-content=\"PGRpdiBjbGFzcz0nYXZpYS1pZnJhbWUtd3JhcCc+PGlmcmFtZSB0aXRsZT0iVFJVTVBGIEVsZWt0cm93ZXJremV1Z2U6IFRydVRvb2wgVFNDIDEwMCAtIEdhcmFudCBmw7xyIHNhdWJlcmUgQXVmbGFnZWxlaXN0ZW4iIHdpZHRoPSIxNTAwIiBoZWlnaHQ9Ijg0NCIgc3JjPSJodHRwczovL3d3dy55b3V0dWJlLW5vY29va2llLmNvbS9lbWJlZC95ZzcyaFJ4REk3TT9mZWF0dXJlPW9lbWJlZCIgZnJhbWVib3JkZXI9IjAiIGFsbG93PSJhY2NlbGVyb21ldGVyOyBhdXRvcGxheTsgY2xpcGJvYXJkLXdyaXRlOyBlbmNyeXB0ZWQtbWVkaWE7IGd5cm9zY29wZTsgcGljdHVyZS1pbi1waWN0dXJlOyB3ZWItc2hhcmUiIHJlZmVycmVycG9saWN5PSJzdHJpY3Qtb3JpZ2luLXdoZW4tY3Jvc3Mtb3JpZ2luIiBhbGxvd2Z1bGxzY3JlZW4+PC9pZnJhbWU+PC9kaXY+\"><div class=\"brlbs-cmpnt-cb-preset-c brlbs-cmpnt-cb-youtube\"> <div class=\"brlbs-cmpnt-cb-thumbnail\" style=\"background-image: url('https:\/\/hundtgroup.com\/wp-content\/uploads\/borlabs-cookie\/1\/yt_yg72hRxDI7M_hqdefault.jpg')\"><\/div> <div class=\"brlbs-cmpnt-cb-main\"> <div class=\"brlbs-cmpnt-cb-play-button\"><\/div> <div class=\"brlbs-cmpnt-cb-content\"> <p class=\"brlbs-cmpnt-cb-description\">You are currently viewing a placeholder content from <strong>YouTube<\/strong>. To access the actual content, click the button below. Please note that doing so will share data with third-party providers.<\/p> <a class=\"brlbs-cmpnt-cb-provider-toggle\" href=\"#\" data-borlabs-cookie-show-provider-information role=\"button\">More Information<\/a> <\/div> <div class=\"brlbs-cmpnt-cb-buttons\"> <a class=\"brlbs-cmpnt-cb-btn\" href=\"#\" data-borlabs-cookie-unblock role=\"button\">Unblock content<\/a> <a class=\"brlbs-cmpnt-cb-btn\" href=\"#\" data-borlabs-cookie-accept-service role=\"button\" style=\"display: inherit\">Accept required service and unblock content<\/a> <\/div> <\/div> <\/div><\/div><\/script><div class='av-click-to-play-overlay'><div class=\"avia_playpause_icon\"><\/div><\/div><\/div><br \/>\n<section  class='av_textblock_section av-kyx1fnmr-56921770da2120c8219afa6ae97598b7 '   itemscope=\"itemscope\" itemtype=\"https:\/\/schema.org\/CreativeWork\" ><div class='avia_textblock'  itemprop=\"text\" ><p><strong>\u010cisti\u010d nosn\u00fdch l\u00ed\u0161t TRUMPF: TruTool TSC 100<\/strong><br \/>\n\u010cist\u00e9 nosn\u00e9 li\u0161ty zvy\u0161uj\u00fa spo\u013eahlivos\u0165 procesu, a t\u00fdm aj kvalitu vyr\u00e1ban\u00fdch dielov. Pomocou \u010disti\u010da podporn\u00fdch l\u00ed\u0161t TruTool TSC 100 m\u00f4\u017eete vy\u010disti\u0165 podporn\u00e9 li\u0161ty nieko\u013ekokr\u00e1t, k\u00fdm ich bude potrebn\u00e9 vymeni\u0165. Zariadenie je vhodn\u00e9 na \u0161irok\u00fa \u0161k\u00e1lu materi\u00e1lov vr\u00e1tane nehrdzavej\u00facej ocele.<\/p>\n<\/div><\/section><\/p><\/div>\n<\/p>\n[av_section min_height='' min_height_pc='25' min_height_px='500px' padding='default' custom_margin='0px' custom_margin_sync='true' svg_div_top='' svg_div_top_color='#333333' svg_div_top_width='100' svg_div_top_height='50' svg_div_top_max_height='none' svg_div_top_opacity='' svg_div_bottom='' svg_div_bottom_color='#333333' svg_div_bottom_width='100' svg_div_bottom_height='50' svg_div_bottom_max_height='none' svg_div_bottom_opacity='' color='alternate_color' background='bg_color' custom_bg='' background_gradient_direction='vertical' background_gradient_color1='#000000' background_gradient_color2='#ffffff' background_gradient_color3='' src='' attachment='' attachment_size='' attach='scroll' position='top left' repeat='no-repeat' video='' video_ratio='16:9' overlay_opacity='0.5' overlay_color='' overlay_pattern='' overlay_custom_pattern='' shadow='no-border-styling' bottom_border='no-border-styling' bottom_border_diagonal_color='#333333' bottom_border_diagonal_direction='' bottom_border_style='' custom_arrow_bg='' id='' custom_class='' template_class='' aria_label='' av_element_hidden_in_editor='0' av_uid='av-1ypnr' sc_version='1.0']\n\n[av_one_full first min_height='' vertical_alignment='av-align-top' space='' row_boxshadow='' row_boxshadow_color='' row_boxshadow_width='10' custom_margin='' margin='0px' mobile_breaking='' mobile_column_order='' min_col_height='' padding='' svg_div_top='' svg_div_top_color='#333333' svg_div_top_width='100' svg_div_top_height='50' svg_div_top_max_height='none' svg_div_top_flip='' svg_div_top_invert='' svg_div_top_front='' svg_div_top_opacity='' svg_div_top_preview='' svg_div_bottom='' svg_div_bottom_color='#333333' svg_div_bottom_width='100' svg_div_bottom_height='50' svg_div_bottom_max_height='none' svg_div_bottom_flip='' svg_div_bottom_invert='' svg_div_bottom_front='' svg_div_bottom_opacity='' svg_div_bottom_preview='' border='' border_style='solid' border_color='' radius='' column_boxshadow='' column_boxshadow_color='' column_boxshadow_width='10' background='bg_color' background_color='' background_gradient_direction='vertical' background_gradient_color1='#000000' background_gradient_color2='#ffffff' background_gradient_color3='' src='' background_position='top left' background_repeat='no-repeat' highlight='' highlight_size='' animation='' link='' linktarget='' link_hover='' title_attr='' alt_attr='' mobile_display='' mobile_col_pos='0' id='' custom_class='' template_class='' aria_label='' av_uid='av-yfkb' sc_version='1.0']\n\n[pixel_sc_headline hl_main='Radi v\u00e1m predlo\u017e\u00edme <span>ponuku!<\/span>' hl_main_tag='h2' hl_sub_check='top' hl_sub='V\u00e1\u0161 kontakt na n\u00e1s' hl_sub_bg='grey' hl_sub_tag='span' align='left' hl_main_alias='default' hl_main_class='' hl_sub_alias='default' hl_sub_class='' hl_margin='hl--no-margin' hl_link='' hl_target='' custom_class='' template_class='' av_uid='av-kybixar1' sc_version='1.0']\n\n[\/av_one_full][av_one_third first min_height='' vertical_alignment='av-align-top' space='' row_boxshadow_color='' row_boxshadow_width='10' margin='0px' margin_sync='true' mobile_breaking='' mobile_column_order='' min_col_height='' padding='' padding_sync='true' svg_div_top='' svg_div_top_color='#333333' svg_div_top_width='100' svg_div_top_height='50' svg_div_top_max_height='none' svg_div_top_opacity='' svg_div_bottom='' svg_div_bottom_color='#333333' svg_div_bottom_width='100' svg_div_bottom_height='50' svg_div_bottom_max_height='none' svg_div_bottom_opacity='' border='' border_style='solid' border_color='' radius='' radius_sync='true' column_boxshadow_color='' column_boxshadow_width='10' background='bg_color' background_color='' background_gradient_direction='vertical' background_gradient_color1='#000000' background_gradient_color2='#ffffff' background_gradient_color3='' src='' attachment='' attachment_size='' background_position='top left' background_repeat='no-repeat' highlight_size='1.1' animation='' link='' linktarget='' link_hover='' title_attr='' alt_attr='' mobile_display='' mobile_col_pos='0' id='' custom_class='cf-infobox' template_class='' aria_label='' av_uid='av-1fbz3' sc_version='1.0']\n\n[av_textblock textblock_styling_align='' textblock_styling='' textblock_styling_gap='' textblock_styling_mobile='' size='' av-medium-font-size='' av-small-font-size='' av-mini-font-size='' font_color='' color='' id='' custom_class='' template_class='' av_uid='av-kybn8262' sc_version='1.0' admin_preview_bg='']\n<h4>Wilhelm Hundt GmbH<\/h4>\nSchwabhausen 25, 42349 Wuppertal\n\n<strong>Tel:<\/strong> <a href=\"tel:0202%20430448-0\">+49 202 430448-0<\/a>\n<strong>Fax:<\/strong> +49 202 430448-20\n<a href=\"mailto:info@hundt.de\">info@hundt.de<\/a>\n\n<strong>\u00daradn\u00e9 hodiny<\/strong>\nPo-\u010ct 7:00-17:00\nPi 7:00-14:00\n[\/av_textblock]\n\n[av_social_share title='' buttons='custom' btn_action='profile' share_facebook='aviaTBshare_facebook' share_linkedin='aviaTBshare_linkedin' yelp_link='https:\/\/www.yelp.com' facebook_profile='https:\/\/de-de.facebook.com\/WilhelmHundtGmbH\/' twitter_profile='' whatsapp_profile='' pinterest_profile='' reddit_profile='' linkedin_profile='https:\/\/de.linkedin.com\/company\/wilhelm-hundt-gmbh?trk=public_profile_experience-item_profile-section-card_subtitle-click' tumblr_profile='' vk_profile='' mail_profile='' yelp_profile='' five_100_px_profile='' behance_profile='' dribbble_profile='' flickr_profile='' instagram_profile='' skype_profile='' soundcloud_profile='' vimeo_profile='' xing_profile='' youtube_profile='' style='av-social-sharing-box-circle' alignment='' alb_description='' id='' custom_class='' template_class='' av_uid='av-kznw6i99' sc_version='1.0' admin_preview_bg='']\n\n[\/av_one_third][av_two_third min_height='' vertical_alignment='av-align-top' space='' row_boxshadow_color='' row_boxshadow_width='10' margin='0px' margin_sync='true' mobile_breaking='' mobile_column_order='' min_col_height='' padding='' padding_sync='true' svg_div_top='' svg_div_top_color='#333333' svg_div_top_width='100' svg_div_top_height='50' svg_div_top_max_height='none' svg_div_top_opacity='' svg_div_bottom='' svg_div_bottom_color='#333333' svg_div_bottom_width='100' svg_div_bottom_height='50' svg_div_bottom_max_height='none' svg_div_bottom_opacity='' border='' border_style='solid' border_color='' radius='' radius_sync='true' column_boxshadow_color='' column_boxshadow_width='10' background='bg_color' background_color='' background_gradient_direction='vertical' background_gradient_color1='#000000' background_gradient_color2='#ffffff' background_gradient_color3='' src='' attachment='' attachment_size='' background_position='top left' background_repeat='no-repeat' highlight_size='1.1' animation='' link='' linktarget='' link_hover='' title_attr='' alt_attr='' mobile_display='' mobile_col_pos='0' id='' custom_class='cf-form' template_class='' aria_label='' av_uid='av-qx6z' sc_version='1.0']\n\n[av_codeblock wrapper_element='' wrapper_element_attributes='' codeblock_type='' alb_description='' id='' custom_class='' template_class='' av_uid='av-kybiq5f2' sc_version='1.0']\n[contact-form-7 id=\"434\" title=\"Kontakt-Formular\"]\n[\/av_codeblock]\n\n[\/av_two_third][\/av_section]\n","protected":false},"excerpt":{"rendered":"","protected":false},"author":1,"featured_media":0,"parent":13089,"menu_order":3,"comment_status":"closed","ping_status":"closed","template":"","meta":{"_acf_changed":false,"inline_featured_image":false,"footnotes":""},"class_list":["post-13241","page","type-page","status-publish","hentry"],"acf":[],"yoast_head":"<!-- This site is optimized with the Yoast SEO plugin v27.3 - https:\/\/yoast.com\/product\/yoast-seo-wordpress\/ -->\n<title>\u0160peci\u00e1lne n\u00e1radie od spolo\u010dnosti Trumpf v spolo\u010dnosti Hundt<\/title>\n<meta name=\"description\" content=\"Objavte n\u00e1\u0161 v\u00fdber vysokokvalitn\u00e9ho \u0161peci\u00e1lneho n\u00e1radia Trumpf u spolo\u010dnosti Hundt.\" \/>\n<meta name=\"robots\" content=\"index, follow, max-snippet:-1, max-image-preview:large, max-video-preview:-1\" \/>\n<link rel=\"canonical\" href=\"https:\/\/hundtgroup.com\/sk\/produkty-trumpf\/specialne-nastroje\/\" \/>\n<meta property=\"og:locale\" content=\"sk_SK\" \/>\n<meta property=\"og:type\" content=\"article\" \/>\n<meta property=\"og:title\" content=\"\u0160peci\u00e1lne n\u00e1radie od spolo\u010dnosti Trumpf v spolo\u010dnosti Hundt\" \/>\n<meta property=\"og:description\" content=\"Objavte n\u00e1\u0161 v\u00fdber vysokokvalitn\u00e9ho \u0161peci\u00e1lneho n\u00e1radia Trumpf u spolo\u010dnosti Hundt.\" \/>\n<meta property=\"og:url\" content=\"https:\/\/hundtgroup.com\/sk\/produkty-trumpf\/specialne-nastroje\/\" \/>\n<meta property=\"og:site_name\" content=\"Wilhelm Hundt GmbH\" \/>\n<meta property=\"article:modified_time\" content=\"2025-08-11T07:40:02+00:00\" \/>\n<meta name=\"twitter:card\" content=\"summary_large_image\" \/>\n<meta name=\"twitter:label1\" content=\"Predpokladan\u00fd \u010das \u010d\u00edtania\" \/>\n\t<meta name=\"twitter:data1\" content=\"4 min\u00fata\" \/>\n<script type=\"application\/ld+json\" class=\"yoast-schema-graph\">{\"@context\":\"https:\\\/\\\/schema.org\",\"@graph\":[{\"@type\":\"WebPage\",\"@id\":\"https:\\\/\\\/hundtgroup.com\\\/sk\\\/produkty-trumpf\\\/specialne-nastroje\\\/\",\"url\":\"https:\\\/\\\/hundtgroup.com\\\/sk\\\/produkty-trumpf\\\/specialne-nastroje\\\/\",\"name\":\"\u0160peci\u00e1lne n\u00e1radie od spolo\u010dnosti Trumpf v spolo\u010dnosti Hundt\",\"isPartOf\":{\"@id\":\"https:\\\/\\\/hundtgroup.com\\\/sk\\\/#website\"},\"datePublished\":\"2022-01-24T13:54:58+00:00\",\"dateModified\":\"2025-08-11T07:40:02+00:00\",\"description\":\"Objavte n\u00e1\u0161 v\u00fdber vysokokvalitn\u00e9ho \u0161peci\u00e1lneho n\u00e1radia Trumpf u spolo\u010dnosti Hundt.\",\"breadcrumb\":{\"@id\":\"https:\\\/\\\/hundtgroup.com\\\/sk\\\/produkty-trumpf\\\/specialne-nastroje\\\/#breadcrumb\"},\"inLanguage\":\"sk-SK\",\"potentialAction\":[{\"@type\":\"ReadAction\",\"target\":[\"https:\\\/\\\/hundtgroup.com\\\/sk\\\/produkty-trumpf\\\/specialne-nastroje\\\/\"]}]},{\"@type\":\"BreadcrumbList\",\"@id\":\"https:\\\/\\\/hundtgroup.com\\\/sk\\\/produkty-trumpf\\\/specialne-nastroje\\\/#breadcrumb\",\"itemListElement\":[{\"@type\":\"ListItem\",\"position\":1,\"name\":\"Startseite\",\"item\":\"https:\\\/\\\/hundtgroup.com\\\/sk\\\/domov-nove\\\/\"},{\"@type\":\"ListItem\",\"position\":2,\"name\":\"Produkty TRUMPF\",\"item\":\"https:\\\/\\\/hundtgroup.com\\\/sk\\\/produkty-trumpf\\\/\"},{\"@type\":\"ListItem\",\"position\":3,\"name\":\"\u0160peci\u00e1lne n\u00e1stroje\"}]},{\"@type\":\"WebSite\",\"@id\":\"https:\\\/\\\/hundtgroup.com\\\/sk\\\/#website\",\"url\":\"https:\\\/\\\/hundtgroup.com\\\/sk\\\/\",\"name\":\"Wilhelm Hundt GmbH\",\"description\":\"V\u00e1\u0161 \u0161pecialista na stroje a n\u00e1stroje na spracovanie plechu\",\"potentialAction\":[{\"@type\":\"SearchAction\",\"target\":{\"@type\":\"EntryPoint\",\"urlTemplate\":\"https:\\\/\\\/hundtgroup.com\\\/sk\\\/?s={search_term_string}\"},\"query-input\":{\"@type\":\"PropertyValueSpecification\",\"valueRequired\":true,\"valueName\":\"search_term_string\"}}],\"inLanguage\":\"sk-SK\"}]}<\/script>\n<!-- \/ Yoast SEO plugin. -->","yoast_head_json":{"title":"\u0160peci\u00e1lne n\u00e1radie od spolo\u010dnosti Trumpf v spolo\u010dnosti Hundt","description":"Objavte n\u00e1\u0161 v\u00fdber vysokokvalitn\u00e9ho \u0161peci\u00e1lneho n\u00e1radia Trumpf u spolo\u010dnosti Hundt.","robots":{"index":"index","follow":"follow","max-snippet":"max-snippet:-1","max-image-preview":"max-image-preview:large","max-video-preview":"max-video-preview:-1"},"canonical":"https:\/\/hundtgroup.com\/sk\/produkty-trumpf\/specialne-nastroje\/","og_locale":"sk_SK","og_type":"article","og_title":"\u0160peci\u00e1lne n\u00e1radie od spolo\u010dnosti Trumpf v spolo\u010dnosti Hundt","og_description":"Objavte n\u00e1\u0161 v\u00fdber vysokokvalitn\u00e9ho \u0161peci\u00e1lneho n\u00e1radia Trumpf u spolo\u010dnosti Hundt.","og_url":"https:\/\/hundtgroup.com\/sk\/produkty-trumpf\/specialne-nastroje\/","og_site_name":"Wilhelm Hundt GmbH","article_modified_time":"2025-08-11T07:40:02+00:00","twitter_card":"summary_large_image","twitter_misc":{"Predpokladan\u00fd \u010das \u010d\u00edtania":"4 min\u00fata"},"schema":{"@context":"https:\/\/schema.org","@graph":[{"@type":"WebPage","@id":"https:\/\/hundtgroup.com\/sk\/produkty-trumpf\/specialne-nastroje\/","url":"https:\/\/hundtgroup.com\/sk\/produkty-trumpf\/specialne-nastroje\/","name":"\u0160peci\u00e1lne n\u00e1radie od spolo\u010dnosti Trumpf v spolo\u010dnosti Hundt","isPartOf":{"@id":"https:\/\/hundtgroup.com\/sk\/#website"},"datePublished":"2022-01-24T13:54:58+00:00","dateModified":"2025-08-11T07:40:02+00:00","description":"Objavte n\u00e1\u0161 v\u00fdber vysokokvalitn\u00e9ho \u0161peci\u00e1lneho n\u00e1radia Trumpf u spolo\u010dnosti Hundt.","breadcrumb":{"@id":"https:\/\/hundtgroup.com\/sk\/produkty-trumpf\/specialne-nastroje\/#breadcrumb"},"inLanguage":"sk-SK","potentialAction":[{"@type":"ReadAction","target":["https:\/\/hundtgroup.com\/sk\/produkty-trumpf\/specialne-nastroje\/"]}]},{"@type":"BreadcrumbList","@id":"https:\/\/hundtgroup.com\/sk\/produkty-trumpf\/specialne-nastroje\/#breadcrumb","itemListElement":[{"@type":"ListItem","position":1,"name":"Startseite","item":"https:\/\/hundtgroup.com\/sk\/domov-nove\/"},{"@type":"ListItem","position":2,"name":"Produkty TRUMPF","item":"https:\/\/hundtgroup.com\/sk\/produkty-trumpf\/"},{"@type":"ListItem","position":3,"name":"\u0160peci\u00e1lne n\u00e1stroje"}]},{"@type":"WebSite","@id":"https:\/\/hundtgroup.com\/sk\/#website","url":"https:\/\/hundtgroup.com\/sk\/","name":"Wilhelm Hundt GmbH","description":"V\u00e1\u0161 \u0161pecialista na stroje a n\u00e1stroje na spracovanie plechu","potentialAction":[{"@type":"SearchAction","target":{"@type":"EntryPoint","urlTemplate":"https:\/\/hundtgroup.com\/sk\/?s={search_term_string}"},"query-input":{"@type":"PropertyValueSpecification","valueRequired":true,"valueName":"search_term_string"}}],"inLanguage":"sk-SK"}]}},"_links":{"self":[{"href":"https:\/\/hundtgroup.com\/sk\/wp-json\/wp\/v2\/pages\/13241","targetHints":{"allow":["GET"]}}],"collection":[{"href":"https:\/\/hundtgroup.com\/sk\/wp-json\/wp\/v2\/pages"}],"about":[{"href":"https:\/\/hundtgroup.com\/sk\/wp-json\/wp\/v2\/types\/page"}],"author":[{"embeddable":true,"href":"https:\/\/hundtgroup.com\/sk\/wp-json\/wp\/v2\/users\/1"}],"replies":[{"embeddable":true,"href":"https:\/\/hundtgroup.com\/sk\/wp-json\/wp\/v2\/comments?post=13241"}],"version-history":[{"count":4,"href":"https:\/\/hundtgroup.com\/sk\/wp-json\/wp\/v2\/pages\/13241\/revisions"}],"predecessor-version":[{"id":39269,"href":"https:\/\/hundtgroup.com\/sk\/wp-json\/wp\/v2\/pages\/13241\/revisions\/39269"}],"up":[{"embeddable":true,"href":"https:\/\/hundtgroup.com\/sk\/wp-json\/wp\/v2\/pages\/13089"}],"wp:attachment":[{"href":"https:\/\/hundtgroup.com\/sk\/wp-json\/wp\/v2\/media?parent=13241"}],"curies":[{"name":"wp","href":"https:\/\/api.w.org\/{rel}","templated":true}]}}