{"id":15568,"date":"2022-08-23T15:55:42","date_gmt":"2022-08-23T13:55:42","guid":{"rendered":"https:\/\/hundtgroup.com\/produkt\/naradie-trumpf-trutool-n-1000\/"},"modified":"2025-07-29T10:19:30","modified_gmt":"2025-07-29T08:19:30","slug":"naradie-trumpf-trutool-n-1000","status":"publish","type":"product","link":"https:\/\/hundtgroup.com\/sk\/produkt\/naradie-trumpf-trutool-n-1000\/","title":{"rendered":"N\u00e1radie TRUMPF TruTool N 1000"},"content":{"rendered":"<p>Reza\u010dka na hrub\u00e9 plechy s nov\u00fdm, v\u00fdkonn\u00fdm 2600-wattov\u00fdm motorom, aj cez 90\u00b0 ohyby.<br \/>\nVhodn\u00e1 na rezanie \u00faloh v kon\u0161trukcii n\u00e1dr\u017e\u00ed\/kontajnerov.<br \/>\n4 polohy n\u00e1stroja pre ka\u017ed\u00e9 pou\u017eitie.<br \/>\nRezanie s citlivos\u0165ou na n\u00e1klon cez hrany, zvarov\u00e9 \u0161vy a zdvojen\u00e9 plechy.<br \/>\n2-stup\u0148ov\u00e1 prevodovka pre optim\u00e1lny rezn\u00fd v\u00fdkon vo vysokopevnostn\u00fdch materi\u00e1loch a zv\u00fd\u0161en\u00fa \u017eivotnos\u0165 n\u00e1stroja.<br \/>\nNov\u00e1 m\u00e4kk\u00e1 rukov\u00e4\u0165 zni\u017euje vibr\u00e1cie pri pr\u00e1ci a zabezpe\u010duje pohodln\u00e9 vedenie stroja.<\/p>\n","protected":false},"excerpt":{"rendered":"<p>Reza\u010dka na hrub\u00e9 plechy s nov\u00fdm, v\u00fdkonn\u00fdm 2600-wattov\u00fdm motorom, aj cez 90\u00b0 ohyby. Vhodn\u00e1 na rezanie \u00faloh v kon\u0161trukcii n\u00e1dr\u017e\u00ed\/kontajnerov. 4 polohy n\u00e1stroja pre ka\u017ed\u00e9 pou\u017eitie. Rezanie s citlivos\u0165ou na n\u00e1klon cez hrany, zvarov\u00e9 \u0161vy a zdvojen\u00e9 plechy. 2-stup\u0148ov\u00e1 prevodovka pre optim\u00e1lny rezn\u00fd v\u00fdkon vo vysokopevnostn\u00fdch materi\u00e1loch a zv\u00fd\u0161en\u00fa \u017eivotnos\u0165 n\u00e1stroja. Nov\u00e1 m\u00e4kk\u00e1 rukov\u00e4\u0165 zni\u017euje [&hellip;]<\/p>\n","protected":false},"featured_media":15569,"template":"","meta":{"_acf_changed":false,"inline_featured_image":false},"product_cat":[676,656],"product_tag":[],"class_list":{"0":"post-15568","1":"product","2":"type-product","3":"status-publish","4":"has-post-thumbnail","6":"brand-trumpf","7":"product_cat-nibbler","8":"product_cat-elektricke-naradie","10":"first","11":"instock","12":"sale","13":"taxable","14":"shipping-taxable","15":"purchasable","16":"product-type-simple","17":"add-to-wishlist-before_image"},"acf":[],"yoast_head":"<!-- This site is optimized with the Yoast SEO plugin v27.3 - https:\/\/yoast.com\/product\/yoast-seo-wordpress\/ -->\n<title>N\u00e1radie TRUMPF TruTool N 1000 - Wilhelm Hundt GmbH<\/title>\n<meta name=\"robots\" content=\"index, follow, max-snippet:-1, max-image-preview:large, max-video-preview:-1\" \/>\n<link rel=\"canonical\" href=\"https:\/\/hundtgroup.com\/sk\/produkt\/naradie-trumpf-trutool-n-1000\/\" \/>\n<meta property=\"og:locale\" content=\"sk_SK\" \/>\n<meta property=\"og:type\" content=\"article\" \/>\n<meta property=\"og:title\" content=\"N\u00e1radie TRUMPF TruTool N 1000 - Wilhelm Hundt GmbH\" \/>\n<meta property=\"og:description\" content=\"Reza\u010dka na hrub\u00e9 plechy s nov\u00fdm, v\u00fdkonn\u00fdm 2600-wattov\u00fdm motorom, aj cez 90\u00b0 ohyby. Vhodn\u00e1 na rezanie \u00faloh v kon\u0161trukcii n\u00e1dr\u017e\u00ed\/kontajnerov. 4 polohy n\u00e1stroja pre ka\u017ed\u00e9 pou\u017eitie. Rezanie s citlivos\u0165ou na n\u00e1klon cez hrany, zvarov\u00e9 \u0161vy a zdvojen\u00e9 plechy. 2-stup\u0148ov\u00e1 prevodovka pre optim\u00e1lny rezn\u00fd v\u00fdkon vo vysokopevnostn\u00fdch materi\u00e1loch a zv\u00fd\u0161en\u00fa \u017eivotnos\u0165 n\u00e1stroja. Nov\u00e1 m\u00e4kk\u00e1 rukov\u00e4\u0165 zni\u017euje [&hellip;]\" \/>\n<meta property=\"og:url\" content=\"https:\/\/hundtgroup.com\/sk\/produkt\/naradie-trumpf-trutool-n-1000\/\" \/>\n<meta property=\"og:site_name\" content=\"Wilhelm Hundt GmbH\" \/>\n<meta property=\"article:modified_time\" content=\"2025-07-29T08:19:30+00:00\" \/>\n<meta property=\"og:image\" content=\"https:\/\/hundtgroup.com\/wp-content\/uploads\/345073-scaled.jpg\" \/>\n\t<meta property=\"og:image:width\" content=\"2560\" \/>\n\t<meta property=\"og:image:height\" content=\"2560\" \/>\n\t<meta property=\"og:image:type\" content=\"image\/jpeg\" \/>\n<meta name=\"twitter:card\" content=\"summary_large_image\" \/>\n<script type=\"application\/ld+json\" class=\"yoast-schema-graph\">{\"@context\":\"https:\\\/\\\/schema.org\",\"@graph\":[{\"@type\":\"WebPage\",\"@id\":\"https:\\\/\\\/hundtgroup.com\\\/sk\\\/produkt\\\/naradie-trumpf-trutool-n-1000\\\/\",\"url\":\"https:\\\/\\\/hundtgroup.com\\\/sk\\\/produkt\\\/naradie-trumpf-trutool-n-1000\\\/\",\"name\":\"N\u00e1radie TRUMPF TruTool N 1000 - Wilhelm Hundt GmbH\",\"isPartOf\":{\"@id\":\"https:\\\/\\\/hundtgroup.com\\\/sk\\\/#website\"},\"primaryImageOfPage\":{\"@id\":\"https:\\\/\\\/hundtgroup.com\\\/sk\\\/produkt\\\/naradie-trumpf-trutool-n-1000\\\/#primaryimage\"},\"image\":{\"@id\":\"https:\\\/\\\/hundtgroup.com\\\/sk\\\/produkt\\\/naradie-trumpf-trutool-n-1000\\\/#primaryimage\"},\"thumbnailUrl\":\"https:\\\/\\\/hundtgroup.com\\\/wp-content\\\/uploads\\\/345073-scaled.jpg\",\"datePublished\":\"2022-08-23T13:55:42+00:00\",\"dateModified\":\"2025-07-29T08:19:30+00:00\",\"breadcrumb\":{\"@id\":\"https:\\\/\\\/hundtgroup.com\\\/sk\\\/produkt\\\/naradie-trumpf-trutool-n-1000\\\/#breadcrumb\"},\"inLanguage\":\"sk-SK\",\"potentialAction\":[{\"@type\":\"ReadAction\",\"target\":[\"https:\\\/\\\/hundtgroup.com\\\/sk\\\/produkt\\\/naradie-trumpf-trutool-n-1000\\\/\"]}]},{\"@type\":\"ImageObject\",\"inLanguage\":\"sk-SK\",\"@id\":\"https:\\\/\\\/hundtgroup.com\\\/sk\\\/produkt\\\/naradie-trumpf-trutool-n-1000\\\/#primaryimage\",\"url\":\"https:\\\/\\\/hundtgroup.com\\\/wp-content\\\/uploads\\\/345073-scaled.jpg\",\"contentUrl\":\"https:\\\/\\\/hundtgroup.com\\\/wp-content\\\/uploads\\\/345073-scaled.jpg\",\"width\":2560,\"height\":2560},{\"@type\":\"BreadcrumbList\",\"@id\":\"https:\\\/\\\/hundtgroup.com\\\/sk\\\/produkt\\\/naradie-trumpf-trutool-n-1000\\\/#breadcrumb\",\"itemListElement\":[{\"@type\":\"ListItem\",\"position\":1,\"name\":\"Startseite\",\"item\":\"https:\\\/\\\/hundtgroup.com\\\/sk\\\/domov-nove\\\/\"},{\"@type\":\"ListItem\",\"position\":2,\"name\":\"Obchod\",\"item\":\"https:\\\/\\\/hundtgroup.com\\\/obchod\\\/\"},{\"@type\":\"ListItem\",\"position\":3,\"name\":\"N\u00e1radie TRUMPF TruTool N 1000\"}]},{\"@type\":\"WebSite\",\"@id\":\"https:\\\/\\\/hundtgroup.com\\\/sk\\\/#website\",\"url\":\"https:\\\/\\\/hundtgroup.com\\\/sk\\\/\",\"name\":\"Wilhelm Hundt GmbH\",\"description\":\"V\u00e1\u0161 \u0161pecialista na stroje a n\u00e1stroje na spracovanie plechu\",\"potentialAction\":[{\"@type\":\"SearchAction\",\"target\":{\"@type\":\"EntryPoint\",\"urlTemplate\":\"https:\\\/\\\/hundtgroup.com\\\/sk\\\/?s={search_term_string}\"},\"query-input\":{\"@type\":\"PropertyValueSpecification\",\"valueRequired\":true,\"valueName\":\"search_term_string\"}}],\"inLanguage\":\"sk-SK\"}]}<\/script>\n<!-- \/ Yoast SEO plugin. -->","yoast_head_json":{"title":"N\u00e1radie TRUMPF TruTool N 1000 - Wilhelm Hundt GmbH","robots":{"index":"index","follow":"follow","max-snippet":"max-snippet:-1","max-image-preview":"max-image-preview:large","max-video-preview":"max-video-preview:-1"},"canonical":"https:\/\/hundtgroup.com\/sk\/produkt\/naradie-trumpf-trutool-n-1000\/","og_locale":"sk_SK","og_type":"article","og_title":"N\u00e1radie TRUMPF TruTool N 1000 - Wilhelm Hundt GmbH","og_description":"Reza\u010dka na hrub\u00e9 plechy s nov\u00fdm, v\u00fdkonn\u00fdm 2600-wattov\u00fdm motorom, aj cez 90\u00b0 ohyby. Vhodn\u00e1 na rezanie \u00faloh v kon\u0161trukcii n\u00e1dr\u017e\u00ed\/kontajnerov. 4 polohy n\u00e1stroja pre ka\u017ed\u00e9 pou\u017eitie. Rezanie s citlivos\u0165ou na n\u00e1klon cez hrany, zvarov\u00e9 \u0161vy a zdvojen\u00e9 plechy. 2-stup\u0148ov\u00e1 prevodovka pre optim\u00e1lny rezn\u00fd v\u00fdkon vo vysokopevnostn\u00fdch materi\u00e1loch a zv\u00fd\u0161en\u00fa \u017eivotnos\u0165 n\u00e1stroja. Nov\u00e1 m\u00e4kk\u00e1 rukov\u00e4\u0165 zni\u017euje [&hellip;]","og_url":"https:\/\/hundtgroup.com\/sk\/produkt\/naradie-trumpf-trutool-n-1000\/","og_site_name":"Wilhelm Hundt GmbH","article_modified_time":"2025-07-29T08:19:30+00:00","og_image":[{"width":2560,"height":2560,"url":"https:\/\/hundtgroup.com\/wp-content\/uploads\/345073-scaled.jpg","type":"image\/jpeg"}],"twitter_card":"summary_large_image","schema":{"@context":"https:\/\/schema.org","@graph":[{"@type":"WebPage","@id":"https:\/\/hundtgroup.com\/sk\/produkt\/naradie-trumpf-trutool-n-1000\/","url":"https:\/\/hundtgroup.com\/sk\/produkt\/naradie-trumpf-trutool-n-1000\/","name":"N\u00e1radie TRUMPF TruTool N 1000 - Wilhelm Hundt GmbH","isPartOf":{"@id":"https:\/\/hundtgroup.com\/sk\/#website"},"primaryImageOfPage":{"@id":"https:\/\/hundtgroup.com\/sk\/produkt\/naradie-trumpf-trutool-n-1000\/#primaryimage"},"image":{"@id":"https:\/\/hundtgroup.com\/sk\/produkt\/naradie-trumpf-trutool-n-1000\/#primaryimage"},"thumbnailUrl":"https:\/\/hundtgroup.com\/wp-content\/uploads\/345073-scaled.jpg","datePublished":"2022-08-23T13:55:42+00:00","dateModified":"2025-07-29T08:19:30+00:00","breadcrumb":{"@id":"https:\/\/hundtgroup.com\/sk\/produkt\/naradie-trumpf-trutool-n-1000\/#breadcrumb"},"inLanguage":"sk-SK","potentialAction":[{"@type":"ReadAction","target":["https:\/\/hundtgroup.com\/sk\/produkt\/naradie-trumpf-trutool-n-1000\/"]}]},{"@type":"ImageObject","inLanguage":"sk-SK","@id":"https:\/\/hundtgroup.com\/sk\/produkt\/naradie-trumpf-trutool-n-1000\/#primaryimage","url":"https:\/\/hundtgroup.com\/wp-content\/uploads\/345073-scaled.jpg","contentUrl":"https:\/\/hundtgroup.com\/wp-content\/uploads\/345073-scaled.jpg","width":2560,"height":2560},{"@type":"BreadcrumbList","@id":"https:\/\/hundtgroup.com\/sk\/produkt\/naradie-trumpf-trutool-n-1000\/#breadcrumb","itemListElement":[{"@type":"ListItem","position":1,"name":"Startseite","item":"https:\/\/hundtgroup.com\/sk\/domov-nove\/"},{"@type":"ListItem","position":2,"name":"Obchod","item":"https:\/\/hundtgroup.com\/obchod\/"},{"@type":"ListItem","position":3,"name":"N\u00e1radie TRUMPF TruTool N 1000"}]},{"@type":"WebSite","@id":"https:\/\/hundtgroup.com\/sk\/#website","url":"https:\/\/hundtgroup.com\/sk\/","name":"Wilhelm Hundt GmbH","description":"V\u00e1\u0161 \u0161pecialista na stroje a n\u00e1stroje na spracovanie plechu","potentialAction":[{"@type":"SearchAction","target":{"@type":"EntryPoint","urlTemplate":"https:\/\/hundtgroup.com\/sk\/?s={search_term_string}"},"query-input":{"@type":"PropertyValueSpecification","valueRequired":true,"valueName":"search_term_string"}}],"inLanguage":"sk-SK"}]}},"_links":{"self":[{"href":"https:\/\/hundtgroup.com\/sk\/wp-json\/wp\/v2\/product\/15568","targetHints":{"allow":["GET"]}}],"collection":[{"href":"https:\/\/hundtgroup.com\/sk\/wp-json\/wp\/v2\/product"}],"about":[{"href":"https:\/\/hundtgroup.com\/sk\/wp-json\/wp\/v2\/types\/product"}],"wp:featuredmedia":[{"embeddable":true,"href":"https:\/\/hundtgroup.com\/sk\/wp-json\/wp\/v2\/media\/15569"}],"wp:attachment":[{"href":"https:\/\/hundtgroup.com\/sk\/wp-json\/wp\/v2\/media?parent=15568"}],"wp:term":[{"taxonomy":"product_cat","embeddable":true,"href":"https:\/\/hundtgroup.com\/sk\/wp-json\/wp\/v2\/product_cat?post=15568"},{"taxonomy":"product_tag","embeddable":true,"href":"https:\/\/hundtgroup.com\/sk\/wp-json\/wp\/v2\/product_tag?post=15568"}],"curies":[{"name":"wp","href":"https:\/\/api.w.org\/{rel}","templated":true}]}}