{"id":15595,"date":"2022-08-23T15:55:42","date_gmt":"2022-08-23T13:55:42","guid":{"rendered":"https:\/\/hundtgroup.com\/produkt\/naradie-trumpf-trutool-n-500\/"},"modified":"2025-07-29T10:20:18","modified_gmt":"2025-07-29T08:20:18","slug":"naradie-trumpf-trutool-n-500","status":"publish","type":"product","link":"https:\/\/hundtgroup.com\/sk\/produkt\/naradie-trumpf-trutool-n-500\/","title":{"rendered":"N\u00e1radie TRUMPF TruTool N 500"},"content":{"rendered":"<p>Nov\u00fd stroj Trumpf N 500 bol navrhnut\u00fd tak, aby mohol reza\u0165 vo v\u0161etk\u00fdch 4 smeroch vr\u00e1tane chodu dozadu. To zlep\u0161uje ovl\u00e1date\u013enos\u0165 a je svetov\u00fdm unik\u00e1tom vo svojej v\u00fdkonnostnej triede pre oce\u013eov\u00e9 plechy do hr\u00fabky 5 mm. V\u010faka tejto funkcii m\u00f4\u017eu pou\u017e\u00edvatelia s minim\u00e1lnou n\u00e1mahou \u0165aha\u0165 n\u00e1stroj smerom k sebe vo vodorovnej polohe alebo ho vies\u0165 zhora nadol vo zvislej polohe.<br \/>\nBezn\u00e1strojov\u00e9 nastavenie v 4 smeroch rezania<br \/>\nBezn\u00e1strojov\u00e1 v\u00fdmena razn\u00edka<br \/>\nDokonal\u00e1 ergon\u00f3mia \u00fachopu<br \/>\nRezanie cez hrany, zvarov\u00e9 \u0161vy a zdvojen\u00e9 plechy  <\/p>\n<p>Dod\u00e1van\u00e9 pr\u00edslu\u0161enstvo:<br \/>\nIn\u0161talovan\u00fd dierova\u010d 5\/P5<br \/>\nIn\u0161talovan\u00e1 raznica 5<br \/>\nN\u00e1vod na obsluhu<br \/>\nKrabica TRUMPF<br \/>\nTuba s mazivom<br \/>\nRukov\u00e4\u0165<br \/>\nR\u00fdchlospojka<br \/>\n\u0160es\u0165hrann\u00fd k\u013e\u00fa\u010d<\/p>\n<p>&nbsp;<\/p>\n<p>&nbsp;<\/p>\n<p>&nbsp;<\/p>\n","protected":false},"excerpt":{"rendered":"<p>Nov\u00fd stroj Trumpf N 500 bol navrhnut\u00fd tak, aby mohol reza\u0165 vo v\u0161etk\u00fdch 4 smeroch vr\u00e1tane chodu dozadu. To zlep\u0161uje ovl\u00e1date\u013enos\u0165 a je svetov\u00fdm unik\u00e1tom vo svojej v\u00fdkonnostnej triede pre oce\u013eov\u00e9 plechy do hr\u00fabky 5 mm. V\u010faka tejto funkcii m\u00f4\u017eu pou\u017e\u00edvatelia s minim\u00e1lnou n\u00e1mahou \u0165aha\u0165 n\u00e1stroj smerom k sebe vo vodorovnej polohe alebo ho vies\u0165 [&hellip;]<\/p>\n","protected":false},"featured_media":15597,"template":"","meta":{"_acf_changed":false,"inline_featured_image":false},"product_cat":[676,656],"product_tag":[],"class_list":{"0":"post-15595","1":"product","2":"type-product","3":"status-publish","4":"has-post-thumbnail","6":"brand-trumpf","7":"product_cat-nibbler","8":"product_cat-elektricke-naradie","10":"first","11":"instock","12":"sale","13":"taxable","14":"shipping-taxable","15":"purchasable","16":"product-type-simple","17":"add-to-wishlist-before_image"},"acf":[],"yoast_head":"<!-- This site is optimized with the Yoast SEO plugin v27.3 - https:\/\/yoast.com\/product\/yoast-seo-wordpress\/ -->\n<title>N\u00e1radie TRUMPF TruTool N 500 - Wilhelm Hundt GmbH<\/title>\n<meta name=\"robots\" content=\"index, follow, max-snippet:-1, max-image-preview:large, max-video-preview:-1\" \/>\n<link rel=\"canonical\" href=\"https:\/\/hundtgroup.com\/sk\/produkt\/naradie-trumpf-trutool-n-500\/\" \/>\n<meta property=\"og:locale\" content=\"sk_SK\" \/>\n<meta property=\"og:type\" content=\"article\" \/>\n<meta property=\"og:title\" content=\"N\u00e1radie TRUMPF TruTool N 500 - Wilhelm Hundt GmbH\" \/>\n<meta property=\"og:description\" content=\"Nov\u00fd stroj Trumpf N 500 bol navrhnut\u00fd tak, aby mohol reza\u0165 vo v\u0161etk\u00fdch 4 smeroch vr\u00e1tane chodu dozadu. To zlep\u0161uje ovl\u00e1date\u013enos\u0165 a je svetov\u00fdm unik\u00e1tom vo svojej v\u00fdkonnostnej triede pre oce\u013eov\u00e9 plechy do hr\u00fabky 5 mm. V\u010faka tejto funkcii m\u00f4\u017eu pou\u017e\u00edvatelia s minim\u00e1lnou n\u00e1mahou \u0165aha\u0165 n\u00e1stroj smerom k sebe vo vodorovnej polohe alebo ho vies\u0165 [&hellip;]\" \/>\n<meta property=\"og:url\" content=\"https:\/\/hundtgroup.com\/sk\/produkt\/naradie-trumpf-trutool-n-500\/\" \/>\n<meta property=\"og:site_name\" content=\"Wilhelm Hundt GmbH\" \/>\n<meta property=\"article:modified_time\" content=\"2025-07-29T08:20:18+00:00\" \/>\n<meta property=\"og:image\" content=\"https:\/\/hundtgroup.com\/wp-content\/uploads\/355004-scaled.jpg\" \/>\n\t<meta property=\"og:image:width\" content=\"2560\" \/>\n\t<meta property=\"og:image:height\" content=\"2048\" \/>\n\t<meta property=\"og:image:type\" content=\"image\/jpeg\" \/>\n<meta name=\"twitter:card\" content=\"summary_large_image\" \/>\n<meta name=\"twitter:label1\" content=\"Predpokladan\u00fd \u010das \u010d\u00edtania\" \/>\n\t<meta name=\"twitter:data1\" content=\"1 min\u00fata\" \/>\n<script type=\"application\/ld+json\" class=\"yoast-schema-graph\">{\"@context\":\"https:\\\/\\\/schema.org\",\"@graph\":[{\"@type\":\"WebPage\",\"@id\":\"https:\\\/\\\/hundtgroup.com\\\/sk\\\/produkt\\\/naradie-trumpf-trutool-n-500\\\/\",\"url\":\"https:\\\/\\\/hundtgroup.com\\\/sk\\\/produkt\\\/naradie-trumpf-trutool-n-500\\\/\",\"name\":\"N\u00e1radie TRUMPF TruTool N 500 - Wilhelm Hundt GmbH\",\"isPartOf\":{\"@id\":\"https:\\\/\\\/hundtgroup.com\\\/sk\\\/#website\"},\"primaryImageOfPage\":{\"@id\":\"https:\\\/\\\/hundtgroup.com\\\/sk\\\/produkt\\\/naradie-trumpf-trutool-n-500\\\/#primaryimage\"},\"image\":{\"@id\":\"https:\\\/\\\/hundtgroup.com\\\/sk\\\/produkt\\\/naradie-trumpf-trutool-n-500\\\/#primaryimage\"},\"thumbnailUrl\":\"https:\\\/\\\/hundtgroup.com\\\/wp-content\\\/uploads\\\/355004-scaled.jpg\",\"datePublished\":\"2022-08-23T13:55:42+00:00\",\"dateModified\":\"2025-07-29T08:20:18+00:00\",\"breadcrumb\":{\"@id\":\"https:\\\/\\\/hundtgroup.com\\\/sk\\\/produkt\\\/naradie-trumpf-trutool-n-500\\\/#breadcrumb\"},\"inLanguage\":\"sk-SK\",\"potentialAction\":[{\"@type\":\"ReadAction\",\"target\":[\"https:\\\/\\\/hundtgroup.com\\\/sk\\\/produkt\\\/naradie-trumpf-trutool-n-500\\\/\"]}]},{\"@type\":\"ImageObject\",\"inLanguage\":\"sk-SK\",\"@id\":\"https:\\\/\\\/hundtgroup.com\\\/sk\\\/produkt\\\/naradie-trumpf-trutool-n-500\\\/#primaryimage\",\"url\":\"https:\\\/\\\/hundtgroup.com\\\/wp-content\\\/uploads\\\/355004-scaled.jpg\",\"contentUrl\":\"https:\\\/\\\/hundtgroup.com\\\/wp-content\\\/uploads\\\/355004-scaled.jpg\",\"width\":2560,\"height\":2048},{\"@type\":\"BreadcrumbList\",\"@id\":\"https:\\\/\\\/hundtgroup.com\\\/sk\\\/produkt\\\/naradie-trumpf-trutool-n-500\\\/#breadcrumb\",\"itemListElement\":[{\"@type\":\"ListItem\",\"position\":1,\"name\":\"Startseite\",\"item\":\"https:\\\/\\\/hundtgroup.com\\\/sk\\\/domov-nove\\\/\"},{\"@type\":\"ListItem\",\"position\":2,\"name\":\"Obchod\",\"item\":\"https:\\\/\\\/hundtgroup.com\\\/obchod\\\/\"},{\"@type\":\"ListItem\",\"position\":3,\"name\":\"N\u00e1radie TRUMPF TruTool N 500\"}]},{\"@type\":\"WebSite\",\"@id\":\"https:\\\/\\\/hundtgroup.com\\\/sk\\\/#website\",\"url\":\"https:\\\/\\\/hundtgroup.com\\\/sk\\\/\",\"name\":\"Wilhelm Hundt GmbH\",\"description\":\"V\u00e1\u0161 \u0161pecialista na stroje a n\u00e1stroje na spracovanie plechu\",\"potentialAction\":[{\"@type\":\"SearchAction\",\"target\":{\"@type\":\"EntryPoint\",\"urlTemplate\":\"https:\\\/\\\/hundtgroup.com\\\/sk\\\/?s={search_term_string}\"},\"query-input\":{\"@type\":\"PropertyValueSpecification\",\"valueRequired\":true,\"valueName\":\"search_term_string\"}}],\"inLanguage\":\"sk-SK\"}]}<\/script>\n<!-- \/ Yoast SEO plugin. -->","yoast_head_json":{"title":"N\u00e1radie TRUMPF TruTool N 500 - Wilhelm Hundt GmbH","robots":{"index":"index","follow":"follow","max-snippet":"max-snippet:-1","max-image-preview":"max-image-preview:large","max-video-preview":"max-video-preview:-1"},"canonical":"https:\/\/hundtgroup.com\/sk\/produkt\/naradie-trumpf-trutool-n-500\/","og_locale":"sk_SK","og_type":"article","og_title":"N\u00e1radie TRUMPF TruTool N 500 - Wilhelm Hundt GmbH","og_description":"Nov\u00fd stroj Trumpf N 500 bol navrhnut\u00fd tak, aby mohol reza\u0165 vo v\u0161etk\u00fdch 4 smeroch vr\u00e1tane chodu dozadu. To zlep\u0161uje ovl\u00e1date\u013enos\u0165 a je svetov\u00fdm unik\u00e1tom vo svojej v\u00fdkonnostnej triede pre oce\u013eov\u00e9 plechy do hr\u00fabky 5 mm. V\u010faka tejto funkcii m\u00f4\u017eu pou\u017e\u00edvatelia s minim\u00e1lnou n\u00e1mahou \u0165aha\u0165 n\u00e1stroj smerom k sebe vo vodorovnej polohe alebo ho vies\u0165 [&hellip;]","og_url":"https:\/\/hundtgroup.com\/sk\/produkt\/naradie-trumpf-trutool-n-500\/","og_site_name":"Wilhelm Hundt GmbH","article_modified_time":"2025-07-29T08:20:18+00:00","og_image":[{"width":2560,"height":2048,"url":"https:\/\/hundtgroup.com\/wp-content\/uploads\/355004-scaled.jpg","type":"image\/jpeg"}],"twitter_card":"summary_large_image","twitter_misc":{"Predpokladan\u00fd \u010das \u010d\u00edtania":"1 min\u00fata"},"schema":{"@context":"https:\/\/schema.org","@graph":[{"@type":"WebPage","@id":"https:\/\/hundtgroup.com\/sk\/produkt\/naradie-trumpf-trutool-n-500\/","url":"https:\/\/hundtgroup.com\/sk\/produkt\/naradie-trumpf-trutool-n-500\/","name":"N\u00e1radie TRUMPF TruTool N 500 - Wilhelm Hundt GmbH","isPartOf":{"@id":"https:\/\/hundtgroup.com\/sk\/#website"},"primaryImageOfPage":{"@id":"https:\/\/hundtgroup.com\/sk\/produkt\/naradie-trumpf-trutool-n-500\/#primaryimage"},"image":{"@id":"https:\/\/hundtgroup.com\/sk\/produkt\/naradie-trumpf-trutool-n-500\/#primaryimage"},"thumbnailUrl":"https:\/\/hundtgroup.com\/wp-content\/uploads\/355004-scaled.jpg","datePublished":"2022-08-23T13:55:42+00:00","dateModified":"2025-07-29T08:20:18+00:00","breadcrumb":{"@id":"https:\/\/hundtgroup.com\/sk\/produkt\/naradie-trumpf-trutool-n-500\/#breadcrumb"},"inLanguage":"sk-SK","potentialAction":[{"@type":"ReadAction","target":["https:\/\/hundtgroup.com\/sk\/produkt\/naradie-trumpf-trutool-n-500\/"]}]},{"@type":"ImageObject","inLanguage":"sk-SK","@id":"https:\/\/hundtgroup.com\/sk\/produkt\/naradie-trumpf-trutool-n-500\/#primaryimage","url":"https:\/\/hundtgroup.com\/wp-content\/uploads\/355004-scaled.jpg","contentUrl":"https:\/\/hundtgroup.com\/wp-content\/uploads\/355004-scaled.jpg","width":2560,"height":2048},{"@type":"BreadcrumbList","@id":"https:\/\/hundtgroup.com\/sk\/produkt\/naradie-trumpf-trutool-n-500\/#breadcrumb","itemListElement":[{"@type":"ListItem","position":1,"name":"Startseite","item":"https:\/\/hundtgroup.com\/sk\/domov-nove\/"},{"@type":"ListItem","position":2,"name":"Obchod","item":"https:\/\/hundtgroup.com\/obchod\/"},{"@type":"ListItem","position":3,"name":"N\u00e1radie TRUMPF TruTool N 500"}]},{"@type":"WebSite","@id":"https:\/\/hundtgroup.com\/sk\/#website","url":"https:\/\/hundtgroup.com\/sk\/","name":"Wilhelm Hundt GmbH","description":"V\u00e1\u0161 \u0161pecialista na stroje a n\u00e1stroje na spracovanie plechu","potentialAction":[{"@type":"SearchAction","target":{"@type":"EntryPoint","urlTemplate":"https:\/\/hundtgroup.com\/sk\/?s={search_term_string}"},"query-input":{"@type":"PropertyValueSpecification","valueRequired":true,"valueName":"search_term_string"}}],"inLanguage":"sk-SK"}]}},"_links":{"self":[{"href":"https:\/\/hundtgroup.com\/sk\/wp-json\/wp\/v2\/product\/15595","targetHints":{"allow":["GET"]}}],"collection":[{"href":"https:\/\/hundtgroup.com\/sk\/wp-json\/wp\/v2\/product"}],"about":[{"href":"https:\/\/hundtgroup.com\/sk\/wp-json\/wp\/v2\/types\/product"}],"wp:featuredmedia":[{"embeddable":true,"href":"https:\/\/hundtgroup.com\/sk\/wp-json\/wp\/v2\/media\/15597"}],"wp:attachment":[{"href":"https:\/\/hundtgroup.com\/sk\/wp-json\/wp\/v2\/media?parent=15595"}],"wp:term":[{"taxonomy":"product_cat","embeddable":true,"href":"https:\/\/hundtgroup.com\/sk\/wp-json\/wp\/v2\/product_cat?post=15595"},{"taxonomy":"product_tag","embeddable":true,"href":"https:\/\/hundtgroup.com\/sk\/wp-json\/wp\/v2\/product_tag?post=15595"}],"curies":[{"name":"wp","href":"https:\/\/api.w.org\/{rel}","templated":true}]}}