{"id":15643,"date":"2022-08-23T15:55:42","date_gmt":"2022-08-23T13:55:42","guid":{"rendered":"https:\/\/hundtgroup.com\/produkt\/trumpf-trutool-n-200-18v-40-ah-akumulatorove-stiepacky\/"},"modified":"2025-07-29T10:21:18","modified_gmt":"2025-07-29T08:21:18","slug":"trumpf-trutool-n-200-18v-40-ah-akumulatorove-stiepacky","status":"publish","type":"product","link":"https:\/\/hundtgroup.com\/sk\/produkt\/trumpf-trutool-n-200-18v-40-ah-akumulatorove-stiepacky\/","title":{"rendered":"TRUMPF TruTool N 200 18V 4,0 Ah akumul\u00e1torov\u00e9 \u0161tiepa\u010dky"},"content":{"rendered":"<p>Re\u017ee plech do hr\u00fabky 2 mm<br \/>\nIde\u00e1lna na \u0165a\u017eko pr\u00edstupn\u00e9 miesta, vn\u00fatorn\u00e9 v\u00fdrezy a z\u00e1rezy do ploch\u00e9ho a vlnit\u00e9ho plechu.<br \/>\nZmena smeru rezu v priebehu nieko\u013ek\u00fdch sek\u00fand &#8211; ot\u00e1\u010da sa o 360\u00b0.<br \/>\nNeobmedzen\u00e9 zat\u00e1\u010danie v\u010faka dut\u00e9mu okr\u00fahlemu razn\u00edku.<br \/>\nN\u00edzka posuvn\u00e1 sila, bez deform\u00e1ci\u00ed, emisi\u00ed a iskier.<br \/>\nV\u00fdmena razn\u00edka a matrice bez pou\u017eitia n\u00e1radia.<br \/>\nA\u017e o 60 % viac energie v bat\u00e9rii v\u010faka technol\u00f3gii PowerHead a bezkefkov\u00e9mu motoru.<br \/>\nM\u00e4kk\u00e1 rukov\u00e4\u0165 pre pr\u00e1cu s n\u00edzkymi vibr\u00e1ciami.<\/p>\n<p>Chod v metroch na jedno nabitie bat\u00e9rie (m\u00e4kk\u00e1 oce\u013e 400 N\/mm\u00b2):<br \/>\n2 mm: so 4 Ah: 16 metrov<br \/>\n1 mm: so 4 Ah: 40 metrov<\/p>\n","protected":false},"excerpt":{"rendered":"<p>Re\u017ee plech do hr\u00fabky 2 mm Ide\u00e1lna na \u0165a\u017eko pr\u00edstupn\u00e9 miesta, vn\u00fatorn\u00e9 v\u00fdrezy a z\u00e1rezy do ploch\u00e9ho a vlnit\u00e9ho plechu. Zmena smeru rezu v priebehu nieko\u013ek\u00fdch sek\u00fand &#8211; ot\u00e1\u010da sa o 360\u00b0. Neobmedzen\u00e9 zat\u00e1\u010danie v\u010faka dut\u00e9mu okr\u00fahlemu razn\u00edku. N\u00edzka posuvn\u00e1 sila, bez deform\u00e1ci\u00ed, emisi\u00ed a iskier. V\u00fdmena razn\u00edka a matrice bez pou\u017eitia n\u00e1radia. A\u017e o [&hellip;]<\/p>\n","protected":false},"featured_media":15645,"template":"","meta":{"_acf_changed":false,"inline_featured_image":false},"product_cat":[689,644],"product_tag":[],"class_list":{"0":"post-15643","1":"product","2":"type-product","3":"status-publish","4":"has-post-thumbnail","6":"brand-trumpf","7":"product_cat-nibbler-sk","8":"product_cat-nastroje-na-baterie","10":"first","11":"instock","12":"sale","13":"taxable","14":"shipping-taxable","15":"purchasable","16":"product-type-simple","17":"add-to-wishlist-before_image"},"acf":[],"yoast_head":"<!-- This site is optimized with the Yoast SEO plugin v27.3 - https:\/\/yoast.com\/product\/yoast-seo-wordpress\/ -->\n<title>TRUMPF TruTool N 200 18V 4,0 Ah akumul\u00e1torov\u00e9 \u0161tiepa\u010dky - Wilhelm Hundt GmbH<\/title>\n<meta name=\"robots\" content=\"index, follow, max-snippet:-1, max-image-preview:large, max-video-preview:-1\" \/>\n<link rel=\"canonical\" href=\"https:\/\/hundtgroup.com\/sk\/produkt\/trumpf-trutool-n-200-18v-40-ah-akumulatorove-stiepacky\/\" \/>\n<meta property=\"og:locale\" content=\"sk_SK\" \/>\n<meta property=\"og:type\" content=\"article\" \/>\n<meta property=\"og:title\" content=\"TRUMPF TruTool N 200 18V 4,0 Ah akumul\u00e1torov\u00e9 \u0161tiepa\u010dky - Wilhelm Hundt GmbH\" \/>\n<meta property=\"og:description\" content=\"Re\u017ee plech do hr\u00fabky 2 mm Ide\u00e1lna na \u0165a\u017eko pr\u00edstupn\u00e9 miesta, vn\u00fatorn\u00e9 v\u00fdrezy a z\u00e1rezy do ploch\u00e9ho a vlnit\u00e9ho plechu. Zmena smeru rezu v priebehu nieko\u013ek\u00fdch sek\u00fand &#8211; ot\u00e1\u010da sa o 360\u00b0. Neobmedzen\u00e9 zat\u00e1\u010danie v\u010faka dut\u00e9mu okr\u00fahlemu razn\u00edku. N\u00edzka posuvn\u00e1 sila, bez deform\u00e1ci\u00ed, emisi\u00ed a iskier. V\u00fdmena razn\u00edka a matrice bez pou\u017eitia n\u00e1radia. A\u017e o [&hellip;]\" \/>\n<meta property=\"og:url\" content=\"https:\/\/hundtgroup.com\/sk\/produkt\/trumpf-trutool-n-200-18v-40-ah-akumulatorove-stiepacky\/\" \/>\n<meta property=\"og:site_name\" content=\"Wilhelm Hundt GmbH\" \/>\n<meta property=\"article:modified_time\" content=\"2025-07-29T08:21:18+00:00\" \/>\n<meta property=\"og:image\" content=\"https:\/\/hundtgroup.com\/wp-content\/uploads\/351120.jpg\" \/>\n\t<meta property=\"og:image:width\" content=\"680\" \/>\n\t<meta property=\"og:image:height\" content=\"580\" \/>\n\t<meta property=\"og:image:type\" content=\"image\/jpeg\" \/>\n<meta name=\"twitter:card\" content=\"summary_large_image\" \/>\n<meta name=\"twitter:label1\" content=\"Predpokladan\u00fd \u010das \u010d\u00edtania\" \/>\n\t<meta name=\"twitter:data1\" content=\"1 min\u00fata\" \/>\n<script type=\"application\/ld+json\" class=\"yoast-schema-graph\">{\"@context\":\"https:\\\/\\\/schema.org\",\"@graph\":[{\"@type\":\"WebPage\",\"@id\":\"https:\\\/\\\/hundtgroup.com\\\/sk\\\/produkt\\\/trumpf-trutool-n-200-18v-40-ah-akumulatorove-stiepacky\\\/\",\"url\":\"https:\\\/\\\/hundtgroup.com\\\/sk\\\/produkt\\\/trumpf-trutool-n-200-18v-40-ah-akumulatorove-stiepacky\\\/\",\"name\":\"TRUMPF TruTool N 200 18V 4,0 Ah akumul\u00e1torov\u00e9 \u0161tiepa\u010dky - Wilhelm Hundt GmbH\",\"isPartOf\":{\"@id\":\"https:\\\/\\\/hundtgroup.com\\\/sk\\\/#website\"},\"primaryImageOfPage\":{\"@id\":\"https:\\\/\\\/hundtgroup.com\\\/sk\\\/produkt\\\/trumpf-trutool-n-200-18v-40-ah-akumulatorove-stiepacky\\\/#primaryimage\"},\"image\":{\"@id\":\"https:\\\/\\\/hundtgroup.com\\\/sk\\\/produkt\\\/trumpf-trutool-n-200-18v-40-ah-akumulatorove-stiepacky\\\/#primaryimage\"},\"thumbnailUrl\":\"https:\\\/\\\/hundtgroup.com\\\/wp-content\\\/uploads\\\/351120.jpg\",\"datePublished\":\"2022-08-23T13:55:42+00:00\",\"dateModified\":\"2025-07-29T08:21:18+00:00\",\"breadcrumb\":{\"@id\":\"https:\\\/\\\/hundtgroup.com\\\/sk\\\/produkt\\\/trumpf-trutool-n-200-18v-40-ah-akumulatorove-stiepacky\\\/#breadcrumb\"},\"inLanguage\":\"sk-SK\",\"potentialAction\":[{\"@type\":\"ReadAction\",\"target\":[\"https:\\\/\\\/hundtgroup.com\\\/sk\\\/produkt\\\/trumpf-trutool-n-200-18v-40-ah-akumulatorove-stiepacky\\\/\"]}]},{\"@type\":\"ImageObject\",\"inLanguage\":\"sk-SK\",\"@id\":\"https:\\\/\\\/hundtgroup.com\\\/sk\\\/produkt\\\/trumpf-trutool-n-200-18v-40-ah-akumulatorove-stiepacky\\\/#primaryimage\",\"url\":\"https:\\\/\\\/hundtgroup.com\\\/wp-content\\\/uploads\\\/351120.jpg\",\"contentUrl\":\"https:\\\/\\\/hundtgroup.com\\\/wp-content\\\/uploads\\\/351120.jpg\",\"width\":680,\"height\":580},{\"@type\":\"BreadcrumbList\",\"@id\":\"https:\\\/\\\/hundtgroup.com\\\/sk\\\/produkt\\\/trumpf-trutool-n-200-18v-40-ah-akumulatorove-stiepacky\\\/#breadcrumb\",\"itemListElement\":[{\"@type\":\"ListItem\",\"position\":1,\"name\":\"Startseite\",\"item\":\"https:\\\/\\\/hundtgroup.com\\\/sk\\\/domov-nove\\\/\"},{\"@type\":\"ListItem\",\"position\":2,\"name\":\"Obchod\",\"item\":\"https:\\\/\\\/hundtgroup.com\\\/obchod\\\/\"},{\"@type\":\"ListItem\",\"position\":3,\"name\":\"TRUMPF TruTool N 200 18V 4,0 Ah akumul\u00e1torov\u00e9 \u0161tiepa\u010dky\"}]},{\"@type\":\"WebSite\",\"@id\":\"https:\\\/\\\/hundtgroup.com\\\/sk\\\/#website\",\"url\":\"https:\\\/\\\/hundtgroup.com\\\/sk\\\/\",\"name\":\"Wilhelm Hundt GmbH\",\"description\":\"V\u00e1\u0161 \u0161pecialista na stroje a n\u00e1stroje na spracovanie plechu\",\"potentialAction\":[{\"@type\":\"SearchAction\",\"target\":{\"@type\":\"EntryPoint\",\"urlTemplate\":\"https:\\\/\\\/hundtgroup.com\\\/sk\\\/?s={search_term_string}\"},\"query-input\":{\"@type\":\"PropertyValueSpecification\",\"valueRequired\":true,\"valueName\":\"search_term_string\"}}],\"inLanguage\":\"sk-SK\"}]}<\/script>\n<!-- \/ Yoast SEO plugin. -->","yoast_head_json":{"title":"TRUMPF TruTool N 200 18V 4,0 Ah akumul\u00e1torov\u00e9 \u0161tiepa\u010dky - Wilhelm Hundt GmbH","robots":{"index":"index","follow":"follow","max-snippet":"max-snippet:-1","max-image-preview":"max-image-preview:large","max-video-preview":"max-video-preview:-1"},"canonical":"https:\/\/hundtgroup.com\/sk\/produkt\/trumpf-trutool-n-200-18v-40-ah-akumulatorove-stiepacky\/","og_locale":"sk_SK","og_type":"article","og_title":"TRUMPF TruTool N 200 18V 4,0 Ah akumul\u00e1torov\u00e9 \u0161tiepa\u010dky - Wilhelm Hundt GmbH","og_description":"Re\u017ee plech do hr\u00fabky 2 mm Ide\u00e1lna na \u0165a\u017eko pr\u00edstupn\u00e9 miesta, vn\u00fatorn\u00e9 v\u00fdrezy a z\u00e1rezy do ploch\u00e9ho a vlnit\u00e9ho plechu. Zmena smeru rezu v priebehu nieko\u013ek\u00fdch sek\u00fand &#8211; ot\u00e1\u010da sa o 360\u00b0. Neobmedzen\u00e9 zat\u00e1\u010danie v\u010faka dut\u00e9mu okr\u00fahlemu razn\u00edku. N\u00edzka posuvn\u00e1 sila, bez deform\u00e1ci\u00ed, emisi\u00ed a iskier. V\u00fdmena razn\u00edka a matrice bez pou\u017eitia n\u00e1radia. A\u017e o [&hellip;]","og_url":"https:\/\/hundtgroup.com\/sk\/produkt\/trumpf-trutool-n-200-18v-40-ah-akumulatorove-stiepacky\/","og_site_name":"Wilhelm Hundt GmbH","article_modified_time":"2025-07-29T08:21:18+00:00","og_image":[{"width":680,"height":580,"url":"https:\/\/hundtgroup.com\/wp-content\/uploads\/351120.jpg","type":"image\/jpeg"}],"twitter_card":"summary_large_image","twitter_misc":{"Predpokladan\u00fd \u010das \u010d\u00edtania":"1 min\u00fata"},"schema":{"@context":"https:\/\/schema.org","@graph":[{"@type":"WebPage","@id":"https:\/\/hundtgroup.com\/sk\/produkt\/trumpf-trutool-n-200-18v-40-ah-akumulatorove-stiepacky\/","url":"https:\/\/hundtgroup.com\/sk\/produkt\/trumpf-trutool-n-200-18v-40-ah-akumulatorove-stiepacky\/","name":"TRUMPF TruTool N 200 18V 4,0 Ah akumul\u00e1torov\u00e9 \u0161tiepa\u010dky - Wilhelm Hundt GmbH","isPartOf":{"@id":"https:\/\/hundtgroup.com\/sk\/#website"},"primaryImageOfPage":{"@id":"https:\/\/hundtgroup.com\/sk\/produkt\/trumpf-trutool-n-200-18v-40-ah-akumulatorove-stiepacky\/#primaryimage"},"image":{"@id":"https:\/\/hundtgroup.com\/sk\/produkt\/trumpf-trutool-n-200-18v-40-ah-akumulatorove-stiepacky\/#primaryimage"},"thumbnailUrl":"https:\/\/hundtgroup.com\/wp-content\/uploads\/351120.jpg","datePublished":"2022-08-23T13:55:42+00:00","dateModified":"2025-07-29T08:21:18+00:00","breadcrumb":{"@id":"https:\/\/hundtgroup.com\/sk\/produkt\/trumpf-trutool-n-200-18v-40-ah-akumulatorove-stiepacky\/#breadcrumb"},"inLanguage":"sk-SK","potentialAction":[{"@type":"ReadAction","target":["https:\/\/hundtgroup.com\/sk\/produkt\/trumpf-trutool-n-200-18v-40-ah-akumulatorove-stiepacky\/"]}]},{"@type":"ImageObject","inLanguage":"sk-SK","@id":"https:\/\/hundtgroup.com\/sk\/produkt\/trumpf-trutool-n-200-18v-40-ah-akumulatorove-stiepacky\/#primaryimage","url":"https:\/\/hundtgroup.com\/wp-content\/uploads\/351120.jpg","contentUrl":"https:\/\/hundtgroup.com\/wp-content\/uploads\/351120.jpg","width":680,"height":580},{"@type":"BreadcrumbList","@id":"https:\/\/hundtgroup.com\/sk\/produkt\/trumpf-trutool-n-200-18v-40-ah-akumulatorove-stiepacky\/#breadcrumb","itemListElement":[{"@type":"ListItem","position":1,"name":"Startseite","item":"https:\/\/hundtgroup.com\/sk\/domov-nove\/"},{"@type":"ListItem","position":2,"name":"Obchod","item":"https:\/\/hundtgroup.com\/obchod\/"},{"@type":"ListItem","position":3,"name":"TRUMPF TruTool N 200 18V 4,0 Ah akumul\u00e1torov\u00e9 \u0161tiepa\u010dky"}]},{"@type":"WebSite","@id":"https:\/\/hundtgroup.com\/sk\/#website","url":"https:\/\/hundtgroup.com\/sk\/","name":"Wilhelm Hundt GmbH","description":"V\u00e1\u0161 \u0161pecialista na stroje a n\u00e1stroje na spracovanie plechu","potentialAction":[{"@type":"SearchAction","target":{"@type":"EntryPoint","urlTemplate":"https:\/\/hundtgroup.com\/sk\/?s={search_term_string}"},"query-input":{"@type":"PropertyValueSpecification","valueRequired":true,"valueName":"search_term_string"}}],"inLanguage":"sk-SK"}]}},"_links":{"self":[{"href":"https:\/\/hundtgroup.com\/sk\/wp-json\/wp\/v2\/product\/15643","targetHints":{"allow":["GET"]}}],"collection":[{"href":"https:\/\/hundtgroup.com\/sk\/wp-json\/wp\/v2\/product"}],"about":[{"href":"https:\/\/hundtgroup.com\/sk\/wp-json\/wp\/v2\/types\/product"}],"wp:featuredmedia":[{"embeddable":true,"href":"https:\/\/hundtgroup.com\/sk\/wp-json\/wp\/v2\/media\/15645"}],"wp:attachment":[{"href":"https:\/\/hundtgroup.com\/sk\/wp-json\/wp\/v2\/media?parent=15643"}],"wp:term":[{"taxonomy":"product_cat","embeddable":true,"href":"https:\/\/hundtgroup.com\/sk\/wp-json\/wp\/v2\/product_cat?post=15643"},{"taxonomy":"product_tag","embeddable":true,"href":"https:\/\/hundtgroup.com\/sk\/wp-json\/wp\/v2\/product_tag?post=15643"}],"curies":[{"name":"wp","href":"https:\/\/api.w.org\/{rel}","templated":true}]}}