{"id":15699,"date":"2022-08-23T15:55:42","date_gmt":"2022-08-23T13:55:42","guid":{"rendered":"https:\/\/hundtgroup.com\/produkt\/trumpf-trutool-s-160-12-v-40-ah-akumulatorove-noznice-na-plech\/"},"modified":"2025-07-29T10:12:44","modified_gmt":"2025-07-29T08:12:44","slug":"trumpf-trutool-s-160-12-v-40-ah-akumulatorove-noznice-na-plech","status":"publish","type":"product","link":"https:\/\/hundtgroup.com\/sk\/produkt\/trumpf-trutool-s-160-12-v-40-ah-akumulatorove-noznice-na-plech\/","title":{"rendered":"TRUMPF TruTool S 160 12 V 4,0 Ah akumul\u00e1torov\u00e9 no\u017enice na plech"},"content":{"rendered":"<p>Rezanie bez otrepov<br \/>\nJasn\u00fd preh\u013ead o pracovnej ploche a l\u00ednii rezu<br \/>\nPresn\u00e9 rezanie. Optim\u00e1lne zat\u00e1\u010danie do rohu<br \/>\nMinim\u00e1lna potrebn\u00e1 n\u00e1maha v\u010faka optimalizovanej geometrii rezu<br \/>\nDlh\u00e1 \u017eivotnos\u0165 n\u00e1stroja v\u010faka 4-n\u00e1sobne reverzibiln\u00e9mu no\u017eu <\/p>\n","protected":false},"excerpt":{"rendered":"<p>Rezanie bez otrepov Jasn\u00fd preh\u013ead o pracovnej ploche a l\u00ednii rezu Presn\u00e9 rezanie. Optim\u00e1lne zat\u00e1\u010danie do rohu Minim\u00e1lna potrebn\u00e1 n\u00e1maha v\u010faka optimalizovanej geometrii rezu Dlh\u00e1 \u017eivotnos\u0165 n\u00e1stroja v\u010faka 4-n\u00e1sobne reverzibiln\u00e9mu no\u017eu<\/p>\n","protected":false},"featured_media":15700,"template":"","meta":{"_acf_changed":false,"inline_featured_image":false},"product_cat":[644,705],"product_tag":[],"class_list":{"0":"post-15699","1":"product","2":"type-product","3":"status-publish","4":"has-post-thumbnail","6":"brand-trumpf","7":"product_cat-nastroje-na-baterie","8":"product_cat-noznice-na-plech-sk","10":"first","11":"instock","12":"sale","13":"taxable","14":"shipping-taxable","15":"purchasable","16":"product-type-simple","17":"add-to-wishlist-before_image"},"acf":[],"yoast_head":"<!-- This site is optimized with the Yoast SEO plugin v27.3 - https:\/\/yoast.com\/product\/yoast-seo-wordpress\/ -->\n<title>TRUMPF TruTool S 160 12 V 4,0 Ah akumul\u00e1torov\u00e9 no\u017enice na plech - Wilhelm Hundt GmbH<\/title>\n<meta name=\"robots\" content=\"index, follow, max-snippet:-1, max-image-preview:large, max-video-preview:-1\" \/>\n<link rel=\"canonical\" href=\"https:\/\/hundtgroup.com\/sk\/produkt\/trumpf-trutool-s-160-12-v-40-ah-akumulatorove-noznice-na-plech\/\" \/>\n<meta property=\"og:locale\" content=\"sk_SK\" \/>\n<meta property=\"og:type\" content=\"article\" \/>\n<meta property=\"og:title\" content=\"TRUMPF TruTool S 160 12 V 4,0 Ah akumul\u00e1torov\u00e9 no\u017enice na plech - Wilhelm Hundt GmbH\" \/>\n<meta property=\"og:description\" content=\"Rezanie bez otrepov Jasn\u00fd preh\u013ead o pracovnej ploche a l\u00ednii rezu Presn\u00e9 rezanie. Optim\u00e1lne zat\u00e1\u010danie do rohu Minim\u00e1lna potrebn\u00e1 n\u00e1maha v\u010faka optimalizovanej geometrii rezu Dlh\u00e1 \u017eivotnos\u0165 n\u00e1stroja v\u010faka 4-n\u00e1sobne reverzibiln\u00e9mu no\u017eu\" \/>\n<meta property=\"og:url\" content=\"https:\/\/hundtgroup.com\/sk\/produkt\/trumpf-trutool-s-160-12-v-40-ah-akumulatorove-noznice-na-plech\/\" \/>\n<meta property=\"og:site_name\" content=\"Wilhelm Hundt GmbH\" \/>\n<meta property=\"article:modified_time\" content=\"2025-07-29T08:12:44+00:00\" \/>\n<meta name=\"twitter:card\" content=\"summary_large_image\" \/>\n<meta name=\"twitter:image\" content=\"https:\/\/hundtgroup.com\/wp-content\/uploads\/351111.jpg\" \/>\n<script type=\"application\/ld+json\" class=\"yoast-schema-graph\">{\"@context\":\"https:\\\/\\\/schema.org\",\"@graph\":[{\"@type\":\"WebPage\",\"@id\":\"https:\\\/\\\/hundtgroup.com\\\/sk\\\/produkt\\\/trumpf-trutool-s-160-12-v-40-ah-akumulatorove-noznice-na-plech\\\/\",\"url\":\"https:\\\/\\\/hundtgroup.com\\\/sk\\\/produkt\\\/trumpf-trutool-s-160-12-v-40-ah-akumulatorove-noznice-na-plech\\\/\",\"name\":\"TRUMPF TruTool S 160 12 V 4,0 Ah akumul\u00e1torov\u00e9 no\u017enice na plech - Wilhelm Hundt GmbH\",\"isPartOf\":{\"@id\":\"https:\\\/\\\/hundtgroup.com\\\/sk\\\/#website\"},\"primaryImageOfPage\":{\"@id\":\"https:\\\/\\\/hundtgroup.com\\\/sk\\\/produkt\\\/trumpf-trutool-s-160-12-v-40-ah-akumulatorove-noznice-na-plech\\\/#primaryimage\"},\"image\":{\"@id\":\"https:\\\/\\\/hundtgroup.com\\\/sk\\\/produkt\\\/trumpf-trutool-s-160-12-v-40-ah-akumulatorove-noznice-na-plech\\\/#primaryimage\"},\"thumbnailUrl\":\"https:\\\/\\\/hundtgroup.com\\\/wp-content\\\/uploads\\\/351111.jpg\",\"datePublished\":\"2022-08-23T13:55:42+00:00\",\"dateModified\":\"2025-07-29T08:12:44+00:00\",\"breadcrumb\":{\"@id\":\"https:\\\/\\\/hundtgroup.com\\\/sk\\\/produkt\\\/trumpf-trutool-s-160-12-v-40-ah-akumulatorove-noznice-na-plech\\\/#breadcrumb\"},\"inLanguage\":\"sk-SK\",\"potentialAction\":[{\"@type\":\"ReadAction\",\"target\":[\"https:\\\/\\\/hundtgroup.com\\\/sk\\\/produkt\\\/trumpf-trutool-s-160-12-v-40-ah-akumulatorove-noznice-na-plech\\\/\"]}]},{\"@type\":\"ImageObject\",\"inLanguage\":\"sk-SK\",\"@id\":\"https:\\\/\\\/hundtgroup.com\\\/sk\\\/produkt\\\/trumpf-trutool-s-160-12-v-40-ah-akumulatorove-noznice-na-plech\\\/#primaryimage\",\"url\":\"https:\\\/\\\/hundtgroup.com\\\/wp-content\\\/uploads\\\/351111.jpg\",\"contentUrl\":\"https:\\\/\\\/hundtgroup.com\\\/wp-content\\\/uploads\\\/351111.jpg\",\"width\":2362,\"height\":2193},{\"@type\":\"BreadcrumbList\",\"@id\":\"https:\\\/\\\/hundtgroup.com\\\/sk\\\/produkt\\\/trumpf-trutool-s-160-12-v-40-ah-akumulatorove-noznice-na-plech\\\/#breadcrumb\",\"itemListElement\":[{\"@type\":\"ListItem\",\"position\":1,\"name\":\"Startseite\",\"item\":\"https:\\\/\\\/hundtgroup.com\\\/sk\\\/domov-nove\\\/\"},{\"@type\":\"ListItem\",\"position\":2,\"name\":\"Obchod\",\"item\":\"https:\\\/\\\/hundtgroup.com\\\/obchod\\\/\"},{\"@type\":\"ListItem\",\"position\":3,\"name\":\"TRUMPF TruTool S 160 12 V 4,0 Ah akumul\u00e1torov\u00e9 no\u017enice na plech\"}]},{\"@type\":\"WebSite\",\"@id\":\"https:\\\/\\\/hundtgroup.com\\\/sk\\\/#website\",\"url\":\"https:\\\/\\\/hundtgroup.com\\\/sk\\\/\",\"name\":\"Wilhelm Hundt GmbH\",\"description\":\"V\u00e1\u0161 \u0161pecialista na stroje a n\u00e1stroje na spracovanie plechu\",\"potentialAction\":[{\"@type\":\"SearchAction\",\"target\":{\"@type\":\"EntryPoint\",\"urlTemplate\":\"https:\\\/\\\/hundtgroup.com\\\/sk\\\/?s={search_term_string}\"},\"query-input\":{\"@type\":\"PropertyValueSpecification\",\"valueRequired\":true,\"valueName\":\"search_term_string\"}}],\"inLanguage\":\"sk-SK\"}]}<\/script>\n<!-- \/ Yoast SEO plugin. -->","yoast_head_json":{"title":"TRUMPF TruTool S 160 12 V 4,0 Ah akumul\u00e1torov\u00e9 no\u017enice na plech - Wilhelm Hundt GmbH","robots":{"index":"index","follow":"follow","max-snippet":"max-snippet:-1","max-image-preview":"max-image-preview:large","max-video-preview":"max-video-preview:-1"},"canonical":"https:\/\/hundtgroup.com\/sk\/produkt\/trumpf-trutool-s-160-12-v-40-ah-akumulatorove-noznice-na-plech\/","og_locale":"sk_SK","og_type":"article","og_title":"TRUMPF TruTool S 160 12 V 4,0 Ah akumul\u00e1torov\u00e9 no\u017enice na plech - Wilhelm Hundt GmbH","og_description":"Rezanie bez otrepov Jasn\u00fd preh\u013ead o pracovnej ploche a l\u00ednii rezu Presn\u00e9 rezanie. Optim\u00e1lne zat\u00e1\u010danie do rohu Minim\u00e1lna potrebn\u00e1 n\u00e1maha v\u010faka optimalizovanej geometrii rezu Dlh\u00e1 \u017eivotnos\u0165 n\u00e1stroja v\u010faka 4-n\u00e1sobne reverzibiln\u00e9mu no\u017eu","og_url":"https:\/\/hundtgroup.com\/sk\/produkt\/trumpf-trutool-s-160-12-v-40-ah-akumulatorove-noznice-na-plech\/","og_site_name":"Wilhelm Hundt GmbH","article_modified_time":"2025-07-29T08:12:44+00:00","twitter_card":"summary_large_image","twitter_image":"https:\/\/hundtgroup.com\/wp-content\/uploads\/351111.jpg","schema":{"@context":"https:\/\/schema.org","@graph":[{"@type":"WebPage","@id":"https:\/\/hundtgroup.com\/sk\/produkt\/trumpf-trutool-s-160-12-v-40-ah-akumulatorove-noznice-na-plech\/","url":"https:\/\/hundtgroup.com\/sk\/produkt\/trumpf-trutool-s-160-12-v-40-ah-akumulatorove-noznice-na-plech\/","name":"TRUMPF TruTool S 160 12 V 4,0 Ah akumul\u00e1torov\u00e9 no\u017enice na plech - Wilhelm Hundt GmbH","isPartOf":{"@id":"https:\/\/hundtgroup.com\/sk\/#website"},"primaryImageOfPage":{"@id":"https:\/\/hundtgroup.com\/sk\/produkt\/trumpf-trutool-s-160-12-v-40-ah-akumulatorove-noznice-na-plech\/#primaryimage"},"image":{"@id":"https:\/\/hundtgroup.com\/sk\/produkt\/trumpf-trutool-s-160-12-v-40-ah-akumulatorove-noznice-na-plech\/#primaryimage"},"thumbnailUrl":"https:\/\/hundtgroup.com\/wp-content\/uploads\/351111.jpg","datePublished":"2022-08-23T13:55:42+00:00","dateModified":"2025-07-29T08:12:44+00:00","breadcrumb":{"@id":"https:\/\/hundtgroup.com\/sk\/produkt\/trumpf-trutool-s-160-12-v-40-ah-akumulatorove-noznice-na-plech\/#breadcrumb"},"inLanguage":"sk-SK","potentialAction":[{"@type":"ReadAction","target":["https:\/\/hundtgroup.com\/sk\/produkt\/trumpf-trutool-s-160-12-v-40-ah-akumulatorove-noznice-na-plech\/"]}]},{"@type":"ImageObject","inLanguage":"sk-SK","@id":"https:\/\/hundtgroup.com\/sk\/produkt\/trumpf-trutool-s-160-12-v-40-ah-akumulatorove-noznice-na-plech\/#primaryimage","url":"https:\/\/hundtgroup.com\/wp-content\/uploads\/351111.jpg","contentUrl":"https:\/\/hundtgroup.com\/wp-content\/uploads\/351111.jpg","width":2362,"height":2193},{"@type":"BreadcrumbList","@id":"https:\/\/hundtgroup.com\/sk\/produkt\/trumpf-trutool-s-160-12-v-40-ah-akumulatorove-noznice-na-plech\/#breadcrumb","itemListElement":[{"@type":"ListItem","position":1,"name":"Startseite","item":"https:\/\/hundtgroup.com\/sk\/domov-nove\/"},{"@type":"ListItem","position":2,"name":"Obchod","item":"https:\/\/hundtgroup.com\/obchod\/"},{"@type":"ListItem","position":3,"name":"TRUMPF TruTool S 160 12 V 4,0 Ah akumul\u00e1torov\u00e9 no\u017enice na plech"}]},{"@type":"WebSite","@id":"https:\/\/hundtgroup.com\/sk\/#website","url":"https:\/\/hundtgroup.com\/sk\/","name":"Wilhelm Hundt GmbH","description":"V\u00e1\u0161 \u0161pecialista na stroje a n\u00e1stroje na spracovanie plechu","potentialAction":[{"@type":"SearchAction","target":{"@type":"EntryPoint","urlTemplate":"https:\/\/hundtgroup.com\/sk\/?s={search_term_string}"},"query-input":{"@type":"PropertyValueSpecification","valueRequired":true,"valueName":"search_term_string"}}],"inLanguage":"sk-SK"}]}},"_links":{"self":[{"href":"https:\/\/hundtgroup.com\/sk\/wp-json\/wp\/v2\/product\/15699","targetHints":{"allow":["GET"]}}],"collection":[{"href":"https:\/\/hundtgroup.com\/sk\/wp-json\/wp\/v2\/product"}],"about":[{"href":"https:\/\/hundtgroup.com\/sk\/wp-json\/wp\/v2\/types\/product"}],"wp:featuredmedia":[{"embeddable":true,"href":"https:\/\/hundtgroup.com\/sk\/wp-json\/wp\/v2\/media\/15700"}],"wp:attachment":[{"href":"https:\/\/hundtgroup.com\/sk\/wp-json\/wp\/v2\/media?parent=15699"}],"wp:term":[{"taxonomy":"product_cat","embeddable":true,"href":"https:\/\/hundtgroup.com\/sk\/wp-json\/wp\/v2\/product_cat?post=15699"},{"taxonomy":"product_tag","embeddable":true,"href":"https:\/\/hundtgroup.com\/sk\/wp-json\/wp\/v2\/product_tag?post=15699"}],"curies":[{"name":"wp","href":"https:\/\/api.w.org\/{rel}","templated":true}]}}