{"id":16636,"date":"2025-07-11T14:58:21","date_gmt":"2025-07-11T12:58:21","guid":{"rendered":"https:\/\/hundtgroup.com\/produkt\/trutool-tsc-200-cistic-podpornych-pasov\/"},"modified":"2025-08-05T16:43:04","modified_gmt":"2025-08-05T14:43:04","slug":"trutool-tsc-200-cistic-podpornych-pasov","status":"publish","type":"product","link":"https:\/\/hundtgroup.com\/sk\/produkt\/trutool-tsc-200-cistic-podpornych-pasov\/","title":{"rendered":"TruTool TSC 200 \u010disti\u010d podporn\u00fdch p\u00e1sov"},"content":{"rendered":"<p>Kompaktn\u00fd a robustn\u00fd TruTool TSC 200 je ur\u010den\u00fd pre vl\u00e1knov\u00e9 lasery s vysok\u00fdm laserov\u00fdm v\u00fdkonom a zodpovedaj\u00facou tvrdou troskou do 25 mm. To nez\u00e1vis\u00ed od materi\u00e1lu. O vysokej kvalite a v\u00fdkone \u010distenia rozhoduje nieko\u013eko faktorov. Napr\u00edklad geometria \u010distiaceho n\u00e1stroja a podpera posuvu. Okrem toho vyv\u00e1\u017een\u00e9 rozlo\u017eenie hmotnosti krytu a motora zabezpe\u010duje plynul\u00fa a ergonomick\u00fa prev\u00e1dzku. \u010cas \u010distenia \u0161tandardnej palety s rozmermi 1500 mm x 3000 mm s \u010diasto\u010dn\u00fdm za\u0165a\u017een\u00edm je pribli\u017ene 15 min\u00fat. Ak \u010dist\u00edte trosky s hr\u00fabkou &gt; 15 mm, odpor\u00fa\u010dame pou\u017ei\u0165 volite\u013en\u00fa pod\u00e1vaciu podperu.      <\/p>\n","protected":false},"excerpt":{"rendered":"<p>Kompaktn\u00fd a robustn\u00fd TruTool TSC 200 je ur\u010den\u00fd pre vl\u00e1knov\u00e9 lasery s vysok\u00fdm laserov\u00fdm v\u00fdkonom a zodpovedaj\u00facou tvrdou troskou do 25 mm. To nez\u00e1vis\u00ed od materi\u00e1lu. O vysokej kvalite a v\u00fdkone \u010distenia rozhoduje nieko\u013eko faktorov. Napr\u00edklad geometria \u010distiaceho n\u00e1stroja a podpera posuvu. Okrem toho vyv\u00e1\u017een\u00e9 rozlo\u017eenie hmotnosti krytu a motora zabezpe\u010duje plynul\u00fa a ergonomick\u00fa prev\u00e1dzku. [&hellip;]<\/p>\n","protected":false},"featured_media":16574,"template":"","meta":{"_acf_changed":false,"inline_featured_image":false},"product_cat":[656,2280],"product_tag":[],"class_list":{"0":"post-16636","1":"product","2":"type-product","3":"status-publish","4":"has-post-thumbnail","6":"product_cat-elektricke-naradie","7":"product_cat-specialne-nastroje","9":"first","10":"instock","11":"sale","12":"taxable","13":"shipping-taxable","14":"purchasable","15":"product-type-simple","16":"add-to-wishlist-before_image"},"acf":[],"yoast_head":"<!-- This site is optimized with the Yoast SEO plugin v27.3 - https:\/\/yoast.com\/product\/yoast-seo-wordpress\/ -->\n<title>TruTool TSC 200 \u010disti\u010d podporn\u00fdch p\u00e1sov - Wilhelm Hundt GmbH<\/title>\n<meta name=\"robots\" content=\"index, follow, max-snippet:-1, max-image-preview:large, max-video-preview:-1\" \/>\n<link rel=\"canonical\" href=\"https:\/\/hundtgroup.com\/sk\/produkt\/trutool-tsc-200-cistic-podpornych-pasov\/\" \/>\n<meta property=\"og:locale\" content=\"sk_SK\" \/>\n<meta property=\"og:type\" content=\"article\" \/>\n<meta property=\"og:title\" content=\"TruTool TSC 200 \u010disti\u010d podporn\u00fdch p\u00e1sov - Wilhelm Hundt GmbH\" \/>\n<meta property=\"og:description\" content=\"Kompaktn\u00fd a robustn\u00fd TruTool TSC 200 je ur\u010den\u00fd pre vl\u00e1knov\u00e9 lasery s vysok\u00fdm laserov\u00fdm v\u00fdkonom a zodpovedaj\u00facou tvrdou troskou do 25 mm. To nez\u00e1vis\u00ed od materi\u00e1lu. O vysokej kvalite a v\u00fdkone \u010distenia rozhoduje nieko\u013eko faktorov. Napr\u00edklad geometria \u010distiaceho n\u00e1stroja a podpera posuvu. Okrem toho vyv\u00e1\u017een\u00e9 rozlo\u017eenie hmotnosti krytu a motora zabezpe\u010duje plynul\u00fa a ergonomick\u00fa prev\u00e1dzku. [&hellip;]\" \/>\n<meta property=\"og:url\" content=\"https:\/\/hundtgroup.com\/sk\/produkt\/trutool-tsc-200-cistic-podpornych-pasov\/\" \/>\n<meta property=\"og:site_name\" content=\"Wilhelm Hundt GmbH\" \/>\n<meta property=\"article:modified_time\" content=\"2025-08-05T14:43:04+00:00\" \/>\n<meta property=\"og:image\" content=\"https:\/\/hundtgroup.com\/wp-content\/uploads\/TSC-200-3-e1752504167544.png\" \/>\n\t<meta property=\"og:image:width\" content=\"1024\" \/>\n\t<meta property=\"og:image:height\" content=\"650\" \/>\n\t<meta property=\"og:image:type\" content=\"image\/png\" \/>\n<meta name=\"twitter:card\" content=\"summary_large_image\" \/>\n<meta name=\"twitter:label1\" content=\"Predpokladan\u00fd \u010das \u010d\u00edtania\" \/>\n\t<meta name=\"twitter:data1\" content=\"1 min\u00fata\" \/>\n<script type=\"application\/ld+json\" class=\"yoast-schema-graph\">{\"@context\":\"https:\\\/\\\/schema.org\",\"@graph\":[{\"@type\":\"WebPage\",\"@id\":\"https:\\\/\\\/hundtgroup.com\\\/sk\\\/produkt\\\/trutool-tsc-200-cistic-podpornych-pasov\\\/\",\"url\":\"https:\\\/\\\/hundtgroup.com\\\/sk\\\/produkt\\\/trutool-tsc-200-cistic-podpornych-pasov\\\/\",\"name\":\"TruTool TSC 200 \u010disti\u010d podporn\u00fdch p\u00e1sov - Wilhelm Hundt GmbH\",\"isPartOf\":{\"@id\":\"https:\\\/\\\/hundtgroup.com\\\/sk\\\/#website\"},\"primaryImageOfPage\":{\"@id\":\"https:\\\/\\\/hundtgroup.com\\\/sk\\\/produkt\\\/trutool-tsc-200-cistic-podpornych-pasov\\\/#primaryimage\"},\"image\":{\"@id\":\"https:\\\/\\\/hundtgroup.com\\\/sk\\\/produkt\\\/trutool-tsc-200-cistic-podpornych-pasov\\\/#primaryimage\"},\"thumbnailUrl\":\"https:\\\/\\\/hundtgroup.com\\\/wp-content\\\/uploads\\\/TSC-200-3-e1752504167544.png\",\"datePublished\":\"2025-07-11T12:58:21+00:00\",\"dateModified\":\"2025-08-05T14:43:04+00:00\",\"breadcrumb\":{\"@id\":\"https:\\\/\\\/hundtgroup.com\\\/sk\\\/produkt\\\/trutool-tsc-200-cistic-podpornych-pasov\\\/#breadcrumb\"},\"inLanguage\":\"sk-SK\",\"potentialAction\":[{\"@type\":\"ReadAction\",\"target\":[\"https:\\\/\\\/hundtgroup.com\\\/sk\\\/produkt\\\/trutool-tsc-200-cistic-podpornych-pasov\\\/\"]}]},{\"@type\":\"ImageObject\",\"inLanguage\":\"sk-SK\",\"@id\":\"https:\\\/\\\/hundtgroup.com\\\/sk\\\/produkt\\\/trutool-tsc-200-cistic-podpornych-pasov\\\/#primaryimage\",\"url\":\"https:\\\/\\\/hundtgroup.com\\\/wp-content\\\/uploads\\\/TSC-200-3-e1752504167544.png\",\"contentUrl\":\"https:\\\/\\\/hundtgroup.com\\\/wp-content\\\/uploads\\\/TSC-200-3-e1752504167544.png\",\"width\":1024,\"height\":650},{\"@type\":\"BreadcrumbList\",\"@id\":\"https:\\\/\\\/hundtgroup.com\\\/sk\\\/produkt\\\/trutool-tsc-200-cistic-podpornych-pasov\\\/#breadcrumb\",\"itemListElement\":[{\"@type\":\"ListItem\",\"position\":1,\"name\":\"Startseite\",\"item\":\"https:\\\/\\\/hundtgroup.com\\\/sk\\\/domov-nove\\\/\"},{\"@type\":\"ListItem\",\"position\":2,\"name\":\"Obchod\",\"item\":\"https:\\\/\\\/hundtgroup.com\\\/obchod\\\/\"},{\"@type\":\"ListItem\",\"position\":3,\"name\":\"TruTool TSC 200 \u010disti\u010d podporn\u00fdch p\u00e1sov\"}]},{\"@type\":\"WebSite\",\"@id\":\"https:\\\/\\\/hundtgroup.com\\\/sk\\\/#website\",\"url\":\"https:\\\/\\\/hundtgroup.com\\\/sk\\\/\",\"name\":\"Wilhelm Hundt GmbH\",\"description\":\"V\u00e1\u0161 \u0161pecialista na stroje a n\u00e1stroje na spracovanie plechu\",\"potentialAction\":[{\"@type\":\"SearchAction\",\"target\":{\"@type\":\"EntryPoint\",\"urlTemplate\":\"https:\\\/\\\/hundtgroup.com\\\/sk\\\/?s={search_term_string}\"},\"query-input\":{\"@type\":\"PropertyValueSpecification\",\"valueRequired\":true,\"valueName\":\"search_term_string\"}}],\"inLanguage\":\"sk-SK\"}]}<\/script>\n<!-- \/ Yoast SEO plugin. -->","yoast_head_json":{"title":"TruTool TSC 200 \u010disti\u010d podporn\u00fdch p\u00e1sov - Wilhelm Hundt GmbH","robots":{"index":"index","follow":"follow","max-snippet":"max-snippet:-1","max-image-preview":"max-image-preview:large","max-video-preview":"max-video-preview:-1"},"canonical":"https:\/\/hundtgroup.com\/sk\/produkt\/trutool-tsc-200-cistic-podpornych-pasov\/","og_locale":"sk_SK","og_type":"article","og_title":"TruTool TSC 200 \u010disti\u010d podporn\u00fdch p\u00e1sov - Wilhelm Hundt GmbH","og_description":"Kompaktn\u00fd a robustn\u00fd TruTool TSC 200 je ur\u010den\u00fd pre vl\u00e1knov\u00e9 lasery s vysok\u00fdm laserov\u00fdm v\u00fdkonom a zodpovedaj\u00facou tvrdou troskou do 25 mm. To nez\u00e1vis\u00ed od materi\u00e1lu. O vysokej kvalite a v\u00fdkone \u010distenia rozhoduje nieko\u013eko faktorov. Napr\u00edklad geometria \u010distiaceho n\u00e1stroja a podpera posuvu. Okrem toho vyv\u00e1\u017een\u00e9 rozlo\u017eenie hmotnosti krytu a motora zabezpe\u010duje plynul\u00fa a ergonomick\u00fa prev\u00e1dzku. [&hellip;]","og_url":"https:\/\/hundtgroup.com\/sk\/produkt\/trutool-tsc-200-cistic-podpornych-pasov\/","og_site_name":"Wilhelm Hundt GmbH","article_modified_time":"2025-08-05T14:43:04+00:00","og_image":[{"width":1024,"height":650,"url":"https:\/\/hundtgroup.com\/wp-content\/uploads\/TSC-200-3-e1752504167544.png","type":"image\/png"}],"twitter_card":"summary_large_image","twitter_misc":{"Predpokladan\u00fd \u010das \u010d\u00edtania":"1 min\u00fata"},"schema":{"@context":"https:\/\/schema.org","@graph":[{"@type":"WebPage","@id":"https:\/\/hundtgroup.com\/sk\/produkt\/trutool-tsc-200-cistic-podpornych-pasov\/","url":"https:\/\/hundtgroup.com\/sk\/produkt\/trutool-tsc-200-cistic-podpornych-pasov\/","name":"TruTool TSC 200 \u010disti\u010d podporn\u00fdch p\u00e1sov - Wilhelm Hundt GmbH","isPartOf":{"@id":"https:\/\/hundtgroup.com\/sk\/#website"},"primaryImageOfPage":{"@id":"https:\/\/hundtgroup.com\/sk\/produkt\/trutool-tsc-200-cistic-podpornych-pasov\/#primaryimage"},"image":{"@id":"https:\/\/hundtgroup.com\/sk\/produkt\/trutool-tsc-200-cistic-podpornych-pasov\/#primaryimage"},"thumbnailUrl":"https:\/\/hundtgroup.com\/wp-content\/uploads\/TSC-200-3-e1752504167544.png","datePublished":"2025-07-11T12:58:21+00:00","dateModified":"2025-08-05T14:43:04+00:00","breadcrumb":{"@id":"https:\/\/hundtgroup.com\/sk\/produkt\/trutool-tsc-200-cistic-podpornych-pasov\/#breadcrumb"},"inLanguage":"sk-SK","potentialAction":[{"@type":"ReadAction","target":["https:\/\/hundtgroup.com\/sk\/produkt\/trutool-tsc-200-cistic-podpornych-pasov\/"]}]},{"@type":"ImageObject","inLanguage":"sk-SK","@id":"https:\/\/hundtgroup.com\/sk\/produkt\/trutool-tsc-200-cistic-podpornych-pasov\/#primaryimage","url":"https:\/\/hundtgroup.com\/wp-content\/uploads\/TSC-200-3-e1752504167544.png","contentUrl":"https:\/\/hundtgroup.com\/wp-content\/uploads\/TSC-200-3-e1752504167544.png","width":1024,"height":650},{"@type":"BreadcrumbList","@id":"https:\/\/hundtgroup.com\/sk\/produkt\/trutool-tsc-200-cistic-podpornych-pasov\/#breadcrumb","itemListElement":[{"@type":"ListItem","position":1,"name":"Startseite","item":"https:\/\/hundtgroup.com\/sk\/domov-nove\/"},{"@type":"ListItem","position":2,"name":"Obchod","item":"https:\/\/hundtgroup.com\/obchod\/"},{"@type":"ListItem","position":3,"name":"TruTool TSC 200 \u010disti\u010d podporn\u00fdch p\u00e1sov"}]},{"@type":"WebSite","@id":"https:\/\/hundtgroup.com\/sk\/#website","url":"https:\/\/hundtgroup.com\/sk\/","name":"Wilhelm Hundt GmbH","description":"V\u00e1\u0161 \u0161pecialista na stroje a n\u00e1stroje na spracovanie plechu","potentialAction":[{"@type":"SearchAction","target":{"@type":"EntryPoint","urlTemplate":"https:\/\/hundtgroup.com\/sk\/?s={search_term_string}"},"query-input":{"@type":"PropertyValueSpecification","valueRequired":true,"valueName":"search_term_string"}}],"inLanguage":"sk-SK"}]}},"_links":{"self":[{"href":"https:\/\/hundtgroup.com\/sk\/wp-json\/wp\/v2\/product\/16636","targetHints":{"allow":["GET"]}}],"collection":[{"href":"https:\/\/hundtgroup.com\/sk\/wp-json\/wp\/v2\/product"}],"about":[{"href":"https:\/\/hundtgroup.com\/sk\/wp-json\/wp\/v2\/types\/product"}],"wp:featuredmedia":[{"embeddable":true,"href":"https:\/\/hundtgroup.com\/sk\/wp-json\/wp\/v2\/media\/16574"}],"wp:attachment":[{"href":"https:\/\/hundtgroup.com\/sk\/wp-json\/wp\/v2\/media?parent=16636"}],"wp:term":[{"taxonomy":"product_cat","embeddable":true,"href":"https:\/\/hundtgroup.com\/sk\/wp-json\/wp\/v2\/product_cat?post=16636"},{"taxonomy":"product_tag","embeddable":true,"href":"https:\/\/hundtgroup.com\/sk\/wp-json\/wp\/v2\/product_tag?post=16636"}],"curies":[{"name":"wp","href":"https:\/\/api.w.org\/{rel}","templated":true}]}}