{"id":18062,"date":"2025-06-18T18:31:24","date_gmt":"2025-06-18T16:31:24","guid":{"rendered":"https:\/\/hundtgroup.com\/produkt\/dielensky-pilnik-polkruhovy\/"},"modified":"2025-08-05T18:10:46","modified_gmt":"2025-08-05T16:10:46","slug":"dielensky-pilnik-polkruhovy","status":"publish","type":"product","link":"https:\/\/hundtgroup.com\/sk\/produkt\/dielensky-pilnik-polkruhovy\/","title":{"rendered":"Dielensk\u00fd piln\u00edk, polkruhov\u00fd"},"content":{"rendered":"<p>Na univerz\u00e1lne opracovanie kovov\u00fdch povrchov jemn\u00fdm a hrub\u00fdm pilovan\u00edm a odstra\u0148ovan\u00edm otrepov, rovn\u00e1 strana na povrchy a okr\u00fahla strana na r\u00fary a v\u00e4\u010d\u0161ie otvory, dokonal\u00e1 oce\u013eov\u00e1 \u0161trukt\u00fara a rovnomern\u00e1 tvrdos\u0165 63 HRC \u00b1 2, rovnomern\u00e1 hustota a h\u013abka rezu od rukov\u00e4te po hrot, presn\u00fd tvar piln\u00edka, \u0161peci\u00e1lna geometria zubov, ergonomick\u00e1 plastov\u00e1 rukov\u00e4\u0165<\/p>\n","protected":false},"excerpt":{"rendered":"<p>Na univerz\u00e1lne opracovanie kovov\u00fdch povrchov jemn\u00fdm a hrub\u00fdm pilovan\u00edm a odstra\u0148ovan\u00edm otrepov, rovn\u00e1 strana na povrchy a okr\u00fahla strana na r\u00fary a v\u00e4\u010d\u0161ie otvory, dokonal\u00e1 oce\u013eov\u00e1 \u0161trukt\u00fara a rovnomern\u00e1 tvrdos\u0165 63 HRC \u00b1 2, rovnomern\u00e1 hustota a h\u013abka rezu od rukov\u00e4te po hrot, presn\u00fd tvar piln\u00edka, \u0161peci\u00e1lna geometria zubov, ergonomick\u00e1 plastov\u00e1 rukov\u00e4\u0165<\/p>\n","protected":false},"featured_media":18064,"template":"","meta":{"_acf_changed":false,"inline_featured_image":false},"product_cat":[930,2324],"product_tag":[],"class_list":{"0":"post-18062","1":"product","2":"type-product","3":"status-publish","4":"has-post-thumbnail","6":"brand-hundt","7":"product_cat-rucne-naradie","8":"product_cat-subor","10":"first","11":"instock","12":"taxable","13":"shipping-taxable","14":"purchasable","15":"product-type-simple","16":"add-to-wishlist-before_image"},"acf":[],"yoast_head":"<!-- This site is optimized with the Yoast SEO plugin v27.3 - https:\/\/yoast.com\/product\/yoast-seo-wordpress\/ -->\n<title>Dielensk\u00fd piln\u00edk, polkruhov\u00fd - Wilhelm Hundt GmbH<\/title>\n<meta name=\"robots\" content=\"index, follow, max-snippet:-1, max-image-preview:large, max-video-preview:-1\" \/>\n<link rel=\"canonical\" href=\"https:\/\/hundtgroup.com\/sk\/produkt\/dielensky-pilnik-polkruhovy\/\" \/>\n<meta property=\"og:locale\" content=\"sk_SK\" \/>\n<meta property=\"og:type\" content=\"article\" \/>\n<meta property=\"og:title\" content=\"Dielensk\u00fd piln\u00edk, polkruhov\u00fd - Wilhelm Hundt GmbH\" \/>\n<meta property=\"og:description\" content=\"Na univerz\u00e1lne opracovanie kovov\u00fdch povrchov jemn\u00fdm a hrub\u00fdm pilovan\u00edm a odstra\u0148ovan\u00edm otrepov, rovn\u00e1 strana na povrchy a okr\u00fahla strana na r\u00fary a v\u00e4\u010d\u0161ie otvory, dokonal\u00e1 oce\u013eov\u00e1 \u0161trukt\u00fara a rovnomern\u00e1 tvrdos\u0165 63 HRC \u00b1 2, rovnomern\u00e1 hustota a h\u013abka rezu od rukov\u00e4te po hrot, presn\u00fd tvar piln\u00edka, \u0161peci\u00e1lna geometria zubov, ergonomick\u00e1 plastov\u00e1 rukov\u00e4\u0165\" \/>\n<meta property=\"og:url\" content=\"https:\/\/hundtgroup.com\/sk\/produkt\/dielensky-pilnik-polkruhovy\/\" \/>\n<meta property=\"og:site_name\" content=\"Wilhelm Hundt GmbH\" \/>\n<meta property=\"article:modified_time\" content=\"2025-08-05T16:10:46+00:00\" \/>\n<meta property=\"og:image\" content=\"https:\/\/hundtgroup.com\/wp-content\/uploads\/430004.png\" \/>\n\t<meta property=\"og:image:width\" content=\"785\" \/>\n\t<meta property=\"og:image:height\" content=\"99\" \/>\n\t<meta property=\"og:image:type\" content=\"image\/png\" \/>\n<meta name=\"twitter:card\" content=\"summary_large_image\" \/>\n<script type=\"application\/ld+json\" class=\"yoast-schema-graph\">{\"@context\":\"https:\\\/\\\/schema.org\",\"@graph\":[{\"@type\":\"WebPage\",\"@id\":\"https:\\\/\\\/hundtgroup.com\\\/sk\\\/produkt\\\/dielensky-pilnik-polkruhovy\\\/\",\"url\":\"https:\\\/\\\/hundtgroup.com\\\/sk\\\/produkt\\\/dielensky-pilnik-polkruhovy\\\/\",\"name\":\"Dielensk\u00fd piln\u00edk, polkruhov\u00fd - Wilhelm Hundt GmbH\",\"isPartOf\":{\"@id\":\"https:\\\/\\\/hundtgroup.com\\\/sk\\\/#website\"},\"primaryImageOfPage\":{\"@id\":\"https:\\\/\\\/hundtgroup.com\\\/sk\\\/produkt\\\/dielensky-pilnik-polkruhovy\\\/#primaryimage\"},\"image\":{\"@id\":\"https:\\\/\\\/hundtgroup.com\\\/sk\\\/produkt\\\/dielensky-pilnik-polkruhovy\\\/#primaryimage\"},\"thumbnailUrl\":\"https:\\\/\\\/hundtgroup.com\\\/wp-content\\\/uploads\\\/430004.png\",\"datePublished\":\"2025-06-18T16:31:24+00:00\",\"dateModified\":\"2025-08-05T16:10:46+00:00\",\"breadcrumb\":{\"@id\":\"https:\\\/\\\/hundtgroup.com\\\/sk\\\/produkt\\\/dielensky-pilnik-polkruhovy\\\/#breadcrumb\"},\"inLanguage\":\"sk-SK\",\"potentialAction\":[{\"@type\":\"ReadAction\",\"target\":[\"https:\\\/\\\/hundtgroup.com\\\/sk\\\/produkt\\\/dielensky-pilnik-polkruhovy\\\/\"]}]},{\"@type\":\"ImageObject\",\"inLanguage\":\"sk-SK\",\"@id\":\"https:\\\/\\\/hundtgroup.com\\\/sk\\\/produkt\\\/dielensky-pilnik-polkruhovy\\\/#primaryimage\",\"url\":\"https:\\\/\\\/hundtgroup.com\\\/wp-content\\\/uploads\\\/430004.png\",\"contentUrl\":\"https:\\\/\\\/hundtgroup.com\\\/wp-content\\\/uploads\\\/430004.png\",\"width\":785,\"height\":99},{\"@type\":\"BreadcrumbList\",\"@id\":\"https:\\\/\\\/hundtgroup.com\\\/sk\\\/produkt\\\/dielensky-pilnik-polkruhovy\\\/#breadcrumb\",\"itemListElement\":[{\"@type\":\"ListItem\",\"position\":1,\"name\":\"Startseite\",\"item\":\"https:\\\/\\\/hundtgroup.com\\\/sk\\\/domov-nove\\\/\"},{\"@type\":\"ListItem\",\"position\":2,\"name\":\"Obchod\",\"item\":\"https:\\\/\\\/hundtgroup.com\\\/obchod\\\/\"},{\"@type\":\"ListItem\",\"position\":3,\"name\":\"Dielensk\u00fd piln\u00edk, polkruhov\u00fd\"}]},{\"@type\":\"WebSite\",\"@id\":\"https:\\\/\\\/hundtgroup.com\\\/sk\\\/#website\",\"url\":\"https:\\\/\\\/hundtgroup.com\\\/sk\\\/\",\"name\":\"Wilhelm Hundt GmbH\",\"description\":\"V\u00e1\u0161 \u0161pecialista na stroje a n\u00e1stroje na spracovanie plechu\",\"potentialAction\":[{\"@type\":\"SearchAction\",\"target\":{\"@type\":\"EntryPoint\",\"urlTemplate\":\"https:\\\/\\\/hundtgroup.com\\\/sk\\\/?s={search_term_string}\"},\"query-input\":{\"@type\":\"PropertyValueSpecification\",\"valueRequired\":true,\"valueName\":\"search_term_string\"}}],\"inLanguage\":\"sk-SK\"}]}<\/script>\n<!-- \/ Yoast SEO plugin. -->","yoast_head_json":{"title":"Dielensk\u00fd piln\u00edk, polkruhov\u00fd - Wilhelm Hundt GmbH","robots":{"index":"index","follow":"follow","max-snippet":"max-snippet:-1","max-image-preview":"max-image-preview:large","max-video-preview":"max-video-preview:-1"},"canonical":"https:\/\/hundtgroup.com\/sk\/produkt\/dielensky-pilnik-polkruhovy\/","og_locale":"sk_SK","og_type":"article","og_title":"Dielensk\u00fd piln\u00edk, polkruhov\u00fd - Wilhelm Hundt GmbH","og_description":"Na univerz\u00e1lne opracovanie kovov\u00fdch povrchov jemn\u00fdm a hrub\u00fdm pilovan\u00edm a odstra\u0148ovan\u00edm otrepov, rovn\u00e1 strana na povrchy a okr\u00fahla strana na r\u00fary a v\u00e4\u010d\u0161ie otvory, dokonal\u00e1 oce\u013eov\u00e1 \u0161trukt\u00fara a rovnomern\u00e1 tvrdos\u0165 63 HRC \u00b1 2, rovnomern\u00e1 hustota a h\u013abka rezu od rukov\u00e4te po hrot, presn\u00fd tvar piln\u00edka, \u0161peci\u00e1lna geometria zubov, ergonomick\u00e1 plastov\u00e1 rukov\u00e4\u0165","og_url":"https:\/\/hundtgroup.com\/sk\/produkt\/dielensky-pilnik-polkruhovy\/","og_site_name":"Wilhelm Hundt GmbH","article_modified_time":"2025-08-05T16:10:46+00:00","og_image":[{"width":785,"height":99,"url":"https:\/\/hundtgroup.com\/wp-content\/uploads\/430004.png","type":"image\/png"}],"twitter_card":"summary_large_image","schema":{"@context":"https:\/\/schema.org","@graph":[{"@type":"WebPage","@id":"https:\/\/hundtgroup.com\/sk\/produkt\/dielensky-pilnik-polkruhovy\/","url":"https:\/\/hundtgroup.com\/sk\/produkt\/dielensky-pilnik-polkruhovy\/","name":"Dielensk\u00fd piln\u00edk, polkruhov\u00fd - Wilhelm Hundt GmbH","isPartOf":{"@id":"https:\/\/hundtgroup.com\/sk\/#website"},"primaryImageOfPage":{"@id":"https:\/\/hundtgroup.com\/sk\/produkt\/dielensky-pilnik-polkruhovy\/#primaryimage"},"image":{"@id":"https:\/\/hundtgroup.com\/sk\/produkt\/dielensky-pilnik-polkruhovy\/#primaryimage"},"thumbnailUrl":"https:\/\/hundtgroup.com\/wp-content\/uploads\/430004.png","datePublished":"2025-06-18T16:31:24+00:00","dateModified":"2025-08-05T16:10:46+00:00","breadcrumb":{"@id":"https:\/\/hundtgroup.com\/sk\/produkt\/dielensky-pilnik-polkruhovy\/#breadcrumb"},"inLanguage":"sk-SK","potentialAction":[{"@type":"ReadAction","target":["https:\/\/hundtgroup.com\/sk\/produkt\/dielensky-pilnik-polkruhovy\/"]}]},{"@type":"ImageObject","inLanguage":"sk-SK","@id":"https:\/\/hundtgroup.com\/sk\/produkt\/dielensky-pilnik-polkruhovy\/#primaryimage","url":"https:\/\/hundtgroup.com\/wp-content\/uploads\/430004.png","contentUrl":"https:\/\/hundtgroup.com\/wp-content\/uploads\/430004.png","width":785,"height":99},{"@type":"BreadcrumbList","@id":"https:\/\/hundtgroup.com\/sk\/produkt\/dielensky-pilnik-polkruhovy\/#breadcrumb","itemListElement":[{"@type":"ListItem","position":1,"name":"Startseite","item":"https:\/\/hundtgroup.com\/sk\/domov-nove\/"},{"@type":"ListItem","position":2,"name":"Obchod","item":"https:\/\/hundtgroup.com\/obchod\/"},{"@type":"ListItem","position":3,"name":"Dielensk\u00fd piln\u00edk, polkruhov\u00fd"}]},{"@type":"WebSite","@id":"https:\/\/hundtgroup.com\/sk\/#website","url":"https:\/\/hundtgroup.com\/sk\/","name":"Wilhelm Hundt GmbH","description":"V\u00e1\u0161 \u0161pecialista na stroje a n\u00e1stroje na spracovanie plechu","potentialAction":[{"@type":"SearchAction","target":{"@type":"EntryPoint","urlTemplate":"https:\/\/hundtgroup.com\/sk\/?s={search_term_string}"},"query-input":{"@type":"PropertyValueSpecification","valueRequired":true,"valueName":"search_term_string"}}],"inLanguage":"sk-SK"}]}},"_links":{"self":[{"href":"https:\/\/hundtgroup.com\/sk\/wp-json\/wp\/v2\/product\/18062","targetHints":{"allow":["GET"]}}],"collection":[{"href":"https:\/\/hundtgroup.com\/sk\/wp-json\/wp\/v2\/product"}],"about":[{"href":"https:\/\/hundtgroup.com\/sk\/wp-json\/wp\/v2\/types\/product"}],"wp:featuredmedia":[{"embeddable":true,"href":"https:\/\/hundtgroup.com\/sk\/wp-json\/wp\/v2\/media\/18064"}],"wp:attachment":[{"href":"https:\/\/hundtgroup.com\/sk\/wp-json\/wp\/v2\/media?parent=18062"}],"wp:term":[{"taxonomy":"product_cat","embeddable":true,"href":"https:\/\/hundtgroup.com\/sk\/wp-json\/wp\/v2\/product_cat?post=18062"},{"taxonomy":"product_tag","embeddable":true,"href":"https:\/\/hundtgroup.com\/sk\/wp-json\/wp\/v2\/product_tag?post=18062"}],"curies":[{"name":"wp","href":"https:\/\/api.w.org\/{rel}","templated":true}]}}