{"id":18310,"date":"2025-06-18T18:32:02","date_gmt":"2025-06-18T16:32:02","guid":{"rendered":"https:\/\/hundtgroup.com\/produkt\/sada-izolacneho-naradia-hundt-basic-33-dielov-v-uzamykatelnom-batohu-na-kolieskach\/"},"modified":"2025-08-05T17:49:55","modified_gmt":"2025-08-05T15:49:55","slug":"sada-izolacneho-naradia-hundt-basic-33-dielov-v-uzamykatelnom-batohu-na-kolieskach","status":"publish","type":"product","link":"https:\/\/hundtgroup.com\/sk\/produkt\/sada-izolacneho-naradia-hundt-basic-33-dielov-v-uzamykatelnom-batohu-na-kolieskach\/","title":{"rendered":"Sada izola\u010dn\u00e9ho n\u00e1radia Hundt Basic 33 dielov v uzamykate\u013enom batohu na kolieskach"},"content":{"rendered":"<p>S\u00faprava izola\u010dn\u00e9ho n\u00e1radia pozost\u00e1va z:<br \/>\nUzamykate\u013en\u00fd batoh na n\u00e1radie<br \/>\nN\u00f4\u017e na roho\u017ee 150 mm tvar B<br \/>\nKo\u017een\u00e9 puzdro na n\u00f4\u017e 150 mm<br \/>\nERDI Ideal no\u017enice modr\u00e9 216\/260 prav\u00e9<br \/>\nERDI Ideal no\u017enice modr\u00e9 216\/260 \u013eav\u00e9<br \/>\nGilot\u00ednov\u00e9 no\u017enice ERDI 218\/350<br \/>\nRu\u010dn\u00e1 dierova\u010dka ve\u013ekosti 20<br \/>\nDreven\u00e9 skladacie pravidlo 2 m so stupnicou obvodu<br \/>\n\u00dachopov\u00e9 klie\u0161te 250 mm Nemecko<br \/>\nKlie\u0161te Rabitz 250 mm Nemecko<br \/>\nPlsten\u00e9 per\u00e1<br \/>\nKlie\u0161te na slep\u00e9 nity HZ<br \/>\nKombinovan\u00e9 klie\u0161te 200 mm<br \/>\n\u0160abl\u00f3na na ozna\u010dovanie<br \/>\nKompas na obl\u00fak 300 mm Nemecko<br \/>\nUchopovac\u00ed kompas (kaliper) 300 mm Nemecko<br \/>\nP\u00edsa\u010dka 4 x 50 mm<br \/>\nKrimpovacie klie\u0161te 60 mm 45\u00b0 zahnut\u00e9<br \/>\nZar\u00e1\u017eka 300 mm<br \/>\nZ\u00e1mo\u010dn\u00edcke kladivo 300 g<br \/>\nSkrutkova\u010d 150 x 8 mm dreven\u00e1 rukov\u00e4\u0165<br \/>\nP\u00edla PUK<br \/>\npru\u017en\u00fd p\u00e1s z pru\u017einovej ocele<br \/>\nS\u00fabor workshopu<br \/>\nIzometrick\u00fd blok DIN A6<br \/>\nIzometrick\u00fd blok DIN A4<br \/>\nBiros<br \/>\nJednoru\u010dn\u00e1 svorka<br \/>\nNo\u017enice na pletivo 250 mm<br \/>\nDreven\u00e1 pali\u010dka 60&#215;120 mm<br \/>\nSkrutkova\u010d karbur\u00e1tora s dr\u00e1\u017ekou a PH2<br \/>\nN\u00e1str\u010dn\u00fd skrutkova\u010d SW8<br \/>\nN\u00e1str\u010dn\u00fd skrutkova\u010d SW7<\/p>\n","protected":false},"excerpt":{"rendered":"<p>S\u00faprava izola\u010dn\u00e9ho n\u00e1radia pozost\u00e1va z: Uzamykate\u013en\u00fd batoh na n\u00e1radie N\u00f4\u017e na roho\u017ee 150 mm tvar B Ko\u017een\u00e9 puzdro na n\u00f4\u017e 150 mm ERDI Ideal no\u017enice modr\u00e9 216\/260 prav\u00e9 ERDI Ideal no\u017enice modr\u00e9 216\/260 \u013eav\u00e9 Gilot\u00ednov\u00e9 no\u017enice ERDI 218\/350 Ru\u010dn\u00e1 dierova\u010dka ve\u013ekosti 20 Dreven\u00e9 skladacie pravidlo 2 m so stupnicou obvodu \u00dachopov\u00e9 klie\u0161te 250 mm Nemecko [&hellip;]<\/p>\n","protected":false},"featured_media":18272,"template":"","meta":{"_acf_changed":false,"inline_featured_image":false},"product_cat":[930,2281],"product_tag":[],"class_list":{"0":"post-18310","1":"product","2":"type-product","3":"status-publish","4":"has-post-thumbnail","6":"brand-hundt","7":"product_cat-rucne-naradie","8":"product_cat-sortimenty-naradia","10":"first","11":"instock","12":"taxable","13":"shipping-taxable","14":"purchasable","15":"product-type-simple","16":"add-to-wishlist-before_image"},"acf":[],"yoast_head":"<!-- This site is optimized with the Yoast SEO plugin v27.3 - https:\/\/yoast.com\/product\/yoast-seo-wordpress\/ -->\n<title>Sada izola\u010dn\u00e9ho n\u00e1radia Hundt Basic 33 dielov v uzamykate\u013enom batohu na kolieskach - Wilhelm Hundt GmbH<\/title>\n<meta name=\"robots\" content=\"index, follow, max-snippet:-1, max-image-preview:large, max-video-preview:-1\" \/>\n<link rel=\"canonical\" href=\"https:\/\/hundtgroup.com\/sk\/produkt\/sada-izolacneho-naradia-hundt-basic-33-dielov-v-uzamykatelnom-batohu-na-kolieskach\/\" \/>\n<meta property=\"og:locale\" content=\"sk_SK\" \/>\n<meta property=\"og:type\" content=\"article\" \/>\n<meta property=\"og:title\" content=\"Sada izola\u010dn\u00e9ho n\u00e1radia Hundt Basic 33 dielov v uzamykate\u013enom batohu na kolieskach - Wilhelm Hundt GmbH\" \/>\n<meta property=\"og:description\" content=\"S\u00faprava izola\u010dn\u00e9ho n\u00e1radia pozost\u00e1va z: Uzamykate\u013en\u00fd batoh na n\u00e1radie N\u00f4\u017e na roho\u017ee 150 mm tvar B Ko\u017een\u00e9 puzdro na n\u00f4\u017e 150 mm ERDI Ideal no\u017enice modr\u00e9 216\/260 prav\u00e9 ERDI Ideal no\u017enice modr\u00e9 216\/260 \u013eav\u00e9 Gilot\u00ednov\u00e9 no\u017enice ERDI 218\/350 Ru\u010dn\u00e1 dierova\u010dka ve\u013ekosti 20 Dreven\u00e9 skladacie pravidlo 2 m so stupnicou obvodu \u00dachopov\u00e9 klie\u0161te 250 mm Nemecko [&hellip;]\" \/>\n<meta property=\"og:url\" content=\"https:\/\/hundtgroup.com\/sk\/produkt\/sada-izolacneho-naradia-hundt-basic-33-dielov-v-uzamykatelnom-batohu-na-kolieskach\/\" \/>\n<meta property=\"og:site_name\" content=\"Wilhelm Hundt GmbH\" \/>\n<meta property=\"article:modified_time\" content=\"2025-08-05T15:49:55+00:00\" \/>\n<meta property=\"og:image\" content=\"https:\/\/hundtgroup.com\/wp-content\/uploads\/210006.png\" \/>\n\t<meta property=\"og:image:width\" content=\"920\" \/>\n\t<meta property=\"og:image:height\" content=\"1030\" \/>\n\t<meta property=\"og:image:type\" content=\"image\/png\" \/>\n<meta name=\"twitter:card\" content=\"summary_large_image\" \/>\n<meta name=\"twitter:label1\" content=\"Predpokladan\u00fd \u010das \u010d\u00edtania\" \/>\n\t<meta name=\"twitter:data1\" content=\"1 min\u00fata\" \/>\n<script type=\"application\/ld+json\" class=\"yoast-schema-graph\">{\"@context\":\"https:\\\/\\\/schema.org\",\"@graph\":[{\"@type\":\"WebPage\",\"@id\":\"https:\\\/\\\/hundtgroup.com\\\/sk\\\/produkt\\\/sada-izolacneho-naradia-hundt-basic-33-dielov-v-uzamykatelnom-batohu-na-kolieskach\\\/\",\"url\":\"https:\\\/\\\/hundtgroup.com\\\/sk\\\/produkt\\\/sada-izolacneho-naradia-hundt-basic-33-dielov-v-uzamykatelnom-batohu-na-kolieskach\\\/\",\"name\":\"Sada izola\u010dn\u00e9ho n\u00e1radia Hundt Basic 33 dielov v uzamykate\u013enom batohu na kolieskach - Wilhelm Hundt GmbH\",\"isPartOf\":{\"@id\":\"https:\\\/\\\/hundtgroup.com\\\/sk\\\/#website\"},\"primaryImageOfPage\":{\"@id\":\"https:\\\/\\\/hundtgroup.com\\\/sk\\\/produkt\\\/sada-izolacneho-naradia-hundt-basic-33-dielov-v-uzamykatelnom-batohu-na-kolieskach\\\/#primaryimage\"},\"image\":{\"@id\":\"https:\\\/\\\/hundtgroup.com\\\/sk\\\/produkt\\\/sada-izolacneho-naradia-hundt-basic-33-dielov-v-uzamykatelnom-batohu-na-kolieskach\\\/#primaryimage\"},\"thumbnailUrl\":\"https:\\\/\\\/hundtgroup.com\\\/wp-content\\\/uploads\\\/210006.png\",\"datePublished\":\"2025-06-18T16:32:02+00:00\",\"dateModified\":\"2025-08-05T15:49:55+00:00\",\"breadcrumb\":{\"@id\":\"https:\\\/\\\/hundtgroup.com\\\/sk\\\/produkt\\\/sada-izolacneho-naradia-hundt-basic-33-dielov-v-uzamykatelnom-batohu-na-kolieskach\\\/#breadcrumb\"},\"inLanguage\":\"sk-SK\",\"potentialAction\":[{\"@type\":\"ReadAction\",\"target\":[\"https:\\\/\\\/hundtgroup.com\\\/sk\\\/produkt\\\/sada-izolacneho-naradia-hundt-basic-33-dielov-v-uzamykatelnom-batohu-na-kolieskach\\\/\"]}]},{\"@type\":\"ImageObject\",\"inLanguage\":\"sk-SK\",\"@id\":\"https:\\\/\\\/hundtgroup.com\\\/sk\\\/produkt\\\/sada-izolacneho-naradia-hundt-basic-33-dielov-v-uzamykatelnom-batohu-na-kolieskach\\\/#primaryimage\",\"url\":\"https:\\\/\\\/hundtgroup.com\\\/wp-content\\\/uploads\\\/210006.png\",\"contentUrl\":\"https:\\\/\\\/hundtgroup.com\\\/wp-content\\\/uploads\\\/210006.png\",\"width\":1454,\"height\":1628},{\"@type\":\"BreadcrumbList\",\"@id\":\"https:\\\/\\\/hundtgroup.com\\\/sk\\\/produkt\\\/sada-izolacneho-naradia-hundt-basic-33-dielov-v-uzamykatelnom-batohu-na-kolieskach\\\/#breadcrumb\",\"itemListElement\":[{\"@type\":\"ListItem\",\"position\":1,\"name\":\"Startseite\",\"item\":\"https:\\\/\\\/hundtgroup.com\\\/sk\\\/domov-nove\\\/\"},{\"@type\":\"ListItem\",\"position\":2,\"name\":\"Obchod\",\"item\":\"https:\\\/\\\/hundtgroup.com\\\/obchod\\\/\"},{\"@type\":\"ListItem\",\"position\":3,\"name\":\"Sada izola\u010dn\u00e9ho n\u00e1radia Hundt Basic 33 dielov v uzamykate\u013enom batohu na kolieskach\"}]},{\"@type\":\"WebSite\",\"@id\":\"https:\\\/\\\/hundtgroup.com\\\/sk\\\/#website\",\"url\":\"https:\\\/\\\/hundtgroup.com\\\/sk\\\/\",\"name\":\"Wilhelm Hundt GmbH\",\"description\":\"V\u00e1\u0161 \u0161pecialista na stroje a n\u00e1stroje na spracovanie plechu\",\"potentialAction\":[{\"@type\":\"SearchAction\",\"target\":{\"@type\":\"EntryPoint\",\"urlTemplate\":\"https:\\\/\\\/hundtgroup.com\\\/sk\\\/?s={search_term_string}\"},\"query-input\":{\"@type\":\"PropertyValueSpecification\",\"valueRequired\":true,\"valueName\":\"search_term_string\"}}],\"inLanguage\":\"sk-SK\"}]}<\/script>\n<!-- \/ Yoast SEO plugin. -->","yoast_head_json":{"title":"Sada izola\u010dn\u00e9ho n\u00e1radia Hundt Basic 33 dielov v uzamykate\u013enom batohu na kolieskach - Wilhelm Hundt GmbH","robots":{"index":"index","follow":"follow","max-snippet":"max-snippet:-1","max-image-preview":"max-image-preview:large","max-video-preview":"max-video-preview:-1"},"canonical":"https:\/\/hundtgroup.com\/sk\/produkt\/sada-izolacneho-naradia-hundt-basic-33-dielov-v-uzamykatelnom-batohu-na-kolieskach\/","og_locale":"sk_SK","og_type":"article","og_title":"Sada izola\u010dn\u00e9ho n\u00e1radia Hundt Basic 33 dielov v uzamykate\u013enom batohu na kolieskach - Wilhelm Hundt GmbH","og_description":"S\u00faprava izola\u010dn\u00e9ho n\u00e1radia pozost\u00e1va z: Uzamykate\u013en\u00fd batoh na n\u00e1radie N\u00f4\u017e na roho\u017ee 150 mm tvar B Ko\u017een\u00e9 puzdro na n\u00f4\u017e 150 mm ERDI Ideal no\u017enice modr\u00e9 216\/260 prav\u00e9 ERDI Ideal no\u017enice modr\u00e9 216\/260 \u013eav\u00e9 Gilot\u00ednov\u00e9 no\u017enice ERDI 218\/350 Ru\u010dn\u00e1 dierova\u010dka ve\u013ekosti 20 Dreven\u00e9 skladacie pravidlo 2 m so stupnicou obvodu \u00dachopov\u00e9 klie\u0161te 250 mm Nemecko [&hellip;]","og_url":"https:\/\/hundtgroup.com\/sk\/produkt\/sada-izolacneho-naradia-hundt-basic-33-dielov-v-uzamykatelnom-batohu-na-kolieskach\/","og_site_name":"Wilhelm Hundt GmbH","article_modified_time":"2025-08-05T15:49:55+00:00","og_image":[{"url":"https:\/\/hundtgroup.com\/wp-content\/uploads\/210006.png","width":920,"height":1030,"type":"image\/png"}],"twitter_card":"summary_large_image","twitter_misc":{"Predpokladan\u00fd \u010das \u010d\u00edtania":"1 min\u00fata"},"schema":{"@context":"https:\/\/schema.org","@graph":[{"@type":"WebPage","@id":"https:\/\/hundtgroup.com\/sk\/produkt\/sada-izolacneho-naradia-hundt-basic-33-dielov-v-uzamykatelnom-batohu-na-kolieskach\/","url":"https:\/\/hundtgroup.com\/sk\/produkt\/sada-izolacneho-naradia-hundt-basic-33-dielov-v-uzamykatelnom-batohu-na-kolieskach\/","name":"Sada izola\u010dn\u00e9ho n\u00e1radia Hundt Basic 33 dielov v uzamykate\u013enom batohu na kolieskach - Wilhelm Hundt GmbH","isPartOf":{"@id":"https:\/\/hundtgroup.com\/sk\/#website"},"primaryImageOfPage":{"@id":"https:\/\/hundtgroup.com\/sk\/produkt\/sada-izolacneho-naradia-hundt-basic-33-dielov-v-uzamykatelnom-batohu-na-kolieskach\/#primaryimage"},"image":{"@id":"https:\/\/hundtgroup.com\/sk\/produkt\/sada-izolacneho-naradia-hundt-basic-33-dielov-v-uzamykatelnom-batohu-na-kolieskach\/#primaryimage"},"thumbnailUrl":"https:\/\/hundtgroup.com\/wp-content\/uploads\/210006.png","datePublished":"2025-06-18T16:32:02+00:00","dateModified":"2025-08-05T15:49:55+00:00","breadcrumb":{"@id":"https:\/\/hundtgroup.com\/sk\/produkt\/sada-izolacneho-naradia-hundt-basic-33-dielov-v-uzamykatelnom-batohu-na-kolieskach\/#breadcrumb"},"inLanguage":"sk-SK","potentialAction":[{"@type":"ReadAction","target":["https:\/\/hundtgroup.com\/sk\/produkt\/sada-izolacneho-naradia-hundt-basic-33-dielov-v-uzamykatelnom-batohu-na-kolieskach\/"]}]},{"@type":"ImageObject","inLanguage":"sk-SK","@id":"https:\/\/hundtgroup.com\/sk\/produkt\/sada-izolacneho-naradia-hundt-basic-33-dielov-v-uzamykatelnom-batohu-na-kolieskach\/#primaryimage","url":"https:\/\/hundtgroup.com\/wp-content\/uploads\/210006.png","contentUrl":"https:\/\/hundtgroup.com\/wp-content\/uploads\/210006.png","width":1454,"height":1628},{"@type":"BreadcrumbList","@id":"https:\/\/hundtgroup.com\/sk\/produkt\/sada-izolacneho-naradia-hundt-basic-33-dielov-v-uzamykatelnom-batohu-na-kolieskach\/#breadcrumb","itemListElement":[{"@type":"ListItem","position":1,"name":"Startseite","item":"https:\/\/hundtgroup.com\/sk\/domov-nove\/"},{"@type":"ListItem","position":2,"name":"Obchod","item":"https:\/\/hundtgroup.com\/obchod\/"},{"@type":"ListItem","position":3,"name":"Sada izola\u010dn\u00e9ho n\u00e1radia Hundt Basic 33 dielov v uzamykate\u013enom batohu na kolieskach"}]},{"@type":"WebSite","@id":"https:\/\/hundtgroup.com\/sk\/#website","url":"https:\/\/hundtgroup.com\/sk\/","name":"Wilhelm Hundt GmbH","description":"V\u00e1\u0161 \u0161pecialista na stroje a n\u00e1stroje na spracovanie plechu","potentialAction":[{"@type":"SearchAction","target":{"@type":"EntryPoint","urlTemplate":"https:\/\/hundtgroup.com\/sk\/?s={search_term_string}"},"query-input":{"@type":"PropertyValueSpecification","valueRequired":true,"valueName":"search_term_string"}}],"inLanguage":"sk-SK"}]}},"_links":{"self":[{"href":"https:\/\/hundtgroup.com\/sk\/wp-json\/wp\/v2\/product\/18310","targetHints":{"allow":["GET"]}}],"collection":[{"href":"https:\/\/hundtgroup.com\/sk\/wp-json\/wp\/v2\/product"}],"about":[{"href":"https:\/\/hundtgroup.com\/sk\/wp-json\/wp\/v2\/types\/product"}],"wp:featuredmedia":[{"embeddable":true,"href":"https:\/\/hundtgroup.com\/sk\/wp-json\/wp\/v2\/media\/18272"}],"wp:attachment":[{"href":"https:\/\/hundtgroup.com\/sk\/wp-json\/wp\/v2\/media?parent=18310"}],"wp:term":[{"taxonomy":"product_cat","embeddable":true,"href":"https:\/\/hundtgroup.com\/sk\/wp-json\/wp\/v2\/product_cat?post=18310"},{"taxonomy":"product_tag","embeddable":true,"href":"https:\/\/hundtgroup.com\/sk\/wp-json\/wp\/v2\/product_tag?post=18310"}],"curies":[{"name":"wp","href":"https:\/\/api.w.org\/{rel}","templated":true}]}}