{"id":18333,"date":"2025-06-18T18:31:05","date_gmt":"2025-06-18T16:31:05","guid":{"rendered":"https:\/\/hundtgroup.com\/produkt\/knipex-diagonalne-frezy-70-02-2\/"},"modified":"2025-08-05T18:02:08","modified_gmt":"2025-08-05T16:02:08","slug":"knipex-diagonalne-frezy-70-02-2","status":"publish","type":"product","link":"https:\/\/hundtgroup.com\/sk\/produkt\/knipex-diagonalne-frezy-70-02-2\/","title":{"rendered":"KNIPEX Diagon\u00e1lne fr\u00e9zy 70 02 125"},"content":{"rendered":"<p>Presn\u00e9 rezn\u00e9 hrany na m\u00e4kk\u00e9 a tvrd\u00e9 dr\u00f4ty, \u010dist\u00fd rez s tenk\u00fdmi meden\u00fdmi dr\u00f4tmi, aj na koncoch rezn\u00fdch hr\u00e1n, \u0161t\u00edhly tvar hlavy, van\u00e1dov\u00e1 elektrick\u00e1 oce\u013e, tvrdos\u0165 rezn\u00fdch hr\u00e1n cca 62 HRC, kovan\u00e9, tvrden\u00e9 v oleji, rukov\u00e4te s viaczlo\u017ekov\u00fdmi dr\u017eadlami.<\/p>\n","protected":false},"excerpt":{"rendered":"<p>Presn\u00e9 rezn\u00e9 hrany na m\u00e4kk\u00e9 a tvrd\u00e9 dr\u00f4ty, \u010dist\u00fd rez s tenk\u00fdmi meden\u00fdmi dr\u00f4tmi, aj na koncoch rezn\u00fdch hr\u00e1n, \u0161t\u00edhly tvar hlavy, van\u00e1dov\u00e1 elektrick\u00e1 oce\u013e, tvrdos\u0165 rezn\u00fdch hr\u00e1n cca 62 HRC, kovan\u00e9, tvrden\u00e9 v oleji, rukov\u00e4te s viaczlo\u017ekov\u00fdmi dr\u017eadlami.<\/p>\n","protected":false},"featured_media":18325,"template":"","meta":{"_acf_changed":false,"inline_featured_image":false},"product_cat":[930,2234,2314],"product_tag":[],"class_list":{"0":"post-18333","1":"product","2":"type-product","3":"status-publish","4":"has-post-thumbnail","6":"brand-knipex","7":"product_cat-rucne-naradie","8":"product_cat-rezne-nastroje-sk","9":"product_cat-bocna-freza","11":"first","12":"instock","13":"taxable","14":"shipping-taxable","15":"purchasable","16":"product-type-simple","17":"add-to-wishlist-before_image"},"acf":[],"yoast_head":"<!-- This site is optimized with the Yoast SEO plugin v27.3 - https:\/\/yoast.com\/product\/yoast-seo-wordpress\/ -->\n<title>KNIPEX Diagon\u00e1lne fr\u00e9zy 70 02 125 - Wilhelm Hundt GmbH<\/title>\n<meta name=\"robots\" content=\"index, follow, max-snippet:-1, max-image-preview:large, max-video-preview:-1\" \/>\n<link rel=\"canonical\" href=\"https:\/\/hundtgroup.com\/sk\/produkt\/knipex-diagonalne-frezy-70-02-2\/\" \/>\n<meta property=\"og:locale\" content=\"sk_SK\" \/>\n<meta property=\"og:type\" content=\"article\" \/>\n<meta property=\"og:title\" content=\"KNIPEX Diagon\u00e1lne fr\u00e9zy 70 02 125 - Wilhelm Hundt GmbH\" \/>\n<meta property=\"og:description\" content=\"Presn\u00e9 rezn\u00e9 hrany na m\u00e4kk\u00e9 a tvrd\u00e9 dr\u00f4ty, \u010dist\u00fd rez s tenk\u00fdmi meden\u00fdmi dr\u00f4tmi, aj na koncoch rezn\u00fdch hr\u00e1n, \u0161t\u00edhly tvar hlavy, van\u00e1dov\u00e1 elektrick\u00e1 oce\u013e, tvrdos\u0165 rezn\u00fdch hr\u00e1n cca 62 HRC, kovan\u00e9, tvrden\u00e9 v oleji, rukov\u00e4te s viaczlo\u017ekov\u00fdmi dr\u017eadlami.\" \/>\n<meta property=\"og:url\" content=\"https:\/\/hundtgroup.com\/sk\/produkt\/knipex-diagonalne-frezy-70-02-2\/\" \/>\n<meta property=\"og:site_name\" content=\"Wilhelm Hundt GmbH\" \/>\n<meta property=\"article:modified_time\" content=\"2025-08-05T16:02:08+00:00\" \/>\n<meta property=\"og:image\" content=\"https:\/\/hundtgroup.com\/wp-content\/uploads\/410573.jpg\" \/>\n\t<meta property=\"og:image:width\" content=\"1000\" \/>\n\t<meta property=\"og:image:height\" content=\"1000\" \/>\n\t<meta property=\"og:image:type\" content=\"image\/jpeg\" \/>\n<meta name=\"twitter:card\" content=\"summary_large_image\" \/>\n<script type=\"application\/ld+json\" class=\"yoast-schema-graph\">{\"@context\":\"https:\\\/\\\/schema.org\",\"@graph\":[{\"@type\":\"WebPage\",\"@id\":\"https:\\\/\\\/hundtgroup.com\\\/sk\\\/produkt\\\/knipex-diagonalne-frezy-70-02-2\\\/\",\"url\":\"https:\\\/\\\/hundtgroup.com\\\/sk\\\/produkt\\\/knipex-diagonalne-frezy-70-02-2\\\/\",\"name\":\"KNIPEX Diagon\u00e1lne fr\u00e9zy 70 02 125 - Wilhelm Hundt GmbH\",\"isPartOf\":{\"@id\":\"https:\\\/\\\/hundtgroup.com\\\/sk\\\/#website\"},\"primaryImageOfPage\":{\"@id\":\"https:\\\/\\\/hundtgroup.com\\\/sk\\\/produkt\\\/knipex-diagonalne-frezy-70-02-2\\\/#primaryimage\"},\"image\":{\"@id\":\"https:\\\/\\\/hundtgroup.com\\\/sk\\\/produkt\\\/knipex-diagonalne-frezy-70-02-2\\\/#primaryimage\"},\"thumbnailUrl\":\"https:\\\/\\\/hundtgroup.com\\\/wp-content\\\/uploads\\\/410573.jpg\",\"datePublished\":\"2025-06-18T16:31:05+00:00\",\"dateModified\":\"2025-08-05T16:02:08+00:00\",\"breadcrumb\":{\"@id\":\"https:\\\/\\\/hundtgroup.com\\\/sk\\\/produkt\\\/knipex-diagonalne-frezy-70-02-2\\\/#breadcrumb\"},\"inLanguage\":\"sk-SK\",\"potentialAction\":[{\"@type\":\"ReadAction\",\"target\":[\"https:\\\/\\\/hundtgroup.com\\\/sk\\\/produkt\\\/knipex-diagonalne-frezy-70-02-2\\\/\"]}]},{\"@type\":\"ImageObject\",\"inLanguage\":\"sk-SK\",\"@id\":\"https:\\\/\\\/hundtgroup.com\\\/sk\\\/produkt\\\/knipex-diagonalne-frezy-70-02-2\\\/#primaryimage\",\"url\":\"https:\\\/\\\/hundtgroup.com\\\/wp-content\\\/uploads\\\/410573.jpg\",\"contentUrl\":\"https:\\\/\\\/hundtgroup.com\\\/wp-content\\\/uploads\\\/410573.jpg\",\"width\":1000,\"height\":1000},{\"@type\":\"BreadcrumbList\",\"@id\":\"https:\\\/\\\/hundtgroup.com\\\/sk\\\/produkt\\\/knipex-diagonalne-frezy-70-02-2\\\/#breadcrumb\",\"itemListElement\":[{\"@type\":\"ListItem\",\"position\":1,\"name\":\"Startseite\",\"item\":\"https:\\\/\\\/hundtgroup.com\\\/sk\\\/domov-nove\\\/\"},{\"@type\":\"ListItem\",\"position\":2,\"name\":\"Obchod\",\"item\":\"https:\\\/\\\/hundtgroup.com\\\/obchod\\\/\"},{\"@type\":\"ListItem\",\"position\":3,\"name\":\"KNIPEX Diagon\u00e1lne fr\u00e9zy 70 02 125\"}]},{\"@type\":\"WebSite\",\"@id\":\"https:\\\/\\\/hundtgroup.com\\\/sk\\\/#website\",\"url\":\"https:\\\/\\\/hundtgroup.com\\\/sk\\\/\",\"name\":\"Wilhelm Hundt GmbH\",\"description\":\"V\u00e1\u0161 \u0161pecialista na stroje a n\u00e1stroje na spracovanie plechu\",\"potentialAction\":[{\"@type\":\"SearchAction\",\"target\":{\"@type\":\"EntryPoint\",\"urlTemplate\":\"https:\\\/\\\/hundtgroup.com\\\/sk\\\/?s={search_term_string}\"},\"query-input\":{\"@type\":\"PropertyValueSpecification\",\"valueRequired\":true,\"valueName\":\"search_term_string\"}}],\"inLanguage\":\"sk-SK\"}]}<\/script>\n<!-- \/ Yoast SEO plugin. -->","yoast_head_json":{"title":"KNIPEX Diagon\u00e1lne fr\u00e9zy 70 02 125 - Wilhelm Hundt GmbH","robots":{"index":"index","follow":"follow","max-snippet":"max-snippet:-1","max-image-preview":"max-image-preview:large","max-video-preview":"max-video-preview:-1"},"canonical":"https:\/\/hundtgroup.com\/sk\/produkt\/knipex-diagonalne-frezy-70-02-2\/","og_locale":"sk_SK","og_type":"article","og_title":"KNIPEX Diagon\u00e1lne fr\u00e9zy 70 02 125 - Wilhelm Hundt GmbH","og_description":"Presn\u00e9 rezn\u00e9 hrany na m\u00e4kk\u00e9 a tvrd\u00e9 dr\u00f4ty, \u010dist\u00fd rez s tenk\u00fdmi meden\u00fdmi dr\u00f4tmi, aj na koncoch rezn\u00fdch hr\u00e1n, \u0161t\u00edhly tvar hlavy, van\u00e1dov\u00e1 elektrick\u00e1 oce\u013e, tvrdos\u0165 rezn\u00fdch hr\u00e1n cca 62 HRC, kovan\u00e9, tvrden\u00e9 v oleji, rukov\u00e4te s viaczlo\u017ekov\u00fdmi dr\u017eadlami.","og_url":"https:\/\/hundtgroup.com\/sk\/produkt\/knipex-diagonalne-frezy-70-02-2\/","og_site_name":"Wilhelm Hundt GmbH","article_modified_time":"2025-08-05T16:02:08+00:00","og_image":[{"width":1000,"height":1000,"url":"https:\/\/hundtgroup.com\/wp-content\/uploads\/410573.jpg","type":"image\/jpeg"}],"twitter_card":"summary_large_image","schema":{"@context":"https:\/\/schema.org","@graph":[{"@type":"WebPage","@id":"https:\/\/hundtgroup.com\/sk\/produkt\/knipex-diagonalne-frezy-70-02-2\/","url":"https:\/\/hundtgroup.com\/sk\/produkt\/knipex-diagonalne-frezy-70-02-2\/","name":"KNIPEX Diagon\u00e1lne fr\u00e9zy 70 02 125 - Wilhelm Hundt GmbH","isPartOf":{"@id":"https:\/\/hundtgroup.com\/sk\/#website"},"primaryImageOfPage":{"@id":"https:\/\/hundtgroup.com\/sk\/produkt\/knipex-diagonalne-frezy-70-02-2\/#primaryimage"},"image":{"@id":"https:\/\/hundtgroup.com\/sk\/produkt\/knipex-diagonalne-frezy-70-02-2\/#primaryimage"},"thumbnailUrl":"https:\/\/hundtgroup.com\/wp-content\/uploads\/410573.jpg","datePublished":"2025-06-18T16:31:05+00:00","dateModified":"2025-08-05T16:02:08+00:00","breadcrumb":{"@id":"https:\/\/hundtgroup.com\/sk\/produkt\/knipex-diagonalne-frezy-70-02-2\/#breadcrumb"},"inLanguage":"sk-SK","potentialAction":[{"@type":"ReadAction","target":["https:\/\/hundtgroup.com\/sk\/produkt\/knipex-diagonalne-frezy-70-02-2\/"]}]},{"@type":"ImageObject","inLanguage":"sk-SK","@id":"https:\/\/hundtgroup.com\/sk\/produkt\/knipex-diagonalne-frezy-70-02-2\/#primaryimage","url":"https:\/\/hundtgroup.com\/wp-content\/uploads\/410573.jpg","contentUrl":"https:\/\/hundtgroup.com\/wp-content\/uploads\/410573.jpg","width":1000,"height":1000},{"@type":"BreadcrumbList","@id":"https:\/\/hundtgroup.com\/sk\/produkt\/knipex-diagonalne-frezy-70-02-2\/#breadcrumb","itemListElement":[{"@type":"ListItem","position":1,"name":"Startseite","item":"https:\/\/hundtgroup.com\/sk\/domov-nove\/"},{"@type":"ListItem","position":2,"name":"Obchod","item":"https:\/\/hundtgroup.com\/obchod\/"},{"@type":"ListItem","position":3,"name":"KNIPEX Diagon\u00e1lne fr\u00e9zy 70 02 125"}]},{"@type":"WebSite","@id":"https:\/\/hundtgroup.com\/sk\/#website","url":"https:\/\/hundtgroup.com\/sk\/","name":"Wilhelm Hundt GmbH","description":"V\u00e1\u0161 \u0161pecialista na stroje a n\u00e1stroje na spracovanie plechu","potentialAction":[{"@type":"SearchAction","target":{"@type":"EntryPoint","urlTemplate":"https:\/\/hundtgroup.com\/sk\/?s={search_term_string}"},"query-input":{"@type":"PropertyValueSpecification","valueRequired":true,"valueName":"search_term_string"}}],"inLanguage":"sk-SK"}]}},"_links":{"self":[{"href":"https:\/\/hundtgroup.com\/sk\/wp-json\/wp\/v2\/product\/18333","targetHints":{"allow":["GET"]}}],"collection":[{"href":"https:\/\/hundtgroup.com\/sk\/wp-json\/wp\/v2\/product"}],"about":[{"href":"https:\/\/hundtgroup.com\/sk\/wp-json\/wp\/v2\/types\/product"}],"wp:featuredmedia":[{"embeddable":true,"href":"https:\/\/hundtgroup.com\/sk\/wp-json\/wp\/v2\/media\/18325"}],"wp:attachment":[{"href":"https:\/\/hundtgroup.com\/sk\/wp-json\/wp\/v2\/media?parent=18333"}],"wp:term":[{"taxonomy":"product_cat","embeddable":true,"href":"https:\/\/hundtgroup.com\/sk\/wp-json\/wp\/v2\/product_cat?post=18333"},{"taxonomy":"product_tag","embeddable":true,"href":"https:\/\/hundtgroup.com\/sk\/wp-json\/wp\/v2\/product_tag?post=18333"}],"curies":[{"name":"wp","href":"https:\/\/api.w.org\/{rel}","templated":true}]}}