{"id":18484,"date":"2025-06-18T18:31:10","date_gmt":"2025-06-18T16:31:10","guid":{"rendered":"https:\/\/hundtgroup.com\/produkt\/rezak-na-rohoze-hundt-s-drevenymi-rukovatami\/"},"modified":"2025-08-05T17:50:46","modified_gmt":"2025-08-05T15:50:46","slug":"rezak-na-rohoze-hundt-s-drevenymi-rukovatami","status":"publish","type":"product","link":"https:\/\/hundtgroup.com\/sk\/produkt\/rezak-na-rohoze-hundt-s-drevenymi-rukovatami\/","title":{"rendered":"Rez\u00e1k na roho\u017ee Hundt s dreven\u00fdmi rukov\u00e4\u0165ami"},"content":{"rendered":"<p>V\u00fdkonn\u00e9 z\u00e1pustkovo kovan\u00e9 no\u017enice na izol\u00e1cie<br \/>\n\u0160peci\u00e1lne uhlov\u00e9 no\u017enice<br \/>\nKalen\u00e9 rezn\u00e9 hrany<br \/>\nRobustn\u00e9 dreven\u00e9 rukov\u00e4te<br \/>\nNa strihanie izola\u010dn\u00fdch materi\u00e1lov, ako s\u00fa sklen\u00e1 a kamenn\u00e1 vlna, expandovan\u00fd kov, tr\u00e1mov\u00e9 roho\u017ee a omietkov\u00e9 dr\u00f4ty.<\/p>\n","protected":false},"excerpt":{"rendered":"<p>V\u00fdkonn\u00e9 z\u00e1pustkovo kovan\u00e9 no\u017enice na izol\u00e1cie \u0160peci\u00e1lne uhlov\u00e9 no\u017enice Kalen\u00e9 rezn\u00e9 hrany Robustn\u00e9 dreven\u00e9 rukov\u00e4te Na strihanie izola\u010dn\u00fdch materi\u00e1lov, ako s\u00fa sklen\u00e1 a kamenn\u00e1 vlna, expandovan\u00fd kov, tr\u00e1mov\u00e9 roho\u017ee a omietkov\u00e9 dr\u00f4ty.<\/p>\n","protected":false},"featured_media":18486,"template":"","meta":{"_acf_changed":false,"inline_featured_image":false},"product_cat":[930,2234,2297],"product_tag":[],"class_list":{"0":"post-18484","1":"product","2":"type-product","3":"status-publish","4":"has-post-thumbnail","6":"brand-hundt","7":"product_cat-rucne-naradie","8":"product_cat-rezne-nastroje-sk","9":"product_cat-noznice-na-rohoze","11":"first","12":"instock","13":"taxable","14":"shipping-taxable","15":"purchasable","16":"product-type-simple","17":"add-to-wishlist-before_image"},"acf":[],"yoast_head":"<!-- This site is optimized with the Yoast SEO plugin v27.3 - https:\/\/yoast.com\/product\/yoast-seo-wordpress\/ -->\n<title>Rez\u00e1k na roho\u017ee Hundt s dreven\u00fdmi rukov\u00e4\u0165ami - Wilhelm Hundt GmbH<\/title>\n<meta name=\"robots\" content=\"index, follow, max-snippet:-1, max-image-preview:large, max-video-preview:-1\" \/>\n<link rel=\"canonical\" href=\"https:\/\/hundtgroup.com\/sk\/produkt\/rezak-na-rohoze-hundt-s-drevenymi-rukovatami\/\" \/>\n<meta property=\"og:locale\" content=\"sk_SK\" \/>\n<meta property=\"og:type\" content=\"article\" \/>\n<meta property=\"og:title\" content=\"Rez\u00e1k na roho\u017ee Hundt s dreven\u00fdmi rukov\u00e4\u0165ami - Wilhelm Hundt GmbH\" \/>\n<meta property=\"og:description\" content=\"V\u00fdkonn\u00e9 z\u00e1pustkovo kovan\u00e9 no\u017enice na izol\u00e1cie \u0160peci\u00e1lne uhlov\u00e9 no\u017enice Kalen\u00e9 rezn\u00e9 hrany Robustn\u00e9 dreven\u00e9 rukov\u00e4te Na strihanie izola\u010dn\u00fdch materi\u00e1lov, ako s\u00fa sklen\u00e1 a kamenn\u00e1 vlna, expandovan\u00fd kov, tr\u00e1mov\u00e9 roho\u017ee a omietkov\u00e9 dr\u00f4ty.\" \/>\n<meta property=\"og:url\" content=\"https:\/\/hundtgroup.com\/sk\/produkt\/rezak-na-rohoze-hundt-s-drevenymi-rukovatami\/\" \/>\n<meta property=\"og:site_name\" content=\"Wilhelm Hundt GmbH\" \/>\n<meta property=\"article:modified_time\" content=\"2025-08-05T15:50:46+00:00\" \/>\n<meta property=\"og:image\" content=\"https:\/\/hundtgroup.com\/wp-content\/uploads\/470200-scaled.jpg\" \/>\n\t<meta property=\"og:image:width\" content=\"2560\" \/>\n\t<meta property=\"og:image:height\" content=\"1705\" \/>\n\t<meta property=\"og:image:type\" content=\"image\/jpeg\" \/>\n<meta name=\"twitter:card\" content=\"summary_large_image\" \/>\n<script type=\"application\/ld+json\" class=\"yoast-schema-graph\">{\"@context\":\"https:\\\/\\\/schema.org\",\"@graph\":[{\"@type\":\"WebPage\",\"@id\":\"https:\\\/\\\/hundtgroup.com\\\/sk\\\/produkt\\\/rezak-na-rohoze-hundt-s-drevenymi-rukovatami\\\/\",\"url\":\"https:\\\/\\\/hundtgroup.com\\\/sk\\\/produkt\\\/rezak-na-rohoze-hundt-s-drevenymi-rukovatami\\\/\",\"name\":\"Rez\u00e1k na roho\u017ee Hundt s dreven\u00fdmi rukov\u00e4\u0165ami - Wilhelm Hundt GmbH\",\"isPartOf\":{\"@id\":\"https:\\\/\\\/hundtgroup.com\\\/sk\\\/#website\"},\"primaryImageOfPage\":{\"@id\":\"https:\\\/\\\/hundtgroup.com\\\/sk\\\/produkt\\\/rezak-na-rohoze-hundt-s-drevenymi-rukovatami\\\/#primaryimage\"},\"image\":{\"@id\":\"https:\\\/\\\/hundtgroup.com\\\/sk\\\/produkt\\\/rezak-na-rohoze-hundt-s-drevenymi-rukovatami\\\/#primaryimage\"},\"thumbnailUrl\":\"https:\\\/\\\/hundtgroup.com\\\/wp-content\\\/uploads\\\/470200-scaled.jpg\",\"datePublished\":\"2025-06-18T16:31:10+00:00\",\"dateModified\":\"2025-08-05T15:50:46+00:00\",\"breadcrumb\":{\"@id\":\"https:\\\/\\\/hundtgroup.com\\\/sk\\\/produkt\\\/rezak-na-rohoze-hundt-s-drevenymi-rukovatami\\\/#breadcrumb\"},\"inLanguage\":\"sk-SK\",\"potentialAction\":[{\"@type\":\"ReadAction\",\"target\":[\"https:\\\/\\\/hundtgroup.com\\\/sk\\\/produkt\\\/rezak-na-rohoze-hundt-s-drevenymi-rukovatami\\\/\"]}]},{\"@type\":\"ImageObject\",\"inLanguage\":\"sk-SK\",\"@id\":\"https:\\\/\\\/hundtgroup.com\\\/sk\\\/produkt\\\/rezak-na-rohoze-hundt-s-drevenymi-rukovatami\\\/#primaryimage\",\"url\":\"https:\\\/\\\/hundtgroup.com\\\/wp-content\\\/uploads\\\/470200-scaled.jpg\",\"contentUrl\":\"https:\\\/\\\/hundtgroup.com\\\/wp-content\\\/uploads\\\/470200-scaled.jpg\",\"width\":2560,\"height\":1705},{\"@type\":\"BreadcrumbList\",\"@id\":\"https:\\\/\\\/hundtgroup.com\\\/sk\\\/produkt\\\/rezak-na-rohoze-hundt-s-drevenymi-rukovatami\\\/#breadcrumb\",\"itemListElement\":[{\"@type\":\"ListItem\",\"position\":1,\"name\":\"Startseite\",\"item\":\"https:\\\/\\\/hundtgroup.com\\\/sk\\\/domov-nove\\\/\"},{\"@type\":\"ListItem\",\"position\":2,\"name\":\"Obchod\",\"item\":\"https:\\\/\\\/hundtgroup.com\\\/obchod\\\/\"},{\"@type\":\"ListItem\",\"position\":3,\"name\":\"Rez\u00e1k na roho\u017ee Hundt s dreven\u00fdmi rukov\u00e4\u0165ami\"}]},{\"@type\":\"WebSite\",\"@id\":\"https:\\\/\\\/hundtgroup.com\\\/sk\\\/#website\",\"url\":\"https:\\\/\\\/hundtgroup.com\\\/sk\\\/\",\"name\":\"Wilhelm Hundt GmbH\",\"description\":\"V\u00e1\u0161 \u0161pecialista na stroje a n\u00e1stroje na spracovanie plechu\",\"potentialAction\":[{\"@type\":\"SearchAction\",\"target\":{\"@type\":\"EntryPoint\",\"urlTemplate\":\"https:\\\/\\\/hundtgroup.com\\\/sk\\\/?s={search_term_string}\"},\"query-input\":{\"@type\":\"PropertyValueSpecification\",\"valueRequired\":true,\"valueName\":\"search_term_string\"}}],\"inLanguage\":\"sk-SK\"}]}<\/script>\n<!-- \/ Yoast SEO plugin. -->","yoast_head_json":{"title":"Rez\u00e1k na roho\u017ee Hundt s dreven\u00fdmi rukov\u00e4\u0165ami - Wilhelm Hundt GmbH","robots":{"index":"index","follow":"follow","max-snippet":"max-snippet:-1","max-image-preview":"max-image-preview:large","max-video-preview":"max-video-preview:-1"},"canonical":"https:\/\/hundtgroup.com\/sk\/produkt\/rezak-na-rohoze-hundt-s-drevenymi-rukovatami\/","og_locale":"sk_SK","og_type":"article","og_title":"Rez\u00e1k na roho\u017ee Hundt s dreven\u00fdmi rukov\u00e4\u0165ami - Wilhelm Hundt GmbH","og_description":"V\u00fdkonn\u00e9 z\u00e1pustkovo kovan\u00e9 no\u017enice na izol\u00e1cie \u0160peci\u00e1lne uhlov\u00e9 no\u017enice Kalen\u00e9 rezn\u00e9 hrany Robustn\u00e9 dreven\u00e9 rukov\u00e4te Na strihanie izola\u010dn\u00fdch materi\u00e1lov, ako s\u00fa sklen\u00e1 a kamenn\u00e1 vlna, expandovan\u00fd kov, tr\u00e1mov\u00e9 roho\u017ee a omietkov\u00e9 dr\u00f4ty.","og_url":"https:\/\/hundtgroup.com\/sk\/produkt\/rezak-na-rohoze-hundt-s-drevenymi-rukovatami\/","og_site_name":"Wilhelm Hundt GmbH","article_modified_time":"2025-08-05T15:50:46+00:00","og_image":[{"width":2560,"height":1705,"url":"https:\/\/hundtgroup.com\/wp-content\/uploads\/470200-scaled.jpg","type":"image\/jpeg"}],"twitter_card":"summary_large_image","schema":{"@context":"https:\/\/schema.org","@graph":[{"@type":"WebPage","@id":"https:\/\/hundtgroup.com\/sk\/produkt\/rezak-na-rohoze-hundt-s-drevenymi-rukovatami\/","url":"https:\/\/hundtgroup.com\/sk\/produkt\/rezak-na-rohoze-hundt-s-drevenymi-rukovatami\/","name":"Rez\u00e1k na roho\u017ee Hundt s dreven\u00fdmi rukov\u00e4\u0165ami - Wilhelm Hundt GmbH","isPartOf":{"@id":"https:\/\/hundtgroup.com\/sk\/#website"},"primaryImageOfPage":{"@id":"https:\/\/hundtgroup.com\/sk\/produkt\/rezak-na-rohoze-hundt-s-drevenymi-rukovatami\/#primaryimage"},"image":{"@id":"https:\/\/hundtgroup.com\/sk\/produkt\/rezak-na-rohoze-hundt-s-drevenymi-rukovatami\/#primaryimage"},"thumbnailUrl":"https:\/\/hundtgroup.com\/wp-content\/uploads\/470200-scaled.jpg","datePublished":"2025-06-18T16:31:10+00:00","dateModified":"2025-08-05T15:50:46+00:00","breadcrumb":{"@id":"https:\/\/hundtgroup.com\/sk\/produkt\/rezak-na-rohoze-hundt-s-drevenymi-rukovatami\/#breadcrumb"},"inLanguage":"sk-SK","potentialAction":[{"@type":"ReadAction","target":["https:\/\/hundtgroup.com\/sk\/produkt\/rezak-na-rohoze-hundt-s-drevenymi-rukovatami\/"]}]},{"@type":"ImageObject","inLanguage":"sk-SK","@id":"https:\/\/hundtgroup.com\/sk\/produkt\/rezak-na-rohoze-hundt-s-drevenymi-rukovatami\/#primaryimage","url":"https:\/\/hundtgroup.com\/wp-content\/uploads\/470200-scaled.jpg","contentUrl":"https:\/\/hundtgroup.com\/wp-content\/uploads\/470200-scaled.jpg","width":2560,"height":1705},{"@type":"BreadcrumbList","@id":"https:\/\/hundtgroup.com\/sk\/produkt\/rezak-na-rohoze-hundt-s-drevenymi-rukovatami\/#breadcrumb","itemListElement":[{"@type":"ListItem","position":1,"name":"Startseite","item":"https:\/\/hundtgroup.com\/sk\/domov-nove\/"},{"@type":"ListItem","position":2,"name":"Obchod","item":"https:\/\/hundtgroup.com\/obchod\/"},{"@type":"ListItem","position":3,"name":"Rez\u00e1k na roho\u017ee Hundt s dreven\u00fdmi rukov\u00e4\u0165ami"}]},{"@type":"WebSite","@id":"https:\/\/hundtgroup.com\/sk\/#website","url":"https:\/\/hundtgroup.com\/sk\/","name":"Wilhelm Hundt GmbH","description":"V\u00e1\u0161 \u0161pecialista na stroje a n\u00e1stroje na spracovanie plechu","potentialAction":[{"@type":"SearchAction","target":{"@type":"EntryPoint","urlTemplate":"https:\/\/hundtgroup.com\/sk\/?s={search_term_string}"},"query-input":{"@type":"PropertyValueSpecification","valueRequired":true,"valueName":"search_term_string"}}],"inLanguage":"sk-SK"}]}},"_links":{"self":[{"href":"https:\/\/hundtgroup.com\/sk\/wp-json\/wp\/v2\/product\/18484","targetHints":{"allow":["GET"]}}],"collection":[{"href":"https:\/\/hundtgroup.com\/sk\/wp-json\/wp\/v2\/product"}],"about":[{"href":"https:\/\/hundtgroup.com\/sk\/wp-json\/wp\/v2\/types\/product"}],"wp:featuredmedia":[{"embeddable":true,"href":"https:\/\/hundtgroup.com\/sk\/wp-json\/wp\/v2\/media\/18486"}],"wp:attachment":[{"href":"https:\/\/hundtgroup.com\/sk\/wp-json\/wp\/v2\/media?parent=18484"}],"wp:term":[{"taxonomy":"product_cat","embeddable":true,"href":"https:\/\/hundtgroup.com\/sk\/wp-json\/wp\/v2\/product_cat?post=18484"},{"taxonomy":"product_tag","embeddable":true,"href":"https:\/\/hundtgroup.com\/sk\/wp-json\/wp\/v2\/product_tag?post=18484"}],"curies":[{"name":"wp","href":"https:\/\/api.w.org\/{rel}","templated":true}]}}