{"id":18741,"date":"2025-06-18T18:30:57","date_gmt":"2025-06-18T16:30:57","guid":{"rendered":"https:\/\/hundtgroup.com\/produkt\/oznacovanie-sablon-max\/"},"modified":"2025-08-01T13:13:53","modified_gmt":"2025-08-01T11:13:53","slug":"oznacovanie-sablon-max","status":"publish","type":"product","link":"https:\/\/hundtgroup.com\/sk\/produkt\/oznacovanie-sablon-max\/","title":{"rendered":"Ozna\u010dovanie \u0161abl\u00f3n MAX"},"content":{"rendered":"<p>S presn\u00fdm odstup\u0148ovan\u00edm rozmerov od 5 do 200 mm, zv\u00e4\u010d\u0161ovan\u00edm o 5 mm vr\u00e1tane oh\u00fdbac\u00edch bodov na vytv\u00e1ranie profilov\u00fdch panelov 5 &#8211; 200 mm <\/p>\n","protected":false},"excerpt":{"rendered":"<p>S presn\u00fdm odstup\u0148ovan\u00edm rozmerov od 5 do 200 mm, zv\u00e4\u010d\u0161ovan\u00edm o 5 mm vr\u00e1tane oh\u00fdbac\u00edch bodov na vytv\u00e1ranie profilov\u00fdch panelov 5 &#8211; 200 mm<\/p>\n","protected":false},"featured_media":18744,"template":"","meta":{"_acf_changed":false,"inline_featured_image":false},"product_cat":[930,2178],"product_tag":[],"class_list":{"0":"post-18741","1":"product","2":"type-product","3":"status-publish","4":"has-post-thumbnail","6":"brand-hundt","7":"product_cat-rucne-naradie","8":"product_cat-nastroje-na-oznacovanie","10":"first","11":"instock","12":"taxable","13":"shipping-taxable","14":"purchasable","15":"product-type-simple","16":"add-to-wishlist-before_image"},"acf":[],"yoast_head":"<!-- This site is optimized with the Yoast SEO plugin v27.3 - https:\/\/yoast.com\/product\/yoast-seo-wordpress\/ -->\n<title>Ozna\u010dovanie \u0161abl\u00f3n MAX - Wilhelm Hundt GmbH<\/title>\n<meta name=\"robots\" content=\"index, follow, max-snippet:-1, max-image-preview:large, max-video-preview:-1\" \/>\n<link rel=\"canonical\" href=\"https:\/\/hundtgroup.com\/sk\/produkt\/oznacovanie-sablon-max\/\" \/>\n<meta property=\"og:locale\" content=\"sk_SK\" \/>\n<meta property=\"og:type\" content=\"article\" \/>\n<meta property=\"og:title\" content=\"Ozna\u010dovanie \u0161abl\u00f3n MAX - Wilhelm Hundt GmbH\" \/>\n<meta property=\"og:description\" content=\"S presn\u00fdm odstup\u0148ovan\u00edm rozmerov od 5 do 200 mm, zv\u00e4\u010d\u0161ovan\u00edm o 5 mm vr\u00e1tane oh\u00fdbac\u00edch bodov na vytv\u00e1ranie profilov\u00fdch panelov 5 &#8211; 200 mm\" \/>\n<meta property=\"og:url\" content=\"https:\/\/hundtgroup.com\/sk\/produkt\/oznacovanie-sablon-max\/\" \/>\n<meta property=\"og:site_name\" content=\"Wilhelm Hundt GmbH\" \/>\n<meta property=\"article:modified_time\" content=\"2025-08-01T11:13:53+00:00\" \/>\n<meta property=\"og:image\" content=\"https:\/\/hundtgroup.com\/wp-content\/uploads\/420453.jpg\" \/>\n\t<meta property=\"og:image:width\" content=\"543\" \/>\n\t<meta property=\"og:image:height\" content=\"725\" \/>\n\t<meta property=\"og:image:type\" content=\"image\/jpeg\" \/>\n<meta name=\"twitter:card\" content=\"summary_large_image\" \/>\n<script type=\"application\/ld+json\" class=\"yoast-schema-graph\">{\"@context\":\"https:\\\/\\\/schema.org\",\"@graph\":[{\"@type\":\"WebPage\",\"@id\":\"https:\\\/\\\/hundtgroup.com\\\/sk\\\/produkt\\\/oznacovanie-sablon-max\\\/\",\"url\":\"https:\\\/\\\/hundtgroup.com\\\/sk\\\/produkt\\\/oznacovanie-sablon-max\\\/\",\"name\":\"Ozna\u010dovanie \u0161abl\u00f3n MAX - Wilhelm Hundt GmbH\",\"isPartOf\":{\"@id\":\"https:\\\/\\\/hundtgroup.com\\\/sk\\\/#website\"},\"primaryImageOfPage\":{\"@id\":\"https:\\\/\\\/hundtgroup.com\\\/sk\\\/produkt\\\/oznacovanie-sablon-max\\\/#primaryimage\"},\"image\":{\"@id\":\"https:\\\/\\\/hundtgroup.com\\\/sk\\\/produkt\\\/oznacovanie-sablon-max\\\/#primaryimage\"},\"thumbnailUrl\":\"https:\\\/\\\/hundtgroup.com\\\/wp-content\\\/uploads\\\/420453.jpg\",\"datePublished\":\"2025-06-18T16:30:57+00:00\",\"dateModified\":\"2025-08-01T11:13:53+00:00\",\"breadcrumb\":{\"@id\":\"https:\\\/\\\/hundtgroup.com\\\/sk\\\/produkt\\\/oznacovanie-sablon-max\\\/#breadcrumb\"},\"inLanguage\":\"sk-SK\",\"potentialAction\":[{\"@type\":\"ReadAction\",\"target\":[\"https:\\\/\\\/hundtgroup.com\\\/sk\\\/produkt\\\/oznacovanie-sablon-max\\\/\"]}]},{\"@type\":\"ImageObject\",\"inLanguage\":\"sk-SK\",\"@id\":\"https:\\\/\\\/hundtgroup.com\\\/sk\\\/produkt\\\/oznacovanie-sablon-max\\\/#primaryimage\",\"url\":\"https:\\\/\\\/hundtgroup.com\\\/wp-content\\\/uploads\\\/420453.jpg\",\"contentUrl\":\"https:\\\/\\\/hundtgroup.com\\\/wp-content\\\/uploads\\\/420453.jpg\",\"width\":543,\"height\":725},{\"@type\":\"BreadcrumbList\",\"@id\":\"https:\\\/\\\/hundtgroup.com\\\/sk\\\/produkt\\\/oznacovanie-sablon-max\\\/#breadcrumb\",\"itemListElement\":[{\"@type\":\"ListItem\",\"position\":1,\"name\":\"Startseite\",\"item\":\"https:\\\/\\\/hundtgroup.com\\\/sk\\\/domov-nove\\\/\"},{\"@type\":\"ListItem\",\"position\":2,\"name\":\"Obchod\",\"item\":\"https:\\\/\\\/hundtgroup.com\\\/obchod\\\/\"},{\"@type\":\"ListItem\",\"position\":3,\"name\":\"Ozna\u010dovanie \u0161abl\u00f3n MAX\"}]},{\"@type\":\"WebSite\",\"@id\":\"https:\\\/\\\/hundtgroup.com\\\/sk\\\/#website\",\"url\":\"https:\\\/\\\/hundtgroup.com\\\/sk\\\/\",\"name\":\"Wilhelm Hundt GmbH\",\"description\":\"V\u00e1\u0161 \u0161pecialista na stroje a n\u00e1stroje na spracovanie plechu\",\"potentialAction\":[{\"@type\":\"SearchAction\",\"target\":{\"@type\":\"EntryPoint\",\"urlTemplate\":\"https:\\\/\\\/hundtgroup.com\\\/sk\\\/?s={search_term_string}\"},\"query-input\":{\"@type\":\"PropertyValueSpecification\",\"valueRequired\":true,\"valueName\":\"search_term_string\"}}],\"inLanguage\":\"sk-SK\"}]}<\/script>\n<!-- \/ Yoast SEO plugin. -->","yoast_head_json":{"title":"Ozna\u010dovanie \u0161abl\u00f3n MAX - Wilhelm Hundt GmbH","robots":{"index":"index","follow":"follow","max-snippet":"max-snippet:-1","max-image-preview":"max-image-preview:large","max-video-preview":"max-video-preview:-1"},"canonical":"https:\/\/hundtgroup.com\/sk\/produkt\/oznacovanie-sablon-max\/","og_locale":"sk_SK","og_type":"article","og_title":"Ozna\u010dovanie \u0161abl\u00f3n MAX - Wilhelm Hundt GmbH","og_description":"S presn\u00fdm odstup\u0148ovan\u00edm rozmerov od 5 do 200 mm, zv\u00e4\u010d\u0161ovan\u00edm o 5 mm vr\u00e1tane oh\u00fdbac\u00edch bodov na vytv\u00e1ranie profilov\u00fdch panelov 5 &#8211; 200 mm","og_url":"https:\/\/hundtgroup.com\/sk\/produkt\/oznacovanie-sablon-max\/","og_site_name":"Wilhelm Hundt GmbH","article_modified_time":"2025-08-01T11:13:53+00:00","og_image":[{"width":543,"height":725,"url":"https:\/\/hundtgroup.com\/wp-content\/uploads\/420453.jpg","type":"image\/jpeg"}],"twitter_card":"summary_large_image","schema":{"@context":"https:\/\/schema.org","@graph":[{"@type":"WebPage","@id":"https:\/\/hundtgroup.com\/sk\/produkt\/oznacovanie-sablon-max\/","url":"https:\/\/hundtgroup.com\/sk\/produkt\/oznacovanie-sablon-max\/","name":"Ozna\u010dovanie \u0161abl\u00f3n MAX - Wilhelm Hundt GmbH","isPartOf":{"@id":"https:\/\/hundtgroup.com\/sk\/#website"},"primaryImageOfPage":{"@id":"https:\/\/hundtgroup.com\/sk\/produkt\/oznacovanie-sablon-max\/#primaryimage"},"image":{"@id":"https:\/\/hundtgroup.com\/sk\/produkt\/oznacovanie-sablon-max\/#primaryimage"},"thumbnailUrl":"https:\/\/hundtgroup.com\/wp-content\/uploads\/420453.jpg","datePublished":"2025-06-18T16:30:57+00:00","dateModified":"2025-08-01T11:13:53+00:00","breadcrumb":{"@id":"https:\/\/hundtgroup.com\/sk\/produkt\/oznacovanie-sablon-max\/#breadcrumb"},"inLanguage":"sk-SK","potentialAction":[{"@type":"ReadAction","target":["https:\/\/hundtgroup.com\/sk\/produkt\/oznacovanie-sablon-max\/"]}]},{"@type":"ImageObject","inLanguage":"sk-SK","@id":"https:\/\/hundtgroup.com\/sk\/produkt\/oznacovanie-sablon-max\/#primaryimage","url":"https:\/\/hundtgroup.com\/wp-content\/uploads\/420453.jpg","contentUrl":"https:\/\/hundtgroup.com\/wp-content\/uploads\/420453.jpg","width":543,"height":725},{"@type":"BreadcrumbList","@id":"https:\/\/hundtgroup.com\/sk\/produkt\/oznacovanie-sablon-max\/#breadcrumb","itemListElement":[{"@type":"ListItem","position":1,"name":"Startseite","item":"https:\/\/hundtgroup.com\/sk\/domov-nove\/"},{"@type":"ListItem","position":2,"name":"Obchod","item":"https:\/\/hundtgroup.com\/obchod\/"},{"@type":"ListItem","position":3,"name":"Ozna\u010dovanie \u0161abl\u00f3n MAX"}]},{"@type":"WebSite","@id":"https:\/\/hundtgroup.com\/sk\/#website","url":"https:\/\/hundtgroup.com\/sk\/","name":"Wilhelm Hundt GmbH","description":"V\u00e1\u0161 \u0161pecialista na stroje a n\u00e1stroje na spracovanie plechu","potentialAction":[{"@type":"SearchAction","target":{"@type":"EntryPoint","urlTemplate":"https:\/\/hundtgroup.com\/sk\/?s={search_term_string}"},"query-input":{"@type":"PropertyValueSpecification","valueRequired":true,"valueName":"search_term_string"}}],"inLanguage":"sk-SK"}]}},"_links":{"self":[{"href":"https:\/\/hundtgroup.com\/sk\/wp-json\/wp\/v2\/product\/18741","targetHints":{"allow":["GET"]}}],"collection":[{"href":"https:\/\/hundtgroup.com\/sk\/wp-json\/wp\/v2\/product"}],"about":[{"href":"https:\/\/hundtgroup.com\/sk\/wp-json\/wp\/v2\/types\/product"}],"wp:featuredmedia":[{"embeddable":true,"href":"https:\/\/hundtgroup.com\/sk\/wp-json\/wp\/v2\/media\/18744"}],"wp:attachment":[{"href":"https:\/\/hundtgroup.com\/sk\/wp-json\/wp\/v2\/media?parent=18741"}],"wp:term":[{"taxonomy":"product_cat","embeddable":true,"href":"https:\/\/hundtgroup.com\/sk\/wp-json\/wp\/v2\/product_cat?post=18741"},{"taxonomy":"product_tag","embeddable":true,"href":"https:\/\/hundtgroup.com\/sk\/wp-json\/wp\/v2\/product_tag?post=18741"}],"curies":[{"name":"wp","href":"https:\/\/api.w.org\/{rel}","templated":true}]}}