{"id":18756,"date":"2025-06-18T18:30:57","date_gmt":"2025-06-18T16:30:57","guid":{"rendered":"https:\/\/hundtgroup.com\/produkt\/dset15-idealna-sada-noznic\/"},"modified":"2025-08-01T13:14:36","modified_gmt":"2025-08-01T11:14:36","slug":"dset15-idealna-sada-noznic","status":"publish","type":"product","link":"https:\/\/hundtgroup.com\/sk\/produkt\/dset15-idealna-sada-noznic\/","title":{"rendered":"DSET15 Ide\u00e1lna sada no\u017en\u00edc"},"content":{"rendered":"<p>S p\u00e1kov\u00fdm prevodom.<br \/>\nNa s\u00favisl\u00e9 rovn\u00e9 a zakriven\u00e9 rezy.<br \/>\nMimoriadne obratn\u00e9 v\u010faka \u0161peci\u00e1lnej geometrii \u017eacej hlavy &#8211; ide\u00e1lne na obzvl\u00e1\u0161\u0165 mal\u00e9 polomery a \u0165a\u017eko pr\u00edstupn\u00e9 miesta.<br \/>\nPraktick\u00e1 kombin\u00e1cia z\u00e1padka-stopka.<br \/>\nRukov\u00e4\u0165 ERGO na pr\u00e1cu bez \u00fanavy.<br \/>\nVybavenie: D15A, D15AL, D15S vo val\u010dekovej ta\u0161ke<\/p>\n","protected":false},"excerpt":{"rendered":"<p>S p\u00e1kov\u00fdm prevodom. Na s\u00favisl\u00e9 rovn\u00e9 a zakriven\u00e9 rezy. Mimoriadne obratn\u00e9 v\u010faka \u0161peci\u00e1lnej geometrii \u017eacej hlavy &#8211; ide\u00e1lne na obzvl\u00e1\u0161\u0165 mal\u00e9 polomery a \u0165a\u017eko pr\u00edstupn\u00e9 miesta. Praktick\u00e1 kombin\u00e1cia z\u00e1padka-stopka. Rukov\u00e4\u0165 ERGO na pr\u00e1cu bez \u00fanavy. Vybavenie: D15A, D15AL, D15S vo val\u010dekovej ta\u0161ke<\/p>\n","protected":false},"featured_media":18759,"template":"","meta":{"_acf_changed":false,"inline_featured_image":false},"product_cat":[930,2234,2312],"product_tag":[],"class_list":{"0":"post-18756","1":"product","2":"type-product","3":"status-publish","4":"has-post-thumbnail","6":"brand-erdi","7":"product_cat-rucne-naradie","8":"product_cat-rezne-nastroje-sk","9":"product_cat-idealne-noznice-sk","11":"first","12":"instock","13":"taxable","14":"shipping-taxable","15":"purchasable","16":"product-type-simple","17":"add-to-wishlist-before_image"},"acf":[],"yoast_head":"<!-- This site is optimized with the Yoast SEO plugin v27.3 - https:\/\/yoast.com\/product\/yoast-seo-wordpress\/ -->\n<title>DSET15 Ide\u00e1lna sada no\u017en\u00edc - Wilhelm Hundt GmbH<\/title>\n<meta name=\"robots\" content=\"index, follow, max-snippet:-1, max-image-preview:large, max-video-preview:-1\" \/>\n<link rel=\"canonical\" href=\"https:\/\/hundtgroup.com\/sk\/produkt\/dset15-idealna-sada-noznic\/\" \/>\n<meta property=\"og:locale\" content=\"sk_SK\" \/>\n<meta property=\"og:type\" content=\"article\" \/>\n<meta property=\"og:title\" content=\"DSET15 Ide\u00e1lna sada no\u017en\u00edc - Wilhelm Hundt GmbH\" \/>\n<meta property=\"og:description\" content=\"S p\u00e1kov\u00fdm prevodom. Na s\u00favisl\u00e9 rovn\u00e9 a zakriven\u00e9 rezy. Mimoriadne obratn\u00e9 v\u010faka \u0161peci\u00e1lnej geometrii \u017eacej hlavy &#8211; ide\u00e1lne na obzvl\u00e1\u0161\u0165 mal\u00e9 polomery a \u0165a\u017eko pr\u00edstupn\u00e9 miesta. Praktick\u00e1 kombin\u00e1cia z\u00e1padka-stopka. Rukov\u00e4\u0165 ERGO na pr\u00e1cu bez \u00fanavy. Vybavenie: D15A, D15AL, D15S vo val\u010dekovej ta\u0161ke\" \/>\n<meta property=\"og:url\" content=\"https:\/\/hundtgroup.com\/sk\/produkt\/dset15-idealna-sada-noznic\/\" \/>\n<meta property=\"og:site_name\" content=\"Wilhelm Hundt GmbH\" \/>\n<meta property=\"article:modified_time\" content=\"2025-08-01T11:14:36+00:00\" \/>\n<meta property=\"og:image\" content=\"https:\/\/hundtgroup.com\/wp-content\/uploads\/400166.jpg\" \/>\n\t<meta property=\"og:image:width\" content=\"300\" \/>\n\t<meta property=\"og:image:height\" content=\"334\" \/>\n\t<meta property=\"og:image:type\" content=\"image\/jpeg\" \/>\n<meta name=\"twitter:card\" content=\"summary_large_image\" \/>\n<script type=\"application\/ld+json\" class=\"yoast-schema-graph\">{\"@context\":\"https:\\\/\\\/schema.org\",\"@graph\":[{\"@type\":\"WebPage\",\"@id\":\"https:\\\/\\\/hundtgroup.com\\\/sk\\\/produkt\\\/dset15-idealna-sada-noznic\\\/\",\"url\":\"https:\\\/\\\/hundtgroup.com\\\/sk\\\/produkt\\\/dset15-idealna-sada-noznic\\\/\",\"name\":\"DSET15 Ide\u00e1lna sada no\u017en\u00edc - Wilhelm Hundt GmbH\",\"isPartOf\":{\"@id\":\"https:\\\/\\\/hundtgroup.com\\\/sk\\\/#website\"},\"primaryImageOfPage\":{\"@id\":\"https:\\\/\\\/hundtgroup.com\\\/sk\\\/produkt\\\/dset15-idealna-sada-noznic\\\/#primaryimage\"},\"image\":{\"@id\":\"https:\\\/\\\/hundtgroup.com\\\/sk\\\/produkt\\\/dset15-idealna-sada-noznic\\\/#primaryimage\"},\"thumbnailUrl\":\"https:\\\/\\\/hundtgroup.com\\\/wp-content\\\/uploads\\\/400166.jpg\",\"datePublished\":\"2025-06-18T16:30:57+00:00\",\"dateModified\":\"2025-08-01T11:14:36+00:00\",\"breadcrumb\":{\"@id\":\"https:\\\/\\\/hundtgroup.com\\\/sk\\\/produkt\\\/dset15-idealna-sada-noznic\\\/#breadcrumb\"},\"inLanguage\":\"sk-SK\",\"potentialAction\":[{\"@type\":\"ReadAction\",\"target\":[\"https:\\\/\\\/hundtgroup.com\\\/sk\\\/produkt\\\/dset15-idealna-sada-noznic\\\/\"]}]},{\"@type\":\"ImageObject\",\"inLanguage\":\"sk-SK\",\"@id\":\"https:\\\/\\\/hundtgroup.com\\\/sk\\\/produkt\\\/dset15-idealna-sada-noznic\\\/#primaryimage\",\"url\":\"https:\\\/\\\/hundtgroup.com\\\/wp-content\\\/uploads\\\/400166.jpg\",\"contentUrl\":\"https:\\\/\\\/hundtgroup.com\\\/wp-content\\\/uploads\\\/400166.jpg\",\"width\":300,\"height\":334},{\"@type\":\"BreadcrumbList\",\"@id\":\"https:\\\/\\\/hundtgroup.com\\\/sk\\\/produkt\\\/dset15-idealna-sada-noznic\\\/#breadcrumb\",\"itemListElement\":[{\"@type\":\"ListItem\",\"position\":1,\"name\":\"Startseite\",\"item\":\"https:\\\/\\\/hundtgroup.com\\\/sk\\\/domov-nove\\\/\"},{\"@type\":\"ListItem\",\"position\":2,\"name\":\"Obchod\",\"item\":\"https:\\\/\\\/hundtgroup.com\\\/obchod\\\/\"},{\"@type\":\"ListItem\",\"position\":3,\"name\":\"DSET15 Ide\u00e1lna sada no\u017en\u00edc\"}]},{\"@type\":\"WebSite\",\"@id\":\"https:\\\/\\\/hundtgroup.com\\\/sk\\\/#website\",\"url\":\"https:\\\/\\\/hundtgroup.com\\\/sk\\\/\",\"name\":\"Wilhelm Hundt GmbH\",\"description\":\"V\u00e1\u0161 \u0161pecialista na stroje a n\u00e1stroje na spracovanie plechu\",\"potentialAction\":[{\"@type\":\"SearchAction\",\"target\":{\"@type\":\"EntryPoint\",\"urlTemplate\":\"https:\\\/\\\/hundtgroup.com\\\/sk\\\/?s={search_term_string}\"},\"query-input\":{\"@type\":\"PropertyValueSpecification\",\"valueRequired\":true,\"valueName\":\"search_term_string\"}}],\"inLanguage\":\"sk-SK\"}]}<\/script>\n<!-- \/ Yoast SEO plugin. -->","yoast_head_json":{"title":"DSET15 Ide\u00e1lna sada no\u017en\u00edc - Wilhelm Hundt GmbH","robots":{"index":"index","follow":"follow","max-snippet":"max-snippet:-1","max-image-preview":"max-image-preview:large","max-video-preview":"max-video-preview:-1"},"canonical":"https:\/\/hundtgroup.com\/sk\/produkt\/dset15-idealna-sada-noznic\/","og_locale":"sk_SK","og_type":"article","og_title":"DSET15 Ide\u00e1lna sada no\u017en\u00edc - Wilhelm Hundt GmbH","og_description":"S p\u00e1kov\u00fdm prevodom. Na s\u00favisl\u00e9 rovn\u00e9 a zakriven\u00e9 rezy. Mimoriadne obratn\u00e9 v\u010faka \u0161peci\u00e1lnej geometrii \u017eacej hlavy &#8211; ide\u00e1lne na obzvl\u00e1\u0161\u0165 mal\u00e9 polomery a \u0165a\u017eko pr\u00edstupn\u00e9 miesta. Praktick\u00e1 kombin\u00e1cia z\u00e1padka-stopka. Rukov\u00e4\u0165 ERGO na pr\u00e1cu bez \u00fanavy. Vybavenie: D15A, D15AL, D15S vo val\u010dekovej ta\u0161ke","og_url":"https:\/\/hundtgroup.com\/sk\/produkt\/dset15-idealna-sada-noznic\/","og_site_name":"Wilhelm Hundt GmbH","article_modified_time":"2025-08-01T11:14:36+00:00","og_image":[{"width":300,"height":334,"url":"https:\/\/hundtgroup.com\/wp-content\/uploads\/400166.jpg","type":"image\/jpeg"}],"twitter_card":"summary_large_image","schema":{"@context":"https:\/\/schema.org","@graph":[{"@type":"WebPage","@id":"https:\/\/hundtgroup.com\/sk\/produkt\/dset15-idealna-sada-noznic\/","url":"https:\/\/hundtgroup.com\/sk\/produkt\/dset15-idealna-sada-noznic\/","name":"DSET15 Ide\u00e1lna sada no\u017en\u00edc - Wilhelm Hundt GmbH","isPartOf":{"@id":"https:\/\/hundtgroup.com\/sk\/#website"},"primaryImageOfPage":{"@id":"https:\/\/hundtgroup.com\/sk\/produkt\/dset15-idealna-sada-noznic\/#primaryimage"},"image":{"@id":"https:\/\/hundtgroup.com\/sk\/produkt\/dset15-idealna-sada-noznic\/#primaryimage"},"thumbnailUrl":"https:\/\/hundtgroup.com\/wp-content\/uploads\/400166.jpg","datePublished":"2025-06-18T16:30:57+00:00","dateModified":"2025-08-01T11:14:36+00:00","breadcrumb":{"@id":"https:\/\/hundtgroup.com\/sk\/produkt\/dset15-idealna-sada-noznic\/#breadcrumb"},"inLanguage":"sk-SK","potentialAction":[{"@type":"ReadAction","target":["https:\/\/hundtgroup.com\/sk\/produkt\/dset15-idealna-sada-noznic\/"]}]},{"@type":"ImageObject","inLanguage":"sk-SK","@id":"https:\/\/hundtgroup.com\/sk\/produkt\/dset15-idealna-sada-noznic\/#primaryimage","url":"https:\/\/hundtgroup.com\/wp-content\/uploads\/400166.jpg","contentUrl":"https:\/\/hundtgroup.com\/wp-content\/uploads\/400166.jpg","width":300,"height":334},{"@type":"BreadcrumbList","@id":"https:\/\/hundtgroup.com\/sk\/produkt\/dset15-idealna-sada-noznic\/#breadcrumb","itemListElement":[{"@type":"ListItem","position":1,"name":"Startseite","item":"https:\/\/hundtgroup.com\/sk\/domov-nove\/"},{"@type":"ListItem","position":2,"name":"Obchod","item":"https:\/\/hundtgroup.com\/obchod\/"},{"@type":"ListItem","position":3,"name":"DSET15 Ide\u00e1lna sada no\u017en\u00edc"}]},{"@type":"WebSite","@id":"https:\/\/hundtgroup.com\/sk\/#website","url":"https:\/\/hundtgroup.com\/sk\/","name":"Wilhelm Hundt GmbH","description":"V\u00e1\u0161 \u0161pecialista na stroje a n\u00e1stroje na spracovanie plechu","potentialAction":[{"@type":"SearchAction","target":{"@type":"EntryPoint","urlTemplate":"https:\/\/hundtgroup.com\/sk\/?s={search_term_string}"},"query-input":{"@type":"PropertyValueSpecification","valueRequired":true,"valueName":"search_term_string"}}],"inLanguage":"sk-SK"}]}},"_links":{"self":[{"href":"https:\/\/hundtgroup.com\/sk\/wp-json\/wp\/v2\/product\/18756","targetHints":{"allow":["GET"]}}],"collection":[{"href":"https:\/\/hundtgroup.com\/sk\/wp-json\/wp\/v2\/product"}],"about":[{"href":"https:\/\/hundtgroup.com\/sk\/wp-json\/wp\/v2\/types\/product"}],"wp:featuredmedia":[{"embeddable":true,"href":"https:\/\/hundtgroup.com\/sk\/wp-json\/wp\/v2\/media\/18759"}],"wp:attachment":[{"href":"https:\/\/hundtgroup.com\/sk\/wp-json\/wp\/v2\/media?parent=18756"}],"wp:term":[{"taxonomy":"product_cat","embeddable":true,"href":"https:\/\/hundtgroup.com\/sk\/wp-json\/wp\/v2\/product_cat?post=18756"},{"taxonomy":"product_tag","embeddable":true,"href":"https:\/\/hundtgroup.com\/sk\/wp-json\/wp\/v2\/product_tag?post=18756"}],"curies":[{"name":"wp","href":"https:\/\/api.w.org\/{rel}","templated":true}]}}