{"id":18872,"date":"2025-06-18T18:31:02","date_gmt":"2025-06-18T16:31:02","guid":{"rendered":"https:\/\/hundtgroup.com\/produkt\/uvazovaci-popruh-kontajnera-hundt-upevnovaci-popruh-2\/"},"modified":"2025-08-06T08:45:24","modified_gmt":"2025-08-06T06:45:24","slug":"uvazovaci-popruh-kontajnera-hundt-upevnovaci-popruh-2","status":"publish","type":"product","link":"https:\/\/hundtgroup.com\/sk\/produkt\/uvazovaci-popruh-kontajnera-hundt-upevnovaci-popruh-2\/","title":{"rendered":"Uv\u00e4zovac\u00ed popruh na kontajnery Hundt 25 mm x 4 m"},"content":{"rendered":"<p>Uv\u00e4zovac\u00ed popruh s ra\u010d\u0148ou EN 12195\/2, LC1000\/2000 daN, 1 kus, \u0161\u00edrka popruhu: 25 mm<\/p>\n","protected":false},"excerpt":{"rendered":"<p>Uv\u00e4zovac\u00ed popruh s ra\u010d\u0148ou EN 12195\/2, LC1000\/2000 daN, 1 kus, \u0161\u00edrka popruhu: 25 mm<\/p>\n","protected":false},"featured_media":18857,"template":"","meta":{"_acf_changed":false,"inline_featured_image":false},"product_cat":[930,2218],"product_tag":[],"class_list":{"0":"post-18872","1":"product","2":"type-product","3":"status-publish","4":"has-post-thumbnail","6":"brand-hundt","7":"product_cat-rucne-naradie","8":"product_cat-upinacie-nastroje","10":"first","11":"instock","12":"taxable","13":"shipping-taxable","14":"purchasable","15":"product-type-simple","16":"add-to-wishlist-before_image"},"acf":[],"yoast_head":"<!-- This site is optimized with the Yoast SEO plugin v27.3 - https:\/\/yoast.com\/product\/yoast-seo-wordpress\/ -->\n<title>Uv\u00e4zovac\u00ed popruh na kontajnery Hundt 25 mm x 4 m - Wilhelm Hundt GmbH<\/title>\n<meta name=\"robots\" content=\"index, follow, max-snippet:-1, max-image-preview:large, max-video-preview:-1\" \/>\n<link rel=\"canonical\" href=\"https:\/\/hundtgroup.com\/sk\/produkt\/uvazovaci-popruh-kontajnera-hundt-upevnovaci-popruh-2\/\" \/>\n<meta property=\"og:locale\" content=\"sk_SK\" \/>\n<meta property=\"og:type\" content=\"article\" \/>\n<meta property=\"og:title\" content=\"Uv\u00e4zovac\u00ed popruh na kontajnery Hundt 25 mm x 4 m - Wilhelm Hundt GmbH\" \/>\n<meta property=\"og:description\" content=\"Uv\u00e4zovac\u00ed popruh s ra\u010d\u0148ou EN 12195\/2, LC1000\/2000 daN, 1 kus, \u0161\u00edrka popruhu: 25 mm\" \/>\n<meta property=\"og:url\" content=\"https:\/\/hundtgroup.com\/sk\/produkt\/uvazovaci-popruh-kontajnera-hundt-upevnovaci-popruh-2\/\" \/>\n<meta property=\"og:site_name\" content=\"Wilhelm Hundt GmbH\" \/>\n<meta property=\"article:modified_time\" content=\"2025-08-06T06:45:24+00:00\" \/>\n<meta property=\"og:image\" content=\"https:\/\/hundtgroup.com\/wp-content\/uploads\/460010.jpg\" \/>\n\t<meta property=\"og:image:width\" content=\"413\" \/>\n\t<meta property=\"og:image:height\" content=\"311\" \/>\n\t<meta property=\"og:image:type\" content=\"image\/jpeg\" \/>\n<meta name=\"twitter:card\" content=\"summary_large_image\" \/>\n<script type=\"application\/ld+json\" class=\"yoast-schema-graph\">{\"@context\":\"https:\\\/\\\/schema.org\",\"@graph\":[{\"@type\":\"WebPage\",\"@id\":\"https:\\\/\\\/hundtgroup.com\\\/sk\\\/produkt\\\/uvazovaci-popruh-kontajnera-hundt-upevnovaci-popruh-2\\\/\",\"url\":\"https:\\\/\\\/hundtgroup.com\\\/sk\\\/produkt\\\/uvazovaci-popruh-kontajnera-hundt-upevnovaci-popruh-2\\\/\",\"name\":\"Uv\u00e4zovac\u00ed popruh na kontajnery Hundt 25 mm x 4 m - Wilhelm Hundt GmbH\",\"isPartOf\":{\"@id\":\"https:\\\/\\\/hundtgroup.com\\\/sk\\\/#website\"},\"primaryImageOfPage\":{\"@id\":\"https:\\\/\\\/hundtgroup.com\\\/sk\\\/produkt\\\/uvazovaci-popruh-kontajnera-hundt-upevnovaci-popruh-2\\\/#primaryimage\"},\"image\":{\"@id\":\"https:\\\/\\\/hundtgroup.com\\\/sk\\\/produkt\\\/uvazovaci-popruh-kontajnera-hundt-upevnovaci-popruh-2\\\/#primaryimage\"},\"thumbnailUrl\":\"https:\\\/\\\/hundtgroup.com\\\/wp-content\\\/uploads\\\/460010.jpg\",\"datePublished\":\"2025-06-18T16:31:02+00:00\",\"dateModified\":\"2025-08-06T06:45:24+00:00\",\"breadcrumb\":{\"@id\":\"https:\\\/\\\/hundtgroup.com\\\/sk\\\/produkt\\\/uvazovaci-popruh-kontajnera-hundt-upevnovaci-popruh-2\\\/#breadcrumb\"},\"inLanguage\":\"sk-SK\",\"potentialAction\":[{\"@type\":\"ReadAction\",\"target\":[\"https:\\\/\\\/hundtgroup.com\\\/sk\\\/produkt\\\/uvazovaci-popruh-kontajnera-hundt-upevnovaci-popruh-2\\\/\"]}]},{\"@type\":\"ImageObject\",\"inLanguage\":\"sk-SK\",\"@id\":\"https:\\\/\\\/hundtgroup.com\\\/sk\\\/produkt\\\/uvazovaci-popruh-kontajnera-hundt-upevnovaci-popruh-2\\\/#primaryimage\",\"url\":\"https:\\\/\\\/hundtgroup.com\\\/wp-content\\\/uploads\\\/460010.jpg\",\"contentUrl\":\"https:\\\/\\\/hundtgroup.com\\\/wp-content\\\/uploads\\\/460010.jpg\",\"width\":413,\"height\":311},{\"@type\":\"BreadcrumbList\",\"@id\":\"https:\\\/\\\/hundtgroup.com\\\/sk\\\/produkt\\\/uvazovaci-popruh-kontajnera-hundt-upevnovaci-popruh-2\\\/#breadcrumb\",\"itemListElement\":[{\"@type\":\"ListItem\",\"position\":1,\"name\":\"Startseite\",\"item\":\"https:\\\/\\\/hundtgroup.com\\\/sk\\\/domov-nove\\\/\"},{\"@type\":\"ListItem\",\"position\":2,\"name\":\"Obchod\",\"item\":\"https:\\\/\\\/hundtgroup.com\\\/obchod\\\/\"},{\"@type\":\"ListItem\",\"position\":3,\"name\":\"Uv\u00e4zovac\u00ed popruh na kontajnery Hundt 25 mm x 4 m\"}]},{\"@type\":\"WebSite\",\"@id\":\"https:\\\/\\\/hundtgroup.com\\\/sk\\\/#website\",\"url\":\"https:\\\/\\\/hundtgroup.com\\\/sk\\\/\",\"name\":\"Wilhelm Hundt GmbH\",\"description\":\"V\u00e1\u0161 \u0161pecialista na stroje a n\u00e1stroje na spracovanie plechu\",\"potentialAction\":[{\"@type\":\"SearchAction\",\"target\":{\"@type\":\"EntryPoint\",\"urlTemplate\":\"https:\\\/\\\/hundtgroup.com\\\/sk\\\/?s={search_term_string}\"},\"query-input\":{\"@type\":\"PropertyValueSpecification\",\"valueRequired\":true,\"valueName\":\"search_term_string\"}}],\"inLanguage\":\"sk-SK\"}]}<\/script>\n<!-- \/ Yoast SEO plugin. -->","yoast_head_json":{"title":"Uv\u00e4zovac\u00ed popruh na kontajnery Hundt 25 mm x 4 m - Wilhelm Hundt GmbH","robots":{"index":"index","follow":"follow","max-snippet":"max-snippet:-1","max-image-preview":"max-image-preview:large","max-video-preview":"max-video-preview:-1"},"canonical":"https:\/\/hundtgroup.com\/sk\/produkt\/uvazovaci-popruh-kontajnera-hundt-upevnovaci-popruh-2\/","og_locale":"sk_SK","og_type":"article","og_title":"Uv\u00e4zovac\u00ed popruh na kontajnery Hundt 25 mm x 4 m - Wilhelm Hundt GmbH","og_description":"Uv\u00e4zovac\u00ed popruh s ra\u010d\u0148ou EN 12195\/2, LC1000\/2000 daN, 1 kus, \u0161\u00edrka popruhu: 25 mm","og_url":"https:\/\/hundtgroup.com\/sk\/produkt\/uvazovaci-popruh-kontajnera-hundt-upevnovaci-popruh-2\/","og_site_name":"Wilhelm Hundt GmbH","article_modified_time":"2025-08-06T06:45:24+00:00","og_image":[{"width":413,"height":311,"url":"https:\/\/hundtgroup.com\/wp-content\/uploads\/460010.jpg","type":"image\/jpeg"}],"twitter_card":"summary_large_image","schema":{"@context":"https:\/\/schema.org","@graph":[{"@type":"WebPage","@id":"https:\/\/hundtgroup.com\/sk\/produkt\/uvazovaci-popruh-kontajnera-hundt-upevnovaci-popruh-2\/","url":"https:\/\/hundtgroup.com\/sk\/produkt\/uvazovaci-popruh-kontajnera-hundt-upevnovaci-popruh-2\/","name":"Uv\u00e4zovac\u00ed popruh na kontajnery Hundt 25 mm x 4 m - Wilhelm Hundt GmbH","isPartOf":{"@id":"https:\/\/hundtgroup.com\/sk\/#website"},"primaryImageOfPage":{"@id":"https:\/\/hundtgroup.com\/sk\/produkt\/uvazovaci-popruh-kontajnera-hundt-upevnovaci-popruh-2\/#primaryimage"},"image":{"@id":"https:\/\/hundtgroup.com\/sk\/produkt\/uvazovaci-popruh-kontajnera-hundt-upevnovaci-popruh-2\/#primaryimage"},"thumbnailUrl":"https:\/\/hundtgroup.com\/wp-content\/uploads\/460010.jpg","datePublished":"2025-06-18T16:31:02+00:00","dateModified":"2025-08-06T06:45:24+00:00","breadcrumb":{"@id":"https:\/\/hundtgroup.com\/sk\/produkt\/uvazovaci-popruh-kontajnera-hundt-upevnovaci-popruh-2\/#breadcrumb"},"inLanguage":"sk-SK","potentialAction":[{"@type":"ReadAction","target":["https:\/\/hundtgroup.com\/sk\/produkt\/uvazovaci-popruh-kontajnera-hundt-upevnovaci-popruh-2\/"]}]},{"@type":"ImageObject","inLanguage":"sk-SK","@id":"https:\/\/hundtgroup.com\/sk\/produkt\/uvazovaci-popruh-kontajnera-hundt-upevnovaci-popruh-2\/#primaryimage","url":"https:\/\/hundtgroup.com\/wp-content\/uploads\/460010.jpg","contentUrl":"https:\/\/hundtgroup.com\/wp-content\/uploads\/460010.jpg","width":413,"height":311},{"@type":"BreadcrumbList","@id":"https:\/\/hundtgroup.com\/sk\/produkt\/uvazovaci-popruh-kontajnera-hundt-upevnovaci-popruh-2\/#breadcrumb","itemListElement":[{"@type":"ListItem","position":1,"name":"Startseite","item":"https:\/\/hundtgroup.com\/sk\/domov-nove\/"},{"@type":"ListItem","position":2,"name":"Obchod","item":"https:\/\/hundtgroup.com\/obchod\/"},{"@type":"ListItem","position":3,"name":"Uv\u00e4zovac\u00ed popruh na kontajnery Hundt 25 mm x 4 m"}]},{"@type":"WebSite","@id":"https:\/\/hundtgroup.com\/sk\/#website","url":"https:\/\/hundtgroup.com\/sk\/","name":"Wilhelm Hundt GmbH","description":"V\u00e1\u0161 \u0161pecialista na stroje a n\u00e1stroje na spracovanie plechu","potentialAction":[{"@type":"SearchAction","target":{"@type":"EntryPoint","urlTemplate":"https:\/\/hundtgroup.com\/sk\/?s={search_term_string}"},"query-input":{"@type":"PropertyValueSpecification","valueRequired":true,"valueName":"search_term_string"}}],"inLanguage":"sk-SK"}]}},"_links":{"self":[{"href":"https:\/\/hundtgroup.com\/sk\/wp-json\/wp\/v2\/product\/18872","targetHints":{"allow":["GET"]}}],"collection":[{"href":"https:\/\/hundtgroup.com\/sk\/wp-json\/wp\/v2\/product"}],"about":[{"href":"https:\/\/hundtgroup.com\/sk\/wp-json\/wp\/v2\/types\/product"}],"wp:featuredmedia":[{"embeddable":true,"href":"https:\/\/hundtgroup.com\/sk\/wp-json\/wp\/v2\/media\/18857"}],"wp:attachment":[{"href":"https:\/\/hundtgroup.com\/sk\/wp-json\/wp\/v2\/media?parent=18872"}],"wp:term":[{"taxonomy":"product_cat","embeddable":true,"href":"https:\/\/hundtgroup.com\/sk\/wp-json\/wp\/v2\/product_cat?post=18872"},{"taxonomy":"product_tag","embeddable":true,"href":"https:\/\/hundtgroup.com\/sk\/wp-json\/wp\/v2\/product_tag?post=18872"}],"curies":[{"name":"wp","href":"https:\/\/api.w.org\/{rel}","templated":true}]}}