{"id":19113,"date":"2025-06-18T18:31:02","date_gmt":"2025-06-18T16:31:02","guid":{"rendered":"https:\/\/hundtgroup.com\/produkt\/knipex-diagonalne-frezy-70-01-4\/"},"modified":"2025-08-05T17:58:31","modified_gmt":"2025-08-05T15:58:31","slug":"knipex-diagonalne-frezy-70-01-4","status":"publish","type":"product","link":"https:\/\/hundtgroup.com\/sk\/produkt\/knipex-diagonalne-frezy-70-01-4\/","title":{"rendered":"KNIPEX Diagon\u00e1lne fr\u00e9zy 70 01 125"},"content":{"rendered":"<p>Presn\u00e9 rezn\u00e9 hrany na m\u00e4kk\u00e9 a tvrd\u00e9 dr\u00f4ty, \u010dist\u00fd rez s tenk\u00fdmi meden\u00fdmi dr\u00f4tmi, aj na koncoch rezn\u00fdch hr\u00e1n, \u0161t\u00edhly tvar hlavy, van\u00e1dov\u00e1 elektrick\u00e1 oce\u013e, tvrdos\u0165 rezn\u00fdch hr\u00e1n cca 62 HRC, kovan\u00e9, tvrden\u00e9 v oleji, rukov\u00e4te potiahnut\u00e9 plastom.<\/p>\n","protected":false},"excerpt":{"rendered":"<p>Presn\u00e9 rezn\u00e9 hrany na m\u00e4kk\u00e9 a tvrd\u00e9 dr\u00f4ty, \u010dist\u00fd rez s tenk\u00fdmi meden\u00fdmi dr\u00f4tmi, aj na koncoch rezn\u00fdch hr\u00e1n, \u0161t\u00edhly tvar hlavy, van\u00e1dov\u00e1 elektrick\u00e1 oce\u013e, tvrdos\u0165 rezn\u00fdch hr\u00e1n cca 62 HRC, kovan\u00e9, tvrden\u00e9 v oleji, rukov\u00e4te potiahnut\u00e9 plastom.<\/p>\n","protected":false},"featured_media":18810,"template":"","meta":{"_acf_changed":false,"inline_featured_image":false},"product_cat":[930,2234,2314],"product_tag":[],"class_list":{"0":"post-19113","1":"product","2":"type-product","3":"status-publish","4":"has-post-thumbnail","6":"brand-knipex","7":"product_cat-rucne-naradie","8":"product_cat-rezne-nastroje-sk","9":"product_cat-bocna-freza","11":"first","12":"instock","13":"taxable","14":"shipping-taxable","15":"purchasable","16":"product-type-simple","17":"add-to-wishlist-before_image"},"acf":[],"yoast_head":"<!-- This site is optimized with the Yoast SEO plugin v27.3 - https:\/\/yoast.com\/product\/yoast-seo-wordpress\/ -->\n<title>KNIPEX Diagon\u00e1lne fr\u00e9zy 70 01 125 - Wilhelm Hundt GmbH<\/title>\n<meta name=\"robots\" content=\"index, follow, max-snippet:-1, max-image-preview:large, max-video-preview:-1\" \/>\n<link rel=\"canonical\" href=\"https:\/\/hundtgroup.com\/sk\/produkt\/knipex-diagonalne-frezy-70-01-4\/\" \/>\n<meta property=\"og:locale\" content=\"sk_SK\" \/>\n<meta property=\"og:type\" content=\"article\" \/>\n<meta property=\"og:title\" content=\"KNIPEX Diagon\u00e1lne fr\u00e9zy 70 01 125 - Wilhelm Hundt GmbH\" \/>\n<meta property=\"og:description\" content=\"Presn\u00e9 rezn\u00e9 hrany na m\u00e4kk\u00e9 a tvrd\u00e9 dr\u00f4ty, \u010dist\u00fd rez s tenk\u00fdmi meden\u00fdmi dr\u00f4tmi, aj na koncoch rezn\u00fdch hr\u00e1n, \u0161t\u00edhly tvar hlavy, van\u00e1dov\u00e1 elektrick\u00e1 oce\u013e, tvrdos\u0165 rezn\u00fdch hr\u00e1n cca 62 HRC, kovan\u00e9, tvrden\u00e9 v oleji, rukov\u00e4te potiahnut\u00e9 plastom.\" \/>\n<meta property=\"og:url\" content=\"https:\/\/hundtgroup.com\/sk\/produkt\/knipex-diagonalne-frezy-70-01-4\/\" \/>\n<meta property=\"og:site_name\" content=\"Wilhelm Hundt GmbH\" \/>\n<meta property=\"article:modified_time\" content=\"2025-08-05T15:58:31+00:00\" \/>\n<meta property=\"og:image\" content=\"https:\/\/hundtgroup.com\/wp-content\/uploads\/410569.jpg\" \/>\n\t<meta property=\"og:image:width\" content=\"1500\" \/>\n\t<meta property=\"og:image:height\" content=\"475\" \/>\n\t<meta property=\"og:image:type\" content=\"image\/jpeg\" \/>\n<meta name=\"twitter:card\" content=\"summary_large_image\" \/>\n<script type=\"application\/ld+json\" class=\"yoast-schema-graph\">{\"@context\":\"https:\\\/\\\/schema.org\",\"@graph\":[{\"@type\":\"WebPage\",\"@id\":\"https:\\\/\\\/hundtgroup.com\\\/sk\\\/produkt\\\/knipex-diagonalne-frezy-70-01-4\\\/\",\"url\":\"https:\\\/\\\/hundtgroup.com\\\/sk\\\/produkt\\\/knipex-diagonalne-frezy-70-01-4\\\/\",\"name\":\"KNIPEX Diagon\u00e1lne fr\u00e9zy 70 01 125 - Wilhelm Hundt GmbH\",\"isPartOf\":{\"@id\":\"https:\\\/\\\/hundtgroup.com\\\/sk\\\/#website\"},\"primaryImageOfPage\":{\"@id\":\"https:\\\/\\\/hundtgroup.com\\\/sk\\\/produkt\\\/knipex-diagonalne-frezy-70-01-4\\\/#primaryimage\"},\"image\":{\"@id\":\"https:\\\/\\\/hundtgroup.com\\\/sk\\\/produkt\\\/knipex-diagonalne-frezy-70-01-4\\\/#primaryimage\"},\"thumbnailUrl\":\"https:\\\/\\\/hundtgroup.com\\\/wp-content\\\/uploads\\\/410569.jpg\",\"datePublished\":\"2025-06-18T16:31:02+00:00\",\"dateModified\":\"2025-08-05T15:58:31+00:00\",\"breadcrumb\":{\"@id\":\"https:\\\/\\\/hundtgroup.com\\\/sk\\\/produkt\\\/knipex-diagonalne-frezy-70-01-4\\\/#breadcrumb\"},\"inLanguage\":\"sk-SK\",\"potentialAction\":[{\"@type\":\"ReadAction\",\"target\":[\"https:\\\/\\\/hundtgroup.com\\\/sk\\\/produkt\\\/knipex-diagonalne-frezy-70-01-4\\\/\"]}]},{\"@type\":\"ImageObject\",\"inLanguage\":\"sk-SK\",\"@id\":\"https:\\\/\\\/hundtgroup.com\\\/sk\\\/produkt\\\/knipex-diagonalne-frezy-70-01-4\\\/#primaryimage\",\"url\":\"https:\\\/\\\/hundtgroup.com\\\/wp-content\\\/uploads\\\/410569.jpg\",\"contentUrl\":\"https:\\\/\\\/hundtgroup.com\\\/wp-content\\\/uploads\\\/410569.jpg\",\"width\":1500,\"height\":475},{\"@type\":\"BreadcrumbList\",\"@id\":\"https:\\\/\\\/hundtgroup.com\\\/sk\\\/produkt\\\/knipex-diagonalne-frezy-70-01-4\\\/#breadcrumb\",\"itemListElement\":[{\"@type\":\"ListItem\",\"position\":1,\"name\":\"Startseite\",\"item\":\"https:\\\/\\\/hundtgroup.com\\\/sk\\\/domov-nove\\\/\"},{\"@type\":\"ListItem\",\"position\":2,\"name\":\"Obchod\",\"item\":\"https:\\\/\\\/hundtgroup.com\\\/obchod\\\/\"},{\"@type\":\"ListItem\",\"position\":3,\"name\":\"KNIPEX Diagon\u00e1lne fr\u00e9zy 70 01 125\"}]},{\"@type\":\"WebSite\",\"@id\":\"https:\\\/\\\/hundtgroup.com\\\/sk\\\/#website\",\"url\":\"https:\\\/\\\/hundtgroup.com\\\/sk\\\/\",\"name\":\"Wilhelm Hundt GmbH\",\"description\":\"V\u00e1\u0161 \u0161pecialista na stroje a n\u00e1stroje na spracovanie plechu\",\"potentialAction\":[{\"@type\":\"SearchAction\",\"target\":{\"@type\":\"EntryPoint\",\"urlTemplate\":\"https:\\\/\\\/hundtgroup.com\\\/sk\\\/?s={search_term_string}\"},\"query-input\":{\"@type\":\"PropertyValueSpecification\",\"valueRequired\":true,\"valueName\":\"search_term_string\"}}],\"inLanguage\":\"sk-SK\"}]}<\/script>\n<!-- \/ Yoast SEO plugin. -->","yoast_head_json":{"title":"KNIPEX Diagon\u00e1lne fr\u00e9zy 70 01 125 - Wilhelm Hundt GmbH","robots":{"index":"index","follow":"follow","max-snippet":"max-snippet:-1","max-image-preview":"max-image-preview:large","max-video-preview":"max-video-preview:-1"},"canonical":"https:\/\/hundtgroup.com\/sk\/produkt\/knipex-diagonalne-frezy-70-01-4\/","og_locale":"sk_SK","og_type":"article","og_title":"KNIPEX Diagon\u00e1lne fr\u00e9zy 70 01 125 - Wilhelm Hundt GmbH","og_description":"Presn\u00e9 rezn\u00e9 hrany na m\u00e4kk\u00e9 a tvrd\u00e9 dr\u00f4ty, \u010dist\u00fd rez s tenk\u00fdmi meden\u00fdmi dr\u00f4tmi, aj na koncoch rezn\u00fdch hr\u00e1n, \u0161t\u00edhly tvar hlavy, van\u00e1dov\u00e1 elektrick\u00e1 oce\u013e, tvrdos\u0165 rezn\u00fdch hr\u00e1n cca 62 HRC, kovan\u00e9, tvrden\u00e9 v oleji, rukov\u00e4te potiahnut\u00e9 plastom.","og_url":"https:\/\/hundtgroup.com\/sk\/produkt\/knipex-diagonalne-frezy-70-01-4\/","og_site_name":"Wilhelm Hundt GmbH","article_modified_time":"2025-08-05T15:58:31+00:00","og_image":[{"width":1500,"height":475,"url":"https:\/\/hundtgroup.com\/wp-content\/uploads\/410569.jpg","type":"image\/jpeg"}],"twitter_card":"summary_large_image","schema":{"@context":"https:\/\/schema.org","@graph":[{"@type":"WebPage","@id":"https:\/\/hundtgroup.com\/sk\/produkt\/knipex-diagonalne-frezy-70-01-4\/","url":"https:\/\/hundtgroup.com\/sk\/produkt\/knipex-diagonalne-frezy-70-01-4\/","name":"KNIPEX Diagon\u00e1lne fr\u00e9zy 70 01 125 - Wilhelm Hundt GmbH","isPartOf":{"@id":"https:\/\/hundtgroup.com\/sk\/#website"},"primaryImageOfPage":{"@id":"https:\/\/hundtgroup.com\/sk\/produkt\/knipex-diagonalne-frezy-70-01-4\/#primaryimage"},"image":{"@id":"https:\/\/hundtgroup.com\/sk\/produkt\/knipex-diagonalne-frezy-70-01-4\/#primaryimage"},"thumbnailUrl":"https:\/\/hundtgroup.com\/wp-content\/uploads\/410569.jpg","datePublished":"2025-06-18T16:31:02+00:00","dateModified":"2025-08-05T15:58:31+00:00","breadcrumb":{"@id":"https:\/\/hundtgroup.com\/sk\/produkt\/knipex-diagonalne-frezy-70-01-4\/#breadcrumb"},"inLanguage":"sk-SK","potentialAction":[{"@type":"ReadAction","target":["https:\/\/hundtgroup.com\/sk\/produkt\/knipex-diagonalne-frezy-70-01-4\/"]}]},{"@type":"ImageObject","inLanguage":"sk-SK","@id":"https:\/\/hundtgroup.com\/sk\/produkt\/knipex-diagonalne-frezy-70-01-4\/#primaryimage","url":"https:\/\/hundtgroup.com\/wp-content\/uploads\/410569.jpg","contentUrl":"https:\/\/hundtgroup.com\/wp-content\/uploads\/410569.jpg","width":1500,"height":475},{"@type":"BreadcrumbList","@id":"https:\/\/hundtgroup.com\/sk\/produkt\/knipex-diagonalne-frezy-70-01-4\/#breadcrumb","itemListElement":[{"@type":"ListItem","position":1,"name":"Startseite","item":"https:\/\/hundtgroup.com\/sk\/domov-nove\/"},{"@type":"ListItem","position":2,"name":"Obchod","item":"https:\/\/hundtgroup.com\/obchod\/"},{"@type":"ListItem","position":3,"name":"KNIPEX Diagon\u00e1lne fr\u00e9zy 70 01 125"}]},{"@type":"WebSite","@id":"https:\/\/hundtgroup.com\/sk\/#website","url":"https:\/\/hundtgroup.com\/sk\/","name":"Wilhelm Hundt GmbH","description":"V\u00e1\u0161 \u0161pecialista na stroje a n\u00e1stroje na spracovanie plechu","potentialAction":[{"@type":"SearchAction","target":{"@type":"EntryPoint","urlTemplate":"https:\/\/hundtgroup.com\/sk\/?s={search_term_string}"},"query-input":{"@type":"PropertyValueSpecification","valueRequired":true,"valueName":"search_term_string"}}],"inLanguage":"sk-SK"}]}},"_links":{"self":[{"href":"https:\/\/hundtgroup.com\/sk\/wp-json\/wp\/v2\/product\/19113","targetHints":{"allow":["GET"]}}],"collection":[{"href":"https:\/\/hundtgroup.com\/sk\/wp-json\/wp\/v2\/product"}],"about":[{"href":"https:\/\/hundtgroup.com\/sk\/wp-json\/wp\/v2\/types\/product"}],"wp:featuredmedia":[{"embeddable":true,"href":"https:\/\/hundtgroup.com\/sk\/wp-json\/wp\/v2\/media\/18810"}],"wp:attachment":[{"href":"https:\/\/hundtgroup.com\/sk\/wp-json\/wp\/v2\/media?parent=19113"}],"wp:term":[{"taxonomy":"product_cat","embeddable":true,"href":"https:\/\/hundtgroup.com\/sk\/wp-json\/wp\/v2\/product_cat?post=19113"},{"taxonomy":"product_tag","embeddable":true,"href":"https:\/\/hundtgroup.com\/sk\/wp-json\/wp\/v2\/product_tag?post=19113"}],"curies":[{"name":"wp","href":"https:\/\/api.w.org\/{rel}","templated":true}]}}