{"id":19371,"date":"2022-10-26T15:59:08","date_gmt":"2022-10-26T13:59:08","guid":{"rendered":"https:\/\/hundtgroup.com\/produkt\/skrutkovac-karburatora-cerveny-80x25-mm\/"},"modified":"2025-07-29T13:04:20","modified_gmt":"2025-07-29T11:04:20","slug":"skrutkovac-karburatora-cerveny-80x25-mm","status":"publish","type":"product","link":"https:\/\/hundtgroup.com\/sk\/produkt\/skrutkovac-karburatora-cerveny-80x25-mm\/","title":{"rendered":"Skrutkova\u010d karbur\u00e1tora \u010derven\u00fd 8,0&#215;25 mm"},"content":{"rendered":"<p>Skrutkova\u010d na karbur\u00e1tor<br \/>\nRukov\u00e4\u0165 z acet\u00e1tu celul\u00f3zy, \u010depe\u013e z vysoko legovanej chr\u00f3m-van\u00e1diovej \u0161peci\u00e1lnej ocele, lesklo poniklovan\u00e1.<\/p>\n","protected":false},"excerpt":{"rendered":"<p>Skrutkova\u010d na karbur\u00e1tor Rukov\u00e4\u0165 z acet\u00e1tu celul\u00f3zy, \u010depe\u013e z vysoko legovanej chr\u00f3m-van\u00e1diovej \u0161peci\u00e1lnej ocele, lesklo poniklovan\u00e1.<\/p>\n","protected":false},"featured_media":19362,"template":"","meta":{"_acf_changed":false,"inline_featured_image":false},"product_cat":[930,2237,2238,2236],"product_tag":[],"class_list":{"0":"post-19371","1":"product","2":"type-product","3":"status-publish","4":"has-post-thumbnail","6":"brand-hundt","7":"product_cat-rucne-naradie","8":"product_cat-skrutkovac","9":"product_cat-slot-sk","10":"product_cat-skrutkovacie-nastroje","12":"first","13":"instock","14":"taxable","15":"shipping-taxable","16":"purchasable","17":"product-type-simple","18":"add-to-wishlist-before_image"},"acf":[],"yoast_head":"<!-- This site is optimized with the Yoast SEO plugin v27.3 - https:\/\/yoast.com\/product\/yoast-seo-wordpress\/ -->\n<title>Skrutkova\u010d karbur\u00e1tora \u010derven\u00fd 8,0x25 mm - Wilhelm Hundt GmbH<\/title>\n<meta name=\"robots\" content=\"index, follow, max-snippet:-1, max-image-preview:large, max-video-preview:-1\" \/>\n<link rel=\"canonical\" href=\"https:\/\/hundtgroup.com\/sk\/produkt\/skrutkovac-karburatora-cerveny-80x25-mm\/\" \/>\n<meta property=\"og:locale\" content=\"sk_SK\" \/>\n<meta property=\"og:type\" content=\"article\" \/>\n<meta property=\"og:title\" content=\"Skrutkova\u010d karbur\u00e1tora \u010derven\u00fd 8,0x25 mm - Wilhelm Hundt GmbH\" \/>\n<meta property=\"og:description\" content=\"Skrutkova\u010d na karbur\u00e1tor Rukov\u00e4\u0165 z acet\u00e1tu celul\u00f3zy, \u010depe\u013e z vysoko legovanej chr\u00f3m-van\u00e1diovej \u0161peci\u00e1lnej ocele, lesklo poniklovan\u00e1.\" \/>\n<meta property=\"og:url\" content=\"https:\/\/hundtgroup.com\/sk\/produkt\/skrutkovac-karburatora-cerveny-80x25-mm\/\" \/>\n<meta property=\"og:site_name\" content=\"Wilhelm Hundt GmbH\" \/>\n<meta property=\"article:modified_time\" content=\"2025-07-29T11:04:20+00:00\" \/>\n<meta property=\"og:image\" content=\"https:\/\/hundtgroup.com\/wp-content\/uploads\/430280.png\" \/>\n\t<meta property=\"og:image:width\" content=\"419\" \/>\n\t<meta property=\"og:image:height\" content=\"344\" \/>\n\t<meta property=\"og:image:type\" content=\"image\/png\" \/>\n<meta name=\"twitter:card\" content=\"summary_large_image\" \/>\n<script type=\"application\/ld+json\" class=\"yoast-schema-graph\">{\"@context\":\"https:\\\/\\\/schema.org\",\"@graph\":[{\"@type\":\"WebPage\",\"@id\":\"https:\\\/\\\/hundtgroup.com\\\/sk\\\/produkt\\\/skrutkovac-karburatora-cerveny-80x25-mm\\\/\",\"url\":\"https:\\\/\\\/hundtgroup.com\\\/sk\\\/produkt\\\/skrutkovac-karburatora-cerveny-80x25-mm\\\/\",\"name\":\"Skrutkova\u010d karbur\u00e1tora \u010derven\u00fd 8,0x25 mm - Wilhelm Hundt GmbH\",\"isPartOf\":{\"@id\":\"https:\\\/\\\/hundtgroup.com\\\/sk\\\/#website\"},\"primaryImageOfPage\":{\"@id\":\"https:\\\/\\\/hundtgroup.com\\\/sk\\\/produkt\\\/skrutkovac-karburatora-cerveny-80x25-mm\\\/#primaryimage\"},\"image\":{\"@id\":\"https:\\\/\\\/hundtgroup.com\\\/sk\\\/produkt\\\/skrutkovac-karburatora-cerveny-80x25-mm\\\/#primaryimage\"},\"thumbnailUrl\":\"https:\\\/\\\/hundtgroup.com\\\/wp-content\\\/uploads\\\/430280.png\",\"datePublished\":\"2022-10-26T13:59:08+00:00\",\"dateModified\":\"2025-07-29T11:04:20+00:00\",\"breadcrumb\":{\"@id\":\"https:\\\/\\\/hundtgroup.com\\\/sk\\\/produkt\\\/skrutkovac-karburatora-cerveny-80x25-mm\\\/#breadcrumb\"},\"inLanguage\":\"sk-SK\",\"potentialAction\":[{\"@type\":\"ReadAction\",\"target\":[\"https:\\\/\\\/hundtgroup.com\\\/sk\\\/produkt\\\/skrutkovac-karburatora-cerveny-80x25-mm\\\/\"]}]},{\"@type\":\"ImageObject\",\"inLanguage\":\"sk-SK\",\"@id\":\"https:\\\/\\\/hundtgroup.com\\\/sk\\\/produkt\\\/skrutkovac-karburatora-cerveny-80x25-mm\\\/#primaryimage\",\"url\":\"https:\\\/\\\/hundtgroup.com\\\/wp-content\\\/uploads\\\/430280.png\",\"contentUrl\":\"https:\\\/\\\/hundtgroup.com\\\/wp-content\\\/uploads\\\/430280.png\",\"width\":419,\"height\":344},{\"@type\":\"BreadcrumbList\",\"@id\":\"https:\\\/\\\/hundtgroup.com\\\/sk\\\/produkt\\\/skrutkovac-karburatora-cerveny-80x25-mm\\\/#breadcrumb\",\"itemListElement\":[{\"@type\":\"ListItem\",\"position\":1,\"name\":\"Startseite\",\"item\":\"https:\\\/\\\/hundtgroup.com\\\/sk\\\/domov-nove\\\/\"},{\"@type\":\"ListItem\",\"position\":2,\"name\":\"Obchod\",\"item\":\"https:\\\/\\\/hundtgroup.com\\\/obchod\\\/\"},{\"@type\":\"ListItem\",\"position\":3,\"name\":\"Skrutkova\u010d karbur\u00e1tora \u010derven\u00fd 8,0&#215;25 mm\"}]},{\"@type\":\"WebSite\",\"@id\":\"https:\\\/\\\/hundtgroup.com\\\/sk\\\/#website\",\"url\":\"https:\\\/\\\/hundtgroup.com\\\/sk\\\/\",\"name\":\"Wilhelm Hundt GmbH\",\"description\":\"V\u00e1\u0161 \u0161pecialista na stroje a n\u00e1stroje na spracovanie plechu\",\"potentialAction\":[{\"@type\":\"SearchAction\",\"target\":{\"@type\":\"EntryPoint\",\"urlTemplate\":\"https:\\\/\\\/hundtgroup.com\\\/sk\\\/?s={search_term_string}\"},\"query-input\":{\"@type\":\"PropertyValueSpecification\",\"valueRequired\":true,\"valueName\":\"search_term_string\"}}],\"inLanguage\":\"sk-SK\"}]}<\/script>\n<!-- \/ Yoast SEO plugin. -->","yoast_head_json":{"title":"Skrutkova\u010d karbur\u00e1tora \u010derven\u00fd 8,0x25 mm - Wilhelm Hundt GmbH","robots":{"index":"index","follow":"follow","max-snippet":"max-snippet:-1","max-image-preview":"max-image-preview:large","max-video-preview":"max-video-preview:-1"},"canonical":"https:\/\/hundtgroup.com\/sk\/produkt\/skrutkovac-karburatora-cerveny-80x25-mm\/","og_locale":"sk_SK","og_type":"article","og_title":"Skrutkova\u010d karbur\u00e1tora \u010derven\u00fd 8,0x25 mm - Wilhelm Hundt GmbH","og_description":"Skrutkova\u010d na karbur\u00e1tor Rukov\u00e4\u0165 z acet\u00e1tu celul\u00f3zy, \u010depe\u013e z vysoko legovanej chr\u00f3m-van\u00e1diovej \u0161peci\u00e1lnej ocele, lesklo poniklovan\u00e1.","og_url":"https:\/\/hundtgroup.com\/sk\/produkt\/skrutkovac-karburatora-cerveny-80x25-mm\/","og_site_name":"Wilhelm Hundt GmbH","article_modified_time":"2025-07-29T11:04:20+00:00","og_image":[{"width":419,"height":344,"url":"https:\/\/hundtgroup.com\/wp-content\/uploads\/430280.png","type":"image\/png"}],"twitter_card":"summary_large_image","schema":{"@context":"https:\/\/schema.org","@graph":[{"@type":"WebPage","@id":"https:\/\/hundtgroup.com\/sk\/produkt\/skrutkovac-karburatora-cerveny-80x25-mm\/","url":"https:\/\/hundtgroup.com\/sk\/produkt\/skrutkovac-karburatora-cerveny-80x25-mm\/","name":"Skrutkova\u010d karbur\u00e1tora \u010derven\u00fd 8,0x25 mm - Wilhelm Hundt GmbH","isPartOf":{"@id":"https:\/\/hundtgroup.com\/sk\/#website"},"primaryImageOfPage":{"@id":"https:\/\/hundtgroup.com\/sk\/produkt\/skrutkovac-karburatora-cerveny-80x25-mm\/#primaryimage"},"image":{"@id":"https:\/\/hundtgroup.com\/sk\/produkt\/skrutkovac-karburatora-cerveny-80x25-mm\/#primaryimage"},"thumbnailUrl":"https:\/\/hundtgroup.com\/wp-content\/uploads\/430280.png","datePublished":"2022-10-26T13:59:08+00:00","dateModified":"2025-07-29T11:04:20+00:00","breadcrumb":{"@id":"https:\/\/hundtgroup.com\/sk\/produkt\/skrutkovac-karburatora-cerveny-80x25-mm\/#breadcrumb"},"inLanguage":"sk-SK","potentialAction":[{"@type":"ReadAction","target":["https:\/\/hundtgroup.com\/sk\/produkt\/skrutkovac-karburatora-cerveny-80x25-mm\/"]}]},{"@type":"ImageObject","inLanguage":"sk-SK","@id":"https:\/\/hundtgroup.com\/sk\/produkt\/skrutkovac-karburatora-cerveny-80x25-mm\/#primaryimage","url":"https:\/\/hundtgroup.com\/wp-content\/uploads\/430280.png","contentUrl":"https:\/\/hundtgroup.com\/wp-content\/uploads\/430280.png","width":419,"height":344},{"@type":"BreadcrumbList","@id":"https:\/\/hundtgroup.com\/sk\/produkt\/skrutkovac-karburatora-cerveny-80x25-mm\/#breadcrumb","itemListElement":[{"@type":"ListItem","position":1,"name":"Startseite","item":"https:\/\/hundtgroup.com\/sk\/domov-nove\/"},{"@type":"ListItem","position":2,"name":"Obchod","item":"https:\/\/hundtgroup.com\/obchod\/"},{"@type":"ListItem","position":3,"name":"Skrutkova\u010d karbur\u00e1tora \u010derven\u00fd 8,0&#215;25 mm"}]},{"@type":"WebSite","@id":"https:\/\/hundtgroup.com\/sk\/#website","url":"https:\/\/hundtgroup.com\/sk\/","name":"Wilhelm Hundt GmbH","description":"V\u00e1\u0161 \u0161pecialista na stroje a n\u00e1stroje na spracovanie plechu","potentialAction":[{"@type":"SearchAction","target":{"@type":"EntryPoint","urlTemplate":"https:\/\/hundtgroup.com\/sk\/?s={search_term_string}"},"query-input":{"@type":"PropertyValueSpecification","valueRequired":true,"valueName":"search_term_string"}}],"inLanguage":"sk-SK"}]}},"_links":{"self":[{"href":"https:\/\/hundtgroup.com\/sk\/wp-json\/wp\/v2\/product\/19371","targetHints":{"allow":["GET"]}}],"collection":[{"href":"https:\/\/hundtgroup.com\/sk\/wp-json\/wp\/v2\/product"}],"about":[{"href":"https:\/\/hundtgroup.com\/sk\/wp-json\/wp\/v2\/types\/product"}],"wp:featuredmedia":[{"embeddable":true,"href":"https:\/\/hundtgroup.com\/sk\/wp-json\/wp\/v2\/media\/19362"}],"wp:attachment":[{"href":"https:\/\/hundtgroup.com\/sk\/wp-json\/wp\/v2\/media?parent=19371"}],"wp:term":[{"taxonomy":"product_cat","embeddable":true,"href":"https:\/\/hundtgroup.com\/sk\/wp-json\/wp\/v2\/product_cat?post=19371"},{"taxonomy":"product_tag","embeddable":true,"href":"https:\/\/hundtgroup.com\/sk\/wp-json\/wp\/v2\/product_tag?post=19371"}],"curies":[{"name":"wp","href":"https:\/\/api.w.org\/{rel}","templated":true}]}}