{"id":20046,"date":"2022-10-26T15:58:47","date_gmt":"2022-10-26T13:58:47","guid":{"rendered":"https:\/\/hundtgroup.com\/produkt\/klieste-na-vodne-cerpadlo-aligator-88-01-180\/"},"modified":"2025-07-29T12:39:21","modified_gmt":"2025-07-29T10:39:21","slug":"klieste-na-vodne-cerpadlo-aligator-88-01-180","status":"publish","type":"product","link":"https:\/\/hundtgroup.com\/sk\/produkt\/klieste-na-vodne-cerpadlo-aligator-88-01-180\/","title":{"rendered":"Klie\u0161te na vodn\u00e9 \u010derpadlo Aligator 88 01 180"},"content":{"rendered":"<p>Samo\u010dinn\u00e9 up\u00ednanie na r\u00fary a matice: \u017eiadne sk\u013aznutie na obrobku, pr\u00e1ca bez n\u00e1mahy<br \/>\n\u00dachopov\u00e9 plochy so \u0161peci\u00e1lne tvrden\u00fdmi zubami, tvrdos\u0165 zubov cca. 61 HRC: trvalo bezpe\u010dn\u00e9 uchopenie v\u010faka vysokej odolnosti proti opotrebovaniu<br \/>\nPriechodn\u00fd k\u013ab: vysok\u00e1 stabilita v\u010faka dvojit\u00e9mu vedeniu<br \/>\nRobustn\u00e1 kon\u0161trukcia, odoln\u00e1 proti zne\u010disteniu; vhodn\u00e1 najm\u00e4 na pr\u00e1cu vonku<br \/>\nOchrana proti stla\u010deniu zabra\u0148uje poraneniam sp\u00f4soben\u00fdm rozdrven\u00edm<br \/>\nChr\u00f3m-van\u00e1diov\u00e1 elektrick\u00e1 oce\u013e, kovan\u00e1, kalen\u00e1 v oleji<\/p>\n","protected":false},"excerpt":{"rendered":"<p>Samo\u010dinn\u00e9 up\u00ednanie na r\u00fary a matice: \u017eiadne sk\u013aznutie na obrobku, pr\u00e1ca bez n\u00e1mahy \u00dachopov\u00e9 plochy so \u0161peci\u00e1lne tvrden\u00fdmi zubami, tvrdos\u0165 zubov cca. 61 HRC: trvalo bezpe\u010dn\u00e9 uchopenie v\u010faka vysokej odolnosti proti opotrebovaniu Priechodn\u00fd k\u013ab: vysok\u00e1 stabilita v\u010faka dvojit\u00e9mu vedeniu Robustn\u00e1 kon\u0161trukcia, odoln\u00e1 proti zne\u010disteniu; vhodn\u00e1 najm\u00e4 na pr\u00e1cu vonku Ochrana proti stla\u010deniu zabra\u0148uje poraneniam sp\u00f4soben\u00fdm [&hellip;]<\/p>\n","protected":false},"featured_media":20026,"template":"","meta":{"_acf_changed":false,"inline_featured_image":false},"product_cat":[930,2227,2220],"product_tag":[],"class_list":{"0":"post-20046","1":"product","2":"type-product","3":"status-publish","4":"has-post-thumbnail","6":"brand-knipex","7":"product_cat-rucne-naradie","8":"product_cat-klieste-na-vodne-cerpadlo","9":"product_cat-klieste","11":"first","12":"instock","13":"taxable","14":"shipping-taxable","15":"purchasable","16":"product-type-simple","17":"add-to-wishlist-before_image"},"acf":[],"yoast_head":"<!-- This site is optimized with the Yoast SEO plugin v27.3 - https:\/\/yoast.com\/product\/yoast-seo-wordpress\/ -->\n<title>Klie\u0161te na vodn\u00e9 \u010derpadlo Aligator 88 01 180 - Wilhelm Hundt GmbH<\/title>\n<meta name=\"robots\" content=\"index, follow, max-snippet:-1, max-image-preview:large, max-video-preview:-1\" \/>\n<link rel=\"canonical\" href=\"https:\/\/hundtgroup.com\/sk\/produkt\/klieste-na-vodne-cerpadlo-aligator-88-01-180\/\" \/>\n<meta property=\"og:locale\" content=\"sk_SK\" \/>\n<meta property=\"og:type\" content=\"article\" \/>\n<meta property=\"og:title\" content=\"Klie\u0161te na vodn\u00e9 \u010derpadlo Aligator 88 01 180 - Wilhelm Hundt GmbH\" \/>\n<meta property=\"og:description\" content=\"Samo\u010dinn\u00e9 up\u00ednanie na r\u00fary a matice: \u017eiadne sk\u013aznutie na obrobku, pr\u00e1ca bez n\u00e1mahy \u00dachopov\u00e9 plochy so \u0161peci\u00e1lne tvrden\u00fdmi zubami, tvrdos\u0165 zubov cca. 61 HRC: trvalo bezpe\u010dn\u00e9 uchopenie v\u010faka vysokej odolnosti proti opotrebovaniu Priechodn\u00fd k\u013ab: vysok\u00e1 stabilita v\u010faka dvojit\u00e9mu vedeniu Robustn\u00e1 kon\u0161trukcia, odoln\u00e1 proti zne\u010disteniu; vhodn\u00e1 najm\u00e4 na pr\u00e1cu vonku Ochrana proti stla\u010deniu zabra\u0148uje poraneniam sp\u00f4soben\u00fdm [&hellip;]\" \/>\n<meta property=\"og:url\" content=\"https:\/\/hundtgroup.com\/sk\/produkt\/klieste-na-vodne-cerpadlo-aligator-88-01-180\/\" \/>\n<meta property=\"og:site_name\" content=\"Wilhelm Hundt GmbH\" \/>\n<meta property=\"article:modified_time\" content=\"2025-07-29T10:39:21+00:00\" \/>\n<meta property=\"og:image\" content=\"https:\/\/hundtgroup.com\/wp-content\/uploads\/410724.png\" \/>\n\t<meta property=\"og:image:width\" content=\"815\" \/>\n\t<meta property=\"og:image:height\" content=\"179\" \/>\n\t<meta property=\"og:image:type\" content=\"image\/png\" \/>\n<meta name=\"twitter:card\" content=\"summary_large_image\" \/>\n<script type=\"application\/ld+json\" class=\"yoast-schema-graph\">{\"@context\":\"https:\\\/\\\/schema.org\",\"@graph\":[{\"@type\":\"WebPage\",\"@id\":\"https:\\\/\\\/hundtgroup.com\\\/sk\\\/produkt\\\/klieste-na-vodne-cerpadlo-aligator-88-01-180\\\/\",\"url\":\"https:\\\/\\\/hundtgroup.com\\\/sk\\\/produkt\\\/klieste-na-vodne-cerpadlo-aligator-88-01-180\\\/\",\"name\":\"Klie\u0161te na vodn\u00e9 \u010derpadlo Aligator 88 01 180 - Wilhelm Hundt GmbH\",\"isPartOf\":{\"@id\":\"https:\\\/\\\/hundtgroup.com\\\/sk\\\/#website\"},\"primaryImageOfPage\":{\"@id\":\"https:\\\/\\\/hundtgroup.com\\\/sk\\\/produkt\\\/klieste-na-vodne-cerpadlo-aligator-88-01-180\\\/#primaryimage\"},\"image\":{\"@id\":\"https:\\\/\\\/hundtgroup.com\\\/sk\\\/produkt\\\/klieste-na-vodne-cerpadlo-aligator-88-01-180\\\/#primaryimage\"},\"thumbnailUrl\":\"https:\\\/\\\/hundtgroup.com\\\/wp-content\\\/uploads\\\/410724.png\",\"datePublished\":\"2022-10-26T13:58:47+00:00\",\"dateModified\":\"2025-07-29T10:39:21+00:00\",\"breadcrumb\":{\"@id\":\"https:\\\/\\\/hundtgroup.com\\\/sk\\\/produkt\\\/klieste-na-vodne-cerpadlo-aligator-88-01-180\\\/#breadcrumb\"},\"inLanguage\":\"sk-SK\",\"potentialAction\":[{\"@type\":\"ReadAction\",\"target\":[\"https:\\\/\\\/hundtgroup.com\\\/sk\\\/produkt\\\/klieste-na-vodne-cerpadlo-aligator-88-01-180\\\/\"]}]},{\"@type\":\"ImageObject\",\"inLanguage\":\"sk-SK\",\"@id\":\"https:\\\/\\\/hundtgroup.com\\\/sk\\\/produkt\\\/klieste-na-vodne-cerpadlo-aligator-88-01-180\\\/#primaryimage\",\"url\":\"https:\\\/\\\/hundtgroup.com\\\/wp-content\\\/uploads\\\/410724.png\",\"contentUrl\":\"https:\\\/\\\/hundtgroup.com\\\/wp-content\\\/uploads\\\/410724.png\",\"width\":815,\"height\":179},{\"@type\":\"BreadcrumbList\",\"@id\":\"https:\\\/\\\/hundtgroup.com\\\/sk\\\/produkt\\\/klieste-na-vodne-cerpadlo-aligator-88-01-180\\\/#breadcrumb\",\"itemListElement\":[{\"@type\":\"ListItem\",\"position\":1,\"name\":\"Startseite\",\"item\":\"https:\\\/\\\/hundtgroup.com\\\/sk\\\/domov-nove\\\/\"},{\"@type\":\"ListItem\",\"position\":2,\"name\":\"Obchod\",\"item\":\"https:\\\/\\\/hundtgroup.com\\\/obchod\\\/\"},{\"@type\":\"ListItem\",\"position\":3,\"name\":\"Klie\u0161te na vodn\u00e9 \u010derpadlo Aligator 88 01 180\"}]},{\"@type\":\"WebSite\",\"@id\":\"https:\\\/\\\/hundtgroup.com\\\/sk\\\/#website\",\"url\":\"https:\\\/\\\/hundtgroup.com\\\/sk\\\/\",\"name\":\"Wilhelm Hundt GmbH\",\"description\":\"V\u00e1\u0161 \u0161pecialista na stroje a n\u00e1stroje na spracovanie plechu\",\"potentialAction\":[{\"@type\":\"SearchAction\",\"target\":{\"@type\":\"EntryPoint\",\"urlTemplate\":\"https:\\\/\\\/hundtgroup.com\\\/sk\\\/?s={search_term_string}\"},\"query-input\":{\"@type\":\"PropertyValueSpecification\",\"valueRequired\":true,\"valueName\":\"search_term_string\"}}],\"inLanguage\":\"sk-SK\"}]}<\/script>\n<!-- \/ Yoast SEO plugin. -->","yoast_head_json":{"title":"Klie\u0161te na vodn\u00e9 \u010derpadlo Aligator 88 01 180 - Wilhelm Hundt GmbH","robots":{"index":"index","follow":"follow","max-snippet":"max-snippet:-1","max-image-preview":"max-image-preview:large","max-video-preview":"max-video-preview:-1"},"canonical":"https:\/\/hundtgroup.com\/sk\/produkt\/klieste-na-vodne-cerpadlo-aligator-88-01-180\/","og_locale":"sk_SK","og_type":"article","og_title":"Klie\u0161te na vodn\u00e9 \u010derpadlo Aligator 88 01 180 - Wilhelm Hundt GmbH","og_description":"Samo\u010dinn\u00e9 up\u00ednanie na r\u00fary a matice: \u017eiadne sk\u013aznutie na obrobku, pr\u00e1ca bez n\u00e1mahy \u00dachopov\u00e9 plochy so \u0161peci\u00e1lne tvrden\u00fdmi zubami, tvrdos\u0165 zubov cca. 61 HRC: trvalo bezpe\u010dn\u00e9 uchopenie v\u010faka vysokej odolnosti proti opotrebovaniu Priechodn\u00fd k\u013ab: vysok\u00e1 stabilita v\u010faka dvojit\u00e9mu vedeniu Robustn\u00e1 kon\u0161trukcia, odoln\u00e1 proti zne\u010disteniu; vhodn\u00e1 najm\u00e4 na pr\u00e1cu vonku Ochrana proti stla\u010deniu zabra\u0148uje poraneniam sp\u00f4soben\u00fdm [&hellip;]","og_url":"https:\/\/hundtgroup.com\/sk\/produkt\/klieste-na-vodne-cerpadlo-aligator-88-01-180\/","og_site_name":"Wilhelm Hundt GmbH","article_modified_time":"2025-07-29T10:39:21+00:00","og_image":[{"width":815,"height":179,"url":"https:\/\/hundtgroup.com\/wp-content\/uploads\/410724.png","type":"image\/png"}],"twitter_card":"summary_large_image","schema":{"@context":"https:\/\/schema.org","@graph":[{"@type":"WebPage","@id":"https:\/\/hundtgroup.com\/sk\/produkt\/klieste-na-vodne-cerpadlo-aligator-88-01-180\/","url":"https:\/\/hundtgroup.com\/sk\/produkt\/klieste-na-vodne-cerpadlo-aligator-88-01-180\/","name":"Klie\u0161te na vodn\u00e9 \u010derpadlo Aligator 88 01 180 - Wilhelm Hundt GmbH","isPartOf":{"@id":"https:\/\/hundtgroup.com\/sk\/#website"},"primaryImageOfPage":{"@id":"https:\/\/hundtgroup.com\/sk\/produkt\/klieste-na-vodne-cerpadlo-aligator-88-01-180\/#primaryimage"},"image":{"@id":"https:\/\/hundtgroup.com\/sk\/produkt\/klieste-na-vodne-cerpadlo-aligator-88-01-180\/#primaryimage"},"thumbnailUrl":"https:\/\/hundtgroup.com\/wp-content\/uploads\/410724.png","datePublished":"2022-10-26T13:58:47+00:00","dateModified":"2025-07-29T10:39:21+00:00","breadcrumb":{"@id":"https:\/\/hundtgroup.com\/sk\/produkt\/klieste-na-vodne-cerpadlo-aligator-88-01-180\/#breadcrumb"},"inLanguage":"sk-SK","potentialAction":[{"@type":"ReadAction","target":["https:\/\/hundtgroup.com\/sk\/produkt\/klieste-na-vodne-cerpadlo-aligator-88-01-180\/"]}]},{"@type":"ImageObject","inLanguage":"sk-SK","@id":"https:\/\/hundtgroup.com\/sk\/produkt\/klieste-na-vodne-cerpadlo-aligator-88-01-180\/#primaryimage","url":"https:\/\/hundtgroup.com\/wp-content\/uploads\/410724.png","contentUrl":"https:\/\/hundtgroup.com\/wp-content\/uploads\/410724.png","width":815,"height":179},{"@type":"BreadcrumbList","@id":"https:\/\/hundtgroup.com\/sk\/produkt\/klieste-na-vodne-cerpadlo-aligator-88-01-180\/#breadcrumb","itemListElement":[{"@type":"ListItem","position":1,"name":"Startseite","item":"https:\/\/hundtgroup.com\/sk\/domov-nove\/"},{"@type":"ListItem","position":2,"name":"Obchod","item":"https:\/\/hundtgroup.com\/obchod\/"},{"@type":"ListItem","position":3,"name":"Klie\u0161te na vodn\u00e9 \u010derpadlo Aligator 88 01 180"}]},{"@type":"WebSite","@id":"https:\/\/hundtgroup.com\/sk\/#website","url":"https:\/\/hundtgroup.com\/sk\/","name":"Wilhelm Hundt GmbH","description":"V\u00e1\u0161 \u0161pecialista na stroje a n\u00e1stroje na spracovanie plechu","potentialAction":[{"@type":"SearchAction","target":{"@type":"EntryPoint","urlTemplate":"https:\/\/hundtgroup.com\/sk\/?s={search_term_string}"},"query-input":{"@type":"PropertyValueSpecification","valueRequired":true,"valueName":"search_term_string"}}],"inLanguage":"sk-SK"}]}},"_links":{"self":[{"href":"https:\/\/hundtgroup.com\/sk\/wp-json\/wp\/v2\/product\/20046","targetHints":{"allow":["GET"]}}],"collection":[{"href":"https:\/\/hundtgroup.com\/sk\/wp-json\/wp\/v2\/product"}],"about":[{"href":"https:\/\/hundtgroup.com\/sk\/wp-json\/wp\/v2\/types\/product"}],"wp:featuredmedia":[{"embeddable":true,"href":"https:\/\/hundtgroup.com\/sk\/wp-json\/wp\/v2\/media\/20026"}],"wp:attachment":[{"href":"https:\/\/hundtgroup.com\/sk\/wp-json\/wp\/v2\/media?parent=20046"}],"wp:term":[{"taxonomy":"product_cat","embeddable":true,"href":"https:\/\/hundtgroup.com\/sk\/wp-json\/wp\/v2\/product_cat?post=20046"},{"taxonomy":"product_tag","embeddable":true,"href":"https:\/\/hundtgroup.com\/sk\/wp-json\/wp\/v2\/product_tag?post=20046"}],"curies":[{"name":"wp","href":"https:\/\/api.w.org\/{rel}","templated":true}]}}