{"id":21717,"date":"2025-06-18T18:32:02","date_gmt":"2025-06-18T16:32:02","guid":{"rendered":"https:\/\/hundtgroup.com\/produkt\/chranice-sluchu-hundt-optime-i\/"},"modified":"2025-08-05T18:08:12","modified_gmt":"2025-08-05T16:08:12","slug":"chranice-sluchu-hundt-optime-i","status":"publish","type":"product","link":"https:\/\/hundtgroup.com\/sk\/produkt\/chranice-sluchu-hundt-optime-i\/","title":{"rendered":"Chr\u00e1ni\u010de sluchu Hundt OPTIME I"},"content":{"rendered":"<p>Mimoriadne \u013eahk\u00e9 chr\u00e1ni\u010de sluchu, dokonal\u00e1 v\u0161estrann\u00e1 ochrana pre mnoh\u00e9 oblasti pou\u017eitia, pru\u017einov\u00fd oce\u013eov\u00fd r\u00e1m z nehrdzavej\u00facej ocele, ve\u013emi \u0161t\u00edhly profil pon\u00faka dokonal\u00e9 mo\u017enosti kombin\u00e1cie s in\u00fdmi ochrann\u00fdmi pom\u00f4ckami, vysok\u00fd komfort nosenia<\/p>\n","protected":false},"excerpt":{"rendered":"<p>Mimoriadne \u013eahk\u00e9 chr\u00e1ni\u010de sluchu, dokonal\u00e1 v\u0161estrann\u00e1 ochrana pre mnoh\u00e9 oblasti pou\u017eitia, pru\u017einov\u00fd oce\u013eov\u00fd r\u00e1m z nehrdzavej\u00facej ocele, ve\u013emi \u0161t\u00edhly profil pon\u00faka dokonal\u00e9 mo\u017enosti kombin\u00e1cie s in\u00fdmi ochrann\u00fdmi pom\u00f4ckami, vysok\u00fd komfort nosenia<\/p>\n","protected":false},"featured_media":21720,"template":"","meta":{"_acf_changed":false,"inline_featured_image":false},"product_cat":[2338,2165],"product_tag":[],"class_list":{"0":"post-21717","1":"product","2":"type-product","3":"status-publish","4":"has-post-thumbnail","6":"brand-hundt","7":"product_cat-ochrana-sluchu-sk","8":"product_cat-bezpecnost-pri-praci","10":"first","11":"instock","12":"taxable","13":"shipping-taxable","14":"purchasable","15":"product-type-simple","16":"add-to-wishlist-before_image"},"acf":[],"yoast_head":"<!-- This site is optimized with the Yoast SEO plugin v27.3 - https:\/\/yoast.com\/product\/yoast-seo-wordpress\/ -->\n<title>Chr\u00e1ni\u010de sluchu Hundt OPTIME I - Wilhelm Hundt GmbH<\/title>\n<meta name=\"robots\" content=\"index, follow, max-snippet:-1, max-image-preview:large, max-video-preview:-1\" \/>\n<link rel=\"canonical\" href=\"https:\/\/hundtgroup.com\/sk\/produkt\/chranice-sluchu-hundt-optime-i\/\" \/>\n<meta property=\"og:locale\" content=\"sk_SK\" \/>\n<meta property=\"og:type\" content=\"article\" \/>\n<meta property=\"og:title\" content=\"Chr\u00e1ni\u010de sluchu Hundt OPTIME I - Wilhelm Hundt GmbH\" \/>\n<meta property=\"og:description\" content=\"Mimoriadne \u013eahk\u00e9 chr\u00e1ni\u010de sluchu, dokonal\u00e1 v\u0161estrann\u00e1 ochrana pre mnoh\u00e9 oblasti pou\u017eitia, pru\u017einov\u00fd oce\u013eov\u00fd r\u00e1m z nehrdzavej\u00facej ocele, ve\u013emi \u0161t\u00edhly profil pon\u00faka dokonal\u00e9 mo\u017enosti kombin\u00e1cie s in\u00fdmi ochrann\u00fdmi pom\u00f4ckami, vysok\u00fd komfort nosenia\" \/>\n<meta property=\"og:url\" content=\"https:\/\/hundtgroup.com\/sk\/produkt\/chranice-sluchu-hundt-optime-i\/\" \/>\n<meta property=\"og:site_name\" content=\"Wilhelm Hundt GmbH\" \/>\n<meta property=\"article:modified_time\" content=\"2025-08-05T16:08:12+00:00\" \/>\n<meta property=\"og:image\" content=\"https:\/\/hundtgroup.com\/wp-content\/uploads\/290127.jpg\" \/>\n\t<meta property=\"og:image:width\" content=\"300\" \/>\n\t<meta property=\"og:image:height\" content=\"197\" \/>\n\t<meta property=\"og:image:type\" content=\"image\/jpeg\" \/>\n<meta name=\"twitter:card\" content=\"summary_large_image\" \/>\n<script type=\"application\/ld+json\" class=\"yoast-schema-graph\">{\"@context\":\"https:\\\/\\\/schema.org\",\"@graph\":[{\"@type\":\"WebPage\",\"@id\":\"https:\\\/\\\/hundtgroup.com\\\/sk\\\/produkt\\\/chranice-sluchu-hundt-optime-i\\\/\",\"url\":\"https:\\\/\\\/hundtgroup.com\\\/sk\\\/produkt\\\/chranice-sluchu-hundt-optime-i\\\/\",\"name\":\"Chr\u00e1ni\u010de sluchu Hundt OPTIME I - Wilhelm Hundt GmbH\",\"isPartOf\":{\"@id\":\"https:\\\/\\\/hundtgroup.com\\\/sk\\\/#website\"},\"primaryImageOfPage\":{\"@id\":\"https:\\\/\\\/hundtgroup.com\\\/sk\\\/produkt\\\/chranice-sluchu-hundt-optime-i\\\/#primaryimage\"},\"image\":{\"@id\":\"https:\\\/\\\/hundtgroup.com\\\/sk\\\/produkt\\\/chranice-sluchu-hundt-optime-i\\\/#primaryimage\"},\"thumbnailUrl\":\"https:\\\/\\\/hundtgroup.com\\\/wp-content\\\/uploads\\\/290127.jpg\",\"datePublished\":\"2025-06-18T16:32:02+00:00\",\"dateModified\":\"2025-08-05T16:08:12+00:00\",\"breadcrumb\":{\"@id\":\"https:\\\/\\\/hundtgroup.com\\\/sk\\\/produkt\\\/chranice-sluchu-hundt-optime-i\\\/#breadcrumb\"},\"inLanguage\":\"sk-SK\",\"potentialAction\":[{\"@type\":\"ReadAction\",\"target\":[\"https:\\\/\\\/hundtgroup.com\\\/sk\\\/produkt\\\/chranice-sluchu-hundt-optime-i\\\/\"]}]},{\"@type\":\"ImageObject\",\"inLanguage\":\"sk-SK\",\"@id\":\"https:\\\/\\\/hundtgroup.com\\\/sk\\\/produkt\\\/chranice-sluchu-hundt-optime-i\\\/#primaryimage\",\"url\":\"https:\\\/\\\/hundtgroup.com\\\/wp-content\\\/uploads\\\/290127.jpg\",\"contentUrl\":\"https:\\\/\\\/hundtgroup.com\\\/wp-content\\\/uploads\\\/290127.jpg\",\"width\":300,\"height\":197},{\"@type\":\"BreadcrumbList\",\"@id\":\"https:\\\/\\\/hundtgroup.com\\\/sk\\\/produkt\\\/chranice-sluchu-hundt-optime-i\\\/#breadcrumb\",\"itemListElement\":[{\"@type\":\"ListItem\",\"position\":1,\"name\":\"Startseite\",\"item\":\"https:\\\/\\\/hundtgroup.com\\\/sk\\\/domov-nove\\\/\"},{\"@type\":\"ListItem\",\"position\":2,\"name\":\"Obchod\",\"item\":\"https:\\\/\\\/hundtgroup.com\\\/obchod\\\/\"},{\"@type\":\"ListItem\",\"position\":3,\"name\":\"Chr\u00e1ni\u010de sluchu Hundt OPTIME I\"}]},{\"@type\":\"WebSite\",\"@id\":\"https:\\\/\\\/hundtgroup.com\\\/sk\\\/#website\",\"url\":\"https:\\\/\\\/hundtgroup.com\\\/sk\\\/\",\"name\":\"Wilhelm Hundt GmbH\",\"description\":\"V\u00e1\u0161 \u0161pecialista na stroje a n\u00e1stroje na spracovanie plechu\",\"potentialAction\":[{\"@type\":\"SearchAction\",\"target\":{\"@type\":\"EntryPoint\",\"urlTemplate\":\"https:\\\/\\\/hundtgroup.com\\\/sk\\\/?s={search_term_string}\"},\"query-input\":{\"@type\":\"PropertyValueSpecification\",\"valueRequired\":true,\"valueName\":\"search_term_string\"}}],\"inLanguage\":\"sk-SK\"}]}<\/script>\n<!-- \/ Yoast SEO plugin. -->","yoast_head_json":{"title":"Chr\u00e1ni\u010de sluchu Hundt OPTIME I - Wilhelm Hundt GmbH","robots":{"index":"index","follow":"follow","max-snippet":"max-snippet:-1","max-image-preview":"max-image-preview:large","max-video-preview":"max-video-preview:-1"},"canonical":"https:\/\/hundtgroup.com\/sk\/produkt\/chranice-sluchu-hundt-optime-i\/","og_locale":"sk_SK","og_type":"article","og_title":"Chr\u00e1ni\u010de sluchu Hundt OPTIME I - Wilhelm Hundt GmbH","og_description":"Mimoriadne \u013eahk\u00e9 chr\u00e1ni\u010de sluchu, dokonal\u00e1 v\u0161estrann\u00e1 ochrana pre mnoh\u00e9 oblasti pou\u017eitia, pru\u017einov\u00fd oce\u013eov\u00fd r\u00e1m z nehrdzavej\u00facej ocele, ve\u013emi \u0161t\u00edhly profil pon\u00faka dokonal\u00e9 mo\u017enosti kombin\u00e1cie s in\u00fdmi ochrann\u00fdmi pom\u00f4ckami, vysok\u00fd komfort nosenia","og_url":"https:\/\/hundtgroup.com\/sk\/produkt\/chranice-sluchu-hundt-optime-i\/","og_site_name":"Wilhelm Hundt GmbH","article_modified_time":"2025-08-05T16:08:12+00:00","og_image":[{"width":300,"height":197,"url":"https:\/\/hundtgroup.com\/wp-content\/uploads\/290127.jpg","type":"image\/jpeg"}],"twitter_card":"summary_large_image","schema":{"@context":"https:\/\/schema.org","@graph":[{"@type":"WebPage","@id":"https:\/\/hundtgroup.com\/sk\/produkt\/chranice-sluchu-hundt-optime-i\/","url":"https:\/\/hundtgroup.com\/sk\/produkt\/chranice-sluchu-hundt-optime-i\/","name":"Chr\u00e1ni\u010de sluchu Hundt OPTIME I - Wilhelm Hundt GmbH","isPartOf":{"@id":"https:\/\/hundtgroup.com\/sk\/#website"},"primaryImageOfPage":{"@id":"https:\/\/hundtgroup.com\/sk\/produkt\/chranice-sluchu-hundt-optime-i\/#primaryimage"},"image":{"@id":"https:\/\/hundtgroup.com\/sk\/produkt\/chranice-sluchu-hundt-optime-i\/#primaryimage"},"thumbnailUrl":"https:\/\/hundtgroup.com\/wp-content\/uploads\/290127.jpg","datePublished":"2025-06-18T16:32:02+00:00","dateModified":"2025-08-05T16:08:12+00:00","breadcrumb":{"@id":"https:\/\/hundtgroup.com\/sk\/produkt\/chranice-sluchu-hundt-optime-i\/#breadcrumb"},"inLanguage":"sk-SK","potentialAction":[{"@type":"ReadAction","target":["https:\/\/hundtgroup.com\/sk\/produkt\/chranice-sluchu-hundt-optime-i\/"]}]},{"@type":"ImageObject","inLanguage":"sk-SK","@id":"https:\/\/hundtgroup.com\/sk\/produkt\/chranice-sluchu-hundt-optime-i\/#primaryimage","url":"https:\/\/hundtgroup.com\/wp-content\/uploads\/290127.jpg","contentUrl":"https:\/\/hundtgroup.com\/wp-content\/uploads\/290127.jpg","width":300,"height":197},{"@type":"BreadcrumbList","@id":"https:\/\/hundtgroup.com\/sk\/produkt\/chranice-sluchu-hundt-optime-i\/#breadcrumb","itemListElement":[{"@type":"ListItem","position":1,"name":"Startseite","item":"https:\/\/hundtgroup.com\/sk\/domov-nove\/"},{"@type":"ListItem","position":2,"name":"Obchod","item":"https:\/\/hundtgroup.com\/obchod\/"},{"@type":"ListItem","position":3,"name":"Chr\u00e1ni\u010de sluchu Hundt OPTIME I"}]},{"@type":"WebSite","@id":"https:\/\/hundtgroup.com\/sk\/#website","url":"https:\/\/hundtgroup.com\/sk\/","name":"Wilhelm Hundt GmbH","description":"V\u00e1\u0161 \u0161pecialista na stroje a n\u00e1stroje na spracovanie plechu","potentialAction":[{"@type":"SearchAction","target":{"@type":"EntryPoint","urlTemplate":"https:\/\/hundtgroup.com\/sk\/?s={search_term_string}"},"query-input":{"@type":"PropertyValueSpecification","valueRequired":true,"valueName":"search_term_string"}}],"inLanguage":"sk-SK"}]}},"_links":{"self":[{"href":"https:\/\/hundtgroup.com\/sk\/wp-json\/wp\/v2\/product\/21717","targetHints":{"allow":["GET"]}}],"collection":[{"href":"https:\/\/hundtgroup.com\/sk\/wp-json\/wp\/v2\/product"}],"about":[{"href":"https:\/\/hundtgroup.com\/sk\/wp-json\/wp\/v2\/types\/product"}],"wp:featuredmedia":[{"embeddable":true,"href":"https:\/\/hundtgroup.com\/sk\/wp-json\/wp\/v2\/media\/21720"}],"wp:attachment":[{"href":"https:\/\/hundtgroup.com\/sk\/wp-json\/wp\/v2\/media?parent=21717"}],"wp:term":[{"taxonomy":"product_cat","embeddable":true,"href":"https:\/\/hundtgroup.com\/sk\/wp-json\/wp\/v2\/product_cat?post=21717"},{"taxonomy":"product_tag","embeddable":true,"href":"https:\/\/hundtgroup.com\/sk\/wp-json\/wp\/v2\/product_tag?post=21717"}],"curies":[{"name":"wp","href":"https:\/\/api.w.org\/{rel}","templated":true}]}}