{"id":22605,"date":"2025-06-18T18:31:30","date_gmt":"2025-06-18T16:31:30","guid":{"rendered":"https:\/\/hundtgroup.com\/produkt\/akumulatorova-uhlova-vrtacka-bosch-gwb-12-v-10\/"},"modified":"2025-07-28T16:35:12","modified_gmt":"2025-07-28T14:35:12","slug":"akumulatorova-uhlova-vrtacka-bosch-gwb-12-v-10","status":"publish","type":"product","link":"https:\/\/hundtgroup.com\/sk\/produkt\/akumulatorova-uhlova-vrtacka-bosch-gwb-12-v-10\/","title":{"rendered":"Akumul\u00e1torov\u00e1 uhlov\u00e1 v\u0155ta\u010dka Bosch GWB 12 V-10"},"content":{"rendered":"<p>Ide\u00e1lna na v\u0155tanie a skrutkovanie v stiesnen\u00fdch pracovn\u00fdch priestoroch, k\u013abov\u00e1 hlava nastavite\u013en\u00e1 v uhle 90\u00b0 v<br \/>\n5 poloh\u00e1ch, jasn\u00e9 LED svetlo na optim\u00e1lne osvetlenie pracovn\u00e9ho priestoru, r\u00fdchloup\u00ednacie sk\u013eu\u010dovadlo s automatick\u00fdm z\u00e1mkom na r\u00fdchlu v\u00fdmenu n\u00e1strojov, elektronick\u00fd sp\u00edna\u010d<br \/>\nna plynul\u00fa regul\u00e1ciu ot\u00e1\u010dok<\/p>\n","protected":false},"excerpt":{"rendered":"<p>Ide\u00e1lna na v\u0155tanie a skrutkovanie v stiesnen\u00fdch pracovn\u00fdch priestoroch, k\u013abov\u00e1 hlava nastavite\u013en\u00e1 v uhle 90\u00b0 v 5 poloh\u00e1ch, jasn\u00e9 LED svetlo na optim\u00e1lne osvetlenie pracovn\u00e9ho priestoru, r\u00fdchloup\u00ednacie sk\u013eu\u010dovadlo s automatick\u00fdm z\u00e1mkom na r\u00fdchlu v\u00fdmenu n\u00e1strojov, elektronick\u00fd sp\u00edna\u010d na plynul\u00fa regul\u00e1ciu ot\u00e1\u010dok<\/p>\n","protected":false},"featured_media":22606,"template":"","meta":{"_acf_changed":false,"inline_featured_image":false},"product_cat":[644,2247],"product_tag":[],"class_list":{"0":"post-22605","1":"product","2":"type-product","3":"status-publish","4":"has-post-thumbnail","6":"brand-bosch","7":"product_cat-nastroje-na-baterie","8":"product_cat-vrtacka","10":"first","11":"instock","12":"taxable","13":"shipping-taxable","14":"purchasable","15":"product-type-simple","16":"add-to-wishlist-before_image"},"acf":[],"yoast_head":"<!-- This site is optimized with the Yoast SEO plugin v27.3 - https:\/\/yoast.com\/product\/yoast-seo-wordpress\/ -->\n<title>Akumul\u00e1torov\u00e1 uhlov\u00e1 v\u0155ta\u010dka Bosch GWB 12 V-10 - Wilhelm Hundt GmbH<\/title>\n<meta name=\"robots\" content=\"index, follow, max-snippet:-1, max-image-preview:large, max-video-preview:-1\" \/>\n<link rel=\"canonical\" href=\"https:\/\/hundtgroup.com\/sk\/produkt\/akumulatorova-uhlova-vrtacka-bosch-gwb-12-v-10\/\" \/>\n<meta property=\"og:locale\" content=\"sk_SK\" \/>\n<meta property=\"og:type\" content=\"article\" \/>\n<meta property=\"og:title\" content=\"Akumul\u00e1torov\u00e1 uhlov\u00e1 v\u0155ta\u010dka Bosch GWB 12 V-10 - Wilhelm Hundt GmbH\" \/>\n<meta property=\"og:description\" content=\"Ide\u00e1lna na v\u0155tanie a skrutkovanie v stiesnen\u00fdch pracovn\u00fdch priestoroch, k\u013abov\u00e1 hlava nastavite\u013en\u00e1 v uhle 90\u00b0 v 5 poloh\u00e1ch, jasn\u00e9 LED svetlo na optim\u00e1lne osvetlenie pracovn\u00e9ho priestoru, r\u00fdchloup\u00ednacie sk\u013eu\u010dovadlo s automatick\u00fdm z\u00e1mkom na r\u00fdchlu v\u00fdmenu n\u00e1strojov, elektronick\u00fd sp\u00edna\u010d na plynul\u00fa regul\u00e1ciu ot\u00e1\u010dok\" \/>\n<meta property=\"og:url\" content=\"https:\/\/hundtgroup.com\/sk\/produkt\/akumulatorova-uhlova-vrtacka-bosch-gwb-12-v-10\/\" \/>\n<meta property=\"og:site_name\" content=\"Wilhelm Hundt GmbH\" \/>\n<meta property=\"article:modified_time\" content=\"2025-07-28T14:35:12+00:00\" \/>\n<meta property=\"og:image\" content=\"https:\/\/hundtgroup.com\/wp-content\/uploads\/340016.jpg\" \/>\n\t<meta property=\"og:image:width\" content=\"520\" \/>\n\t<meta property=\"og:image:height\" content=\"520\" \/>\n\t<meta property=\"og:image:type\" content=\"image\/jpeg\" \/>\n<meta name=\"twitter:card\" content=\"summary_large_image\" \/>\n<script type=\"application\/ld+json\" class=\"yoast-schema-graph\">{\"@context\":\"https:\\\/\\\/schema.org\",\"@graph\":[{\"@type\":\"WebPage\",\"@id\":\"https:\\\/\\\/hundtgroup.com\\\/sk\\\/produkt\\\/akumulatorova-uhlova-vrtacka-bosch-gwb-12-v-10\\\/\",\"url\":\"https:\\\/\\\/hundtgroup.com\\\/sk\\\/produkt\\\/akumulatorova-uhlova-vrtacka-bosch-gwb-12-v-10\\\/\",\"name\":\"Akumul\u00e1torov\u00e1 uhlov\u00e1 v\u0155ta\u010dka Bosch GWB 12 V-10 - Wilhelm Hundt GmbH\",\"isPartOf\":{\"@id\":\"https:\\\/\\\/hundtgroup.com\\\/sk\\\/#website\"},\"primaryImageOfPage\":{\"@id\":\"https:\\\/\\\/hundtgroup.com\\\/sk\\\/produkt\\\/akumulatorova-uhlova-vrtacka-bosch-gwb-12-v-10\\\/#primaryimage\"},\"image\":{\"@id\":\"https:\\\/\\\/hundtgroup.com\\\/sk\\\/produkt\\\/akumulatorova-uhlova-vrtacka-bosch-gwb-12-v-10\\\/#primaryimage\"},\"thumbnailUrl\":\"https:\\\/\\\/hundtgroup.com\\\/wp-content\\\/uploads\\\/340016.jpg\",\"datePublished\":\"2025-06-18T16:31:30+00:00\",\"dateModified\":\"2025-07-28T14:35:12+00:00\",\"breadcrumb\":{\"@id\":\"https:\\\/\\\/hundtgroup.com\\\/sk\\\/produkt\\\/akumulatorova-uhlova-vrtacka-bosch-gwb-12-v-10\\\/#breadcrumb\"},\"inLanguage\":\"sk-SK\",\"potentialAction\":[{\"@type\":\"ReadAction\",\"target\":[\"https:\\\/\\\/hundtgroup.com\\\/sk\\\/produkt\\\/akumulatorova-uhlova-vrtacka-bosch-gwb-12-v-10\\\/\"]}]},{\"@type\":\"ImageObject\",\"inLanguage\":\"sk-SK\",\"@id\":\"https:\\\/\\\/hundtgroup.com\\\/sk\\\/produkt\\\/akumulatorova-uhlova-vrtacka-bosch-gwb-12-v-10\\\/#primaryimage\",\"url\":\"https:\\\/\\\/hundtgroup.com\\\/wp-content\\\/uploads\\\/340016.jpg\",\"contentUrl\":\"https:\\\/\\\/hundtgroup.com\\\/wp-content\\\/uploads\\\/340016.jpg\",\"width\":520,\"height\":520},{\"@type\":\"BreadcrumbList\",\"@id\":\"https:\\\/\\\/hundtgroup.com\\\/sk\\\/produkt\\\/akumulatorova-uhlova-vrtacka-bosch-gwb-12-v-10\\\/#breadcrumb\",\"itemListElement\":[{\"@type\":\"ListItem\",\"position\":1,\"name\":\"Startseite\",\"item\":\"https:\\\/\\\/hundtgroup.com\\\/sk\\\/domov-nove\\\/\"},{\"@type\":\"ListItem\",\"position\":2,\"name\":\"Obchod\",\"item\":\"https:\\\/\\\/hundtgroup.com\\\/obchod\\\/\"},{\"@type\":\"ListItem\",\"position\":3,\"name\":\"Akumul\u00e1torov\u00e1 uhlov\u00e1 v\u0155ta\u010dka Bosch GWB 12 V-10\"}]},{\"@type\":\"WebSite\",\"@id\":\"https:\\\/\\\/hundtgroup.com\\\/sk\\\/#website\",\"url\":\"https:\\\/\\\/hundtgroup.com\\\/sk\\\/\",\"name\":\"Wilhelm Hundt GmbH\",\"description\":\"V\u00e1\u0161 \u0161pecialista na stroje a n\u00e1stroje na spracovanie plechu\",\"potentialAction\":[{\"@type\":\"SearchAction\",\"target\":{\"@type\":\"EntryPoint\",\"urlTemplate\":\"https:\\\/\\\/hundtgroup.com\\\/sk\\\/?s={search_term_string}\"},\"query-input\":{\"@type\":\"PropertyValueSpecification\",\"valueRequired\":true,\"valueName\":\"search_term_string\"}}],\"inLanguage\":\"sk-SK\"}]}<\/script>\n<!-- \/ Yoast SEO plugin. -->","yoast_head_json":{"title":"Akumul\u00e1torov\u00e1 uhlov\u00e1 v\u0155ta\u010dka Bosch GWB 12 V-10 - Wilhelm Hundt GmbH","robots":{"index":"index","follow":"follow","max-snippet":"max-snippet:-1","max-image-preview":"max-image-preview:large","max-video-preview":"max-video-preview:-1"},"canonical":"https:\/\/hundtgroup.com\/sk\/produkt\/akumulatorova-uhlova-vrtacka-bosch-gwb-12-v-10\/","og_locale":"sk_SK","og_type":"article","og_title":"Akumul\u00e1torov\u00e1 uhlov\u00e1 v\u0155ta\u010dka Bosch GWB 12 V-10 - Wilhelm Hundt GmbH","og_description":"Ide\u00e1lna na v\u0155tanie a skrutkovanie v stiesnen\u00fdch pracovn\u00fdch priestoroch, k\u013abov\u00e1 hlava nastavite\u013en\u00e1 v uhle 90\u00b0 v 5 poloh\u00e1ch, jasn\u00e9 LED svetlo na optim\u00e1lne osvetlenie pracovn\u00e9ho priestoru, r\u00fdchloup\u00ednacie sk\u013eu\u010dovadlo s automatick\u00fdm z\u00e1mkom na r\u00fdchlu v\u00fdmenu n\u00e1strojov, elektronick\u00fd sp\u00edna\u010d na plynul\u00fa regul\u00e1ciu ot\u00e1\u010dok","og_url":"https:\/\/hundtgroup.com\/sk\/produkt\/akumulatorova-uhlova-vrtacka-bosch-gwb-12-v-10\/","og_site_name":"Wilhelm Hundt GmbH","article_modified_time":"2025-07-28T14:35:12+00:00","og_image":[{"width":520,"height":520,"url":"https:\/\/hundtgroup.com\/wp-content\/uploads\/340016.jpg","type":"image\/jpeg"}],"twitter_card":"summary_large_image","schema":{"@context":"https:\/\/schema.org","@graph":[{"@type":"WebPage","@id":"https:\/\/hundtgroup.com\/sk\/produkt\/akumulatorova-uhlova-vrtacka-bosch-gwb-12-v-10\/","url":"https:\/\/hundtgroup.com\/sk\/produkt\/akumulatorova-uhlova-vrtacka-bosch-gwb-12-v-10\/","name":"Akumul\u00e1torov\u00e1 uhlov\u00e1 v\u0155ta\u010dka Bosch GWB 12 V-10 - Wilhelm Hundt GmbH","isPartOf":{"@id":"https:\/\/hundtgroup.com\/sk\/#website"},"primaryImageOfPage":{"@id":"https:\/\/hundtgroup.com\/sk\/produkt\/akumulatorova-uhlova-vrtacka-bosch-gwb-12-v-10\/#primaryimage"},"image":{"@id":"https:\/\/hundtgroup.com\/sk\/produkt\/akumulatorova-uhlova-vrtacka-bosch-gwb-12-v-10\/#primaryimage"},"thumbnailUrl":"https:\/\/hundtgroup.com\/wp-content\/uploads\/340016.jpg","datePublished":"2025-06-18T16:31:30+00:00","dateModified":"2025-07-28T14:35:12+00:00","breadcrumb":{"@id":"https:\/\/hundtgroup.com\/sk\/produkt\/akumulatorova-uhlova-vrtacka-bosch-gwb-12-v-10\/#breadcrumb"},"inLanguage":"sk-SK","potentialAction":[{"@type":"ReadAction","target":["https:\/\/hundtgroup.com\/sk\/produkt\/akumulatorova-uhlova-vrtacka-bosch-gwb-12-v-10\/"]}]},{"@type":"ImageObject","inLanguage":"sk-SK","@id":"https:\/\/hundtgroup.com\/sk\/produkt\/akumulatorova-uhlova-vrtacka-bosch-gwb-12-v-10\/#primaryimage","url":"https:\/\/hundtgroup.com\/wp-content\/uploads\/340016.jpg","contentUrl":"https:\/\/hundtgroup.com\/wp-content\/uploads\/340016.jpg","width":520,"height":520},{"@type":"BreadcrumbList","@id":"https:\/\/hundtgroup.com\/sk\/produkt\/akumulatorova-uhlova-vrtacka-bosch-gwb-12-v-10\/#breadcrumb","itemListElement":[{"@type":"ListItem","position":1,"name":"Startseite","item":"https:\/\/hundtgroup.com\/sk\/domov-nove\/"},{"@type":"ListItem","position":2,"name":"Obchod","item":"https:\/\/hundtgroup.com\/obchod\/"},{"@type":"ListItem","position":3,"name":"Akumul\u00e1torov\u00e1 uhlov\u00e1 v\u0155ta\u010dka Bosch GWB 12 V-10"}]},{"@type":"WebSite","@id":"https:\/\/hundtgroup.com\/sk\/#website","url":"https:\/\/hundtgroup.com\/sk\/","name":"Wilhelm Hundt GmbH","description":"V\u00e1\u0161 \u0161pecialista na stroje a n\u00e1stroje na spracovanie plechu","potentialAction":[{"@type":"SearchAction","target":{"@type":"EntryPoint","urlTemplate":"https:\/\/hundtgroup.com\/sk\/?s={search_term_string}"},"query-input":{"@type":"PropertyValueSpecification","valueRequired":true,"valueName":"search_term_string"}}],"inLanguage":"sk-SK"}]}},"_links":{"self":[{"href":"https:\/\/hundtgroup.com\/sk\/wp-json\/wp\/v2\/product\/22605","targetHints":{"allow":["GET"]}}],"collection":[{"href":"https:\/\/hundtgroup.com\/sk\/wp-json\/wp\/v2\/product"}],"about":[{"href":"https:\/\/hundtgroup.com\/sk\/wp-json\/wp\/v2\/types\/product"}],"wp:featuredmedia":[{"embeddable":true,"href":"https:\/\/hundtgroup.com\/sk\/wp-json\/wp\/v2\/media\/22606"}],"wp:attachment":[{"href":"https:\/\/hundtgroup.com\/sk\/wp-json\/wp\/v2\/media?parent=22605"}],"wp:term":[{"taxonomy":"product_cat","embeddable":true,"href":"https:\/\/hundtgroup.com\/sk\/wp-json\/wp\/v2\/product_cat?post=22605"},{"taxonomy":"product_tag","embeddable":true,"href":"https:\/\/hundtgroup.com\/sk\/wp-json\/wp\/v2\/product_tag?post=22605"}],"curies":[{"name":"wp","href":"https:\/\/api.w.org\/{rel}","templated":true}]}}