{"id":22691,"date":"2025-06-18T18:31:33","date_gmt":"2025-06-18T16:31:33","guid":{"rendered":"https:\/\/hundtgroup.com\/produkt\/bosch-gsc-75-16-noznice-na-plech\/"},"modified":"2025-08-01T12:03:10","modified_gmt":"2025-08-01T10:03:10","slug":"bosch-gsc-75-16-noznice-na-plech","status":"publish","type":"product","link":"https:\/\/hundtgroup.com\/sk\/produkt\/bosch-gsc-75-16-noznice-na-plech\/","title":{"rendered":"Bosch GSC 75-16 No\u017enice na plech"},"content":{"rendered":"<p>Optim\u00e1lne vedenie pr\u00edstroja v\u010faka \u00fazkemu obvodu rukov\u00e4te, vysok\u00e1 r\u00fdchlos\u0165 rezania s malou n\u00e1mahou, vynikaj\u00faca schopnos\u0165 zat\u00e1\u010dania, optim\u00e1lny v\u00fdh\u013ead na l\u00edniu rezu, \u013eahko vymenite\u013en\u00e9 4-strann\u00e9 obojstrann\u00e9 no\u017ee<\/p>\n","protected":false},"excerpt":{"rendered":"<p>Optim\u00e1lne vedenie pr\u00edstroja v\u010faka \u00fazkemu obvodu rukov\u00e4te, vysok\u00e1 r\u00fdchlos\u0165 rezania s malou n\u00e1mahou, vynikaj\u00faca schopnos\u0165 zat\u00e1\u010dania, optim\u00e1lny v\u00fdh\u013ead na l\u00edniu rezu, \u013eahko vymenite\u013en\u00e9 4-strann\u00e9 obojstrann\u00e9 no\u017ee<\/p>\n","protected":false},"featured_media":22695,"template":"","meta":{"_acf_changed":false,"inline_featured_image":false},"product_cat":[656,2328],"product_tag":[],"class_list":{"0":"post-22691","1":"product","2":"type-product","3":"status-publish","4":"has-post-thumbnail","6":"brand-bosch","7":"product_cat-elektricke-naradie","8":"product_cat-noznice-sk","10":"first","11":"instock","12":"taxable","13":"shipping-taxable","14":"purchasable","15":"product-type-simple","16":"add-to-wishlist-before_image"},"acf":[],"yoast_head":"<!-- This site is optimized with the Yoast SEO plugin v27.3 - https:\/\/yoast.com\/product\/yoast-seo-wordpress\/ -->\n<title>Bosch GSC 75-16 No\u017enice na plech - Wilhelm Hundt GmbH<\/title>\n<meta name=\"robots\" content=\"index, follow, max-snippet:-1, max-image-preview:large, max-video-preview:-1\" \/>\n<link rel=\"canonical\" href=\"https:\/\/hundtgroup.com\/sk\/produkt\/bosch-gsc-75-16-noznice-na-plech\/\" \/>\n<meta property=\"og:locale\" content=\"sk_SK\" \/>\n<meta property=\"og:type\" content=\"article\" \/>\n<meta property=\"og:title\" content=\"Bosch GSC 75-16 No\u017enice na plech - Wilhelm Hundt GmbH\" \/>\n<meta property=\"og:description\" content=\"Optim\u00e1lne vedenie pr\u00edstroja v\u010faka \u00fazkemu obvodu rukov\u00e4te, vysok\u00e1 r\u00fdchlos\u0165 rezania s malou n\u00e1mahou, vynikaj\u00faca schopnos\u0165 zat\u00e1\u010dania, optim\u00e1lny v\u00fdh\u013ead na l\u00edniu rezu, \u013eahko vymenite\u013en\u00e9 4-strann\u00e9 obojstrann\u00e9 no\u017ee\" \/>\n<meta property=\"og:url\" content=\"https:\/\/hundtgroup.com\/sk\/produkt\/bosch-gsc-75-16-noznice-na-plech\/\" \/>\n<meta property=\"og:site_name\" content=\"Wilhelm Hundt GmbH\" \/>\n<meta property=\"article:modified_time\" content=\"2025-08-01T10:03:10+00:00\" \/>\n<meta property=\"og:image\" content=\"https:\/\/hundtgroup.com\/wp-content\/uploads\/340188.jpg\" \/>\n\t<meta property=\"og:image:width\" content=\"400\" \/>\n\t<meta property=\"og:image:height\" content=\"254\" \/>\n\t<meta property=\"og:image:type\" content=\"image\/jpeg\" \/>\n<meta name=\"twitter:card\" content=\"summary_large_image\" \/>\n<script type=\"application\/ld+json\" class=\"yoast-schema-graph\">{\"@context\":\"https:\\\/\\\/schema.org\",\"@graph\":[{\"@type\":\"WebPage\",\"@id\":\"https:\\\/\\\/hundtgroup.com\\\/sk\\\/produkt\\\/bosch-gsc-75-16-noznice-na-plech\\\/\",\"url\":\"https:\\\/\\\/hundtgroup.com\\\/sk\\\/produkt\\\/bosch-gsc-75-16-noznice-na-plech\\\/\",\"name\":\"Bosch GSC 75-16 No\u017enice na plech - Wilhelm Hundt GmbH\",\"isPartOf\":{\"@id\":\"https:\\\/\\\/hundtgroup.com\\\/sk\\\/#website\"},\"primaryImageOfPage\":{\"@id\":\"https:\\\/\\\/hundtgroup.com\\\/sk\\\/produkt\\\/bosch-gsc-75-16-noznice-na-plech\\\/#primaryimage\"},\"image\":{\"@id\":\"https:\\\/\\\/hundtgroup.com\\\/sk\\\/produkt\\\/bosch-gsc-75-16-noznice-na-plech\\\/#primaryimage\"},\"thumbnailUrl\":\"https:\\\/\\\/hundtgroup.com\\\/wp-content\\\/uploads\\\/340188.jpg\",\"datePublished\":\"2025-06-18T16:31:33+00:00\",\"dateModified\":\"2025-08-01T10:03:10+00:00\",\"breadcrumb\":{\"@id\":\"https:\\\/\\\/hundtgroup.com\\\/sk\\\/produkt\\\/bosch-gsc-75-16-noznice-na-plech\\\/#breadcrumb\"},\"inLanguage\":\"sk-SK\",\"potentialAction\":[{\"@type\":\"ReadAction\",\"target\":[\"https:\\\/\\\/hundtgroup.com\\\/sk\\\/produkt\\\/bosch-gsc-75-16-noznice-na-plech\\\/\"]}]},{\"@type\":\"ImageObject\",\"inLanguage\":\"sk-SK\",\"@id\":\"https:\\\/\\\/hundtgroup.com\\\/sk\\\/produkt\\\/bosch-gsc-75-16-noznice-na-plech\\\/#primaryimage\",\"url\":\"https:\\\/\\\/hundtgroup.com\\\/wp-content\\\/uploads\\\/340188.jpg\",\"contentUrl\":\"https:\\\/\\\/hundtgroup.com\\\/wp-content\\\/uploads\\\/340188.jpg\",\"width\":400,\"height\":254},{\"@type\":\"BreadcrumbList\",\"@id\":\"https:\\\/\\\/hundtgroup.com\\\/sk\\\/produkt\\\/bosch-gsc-75-16-noznice-na-plech\\\/#breadcrumb\",\"itemListElement\":[{\"@type\":\"ListItem\",\"position\":1,\"name\":\"Startseite\",\"item\":\"https:\\\/\\\/hundtgroup.com\\\/sk\\\/domov-nove\\\/\"},{\"@type\":\"ListItem\",\"position\":2,\"name\":\"Obchod\",\"item\":\"https:\\\/\\\/hundtgroup.com\\\/obchod\\\/\"},{\"@type\":\"ListItem\",\"position\":3,\"name\":\"Bosch GSC 75-16 No\u017enice na plech\"}]},{\"@type\":\"WebSite\",\"@id\":\"https:\\\/\\\/hundtgroup.com\\\/sk\\\/#website\",\"url\":\"https:\\\/\\\/hundtgroup.com\\\/sk\\\/\",\"name\":\"Wilhelm Hundt GmbH\",\"description\":\"V\u00e1\u0161 \u0161pecialista na stroje a n\u00e1stroje na spracovanie plechu\",\"potentialAction\":[{\"@type\":\"SearchAction\",\"target\":{\"@type\":\"EntryPoint\",\"urlTemplate\":\"https:\\\/\\\/hundtgroup.com\\\/sk\\\/?s={search_term_string}\"},\"query-input\":{\"@type\":\"PropertyValueSpecification\",\"valueRequired\":true,\"valueName\":\"search_term_string\"}}],\"inLanguage\":\"sk-SK\"}]}<\/script>\n<!-- \/ Yoast SEO plugin. -->","yoast_head_json":{"title":"Bosch GSC 75-16 No\u017enice na plech - Wilhelm Hundt GmbH","robots":{"index":"index","follow":"follow","max-snippet":"max-snippet:-1","max-image-preview":"max-image-preview:large","max-video-preview":"max-video-preview:-1"},"canonical":"https:\/\/hundtgroup.com\/sk\/produkt\/bosch-gsc-75-16-noznice-na-plech\/","og_locale":"sk_SK","og_type":"article","og_title":"Bosch GSC 75-16 No\u017enice na plech - Wilhelm Hundt GmbH","og_description":"Optim\u00e1lne vedenie pr\u00edstroja v\u010faka \u00fazkemu obvodu rukov\u00e4te, vysok\u00e1 r\u00fdchlos\u0165 rezania s malou n\u00e1mahou, vynikaj\u00faca schopnos\u0165 zat\u00e1\u010dania, optim\u00e1lny v\u00fdh\u013ead na l\u00edniu rezu, \u013eahko vymenite\u013en\u00e9 4-strann\u00e9 obojstrann\u00e9 no\u017ee","og_url":"https:\/\/hundtgroup.com\/sk\/produkt\/bosch-gsc-75-16-noznice-na-plech\/","og_site_name":"Wilhelm Hundt GmbH","article_modified_time":"2025-08-01T10:03:10+00:00","og_image":[{"width":400,"height":254,"url":"https:\/\/hundtgroup.com\/wp-content\/uploads\/340188.jpg","type":"image\/jpeg"}],"twitter_card":"summary_large_image","schema":{"@context":"https:\/\/schema.org","@graph":[{"@type":"WebPage","@id":"https:\/\/hundtgroup.com\/sk\/produkt\/bosch-gsc-75-16-noznice-na-plech\/","url":"https:\/\/hundtgroup.com\/sk\/produkt\/bosch-gsc-75-16-noznice-na-plech\/","name":"Bosch GSC 75-16 No\u017enice na plech - Wilhelm Hundt GmbH","isPartOf":{"@id":"https:\/\/hundtgroup.com\/sk\/#website"},"primaryImageOfPage":{"@id":"https:\/\/hundtgroup.com\/sk\/produkt\/bosch-gsc-75-16-noznice-na-plech\/#primaryimage"},"image":{"@id":"https:\/\/hundtgroup.com\/sk\/produkt\/bosch-gsc-75-16-noznice-na-plech\/#primaryimage"},"thumbnailUrl":"https:\/\/hundtgroup.com\/wp-content\/uploads\/340188.jpg","datePublished":"2025-06-18T16:31:33+00:00","dateModified":"2025-08-01T10:03:10+00:00","breadcrumb":{"@id":"https:\/\/hundtgroup.com\/sk\/produkt\/bosch-gsc-75-16-noznice-na-plech\/#breadcrumb"},"inLanguage":"sk-SK","potentialAction":[{"@type":"ReadAction","target":["https:\/\/hundtgroup.com\/sk\/produkt\/bosch-gsc-75-16-noznice-na-plech\/"]}]},{"@type":"ImageObject","inLanguage":"sk-SK","@id":"https:\/\/hundtgroup.com\/sk\/produkt\/bosch-gsc-75-16-noznice-na-plech\/#primaryimage","url":"https:\/\/hundtgroup.com\/wp-content\/uploads\/340188.jpg","contentUrl":"https:\/\/hundtgroup.com\/wp-content\/uploads\/340188.jpg","width":400,"height":254},{"@type":"BreadcrumbList","@id":"https:\/\/hundtgroup.com\/sk\/produkt\/bosch-gsc-75-16-noznice-na-plech\/#breadcrumb","itemListElement":[{"@type":"ListItem","position":1,"name":"Startseite","item":"https:\/\/hundtgroup.com\/sk\/domov-nove\/"},{"@type":"ListItem","position":2,"name":"Obchod","item":"https:\/\/hundtgroup.com\/obchod\/"},{"@type":"ListItem","position":3,"name":"Bosch GSC 75-16 No\u017enice na plech"}]},{"@type":"WebSite","@id":"https:\/\/hundtgroup.com\/sk\/#website","url":"https:\/\/hundtgroup.com\/sk\/","name":"Wilhelm Hundt GmbH","description":"V\u00e1\u0161 \u0161pecialista na stroje a n\u00e1stroje na spracovanie plechu","potentialAction":[{"@type":"SearchAction","target":{"@type":"EntryPoint","urlTemplate":"https:\/\/hundtgroup.com\/sk\/?s={search_term_string}"},"query-input":{"@type":"PropertyValueSpecification","valueRequired":true,"valueName":"search_term_string"}}],"inLanguage":"sk-SK"}]}},"_links":{"self":[{"href":"https:\/\/hundtgroup.com\/sk\/wp-json\/wp\/v2\/product\/22691","targetHints":{"allow":["GET"]}}],"collection":[{"href":"https:\/\/hundtgroup.com\/sk\/wp-json\/wp\/v2\/product"}],"about":[{"href":"https:\/\/hundtgroup.com\/sk\/wp-json\/wp\/v2\/types\/product"}],"wp:featuredmedia":[{"embeddable":true,"href":"https:\/\/hundtgroup.com\/sk\/wp-json\/wp\/v2\/media\/22695"}],"wp:attachment":[{"href":"https:\/\/hundtgroup.com\/sk\/wp-json\/wp\/v2\/media?parent=22691"}],"wp:term":[{"taxonomy":"product_cat","embeddable":true,"href":"https:\/\/hundtgroup.com\/sk\/wp-json\/wp\/v2\/product_cat?post=22691"},{"taxonomy":"product_tag","embeddable":true,"href":"https:\/\/hundtgroup.com\/sk\/wp-json\/wp\/v2\/product_tag?post=22691"}],"curies":[{"name":"wp","href":"https:\/\/api.w.org\/{rel}","templated":true}]}}