{"id":22875,"date":"2022-10-26T15:59:56","date_gmt":"2022-10-26T13:59:56","guid":{"rendered":"https:\/\/hundtgroup.com\/produkt\/naustok-pre-slepe-nitovacie-matice-m5\/"},"modified":"2025-07-29T14:07:59","modified_gmt":"2025-07-29T12:07:59","slug":"naustok-pre-slepe-nitovacie-matice-m5","status":"publish","type":"product","link":"https:\/\/hundtgroup.com\/sk\/produkt\/naustok-pre-slepe-nitovacie-matice-m5\/","title":{"rendered":"N\u00e1ustok pre slep\u00e9 nitovacie matice M5"},"content":{"rendered":"<p>N\u00e1ustok M5 na pou\u017eitie mat\u00edc pre slep\u00e9 nity<br \/>\nN\u00e1ustok vhodn\u00fd pre:<br \/>\nVNG 255 \/ 361 \/ 612 \/ 701 \/ 801 \/ 802 \/ 903<\/p>\n","protected":false},"excerpt":{"rendered":"<p>N\u00e1ustok M5 na pou\u017eitie mat\u00edc pre slep\u00e9 nity N\u00e1ustok vhodn\u00fd pre: VNG 255 \/ 361 \/ 612 \/ 701 \/ 801 \/ 802 \/ 903<\/p>\n","protected":false},"featured_media":22867,"template":"","meta":{"_acf_changed":false,"inline_featured_image":false},"product_cat":[2268,2242,2270,2272],"product_tag":[],"class_list":{"0":"post-22875","1":"product","2":"type-product","3":"status-publish","4":"has-post-thumbnail","6":"brand-honsel","7":"product_cat-prislusenstvo","8":"product_cat-nastroje-na-nitovanie","9":"product_cat-rucne-klieste","10":"product_cat-ustne-nastavce","12":"first","13":"instock","14":"taxable","15":"shipping-taxable","16":"purchasable","17":"product-type-simple","18":"add-to-wishlist-before_image"},"acf":[],"yoast_head":"<!-- This site is optimized with the Yoast SEO plugin v27.3 - https:\/\/yoast.com\/product\/yoast-seo-wordpress\/ -->\n<title>N\u00e1ustok pre slep\u00e9 nitovacie matice M5 - Wilhelm Hundt GmbH<\/title>\n<meta name=\"robots\" content=\"index, follow, max-snippet:-1, max-image-preview:large, max-video-preview:-1\" \/>\n<link rel=\"canonical\" href=\"https:\/\/hundtgroup.com\/sk\/produkt\/naustok-pre-slepe-nitovacie-matice-m5\/\" \/>\n<meta property=\"og:locale\" content=\"sk_SK\" \/>\n<meta property=\"og:type\" content=\"article\" \/>\n<meta property=\"og:title\" content=\"N\u00e1ustok pre slep\u00e9 nitovacie matice M5 - Wilhelm Hundt GmbH\" \/>\n<meta property=\"og:description\" content=\"N\u00e1ustok M5 na pou\u017eitie mat\u00edc pre slep\u00e9 nity N\u00e1ustok vhodn\u00fd pre: VNG 255 \/ 361 \/ 612 \/ 701 \/ 801 \/ 802 \/ 903\" \/>\n<meta property=\"og:url\" content=\"https:\/\/hundtgroup.com\/sk\/produkt\/naustok-pre-slepe-nitovacie-matice-m5\/\" \/>\n<meta property=\"og:site_name\" content=\"Wilhelm Hundt GmbH\" \/>\n<meta property=\"article:modified_time\" content=\"2025-07-29T12:07:59+00:00\" \/>\n<meta property=\"og:image\" content=\"https:\/\/hundtgroup.com\/wp-content\/uploads\/500162.jpg\" \/>\n\t<meta property=\"og:image:width\" content=\"400\" \/>\n\t<meta property=\"og:image:height\" content=\"266\" \/>\n\t<meta property=\"og:image:type\" content=\"image\/jpeg\" \/>\n<meta name=\"twitter:card\" content=\"summary_large_image\" \/>\n<script type=\"application\/ld+json\" class=\"yoast-schema-graph\">{\"@context\":\"https:\\\/\\\/schema.org\",\"@graph\":[{\"@type\":\"WebPage\",\"@id\":\"https:\\\/\\\/hundtgroup.com\\\/sk\\\/produkt\\\/naustok-pre-slepe-nitovacie-matice-m5\\\/\",\"url\":\"https:\\\/\\\/hundtgroup.com\\\/sk\\\/produkt\\\/naustok-pre-slepe-nitovacie-matice-m5\\\/\",\"name\":\"N\u00e1ustok pre slep\u00e9 nitovacie matice M5 - Wilhelm Hundt GmbH\",\"isPartOf\":{\"@id\":\"https:\\\/\\\/hundtgroup.com\\\/sk\\\/#website\"},\"primaryImageOfPage\":{\"@id\":\"https:\\\/\\\/hundtgroup.com\\\/sk\\\/produkt\\\/naustok-pre-slepe-nitovacie-matice-m5\\\/#primaryimage\"},\"image\":{\"@id\":\"https:\\\/\\\/hundtgroup.com\\\/sk\\\/produkt\\\/naustok-pre-slepe-nitovacie-matice-m5\\\/#primaryimage\"},\"thumbnailUrl\":\"https:\\\/\\\/hundtgroup.com\\\/wp-content\\\/uploads\\\/500162.jpg\",\"datePublished\":\"2022-10-26T13:59:56+00:00\",\"dateModified\":\"2025-07-29T12:07:59+00:00\",\"breadcrumb\":{\"@id\":\"https:\\\/\\\/hundtgroup.com\\\/sk\\\/produkt\\\/naustok-pre-slepe-nitovacie-matice-m5\\\/#breadcrumb\"},\"inLanguage\":\"sk-SK\",\"potentialAction\":[{\"@type\":\"ReadAction\",\"target\":[\"https:\\\/\\\/hundtgroup.com\\\/sk\\\/produkt\\\/naustok-pre-slepe-nitovacie-matice-m5\\\/\"]}]},{\"@type\":\"ImageObject\",\"inLanguage\":\"sk-SK\",\"@id\":\"https:\\\/\\\/hundtgroup.com\\\/sk\\\/produkt\\\/naustok-pre-slepe-nitovacie-matice-m5\\\/#primaryimage\",\"url\":\"https:\\\/\\\/hundtgroup.com\\\/wp-content\\\/uploads\\\/500162.jpg\",\"contentUrl\":\"https:\\\/\\\/hundtgroup.com\\\/wp-content\\\/uploads\\\/500162.jpg\",\"width\":400,\"height\":266},{\"@type\":\"BreadcrumbList\",\"@id\":\"https:\\\/\\\/hundtgroup.com\\\/sk\\\/produkt\\\/naustok-pre-slepe-nitovacie-matice-m5\\\/#breadcrumb\",\"itemListElement\":[{\"@type\":\"ListItem\",\"position\":1,\"name\":\"Startseite\",\"item\":\"https:\\\/\\\/hundtgroup.com\\\/sk\\\/domov-nove\\\/\"},{\"@type\":\"ListItem\",\"position\":2,\"name\":\"Obchod\",\"item\":\"https:\\\/\\\/hundtgroup.com\\\/obchod\\\/\"},{\"@type\":\"ListItem\",\"position\":3,\"name\":\"N\u00e1ustok pre slep\u00e9 nitovacie matice M5\"}]},{\"@type\":\"WebSite\",\"@id\":\"https:\\\/\\\/hundtgroup.com\\\/sk\\\/#website\",\"url\":\"https:\\\/\\\/hundtgroup.com\\\/sk\\\/\",\"name\":\"Wilhelm Hundt GmbH\",\"description\":\"V\u00e1\u0161 \u0161pecialista na stroje a n\u00e1stroje na spracovanie plechu\",\"potentialAction\":[{\"@type\":\"SearchAction\",\"target\":{\"@type\":\"EntryPoint\",\"urlTemplate\":\"https:\\\/\\\/hundtgroup.com\\\/sk\\\/?s={search_term_string}\"},\"query-input\":{\"@type\":\"PropertyValueSpecification\",\"valueRequired\":true,\"valueName\":\"search_term_string\"}}],\"inLanguage\":\"sk-SK\"}]}<\/script>\n<!-- \/ Yoast SEO plugin. -->","yoast_head_json":{"title":"N\u00e1ustok pre slep\u00e9 nitovacie matice M5 - Wilhelm Hundt GmbH","robots":{"index":"index","follow":"follow","max-snippet":"max-snippet:-1","max-image-preview":"max-image-preview:large","max-video-preview":"max-video-preview:-1"},"canonical":"https:\/\/hundtgroup.com\/sk\/produkt\/naustok-pre-slepe-nitovacie-matice-m5\/","og_locale":"sk_SK","og_type":"article","og_title":"N\u00e1ustok pre slep\u00e9 nitovacie matice M5 - Wilhelm Hundt GmbH","og_description":"N\u00e1ustok M5 na pou\u017eitie mat\u00edc pre slep\u00e9 nity N\u00e1ustok vhodn\u00fd pre: VNG 255 \/ 361 \/ 612 \/ 701 \/ 801 \/ 802 \/ 903","og_url":"https:\/\/hundtgroup.com\/sk\/produkt\/naustok-pre-slepe-nitovacie-matice-m5\/","og_site_name":"Wilhelm Hundt GmbH","article_modified_time":"2025-07-29T12:07:59+00:00","og_image":[{"width":400,"height":266,"url":"https:\/\/hundtgroup.com\/wp-content\/uploads\/500162.jpg","type":"image\/jpeg"}],"twitter_card":"summary_large_image","schema":{"@context":"https:\/\/schema.org","@graph":[{"@type":"WebPage","@id":"https:\/\/hundtgroup.com\/sk\/produkt\/naustok-pre-slepe-nitovacie-matice-m5\/","url":"https:\/\/hundtgroup.com\/sk\/produkt\/naustok-pre-slepe-nitovacie-matice-m5\/","name":"N\u00e1ustok pre slep\u00e9 nitovacie matice M5 - Wilhelm Hundt GmbH","isPartOf":{"@id":"https:\/\/hundtgroup.com\/sk\/#website"},"primaryImageOfPage":{"@id":"https:\/\/hundtgroup.com\/sk\/produkt\/naustok-pre-slepe-nitovacie-matice-m5\/#primaryimage"},"image":{"@id":"https:\/\/hundtgroup.com\/sk\/produkt\/naustok-pre-slepe-nitovacie-matice-m5\/#primaryimage"},"thumbnailUrl":"https:\/\/hundtgroup.com\/wp-content\/uploads\/500162.jpg","datePublished":"2022-10-26T13:59:56+00:00","dateModified":"2025-07-29T12:07:59+00:00","breadcrumb":{"@id":"https:\/\/hundtgroup.com\/sk\/produkt\/naustok-pre-slepe-nitovacie-matice-m5\/#breadcrumb"},"inLanguage":"sk-SK","potentialAction":[{"@type":"ReadAction","target":["https:\/\/hundtgroup.com\/sk\/produkt\/naustok-pre-slepe-nitovacie-matice-m5\/"]}]},{"@type":"ImageObject","inLanguage":"sk-SK","@id":"https:\/\/hundtgroup.com\/sk\/produkt\/naustok-pre-slepe-nitovacie-matice-m5\/#primaryimage","url":"https:\/\/hundtgroup.com\/wp-content\/uploads\/500162.jpg","contentUrl":"https:\/\/hundtgroup.com\/wp-content\/uploads\/500162.jpg","width":400,"height":266},{"@type":"BreadcrumbList","@id":"https:\/\/hundtgroup.com\/sk\/produkt\/naustok-pre-slepe-nitovacie-matice-m5\/#breadcrumb","itemListElement":[{"@type":"ListItem","position":1,"name":"Startseite","item":"https:\/\/hundtgroup.com\/sk\/domov-nove\/"},{"@type":"ListItem","position":2,"name":"Obchod","item":"https:\/\/hundtgroup.com\/obchod\/"},{"@type":"ListItem","position":3,"name":"N\u00e1ustok pre slep\u00e9 nitovacie matice M5"}]},{"@type":"WebSite","@id":"https:\/\/hundtgroup.com\/sk\/#website","url":"https:\/\/hundtgroup.com\/sk\/","name":"Wilhelm Hundt GmbH","description":"V\u00e1\u0161 \u0161pecialista na stroje a n\u00e1stroje na spracovanie plechu","potentialAction":[{"@type":"SearchAction","target":{"@type":"EntryPoint","urlTemplate":"https:\/\/hundtgroup.com\/sk\/?s={search_term_string}"},"query-input":{"@type":"PropertyValueSpecification","valueRequired":true,"valueName":"search_term_string"}}],"inLanguage":"sk-SK"}]}},"_links":{"self":[{"href":"https:\/\/hundtgroup.com\/sk\/wp-json\/wp\/v2\/product\/22875","targetHints":{"allow":["GET"]}}],"collection":[{"href":"https:\/\/hundtgroup.com\/sk\/wp-json\/wp\/v2\/product"}],"about":[{"href":"https:\/\/hundtgroup.com\/sk\/wp-json\/wp\/v2\/types\/product"}],"wp:featuredmedia":[{"embeddable":true,"href":"https:\/\/hundtgroup.com\/sk\/wp-json\/wp\/v2\/media\/22867"}],"wp:attachment":[{"href":"https:\/\/hundtgroup.com\/sk\/wp-json\/wp\/v2\/media?parent=22875"}],"wp:term":[{"taxonomy":"product_cat","embeddable":true,"href":"https:\/\/hundtgroup.com\/sk\/wp-json\/wp\/v2\/product_cat?post=22875"},{"taxonomy":"product_tag","embeddable":true,"href":"https:\/\/hundtgroup.com\/sk\/wp-json\/wp\/v2\/product_tag?post=22875"}],"curies":[{"name":"wp","href":"https:\/\/api.w.org\/{rel}","templated":true}]}}