{"id":23157,"date":"2025-06-18T18:31:00","date_gmt":"2025-06-18T16:31:00","guid":{"rendered":"https:\/\/hundtgroup.com\/produkt\/plstene-pero-hundt-10-mm\/"},"modified":"2025-08-01T13:15:31","modified_gmt":"2025-08-01T11:15:31","slug":"plstene-pero-hundt-10-mm","status":"publish","type":"product","link":"https:\/\/hundtgroup.com\/sk\/produkt\/plstene-pero-hundt-10-mm\/","title":{"rendered":"Plsten\u00e9 pero Hundt 1,0 mm"},"content":{"rendered":"<p>Permanentn\u00fd popisova\u010d, zasych\u00e1 v priebehu nieko\u013ek\u00fdch sek\u00fand, svetlost\u00e1ly, odoln\u00fd vo\u010di poveternostn\u00fdm vplyvom, na p\u00edsanie a popisovanie na papier, kart\u00f3n, lepenku, f\u00f3liu, (re\u017eijn\u00fa) f\u00f3liu, plast, kov, polystyr\u00e9n, sklo, porcel\u00e1n, drevo, ko\u017eu a kame\u0148, farebne v\u00fdrazn\u00fd, s n\u00edzkym z\u00e1pachom, bez xyl\u00e9nu, s klipom, odoln\u00fd vo\u010di rozmazaniu a vode takmer na v\u0161etk\u00fdch povrchoch, s gu\u013eat\u00fdm hrotom (cca 1 mm)<\/p>\n","protected":false},"excerpt":{"rendered":"<p>Permanentn\u00fd popisova\u010d, zasych\u00e1 v priebehu nieko\u013ek\u00fdch sek\u00fand, svetlost\u00e1ly, odoln\u00fd vo\u010di poveternostn\u00fdm vplyvom, na p\u00edsanie a popisovanie na papier, kart\u00f3n, lepenku, f\u00f3liu, (re\u017eijn\u00fa) f\u00f3liu, plast, kov, polystyr\u00e9n, sklo, porcel\u00e1n, drevo, ko\u017eu a kame\u0148, farebne v\u00fdrazn\u00fd, s n\u00edzkym z\u00e1pachom, bez xyl\u00e9nu, s klipom, odoln\u00fd vo\u010di rozmazaniu a vode takmer na v\u0161etk\u00fdch povrchoch, s gu\u013eat\u00fdm hrotom (cca 1 [&hellip;]<\/p>\n","protected":false},"featured_media":23159,"template":"","meta":{"_acf_changed":false,"inline_featured_image":false},"product_cat":[2181,2180],"product_tag":[],"class_list":{"0":"post-23157","1":"product","2":"type-product","3":"status-publish","4":"has-post-thumbnail","6":"brand-hundt","7":"product_cat-oznacovanie","8":"product_cat-zariadenie-staveniska","10":"first","11":"instock","12":"taxable","13":"shipping-taxable","14":"purchasable","15":"product-type-simple","16":"add-to-wishlist-before_image"},"acf":[],"yoast_head":"<!-- This site is optimized with the Yoast SEO plugin v27.3 - https:\/\/yoast.com\/product\/yoast-seo-wordpress\/ -->\n<title>Plsten\u00e9 pero Hundt 1,0 mm - Wilhelm Hundt GmbH<\/title>\n<meta name=\"robots\" content=\"index, follow, max-snippet:-1, max-image-preview:large, max-video-preview:-1\" \/>\n<link rel=\"canonical\" href=\"https:\/\/hundtgroup.com\/sk\/produkt\/plstene-pero-hundt-10-mm\/\" \/>\n<meta property=\"og:locale\" content=\"sk_SK\" \/>\n<meta property=\"og:type\" content=\"article\" \/>\n<meta property=\"og:title\" content=\"Plsten\u00e9 pero Hundt 1,0 mm - Wilhelm Hundt GmbH\" \/>\n<meta property=\"og:description\" content=\"Permanentn\u00fd popisova\u010d, zasych\u00e1 v priebehu nieko\u013ek\u00fdch sek\u00fand, svetlost\u00e1ly, odoln\u00fd vo\u010di poveternostn\u00fdm vplyvom, na p\u00edsanie a popisovanie na papier, kart\u00f3n, lepenku, f\u00f3liu, (re\u017eijn\u00fa) f\u00f3liu, plast, kov, polystyr\u00e9n, sklo, porcel\u00e1n, drevo, ko\u017eu a kame\u0148, farebne v\u00fdrazn\u00fd, s n\u00edzkym z\u00e1pachom, bez xyl\u00e9nu, s klipom, odoln\u00fd vo\u010di rozmazaniu a vode takmer na v\u0161etk\u00fdch povrchoch, s gu\u013eat\u00fdm hrotom (cca 1 [&hellip;]\" \/>\n<meta property=\"og:url\" content=\"https:\/\/hundtgroup.com\/sk\/produkt\/plstene-pero-hundt-10-mm\/\" \/>\n<meta property=\"og:site_name\" content=\"Wilhelm Hundt GmbH\" \/>\n<meta property=\"article:modified_time\" content=\"2025-08-01T11:15:31+00:00\" \/>\n<meta property=\"og:image\" content=\"https:\/\/hundtgroup.com\/wp-content\/uploads\/280010.png\" \/>\n\t<meta property=\"og:image:width\" content=\"815\" \/>\n\t<meta property=\"og:image:height\" content=\"150\" \/>\n\t<meta property=\"og:image:type\" content=\"image\/png\" \/>\n<meta name=\"twitter:card\" content=\"summary_large_image\" \/>\n<script type=\"application\/ld+json\" class=\"yoast-schema-graph\">{\"@context\":\"https:\\\/\\\/schema.org\",\"@graph\":[{\"@type\":\"WebPage\",\"@id\":\"https:\\\/\\\/hundtgroup.com\\\/sk\\\/produkt\\\/plstene-pero-hundt-10-mm\\\/\",\"url\":\"https:\\\/\\\/hundtgroup.com\\\/sk\\\/produkt\\\/plstene-pero-hundt-10-mm\\\/\",\"name\":\"Plsten\u00e9 pero Hundt 1,0 mm - Wilhelm Hundt GmbH\",\"isPartOf\":{\"@id\":\"https:\\\/\\\/hundtgroup.com\\\/sk\\\/#website\"},\"primaryImageOfPage\":{\"@id\":\"https:\\\/\\\/hundtgroup.com\\\/sk\\\/produkt\\\/plstene-pero-hundt-10-mm\\\/#primaryimage\"},\"image\":{\"@id\":\"https:\\\/\\\/hundtgroup.com\\\/sk\\\/produkt\\\/plstene-pero-hundt-10-mm\\\/#primaryimage\"},\"thumbnailUrl\":\"https:\\\/\\\/hundtgroup.com\\\/wp-content\\\/uploads\\\/280010.png\",\"datePublished\":\"2025-06-18T16:31:00+00:00\",\"dateModified\":\"2025-08-01T11:15:31+00:00\",\"breadcrumb\":{\"@id\":\"https:\\\/\\\/hundtgroup.com\\\/sk\\\/produkt\\\/plstene-pero-hundt-10-mm\\\/#breadcrumb\"},\"inLanguage\":\"sk-SK\",\"potentialAction\":[{\"@type\":\"ReadAction\",\"target\":[\"https:\\\/\\\/hundtgroup.com\\\/sk\\\/produkt\\\/plstene-pero-hundt-10-mm\\\/\"]}]},{\"@type\":\"ImageObject\",\"inLanguage\":\"sk-SK\",\"@id\":\"https:\\\/\\\/hundtgroup.com\\\/sk\\\/produkt\\\/plstene-pero-hundt-10-mm\\\/#primaryimage\",\"url\":\"https:\\\/\\\/hundtgroup.com\\\/wp-content\\\/uploads\\\/280010.png\",\"contentUrl\":\"https:\\\/\\\/hundtgroup.com\\\/wp-content\\\/uploads\\\/280010.png\",\"width\":815,\"height\":150},{\"@type\":\"BreadcrumbList\",\"@id\":\"https:\\\/\\\/hundtgroup.com\\\/sk\\\/produkt\\\/plstene-pero-hundt-10-mm\\\/#breadcrumb\",\"itemListElement\":[{\"@type\":\"ListItem\",\"position\":1,\"name\":\"Startseite\",\"item\":\"https:\\\/\\\/hundtgroup.com\\\/sk\\\/domov-nove\\\/\"},{\"@type\":\"ListItem\",\"position\":2,\"name\":\"Obchod\",\"item\":\"https:\\\/\\\/hundtgroup.com\\\/obchod\\\/\"},{\"@type\":\"ListItem\",\"position\":3,\"name\":\"Plsten\u00e9 pero Hundt 1,0 mm\"}]},{\"@type\":\"WebSite\",\"@id\":\"https:\\\/\\\/hundtgroup.com\\\/sk\\\/#website\",\"url\":\"https:\\\/\\\/hundtgroup.com\\\/sk\\\/\",\"name\":\"Wilhelm Hundt GmbH\",\"description\":\"V\u00e1\u0161 \u0161pecialista na stroje a n\u00e1stroje na spracovanie plechu\",\"potentialAction\":[{\"@type\":\"SearchAction\",\"target\":{\"@type\":\"EntryPoint\",\"urlTemplate\":\"https:\\\/\\\/hundtgroup.com\\\/sk\\\/?s={search_term_string}\"},\"query-input\":{\"@type\":\"PropertyValueSpecification\",\"valueRequired\":true,\"valueName\":\"search_term_string\"}}],\"inLanguage\":\"sk-SK\"}]}<\/script>\n<!-- \/ Yoast SEO plugin. -->","yoast_head_json":{"title":"Plsten\u00e9 pero Hundt 1,0 mm - Wilhelm Hundt GmbH","robots":{"index":"index","follow":"follow","max-snippet":"max-snippet:-1","max-image-preview":"max-image-preview:large","max-video-preview":"max-video-preview:-1"},"canonical":"https:\/\/hundtgroup.com\/sk\/produkt\/plstene-pero-hundt-10-mm\/","og_locale":"sk_SK","og_type":"article","og_title":"Plsten\u00e9 pero Hundt 1,0 mm - Wilhelm Hundt GmbH","og_description":"Permanentn\u00fd popisova\u010d, zasych\u00e1 v priebehu nieko\u013ek\u00fdch sek\u00fand, svetlost\u00e1ly, odoln\u00fd vo\u010di poveternostn\u00fdm vplyvom, na p\u00edsanie a popisovanie na papier, kart\u00f3n, lepenku, f\u00f3liu, (re\u017eijn\u00fa) f\u00f3liu, plast, kov, polystyr\u00e9n, sklo, porcel\u00e1n, drevo, ko\u017eu a kame\u0148, farebne v\u00fdrazn\u00fd, s n\u00edzkym z\u00e1pachom, bez xyl\u00e9nu, s klipom, odoln\u00fd vo\u010di rozmazaniu a vode takmer na v\u0161etk\u00fdch povrchoch, s gu\u013eat\u00fdm hrotom (cca 1 [&hellip;]","og_url":"https:\/\/hundtgroup.com\/sk\/produkt\/plstene-pero-hundt-10-mm\/","og_site_name":"Wilhelm Hundt GmbH","article_modified_time":"2025-08-01T11:15:31+00:00","og_image":[{"width":815,"height":150,"url":"https:\/\/hundtgroup.com\/wp-content\/uploads\/280010.png","type":"image\/png"}],"twitter_card":"summary_large_image","schema":{"@context":"https:\/\/schema.org","@graph":[{"@type":"WebPage","@id":"https:\/\/hundtgroup.com\/sk\/produkt\/plstene-pero-hundt-10-mm\/","url":"https:\/\/hundtgroup.com\/sk\/produkt\/plstene-pero-hundt-10-mm\/","name":"Plsten\u00e9 pero Hundt 1,0 mm - Wilhelm Hundt GmbH","isPartOf":{"@id":"https:\/\/hundtgroup.com\/sk\/#website"},"primaryImageOfPage":{"@id":"https:\/\/hundtgroup.com\/sk\/produkt\/plstene-pero-hundt-10-mm\/#primaryimage"},"image":{"@id":"https:\/\/hundtgroup.com\/sk\/produkt\/plstene-pero-hundt-10-mm\/#primaryimage"},"thumbnailUrl":"https:\/\/hundtgroup.com\/wp-content\/uploads\/280010.png","datePublished":"2025-06-18T16:31:00+00:00","dateModified":"2025-08-01T11:15:31+00:00","breadcrumb":{"@id":"https:\/\/hundtgroup.com\/sk\/produkt\/plstene-pero-hundt-10-mm\/#breadcrumb"},"inLanguage":"sk-SK","potentialAction":[{"@type":"ReadAction","target":["https:\/\/hundtgroup.com\/sk\/produkt\/plstene-pero-hundt-10-mm\/"]}]},{"@type":"ImageObject","inLanguage":"sk-SK","@id":"https:\/\/hundtgroup.com\/sk\/produkt\/plstene-pero-hundt-10-mm\/#primaryimage","url":"https:\/\/hundtgroup.com\/wp-content\/uploads\/280010.png","contentUrl":"https:\/\/hundtgroup.com\/wp-content\/uploads\/280010.png","width":815,"height":150},{"@type":"BreadcrumbList","@id":"https:\/\/hundtgroup.com\/sk\/produkt\/plstene-pero-hundt-10-mm\/#breadcrumb","itemListElement":[{"@type":"ListItem","position":1,"name":"Startseite","item":"https:\/\/hundtgroup.com\/sk\/domov-nove\/"},{"@type":"ListItem","position":2,"name":"Obchod","item":"https:\/\/hundtgroup.com\/obchod\/"},{"@type":"ListItem","position":3,"name":"Plsten\u00e9 pero Hundt 1,0 mm"}]},{"@type":"WebSite","@id":"https:\/\/hundtgroup.com\/sk\/#website","url":"https:\/\/hundtgroup.com\/sk\/","name":"Wilhelm Hundt GmbH","description":"V\u00e1\u0161 \u0161pecialista na stroje a n\u00e1stroje na spracovanie plechu","potentialAction":[{"@type":"SearchAction","target":{"@type":"EntryPoint","urlTemplate":"https:\/\/hundtgroup.com\/sk\/?s={search_term_string}"},"query-input":{"@type":"PropertyValueSpecification","valueRequired":true,"valueName":"search_term_string"}}],"inLanguage":"sk-SK"}]}},"_links":{"self":[{"href":"https:\/\/hundtgroup.com\/sk\/wp-json\/wp\/v2\/product\/23157","targetHints":{"allow":["GET"]}}],"collection":[{"href":"https:\/\/hundtgroup.com\/sk\/wp-json\/wp\/v2\/product"}],"about":[{"href":"https:\/\/hundtgroup.com\/sk\/wp-json\/wp\/v2\/types\/product"}],"wp:featuredmedia":[{"embeddable":true,"href":"https:\/\/hundtgroup.com\/sk\/wp-json\/wp\/v2\/media\/23159"}],"wp:attachment":[{"href":"https:\/\/hundtgroup.com\/sk\/wp-json\/wp\/v2\/media?parent=23157"}],"wp:term":[{"taxonomy":"product_cat","embeddable":true,"href":"https:\/\/hundtgroup.com\/sk\/wp-json\/wp\/v2\/product_cat?post=23157"},{"taxonomy":"product_tag","embeddable":true,"href":"https:\/\/hundtgroup.com\/sk\/wp-json\/wp\/v2\/product_tag?post=23157"}],"curies":[{"name":"wp","href":"https:\/\/api.w.org\/{rel}","templated":true}]}}