{"id":23223,"date":"2025-06-18T18:31:24","date_gmt":"2025-06-18T16:31:24","guid":{"rendered":"https:\/\/hundtgroup.com\/produkt\/akumulatorovy-stroj-na-koralky-milwaukee-18-v-40-ah\/"},"modified":"2025-07-31T15:37:32","modified_gmt":"2025-07-31T13:37:32","slug":"akumulatorovy-stroj-na-koralky-milwaukee-18-v-40-ah","status":"publish","type":"product","link":"https:\/\/hundtgroup.com\/sk\/produkt\/akumulatorovy-stroj-na-koralky-milwaukee-18-v-40-ah\/","title":{"rendered":"Akumul\u00e1torov\u00fd stroj na kor\u00e1lky Milwaukee 18 V 4,0 Ah"},"content":{"rendered":"<p>Vhodn\u00e9 do dielne a na stavenisko, ve\u013emi flexibiln\u00e9 pou\u017eitie, bez\u00fadr\u017ebov\u00e9 zariadenie, dod\u00e1van\u00e9 s 2 p\u00e1rmi kor\u00e1lkov\u00fdch val\u010dekov, \u010fal\u0161ie kor\u00e1lkov\u00e9 val\u010deky s\u00fa volite\u013en\u00e9. <\/p>\n","protected":false},"excerpt":{"rendered":"<p>Vhodn\u00e9 do dielne a na stavenisko, ve\u013emi flexibiln\u00e9 pou\u017eitie, bez\u00fadr\u017ebov\u00e9 zariadenie, dod\u00e1van\u00e9 s 2 p\u00e1rmi kor\u00e1lkov\u00fdch val\u010dekov, \u010fal\u0161ie kor\u00e1lkov\u00e9 val\u010deky s\u00fa volite\u013en\u00e9.<\/p>\n","protected":false},"featured_media":23225,"template":"","meta":{"_acf_changed":false,"inline_featured_image":false},"product_cat":[644,2285],"product_tag":[],"class_list":{"0":"post-23223","1":"product","2":"type-product","3":"status-publish","4":"has-post-thumbnail","6":"brand-milwaukee","7":"product_cat-nastroje-na-baterie","8":"product_cat-koralkovaci-stroj-sk","10":"first","11":"instock","12":"taxable","13":"shipping-taxable","14":"product-type-simple","15":"add-to-wishlist-before_image"},"acf":[],"yoast_head":"<!-- This site is optimized with the Yoast SEO plugin v27.3 - https:\/\/yoast.com\/product\/yoast-seo-wordpress\/ -->\n<title>Akumul\u00e1torov\u00fd stroj na kor\u00e1lky Milwaukee 18 V 4,0 Ah - Wilhelm Hundt GmbH<\/title>\n<meta name=\"robots\" content=\"index, follow, max-snippet:-1, max-image-preview:large, max-video-preview:-1\" \/>\n<link rel=\"canonical\" href=\"https:\/\/hundtgroup.com\/sk\/produkt\/akumulatorovy-stroj-na-koralky-milwaukee-18-v-40-ah\/\" \/>\n<meta property=\"og:locale\" content=\"sk_SK\" \/>\n<meta property=\"og:type\" content=\"article\" \/>\n<meta property=\"og:title\" content=\"Akumul\u00e1torov\u00fd stroj na kor\u00e1lky Milwaukee 18 V 4,0 Ah - Wilhelm Hundt GmbH\" \/>\n<meta property=\"og:description\" content=\"Vhodn\u00e9 do dielne a na stavenisko, ve\u013emi flexibiln\u00e9 pou\u017eitie, bez\u00fadr\u017ebov\u00e9 zariadenie, dod\u00e1van\u00e9 s 2 p\u00e1rmi kor\u00e1lkov\u00fdch val\u010dekov, \u010fal\u0161ie kor\u00e1lkov\u00e9 val\u010deky s\u00fa volite\u013en\u00e9.\" \/>\n<meta property=\"og:url\" content=\"https:\/\/hundtgroup.com\/sk\/produkt\/akumulatorovy-stroj-na-koralky-milwaukee-18-v-40-ah\/\" \/>\n<meta property=\"og:site_name\" content=\"Wilhelm Hundt GmbH\" \/>\n<meta property=\"article:modified_time\" content=\"2025-07-31T13:37:32+00:00\" \/>\n<meta property=\"og:image\" content=\"https:\/\/hundtgroup.com\/wp-content\/uploads\/340070-scaled.png\" \/>\n\t<meta property=\"og:image:width\" content=\"2355\" \/>\n\t<meta property=\"og:image:height\" content=\"2560\" \/>\n\t<meta property=\"og:image:type\" content=\"image\/png\" \/>\n<meta name=\"twitter:card\" content=\"summary_large_image\" \/>\n<script type=\"application\/ld+json\" class=\"yoast-schema-graph\">{\"@context\":\"https:\\\/\\\/schema.org\",\"@graph\":[{\"@type\":\"WebPage\",\"@id\":\"https:\\\/\\\/hundtgroup.com\\\/sk\\\/produkt\\\/akumulatorovy-stroj-na-koralky-milwaukee-18-v-40-ah\\\/\",\"url\":\"https:\\\/\\\/hundtgroup.com\\\/sk\\\/produkt\\\/akumulatorovy-stroj-na-koralky-milwaukee-18-v-40-ah\\\/\",\"name\":\"Akumul\u00e1torov\u00fd stroj na kor\u00e1lky Milwaukee 18 V 4,0 Ah - Wilhelm Hundt GmbH\",\"isPartOf\":{\"@id\":\"https:\\\/\\\/hundtgroup.com\\\/sk\\\/#website\"},\"primaryImageOfPage\":{\"@id\":\"https:\\\/\\\/hundtgroup.com\\\/sk\\\/produkt\\\/akumulatorovy-stroj-na-koralky-milwaukee-18-v-40-ah\\\/#primaryimage\"},\"image\":{\"@id\":\"https:\\\/\\\/hundtgroup.com\\\/sk\\\/produkt\\\/akumulatorovy-stroj-na-koralky-milwaukee-18-v-40-ah\\\/#primaryimage\"},\"thumbnailUrl\":\"https:\\\/\\\/hundtgroup.com\\\/wp-content\\\/uploads\\\/340070-scaled.png\",\"datePublished\":\"2025-06-18T16:31:24+00:00\",\"dateModified\":\"2025-07-31T13:37:32+00:00\",\"breadcrumb\":{\"@id\":\"https:\\\/\\\/hundtgroup.com\\\/sk\\\/produkt\\\/akumulatorovy-stroj-na-koralky-milwaukee-18-v-40-ah\\\/#breadcrumb\"},\"inLanguage\":\"sk-SK\",\"potentialAction\":[{\"@type\":\"ReadAction\",\"target\":[\"https:\\\/\\\/hundtgroup.com\\\/sk\\\/produkt\\\/akumulatorovy-stroj-na-koralky-milwaukee-18-v-40-ah\\\/\"]}]},{\"@type\":\"ImageObject\",\"inLanguage\":\"sk-SK\",\"@id\":\"https:\\\/\\\/hundtgroup.com\\\/sk\\\/produkt\\\/akumulatorovy-stroj-na-koralky-milwaukee-18-v-40-ah\\\/#primaryimage\",\"url\":\"https:\\\/\\\/hundtgroup.com\\\/wp-content\\\/uploads\\\/340070-scaled.png\",\"contentUrl\":\"https:\\\/\\\/hundtgroup.com\\\/wp-content\\\/uploads\\\/340070-scaled.png\",\"width\":2355,\"height\":2560},{\"@type\":\"BreadcrumbList\",\"@id\":\"https:\\\/\\\/hundtgroup.com\\\/sk\\\/produkt\\\/akumulatorovy-stroj-na-koralky-milwaukee-18-v-40-ah\\\/#breadcrumb\",\"itemListElement\":[{\"@type\":\"ListItem\",\"position\":1,\"name\":\"Startseite\",\"item\":\"https:\\\/\\\/hundtgroup.com\\\/sk\\\/domov-nove\\\/\"},{\"@type\":\"ListItem\",\"position\":2,\"name\":\"Obchod\",\"item\":\"https:\\\/\\\/hundtgroup.com\\\/obchod\\\/\"},{\"@type\":\"ListItem\",\"position\":3,\"name\":\"Akumul\u00e1torov\u00fd stroj na kor\u00e1lky Milwaukee 18 V 4,0 Ah\"}]},{\"@type\":\"WebSite\",\"@id\":\"https:\\\/\\\/hundtgroup.com\\\/sk\\\/#website\",\"url\":\"https:\\\/\\\/hundtgroup.com\\\/sk\\\/\",\"name\":\"Wilhelm Hundt GmbH\",\"description\":\"V\u00e1\u0161 \u0161pecialista na stroje a n\u00e1stroje na spracovanie plechu\",\"potentialAction\":[{\"@type\":\"SearchAction\",\"target\":{\"@type\":\"EntryPoint\",\"urlTemplate\":\"https:\\\/\\\/hundtgroup.com\\\/sk\\\/?s={search_term_string}\"},\"query-input\":{\"@type\":\"PropertyValueSpecification\",\"valueRequired\":true,\"valueName\":\"search_term_string\"}}],\"inLanguage\":\"sk-SK\"}]}<\/script>\n<!-- \/ Yoast SEO plugin. -->","yoast_head_json":{"title":"Akumul\u00e1torov\u00fd stroj na kor\u00e1lky Milwaukee 18 V 4,0 Ah - Wilhelm Hundt GmbH","robots":{"index":"index","follow":"follow","max-snippet":"max-snippet:-1","max-image-preview":"max-image-preview:large","max-video-preview":"max-video-preview:-1"},"canonical":"https:\/\/hundtgroup.com\/sk\/produkt\/akumulatorovy-stroj-na-koralky-milwaukee-18-v-40-ah\/","og_locale":"sk_SK","og_type":"article","og_title":"Akumul\u00e1torov\u00fd stroj na kor\u00e1lky Milwaukee 18 V 4,0 Ah - Wilhelm Hundt GmbH","og_description":"Vhodn\u00e9 do dielne a na stavenisko, ve\u013emi flexibiln\u00e9 pou\u017eitie, bez\u00fadr\u017ebov\u00e9 zariadenie, dod\u00e1van\u00e9 s 2 p\u00e1rmi kor\u00e1lkov\u00fdch val\u010dekov, \u010fal\u0161ie kor\u00e1lkov\u00e9 val\u010deky s\u00fa volite\u013en\u00e9.","og_url":"https:\/\/hundtgroup.com\/sk\/produkt\/akumulatorovy-stroj-na-koralky-milwaukee-18-v-40-ah\/","og_site_name":"Wilhelm Hundt GmbH","article_modified_time":"2025-07-31T13:37:32+00:00","og_image":[{"width":2355,"height":2560,"url":"https:\/\/hundtgroup.com\/wp-content\/uploads\/340070-scaled.png","type":"image\/png"}],"twitter_card":"summary_large_image","schema":{"@context":"https:\/\/schema.org","@graph":[{"@type":"WebPage","@id":"https:\/\/hundtgroup.com\/sk\/produkt\/akumulatorovy-stroj-na-koralky-milwaukee-18-v-40-ah\/","url":"https:\/\/hundtgroup.com\/sk\/produkt\/akumulatorovy-stroj-na-koralky-milwaukee-18-v-40-ah\/","name":"Akumul\u00e1torov\u00fd stroj na kor\u00e1lky Milwaukee 18 V 4,0 Ah - Wilhelm Hundt GmbH","isPartOf":{"@id":"https:\/\/hundtgroup.com\/sk\/#website"},"primaryImageOfPage":{"@id":"https:\/\/hundtgroup.com\/sk\/produkt\/akumulatorovy-stroj-na-koralky-milwaukee-18-v-40-ah\/#primaryimage"},"image":{"@id":"https:\/\/hundtgroup.com\/sk\/produkt\/akumulatorovy-stroj-na-koralky-milwaukee-18-v-40-ah\/#primaryimage"},"thumbnailUrl":"https:\/\/hundtgroup.com\/wp-content\/uploads\/340070-scaled.png","datePublished":"2025-06-18T16:31:24+00:00","dateModified":"2025-07-31T13:37:32+00:00","breadcrumb":{"@id":"https:\/\/hundtgroup.com\/sk\/produkt\/akumulatorovy-stroj-na-koralky-milwaukee-18-v-40-ah\/#breadcrumb"},"inLanguage":"sk-SK","potentialAction":[{"@type":"ReadAction","target":["https:\/\/hundtgroup.com\/sk\/produkt\/akumulatorovy-stroj-na-koralky-milwaukee-18-v-40-ah\/"]}]},{"@type":"ImageObject","inLanguage":"sk-SK","@id":"https:\/\/hundtgroup.com\/sk\/produkt\/akumulatorovy-stroj-na-koralky-milwaukee-18-v-40-ah\/#primaryimage","url":"https:\/\/hundtgroup.com\/wp-content\/uploads\/340070-scaled.png","contentUrl":"https:\/\/hundtgroup.com\/wp-content\/uploads\/340070-scaled.png","width":2355,"height":2560},{"@type":"BreadcrumbList","@id":"https:\/\/hundtgroup.com\/sk\/produkt\/akumulatorovy-stroj-na-koralky-milwaukee-18-v-40-ah\/#breadcrumb","itemListElement":[{"@type":"ListItem","position":1,"name":"Startseite","item":"https:\/\/hundtgroup.com\/sk\/domov-nove\/"},{"@type":"ListItem","position":2,"name":"Obchod","item":"https:\/\/hundtgroup.com\/obchod\/"},{"@type":"ListItem","position":3,"name":"Akumul\u00e1torov\u00fd stroj na kor\u00e1lky Milwaukee 18 V 4,0 Ah"}]},{"@type":"WebSite","@id":"https:\/\/hundtgroup.com\/sk\/#website","url":"https:\/\/hundtgroup.com\/sk\/","name":"Wilhelm Hundt GmbH","description":"V\u00e1\u0161 \u0161pecialista na stroje a n\u00e1stroje na spracovanie plechu","potentialAction":[{"@type":"SearchAction","target":{"@type":"EntryPoint","urlTemplate":"https:\/\/hundtgroup.com\/sk\/?s={search_term_string}"},"query-input":{"@type":"PropertyValueSpecification","valueRequired":true,"valueName":"search_term_string"}}],"inLanguage":"sk-SK"}]}},"_links":{"self":[{"href":"https:\/\/hundtgroup.com\/sk\/wp-json\/wp\/v2\/product\/23223","targetHints":{"allow":["GET"]}}],"collection":[{"href":"https:\/\/hundtgroup.com\/sk\/wp-json\/wp\/v2\/product"}],"about":[{"href":"https:\/\/hundtgroup.com\/sk\/wp-json\/wp\/v2\/types\/product"}],"wp:featuredmedia":[{"embeddable":true,"href":"https:\/\/hundtgroup.com\/sk\/wp-json\/wp\/v2\/media\/23225"}],"wp:attachment":[{"href":"https:\/\/hundtgroup.com\/sk\/wp-json\/wp\/v2\/media?parent=23223"}],"wp:term":[{"taxonomy":"product_cat","embeddable":true,"href":"https:\/\/hundtgroup.com\/sk\/wp-json\/wp\/v2\/product_cat?post=23223"},{"taxonomy":"product_tag","embeddable":true,"href":"https:\/\/hundtgroup.com\/sk\/wp-json\/wp\/v2\/product_tag?post=23223"}],"curies":[{"name":"wp","href":"https:\/\/api.w.org\/{rel}","templated":true}]}}