{"id":23357,"date":"2025-06-18T18:31:27","date_gmt":"2025-06-18T16:31:27","guid":{"rendered":"https:\/\/hundtgroup.com\/produkt\/akumulatorova-priamociara-pila-makita-djr183rt1j-18-v-50-ah\/"},"modified":"2025-07-28T16:36:24","modified_gmt":"2025-07-28T14:36:24","slug":"akumulatorova-priamociara-pila-makita-djr183rt1j-18-v-50-ah","status":"publish","type":"product","link":"https:\/\/hundtgroup.com\/sk\/produkt\/akumulatorova-priamociara-pila-makita-djr183rt1j-18-v-50-ah\/","title":{"rendered":"Akumul\u00e1torov\u00e1 priamo\u010diara p\u00edla Makita DJR183RT1J 18 V 5,0 Ah"},"content":{"rendered":"<p>\u013dahk\u00e1 a praktick\u00e1 p\u00edla Recipro umo\u017e\u0148uje pr\u00edstup do \u00fazkych a \u0165a\u017eko pr\u00edstupn\u00fdch miest. Dva samostatn\u00e9 sp\u00edna\u010de nap\u00e1jania pon\u00fakaj\u00fa v\u00e4\u010d\u0161iu flexibilitu pri manipul\u00e1cii. V\u00fd\u0161ka zdvihu je 13 mm. Ot\u00e1\u010dky vo\u013enobehu mo\u017eno nastavi\u0165 v rozmedz\u00ed od 0 do 3 000 ot\/min. S LED di\u00f3dou a v\u00fdmenou p\u00edlov\u00e9ho listu bez pou\u017eitia n\u00e1radia.   <\/p>\n","protected":false},"excerpt":{"rendered":"<p>\u013dahk\u00e1 a praktick\u00e1 p\u00edla Recipro umo\u017e\u0148uje pr\u00edstup do \u00fazkych a \u0165a\u017eko pr\u00edstupn\u00fdch miest. Dva samostatn\u00e9 sp\u00edna\u010de nap\u00e1jania pon\u00fakaj\u00fa v\u00e4\u010d\u0161iu flexibilitu pri manipul\u00e1cii. V\u00fd\u0161ka zdvihu je 13 mm. Ot\u00e1\u010dky vo\u013enobehu mo\u017eno nastavi\u0165 v rozmedz\u00ed od 0 do 3 000 ot\/min. S LED di\u00f3dou a v\u00fdmenou p\u00edlov\u00e9ho listu bez pou\u017eitia n\u00e1radia.<\/p>\n","protected":false},"featured_media":23345,"template":"","meta":{"_acf_changed":false,"inline_featured_image":false},"product_cat":[644,2326],"product_tag":[],"class_list":{"0":"post-23357","1":"product","2":"type-product","3":"status-publish","4":"has-post-thumbnail","6":"brand-makita","7":"product_cat-nastroje-na-baterie","8":"product_cat-razove-pily","10":"first","11":"instock","12":"taxable","13":"shipping-taxable","14":"purchasable","15":"product-type-simple","16":"add-to-wishlist-before_image"},"acf":[],"yoast_head":"<!-- This site is optimized with the Yoast SEO plugin v27.3 - https:\/\/yoast.com\/product\/yoast-seo-wordpress\/ -->\n<title>Akumul\u00e1torov\u00e1 priamo\u010diara p\u00edla Makita DJR183RT1J 18 V 5,0 Ah - Wilhelm Hundt GmbH<\/title>\n<meta name=\"robots\" content=\"index, follow, max-snippet:-1, max-image-preview:large, max-video-preview:-1\" \/>\n<link rel=\"canonical\" href=\"https:\/\/hundtgroup.com\/sk\/produkt\/akumulatorova-priamociara-pila-makita-djr183rt1j-18-v-50-ah\/\" \/>\n<meta property=\"og:locale\" content=\"sk_SK\" \/>\n<meta property=\"og:type\" content=\"article\" \/>\n<meta property=\"og:title\" content=\"Akumul\u00e1torov\u00e1 priamo\u010diara p\u00edla Makita DJR183RT1J 18 V 5,0 Ah - Wilhelm Hundt GmbH\" \/>\n<meta property=\"og:description\" content=\"\u013dahk\u00e1 a praktick\u00e1 p\u00edla Recipro umo\u017e\u0148uje pr\u00edstup do \u00fazkych a \u0165a\u017eko pr\u00edstupn\u00fdch miest. Dva samostatn\u00e9 sp\u00edna\u010de nap\u00e1jania pon\u00fakaj\u00fa v\u00e4\u010d\u0161iu flexibilitu pri manipul\u00e1cii. V\u00fd\u0161ka zdvihu je 13 mm. Ot\u00e1\u010dky vo\u013enobehu mo\u017eno nastavi\u0165 v rozmedz\u00ed od 0 do 3 000 ot\/min. S LED di\u00f3dou a v\u00fdmenou p\u00edlov\u00e9ho listu bez pou\u017eitia n\u00e1radia.\" \/>\n<meta property=\"og:url\" content=\"https:\/\/hundtgroup.com\/sk\/produkt\/akumulatorova-priamociara-pila-makita-djr183rt1j-18-v-50-ah\/\" \/>\n<meta property=\"og:site_name\" content=\"Wilhelm Hundt GmbH\" \/>\n<meta property=\"article:modified_time\" content=\"2025-07-28T14:36:24+00:00\" \/>\n<meta property=\"og:image\" content=\"https:\/\/hundtgroup.com\/wp-content\/uploads\/300221.jpg\" \/>\n\t<meta property=\"og:image:width\" content=\"1000\" \/>\n\t<meta property=\"og:image:height\" content=\"437\" \/>\n\t<meta property=\"og:image:type\" content=\"image\/jpeg\" \/>\n<meta name=\"twitter:card\" content=\"summary_large_image\" \/>\n<script type=\"application\/ld+json\" class=\"yoast-schema-graph\">{\"@context\":\"https:\\\/\\\/schema.org\",\"@graph\":[{\"@type\":\"WebPage\",\"@id\":\"https:\\\/\\\/hundtgroup.com\\\/sk\\\/produkt\\\/akumulatorova-priamociara-pila-makita-djr183rt1j-18-v-50-ah\\\/\",\"url\":\"https:\\\/\\\/hundtgroup.com\\\/sk\\\/produkt\\\/akumulatorova-priamociara-pila-makita-djr183rt1j-18-v-50-ah\\\/\",\"name\":\"Akumul\u00e1torov\u00e1 priamo\u010diara p\u00edla Makita DJR183RT1J 18 V 5,0 Ah - Wilhelm Hundt GmbH\",\"isPartOf\":{\"@id\":\"https:\\\/\\\/hundtgroup.com\\\/sk\\\/#website\"},\"primaryImageOfPage\":{\"@id\":\"https:\\\/\\\/hundtgroup.com\\\/sk\\\/produkt\\\/akumulatorova-priamociara-pila-makita-djr183rt1j-18-v-50-ah\\\/#primaryimage\"},\"image\":{\"@id\":\"https:\\\/\\\/hundtgroup.com\\\/sk\\\/produkt\\\/akumulatorova-priamociara-pila-makita-djr183rt1j-18-v-50-ah\\\/#primaryimage\"},\"thumbnailUrl\":\"https:\\\/\\\/hundtgroup.com\\\/wp-content\\\/uploads\\\/300221.jpg\",\"datePublished\":\"2025-06-18T16:31:27+00:00\",\"dateModified\":\"2025-07-28T14:36:24+00:00\",\"breadcrumb\":{\"@id\":\"https:\\\/\\\/hundtgroup.com\\\/sk\\\/produkt\\\/akumulatorova-priamociara-pila-makita-djr183rt1j-18-v-50-ah\\\/#breadcrumb\"},\"inLanguage\":\"sk-SK\",\"potentialAction\":[{\"@type\":\"ReadAction\",\"target\":[\"https:\\\/\\\/hundtgroup.com\\\/sk\\\/produkt\\\/akumulatorova-priamociara-pila-makita-djr183rt1j-18-v-50-ah\\\/\"]}]},{\"@type\":\"ImageObject\",\"inLanguage\":\"sk-SK\",\"@id\":\"https:\\\/\\\/hundtgroup.com\\\/sk\\\/produkt\\\/akumulatorova-priamociara-pila-makita-djr183rt1j-18-v-50-ah\\\/#primaryimage\",\"url\":\"https:\\\/\\\/hundtgroup.com\\\/wp-content\\\/uploads\\\/300221.jpg\",\"contentUrl\":\"https:\\\/\\\/hundtgroup.com\\\/wp-content\\\/uploads\\\/300221.jpg\",\"width\":1000,\"height\":437},{\"@type\":\"BreadcrumbList\",\"@id\":\"https:\\\/\\\/hundtgroup.com\\\/sk\\\/produkt\\\/akumulatorova-priamociara-pila-makita-djr183rt1j-18-v-50-ah\\\/#breadcrumb\",\"itemListElement\":[{\"@type\":\"ListItem\",\"position\":1,\"name\":\"Startseite\",\"item\":\"https:\\\/\\\/hundtgroup.com\\\/sk\\\/domov-nove\\\/\"},{\"@type\":\"ListItem\",\"position\":2,\"name\":\"Obchod\",\"item\":\"https:\\\/\\\/hundtgroup.com\\\/obchod\\\/\"},{\"@type\":\"ListItem\",\"position\":3,\"name\":\"Akumul\u00e1torov\u00e1 priamo\u010diara p\u00edla Makita DJR183RT1J 18 V 5,0 Ah\"}]},{\"@type\":\"WebSite\",\"@id\":\"https:\\\/\\\/hundtgroup.com\\\/sk\\\/#website\",\"url\":\"https:\\\/\\\/hundtgroup.com\\\/sk\\\/\",\"name\":\"Wilhelm Hundt GmbH\",\"description\":\"V\u00e1\u0161 \u0161pecialista na stroje a n\u00e1stroje na spracovanie plechu\",\"potentialAction\":[{\"@type\":\"SearchAction\",\"target\":{\"@type\":\"EntryPoint\",\"urlTemplate\":\"https:\\\/\\\/hundtgroup.com\\\/sk\\\/?s={search_term_string}\"},\"query-input\":{\"@type\":\"PropertyValueSpecification\",\"valueRequired\":true,\"valueName\":\"search_term_string\"}}],\"inLanguage\":\"sk-SK\"}]}<\/script>\n<!-- \/ Yoast SEO plugin. -->","yoast_head_json":{"title":"Akumul\u00e1torov\u00e1 priamo\u010diara p\u00edla Makita DJR183RT1J 18 V 5,0 Ah - Wilhelm Hundt GmbH","robots":{"index":"index","follow":"follow","max-snippet":"max-snippet:-1","max-image-preview":"max-image-preview:large","max-video-preview":"max-video-preview:-1"},"canonical":"https:\/\/hundtgroup.com\/sk\/produkt\/akumulatorova-priamociara-pila-makita-djr183rt1j-18-v-50-ah\/","og_locale":"sk_SK","og_type":"article","og_title":"Akumul\u00e1torov\u00e1 priamo\u010diara p\u00edla Makita DJR183RT1J 18 V 5,0 Ah - Wilhelm Hundt GmbH","og_description":"\u013dahk\u00e1 a praktick\u00e1 p\u00edla Recipro umo\u017e\u0148uje pr\u00edstup do \u00fazkych a \u0165a\u017eko pr\u00edstupn\u00fdch miest. Dva samostatn\u00e9 sp\u00edna\u010de nap\u00e1jania pon\u00fakaj\u00fa v\u00e4\u010d\u0161iu flexibilitu pri manipul\u00e1cii. V\u00fd\u0161ka zdvihu je 13 mm. Ot\u00e1\u010dky vo\u013enobehu mo\u017eno nastavi\u0165 v rozmedz\u00ed od 0 do 3 000 ot\/min. S LED di\u00f3dou a v\u00fdmenou p\u00edlov\u00e9ho listu bez pou\u017eitia n\u00e1radia.","og_url":"https:\/\/hundtgroup.com\/sk\/produkt\/akumulatorova-priamociara-pila-makita-djr183rt1j-18-v-50-ah\/","og_site_name":"Wilhelm Hundt GmbH","article_modified_time":"2025-07-28T14:36:24+00:00","og_image":[{"width":1000,"height":437,"url":"https:\/\/hundtgroup.com\/wp-content\/uploads\/300221.jpg","type":"image\/jpeg"}],"twitter_card":"summary_large_image","schema":{"@context":"https:\/\/schema.org","@graph":[{"@type":"WebPage","@id":"https:\/\/hundtgroup.com\/sk\/produkt\/akumulatorova-priamociara-pila-makita-djr183rt1j-18-v-50-ah\/","url":"https:\/\/hundtgroup.com\/sk\/produkt\/akumulatorova-priamociara-pila-makita-djr183rt1j-18-v-50-ah\/","name":"Akumul\u00e1torov\u00e1 priamo\u010diara p\u00edla Makita DJR183RT1J 18 V 5,0 Ah - Wilhelm Hundt GmbH","isPartOf":{"@id":"https:\/\/hundtgroup.com\/sk\/#website"},"primaryImageOfPage":{"@id":"https:\/\/hundtgroup.com\/sk\/produkt\/akumulatorova-priamociara-pila-makita-djr183rt1j-18-v-50-ah\/#primaryimage"},"image":{"@id":"https:\/\/hundtgroup.com\/sk\/produkt\/akumulatorova-priamociara-pila-makita-djr183rt1j-18-v-50-ah\/#primaryimage"},"thumbnailUrl":"https:\/\/hundtgroup.com\/wp-content\/uploads\/300221.jpg","datePublished":"2025-06-18T16:31:27+00:00","dateModified":"2025-07-28T14:36:24+00:00","breadcrumb":{"@id":"https:\/\/hundtgroup.com\/sk\/produkt\/akumulatorova-priamociara-pila-makita-djr183rt1j-18-v-50-ah\/#breadcrumb"},"inLanguage":"sk-SK","potentialAction":[{"@type":"ReadAction","target":["https:\/\/hundtgroup.com\/sk\/produkt\/akumulatorova-priamociara-pila-makita-djr183rt1j-18-v-50-ah\/"]}]},{"@type":"ImageObject","inLanguage":"sk-SK","@id":"https:\/\/hundtgroup.com\/sk\/produkt\/akumulatorova-priamociara-pila-makita-djr183rt1j-18-v-50-ah\/#primaryimage","url":"https:\/\/hundtgroup.com\/wp-content\/uploads\/300221.jpg","contentUrl":"https:\/\/hundtgroup.com\/wp-content\/uploads\/300221.jpg","width":1000,"height":437},{"@type":"BreadcrumbList","@id":"https:\/\/hundtgroup.com\/sk\/produkt\/akumulatorova-priamociara-pila-makita-djr183rt1j-18-v-50-ah\/#breadcrumb","itemListElement":[{"@type":"ListItem","position":1,"name":"Startseite","item":"https:\/\/hundtgroup.com\/sk\/domov-nove\/"},{"@type":"ListItem","position":2,"name":"Obchod","item":"https:\/\/hundtgroup.com\/obchod\/"},{"@type":"ListItem","position":3,"name":"Akumul\u00e1torov\u00e1 priamo\u010diara p\u00edla Makita DJR183RT1J 18 V 5,0 Ah"}]},{"@type":"WebSite","@id":"https:\/\/hundtgroup.com\/sk\/#website","url":"https:\/\/hundtgroup.com\/sk\/","name":"Wilhelm Hundt GmbH","description":"V\u00e1\u0161 \u0161pecialista na stroje a n\u00e1stroje na spracovanie plechu","potentialAction":[{"@type":"SearchAction","target":{"@type":"EntryPoint","urlTemplate":"https:\/\/hundtgroup.com\/sk\/?s={search_term_string}"},"query-input":{"@type":"PropertyValueSpecification","valueRequired":true,"valueName":"search_term_string"}}],"inLanguage":"sk-SK"}]}},"_links":{"self":[{"href":"https:\/\/hundtgroup.com\/sk\/wp-json\/wp\/v2\/product\/23357","targetHints":{"allow":["GET"]}}],"collection":[{"href":"https:\/\/hundtgroup.com\/sk\/wp-json\/wp\/v2\/product"}],"about":[{"href":"https:\/\/hundtgroup.com\/sk\/wp-json\/wp\/v2\/types\/product"}],"wp:featuredmedia":[{"embeddable":true,"href":"https:\/\/hundtgroup.com\/sk\/wp-json\/wp\/v2\/media\/23345"}],"wp:attachment":[{"href":"https:\/\/hundtgroup.com\/sk\/wp-json\/wp\/v2\/media?parent=23357"}],"wp:term":[{"taxonomy":"product_cat","embeddable":true,"href":"https:\/\/hundtgroup.com\/sk\/wp-json\/wp\/v2\/product_cat?post=23357"},{"taxonomy":"product_tag","embeddable":true,"href":"https:\/\/hundtgroup.com\/sk\/wp-json\/wp\/v2\/product_tag?post=23357"}],"curies":[{"name":"wp","href":"https:\/\/api.w.org\/{rel}","templated":true}]}}