{"id":24233,"date":"2022-10-26T15:59:34","date_gmt":"2022-10-26T13:59:34","guid":{"rendered":"https:\/\/hundtgroup.com\/produkt\/50-m-predlzenie-schuko-230v\/"},"modified":"2025-08-05T18:11:16","modified_gmt":"2025-08-05T16:11:16","slug":"50-m-predlzenie-schuko-230v","status":"publish","type":"product","link":"https:\/\/hundtgroup.com\/sk\/produkt\/50-m-predlzenie-schuko-230v\/","title":{"rendered":"50 m pred\u013a\u017eenie Schuko 230V"},"content":{"rendered":"<p>Gumov\u00fd predl\u017eovac\u00ed k\u00e1bel.<br \/>\nVerzia Heavy-duty so z\u00e1str\u010dkou uzem\u0148ovacieho kontaktu.<br \/>\nSpojka uzem\u0148ovacieho kontaktu s ochrann\u00fdm krytom.<br \/>\nTestovan\u00e9 pod\u013ea DIN VDE 0620-1, DIN VDE 0282-4<br \/>\nZodpoved\u00e1 BGI 608<\/p>\n","protected":false},"excerpt":{"rendered":"<p>Gumov\u00fd predl\u017eovac\u00ed k\u00e1bel. Verzia Heavy-duty so z\u00e1str\u010dkou uzem\u0148ovacieho kontaktu. Spojka uzem\u0148ovacieho kontaktu s ochrann\u00fdm krytom. Testovan\u00e9 pod\u013ea DIN VDE 0620-1, DIN VDE 0282-4 Zodpoved\u00e1 BGI 608<\/p>\n","protected":false},"featured_media":24234,"template":"","meta":{"_acf_changed":false,"inline_featured_image":false},"product_cat":[2251,2166],"product_tag":[],"class_list":{"0":"post-24233","1":"product","2":"type-product","3":"status-publish","4":"has-post-thumbnail","6":"product_cat-rozsirenia","7":"product_cat-elektricka-siet","9":"first","10":"instock","11":"taxable","12":"shipping-taxable","13":"purchasable","14":"product-type-simple","15":"add-to-wishlist-before_image"},"acf":[],"yoast_head":"<!-- This site is optimized with the Yoast SEO plugin v27.3 - https:\/\/yoast.com\/product\/yoast-seo-wordpress\/ -->\n<title>50 m pred\u013a\u017eenie Schuko 230V - Wilhelm Hundt GmbH<\/title>\n<meta name=\"robots\" content=\"index, follow, max-snippet:-1, max-image-preview:large, max-video-preview:-1\" \/>\n<link rel=\"canonical\" href=\"https:\/\/hundtgroup.com\/sk\/produkt\/50-m-predlzenie-schuko-230v\/\" \/>\n<meta property=\"og:locale\" content=\"sk_SK\" \/>\n<meta property=\"og:type\" content=\"article\" \/>\n<meta property=\"og:title\" content=\"50 m pred\u013a\u017eenie Schuko 230V - Wilhelm Hundt GmbH\" \/>\n<meta property=\"og:description\" content=\"Gumov\u00fd predl\u017eovac\u00ed k\u00e1bel. Verzia Heavy-duty so z\u00e1str\u010dkou uzem\u0148ovacieho kontaktu. Spojka uzem\u0148ovacieho kontaktu s ochrann\u00fdm krytom. Testovan\u00e9 pod\u013ea DIN VDE 0620-1, DIN VDE 0282-4 Zodpoved\u00e1 BGI 608\" \/>\n<meta property=\"og:url\" content=\"https:\/\/hundtgroup.com\/sk\/produkt\/50-m-predlzenie-schuko-230v\/\" \/>\n<meta property=\"og:site_name\" content=\"Wilhelm Hundt GmbH\" \/>\n<meta property=\"article:modified_time\" content=\"2025-08-05T16:11:16+00:00\" \/>\n<meta property=\"og:image\" content=\"https:\/\/hundtgroup.com\/wp-content\/uploads\/230043.png\" \/>\n\t<meta property=\"og:image:width\" content=\"684\" \/>\n\t<meta property=\"og:image:height\" content=\"570\" \/>\n\t<meta property=\"og:image:type\" content=\"image\/png\" \/>\n<meta name=\"twitter:card\" content=\"summary_large_image\" \/>\n<script type=\"application\/ld+json\" class=\"yoast-schema-graph\">{\"@context\":\"https:\\\/\\\/schema.org\",\"@graph\":[{\"@type\":\"WebPage\",\"@id\":\"https:\\\/\\\/hundtgroup.com\\\/sk\\\/produkt\\\/50-m-predlzenie-schuko-230v\\\/\",\"url\":\"https:\\\/\\\/hundtgroup.com\\\/sk\\\/produkt\\\/50-m-predlzenie-schuko-230v\\\/\",\"name\":\"50 m pred\u013a\u017eenie Schuko 230V - Wilhelm Hundt GmbH\",\"isPartOf\":{\"@id\":\"https:\\\/\\\/hundtgroup.com\\\/sk\\\/#website\"},\"primaryImageOfPage\":{\"@id\":\"https:\\\/\\\/hundtgroup.com\\\/sk\\\/produkt\\\/50-m-predlzenie-schuko-230v\\\/#primaryimage\"},\"image\":{\"@id\":\"https:\\\/\\\/hundtgroup.com\\\/sk\\\/produkt\\\/50-m-predlzenie-schuko-230v\\\/#primaryimage\"},\"thumbnailUrl\":\"https:\\\/\\\/hundtgroup.com\\\/wp-content\\\/uploads\\\/230043.png\",\"datePublished\":\"2022-10-26T13:59:34+00:00\",\"dateModified\":\"2025-08-05T16:11:16+00:00\",\"breadcrumb\":{\"@id\":\"https:\\\/\\\/hundtgroup.com\\\/sk\\\/produkt\\\/50-m-predlzenie-schuko-230v\\\/#breadcrumb\"},\"inLanguage\":\"sk-SK\",\"potentialAction\":[{\"@type\":\"ReadAction\",\"target\":[\"https:\\\/\\\/hundtgroup.com\\\/sk\\\/produkt\\\/50-m-predlzenie-schuko-230v\\\/\"]}]},{\"@type\":\"ImageObject\",\"inLanguage\":\"sk-SK\",\"@id\":\"https:\\\/\\\/hundtgroup.com\\\/sk\\\/produkt\\\/50-m-predlzenie-schuko-230v\\\/#primaryimage\",\"url\":\"https:\\\/\\\/hundtgroup.com\\\/wp-content\\\/uploads\\\/230043.png\",\"contentUrl\":\"https:\\\/\\\/hundtgroup.com\\\/wp-content\\\/uploads\\\/230043.png\",\"width\":684,\"height\":570},{\"@type\":\"BreadcrumbList\",\"@id\":\"https:\\\/\\\/hundtgroup.com\\\/sk\\\/produkt\\\/50-m-predlzenie-schuko-230v\\\/#breadcrumb\",\"itemListElement\":[{\"@type\":\"ListItem\",\"position\":1,\"name\":\"Startseite\",\"item\":\"https:\\\/\\\/hundtgroup.com\\\/sk\\\/domov-nove\\\/\"},{\"@type\":\"ListItem\",\"position\":2,\"name\":\"Obchod\",\"item\":\"https:\\\/\\\/hundtgroup.com\\\/obchod\\\/\"},{\"@type\":\"ListItem\",\"position\":3,\"name\":\"50 m pred\u013a\u017eenie Schuko 230V\"}]},{\"@type\":\"WebSite\",\"@id\":\"https:\\\/\\\/hundtgroup.com\\\/sk\\\/#website\",\"url\":\"https:\\\/\\\/hundtgroup.com\\\/sk\\\/\",\"name\":\"Wilhelm Hundt GmbH\",\"description\":\"V\u00e1\u0161 \u0161pecialista na stroje a n\u00e1stroje na spracovanie plechu\",\"potentialAction\":[{\"@type\":\"SearchAction\",\"target\":{\"@type\":\"EntryPoint\",\"urlTemplate\":\"https:\\\/\\\/hundtgroup.com\\\/sk\\\/?s={search_term_string}\"},\"query-input\":{\"@type\":\"PropertyValueSpecification\",\"valueRequired\":true,\"valueName\":\"search_term_string\"}}],\"inLanguage\":\"sk-SK\"}]}<\/script>\n<!-- \/ Yoast SEO plugin. -->","yoast_head_json":{"title":"50 m pred\u013a\u017eenie Schuko 230V - Wilhelm Hundt GmbH","robots":{"index":"index","follow":"follow","max-snippet":"max-snippet:-1","max-image-preview":"max-image-preview:large","max-video-preview":"max-video-preview:-1"},"canonical":"https:\/\/hundtgroup.com\/sk\/produkt\/50-m-predlzenie-schuko-230v\/","og_locale":"sk_SK","og_type":"article","og_title":"50 m pred\u013a\u017eenie Schuko 230V - Wilhelm Hundt GmbH","og_description":"Gumov\u00fd predl\u017eovac\u00ed k\u00e1bel. Verzia Heavy-duty so z\u00e1str\u010dkou uzem\u0148ovacieho kontaktu. Spojka uzem\u0148ovacieho kontaktu s ochrann\u00fdm krytom. Testovan\u00e9 pod\u013ea DIN VDE 0620-1, DIN VDE 0282-4 Zodpoved\u00e1 BGI 608","og_url":"https:\/\/hundtgroup.com\/sk\/produkt\/50-m-predlzenie-schuko-230v\/","og_site_name":"Wilhelm Hundt GmbH","article_modified_time":"2025-08-05T16:11:16+00:00","og_image":[{"width":684,"height":570,"url":"https:\/\/hundtgroup.com\/wp-content\/uploads\/230043.png","type":"image\/png"}],"twitter_card":"summary_large_image","schema":{"@context":"https:\/\/schema.org","@graph":[{"@type":"WebPage","@id":"https:\/\/hundtgroup.com\/sk\/produkt\/50-m-predlzenie-schuko-230v\/","url":"https:\/\/hundtgroup.com\/sk\/produkt\/50-m-predlzenie-schuko-230v\/","name":"50 m pred\u013a\u017eenie Schuko 230V - Wilhelm Hundt GmbH","isPartOf":{"@id":"https:\/\/hundtgroup.com\/sk\/#website"},"primaryImageOfPage":{"@id":"https:\/\/hundtgroup.com\/sk\/produkt\/50-m-predlzenie-schuko-230v\/#primaryimage"},"image":{"@id":"https:\/\/hundtgroup.com\/sk\/produkt\/50-m-predlzenie-schuko-230v\/#primaryimage"},"thumbnailUrl":"https:\/\/hundtgroup.com\/wp-content\/uploads\/230043.png","datePublished":"2022-10-26T13:59:34+00:00","dateModified":"2025-08-05T16:11:16+00:00","breadcrumb":{"@id":"https:\/\/hundtgroup.com\/sk\/produkt\/50-m-predlzenie-schuko-230v\/#breadcrumb"},"inLanguage":"sk-SK","potentialAction":[{"@type":"ReadAction","target":["https:\/\/hundtgroup.com\/sk\/produkt\/50-m-predlzenie-schuko-230v\/"]}]},{"@type":"ImageObject","inLanguage":"sk-SK","@id":"https:\/\/hundtgroup.com\/sk\/produkt\/50-m-predlzenie-schuko-230v\/#primaryimage","url":"https:\/\/hundtgroup.com\/wp-content\/uploads\/230043.png","contentUrl":"https:\/\/hundtgroup.com\/wp-content\/uploads\/230043.png","width":684,"height":570},{"@type":"BreadcrumbList","@id":"https:\/\/hundtgroup.com\/sk\/produkt\/50-m-predlzenie-schuko-230v\/#breadcrumb","itemListElement":[{"@type":"ListItem","position":1,"name":"Startseite","item":"https:\/\/hundtgroup.com\/sk\/domov-nove\/"},{"@type":"ListItem","position":2,"name":"Obchod","item":"https:\/\/hundtgroup.com\/obchod\/"},{"@type":"ListItem","position":3,"name":"50 m pred\u013a\u017eenie Schuko 230V"}]},{"@type":"WebSite","@id":"https:\/\/hundtgroup.com\/sk\/#website","url":"https:\/\/hundtgroup.com\/sk\/","name":"Wilhelm Hundt GmbH","description":"V\u00e1\u0161 \u0161pecialista na stroje a n\u00e1stroje na spracovanie plechu","potentialAction":[{"@type":"SearchAction","target":{"@type":"EntryPoint","urlTemplate":"https:\/\/hundtgroup.com\/sk\/?s={search_term_string}"},"query-input":{"@type":"PropertyValueSpecification","valueRequired":true,"valueName":"search_term_string"}}],"inLanguage":"sk-SK"}]}},"_links":{"self":[{"href":"https:\/\/hundtgroup.com\/sk\/wp-json\/wp\/v2\/product\/24233","targetHints":{"allow":["GET"]}}],"collection":[{"href":"https:\/\/hundtgroup.com\/sk\/wp-json\/wp\/v2\/product"}],"about":[{"href":"https:\/\/hundtgroup.com\/sk\/wp-json\/wp\/v2\/types\/product"}],"wp:featuredmedia":[{"embeddable":true,"href":"https:\/\/hundtgroup.com\/sk\/wp-json\/wp\/v2\/media\/24234"}],"wp:attachment":[{"href":"https:\/\/hundtgroup.com\/sk\/wp-json\/wp\/v2\/media?parent=24233"}],"wp:term":[{"taxonomy":"product_cat","embeddable":true,"href":"https:\/\/hundtgroup.com\/sk\/wp-json\/wp\/v2\/product_cat?post=24233"},{"taxonomy":"product_tag","embeddable":true,"href":"https:\/\/hundtgroup.com\/sk\/wp-json\/wp\/v2\/product_tag?post=24233"}],"curies":[{"name":"wp","href":"https:\/\/api.w.org\/{rel}","templated":true}]}}