{"id":24290,"date":"2022-10-26T15:59:34","date_gmt":"2022-10-26T13:59:34","guid":{"rendered":"https:\/\/hundtgroup.com\/produkt\/40-m-kovovy-kablovy-navijak-stavenisko\/"},"modified":"2025-08-05T18:12:06","modified_gmt":"2025-08-05T16:12:06","slug":"40-m-kovovy-kablovy-navijak-stavenisko","status":"publish","type":"product","link":"https:\/\/hundtgroup.com\/sk\/produkt\/40-m-kovovy-kablovy-navijak-stavenisko\/","title":{"rendered":"40 m kovov\u00fd k\u00e1blov\u00fd navijak stavenisko"},"content":{"rendered":"<p>Vhodn\u00fd na pou\u017eitie na stavenisk\u00e1ch.<br \/>\nTelo navijaka zo \u017eiarovo pozinkovan\u00e9ho oce\u013eov\u00e9ho plechu so \u0161peci\u00e1lnou ochrannou izol\u00e1ciou na ochranu pred \u00farazom elektrick\u00fdm pr\u00fadom sp\u00f4soben\u00fdm chybn\u00fdmi k\u00e1blov\u00fdmi zv\u00e4zkami pri nav\u00edjan\u00ed k\u00e1bla.<br \/>\nN\u00e1razuvzdorn\u00fd, stabiln\u00fd, pozinkovan\u00fd z\u00e1kladn\u00fd r\u00e1m s areta\u010dnou brzdou.<br \/>\nTepeln\u00fd isti\u010d VDE s automatickou funkciou na ochranu pred prehriat\u00edm.<br \/>\n3 ochrann\u00e9 kontaktn\u00e9 z\u00e1suvky s bezpe\u010dnostn\u00fdmi v\u00fdklopn\u00fdmi krytmi a zna\u010dkou kladiva.<br \/>\nS patentovan\u00fdm veden\u00edm k\u00e1bla.<br \/>\nNavijak na k\u00e1ble testovan\u00fd DGUV. Zodpoved\u00e1 BGI 608 <\/p>\n","protected":false},"excerpt":{"rendered":"<p>Vhodn\u00fd na pou\u017eitie na stavenisk\u00e1ch. Telo navijaka zo \u017eiarovo pozinkovan\u00e9ho oce\u013eov\u00e9ho plechu so \u0161peci\u00e1lnou ochrannou izol\u00e1ciou na ochranu pred \u00farazom elektrick\u00fdm pr\u00fadom sp\u00f4soben\u00fdm chybn\u00fdmi k\u00e1blov\u00fdmi zv\u00e4zkami pri nav\u00edjan\u00ed k\u00e1bla. N\u00e1razuvzdorn\u00fd, stabiln\u00fd, pozinkovan\u00fd z\u00e1kladn\u00fd r\u00e1m s areta\u010dnou brzdou. Tepeln\u00fd isti\u010d VDE s automatickou funkciou na ochranu pred prehriat\u00edm. 3 ochrann\u00e9 kontaktn\u00e9 z\u00e1suvky s bezpe\u010dnostn\u00fdmi v\u00fdklopn\u00fdmi krytmi [&hellip;]<\/p>\n","protected":false},"featured_media":24292,"template":"","meta":{"_acf_changed":false,"inline_featured_image":false},"product_cat":[2250,2166],"product_tag":[],"class_list":{"0":"post-24290","1":"product","2":"type-product","3":"status-publish","4":"has-post-thumbnail","6":"brand-hundt","7":"product_cat-kablove-bubny","8":"product_cat-elektricka-siet","10":"first","11":"instock","12":"taxable","13":"shipping-taxable","14":"purchasable","15":"product-type-simple","16":"add-to-wishlist-before_image"},"acf":[],"yoast_head":"<!-- This site is optimized with the Yoast SEO plugin v27.3 - https:\/\/yoast.com\/product\/yoast-seo-wordpress\/ -->\n<title>40 m kovov\u00fd k\u00e1blov\u00fd navijak stavenisko - Wilhelm Hundt GmbH<\/title>\n<meta name=\"robots\" content=\"index, follow, max-snippet:-1, max-image-preview:large, max-video-preview:-1\" \/>\n<link rel=\"canonical\" href=\"https:\/\/hundtgroup.com\/sk\/produkt\/40-m-kovovy-kablovy-navijak-stavenisko\/\" \/>\n<meta property=\"og:locale\" content=\"sk_SK\" \/>\n<meta property=\"og:type\" content=\"article\" \/>\n<meta property=\"og:title\" content=\"40 m kovov\u00fd k\u00e1blov\u00fd navijak stavenisko - Wilhelm Hundt GmbH\" \/>\n<meta property=\"og:description\" content=\"Vhodn\u00fd na pou\u017eitie na stavenisk\u00e1ch. Telo navijaka zo \u017eiarovo pozinkovan\u00e9ho oce\u013eov\u00e9ho plechu so \u0161peci\u00e1lnou ochrannou izol\u00e1ciou na ochranu pred \u00farazom elektrick\u00fdm pr\u00fadom sp\u00f4soben\u00fdm chybn\u00fdmi k\u00e1blov\u00fdmi zv\u00e4zkami pri nav\u00edjan\u00ed k\u00e1bla. N\u00e1razuvzdorn\u00fd, stabiln\u00fd, pozinkovan\u00fd z\u00e1kladn\u00fd r\u00e1m s areta\u010dnou brzdou. Tepeln\u00fd isti\u010d VDE s automatickou funkciou na ochranu pred prehriat\u00edm. 3 ochrann\u00e9 kontaktn\u00e9 z\u00e1suvky s bezpe\u010dnostn\u00fdmi v\u00fdklopn\u00fdmi krytmi [&hellip;]\" \/>\n<meta property=\"og:url\" content=\"https:\/\/hundtgroup.com\/sk\/produkt\/40-m-kovovy-kablovy-navijak-stavenisko\/\" \/>\n<meta property=\"og:site_name\" content=\"Wilhelm Hundt GmbH\" \/>\n<meta property=\"article:modified_time\" content=\"2025-08-05T16:12:06+00:00\" \/>\n<meta property=\"og:image\" content=\"https:\/\/hundtgroup.com\/wp-content\/uploads\/230014.png\" \/>\n\t<meta property=\"og:image:width\" content=\"442\" \/>\n\t<meta property=\"og:image:height\" content=\"591\" \/>\n\t<meta property=\"og:image:type\" content=\"image\/png\" \/>\n<meta name=\"twitter:card\" content=\"summary_large_image\" \/>\n<meta name=\"twitter:label1\" content=\"Predpokladan\u00fd \u010das \u010d\u00edtania\" \/>\n\t<meta name=\"twitter:data1\" content=\"1 min\u00fata\" \/>\n<script type=\"application\/ld+json\" class=\"yoast-schema-graph\">{\"@context\":\"https:\\\/\\\/schema.org\",\"@graph\":[{\"@type\":\"WebPage\",\"@id\":\"https:\\\/\\\/hundtgroup.com\\\/sk\\\/produkt\\\/40-m-kovovy-kablovy-navijak-stavenisko\\\/\",\"url\":\"https:\\\/\\\/hundtgroup.com\\\/sk\\\/produkt\\\/40-m-kovovy-kablovy-navijak-stavenisko\\\/\",\"name\":\"40 m kovov\u00fd k\u00e1blov\u00fd navijak stavenisko - Wilhelm Hundt GmbH\",\"isPartOf\":{\"@id\":\"https:\\\/\\\/hundtgroup.com\\\/sk\\\/#website\"},\"primaryImageOfPage\":{\"@id\":\"https:\\\/\\\/hundtgroup.com\\\/sk\\\/produkt\\\/40-m-kovovy-kablovy-navijak-stavenisko\\\/#primaryimage\"},\"image\":{\"@id\":\"https:\\\/\\\/hundtgroup.com\\\/sk\\\/produkt\\\/40-m-kovovy-kablovy-navijak-stavenisko\\\/#primaryimage\"},\"thumbnailUrl\":\"https:\\\/\\\/hundtgroup.com\\\/wp-content\\\/uploads\\\/230014.png\",\"datePublished\":\"2022-10-26T13:59:34+00:00\",\"dateModified\":\"2025-08-05T16:12:06+00:00\",\"breadcrumb\":{\"@id\":\"https:\\\/\\\/hundtgroup.com\\\/sk\\\/produkt\\\/40-m-kovovy-kablovy-navijak-stavenisko\\\/#breadcrumb\"},\"inLanguage\":\"sk-SK\",\"potentialAction\":[{\"@type\":\"ReadAction\",\"target\":[\"https:\\\/\\\/hundtgroup.com\\\/sk\\\/produkt\\\/40-m-kovovy-kablovy-navijak-stavenisko\\\/\"]}]},{\"@type\":\"ImageObject\",\"inLanguage\":\"sk-SK\",\"@id\":\"https:\\\/\\\/hundtgroup.com\\\/sk\\\/produkt\\\/40-m-kovovy-kablovy-navijak-stavenisko\\\/#primaryimage\",\"url\":\"https:\\\/\\\/hundtgroup.com\\\/wp-content\\\/uploads\\\/230014.png\",\"contentUrl\":\"https:\\\/\\\/hundtgroup.com\\\/wp-content\\\/uploads\\\/230014.png\",\"width\":442,\"height\":591},{\"@type\":\"BreadcrumbList\",\"@id\":\"https:\\\/\\\/hundtgroup.com\\\/sk\\\/produkt\\\/40-m-kovovy-kablovy-navijak-stavenisko\\\/#breadcrumb\",\"itemListElement\":[{\"@type\":\"ListItem\",\"position\":1,\"name\":\"Startseite\",\"item\":\"https:\\\/\\\/hundtgroup.com\\\/sk\\\/domov-nove\\\/\"},{\"@type\":\"ListItem\",\"position\":2,\"name\":\"Obchod\",\"item\":\"https:\\\/\\\/hundtgroup.com\\\/obchod\\\/\"},{\"@type\":\"ListItem\",\"position\":3,\"name\":\"40 m kovov\u00fd k\u00e1blov\u00fd navijak stavenisko\"}]},{\"@type\":\"WebSite\",\"@id\":\"https:\\\/\\\/hundtgroup.com\\\/sk\\\/#website\",\"url\":\"https:\\\/\\\/hundtgroup.com\\\/sk\\\/\",\"name\":\"Wilhelm Hundt GmbH\",\"description\":\"V\u00e1\u0161 \u0161pecialista na stroje a n\u00e1stroje na spracovanie plechu\",\"potentialAction\":[{\"@type\":\"SearchAction\",\"target\":{\"@type\":\"EntryPoint\",\"urlTemplate\":\"https:\\\/\\\/hundtgroup.com\\\/sk\\\/?s={search_term_string}\"},\"query-input\":{\"@type\":\"PropertyValueSpecification\",\"valueRequired\":true,\"valueName\":\"search_term_string\"}}],\"inLanguage\":\"sk-SK\"}]}<\/script>\n<!-- \/ Yoast SEO plugin. -->","yoast_head_json":{"title":"40 m kovov\u00fd k\u00e1blov\u00fd navijak stavenisko - Wilhelm Hundt GmbH","robots":{"index":"index","follow":"follow","max-snippet":"max-snippet:-1","max-image-preview":"max-image-preview:large","max-video-preview":"max-video-preview:-1"},"canonical":"https:\/\/hundtgroup.com\/sk\/produkt\/40-m-kovovy-kablovy-navijak-stavenisko\/","og_locale":"sk_SK","og_type":"article","og_title":"40 m kovov\u00fd k\u00e1blov\u00fd navijak stavenisko - Wilhelm Hundt GmbH","og_description":"Vhodn\u00fd na pou\u017eitie na stavenisk\u00e1ch. Telo navijaka zo \u017eiarovo pozinkovan\u00e9ho oce\u013eov\u00e9ho plechu so \u0161peci\u00e1lnou ochrannou izol\u00e1ciou na ochranu pred \u00farazom elektrick\u00fdm pr\u00fadom sp\u00f4soben\u00fdm chybn\u00fdmi k\u00e1blov\u00fdmi zv\u00e4zkami pri nav\u00edjan\u00ed k\u00e1bla. N\u00e1razuvzdorn\u00fd, stabiln\u00fd, pozinkovan\u00fd z\u00e1kladn\u00fd r\u00e1m s areta\u010dnou brzdou. Tepeln\u00fd isti\u010d VDE s automatickou funkciou na ochranu pred prehriat\u00edm. 3 ochrann\u00e9 kontaktn\u00e9 z\u00e1suvky s bezpe\u010dnostn\u00fdmi v\u00fdklopn\u00fdmi krytmi [&hellip;]","og_url":"https:\/\/hundtgroup.com\/sk\/produkt\/40-m-kovovy-kablovy-navijak-stavenisko\/","og_site_name":"Wilhelm Hundt GmbH","article_modified_time":"2025-08-05T16:12:06+00:00","og_image":[{"width":442,"height":591,"url":"https:\/\/hundtgroup.com\/wp-content\/uploads\/230014.png","type":"image\/png"}],"twitter_card":"summary_large_image","twitter_misc":{"Predpokladan\u00fd \u010das \u010d\u00edtania":"1 min\u00fata"},"schema":{"@context":"https:\/\/schema.org","@graph":[{"@type":"WebPage","@id":"https:\/\/hundtgroup.com\/sk\/produkt\/40-m-kovovy-kablovy-navijak-stavenisko\/","url":"https:\/\/hundtgroup.com\/sk\/produkt\/40-m-kovovy-kablovy-navijak-stavenisko\/","name":"40 m kovov\u00fd k\u00e1blov\u00fd navijak stavenisko - Wilhelm Hundt GmbH","isPartOf":{"@id":"https:\/\/hundtgroup.com\/sk\/#website"},"primaryImageOfPage":{"@id":"https:\/\/hundtgroup.com\/sk\/produkt\/40-m-kovovy-kablovy-navijak-stavenisko\/#primaryimage"},"image":{"@id":"https:\/\/hundtgroup.com\/sk\/produkt\/40-m-kovovy-kablovy-navijak-stavenisko\/#primaryimage"},"thumbnailUrl":"https:\/\/hundtgroup.com\/wp-content\/uploads\/230014.png","datePublished":"2022-10-26T13:59:34+00:00","dateModified":"2025-08-05T16:12:06+00:00","breadcrumb":{"@id":"https:\/\/hundtgroup.com\/sk\/produkt\/40-m-kovovy-kablovy-navijak-stavenisko\/#breadcrumb"},"inLanguage":"sk-SK","potentialAction":[{"@type":"ReadAction","target":["https:\/\/hundtgroup.com\/sk\/produkt\/40-m-kovovy-kablovy-navijak-stavenisko\/"]}]},{"@type":"ImageObject","inLanguage":"sk-SK","@id":"https:\/\/hundtgroup.com\/sk\/produkt\/40-m-kovovy-kablovy-navijak-stavenisko\/#primaryimage","url":"https:\/\/hundtgroup.com\/wp-content\/uploads\/230014.png","contentUrl":"https:\/\/hundtgroup.com\/wp-content\/uploads\/230014.png","width":442,"height":591},{"@type":"BreadcrumbList","@id":"https:\/\/hundtgroup.com\/sk\/produkt\/40-m-kovovy-kablovy-navijak-stavenisko\/#breadcrumb","itemListElement":[{"@type":"ListItem","position":1,"name":"Startseite","item":"https:\/\/hundtgroup.com\/sk\/domov-nove\/"},{"@type":"ListItem","position":2,"name":"Obchod","item":"https:\/\/hundtgroup.com\/obchod\/"},{"@type":"ListItem","position":3,"name":"40 m kovov\u00fd k\u00e1blov\u00fd navijak stavenisko"}]},{"@type":"WebSite","@id":"https:\/\/hundtgroup.com\/sk\/#website","url":"https:\/\/hundtgroup.com\/sk\/","name":"Wilhelm Hundt GmbH","description":"V\u00e1\u0161 \u0161pecialista na stroje a n\u00e1stroje na spracovanie plechu","potentialAction":[{"@type":"SearchAction","target":{"@type":"EntryPoint","urlTemplate":"https:\/\/hundtgroup.com\/sk\/?s={search_term_string}"},"query-input":{"@type":"PropertyValueSpecification","valueRequired":true,"valueName":"search_term_string"}}],"inLanguage":"sk-SK"}]}},"_links":{"self":[{"href":"https:\/\/hundtgroup.com\/sk\/wp-json\/wp\/v2\/product\/24290","targetHints":{"allow":["GET"]}}],"collection":[{"href":"https:\/\/hundtgroup.com\/sk\/wp-json\/wp\/v2\/product"}],"about":[{"href":"https:\/\/hundtgroup.com\/sk\/wp-json\/wp\/v2\/types\/product"}],"wp:featuredmedia":[{"embeddable":true,"href":"https:\/\/hundtgroup.com\/sk\/wp-json\/wp\/v2\/media\/24292"}],"wp:attachment":[{"href":"https:\/\/hundtgroup.com\/sk\/wp-json\/wp\/v2\/media?parent=24290"}],"wp:term":[{"taxonomy":"product_cat","embeddable":true,"href":"https:\/\/hundtgroup.com\/sk\/wp-json\/wp\/v2\/product_cat?post=24290"},{"taxonomy":"product_tag","embeddable":true,"href":"https:\/\/hundtgroup.com\/sk\/wp-json\/wp\/v2\/product_tag?post=24290"}],"curies":[{"name":"wp","href":"https:\/\/api.w.org\/{rel}","templated":true}]}}