{"id":24305,"date":"2022-10-26T15:59:34","date_gmt":"2022-10-26T13:59:34","guid":{"rendered":"https:\/\/hundtgroup.com\/produkt\/25-m-plastovy-kablovy-bubon\/"},"modified":"2025-08-05T18:04:45","modified_gmt":"2025-08-05T16:04:45","slug":"25-m-plastovy-kablovy-bubon","status":"publish","type":"product","link":"https:\/\/hundtgroup.com\/sk\/produkt\/25-m-plastovy-kablovy-bubon\/","title":{"rendered":"25 m plastov\u00fd k\u00e1blov\u00fd bubon"},"content":{"rendered":"<p>Vhodn\u00e9 na pou\u017eitie na stavenisk\u00e1ch.<br \/>\nTelo navijaka zo \u0161peci\u00e1lneho plastu s vysokou odolnos\u0165ou proti rozbitiu.<br \/>\nStabiln\u00fd, n\u00e1razuvzdorn\u00fd, pozinkovan\u00fd z\u00e1kladn\u00fd r\u00e1m s parkovacou brzdou.<br \/>\nTepeln\u00fd isti\u010d VDE s automatickou funkciou na ochranu proti prehriatiu.<br \/>\n3 uzemnen\u00e9 z\u00e1suvky s bezpe\u010dnostn\u00fdmi v\u00fdklopn\u00fdmi krytmi a ozna\u010den\u00edm kladivom.<br \/>\nS patentovan\u00fdm veden\u00edm k\u00e1blov.<br \/>\nVyhovuje BGI 608<\/p>\n","protected":false},"excerpt":{"rendered":"<p>Vhodn\u00e9 na pou\u017eitie na stavenisk\u00e1ch. Telo navijaka zo \u0161peci\u00e1lneho plastu s vysokou odolnos\u0165ou proti rozbitiu. Stabiln\u00fd, n\u00e1razuvzdorn\u00fd, pozinkovan\u00fd z\u00e1kladn\u00fd r\u00e1m s parkovacou brzdou. Tepeln\u00fd isti\u010d VDE s automatickou funkciou na ochranu proti prehriatiu. 3 uzemnen\u00e9 z\u00e1suvky s bezpe\u010dnostn\u00fdmi v\u00fdklopn\u00fdmi krytmi a ozna\u010den\u00edm kladivom. S patentovan\u00fdm veden\u00edm k\u00e1blov. Vyhovuje BGI 608<\/p>\n","protected":false},"featured_media":24308,"template":"","meta":{"_acf_changed":false,"inline_featured_image":false},"product_cat":[2250,2166],"product_tag":[],"class_list":{"0":"post-24305","1":"product","2":"type-product","3":"status-publish","4":"has-post-thumbnail","6":"brand-hundt","7":"product_cat-kablove-bubny","8":"product_cat-elektricka-siet","10":"first","11":"instock","12":"taxable","13":"shipping-taxable","14":"purchasable","15":"product-type-simple","16":"add-to-wishlist-before_image"},"acf":[],"yoast_head":"<!-- This site is optimized with the Yoast SEO plugin v27.3 - https:\/\/yoast.com\/product\/yoast-seo-wordpress\/ -->\n<title>25 m plastov\u00fd k\u00e1blov\u00fd bubon - Wilhelm Hundt GmbH<\/title>\n<meta name=\"robots\" content=\"index, follow, max-snippet:-1, max-image-preview:large, max-video-preview:-1\" \/>\n<link rel=\"canonical\" href=\"https:\/\/hundtgroup.com\/sk\/produkt\/25-m-plastovy-kablovy-bubon\/\" \/>\n<meta property=\"og:locale\" content=\"sk_SK\" \/>\n<meta property=\"og:type\" content=\"article\" \/>\n<meta property=\"og:title\" content=\"25 m plastov\u00fd k\u00e1blov\u00fd bubon - Wilhelm Hundt GmbH\" \/>\n<meta property=\"og:description\" content=\"Vhodn\u00e9 na pou\u017eitie na stavenisk\u00e1ch. Telo navijaka zo \u0161peci\u00e1lneho plastu s vysokou odolnos\u0165ou proti rozbitiu. Stabiln\u00fd, n\u00e1razuvzdorn\u00fd, pozinkovan\u00fd z\u00e1kladn\u00fd r\u00e1m s parkovacou brzdou. Tepeln\u00fd isti\u010d VDE s automatickou funkciou na ochranu proti prehriatiu. 3 uzemnen\u00e9 z\u00e1suvky s bezpe\u010dnostn\u00fdmi v\u00fdklopn\u00fdmi krytmi a ozna\u010den\u00edm kladivom. S patentovan\u00fdm veden\u00edm k\u00e1blov. Vyhovuje BGI 608\" \/>\n<meta property=\"og:url\" content=\"https:\/\/hundtgroup.com\/sk\/produkt\/25-m-plastovy-kablovy-bubon\/\" \/>\n<meta property=\"og:site_name\" content=\"Wilhelm Hundt GmbH\" \/>\n<meta property=\"article:modified_time\" content=\"2025-08-05T16:04:45+00:00\" \/>\n<meta property=\"og:image\" content=\"https:\/\/hundtgroup.com\/wp-content\/uploads\/230003.png\" \/>\n\t<meta property=\"og:image:width\" content=\"524\" \/>\n\t<meta property=\"og:image:height\" content=\"591\" \/>\n\t<meta property=\"og:image:type\" content=\"image\/png\" \/>\n<meta name=\"twitter:card\" content=\"summary_large_image\" \/>\n<script type=\"application\/ld+json\" class=\"yoast-schema-graph\">{\"@context\":\"https:\\\/\\\/schema.org\",\"@graph\":[{\"@type\":\"WebPage\",\"@id\":\"https:\\\/\\\/hundtgroup.com\\\/sk\\\/produkt\\\/25-m-plastovy-kablovy-bubon\\\/\",\"url\":\"https:\\\/\\\/hundtgroup.com\\\/sk\\\/produkt\\\/25-m-plastovy-kablovy-bubon\\\/\",\"name\":\"25 m plastov\u00fd k\u00e1blov\u00fd bubon - Wilhelm Hundt GmbH\",\"isPartOf\":{\"@id\":\"https:\\\/\\\/hundtgroup.com\\\/sk\\\/#website\"},\"primaryImageOfPage\":{\"@id\":\"https:\\\/\\\/hundtgroup.com\\\/sk\\\/produkt\\\/25-m-plastovy-kablovy-bubon\\\/#primaryimage\"},\"image\":{\"@id\":\"https:\\\/\\\/hundtgroup.com\\\/sk\\\/produkt\\\/25-m-plastovy-kablovy-bubon\\\/#primaryimage\"},\"thumbnailUrl\":\"https:\\\/\\\/hundtgroup.com\\\/wp-content\\\/uploads\\\/230003.png\",\"datePublished\":\"2022-10-26T13:59:34+00:00\",\"dateModified\":\"2025-08-05T16:04:45+00:00\",\"breadcrumb\":{\"@id\":\"https:\\\/\\\/hundtgroup.com\\\/sk\\\/produkt\\\/25-m-plastovy-kablovy-bubon\\\/#breadcrumb\"},\"inLanguage\":\"sk-SK\",\"potentialAction\":[{\"@type\":\"ReadAction\",\"target\":[\"https:\\\/\\\/hundtgroup.com\\\/sk\\\/produkt\\\/25-m-plastovy-kablovy-bubon\\\/\"]}]},{\"@type\":\"ImageObject\",\"inLanguage\":\"sk-SK\",\"@id\":\"https:\\\/\\\/hundtgroup.com\\\/sk\\\/produkt\\\/25-m-plastovy-kablovy-bubon\\\/#primaryimage\",\"url\":\"https:\\\/\\\/hundtgroup.com\\\/wp-content\\\/uploads\\\/230003.png\",\"contentUrl\":\"https:\\\/\\\/hundtgroup.com\\\/wp-content\\\/uploads\\\/230003.png\",\"width\":524,\"height\":591},{\"@type\":\"BreadcrumbList\",\"@id\":\"https:\\\/\\\/hundtgroup.com\\\/sk\\\/produkt\\\/25-m-plastovy-kablovy-bubon\\\/#breadcrumb\",\"itemListElement\":[{\"@type\":\"ListItem\",\"position\":1,\"name\":\"Startseite\",\"item\":\"https:\\\/\\\/hundtgroup.com\\\/sk\\\/domov-nove\\\/\"},{\"@type\":\"ListItem\",\"position\":2,\"name\":\"Obchod\",\"item\":\"https:\\\/\\\/hundtgroup.com\\\/obchod\\\/\"},{\"@type\":\"ListItem\",\"position\":3,\"name\":\"25 m plastov\u00fd k\u00e1blov\u00fd bubon\"}]},{\"@type\":\"WebSite\",\"@id\":\"https:\\\/\\\/hundtgroup.com\\\/sk\\\/#website\",\"url\":\"https:\\\/\\\/hundtgroup.com\\\/sk\\\/\",\"name\":\"Wilhelm Hundt GmbH\",\"description\":\"V\u00e1\u0161 \u0161pecialista na stroje a n\u00e1stroje na spracovanie plechu\",\"potentialAction\":[{\"@type\":\"SearchAction\",\"target\":{\"@type\":\"EntryPoint\",\"urlTemplate\":\"https:\\\/\\\/hundtgroup.com\\\/sk\\\/?s={search_term_string}\"},\"query-input\":{\"@type\":\"PropertyValueSpecification\",\"valueRequired\":true,\"valueName\":\"search_term_string\"}}],\"inLanguage\":\"sk-SK\"}]}<\/script>\n<!-- \/ Yoast SEO plugin. -->","yoast_head_json":{"title":"25 m plastov\u00fd k\u00e1blov\u00fd bubon - Wilhelm Hundt GmbH","robots":{"index":"index","follow":"follow","max-snippet":"max-snippet:-1","max-image-preview":"max-image-preview:large","max-video-preview":"max-video-preview:-1"},"canonical":"https:\/\/hundtgroup.com\/sk\/produkt\/25-m-plastovy-kablovy-bubon\/","og_locale":"sk_SK","og_type":"article","og_title":"25 m plastov\u00fd k\u00e1blov\u00fd bubon - Wilhelm Hundt GmbH","og_description":"Vhodn\u00e9 na pou\u017eitie na stavenisk\u00e1ch. Telo navijaka zo \u0161peci\u00e1lneho plastu s vysokou odolnos\u0165ou proti rozbitiu. Stabiln\u00fd, n\u00e1razuvzdorn\u00fd, pozinkovan\u00fd z\u00e1kladn\u00fd r\u00e1m s parkovacou brzdou. Tepeln\u00fd isti\u010d VDE s automatickou funkciou na ochranu proti prehriatiu. 3 uzemnen\u00e9 z\u00e1suvky s bezpe\u010dnostn\u00fdmi v\u00fdklopn\u00fdmi krytmi a ozna\u010den\u00edm kladivom. S patentovan\u00fdm veden\u00edm k\u00e1blov. Vyhovuje BGI 608","og_url":"https:\/\/hundtgroup.com\/sk\/produkt\/25-m-plastovy-kablovy-bubon\/","og_site_name":"Wilhelm Hundt GmbH","article_modified_time":"2025-08-05T16:04:45+00:00","og_image":[{"width":524,"height":591,"url":"https:\/\/hundtgroup.com\/wp-content\/uploads\/230003.png","type":"image\/png"}],"twitter_card":"summary_large_image","schema":{"@context":"https:\/\/schema.org","@graph":[{"@type":"WebPage","@id":"https:\/\/hundtgroup.com\/sk\/produkt\/25-m-plastovy-kablovy-bubon\/","url":"https:\/\/hundtgroup.com\/sk\/produkt\/25-m-plastovy-kablovy-bubon\/","name":"25 m plastov\u00fd k\u00e1blov\u00fd bubon - Wilhelm Hundt GmbH","isPartOf":{"@id":"https:\/\/hundtgroup.com\/sk\/#website"},"primaryImageOfPage":{"@id":"https:\/\/hundtgroup.com\/sk\/produkt\/25-m-plastovy-kablovy-bubon\/#primaryimage"},"image":{"@id":"https:\/\/hundtgroup.com\/sk\/produkt\/25-m-plastovy-kablovy-bubon\/#primaryimage"},"thumbnailUrl":"https:\/\/hundtgroup.com\/wp-content\/uploads\/230003.png","datePublished":"2022-10-26T13:59:34+00:00","dateModified":"2025-08-05T16:04:45+00:00","breadcrumb":{"@id":"https:\/\/hundtgroup.com\/sk\/produkt\/25-m-plastovy-kablovy-bubon\/#breadcrumb"},"inLanguage":"sk-SK","potentialAction":[{"@type":"ReadAction","target":["https:\/\/hundtgroup.com\/sk\/produkt\/25-m-plastovy-kablovy-bubon\/"]}]},{"@type":"ImageObject","inLanguage":"sk-SK","@id":"https:\/\/hundtgroup.com\/sk\/produkt\/25-m-plastovy-kablovy-bubon\/#primaryimage","url":"https:\/\/hundtgroup.com\/wp-content\/uploads\/230003.png","contentUrl":"https:\/\/hundtgroup.com\/wp-content\/uploads\/230003.png","width":524,"height":591},{"@type":"BreadcrumbList","@id":"https:\/\/hundtgroup.com\/sk\/produkt\/25-m-plastovy-kablovy-bubon\/#breadcrumb","itemListElement":[{"@type":"ListItem","position":1,"name":"Startseite","item":"https:\/\/hundtgroup.com\/sk\/domov-nove\/"},{"@type":"ListItem","position":2,"name":"Obchod","item":"https:\/\/hundtgroup.com\/obchod\/"},{"@type":"ListItem","position":3,"name":"25 m plastov\u00fd k\u00e1blov\u00fd bubon"}]},{"@type":"WebSite","@id":"https:\/\/hundtgroup.com\/sk\/#website","url":"https:\/\/hundtgroup.com\/sk\/","name":"Wilhelm Hundt GmbH","description":"V\u00e1\u0161 \u0161pecialista na stroje a n\u00e1stroje na spracovanie plechu","potentialAction":[{"@type":"SearchAction","target":{"@type":"EntryPoint","urlTemplate":"https:\/\/hundtgroup.com\/sk\/?s={search_term_string}"},"query-input":{"@type":"PropertyValueSpecification","valueRequired":true,"valueName":"search_term_string"}}],"inLanguage":"sk-SK"}]}},"_links":{"self":[{"href":"https:\/\/hundtgroup.com\/sk\/wp-json\/wp\/v2\/product\/24305","targetHints":{"allow":["GET"]}}],"collection":[{"href":"https:\/\/hundtgroup.com\/sk\/wp-json\/wp\/v2\/product"}],"about":[{"href":"https:\/\/hundtgroup.com\/sk\/wp-json\/wp\/v2\/types\/product"}],"wp:featuredmedia":[{"embeddable":true,"href":"https:\/\/hundtgroup.com\/sk\/wp-json\/wp\/v2\/media\/24308"}],"wp:attachment":[{"href":"https:\/\/hundtgroup.com\/sk\/wp-json\/wp\/v2\/media?parent=24305"}],"wp:term":[{"taxonomy":"product_cat","embeddable":true,"href":"https:\/\/hundtgroup.com\/sk\/wp-json\/wp\/v2\/product_cat?post=24305"},{"taxonomy":"product_tag","embeddable":true,"href":"https:\/\/hundtgroup.com\/sk\/wp-json\/wp\/v2\/product_tag?post=24305"}],"curies":[{"name":"wp","href":"https:\/\/api.w.org\/{rel}","templated":true}]}}