{"id":24492,"date":"2022-10-26T15:59:39","date_gmt":"2022-10-26T13:59:39","guid":{"rendered":"https:\/\/hundtgroup.com\/produkt\/visiaci-zamok-c-line-222-50-mm\/"},"modified":"2025-07-29T13:31:39","modified_gmt":"2025-07-29T11:31:39","slug":"visiaci-zamok-c-line-222-50-mm","status":"publish","type":"product","link":"https:\/\/hundtgroup.com\/sk\/produkt\/visiaci-zamok-c-line-222-50-mm\/","title":{"rendered":"Visiaci z\u00e1mok C-Line 222 50 mm"},"content":{"rendered":"<p>Mas\u00edvne mosadzn\u00e9 telo<br \/>\nDvojit\u00fd z\u00e1mok od ve\u013ekosti 40 mm<br \/>\nKvalitn\u00fd mas\u00edv<\/p>\n","protected":false},"excerpt":{"rendered":"<p>Mas\u00edvne mosadzn\u00e9 telo Dvojit\u00fd z\u00e1mok od ve\u013ekosti 40 mm Kvalitn\u00fd mas\u00edv<\/p>\n","protected":false},"featured_media":0,"template":"","meta":{"_acf_changed":false,"inline_featured_image":false},"product_cat":[2253,2180],"product_tag":[],"class_list":{"0":"post-24492","1":"product","2":"type-product","3":"status-publish","5":"brand-burg-waechter","6":"product_cat-doprava-sk","7":"product_cat-zariadenie-staveniska","9":"first","10":"instock","11":"taxable","12":"shipping-taxable","13":"purchasable","14":"product-type-simple","15":"add-to-wishlist-before_image"},"acf":[],"yoast_head":"<!-- This site is optimized with the Yoast SEO plugin v27.3 - https:\/\/yoast.com\/product\/yoast-seo-wordpress\/ -->\n<title>Visiaci z\u00e1mok C-Line 222 50 mm - Wilhelm Hundt GmbH<\/title>\n<meta name=\"robots\" content=\"index, follow, max-snippet:-1, max-image-preview:large, max-video-preview:-1\" \/>\n<link rel=\"canonical\" href=\"https:\/\/hundtgroup.com\/sk\/produkt\/visiaci-zamok-c-line-222-50-mm\/\" \/>\n<meta property=\"og:locale\" content=\"sk_SK\" \/>\n<meta property=\"og:type\" content=\"article\" \/>\n<meta property=\"og:title\" content=\"Visiaci z\u00e1mok C-Line 222 50 mm - Wilhelm Hundt GmbH\" \/>\n<meta property=\"og:description\" content=\"Mas\u00edvne mosadzn\u00e9 telo Dvojit\u00fd z\u00e1mok od ve\u013ekosti 40 mm Kvalitn\u00fd mas\u00edv\" \/>\n<meta property=\"og:url\" content=\"https:\/\/hundtgroup.com\/sk\/produkt\/visiaci-zamok-c-line-222-50-mm\/\" \/>\n<meta property=\"og:site_name\" content=\"Wilhelm Hundt GmbH\" \/>\n<meta property=\"article:modified_time\" content=\"2025-07-29T11:31:39+00:00\" \/>\n<meta name=\"twitter:card\" content=\"summary_large_image\" \/>\n<script type=\"application\/ld+json\" class=\"yoast-schema-graph\">{\"@context\":\"https:\\\/\\\/schema.org\",\"@graph\":[{\"@type\":\"WebPage\",\"@id\":\"https:\\\/\\\/hundtgroup.com\\\/sk\\\/produkt\\\/visiaci-zamok-c-line-222-50-mm\\\/\",\"url\":\"https:\\\/\\\/hundtgroup.com\\\/sk\\\/produkt\\\/visiaci-zamok-c-line-222-50-mm\\\/\",\"name\":\"Visiaci z\u00e1mok C-Line 222 50 mm - Wilhelm Hundt GmbH\",\"isPartOf\":{\"@id\":\"https:\\\/\\\/hundtgroup.com\\\/sk\\\/#website\"},\"datePublished\":\"2022-10-26T13:59:39+00:00\",\"dateModified\":\"2025-07-29T11:31:39+00:00\",\"breadcrumb\":{\"@id\":\"https:\\\/\\\/hundtgroup.com\\\/sk\\\/produkt\\\/visiaci-zamok-c-line-222-50-mm\\\/#breadcrumb\"},\"inLanguage\":\"sk-SK\",\"potentialAction\":[{\"@type\":\"ReadAction\",\"target\":[\"https:\\\/\\\/hundtgroup.com\\\/sk\\\/produkt\\\/visiaci-zamok-c-line-222-50-mm\\\/\"]}]},{\"@type\":\"BreadcrumbList\",\"@id\":\"https:\\\/\\\/hundtgroup.com\\\/sk\\\/produkt\\\/visiaci-zamok-c-line-222-50-mm\\\/#breadcrumb\",\"itemListElement\":[{\"@type\":\"ListItem\",\"position\":1,\"name\":\"Startseite\",\"item\":\"https:\\\/\\\/hundtgroup.com\\\/sk\\\/domov-nove\\\/\"},{\"@type\":\"ListItem\",\"position\":2,\"name\":\"Obchod\",\"item\":\"https:\\\/\\\/hundtgroup.com\\\/obchod\\\/\"},{\"@type\":\"ListItem\",\"position\":3,\"name\":\"Visiaci z\u00e1mok C-Line 222 50 mm\"}]},{\"@type\":\"WebSite\",\"@id\":\"https:\\\/\\\/hundtgroup.com\\\/sk\\\/#website\",\"url\":\"https:\\\/\\\/hundtgroup.com\\\/sk\\\/\",\"name\":\"Wilhelm Hundt GmbH\",\"description\":\"V\u00e1\u0161 \u0161pecialista na stroje a n\u00e1stroje na spracovanie plechu\",\"potentialAction\":[{\"@type\":\"SearchAction\",\"target\":{\"@type\":\"EntryPoint\",\"urlTemplate\":\"https:\\\/\\\/hundtgroup.com\\\/sk\\\/?s={search_term_string}\"},\"query-input\":{\"@type\":\"PropertyValueSpecification\",\"valueRequired\":true,\"valueName\":\"search_term_string\"}}],\"inLanguage\":\"sk-SK\"}]}<\/script>\n<!-- \/ Yoast SEO plugin. -->","yoast_head_json":{"title":"Visiaci z\u00e1mok C-Line 222 50 mm - Wilhelm Hundt GmbH","robots":{"index":"index","follow":"follow","max-snippet":"max-snippet:-1","max-image-preview":"max-image-preview:large","max-video-preview":"max-video-preview:-1"},"canonical":"https:\/\/hundtgroup.com\/sk\/produkt\/visiaci-zamok-c-line-222-50-mm\/","og_locale":"sk_SK","og_type":"article","og_title":"Visiaci z\u00e1mok C-Line 222 50 mm - Wilhelm Hundt GmbH","og_description":"Mas\u00edvne mosadzn\u00e9 telo Dvojit\u00fd z\u00e1mok od ve\u013ekosti 40 mm Kvalitn\u00fd mas\u00edv","og_url":"https:\/\/hundtgroup.com\/sk\/produkt\/visiaci-zamok-c-line-222-50-mm\/","og_site_name":"Wilhelm Hundt GmbH","article_modified_time":"2025-07-29T11:31:39+00:00","twitter_card":"summary_large_image","schema":{"@context":"https:\/\/schema.org","@graph":[{"@type":"WebPage","@id":"https:\/\/hundtgroup.com\/sk\/produkt\/visiaci-zamok-c-line-222-50-mm\/","url":"https:\/\/hundtgroup.com\/sk\/produkt\/visiaci-zamok-c-line-222-50-mm\/","name":"Visiaci z\u00e1mok C-Line 222 50 mm - Wilhelm Hundt GmbH","isPartOf":{"@id":"https:\/\/hundtgroup.com\/sk\/#website"},"datePublished":"2022-10-26T13:59:39+00:00","dateModified":"2025-07-29T11:31:39+00:00","breadcrumb":{"@id":"https:\/\/hundtgroup.com\/sk\/produkt\/visiaci-zamok-c-line-222-50-mm\/#breadcrumb"},"inLanguage":"sk-SK","potentialAction":[{"@type":"ReadAction","target":["https:\/\/hundtgroup.com\/sk\/produkt\/visiaci-zamok-c-line-222-50-mm\/"]}]},{"@type":"BreadcrumbList","@id":"https:\/\/hundtgroup.com\/sk\/produkt\/visiaci-zamok-c-line-222-50-mm\/#breadcrumb","itemListElement":[{"@type":"ListItem","position":1,"name":"Startseite","item":"https:\/\/hundtgroup.com\/sk\/domov-nove\/"},{"@type":"ListItem","position":2,"name":"Obchod","item":"https:\/\/hundtgroup.com\/obchod\/"},{"@type":"ListItem","position":3,"name":"Visiaci z\u00e1mok C-Line 222 50 mm"}]},{"@type":"WebSite","@id":"https:\/\/hundtgroup.com\/sk\/#website","url":"https:\/\/hundtgroup.com\/sk\/","name":"Wilhelm Hundt GmbH","description":"V\u00e1\u0161 \u0161pecialista na stroje a n\u00e1stroje na spracovanie plechu","potentialAction":[{"@type":"SearchAction","target":{"@type":"EntryPoint","urlTemplate":"https:\/\/hundtgroup.com\/sk\/?s={search_term_string}"},"query-input":{"@type":"PropertyValueSpecification","valueRequired":true,"valueName":"search_term_string"}}],"inLanguage":"sk-SK"}]}},"_links":{"self":[{"href":"https:\/\/hundtgroup.com\/sk\/wp-json\/wp\/v2\/product\/24492","targetHints":{"allow":["GET"]}}],"collection":[{"href":"https:\/\/hundtgroup.com\/sk\/wp-json\/wp\/v2\/product"}],"about":[{"href":"https:\/\/hundtgroup.com\/sk\/wp-json\/wp\/v2\/types\/product"}],"wp:attachment":[{"href":"https:\/\/hundtgroup.com\/sk\/wp-json\/wp\/v2\/media?parent=24492"}],"wp:term":[{"taxonomy":"product_cat","embeddable":true,"href":"https:\/\/hundtgroup.com\/sk\/wp-json\/wp\/v2\/product_cat?post=24492"},{"taxonomy":"product_tag","embeddable":true,"href":"https:\/\/hundtgroup.com\/sk\/wp-json\/wp\/v2\/product_tag?post=24492"}],"curies":[{"name":"wp","href":"https:\/\/api.w.org\/{rel}","templated":true}]}}