{"id":24515,"date":"2022-10-26T15:59:24","date_gmt":"2022-10-26T13:59:24","guid":{"rendered":"https:\/\/hundtgroup.com\/produkt\/nastrcny-kluc-hundt-s-gulovou-poistkou-sw-3-8\/"},"modified":"2025-07-29T13:18:08","modified_gmt":"2025-07-29T11:18:08","slug":"nastrcny-kluc-hundt-s-gulovou-poistkou-sw-3-8","status":"publish","type":"product","link":"https:\/\/hundtgroup.com\/sk\/produkt\/nastrcny-kluc-hundt-s-gulovou-poistkou-sw-3-8\/","title":{"rendered":"N\u00e1str\u010dn\u00fd k\u013e\u00fa\u010d Hundt s gu\u013eovou poistkou SW 3\/8&#8243;"},"content":{"rendered":"<p>Pre nemagnetick\u00e9 skrutky, pohon DIN 3126 &#8211; E6.3, skrutky z nehrdzavej\u00facej ocele s\u00fa upnut\u00e9 a nevypad\u00e1vaj\u00fa z n\u00e1str\u010dn\u00e9ho k\u013e\u00fa\u010da, dlh\u00e1 \u017eivotnos\u0165<br \/>\n, bez straty pru\u017einy<\/p>\n","protected":false},"excerpt":{"rendered":"<p>Pre nemagnetick\u00e9 skrutky, pohon DIN 3126 &#8211; E6.3, skrutky z nehrdzavej\u00facej ocele s\u00fa upnut\u00e9 a nevypad\u00e1vaj\u00fa z n\u00e1str\u010dn\u00e9ho k\u013e\u00fa\u010da, dlh\u00e1 \u017eivotnos\u0165 , bez straty pru\u017einy<\/p>\n","protected":false},"featured_media":24517,"template":"","meta":{"_acf_changed":false,"inline_featured_image":false},"product_cat":[2248,2290,2167],"product_tag":[],"class_list":{"0":"post-24515","1":"product","2":"type-product","3":"status-publish","4":"has-post-thumbnail","6":"brand-hundt","7":"product_cat-nasadenia","8":"product_cat-gulovy-kluc-so-zamkom","9":"product_cat-baterie-elektricke-prislusenstvo","11":"first","12":"instock","13":"taxable","14":"shipping-taxable","15":"purchasable","16":"product-type-simple","17":"add-to-wishlist-before_image"},"acf":[],"yoast_head":"<!-- This site is optimized with the Yoast SEO plugin v27.3 - https:\/\/yoast.com\/product\/yoast-seo-wordpress\/ -->\n<title>N\u00e1str\u010dn\u00fd k\u013e\u00fa\u010d Hundt s gu\u013eovou poistkou SW 3\/8&quot; - Wilhelm Hundt GmbH<\/title>\n<meta name=\"robots\" content=\"index, follow, max-snippet:-1, max-image-preview:large, max-video-preview:-1\" \/>\n<link rel=\"canonical\" href=\"https:\/\/hundtgroup.com\/sk\/produkt\/nastrcny-kluc-hundt-s-gulovou-poistkou-sw-3-8\/\" \/>\n<meta property=\"og:locale\" content=\"sk_SK\" \/>\n<meta property=\"og:type\" content=\"article\" \/>\n<meta property=\"og:title\" content=\"N\u00e1str\u010dn\u00fd k\u013e\u00fa\u010d Hundt s gu\u013eovou poistkou SW 3\/8&quot; - Wilhelm Hundt GmbH\" \/>\n<meta property=\"og:description\" content=\"Pre nemagnetick\u00e9 skrutky, pohon DIN 3126 &#8211; E6.3, skrutky z nehrdzavej\u00facej ocele s\u00fa upnut\u00e9 a nevypad\u00e1vaj\u00fa z n\u00e1str\u010dn\u00e9ho k\u013e\u00fa\u010da, dlh\u00e1 \u017eivotnos\u0165 , bez straty pru\u017einy\" \/>\n<meta property=\"og:url\" content=\"https:\/\/hundtgroup.com\/sk\/produkt\/nastrcny-kluc-hundt-s-gulovou-poistkou-sw-3-8\/\" \/>\n<meta property=\"og:site_name\" content=\"Wilhelm Hundt GmbH\" \/>\n<meta property=\"article:modified_time\" content=\"2025-07-29T11:18:08+00:00\" \/>\n<meta property=\"og:image\" content=\"https:\/\/hundtgroup.com\/wp-content\/uploads\/355042.png\" \/>\n\t<meta property=\"og:image:width\" content=\"551\" \/>\n\t<meta property=\"og:image:height\" content=\"173\" \/>\n\t<meta property=\"og:image:type\" content=\"image\/png\" \/>\n<meta name=\"twitter:card\" content=\"summary_large_image\" \/>\n<script type=\"application\/ld+json\" class=\"yoast-schema-graph\">{\"@context\":\"https:\\\/\\\/schema.org\",\"@graph\":[{\"@type\":\"WebPage\",\"@id\":\"https:\\\/\\\/hundtgroup.com\\\/sk\\\/produkt\\\/nastrcny-kluc-hundt-s-gulovou-poistkou-sw-3-8\\\/\",\"url\":\"https:\\\/\\\/hundtgroup.com\\\/sk\\\/produkt\\\/nastrcny-kluc-hundt-s-gulovou-poistkou-sw-3-8\\\/\",\"name\":\"N\u00e1str\u010dn\u00fd k\u013e\u00fa\u010d Hundt s gu\u013eovou poistkou SW 3\\\/8\\\" - Wilhelm Hundt GmbH\",\"isPartOf\":{\"@id\":\"https:\\\/\\\/hundtgroup.com\\\/sk\\\/#website\"},\"primaryImageOfPage\":{\"@id\":\"https:\\\/\\\/hundtgroup.com\\\/sk\\\/produkt\\\/nastrcny-kluc-hundt-s-gulovou-poistkou-sw-3-8\\\/#primaryimage\"},\"image\":{\"@id\":\"https:\\\/\\\/hundtgroup.com\\\/sk\\\/produkt\\\/nastrcny-kluc-hundt-s-gulovou-poistkou-sw-3-8\\\/#primaryimage\"},\"thumbnailUrl\":\"https:\\\/\\\/hundtgroup.com\\\/wp-content\\\/uploads\\\/355042.png\",\"datePublished\":\"2022-10-26T13:59:24+00:00\",\"dateModified\":\"2025-07-29T11:18:08+00:00\",\"breadcrumb\":{\"@id\":\"https:\\\/\\\/hundtgroup.com\\\/sk\\\/produkt\\\/nastrcny-kluc-hundt-s-gulovou-poistkou-sw-3-8\\\/#breadcrumb\"},\"inLanguage\":\"sk-SK\",\"potentialAction\":[{\"@type\":\"ReadAction\",\"target\":[\"https:\\\/\\\/hundtgroup.com\\\/sk\\\/produkt\\\/nastrcny-kluc-hundt-s-gulovou-poistkou-sw-3-8\\\/\"]}]},{\"@type\":\"ImageObject\",\"inLanguage\":\"sk-SK\",\"@id\":\"https:\\\/\\\/hundtgroup.com\\\/sk\\\/produkt\\\/nastrcny-kluc-hundt-s-gulovou-poistkou-sw-3-8\\\/#primaryimage\",\"url\":\"https:\\\/\\\/hundtgroup.com\\\/wp-content\\\/uploads\\\/355042.png\",\"contentUrl\":\"https:\\\/\\\/hundtgroup.com\\\/wp-content\\\/uploads\\\/355042.png\",\"width\":551,\"height\":173},{\"@type\":\"BreadcrumbList\",\"@id\":\"https:\\\/\\\/hundtgroup.com\\\/sk\\\/produkt\\\/nastrcny-kluc-hundt-s-gulovou-poistkou-sw-3-8\\\/#breadcrumb\",\"itemListElement\":[{\"@type\":\"ListItem\",\"position\":1,\"name\":\"Startseite\",\"item\":\"https:\\\/\\\/hundtgroup.com\\\/sk\\\/domov-nove\\\/\"},{\"@type\":\"ListItem\",\"position\":2,\"name\":\"Obchod\",\"item\":\"https:\\\/\\\/hundtgroup.com\\\/obchod\\\/\"},{\"@type\":\"ListItem\",\"position\":3,\"name\":\"N\u00e1str\u010dn\u00fd k\u013e\u00fa\u010d Hundt s gu\u013eovou poistkou SW 3\\\/8&#8243;\"}]},{\"@type\":\"WebSite\",\"@id\":\"https:\\\/\\\/hundtgroup.com\\\/sk\\\/#website\",\"url\":\"https:\\\/\\\/hundtgroup.com\\\/sk\\\/\",\"name\":\"Wilhelm Hundt GmbH\",\"description\":\"V\u00e1\u0161 \u0161pecialista na stroje a n\u00e1stroje na spracovanie plechu\",\"potentialAction\":[{\"@type\":\"SearchAction\",\"target\":{\"@type\":\"EntryPoint\",\"urlTemplate\":\"https:\\\/\\\/hundtgroup.com\\\/sk\\\/?s={search_term_string}\"},\"query-input\":{\"@type\":\"PropertyValueSpecification\",\"valueRequired\":true,\"valueName\":\"search_term_string\"}}],\"inLanguage\":\"sk-SK\"}]}<\/script>\n<!-- \/ Yoast SEO plugin. -->","yoast_head_json":{"title":"N\u00e1str\u010dn\u00fd k\u013e\u00fa\u010d Hundt s gu\u013eovou poistkou SW 3\/8\" - Wilhelm Hundt GmbH","robots":{"index":"index","follow":"follow","max-snippet":"max-snippet:-1","max-image-preview":"max-image-preview:large","max-video-preview":"max-video-preview:-1"},"canonical":"https:\/\/hundtgroup.com\/sk\/produkt\/nastrcny-kluc-hundt-s-gulovou-poistkou-sw-3-8\/","og_locale":"sk_SK","og_type":"article","og_title":"N\u00e1str\u010dn\u00fd k\u013e\u00fa\u010d Hundt s gu\u013eovou poistkou SW 3\/8\" - Wilhelm Hundt GmbH","og_description":"Pre nemagnetick\u00e9 skrutky, pohon DIN 3126 &#8211; E6.3, skrutky z nehrdzavej\u00facej ocele s\u00fa upnut\u00e9 a nevypad\u00e1vaj\u00fa z n\u00e1str\u010dn\u00e9ho k\u013e\u00fa\u010da, dlh\u00e1 \u017eivotnos\u0165 , bez straty pru\u017einy","og_url":"https:\/\/hundtgroup.com\/sk\/produkt\/nastrcny-kluc-hundt-s-gulovou-poistkou-sw-3-8\/","og_site_name":"Wilhelm Hundt GmbH","article_modified_time":"2025-07-29T11:18:08+00:00","og_image":[{"width":551,"height":173,"url":"https:\/\/hundtgroup.com\/wp-content\/uploads\/355042.png","type":"image\/png"}],"twitter_card":"summary_large_image","schema":{"@context":"https:\/\/schema.org","@graph":[{"@type":"WebPage","@id":"https:\/\/hundtgroup.com\/sk\/produkt\/nastrcny-kluc-hundt-s-gulovou-poistkou-sw-3-8\/","url":"https:\/\/hundtgroup.com\/sk\/produkt\/nastrcny-kluc-hundt-s-gulovou-poistkou-sw-3-8\/","name":"N\u00e1str\u010dn\u00fd k\u013e\u00fa\u010d Hundt s gu\u013eovou poistkou SW 3\/8\" - Wilhelm Hundt GmbH","isPartOf":{"@id":"https:\/\/hundtgroup.com\/sk\/#website"},"primaryImageOfPage":{"@id":"https:\/\/hundtgroup.com\/sk\/produkt\/nastrcny-kluc-hundt-s-gulovou-poistkou-sw-3-8\/#primaryimage"},"image":{"@id":"https:\/\/hundtgroup.com\/sk\/produkt\/nastrcny-kluc-hundt-s-gulovou-poistkou-sw-3-8\/#primaryimage"},"thumbnailUrl":"https:\/\/hundtgroup.com\/wp-content\/uploads\/355042.png","datePublished":"2022-10-26T13:59:24+00:00","dateModified":"2025-07-29T11:18:08+00:00","breadcrumb":{"@id":"https:\/\/hundtgroup.com\/sk\/produkt\/nastrcny-kluc-hundt-s-gulovou-poistkou-sw-3-8\/#breadcrumb"},"inLanguage":"sk-SK","potentialAction":[{"@type":"ReadAction","target":["https:\/\/hundtgroup.com\/sk\/produkt\/nastrcny-kluc-hundt-s-gulovou-poistkou-sw-3-8\/"]}]},{"@type":"ImageObject","inLanguage":"sk-SK","@id":"https:\/\/hundtgroup.com\/sk\/produkt\/nastrcny-kluc-hundt-s-gulovou-poistkou-sw-3-8\/#primaryimage","url":"https:\/\/hundtgroup.com\/wp-content\/uploads\/355042.png","contentUrl":"https:\/\/hundtgroup.com\/wp-content\/uploads\/355042.png","width":551,"height":173},{"@type":"BreadcrumbList","@id":"https:\/\/hundtgroup.com\/sk\/produkt\/nastrcny-kluc-hundt-s-gulovou-poistkou-sw-3-8\/#breadcrumb","itemListElement":[{"@type":"ListItem","position":1,"name":"Startseite","item":"https:\/\/hundtgroup.com\/sk\/domov-nove\/"},{"@type":"ListItem","position":2,"name":"Obchod","item":"https:\/\/hundtgroup.com\/obchod\/"},{"@type":"ListItem","position":3,"name":"N\u00e1str\u010dn\u00fd k\u013e\u00fa\u010d Hundt s gu\u013eovou poistkou SW 3\/8&#8243;"}]},{"@type":"WebSite","@id":"https:\/\/hundtgroup.com\/sk\/#website","url":"https:\/\/hundtgroup.com\/sk\/","name":"Wilhelm Hundt GmbH","description":"V\u00e1\u0161 \u0161pecialista na stroje a n\u00e1stroje na spracovanie plechu","potentialAction":[{"@type":"SearchAction","target":{"@type":"EntryPoint","urlTemplate":"https:\/\/hundtgroup.com\/sk\/?s={search_term_string}"},"query-input":{"@type":"PropertyValueSpecification","valueRequired":true,"valueName":"search_term_string"}}],"inLanguage":"sk-SK"}]}},"_links":{"self":[{"href":"https:\/\/hundtgroup.com\/sk\/wp-json\/wp\/v2\/product\/24515","targetHints":{"allow":["GET"]}}],"collection":[{"href":"https:\/\/hundtgroup.com\/sk\/wp-json\/wp\/v2\/product"}],"about":[{"href":"https:\/\/hundtgroup.com\/sk\/wp-json\/wp\/v2\/types\/product"}],"wp:featuredmedia":[{"embeddable":true,"href":"https:\/\/hundtgroup.com\/sk\/wp-json\/wp\/v2\/media\/24517"}],"wp:attachment":[{"href":"https:\/\/hundtgroup.com\/sk\/wp-json\/wp\/v2\/media?parent=24515"}],"wp:term":[{"taxonomy":"product_cat","embeddable":true,"href":"https:\/\/hundtgroup.com\/sk\/wp-json\/wp\/v2\/product_cat?post=24515"},{"taxonomy":"product_tag","embeddable":true,"href":"https:\/\/hundtgroup.com\/sk\/wp-json\/wp\/v2\/product_tag?post=24515"}],"curies":[{"name":"wp","href":"https:\/\/api.w.org\/{rel}","templated":true}]}}