{"id":24931,"date":"2022-10-26T15:59:13","date_gmt":"2022-10-26T13:59:13","guid":{"rendered":"https:\/\/hundtgroup.com\/produkt\/pakove-nitovacie-klieste-na-slepe-nity-bz-70\/"},"modified":"2025-07-29T13:06:33","modified_gmt":"2025-07-29T11:06:33","slug":"pakove-nitovacie-klieste-na-slepe-nity-bz-70","status":"publish","type":"product","link":"https:\/\/hundtgroup.com\/sk\/produkt\/pakove-nitovacie-klieste-na-slepe-nity-bz-70\/","title":{"rendered":"P\u00e1kov\u00e9 nitovacie klie\u0161te na slep\u00e9 nity BZ 70"},"content":{"rendered":"<p>Pre oce\u013eov\u00e9, nerezov\u00e9 a meden\u00e9 slep\u00e9 nity od \u00d8 3 mm &#8211; 5 mm, pre hlin\u00edkov\u00e9 slep\u00e9 nity \u00d8 3 mm &#8211; 6 mm.<\/p>\n","protected":false},"excerpt":{"rendered":"<p>Pre oce\u013eov\u00e9, nerezov\u00e9 a meden\u00e9 slep\u00e9 nity od \u00d8 3 mm &#8211; 5 mm, pre hlin\u00edkov\u00e9 slep\u00e9 nity \u00d8 3 mm &#8211; 6 mm.<\/p>\n","protected":false},"featured_media":24934,"template":"","meta":{"_acf_changed":false,"inline_featured_image":false},"product_cat":[2243,2242],"product_tag":[],"class_list":{"0":"post-24931","1":"product","2":"type-product","3":"status-publish","4":"has-post-thumbnail","6":"brand-honsel","7":"product_cat-manualne","8":"product_cat-nastroje-na-nitovanie","10":"first","11":"instock","12":"taxable","13":"shipping-taxable","14":"purchasable","15":"product-type-simple","16":"add-to-wishlist-before_image"},"acf":[],"yoast_head":"<!-- This site is optimized with the Yoast SEO plugin v27.3 - https:\/\/yoast.com\/product\/yoast-seo-wordpress\/ -->\n<title>P\u00e1kov\u00e9 nitovacie klie\u0161te na slep\u00e9 nity BZ 70 - Wilhelm Hundt GmbH<\/title>\n<meta name=\"robots\" content=\"index, follow, max-snippet:-1, max-image-preview:large, max-video-preview:-1\" \/>\n<link rel=\"canonical\" href=\"https:\/\/hundtgroup.com\/sk\/produkt\/pakove-nitovacie-klieste-na-slepe-nity-bz-70\/\" \/>\n<meta property=\"og:locale\" content=\"sk_SK\" \/>\n<meta property=\"og:type\" content=\"article\" \/>\n<meta property=\"og:title\" content=\"P\u00e1kov\u00e9 nitovacie klie\u0161te na slep\u00e9 nity BZ 70 - Wilhelm Hundt GmbH\" \/>\n<meta property=\"og:description\" content=\"Pre oce\u013eov\u00e9, nerezov\u00e9 a meden\u00e9 slep\u00e9 nity od \u00d8 3 mm &#8211; 5 mm, pre hlin\u00edkov\u00e9 slep\u00e9 nity \u00d8 3 mm &#8211; 6 mm.\" \/>\n<meta property=\"og:url\" content=\"https:\/\/hundtgroup.com\/sk\/produkt\/pakove-nitovacie-klieste-na-slepe-nity-bz-70\/\" \/>\n<meta property=\"og:site_name\" content=\"Wilhelm Hundt GmbH\" \/>\n<meta property=\"article:modified_time\" content=\"2025-07-29T11:06:33+00:00\" \/>\n<meta property=\"og:image\" content=\"https:\/\/hundtgroup.com\/wp-content\/uploads\/500277.jpg\" \/>\n\t<meta property=\"og:image:width\" content=\"468\" \/>\n\t<meta property=\"og:image:height\" content=\"1200\" \/>\n\t<meta property=\"og:image:type\" content=\"image\/jpeg\" \/>\n<meta name=\"twitter:card\" content=\"summary_large_image\" \/>\n<script type=\"application\/ld+json\" class=\"yoast-schema-graph\">{\"@context\":\"https:\\\/\\\/schema.org\",\"@graph\":[{\"@type\":\"WebPage\",\"@id\":\"https:\\\/\\\/hundtgroup.com\\\/sk\\\/produkt\\\/pakove-nitovacie-klieste-na-slepe-nity-bz-70\\\/\",\"url\":\"https:\\\/\\\/hundtgroup.com\\\/sk\\\/produkt\\\/pakove-nitovacie-klieste-na-slepe-nity-bz-70\\\/\",\"name\":\"P\u00e1kov\u00e9 nitovacie klie\u0161te na slep\u00e9 nity BZ 70 - Wilhelm Hundt GmbH\",\"isPartOf\":{\"@id\":\"https:\\\/\\\/hundtgroup.com\\\/sk\\\/#website\"},\"primaryImageOfPage\":{\"@id\":\"https:\\\/\\\/hundtgroup.com\\\/sk\\\/produkt\\\/pakove-nitovacie-klieste-na-slepe-nity-bz-70\\\/#primaryimage\"},\"image\":{\"@id\":\"https:\\\/\\\/hundtgroup.com\\\/sk\\\/produkt\\\/pakove-nitovacie-klieste-na-slepe-nity-bz-70\\\/#primaryimage\"},\"thumbnailUrl\":\"https:\\\/\\\/hundtgroup.com\\\/wp-content\\\/uploads\\\/500277.jpg\",\"datePublished\":\"2022-10-26T13:59:13+00:00\",\"dateModified\":\"2025-07-29T11:06:33+00:00\",\"breadcrumb\":{\"@id\":\"https:\\\/\\\/hundtgroup.com\\\/sk\\\/produkt\\\/pakove-nitovacie-klieste-na-slepe-nity-bz-70\\\/#breadcrumb\"},\"inLanguage\":\"sk-SK\",\"potentialAction\":[{\"@type\":\"ReadAction\",\"target\":[\"https:\\\/\\\/hundtgroup.com\\\/sk\\\/produkt\\\/pakove-nitovacie-klieste-na-slepe-nity-bz-70\\\/\"]}]},{\"@type\":\"ImageObject\",\"inLanguage\":\"sk-SK\",\"@id\":\"https:\\\/\\\/hundtgroup.com\\\/sk\\\/produkt\\\/pakove-nitovacie-klieste-na-slepe-nity-bz-70\\\/#primaryimage\",\"url\":\"https:\\\/\\\/hundtgroup.com\\\/wp-content\\\/uploads\\\/500277.jpg\",\"contentUrl\":\"https:\\\/\\\/hundtgroup.com\\\/wp-content\\\/uploads\\\/500277.jpg\",\"width\":468,\"height\":1200},{\"@type\":\"BreadcrumbList\",\"@id\":\"https:\\\/\\\/hundtgroup.com\\\/sk\\\/produkt\\\/pakove-nitovacie-klieste-na-slepe-nity-bz-70\\\/#breadcrumb\",\"itemListElement\":[{\"@type\":\"ListItem\",\"position\":1,\"name\":\"Startseite\",\"item\":\"https:\\\/\\\/hundtgroup.com\\\/sk\\\/domov-nove\\\/\"},{\"@type\":\"ListItem\",\"position\":2,\"name\":\"Obchod\",\"item\":\"https:\\\/\\\/hundtgroup.com\\\/obchod\\\/\"},{\"@type\":\"ListItem\",\"position\":3,\"name\":\"P\u00e1kov\u00e9 nitovacie klie\u0161te na slep\u00e9 nity BZ 70\"}]},{\"@type\":\"WebSite\",\"@id\":\"https:\\\/\\\/hundtgroup.com\\\/sk\\\/#website\",\"url\":\"https:\\\/\\\/hundtgroup.com\\\/sk\\\/\",\"name\":\"Wilhelm Hundt GmbH\",\"description\":\"V\u00e1\u0161 \u0161pecialista na stroje a n\u00e1stroje na spracovanie plechu\",\"potentialAction\":[{\"@type\":\"SearchAction\",\"target\":{\"@type\":\"EntryPoint\",\"urlTemplate\":\"https:\\\/\\\/hundtgroup.com\\\/sk\\\/?s={search_term_string}\"},\"query-input\":{\"@type\":\"PropertyValueSpecification\",\"valueRequired\":true,\"valueName\":\"search_term_string\"}}],\"inLanguage\":\"sk-SK\"}]}<\/script>\n<!-- \/ Yoast SEO plugin. -->","yoast_head_json":{"title":"P\u00e1kov\u00e9 nitovacie klie\u0161te na slep\u00e9 nity BZ 70 - Wilhelm Hundt GmbH","robots":{"index":"index","follow":"follow","max-snippet":"max-snippet:-1","max-image-preview":"max-image-preview:large","max-video-preview":"max-video-preview:-1"},"canonical":"https:\/\/hundtgroup.com\/sk\/produkt\/pakove-nitovacie-klieste-na-slepe-nity-bz-70\/","og_locale":"sk_SK","og_type":"article","og_title":"P\u00e1kov\u00e9 nitovacie klie\u0161te na slep\u00e9 nity BZ 70 - Wilhelm Hundt GmbH","og_description":"Pre oce\u013eov\u00e9, nerezov\u00e9 a meden\u00e9 slep\u00e9 nity od \u00d8 3 mm &#8211; 5 mm, pre hlin\u00edkov\u00e9 slep\u00e9 nity \u00d8 3 mm &#8211; 6 mm.","og_url":"https:\/\/hundtgroup.com\/sk\/produkt\/pakove-nitovacie-klieste-na-slepe-nity-bz-70\/","og_site_name":"Wilhelm Hundt GmbH","article_modified_time":"2025-07-29T11:06:33+00:00","og_image":[{"width":468,"height":1200,"url":"https:\/\/hundtgroup.com\/wp-content\/uploads\/500277.jpg","type":"image\/jpeg"}],"twitter_card":"summary_large_image","schema":{"@context":"https:\/\/schema.org","@graph":[{"@type":"WebPage","@id":"https:\/\/hundtgroup.com\/sk\/produkt\/pakove-nitovacie-klieste-na-slepe-nity-bz-70\/","url":"https:\/\/hundtgroup.com\/sk\/produkt\/pakove-nitovacie-klieste-na-slepe-nity-bz-70\/","name":"P\u00e1kov\u00e9 nitovacie klie\u0161te na slep\u00e9 nity BZ 70 - Wilhelm Hundt GmbH","isPartOf":{"@id":"https:\/\/hundtgroup.com\/sk\/#website"},"primaryImageOfPage":{"@id":"https:\/\/hundtgroup.com\/sk\/produkt\/pakove-nitovacie-klieste-na-slepe-nity-bz-70\/#primaryimage"},"image":{"@id":"https:\/\/hundtgroup.com\/sk\/produkt\/pakove-nitovacie-klieste-na-slepe-nity-bz-70\/#primaryimage"},"thumbnailUrl":"https:\/\/hundtgroup.com\/wp-content\/uploads\/500277.jpg","datePublished":"2022-10-26T13:59:13+00:00","dateModified":"2025-07-29T11:06:33+00:00","breadcrumb":{"@id":"https:\/\/hundtgroup.com\/sk\/produkt\/pakove-nitovacie-klieste-na-slepe-nity-bz-70\/#breadcrumb"},"inLanguage":"sk-SK","potentialAction":[{"@type":"ReadAction","target":["https:\/\/hundtgroup.com\/sk\/produkt\/pakove-nitovacie-klieste-na-slepe-nity-bz-70\/"]}]},{"@type":"ImageObject","inLanguage":"sk-SK","@id":"https:\/\/hundtgroup.com\/sk\/produkt\/pakove-nitovacie-klieste-na-slepe-nity-bz-70\/#primaryimage","url":"https:\/\/hundtgroup.com\/wp-content\/uploads\/500277.jpg","contentUrl":"https:\/\/hundtgroup.com\/wp-content\/uploads\/500277.jpg","width":468,"height":1200},{"@type":"BreadcrumbList","@id":"https:\/\/hundtgroup.com\/sk\/produkt\/pakove-nitovacie-klieste-na-slepe-nity-bz-70\/#breadcrumb","itemListElement":[{"@type":"ListItem","position":1,"name":"Startseite","item":"https:\/\/hundtgroup.com\/sk\/domov-nove\/"},{"@type":"ListItem","position":2,"name":"Obchod","item":"https:\/\/hundtgroup.com\/obchod\/"},{"@type":"ListItem","position":3,"name":"P\u00e1kov\u00e9 nitovacie klie\u0161te na slep\u00e9 nity BZ 70"}]},{"@type":"WebSite","@id":"https:\/\/hundtgroup.com\/sk\/#website","url":"https:\/\/hundtgroup.com\/sk\/","name":"Wilhelm Hundt GmbH","description":"V\u00e1\u0161 \u0161pecialista na stroje a n\u00e1stroje na spracovanie plechu","potentialAction":[{"@type":"SearchAction","target":{"@type":"EntryPoint","urlTemplate":"https:\/\/hundtgroup.com\/sk\/?s={search_term_string}"},"query-input":{"@type":"PropertyValueSpecification","valueRequired":true,"valueName":"search_term_string"}}],"inLanguage":"sk-SK"}]}},"_links":{"self":[{"href":"https:\/\/hundtgroup.com\/sk\/wp-json\/wp\/v2\/product\/24931","targetHints":{"allow":["GET"]}}],"collection":[{"href":"https:\/\/hundtgroup.com\/sk\/wp-json\/wp\/v2\/product"}],"about":[{"href":"https:\/\/hundtgroup.com\/sk\/wp-json\/wp\/v2\/types\/product"}],"wp:featuredmedia":[{"embeddable":true,"href":"https:\/\/hundtgroup.com\/sk\/wp-json\/wp\/v2\/media\/24934"}],"wp:attachment":[{"href":"https:\/\/hundtgroup.com\/sk\/wp-json\/wp\/v2\/media?parent=24931"}],"wp:term":[{"taxonomy":"product_cat","embeddable":true,"href":"https:\/\/hundtgroup.com\/sk\/wp-json\/wp\/v2\/product_cat?post=24931"},{"taxonomy":"product_tag","embeddable":true,"href":"https:\/\/hundtgroup.com\/sk\/wp-json\/wp\/v2\/product_tag?post=24931"}],"curies":[{"name":"wp","href":"https:\/\/api.w.org\/{rel}","templated":true}]}}