{"id":25089,"date":"2022-10-26T15:59:13","date_gmt":"2022-10-26T13:59:13","guid":{"rendered":"https:\/\/hundtgroup.com\/produkt\/rucne-nitovacie-klieste-na-slepe-nity-hz\/"},"modified":"2025-07-29T13:02:37","modified_gmt":"2025-07-29T11:02:37","slug":"rucne-nitovacie-klieste-na-slepe-nity-hz","status":"publish","type":"product","link":"https:\/\/hundtgroup.com\/sk\/produkt\/rucne-nitovacie-klieste-na-slepe-nity-hz\/","title":{"rendered":"Ru\u010dn\u00e9 nitovacie klie\u0161te na slep\u00e9 nity HZ"},"content":{"rendered":"<p>Klie\u0161te na slep\u00e9 nity testovan\u00e9 pod\u013ea GS, vyroben\u00e9 z hlin\u00edkovej zliatiny, vhodn\u00e9 na slep\u00e9 nity s priemerom 2,4 mm\u00d8, 3,2 mm\u00d8, 4 mm\u00d8, 4,8 mm\u00d8,<br \/>\nDod\u00e1van\u00e9 s pr\u00edslu\u0161n\u00fdmi n\u00e1stavcami<\/p>\n","protected":false},"excerpt":{"rendered":"<p>Klie\u0161te na slep\u00e9 nity testovan\u00e9 pod\u013ea GS, vyroben\u00e9 z hlin\u00edkovej zliatiny, vhodn\u00e9 na slep\u00e9 nity s priemerom 2,4 mm\u00d8, 3,2 mm\u00d8, 4 mm\u00d8, 4,8 mm\u00d8, Dod\u00e1van\u00e9 s pr\u00edslu\u0161n\u00fdmi n\u00e1stavcami<\/p>\n","protected":false},"featured_media":25090,"template":"","meta":{"_acf_changed":false,"inline_featured_image":false},"product_cat":[2242,2243],"product_tag":[],"class_list":{"0":"post-25089","1":"product","2":"type-product","3":"status-publish","4":"has-post-thumbnail","6":"brand-hundt","7":"product_cat-nastroje-na-nitovanie","8":"product_cat-manualne","10":"first","11":"instock","12":"taxable","13":"shipping-taxable","14":"purchasable","15":"product-type-simple","16":"add-to-wishlist-before_image"},"acf":[],"yoast_head":"<!-- This site is optimized with the Yoast SEO plugin v27.3 - https:\/\/yoast.com\/product\/yoast-seo-wordpress\/ -->\n<title>Ru\u010dn\u00e9 nitovacie klie\u0161te na slep\u00e9 nity HZ - Wilhelm Hundt GmbH<\/title>\n<meta name=\"robots\" content=\"index, follow, max-snippet:-1, max-image-preview:large, max-video-preview:-1\" \/>\n<link rel=\"canonical\" href=\"https:\/\/hundtgroup.com\/sk\/produkt\/rucne-nitovacie-klieste-na-slepe-nity-hz\/\" \/>\n<meta property=\"og:locale\" content=\"sk_SK\" \/>\n<meta property=\"og:type\" content=\"article\" \/>\n<meta property=\"og:title\" content=\"Ru\u010dn\u00e9 nitovacie klie\u0161te na slep\u00e9 nity HZ - Wilhelm Hundt GmbH\" \/>\n<meta property=\"og:description\" content=\"Klie\u0161te na slep\u00e9 nity testovan\u00e9 pod\u013ea GS, vyroben\u00e9 z hlin\u00edkovej zliatiny, vhodn\u00e9 na slep\u00e9 nity s priemerom 2,4 mm\u00d8, 3,2 mm\u00d8, 4 mm\u00d8, 4,8 mm\u00d8, Dod\u00e1van\u00e9 s pr\u00edslu\u0161n\u00fdmi n\u00e1stavcami\" \/>\n<meta property=\"og:url\" content=\"https:\/\/hundtgroup.com\/sk\/produkt\/rucne-nitovacie-klieste-na-slepe-nity-hz\/\" \/>\n<meta property=\"og:site_name\" content=\"Wilhelm Hundt GmbH\" \/>\n<meta property=\"article:modified_time\" content=\"2025-07-29T11:02:37+00:00\" \/>\n<meta property=\"og:image\" content=\"https:\/\/hundtgroup.com\/wp-content\/uploads\/500250.png\" \/>\n\t<meta property=\"og:image:width\" content=\"760\" \/>\n\t<meta property=\"og:image:height\" content=\"264\" \/>\n\t<meta property=\"og:image:type\" content=\"image\/png\" \/>\n<meta name=\"twitter:card\" content=\"summary_large_image\" \/>\n<script type=\"application\/ld+json\" class=\"yoast-schema-graph\">{\"@context\":\"https:\\\/\\\/schema.org\",\"@graph\":[{\"@type\":\"WebPage\",\"@id\":\"https:\\\/\\\/hundtgroup.com\\\/sk\\\/produkt\\\/rucne-nitovacie-klieste-na-slepe-nity-hz\\\/\",\"url\":\"https:\\\/\\\/hundtgroup.com\\\/sk\\\/produkt\\\/rucne-nitovacie-klieste-na-slepe-nity-hz\\\/\",\"name\":\"Ru\u010dn\u00e9 nitovacie klie\u0161te na slep\u00e9 nity HZ - Wilhelm Hundt GmbH\",\"isPartOf\":{\"@id\":\"https:\\\/\\\/hundtgroup.com\\\/sk\\\/#website\"},\"primaryImageOfPage\":{\"@id\":\"https:\\\/\\\/hundtgroup.com\\\/sk\\\/produkt\\\/rucne-nitovacie-klieste-na-slepe-nity-hz\\\/#primaryimage\"},\"image\":{\"@id\":\"https:\\\/\\\/hundtgroup.com\\\/sk\\\/produkt\\\/rucne-nitovacie-klieste-na-slepe-nity-hz\\\/#primaryimage\"},\"thumbnailUrl\":\"https:\\\/\\\/hundtgroup.com\\\/wp-content\\\/uploads\\\/500250.png\",\"datePublished\":\"2022-10-26T13:59:13+00:00\",\"dateModified\":\"2025-07-29T11:02:37+00:00\",\"breadcrumb\":{\"@id\":\"https:\\\/\\\/hundtgroup.com\\\/sk\\\/produkt\\\/rucne-nitovacie-klieste-na-slepe-nity-hz\\\/#breadcrumb\"},\"inLanguage\":\"sk-SK\",\"potentialAction\":[{\"@type\":\"ReadAction\",\"target\":[\"https:\\\/\\\/hundtgroup.com\\\/sk\\\/produkt\\\/rucne-nitovacie-klieste-na-slepe-nity-hz\\\/\"]}]},{\"@type\":\"ImageObject\",\"inLanguage\":\"sk-SK\",\"@id\":\"https:\\\/\\\/hundtgroup.com\\\/sk\\\/produkt\\\/rucne-nitovacie-klieste-na-slepe-nity-hz\\\/#primaryimage\",\"url\":\"https:\\\/\\\/hundtgroup.com\\\/wp-content\\\/uploads\\\/500250.png\",\"contentUrl\":\"https:\\\/\\\/hundtgroup.com\\\/wp-content\\\/uploads\\\/500250.png\",\"width\":760,\"height\":264},{\"@type\":\"BreadcrumbList\",\"@id\":\"https:\\\/\\\/hundtgroup.com\\\/sk\\\/produkt\\\/rucne-nitovacie-klieste-na-slepe-nity-hz\\\/#breadcrumb\",\"itemListElement\":[{\"@type\":\"ListItem\",\"position\":1,\"name\":\"Startseite\",\"item\":\"https:\\\/\\\/hundtgroup.com\\\/sk\\\/domov-nove\\\/\"},{\"@type\":\"ListItem\",\"position\":2,\"name\":\"Obchod\",\"item\":\"https:\\\/\\\/hundtgroup.com\\\/obchod\\\/\"},{\"@type\":\"ListItem\",\"position\":3,\"name\":\"Ru\u010dn\u00e9 nitovacie klie\u0161te na slep\u00e9 nity HZ\"}]},{\"@type\":\"WebSite\",\"@id\":\"https:\\\/\\\/hundtgroup.com\\\/sk\\\/#website\",\"url\":\"https:\\\/\\\/hundtgroup.com\\\/sk\\\/\",\"name\":\"Wilhelm Hundt GmbH\",\"description\":\"V\u00e1\u0161 \u0161pecialista na stroje a n\u00e1stroje na spracovanie plechu\",\"potentialAction\":[{\"@type\":\"SearchAction\",\"target\":{\"@type\":\"EntryPoint\",\"urlTemplate\":\"https:\\\/\\\/hundtgroup.com\\\/sk\\\/?s={search_term_string}\"},\"query-input\":{\"@type\":\"PropertyValueSpecification\",\"valueRequired\":true,\"valueName\":\"search_term_string\"}}],\"inLanguage\":\"sk-SK\"}]}<\/script>\n<!-- \/ Yoast SEO plugin. -->","yoast_head_json":{"title":"Ru\u010dn\u00e9 nitovacie klie\u0161te na slep\u00e9 nity HZ - Wilhelm Hundt GmbH","robots":{"index":"index","follow":"follow","max-snippet":"max-snippet:-1","max-image-preview":"max-image-preview:large","max-video-preview":"max-video-preview:-1"},"canonical":"https:\/\/hundtgroup.com\/sk\/produkt\/rucne-nitovacie-klieste-na-slepe-nity-hz\/","og_locale":"sk_SK","og_type":"article","og_title":"Ru\u010dn\u00e9 nitovacie klie\u0161te na slep\u00e9 nity HZ - Wilhelm Hundt GmbH","og_description":"Klie\u0161te na slep\u00e9 nity testovan\u00e9 pod\u013ea GS, vyroben\u00e9 z hlin\u00edkovej zliatiny, vhodn\u00e9 na slep\u00e9 nity s priemerom 2,4 mm\u00d8, 3,2 mm\u00d8, 4 mm\u00d8, 4,8 mm\u00d8, Dod\u00e1van\u00e9 s pr\u00edslu\u0161n\u00fdmi n\u00e1stavcami","og_url":"https:\/\/hundtgroup.com\/sk\/produkt\/rucne-nitovacie-klieste-na-slepe-nity-hz\/","og_site_name":"Wilhelm Hundt GmbH","article_modified_time":"2025-07-29T11:02:37+00:00","og_image":[{"width":760,"height":264,"url":"https:\/\/hundtgroup.com\/wp-content\/uploads\/500250.png","type":"image\/png"}],"twitter_card":"summary_large_image","schema":{"@context":"https:\/\/schema.org","@graph":[{"@type":"WebPage","@id":"https:\/\/hundtgroup.com\/sk\/produkt\/rucne-nitovacie-klieste-na-slepe-nity-hz\/","url":"https:\/\/hundtgroup.com\/sk\/produkt\/rucne-nitovacie-klieste-na-slepe-nity-hz\/","name":"Ru\u010dn\u00e9 nitovacie klie\u0161te na slep\u00e9 nity HZ - Wilhelm Hundt GmbH","isPartOf":{"@id":"https:\/\/hundtgroup.com\/sk\/#website"},"primaryImageOfPage":{"@id":"https:\/\/hundtgroup.com\/sk\/produkt\/rucne-nitovacie-klieste-na-slepe-nity-hz\/#primaryimage"},"image":{"@id":"https:\/\/hundtgroup.com\/sk\/produkt\/rucne-nitovacie-klieste-na-slepe-nity-hz\/#primaryimage"},"thumbnailUrl":"https:\/\/hundtgroup.com\/wp-content\/uploads\/500250.png","datePublished":"2022-10-26T13:59:13+00:00","dateModified":"2025-07-29T11:02:37+00:00","breadcrumb":{"@id":"https:\/\/hundtgroup.com\/sk\/produkt\/rucne-nitovacie-klieste-na-slepe-nity-hz\/#breadcrumb"},"inLanguage":"sk-SK","potentialAction":[{"@type":"ReadAction","target":["https:\/\/hundtgroup.com\/sk\/produkt\/rucne-nitovacie-klieste-na-slepe-nity-hz\/"]}]},{"@type":"ImageObject","inLanguage":"sk-SK","@id":"https:\/\/hundtgroup.com\/sk\/produkt\/rucne-nitovacie-klieste-na-slepe-nity-hz\/#primaryimage","url":"https:\/\/hundtgroup.com\/wp-content\/uploads\/500250.png","contentUrl":"https:\/\/hundtgroup.com\/wp-content\/uploads\/500250.png","width":760,"height":264},{"@type":"BreadcrumbList","@id":"https:\/\/hundtgroup.com\/sk\/produkt\/rucne-nitovacie-klieste-na-slepe-nity-hz\/#breadcrumb","itemListElement":[{"@type":"ListItem","position":1,"name":"Startseite","item":"https:\/\/hundtgroup.com\/sk\/domov-nove\/"},{"@type":"ListItem","position":2,"name":"Obchod","item":"https:\/\/hundtgroup.com\/obchod\/"},{"@type":"ListItem","position":3,"name":"Ru\u010dn\u00e9 nitovacie klie\u0161te na slep\u00e9 nity HZ"}]},{"@type":"WebSite","@id":"https:\/\/hundtgroup.com\/sk\/#website","url":"https:\/\/hundtgroup.com\/sk\/","name":"Wilhelm Hundt GmbH","description":"V\u00e1\u0161 \u0161pecialista na stroje a n\u00e1stroje na spracovanie plechu","potentialAction":[{"@type":"SearchAction","target":{"@type":"EntryPoint","urlTemplate":"https:\/\/hundtgroup.com\/sk\/?s={search_term_string}"},"query-input":{"@type":"PropertyValueSpecification","valueRequired":true,"valueName":"search_term_string"}}],"inLanguage":"sk-SK"}]}},"_links":{"self":[{"href":"https:\/\/hundtgroup.com\/sk\/wp-json\/wp\/v2\/product\/25089","targetHints":{"allow":["GET"]}}],"collection":[{"href":"https:\/\/hundtgroup.com\/sk\/wp-json\/wp\/v2\/product"}],"about":[{"href":"https:\/\/hundtgroup.com\/sk\/wp-json\/wp\/v2\/types\/product"}],"wp:featuredmedia":[{"embeddable":true,"href":"https:\/\/hundtgroup.com\/sk\/wp-json\/wp\/v2\/media\/25090"}],"wp:attachment":[{"href":"https:\/\/hundtgroup.com\/sk\/wp-json\/wp\/v2\/media?parent=25089"}],"wp:term":[{"taxonomy":"product_cat","embeddable":true,"href":"https:\/\/hundtgroup.com\/sk\/wp-json\/wp\/v2\/product_cat?post=25089"},{"taxonomy":"product_tag","embeddable":true,"href":"https:\/\/hundtgroup.com\/sk\/wp-json\/wp\/v2\/product_tag?post=25089"}],"curies":[{"name":"wp","href":"https:\/\/api.w.org\/{rel}","templated":true}]}}