{"id":25207,"date":"2022-10-26T15:59:13","date_gmt":"2022-10-26T13:59:13","guid":{"rendered":"https:\/\/hundtgroup.com\/produkt\/kefa-na-radiator-hundt-1\/"},"modified":"2025-07-29T12:59:11","modified_gmt":"2025-07-29T10:59:11","slug":"kefa-na-radiator-hundt-1","status":"publish","type":"product","link":"https:\/\/hundtgroup.com\/sk\/produkt\/kefa-na-radiator-hundt-1\/","title":{"rendered":"Kefa na radi\u00e1tor Hundt 1&#8243;"},"content":{"rendered":"<p>Kefa na radi\u00e1tory so svetl\u00fdmi \u010d\u00ednskymi \u0161tetinami<\/p>\n","protected":false},"excerpt":{"rendered":"<p>Kefa na radi\u00e1tory so svetl\u00fdmi \u010d\u00ednskymi \u0161tetinami<\/p>\n","protected":false},"featured_media":25173,"template":"","meta":{"_acf_changed":false,"inline_featured_image":false},"product_cat":[2240,2180],"product_tag":[],"class_list":{"0":"post-25207","1":"product","2":"type-product","3":"status-publish","4":"has-post-thumbnail","6":"brand-hundt","7":"product_cat-kefa","8":"product_cat-zariadenie-staveniska","10":"first","11":"instock","12":"taxable","13":"shipping-taxable","14":"purchasable","15":"product-type-simple","16":"add-to-wishlist-before_image"},"acf":[],"yoast_head":"<!-- This site is optimized with the Yoast SEO plugin v27.3 - https:\/\/yoast.com\/product\/yoast-seo-wordpress\/ -->\n<title>Kefa na radi\u00e1tor Hundt 1&quot; - Wilhelm Hundt GmbH<\/title>\n<meta name=\"robots\" content=\"index, follow, max-snippet:-1, max-image-preview:large, max-video-preview:-1\" \/>\n<link rel=\"canonical\" href=\"https:\/\/hundtgroup.com\/sk\/produkt\/kefa-na-radiator-hundt-1\/\" \/>\n<meta property=\"og:locale\" content=\"sk_SK\" \/>\n<meta property=\"og:type\" content=\"article\" \/>\n<meta property=\"og:title\" content=\"Kefa na radi\u00e1tor Hundt 1&quot; - Wilhelm Hundt GmbH\" \/>\n<meta property=\"og:description\" content=\"Kefa na radi\u00e1tory so svetl\u00fdmi \u010d\u00ednskymi \u0161tetinami\" \/>\n<meta property=\"og:url\" content=\"https:\/\/hundtgroup.com\/sk\/produkt\/kefa-na-radiator-hundt-1\/\" \/>\n<meta property=\"og:site_name\" content=\"Wilhelm Hundt GmbH\" \/>\n<meta property=\"article:modified_time\" content=\"2025-07-29T10:59:11+00:00\" \/>\n<meta property=\"og:image\" content=\"https:\/\/hundtgroup.com\/wp-content\/uploads\/290031.png\" \/>\n\t<meta property=\"og:image:width\" content=\"719\" \/>\n\t<meta property=\"og:image:height\" content=\"139\" \/>\n\t<meta property=\"og:image:type\" content=\"image\/png\" \/>\n<meta name=\"twitter:card\" content=\"summary_large_image\" \/>\n<script type=\"application\/ld+json\" class=\"yoast-schema-graph\">{\"@context\":\"https:\\\/\\\/schema.org\",\"@graph\":[{\"@type\":\"WebPage\",\"@id\":\"https:\\\/\\\/hundtgroup.com\\\/sk\\\/produkt\\\/kefa-na-radiator-hundt-1\\\/\",\"url\":\"https:\\\/\\\/hundtgroup.com\\\/sk\\\/produkt\\\/kefa-na-radiator-hundt-1\\\/\",\"name\":\"Kefa na radi\u00e1tor Hundt 1\\\" - Wilhelm Hundt GmbH\",\"isPartOf\":{\"@id\":\"https:\\\/\\\/hundtgroup.com\\\/sk\\\/#website\"},\"primaryImageOfPage\":{\"@id\":\"https:\\\/\\\/hundtgroup.com\\\/sk\\\/produkt\\\/kefa-na-radiator-hundt-1\\\/#primaryimage\"},\"image\":{\"@id\":\"https:\\\/\\\/hundtgroup.com\\\/sk\\\/produkt\\\/kefa-na-radiator-hundt-1\\\/#primaryimage\"},\"thumbnailUrl\":\"https:\\\/\\\/hundtgroup.com\\\/wp-content\\\/uploads\\\/290031.png\",\"datePublished\":\"2022-10-26T13:59:13+00:00\",\"dateModified\":\"2025-07-29T10:59:11+00:00\",\"breadcrumb\":{\"@id\":\"https:\\\/\\\/hundtgroup.com\\\/sk\\\/produkt\\\/kefa-na-radiator-hundt-1\\\/#breadcrumb\"},\"inLanguage\":\"sk-SK\",\"potentialAction\":[{\"@type\":\"ReadAction\",\"target\":[\"https:\\\/\\\/hundtgroup.com\\\/sk\\\/produkt\\\/kefa-na-radiator-hundt-1\\\/\"]}]},{\"@type\":\"ImageObject\",\"inLanguage\":\"sk-SK\",\"@id\":\"https:\\\/\\\/hundtgroup.com\\\/sk\\\/produkt\\\/kefa-na-radiator-hundt-1\\\/#primaryimage\",\"url\":\"https:\\\/\\\/hundtgroup.com\\\/wp-content\\\/uploads\\\/290031.png\",\"contentUrl\":\"https:\\\/\\\/hundtgroup.com\\\/wp-content\\\/uploads\\\/290031.png\",\"width\":719,\"height\":139},{\"@type\":\"BreadcrumbList\",\"@id\":\"https:\\\/\\\/hundtgroup.com\\\/sk\\\/produkt\\\/kefa-na-radiator-hundt-1\\\/#breadcrumb\",\"itemListElement\":[{\"@type\":\"ListItem\",\"position\":1,\"name\":\"Startseite\",\"item\":\"https:\\\/\\\/hundtgroup.com\\\/sk\\\/domov-nove\\\/\"},{\"@type\":\"ListItem\",\"position\":2,\"name\":\"Obchod\",\"item\":\"https:\\\/\\\/hundtgroup.com\\\/obchod\\\/\"},{\"@type\":\"ListItem\",\"position\":3,\"name\":\"Kefa na radi\u00e1tor Hundt 1&#8243;\"}]},{\"@type\":\"WebSite\",\"@id\":\"https:\\\/\\\/hundtgroup.com\\\/sk\\\/#website\",\"url\":\"https:\\\/\\\/hundtgroup.com\\\/sk\\\/\",\"name\":\"Wilhelm Hundt GmbH\",\"description\":\"V\u00e1\u0161 \u0161pecialista na stroje a n\u00e1stroje na spracovanie plechu\",\"potentialAction\":[{\"@type\":\"SearchAction\",\"target\":{\"@type\":\"EntryPoint\",\"urlTemplate\":\"https:\\\/\\\/hundtgroup.com\\\/sk\\\/?s={search_term_string}\"},\"query-input\":{\"@type\":\"PropertyValueSpecification\",\"valueRequired\":true,\"valueName\":\"search_term_string\"}}],\"inLanguage\":\"sk-SK\"}]}<\/script>\n<!-- \/ Yoast SEO plugin. -->","yoast_head_json":{"title":"Kefa na radi\u00e1tor Hundt 1\" - Wilhelm Hundt GmbH","robots":{"index":"index","follow":"follow","max-snippet":"max-snippet:-1","max-image-preview":"max-image-preview:large","max-video-preview":"max-video-preview:-1"},"canonical":"https:\/\/hundtgroup.com\/sk\/produkt\/kefa-na-radiator-hundt-1\/","og_locale":"sk_SK","og_type":"article","og_title":"Kefa na radi\u00e1tor Hundt 1\" - Wilhelm Hundt GmbH","og_description":"Kefa na radi\u00e1tory so svetl\u00fdmi \u010d\u00ednskymi \u0161tetinami","og_url":"https:\/\/hundtgroup.com\/sk\/produkt\/kefa-na-radiator-hundt-1\/","og_site_name":"Wilhelm Hundt GmbH","article_modified_time":"2025-07-29T10:59:11+00:00","og_image":[{"width":719,"height":139,"url":"https:\/\/hundtgroup.com\/wp-content\/uploads\/290031.png","type":"image\/png"}],"twitter_card":"summary_large_image","schema":{"@context":"https:\/\/schema.org","@graph":[{"@type":"WebPage","@id":"https:\/\/hundtgroup.com\/sk\/produkt\/kefa-na-radiator-hundt-1\/","url":"https:\/\/hundtgroup.com\/sk\/produkt\/kefa-na-radiator-hundt-1\/","name":"Kefa na radi\u00e1tor Hundt 1\" - Wilhelm Hundt GmbH","isPartOf":{"@id":"https:\/\/hundtgroup.com\/sk\/#website"},"primaryImageOfPage":{"@id":"https:\/\/hundtgroup.com\/sk\/produkt\/kefa-na-radiator-hundt-1\/#primaryimage"},"image":{"@id":"https:\/\/hundtgroup.com\/sk\/produkt\/kefa-na-radiator-hundt-1\/#primaryimage"},"thumbnailUrl":"https:\/\/hundtgroup.com\/wp-content\/uploads\/290031.png","datePublished":"2022-10-26T13:59:13+00:00","dateModified":"2025-07-29T10:59:11+00:00","breadcrumb":{"@id":"https:\/\/hundtgroup.com\/sk\/produkt\/kefa-na-radiator-hundt-1\/#breadcrumb"},"inLanguage":"sk-SK","potentialAction":[{"@type":"ReadAction","target":["https:\/\/hundtgroup.com\/sk\/produkt\/kefa-na-radiator-hundt-1\/"]}]},{"@type":"ImageObject","inLanguage":"sk-SK","@id":"https:\/\/hundtgroup.com\/sk\/produkt\/kefa-na-radiator-hundt-1\/#primaryimage","url":"https:\/\/hundtgroup.com\/wp-content\/uploads\/290031.png","contentUrl":"https:\/\/hundtgroup.com\/wp-content\/uploads\/290031.png","width":719,"height":139},{"@type":"BreadcrumbList","@id":"https:\/\/hundtgroup.com\/sk\/produkt\/kefa-na-radiator-hundt-1\/#breadcrumb","itemListElement":[{"@type":"ListItem","position":1,"name":"Startseite","item":"https:\/\/hundtgroup.com\/sk\/domov-nove\/"},{"@type":"ListItem","position":2,"name":"Obchod","item":"https:\/\/hundtgroup.com\/obchod\/"},{"@type":"ListItem","position":3,"name":"Kefa na radi\u00e1tor Hundt 1&#8243;"}]},{"@type":"WebSite","@id":"https:\/\/hundtgroup.com\/sk\/#website","url":"https:\/\/hundtgroup.com\/sk\/","name":"Wilhelm Hundt GmbH","description":"V\u00e1\u0161 \u0161pecialista na stroje a n\u00e1stroje na spracovanie plechu","potentialAction":[{"@type":"SearchAction","target":{"@type":"EntryPoint","urlTemplate":"https:\/\/hundtgroup.com\/sk\/?s={search_term_string}"},"query-input":{"@type":"PropertyValueSpecification","valueRequired":true,"valueName":"search_term_string"}}],"inLanguage":"sk-SK"}]}},"_links":{"self":[{"href":"https:\/\/hundtgroup.com\/sk\/wp-json\/wp\/v2\/product\/25207","targetHints":{"allow":["GET"]}}],"collection":[{"href":"https:\/\/hundtgroup.com\/sk\/wp-json\/wp\/v2\/product"}],"about":[{"href":"https:\/\/hundtgroup.com\/sk\/wp-json\/wp\/v2\/types\/product"}],"wp:featuredmedia":[{"embeddable":true,"href":"https:\/\/hundtgroup.com\/sk\/wp-json\/wp\/v2\/media\/25173"}],"wp:attachment":[{"href":"https:\/\/hundtgroup.com\/sk\/wp-json\/wp\/v2\/media?parent=25207"}],"wp:term":[{"taxonomy":"product_cat","embeddable":true,"href":"https:\/\/hundtgroup.com\/sk\/wp-json\/wp\/v2\/product_cat?post=25207"},{"taxonomy":"product_tag","embeddable":true,"href":"https:\/\/hundtgroup.com\/sk\/wp-json\/wp\/v2\/product_tag?post=25207"}],"curies":[{"name":"wp","href":"https:\/\/api.w.org\/{rel}","templated":true}]}}