{"id":25297,"date":"2022-10-26T15:59:16","date_gmt":"2022-10-26T13:59:16","guid":{"rendered":"https:\/\/hundtgroup.com\/produkt\/bz-103-a-nastroj-na-nastavovanie-slepych-nitov\/"},"modified":"2025-07-29T13:05:42","modified_gmt":"2025-07-29T11:05:42","slug":"bz-103-a-nastroj-na-nastavovanie-slepych-nitov","status":"publish","type":"product","link":"https:\/\/hundtgroup.com\/sk\/produkt\/bz-103-a-nastroj-na-nastavovanie-slepych-nitov\/","title":{"rendered":"BZ 103 A N\u00e1stroj na nastavovanie slep\u00fdch nitov"},"content":{"rendered":"<p>Spo\u013eahliv\u00e9 spracovanie slep\u00fdch nitov s osved\u010den\u00fdm radom BZ od spolo\u010dnosti Honsel \/ VVG<br \/>\nS trval\u00fdm a preru\u0161ovan\u00fdm ods\u00e1van\u00edm<br \/>\nS vylep\u0161enou ergon\u00f3miou<br \/>\nHadicov\u00fa pr\u00edpojku mo\u017eno pripoji\u0165 bu\u010f na pravej, alebo na \u013eavej strane<br \/>\nZn\u00ed\u017eenie hlu\u010dnosti<\/p>\n<p>Pracovn\u00fd rozsah: Nity \u00d8 2,4 &#8211; 5,0 mm hlin\u00edk<br \/>\nNity \u00d8 3,0 &#8211; 5,0 mm oce\u013e, nehrdzavej\u00faca oce\u013e a me\u010f<\/p>\n","protected":false},"excerpt":{"rendered":"<p>Spo\u013eahliv\u00e9 spracovanie slep\u00fdch nitov s osved\u010den\u00fdm radom BZ od spolo\u010dnosti Honsel \/ VVG S trval\u00fdm a preru\u0161ovan\u00fdm ods\u00e1van\u00edm S vylep\u0161enou ergon\u00f3miou Hadicov\u00fa pr\u00edpojku mo\u017eno pripoji\u0165 bu\u010f na pravej, alebo na \u013eavej strane Zn\u00ed\u017eenie hlu\u010dnosti Pracovn\u00fd rozsah: Nity \u00d8 2,4 &#8211; 5,0 mm hlin\u00edk Nity \u00d8 3,0 &#8211; 5,0 mm oce\u013e, nehrdzavej\u00faca oce\u013e a me\u010f<\/p>\n","protected":false},"featured_media":25298,"template":"","meta":{"_acf_changed":false,"inline_featured_image":false},"product_cat":[2242,2245],"product_tag":[],"class_list":{"0":"post-25297","1":"product","2":"type-product","3":"status-publish","4":"has-post-thumbnail","6":"brand-honsel","7":"product_cat-nastroje-na-nitovanie","8":"product_cat-stlaceny-vzduch-sk","10":"first","11":"instock","12":"taxable","13":"shipping-taxable","14":"purchasable","15":"product-type-simple","16":"add-to-wishlist-before_image"},"acf":[],"yoast_head":"<!-- This site is optimized with the Yoast SEO plugin v27.3 - https:\/\/yoast.com\/product\/yoast-seo-wordpress\/ -->\n<title>BZ 103 A N\u00e1stroj na nastavovanie slep\u00fdch nitov - Wilhelm Hundt GmbH<\/title>\n<meta name=\"robots\" content=\"index, follow, max-snippet:-1, max-image-preview:large, max-video-preview:-1\" \/>\n<link rel=\"canonical\" href=\"https:\/\/hundtgroup.com\/sk\/produkt\/bz-103-a-nastroj-na-nastavovanie-slepych-nitov\/\" \/>\n<meta property=\"og:locale\" content=\"sk_SK\" \/>\n<meta property=\"og:type\" content=\"article\" \/>\n<meta property=\"og:title\" content=\"BZ 103 A N\u00e1stroj na nastavovanie slep\u00fdch nitov - Wilhelm Hundt GmbH\" \/>\n<meta property=\"og:description\" content=\"Spo\u013eahliv\u00e9 spracovanie slep\u00fdch nitov s osved\u010den\u00fdm radom BZ od spolo\u010dnosti Honsel \/ VVG S trval\u00fdm a preru\u0161ovan\u00fdm ods\u00e1van\u00edm S vylep\u0161enou ergon\u00f3miou Hadicov\u00fa pr\u00edpojku mo\u017eno pripoji\u0165 bu\u010f na pravej, alebo na \u013eavej strane Zn\u00ed\u017eenie hlu\u010dnosti Pracovn\u00fd rozsah: Nity \u00d8 2,4 &#8211; 5,0 mm hlin\u00edk Nity \u00d8 3,0 &#8211; 5,0 mm oce\u013e, nehrdzavej\u00faca oce\u013e a me\u010f\" \/>\n<meta property=\"og:url\" content=\"https:\/\/hundtgroup.com\/sk\/produkt\/bz-103-a-nastroj-na-nastavovanie-slepych-nitov\/\" \/>\n<meta property=\"og:site_name\" content=\"Wilhelm Hundt GmbH\" \/>\n<meta property=\"article:modified_time\" content=\"2025-07-29T11:05:42+00:00\" \/>\n<meta property=\"og:image\" content=\"https:\/\/hundtgroup.com\/wp-content\/uploads\/500110.jpg\" \/>\n\t<meta property=\"og:image:width\" content=\"1063\" \/>\n\t<meta property=\"og:image:height\" content=\"1200\" \/>\n\t<meta property=\"og:image:type\" content=\"image\/jpeg\" \/>\n<meta name=\"twitter:card\" content=\"summary_large_image\" \/>\n<script type=\"application\/ld+json\" class=\"yoast-schema-graph\">{\"@context\":\"https:\\\/\\\/schema.org\",\"@graph\":[{\"@type\":\"WebPage\",\"@id\":\"https:\\\/\\\/hundtgroup.com\\\/sk\\\/produkt\\\/bz-103-a-nastroj-na-nastavovanie-slepych-nitov\\\/\",\"url\":\"https:\\\/\\\/hundtgroup.com\\\/sk\\\/produkt\\\/bz-103-a-nastroj-na-nastavovanie-slepych-nitov\\\/\",\"name\":\"BZ 103 A N\u00e1stroj na nastavovanie slep\u00fdch nitov - Wilhelm Hundt GmbH\",\"isPartOf\":{\"@id\":\"https:\\\/\\\/hundtgroup.com\\\/sk\\\/#website\"},\"primaryImageOfPage\":{\"@id\":\"https:\\\/\\\/hundtgroup.com\\\/sk\\\/produkt\\\/bz-103-a-nastroj-na-nastavovanie-slepych-nitov\\\/#primaryimage\"},\"image\":{\"@id\":\"https:\\\/\\\/hundtgroup.com\\\/sk\\\/produkt\\\/bz-103-a-nastroj-na-nastavovanie-slepych-nitov\\\/#primaryimage\"},\"thumbnailUrl\":\"https:\\\/\\\/hundtgroup.com\\\/wp-content\\\/uploads\\\/500110.jpg\",\"datePublished\":\"2022-10-26T13:59:16+00:00\",\"dateModified\":\"2025-07-29T11:05:42+00:00\",\"breadcrumb\":{\"@id\":\"https:\\\/\\\/hundtgroup.com\\\/sk\\\/produkt\\\/bz-103-a-nastroj-na-nastavovanie-slepych-nitov\\\/#breadcrumb\"},\"inLanguage\":\"sk-SK\",\"potentialAction\":[{\"@type\":\"ReadAction\",\"target\":[\"https:\\\/\\\/hundtgroup.com\\\/sk\\\/produkt\\\/bz-103-a-nastroj-na-nastavovanie-slepych-nitov\\\/\"]}]},{\"@type\":\"ImageObject\",\"inLanguage\":\"sk-SK\",\"@id\":\"https:\\\/\\\/hundtgroup.com\\\/sk\\\/produkt\\\/bz-103-a-nastroj-na-nastavovanie-slepych-nitov\\\/#primaryimage\",\"url\":\"https:\\\/\\\/hundtgroup.com\\\/wp-content\\\/uploads\\\/500110.jpg\",\"contentUrl\":\"https:\\\/\\\/hundtgroup.com\\\/wp-content\\\/uploads\\\/500110.jpg\",\"width\":1063,\"height\":1200},{\"@type\":\"BreadcrumbList\",\"@id\":\"https:\\\/\\\/hundtgroup.com\\\/sk\\\/produkt\\\/bz-103-a-nastroj-na-nastavovanie-slepych-nitov\\\/#breadcrumb\",\"itemListElement\":[{\"@type\":\"ListItem\",\"position\":1,\"name\":\"Startseite\",\"item\":\"https:\\\/\\\/hundtgroup.com\\\/sk\\\/domov-nove\\\/\"},{\"@type\":\"ListItem\",\"position\":2,\"name\":\"Obchod\",\"item\":\"https:\\\/\\\/hundtgroup.com\\\/obchod\\\/\"},{\"@type\":\"ListItem\",\"position\":3,\"name\":\"BZ 103 A N\u00e1stroj na nastavovanie slep\u00fdch nitov\"}]},{\"@type\":\"WebSite\",\"@id\":\"https:\\\/\\\/hundtgroup.com\\\/sk\\\/#website\",\"url\":\"https:\\\/\\\/hundtgroup.com\\\/sk\\\/\",\"name\":\"Wilhelm Hundt GmbH\",\"description\":\"V\u00e1\u0161 \u0161pecialista na stroje a n\u00e1stroje na spracovanie plechu\",\"potentialAction\":[{\"@type\":\"SearchAction\",\"target\":{\"@type\":\"EntryPoint\",\"urlTemplate\":\"https:\\\/\\\/hundtgroup.com\\\/sk\\\/?s={search_term_string}\"},\"query-input\":{\"@type\":\"PropertyValueSpecification\",\"valueRequired\":true,\"valueName\":\"search_term_string\"}}],\"inLanguage\":\"sk-SK\"}]}<\/script>\n<!-- \/ Yoast SEO plugin. -->","yoast_head_json":{"title":"BZ 103 A N\u00e1stroj na nastavovanie slep\u00fdch nitov - Wilhelm Hundt GmbH","robots":{"index":"index","follow":"follow","max-snippet":"max-snippet:-1","max-image-preview":"max-image-preview:large","max-video-preview":"max-video-preview:-1"},"canonical":"https:\/\/hundtgroup.com\/sk\/produkt\/bz-103-a-nastroj-na-nastavovanie-slepych-nitov\/","og_locale":"sk_SK","og_type":"article","og_title":"BZ 103 A N\u00e1stroj na nastavovanie slep\u00fdch nitov - Wilhelm Hundt GmbH","og_description":"Spo\u013eahliv\u00e9 spracovanie slep\u00fdch nitov s osved\u010den\u00fdm radom BZ od spolo\u010dnosti Honsel \/ VVG S trval\u00fdm a preru\u0161ovan\u00fdm ods\u00e1van\u00edm S vylep\u0161enou ergon\u00f3miou Hadicov\u00fa pr\u00edpojku mo\u017eno pripoji\u0165 bu\u010f na pravej, alebo na \u013eavej strane Zn\u00ed\u017eenie hlu\u010dnosti Pracovn\u00fd rozsah: Nity \u00d8 2,4 &#8211; 5,0 mm hlin\u00edk Nity \u00d8 3,0 &#8211; 5,0 mm oce\u013e, nehrdzavej\u00faca oce\u013e a me\u010f","og_url":"https:\/\/hundtgroup.com\/sk\/produkt\/bz-103-a-nastroj-na-nastavovanie-slepych-nitov\/","og_site_name":"Wilhelm Hundt GmbH","article_modified_time":"2025-07-29T11:05:42+00:00","og_image":[{"width":1063,"height":1200,"url":"https:\/\/hundtgroup.com\/wp-content\/uploads\/500110.jpg","type":"image\/jpeg"}],"twitter_card":"summary_large_image","schema":{"@context":"https:\/\/schema.org","@graph":[{"@type":"WebPage","@id":"https:\/\/hundtgroup.com\/sk\/produkt\/bz-103-a-nastroj-na-nastavovanie-slepych-nitov\/","url":"https:\/\/hundtgroup.com\/sk\/produkt\/bz-103-a-nastroj-na-nastavovanie-slepych-nitov\/","name":"BZ 103 A N\u00e1stroj na nastavovanie slep\u00fdch nitov - Wilhelm Hundt GmbH","isPartOf":{"@id":"https:\/\/hundtgroup.com\/sk\/#website"},"primaryImageOfPage":{"@id":"https:\/\/hundtgroup.com\/sk\/produkt\/bz-103-a-nastroj-na-nastavovanie-slepych-nitov\/#primaryimage"},"image":{"@id":"https:\/\/hundtgroup.com\/sk\/produkt\/bz-103-a-nastroj-na-nastavovanie-slepych-nitov\/#primaryimage"},"thumbnailUrl":"https:\/\/hundtgroup.com\/wp-content\/uploads\/500110.jpg","datePublished":"2022-10-26T13:59:16+00:00","dateModified":"2025-07-29T11:05:42+00:00","breadcrumb":{"@id":"https:\/\/hundtgroup.com\/sk\/produkt\/bz-103-a-nastroj-na-nastavovanie-slepych-nitov\/#breadcrumb"},"inLanguage":"sk-SK","potentialAction":[{"@type":"ReadAction","target":["https:\/\/hundtgroup.com\/sk\/produkt\/bz-103-a-nastroj-na-nastavovanie-slepych-nitov\/"]}]},{"@type":"ImageObject","inLanguage":"sk-SK","@id":"https:\/\/hundtgroup.com\/sk\/produkt\/bz-103-a-nastroj-na-nastavovanie-slepych-nitov\/#primaryimage","url":"https:\/\/hundtgroup.com\/wp-content\/uploads\/500110.jpg","contentUrl":"https:\/\/hundtgroup.com\/wp-content\/uploads\/500110.jpg","width":1063,"height":1200},{"@type":"BreadcrumbList","@id":"https:\/\/hundtgroup.com\/sk\/produkt\/bz-103-a-nastroj-na-nastavovanie-slepych-nitov\/#breadcrumb","itemListElement":[{"@type":"ListItem","position":1,"name":"Startseite","item":"https:\/\/hundtgroup.com\/sk\/domov-nove\/"},{"@type":"ListItem","position":2,"name":"Obchod","item":"https:\/\/hundtgroup.com\/obchod\/"},{"@type":"ListItem","position":3,"name":"BZ 103 A N\u00e1stroj na nastavovanie slep\u00fdch nitov"}]},{"@type":"WebSite","@id":"https:\/\/hundtgroup.com\/sk\/#website","url":"https:\/\/hundtgroup.com\/sk\/","name":"Wilhelm Hundt GmbH","description":"V\u00e1\u0161 \u0161pecialista na stroje a n\u00e1stroje na spracovanie plechu","potentialAction":[{"@type":"SearchAction","target":{"@type":"EntryPoint","urlTemplate":"https:\/\/hundtgroup.com\/sk\/?s={search_term_string}"},"query-input":{"@type":"PropertyValueSpecification","valueRequired":true,"valueName":"search_term_string"}}],"inLanguage":"sk-SK"}]}},"_links":{"self":[{"href":"https:\/\/hundtgroup.com\/sk\/wp-json\/wp\/v2\/product\/25297","targetHints":{"allow":["GET"]}}],"collection":[{"href":"https:\/\/hundtgroup.com\/sk\/wp-json\/wp\/v2\/product"}],"about":[{"href":"https:\/\/hundtgroup.com\/sk\/wp-json\/wp\/v2\/types\/product"}],"wp:featuredmedia":[{"embeddable":true,"href":"https:\/\/hundtgroup.com\/sk\/wp-json\/wp\/v2\/media\/25298"}],"wp:attachment":[{"href":"https:\/\/hundtgroup.com\/sk\/wp-json\/wp\/v2\/media?parent=25297"}],"wp:term":[{"taxonomy":"product_cat","embeddable":true,"href":"https:\/\/hundtgroup.com\/sk\/wp-json\/wp\/v2\/product_cat?post=25297"},{"taxonomy":"product_tag","embeddable":true,"href":"https:\/\/hundtgroup.com\/sk\/wp-json\/wp\/v2\/product_tag?post=25297"}],"curies":[{"name":"wp","href":"https:\/\/api.w.org\/{rel}","templated":true}]}}