{"id":25417,"date":"2022-10-26T15:59:16","date_gmt":"2022-10-26T13:59:16","guid":{"rendered":"https:\/\/hundtgroup.com\/produkt\/akumulatorovy-nastroj-na-nastavovanie-slepych-nitov-rivdom-ebz-1\/"},"modified":"2025-08-01T11:56:50","modified_gmt":"2025-08-01T09:56:50","slug":"akumulatorovy-nastroj-na-nastavovanie-slepych-nitov-rivdom-ebz-1","status":"publish","type":"product","link":"https:\/\/hundtgroup.com\/sk\/produkt\/akumulatorovy-nastroj-na-nastavovanie-slepych-nitov-rivdom-ebz-1\/","title":{"rendered":"Akumul\u00e1torov\u00fd n\u00e1stroj na nastavovanie slep\u00fdch nitov Rivdom ebZ 1"},"content":{"rendered":"<p>Pracovn\u00fd rozsah: slep\u00e9 nity do 5,0 mm (v\u0161etky materi\u00e1ly), ve\u013emi kompaktn\u00fd dizajn<br \/>\n, n\u00edzka hmotnos\u0165, v\u00fdkonn\u00fd bezkart\u00e1\u010dov\u00fd motor, optimalizovan\u00e1 prevodovka, pohodln\u00e1 manipul\u00e1cia.<\/p>\n","protected":false},"excerpt":{"rendered":"<p>Pracovn\u00fd rozsah: slep\u00e9 nity do 5,0 mm (v\u0161etky materi\u00e1ly), ve\u013emi kompaktn\u00fd dizajn , n\u00edzka hmotnos\u0165, v\u00fdkonn\u00fd bezkart\u00e1\u010dov\u00fd motor, optimalizovan\u00e1 prevodovka, pohodln\u00e1 manipul\u00e1cia.<\/p>\n","protected":false},"featured_media":39927,"template":"","meta":{"_acf_changed":false,"inline_featured_image":false},"product_cat":[2850,2242,644,2244],"product_tag":[],"class_list":{"0":"post-25417","1":"product","2":"type-product","3":"status-publish","4":"has-post-thumbnail","6":"brand-honsel","7":"product_cat-nastroje-na-nitovanie-sk","8":"product_cat-nastroje-na-nitovanie","9":"product_cat-nastroje-na-baterie","10":"product_cat-bateria-sk","12":"first","13":"instock","14":"taxable","15":"shipping-taxable","16":"purchasable","17":"product-type-simple","18":"add-to-wishlist-before_image"},"acf":[],"yoast_head":"<!-- This site is optimized with the Yoast SEO plugin v27.3 - https:\/\/yoast.com\/product\/yoast-seo-wordpress\/ -->\n<title>Akumul\u00e1torov\u00fd n\u00e1stroj na nastavovanie slep\u00fdch nitov Rivdom ebZ 1 - Wilhelm Hundt GmbH<\/title>\n<meta name=\"robots\" content=\"index, follow, max-snippet:-1, max-image-preview:large, max-video-preview:-1\" \/>\n<link rel=\"canonical\" href=\"https:\/\/hundtgroup.com\/sk\/produkt\/akumulatorovy-nastroj-na-nastavovanie-slepych-nitov-rivdom-ebz-1\/\" \/>\n<meta property=\"og:locale\" content=\"sk_SK\" \/>\n<meta property=\"og:type\" content=\"article\" \/>\n<meta property=\"og:title\" content=\"Akumul\u00e1torov\u00fd n\u00e1stroj na nastavovanie slep\u00fdch nitov Rivdom ebZ 1 - Wilhelm Hundt GmbH\" \/>\n<meta property=\"og:description\" content=\"Pracovn\u00fd rozsah: slep\u00e9 nity do 5,0 mm (v\u0161etky materi\u00e1ly), ve\u013emi kompaktn\u00fd dizajn , n\u00edzka hmotnos\u0165, v\u00fdkonn\u00fd bezkart\u00e1\u010dov\u00fd motor, optimalizovan\u00e1 prevodovka, pohodln\u00e1 manipul\u00e1cia.\" \/>\n<meta property=\"og:url\" content=\"https:\/\/hundtgroup.com\/sk\/produkt\/akumulatorovy-nastroj-na-nastavovanie-slepych-nitov-rivdom-ebz-1\/\" \/>\n<meta property=\"og:site_name\" content=\"Wilhelm Hundt GmbH\" \/>\n<meta property=\"article:modified_time\" content=\"2025-08-01T09:56:50+00:00\" \/>\n<meta property=\"og:image\" content=\"https:\/\/hundtgroup.com\/wp-content\/uploads\/500413.jpg\" \/>\n\t<meta property=\"og:image:width\" content=\"1200\" \/>\n\t<meta property=\"og:image:height\" content=\"1200\" \/>\n\t<meta property=\"og:image:type\" content=\"image\/jpeg\" \/>\n<meta name=\"twitter:card\" content=\"summary_large_image\" \/>\n<script type=\"application\/ld+json\" class=\"yoast-schema-graph\">{\"@context\":\"https:\\\/\\\/schema.org\",\"@graph\":[{\"@type\":\"WebPage\",\"@id\":\"https:\\\/\\\/hundtgroup.com\\\/sk\\\/produkt\\\/akumulatorovy-nastroj-na-nastavovanie-slepych-nitov-rivdom-ebz-1\\\/\",\"url\":\"https:\\\/\\\/hundtgroup.com\\\/sk\\\/produkt\\\/akumulatorovy-nastroj-na-nastavovanie-slepych-nitov-rivdom-ebz-1\\\/\",\"name\":\"Akumul\u00e1torov\u00fd n\u00e1stroj na nastavovanie slep\u00fdch nitov Rivdom ebZ 1 - Wilhelm Hundt GmbH\",\"isPartOf\":{\"@id\":\"https:\\\/\\\/hundtgroup.com\\\/sk\\\/#website\"},\"primaryImageOfPage\":{\"@id\":\"https:\\\/\\\/hundtgroup.com\\\/sk\\\/produkt\\\/akumulatorovy-nastroj-na-nastavovanie-slepych-nitov-rivdom-ebz-1\\\/#primaryimage\"},\"image\":{\"@id\":\"https:\\\/\\\/hundtgroup.com\\\/sk\\\/produkt\\\/akumulatorovy-nastroj-na-nastavovanie-slepych-nitov-rivdom-ebz-1\\\/#primaryimage\"},\"thumbnailUrl\":\"https:\\\/\\\/hundtgroup.com\\\/wp-content\\\/uploads\\\/500414.png\",\"datePublished\":\"2022-10-26T13:59:16+00:00\",\"dateModified\":\"2025-08-01T09:56:50+00:00\",\"breadcrumb\":{\"@id\":\"https:\\\/\\\/hundtgroup.com\\\/sk\\\/produkt\\\/akumulatorovy-nastroj-na-nastavovanie-slepych-nitov-rivdom-ebz-1\\\/#breadcrumb\"},\"inLanguage\":\"sk-SK\",\"potentialAction\":[{\"@type\":\"ReadAction\",\"target\":[\"https:\\\/\\\/hundtgroup.com\\\/sk\\\/produkt\\\/akumulatorovy-nastroj-na-nastavovanie-slepych-nitov-rivdom-ebz-1\\\/\"]}]},{\"@type\":\"ImageObject\",\"inLanguage\":\"sk-SK\",\"@id\":\"https:\\\/\\\/hundtgroup.com\\\/sk\\\/produkt\\\/akumulatorovy-nastroj-na-nastavovanie-slepych-nitov-rivdom-ebz-1\\\/#primaryimage\",\"url\":\"https:\\\/\\\/hundtgroup.com\\\/wp-content\\\/uploads\\\/500414.png\",\"contentUrl\":\"https:\\\/\\\/hundtgroup.com\\\/wp-content\\\/uploads\\\/500414.png\",\"width\":768,\"height\":432},{\"@type\":\"BreadcrumbList\",\"@id\":\"https:\\\/\\\/hundtgroup.com\\\/sk\\\/produkt\\\/akumulatorovy-nastroj-na-nastavovanie-slepych-nitov-rivdom-ebz-1\\\/#breadcrumb\",\"itemListElement\":[{\"@type\":\"ListItem\",\"position\":1,\"name\":\"Startseite\",\"item\":\"https:\\\/\\\/hundtgroup.com\\\/sk\\\/domov-nove\\\/\"},{\"@type\":\"ListItem\",\"position\":2,\"name\":\"Obchod\",\"item\":\"https:\\\/\\\/hundtgroup.com\\\/obchod\\\/\"},{\"@type\":\"ListItem\",\"position\":3,\"name\":\"Akumul\u00e1torov\u00fd n\u00e1stroj na nastavovanie slep\u00fdch nitov Rivdom ebZ 1\"}]},{\"@type\":\"WebSite\",\"@id\":\"https:\\\/\\\/hundtgroup.com\\\/sk\\\/#website\",\"url\":\"https:\\\/\\\/hundtgroup.com\\\/sk\\\/\",\"name\":\"Wilhelm Hundt GmbH\",\"description\":\"V\u00e1\u0161 \u0161pecialista na stroje a n\u00e1stroje na spracovanie plechu\",\"potentialAction\":[{\"@type\":\"SearchAction\",\"target\":{\"@type\":\"EntryPoint\",\"urlTemplate\":\"https:\\\/\\\/hundtgroup.com\\\/sk\\\/?s={search_term_string}\"},\"query-input\":{\"@type\":\"PropertyValueSpecification\",\"valueRequired\":true,\"valueName\":\"search_term_string\"}}],\"inLanguage\":\"sk-SK\"}]}<\/script>\n<!-- \/ Yoast SEO plugin. -->","yoast_head_json":{"title":"Akumul\u00e1torov\u00fd n\u00e1stroj na nastavovanie slep\u00fdch nitov Rivdom ebZ 1 - Wilhelm Hundt GmbH","robots":{"index":"index","follow":"follow","max-snippet":"max-snippet:-1","max-image-preview":"max-image-preview:large","max-video-preview":"max-video-preview:-1"},"canonical":"https:\/\/hundtgroup.com\/sk\/produkt\/akumulatorovy-nastroj-na-nastavovanie-slepych-nitov-rivdom-ebz-1\/","og_locale":"sk_SK","og_type":"article","og_title":"Akumul\u00e1torov\u00fd n\u00e1stroj na nastavovanie slep\u00fdch nitov Rivdom ebZ 1 - Wilhelm Hundt GmbH","og_description":"Pracovn\u00fd rozsah: slep\u00e9 nity do 5,0 mm (v\u0161etky materi\u00e1ly), ve\u013emi kompaktn\u00fd dizajn , n\u00edzka hmotnos\u0165, v\u00fdkonn\u00fd bezkart\u00e1\u010dov\u00fd motor, optimalizovan\u00e1 prevodovka, pohodln\u00e1 manipul\u00e1cia.","og_url":"https:\/\/hundtgroup.com\/sk\/produkt\/akumulatorovy-nastroj-na-nastavovanie-slepych-nitov-rivdom-ebz-1\/","og_site_name":"Wilhelm Hundt GmbH","article_modified_time":"2025-08-01T09:56:50+00:00","og_image":[{"width":1200,"height":1200,"url":"https:\/\/hundtgroup.com\/wp-content\/uploads\/500413.jpg","type":"image\/jpeg"}],"twitter_card":"summary_large_image","schema":{"@context":"https:\/\/schema.org","@graph":[{"@type":"WebPage","@id":"https:\/\/hundtgroup.com\/sk\/produkt\/akumulatorovy-nastroj-na-nastavovanie-slepych-nitov-rivdom-ebz-1\/","url":"https:\/\/hundtgroup.com\/sk\/produkt\/akumulatorovy-nastroj-na-nastavovanie-slepych-nitov-rivdom-ebz-1\/","name":"Akumul\u00e1torov\u00fd n\u00e1stroj na nastavovanie slep\u00fdch nitov Rivdom ebZ 1 - Wilhelm Hundt GmbH","isPartOf":{"@id":"https:\/\/hundtgroup.com\/sk\/#website"},"primaryImageOfPage":{"@id":"https:\/\/hundtgroup.com\/sk\/produkt\/akumulatorovy-nastroj-na-nastavovanie-slepych-nitov-rivdom-ebz-1\/#primaryimage"},"image":{"@id":"https:\/\/hundtgroup.com\/sk\/produkt\/akumulatorovy-nastroj-na-nastavovanie-slepych-nitov-rivdom-ebz-1\/#primaryimage"},"thumbnailUrl":"https:\/\/hundtgroup.com\/wp-content\/uploads\/500414.png","datePublished":"2022-10-26T13:59:16+00:00","dateModified":"2025-08-01T09:56:50+00:00","breadcrumb":{"@id":"https:\/\/hundtgroup.com\/sk\/produkt\/akumulatorovy-nastroj-na-nastavovanie-slepych-nitov-rivdom-ebz-1\/#breadcrumb"},"inLanguage":"sk-SK","potentialAction":[{"@type":"ReadAction","target":["https:\/\/hundtgroup.com\/sk\/produkt\/akumulatorovy-nastroj-na-nastavovanie-slepych-nitov-rivdom-ebz-1\/"]}]},{"@type":"ImageObject","inLanguage":"sk-SK","@id":"https:\/\/hundtgroup.com\/sk\/produkt\/akumulatorovy-nastroj-na-nastavovanie-slepych-nitov-rivdom-ebz-1\/#primaryimage","url":"https:\/\/hundtgroup.com\/wp-content\/uploads\/500414.png","contentUrl":"https:\/\/hundtgroup.com\/wp-content\/uploads\/500414.png","width":768,"height":432},{"@type":"BreadcrumbList","@id":"https:\/\/hundtgroup.com\/sk\/produkt\/akumulatorovy-nastroj-na-nastavovanie-slepych-nitov-rivdom-ebz-1\/#breadcrumb","itemListElement":[{"@type":"ListItem","position":1,"name":"Startseite","item":"https:\/\/hundtgroup.com\/sk\/domov-nove\/"},{"@type":"ListItem","position":2,"name":"Obchod","item":"https:\/\/hundtgroup.com\/obchod\/"},{"@type":"ListItem","position":3,"name":"Akumul\u00e1torov\u00fd n\u00e1stroj na nastavovanie slep\u00fdch nitov Rivdom ebZ 1"}]},{"@type":"WebSite","@id":"https:\/\/hundtgroup.com\/sk\/#website","url":"https:\/\/hundtgroup.com\/sk\/","name":"Wilhelm Hundt GmbH","description":"V\u00e1\u0161 \u0161pecialista na stroje a n\u00e1stroje na spracovanie plechu","potentialAction":[{"@type":"SearchAction","target":{"@type":"EntryPoint","urlTemplate":"https:\/\/hundtgroup.com\/sk\/?s={search_term_string}"},"query-input":{"@type":"PropertyValueSpecification","valueRequired":true,"valueName":"search_term_string"}}],"inLanguage":"sk-SK"}]}},"_links":{"self":[{"href":"https:\/\/hundtgroup.com\/sk\/wp-json\/wp\/v2\/product\/25417","targetHints":{"allow":["GET"]}}],"collection":[{"href":"https:\/\/hundtgroup.com\/sk\/wp-json\/wp\/v2\/product"}],"about":[{"href":"https:\/\/hundtgroup.com\/sk\/wp-json\/wp\/v2\/types\/product"}],"wp:featuredmedia":[{"embeddable":true,"href":"https:\/\/hundtgroup.com\/sk\/wp-json\/wp\/v2\/media\/39927"}],"wp:attachment":[{"href":"https:\/\/hundtgroup.com\/sk\/wp-json\/wp\/v2\/media?parent=25417"}],"wp:term":[{"taxonomy":"product_cat","embeddable":true,"href":"https:\/\/hundtgroup.com\/sk\/wp-json\/wp\/v2\/product_cat?post=25417"},{"taxonomy":"product_tag","embeddable":true,"href":"https:\/\/hundtgroup.com\/sk\/wp-json\/wp\/v2\/product_tag?post=25417"}],"curies":[{"name":"wp","href":"https:\/\/api.w.org\/{rel}","templated":true}]}}