{"id":25448,"date":"2022-10-26T15:59:16","date_gmt":"2022-10-26T13:59:16","guid":{"rendered":"https:\/\/hundtgroup.com\/produkt\/akumulatorove-naradie-na-nastavovanie-slepych-nitov-rivdom-ebz-zero\/"},"modified":"2025-08-01T11:59:14","modified_gmt":"2025-08-01T09:59:14","slug":"akumulatorove-naradie-na-nastavovanie-slepych-nitov-rivdom-ebz-zero","status":"publish","type":"product","link":"https:\/\/hundtgroup.com\/sk\/produkt\/akumulatorove-naradie-na-nastavovanie-slepych-nitov-rivdom-ebz-zero\/","title":{"rendered":"Akumul\u00e1torov\u00e9 n\u00e1radie na nastavovanie slep\u00fdch nitov Rivdom ebZ ZERO"},"content":{"rendered":"<p>Kompaktn\u00e9. N\u00edzka hmotnos\u0165. Jednoducho v\u00fdkonn\u00e1.<br \/>\nNov\u00fd drobec na slep\u00e9 nity do 4,0 mm.<br \/>\nRivdomZERO m\u00e1 ultrakompaktn\u00e9 puzdro, ktor\u00e9 u\u017e pozn\u00e1me z RivSmart, bezkart\u00e1\u010dov\u00fd motor a technol\u00f3giu nab\u00edjania RivdomPLUS.<br \/>\nOpotrebite\u013en\u00e9 diely sa daj\u00fa meni\u0165 bez pou\u017eitia n\u00e1radia a hmotnos\u0165 len 1,3 kg zaru\u010duje maxim\u00e1lne pohodlie!<br \/>\nNovo vyvinut\u00fd bezkart\u00e1\u010dov\u00fd jednosmern\u00fd motor BLDC zaru\u010duje prakticky bez opotrebenia a ve\u013emi dlh\u00fa \u017eivotnos\u0165.<br \/>\nNi\u017e\u0161ia spotreba energie a zn\u00ed\u017een\u00e1 tvorba tepla zvy\u0161uj\u00fa \u017eivotnos\u0165 bat\u00e9rie a efekt\u00edvnos\u0165 v\u00fdkonu.<br \/>\nVe\u013emi kompaktn\u00e9 rozmery, a preto bezkonkuren\u010dn\u00e1 manipul\u00e1cia aj na t\u00fdch najtesnej\u0161\u00edch miestach in\u0161tal\u00e1cie.<br \/>\nIndividu\u00e1lne nastavenie nav\u00edjania.<br \/>\nMaxim\u00e1lne pohodlie v\u010faka oto\u010dn\u00e9mu sp\u00fa\u0161\u0165a\u010du s ve\u013emi n\u00edzkou sp\u00fa\u0161\u0165acou silou \/ kr\u00e1tkym chodom sp\u00fa\u0161\u0165a\u010da.  <\/p>\n","protected":false},"excerpt":{"rendered":"<p>Kompaktn\u00e9. N\u00edzka hmotnos\u0165. Jednoducho v\u00fdkonn\u00e1. Nov\u00fd drobec na slep\u00e9 nity do 4,0 mm. RivdomZERO m\u00e1 ultrakompaktn\u00e9 puzdro, ktor\u00e9 u\u017e pozn\u00e1me z RivSmart, bezkart\u00e1\u010dov\u00fd motor a technol\u00f3giu nab\u00edjania RivdomPLUS. Opotrebite\u013en\u00e9 diely sa daj\u00fa meni\u0165 bez pou\u017eitia n\u00e1radia a hmotnos\u0165 len 1,3 kg zaru\u010duje maxim\u00e1lne pohodlie! Novo vyvinut\u00fd bezkart\u00e1\u010dov\u00fd jednosmern\u00fd motor BLDC zaru\u010duje prakticky bez opotrebenia a [&hellip;]<\/p>\n","protected":false},"featured_media":25450,"template":"","meta":{"_acf_changed":false,"inline_featured_image":false},"product_cat":[2850,2242,644,2244],"product_tag":[],"class_list":{"0":"post-25448","1":"product","2":"type-product","3":"status-publish","4":"has-post-thumbnail","6":"brand-honsel","7":"product_cat-nastroje-na-nitovanie-sk","8":"product_cat-nastroje-na-nitovanie","9":"product_cat-nastroje-na-baterie","10":"product_cat-bateria-sk","12":"first","13":"instock","14":"sale","15":"taxable","16":"shipping-taxable","17":"purchasable","18":"product-type-simple","19":"add-to-wishlist-before_image"},"acf":[],"yoast_head":"<!-- This site is optimized with the Yoast SEO plugin v27.3 - https:\/\/yoast.com\/product\/yoast-seo-wordpress\/ -->\n<title>Akumul\u00e1torov\u00e9 n\u00e1radie na nastavovanie slep\u00fdch nitov Rivdom ebZ ZERO - Wilhelm Hundt GmbH<\/title>\n<meta name=\"robots\" content=\"index, follow, max-snippet:-1, max-image-preview:large, max-video-preview:-1\" \/>\n<link rel=\"canonical\" href=\"https:\/\/hundtgroup.com\/sk\/produkt\/akumulatorove-naradie-na-nastavovanie-slepych-nitov-rivdom-ebz-zero\/\" \/>\n<meta property=\"og:locale\" content=\"sk_SK\" \/>\n<meta property=\"og:type\" content=\"article\" \/>\n<meta property=\"og:title\" content=\"Akumul\u00e1torov\u00e9 n\u00e1radie na nastavovanie slep\u00fdch nitov Rivdom ebZ ZERO - Wilhelm Hundt GmbH\" \/>\n<meta property=\"og:description\" content=\"Kompaktn\u00e9. N\u00edzka hmotnos\u0165. Jednoducho v\u00fdkonn\u00e1. Nov\u00fd drobec na slep\u00e9 nity do 4,0 mm. RivdomZERO m\u00e1 ultrakompaktn\u00e9 puzdro, ktor\u00e9 u\u017e pozn\u00e1me z RivSmart, bezkart\u00e1\u010dov\u00fd motor a technol\u00f3giu nab\u00edjania RivdomPLUS. Opotrebite\u013en\u00e9 diely sa daj\u00fa meni\u0165 bez pou\u017eitia n\u00e1radia a hmotnos\u0165 len 1,3 kg zaru\u010duje maxim\u00e1lne pohodlie! Novo vyvinut\u00fd bezkart\u00e1\u010dov\u00fd jednosmern\u00fd motor BLDC zaru\u010duje prakticky bez opotrebenia a [&hellip;]\" \/>\n<meta property=\"og:url\" content=\"https:\/\/hundtgroup.com\/sk\/produkt\/akumulatorove-naradie-na-nastavovanie-slepych-nitov-rivdom-ebz-zero\/\" \/>\n<meta property=\"og:site_name\" content=\"Wilhelm Hundt GmbH\" \/>\n<meta property=\"article:modified_time\" content=\"2025-08-01T09:59:14+00:00\" \/>\n<meta property=\"og:image\" content=\"https:\/\/hundtgroup.com\/wp-content\/uploads\/500401.jpg\" \/>\n\t<meta property=\"og:image:width\" content=\"1600\" \/>\n\t<meta property=\"og:image:height\" content=\"901\" \/>\n\t<meta property=\"og:image:type\" content=\"image\/jpeg\" \/>\n<meta name=\"twitter:card\" content=\"summary_large_image\" \/>\n<meta name=\"twitter:label1\" content=\"Predpokladan\u00fd \u010das \u010d\u00edtania\" \/>\n\t<meta name=\"twitter:data1\" content=\"1 min\u00fata\" \/>\n<script type=\"application\/ld+json\" class=\"yoast-schema-graph\">{\"@context\":\"https:\\\/\\\/schema.org\",\"@graph\":[{\"@type\":\"WebPage\",\"@id\":\"https:\\\/\\\/hundtgroup.com\\\/sk\\\/produkt\\\/akumulatorove-naradie-na-nastavovanie-slepych-nitov-rivdom-ebz-zero\\\/\",\"url\":\"https:\\\/\\\/hundtgroup.com\\\/sk\\\/produkt\\\/akumulatorove-naradie-na-nastavovanie-slepych-nitov-rivdom-ebz-zero\\\/\",\"name\":\"Akumul\u00e1torov\u00e9 n\u00e1radie na nastavovanie slep\u00fdch nitov Rivdom ebZ ZERO - Wilhelm Hundt GmbH\",\"isPartOf\":{\"@id\":\"https:\\\/\\\/hundtgroup.com\\\/sk\\\/#website\"},\"primaryImageOfPage\":{\"@id\":\"https:\\\/\\\/hundtgroup.com\\\/sk\\\/produkt\\\/akumulatorove-naradie-na-nastavovanie-slepych-nitov-rivdom-ebz-zero\\\/#primaryimage\"},\"image\":{\"@id\":\"https:\\\/\\\/hundtgroup.com\\\/sk\\\/produkt\\\/akumulatorove-naradie-na-nastavovanie-slepych-nitov-rivdom-ebz-zero\\\/#primaryimage\"},\"thumbnailUrl\":\"https:\\\/\\\/hundtgroup.com\\\/wp-content\\\/uploads\\\/500401.jpg\",\"datePublished\":\"2022-10-26T13:59:16+00:00\",\"dateModified\":\"2025-08-01T09:59:14+00:00\",\"breadcrumb\":{\"@id\":\"https:\\\/\\\/hundtgroup.com\\\/sk\\\/produkt\\\/akumulatorove-naradie-na-nastavovanie-slepych-nitov-rivdom-ebz-zero\\\/#breadcrumb\"},\"inLanguage\":\"sk-SK\",\"potentialAction\":[{\"@type\":\"ReadAction\",\"target\":[\"https:\\\/\\\/hundtgroup.com\\\/sk\\\/produkt\\\/akumulatorove-naradie-na-nastavovanie-slepych-nitov-rivdom-ebz-zero\\\/\"]}]},{\"@type\":\"ImageObject\",\"inLanguage\":\"sk-SK\",\"@id\":\"https:\\\/\\\/hundtgroup.com\\\/sk\\\/produkt\\\/akumulatorove-naradie-na-nastavovanie-slepych-nitov-rivdom-ebz-zero\\\/#primaryimage\",\"url\":\"https:\\\/\\\/hundtgroup.com\\\/wp-content\\\/uploads\\\/500401.jpg\",\"contentUrl\":\"https:\\\/\\\/hundtgroup.com\\\/wp-content\\\/uploads\\\/500401.jpg\",\"width\":1600,\"height\":901},{\"@type\":\"BreadcrumbList\",\"@id\":\"https:\\\/\\\/hundtgroup.com\\\/sk\\\/produkt\\\/akumulatorove-naradie-na-nastavovanie-slepych-nitov-rivdom-ebz-zero\\\/#breadcrumb\",\"itemListElement\":[{\"@type\":\"ListItem\",\"position\":1,\"name\":\"Startseite\",\"item\":\"https:\\\/\\\/hundtgroup.com\\\/sk\\\/domov-nove\\\/\"},{\"@type\":\"ListItem\",\"position\":2,\"name\":\"Obchod\",\"item\":\"https:\\\/\\\/hundtgroup.com\\\/obchod\\\/\"},{\"@type\":\"ListItem\",\"position\":3,\"name\":\"Akumul\u00e1torov\u00e9 n\u00e1radie na nastavovanie slep\u00fdch nitov Rivdom ebZ ZERO\"}]},{\"@type\":\"WebSite\",\"@id\":\"https:\\\/\\\/hundtgroup.com\\\/sk\\\/#website\",\"url\":\"https:\\\/\\\/hundtgroup.com\\\/sk\\\/\",\"name\":\"Wilhelm Hundt GmbH\",\"description\":\"V\u00e1\u0161 \u0161pecialista na stroje a n\u00e1stroje na spracovanie plechu\",\"potentialAction\":[{\"@type\":\"SearchAction\",\"target\":{\"@type\":\"EntryPoint\",\"urlTemplate\":\"https:\\\/\\\/hundtgroup.com\\\/sk\\\/?s={search_term_string}\"},\"query-input\":{\"@type\":\"PropertyValueSpecification\",\"valueRequired\":true,\"valueName\":\"search_term_string\"}}],\"inLanguage\":\"sk-SK\"}]}<\/script>\n<!-- \/ Yoast SEO plugin. -->","yoast_head_json":{"title":"Akumul\u00e1torov\u00e9 n\u00e1radie na nastavovanie slep\u00fdch nitov Rivdom ebZ ZERO - Wilhelm Hundt GmbH","robots":{"index":"index","follow":"follow","max-snippet":"max-snippet:-1","max-image-preview":"max-image-preview:large","max-video-preview":"max-video-preview:-1"},"canonical":"https:\/\/hundtgroup.com\/sk\/produkt\/akumulatorove-naradie-na-nastavovanie-slepych-nitov-rivdom-ebz-zero\/","og_locale":"sk_SK","og_type":"article","og_title":"Akumul\u00e1torov\u00e9 n\u00e1radie na nastavovanie slep\u00fdch nitov Rivdom ebZ ZERO - Wilhelm Hundt GmbH","og_description":"Kompaktn\u00e9. N\u00edzka hmotnos\u0165. Jednoducho v\u00fdkonn\u00e1. Nov\u00fd drobec na slep\u00e9 nity do 4,0 mm. RivdomZERO m\u00e1 ultrakompaktn\u00e9 puzdro, ktor\u00e9 u\u017e pozn\u00e1me z RivSmart, bezkart\u00e1\u010dov\u00fd motor a technol\u00f3giu nab\u00edjania RivdomPLUS. Opotrebite\u013en\u00e9 diely sa daj\u00fa meni\u0165 bez pou\u017eitia n\u00e1radia a hmotnos\u0165 len 1,3 kg zaru\u010duje maxim\u00e1lne pohodlie! Novo vyvinut\u00fd bezkart\u00e1\u010dov\u00fd jednosmern\u00fd motor BLDC zaru\u010duje prakticky bez opotrebenia a [&hellip;]","og_url":"https:\/\/hundtgroup.com\/sk\/produkt\/akumulatorove-naradie-na-nastavovanie-slepych-nitov-rivdom-ebz-zero\/","og_site_name":"Wilhelm Hundt GmbH","article_modified_time":"2025-08-01T09:59:14+00:00","og_image":[{"width":1600,"height":901,"url":"https:\/\/hundtgroup.com\/wp-content\/uploads\/500401.jpg","type":"image\/jpeg"}],"twitter_card":"summary_large_image","twitter_misc":{"Predpokladan\u00fd \u010das \u010d\u00edtania":"1 min\u00fata"},"schema":{"@context":"https:\/\/schema.org","@graph":[{"@type":"WebPage","@id":"https:\/\/hundtgroup.com\/sk\/produkt\/akumulatorove-naradie-na-nastavovanie-slepych-nitov-rivdom-ebz-zero\/","url":"https:\/\/hundtgroup.com\/sk\/produkt\/akumulatorove-naradie-na-nastavovanie-slepych-nitov-rivdom-ebz-zero\/","name":"Akumul\u00e1torov\u00e9 n\u00e1radie na nastavovanie slep\u00fdch nitov Rivdom ebZ ZERO - Wilhelm Hundt GmbH","isPartOf":{"@id":"https:\/\/hundtgroup.com\/sk\/#website"},"primaryImageOfPage":{"@id":"https:\/\/hundtgroup.com\/sk\/produkt\/akumulatorove-naradie-na-nastavovanie-slepych-nitov-rivdom-ebz-zero\/#primaryimage"},"image":{"@id":"https:\/\/hundtgroup.com\/sk\/produkt\/akumulatorove-naradie-na-nastavovanie-slepych-nitov-rivdom-ebz-zero\/#primaryimage"},"thumbnailUrl":"https:\/\/hundtgroup.com\/wp-content\/uploads\/500401.jpg","datePublished":"2022-10-26T13:59:16+00:00","dateModified":"2025-08-01T09:59:14+00:00","breadcrumb":{"@id":"https:\/\/hundtgroup.com\/sk\/produkt\/akumulatorove-naradie-na-nastavovanie-slepych-nitov-rivdom-ebz-zero\/#breadcrumb"},"inLanguage":"sk-SK","potentialAction":[{"@type":"ReadAction","target":["https:\/\/hundtgroup.com\/sk\/produkt\/akumulatorove-naradie-na-nastavovanie-slepych-nitov-rivdom-ebz-zero\/"]}]},{"@type":"ImageObject","inLanguage":"sk-SK","@id":"https:\/\/hundtgroup.com\/sk\/produkt\/akumulatorove-naradie-na-nastavovanie-slepych-nitov-rivdom-ebz-zero\/#primaryimage","url":"https:\/\/hundtgroup.com\/wp-content\/uploads\/500401.jpg","contentUrl":"https:\/\/hundtgroup.com\/wp-content\/uploads\/500401.jpg","width":1600,"height":901},{"@type":"BreadcrumbList","@id":"https:\/\/hundtgroup.com\/sk\/produkt\/akumulatorove-naradie-na-nastavovanie-slepych-nitov-rivdom-ebz-zero\/#breadcrumb","itemListElement":[{"@type":"ListItem","position":1,"name":"Startseite","item":"https:\/\/hundtgroup.com\/sk\/domov-nove\/"},{"@type":"ListItem","position":2,"name":"Obchod","item":"https:\/\/hundtgroup.com\/obchod\/"},{"@type":"ListItem","position":3,"name":"Akumul\u00e1torov\u00e9 n\u00e1radie na nastavovanie slep\u00fdch nitov Rivdom ebZ ZERO"}]},{"@type":"WebSite","@id":"https:\/\/hundtgroup.com\/sk\/#website","url":"https:\/\/hundtgroup.com\/sk\/","name":"Wilhelm Hundt GmbH","description":"V\u00e1\u0161 \u0161pecialista na stroje a n\u00e1stroje na spracovanie plechu","potentialAction":[{"@type":"SearchAction","target":{"@type":"EntryPoint","urlTemplate":"https:\/\/hundtgroup.com\/sk\/?s={search_term_string}"},"query-input":{"@type":"PropertyValueSpecification","valueRequired":true,"valueName":"search_term_string"}}],"inLanguage":"sk-SK"}]}},"_links":{"self":[{"href":"https:\/\/hundtgroup.com\/sk\/wp-json\/wp\/v2\/product\/25448","targetHints":{"allow":["GET"]}}],"collection":[{"href":"https:\/\/hundtgroup.com\/sk\/wp-json\/wp\/v2\/product"}],"about":[{"href":"https:\/\/hundtgroup.com\/sk\/wp-json\/wp\/v2\/types\/product"}],"wp:featuredmedia":[{"embeddable":true,"href":"https:\/\/hundtgroup.com\/sk\/wp-json\/wp\/v2\/media\/25450"}],"wp:attachment":[{"href":"https:\/\/hundtgroup.com\/sk\/wp-json\/wp\/v2\/media?parent=25448"}],"wp:term":[{"taxonomy":"product_cat","embeddable":true,"href":"https:\/\/hundtgroup.com\/sk\/wp-json\/wp\/v2\/product_cat?post=25448"},{"taxonomy":"product_tag","embeddable":true,"href":"https:\/\/hundtgroup.com\/sk\/wp-json\/wp\/v2\/product_tag?post=25448"}],"curies":[{"name":"wp","href":"https:\/\/api.w.org\/{rel}","templated":true}]}}