{"id":25523,"date":"2022-10-26T15:58:20","date_gmt":"2022-10-26T13:58:20","guid":{"rendered":"https:\/\/hundtgroup.com\/produkt\/magneticka-vodovaha-70m-60-cm\/"},"modified":"2025-07-29T12:13:04","modified_gmt":"2025-07-29T10:13:04","slug":"magneticka-vodovaha-70m-60-cm","status":"publish","type":"product","link":"https:\/\/hundtgroup.com\/sk\/produkt\/magneticka-vodovaha-70m-60-cm\/","title":{"rendered":"Magnetick\u00e1 vodov\u00e1ha 70M 60 cm"},"content":{"rendered":"<p>\u013dahk\u00e1 vodov\u00e1ha z hlin\u00edkov\u00e9ho obd\u013a\u017enikov\u00e9ho profilu so siln\u00fdm syst\u00e9mom magnetov na b\u00e1ze vz\u00e1cnych zem\u00edn na pri\u013enavos\u0165 ku kovov\u00fdm kon\u0161truk\u010dn\u00fdm prvkom &#8211; vo\u013en\u00e9 ruky pri vyrovn\u00e1van\u00ed a nastavovan\u00ed st\u013apikov a nosn\u00edkov.<br \/>\n\u013dahko sa \u010dist\u00ed v\u010faka hladk\u00fdm bo\u010dn\u00fdm povrchom a elektrostatick\u00e9mu pr\u00e1\u0161kov\u00e9mu laku.<br \/>\nPlastov\u00e9 koncov\u00e9 krytky chr\u00e1nia profil v pr\u00edpade n\u00e1razov.<br \/>\nMont\u00e1\u017ena technol\u00f3gia STABILA zaru\u010duje dlhodob\u00fa presnos\u0165 &#8211; presnos\u0165 merania v norm\u00e1lnej polohe \u00b1 0,5 mm\/m.<\/p>\n<p>Vlastnosti:<br \/>\n1 vodorovn\u00e1 libela<br \/>\n1 zvisl\u00e1 libela<br \/>\n2 fr\u00e9zovan\u00e9 meracie plochy<br \/>\nMagnetick\u00fd syst\u00e9m vz\u00e1cnych zem\u00edn (a\u017e 5-kr\u00e1t silnej\u0161\u00ed ako \u0161tandardn\u00e9 feritov\u00e9 magnety)<br \/>\n1 meracia plocha s povrchovou \u00fapravou<\/p>\n","protected":false},"excerpt":{"rendered":"<p>\u013dahk\u00e1 vodov\u00e1ha z hlin\u00edkov\u00e9ho obd\u013a\u017enikov\u00e9ho profilu so siln\u00fdm syst\u00e9mom magnetov na b\u00e1ze vz\u00e1cnych zem\u00edn na pri\u013enavos\u0165 ku kovov\u00fdm kon\u0161truk\u010dn\u00fdm prvkom &#8211; vo\u013en\u00e9 ruky pri vyrovn\u00e1van\u00ed a nastavovan\u00ed st\u013apikov a nosn\u00edkov. \u013dahko sa \u010dist\u00ed v\u010faka hladk\u00fdm bo\u010dn\u00fdm povrchom a elektrostatick\u00e9mu pr\u00e1\u0161kov\u00e9mu laku. Plastov\u00e9 koncov\u00e9 krytky chr\u00e1nia profil v pr\u00edpade n\u00e1razov. Mont\u00e1\u017ena technol\u00f3gia STABILA zaru\u010duje dlhodob\u00fa presnos\u0165 [&hellip;]<\/p>\n","protected":false},"featured_media":21059,"template":"","meta":{"_acf_changed":false,"inline_featured_image":false},"product_cat":[930,2780,2179],"product_tag":[],"class_list":{"0":"post-25523","1":"product","2":"type-product","3":"status-publish","4":"has-post-thumbnail","6":"brand-stabila","7":"product_cat-rucne-naradie","8":"product_cat-vodovaha","9":"product_cat-meracie-nastroje","11":"first","12":"instock","13":"taxable","14":"shipping-taxable","15":"purchasable","16":"product-type-simple","17":"add-to-wishlist-before_image"},"acf":[],"yoast_head":"<!-- This site is optimized with the Yoast SEO plugin v27.3 - https:\/\/yoast.com\/product\/yoast-seo-wordpress\/ -->\n<title>Magnetick\u00e1 vodov\u00e1ha 70M 60 cm - Wilhelm Hundt GmbH<\/title>\n<meta name=\"robots\" content=\"index, follow, max-snippet:-1, max-image-preview:large, max-video-preview:-1\" \/>\n<link rel=\"canonical\" href=\"https:\/\/hundtgroup.com\/sk\/produkt\/magneticka-vodovaha-70m-60-cm\/\" \/>\n<meta property=\"og:locale\" content=\"sk_SK\" \/>\n<meta property=\"og:type\" content=\"article\" \/>\n<meta property=\"og:title\" content=\"Magnetick\u00e1 vodov\u00e1ha 70M 60 cm - Wilhelm Hundt GmbH\" \/>\n<meta property=\"og:description\" content=\"\u013dahk\u00e1 vodov\u00e1ha z hlin\u00edkov\u00e9ho obd\u013a\u017enikov\u00e9ho profilu so siln\u00fdm syst\u00e9mom magnetov na b\u00e1ze vz\u00e1cnych zem\u00edn na pri\u013enavos\u0165 ku kovov\u00fdm kon\u0161truk\u010dn\u00fdm prvkom &#8211; vo\u013en\u00e9 ruky pri vyrovn\u00e1van\u00ed a nastavovan\u00ed st\u013apikov a nosn\u00edkov. \u013dahko sa \u010dist\u00ed v\u010faka hladk\u00fdm bo\u010dn\u00fdm povrchom a elektrostatick\u00e9mu pr\u00e1\u0161kov\u00e9mu laku. Plastov\u00e9 koncov\u00e9 krytky chr\u00e1nia profil v pr\u00edpade n\u00e1razov. Mont\u00e1\u017ena technol\u00f3gia STABILA zaru\u010duje dlhodob\u00fa presnos\u0165 [&hellip;]\" \/>\n<meta property=\"og:url\" content=\"https:\/\/hundtgroup.com\/sk\/produkt\/magneticka-vodovaha-70m-60-cm\/\" \/>\n<meta property=\"og:site_name\" content=\"Wilhelm Hundt GmbH\" \/>\n<meta property=\"article:modified_time\" content=\"2025-07-29T10:13:04+00:00\" \/>\n<meta property=\"og:image\" content=\"https:\/\/hundtgroup.com\/wp-content\/uploads\/420024.png\" \/>\n\t<meta property=\"og:image:width\" content=\"827\" \/>\n\t<meta property=\"og:image:height\" content=\"90\" \/>\n\t<meta property=\"og:image:type\" content=\"image\/png\" \/>\n<meta name=\"twitter:card\" content=\"summary_large_image\" \/>\n<meta name=\"twitter:label1\" content=\"Predpokladan\u00fd \u010das \u010d\u00edtania\" \/>\n\t<meta name=\"twitter:data1\" content=\"1 min\u00fata\" \/>\n<script type=\"application\/ld+json\" class=\"yoast-schema-graph\">{\"@context\":\"https:\\\/\\\/schema.org\",\"@graph\":[{\"@type\":\"WebPage\",\"@id\":\"https:\\\/\\\/hundtgroup.com\\\/sk\\\/produkt\\\/magneticka-vodovaha-70m-60-cm\\\/\",\"url\":\"https:\\\/\\\/hundtgroup.com\\\/sk\\\/produkt\\\/magneticka-vodovaha-70m-60-cm\\\/\",\"name\":\"Magnetick\u00e1 vodov\u00e1ha 70M 60 cm - Wilhelm Hundt GmbH\",\"isPartOf\":{\"@id\":\"https:\\\/\\\/hundtgroup.com\\\/sk\\\/#website\"},\"primaryImageOfPage\":{\"@id\":\"https:\\\/\\\/hundtgroup.com\\\/sk\\\/produkt\\\/magneticka-vodovaha-70m-60-cm\\\/#primaryimage\"},\"image\":{\"@id\":\"https:\\\/\\\/hundtgroup.com\\\/sk\\\/produkt\\\/magneticka-vodovaha-70m-60-cm\\\/#primaryimage\"},\"thumbnailUrl\":\"https:\\\/\\\/hundtgroup.com\\\/wp-content\\\/uploads\\\/420024.png\",\"datePublished\":\"2022-10-26T13:58:20+00:00\",\"dateModified\":\"2025-07-29T10:13:04+00:00\",\"breadcrumb\":{\"@id\":\"https:\\\/\\\/hundtgroup.com\\\/sk\\\/produkt\\\/magneticka-vodovaha-70m-60-cm\\\/#breadcrumb\"},\"inLanguage\":\"sk-SK\",\"potentialAction\":[{\"@type\":\"ReadAction\",\"target\":[\"https:\\\/\\\/hundtgroup.com\\\/sk\\\/produkt\\\/magneticka-vodovaha-70m-60-cm\\\/\"]}]},{\"@type\":\"ImageObject\",\"inLanguage\":\"sk-SK\",\"@id\":\"https:\\\/\\\/hundtgroup.com\\\/sk\\\/produkt\\\/magneticka-vodovaha-70m-60-cm\\\/#primaryimage\",\"url\":\"https:\\\/\\\/hundtgroup.com\\\/wp-content\\\/uploads\\\/420024.png\",\"contentUrl\":\"https:\\\/\\\/hundtgroup.com\\\/wp-content\\\/uploads\\\/420024.png\",\"width\":827,\"height\":90},{\"@type\":\"BreadcrumbList\",\"@id\":\"https:\\\/\\\/hundtgroup.com\\\/sk\\\/produkt\\\/magneticka-vodovaha-70m-60-cm\\\/#breadcrumb\",\"itemListElement\":[{\"@type\":\"ListItem\",\"position\":1,\"name\":\"Startseite\",\"item\":\"https:\\\/\\\/hundtgroup.com\\\/sk\\\/domov-nove\\\/\"},{\"@type\":\"ListItem\",\"position\":2,\"name\":\"Obchod\",\"item\":\"https:\\\/\\\/hundtgroup.com\\\/obchod\\\/\"},{\"@type\":\"ListItem\",\"position\":3,\"name\":\"Magnetick\u00e1 vodov\u00e1ha 70M 60 cm\"}]},{\"@type\":\"WebSite\",\"@id\":\"https:\\\/\\\/hundtgroup.com\\\/sk\\\/#website\",\"url\":\"https:\\\/\\\/hundtgroup.com\\\/sk\\\/\",\"name\":\"Wilhelm Hundt GmbH\",\"description\":\"V\u00e1\u0161 \u0161pecialista na stroje a n\u00e1stroje na spracovanie plechu\",\"potentialAction\":[{\"@type\":\"SearchAction\",\"target\":{\"@type\":\"EntryPoint\",\"urlTemplate\":\"https:\\\/\\\/hundtgroup.com\\\/sk\\\/?s={search_term_string}\"},\"query-input\":{\"@type\":\"PropertyValueSpecification\",\"valueRequired\":true,\"valueName\":\"search_term_string\"}}],\"inLanguage\":\"sk-SK\"}]}<\/script>\n<!-- \/ Yoast SEO plugin. -->","yoast_head_json":{"title":"Magnetick\u00e1 vodov\u00e1ha 70M 60 cm - Wilhelm Hundt GmbH","robots":{"index":"index","follow":"follow","max-snippet":"max-snippet:-1","max-image-preview":"max-image-preview:large","max-video-preview":"max-video-preview:-1"},"canonical":"https:\/\/hundtgroup.com\/sk\/produkt\/magneticka-vodovaha-70m-60-cm\/","og_locale":"sk_SK","og_type":"article","og_title":"Magnetick\u00e1 vodov\u00e1ha 70M 60 cm - Wilhelm Hundt GmbH","og_description":"\u013dahk\u00e1 vodov\u00e1ha z hlin\u00edkov\u00e9ho obd\u013a\u017enikov\u00e9ho profilu so siln\u00fdm syst\u00e9mom magnetov na b\u00e1ze vz\u00e1cnych zem\u00edn na pri\u013enavos\u0165 ku kovov\u00fdm kon\u0161truk\u010dn\u00fdm prvkom &#8211; vo\u013en\u00e9 ruky pri vyrovn\u00e1van\u00ed a nastavovan\u00ed st\u013apikov a nosn\u00edkov. \u013dahko sa \u010dist\u00ed v\u010faka hladk\u00fdm bo\u010dn\u00fdm povrchom a elektrostatick\u00e9mu pr\u00e1\u0161kov\u00e9mu laku. Plastov\u00e9 koncov\u00e9 krytky chr\u00e1nia profil v pr\u00edpade n\u00e1razov. Mont\u00e1\u017ena technol\u00f3gia STABILA zaru\u010duje dlhodob\u00fa presnos\u0165 [&hellip;]","og_url":"https:\/\/hundtgroup.com\/sk\/produkt\/magneticka-vodovaha-70m-60-cm\/","og_site_name":"Wilhelm Hundt GmbH","article_modified_time":"2025-07-29T10:13:04+00:00","og_image":[{"width":827,"height":90,"url":"https:\/\/hundtgroup.com\/wp-content\/uploads\/420024.png","type":"image\/png"}],"twitter_card":"summary_large_image","twitter_misc":{"Predpokladan\u00fd \u010das \u010d\u00edtania":"1 min\u00fata"},"schema":{"@context":"https:\/\/schema.org","@graph":[{"@type":"WebPage","@id":"https:\/\/hundtgroup.com\/sk\/produkt\/magneticka-vodovaha-70m-60-cm\/","url":"https:\/\/hundtgroup.com\/sk\/produkt\/magneticka-vodovaha-70m-60-cm\/","name":"Magnetick\u00e1 vodov\u00e1ha 70M 60 cm - Wilhelm Hundt GmbH","isPartOf":{"@id":"https:\/\/hundtgroup.com\/sk\/#website"},"primaryImageOfPage":{"@id":"https:\/\/hundtgroup.com\/sk\/produkt\/magneticka-vodovaha-70m-60-cm\/#primaryimage"},"image":{"@id":"https:\/\/hundtgroup.com\/sk\/produkt\/magneticka-vodovaha-70m-60-cm\/#primaryimage"},"thumbnailUrl":"https:\/\/hundtgroup.com\/wp-content\/uploads\/420024.png","datePublished":"2022-10-26T13:58:20+00:00","dateModified":"2025-07-29T10:13:04+00:00","breadcrumb":{"@id":"https:\/\/hundtgroup.com\/sk\/produkt\/magneticka-vodovaha-70m-60-cm\/#breadcrumb"},"inLanguage":"sk-SK","potentialAction":[{"@type":"ReadAction","target":["https:\/\/hundtgroup.com\/sk\/produkt\/magneticka-vodovaha-70m-60-cm\/"]}]},{"@type":"ImageObject","inLanguage":"sk-SK","@id":"https:\/\/hundtgroup.com\/sk\/produkt\/magneticka-vodovaha-70m-60-cm\/#primaryimage","url":"https:\/\/hundtgroup.com\/wp-content\/uploads\/420024.png","contentUrl":"https:\/\/hundtgroup.com\/wp-content\/uploads\/420024.png","width":827,"height":90},{"@type":"BreadcrumbList","@id":"https:\/\/hundtgroup.com\/sk\/produkt\/magneticka-vodovaha-70m-60-cm\/#breadcrumb","itemListElement":[{"@type":"ListItem","position":1,"name":"Startseite","item":"https:\/\/hundtgroup.com\/sk\/domov-nove\/"},{"@type":"ListItem","position":2,"name":"Obchod","item":"https:\/\/hundtgroup.com\/obchod\/"},{"@type":"ListItem","position":3,"name":"Magnetick\u00e1 vodov\u00e1ha 70M 60 cm"}]},{"@type":"WebSite","@id":"https:\/\/hundtgroup.com\/sk\/#website","url":"https:\/\/hundtgroup.com\/sk\/","name":"Wilhelm Hundt GmbH","description":"V\u00e1\u0161 \u0161pecialista na stroje a n\u00e1stroje na spracovanie plechu","potentialAction":[{"@type":"SearchAction","target":{"@type":"EntryPoint","urlTemplate":"https:\/\/hundtgroup.com\/sk\/?s={search_term_string}"},"query-input":{"@type":"PropertyValueSpecification","valueRequired":true,"valueName":"search_term_string"}}],"inLanguage":"sk-SK"}]}},"_links":{"self":[{"href":"https:\/\/hundtgroup.com\/sk\/wp-json\/wp\/v2\/product\/25523","targetHints":{"allow":["GET"]}}],"collection":[{"href":"https:\/\/hundtgroup.com\/sk\/wp-json\/wp\/v2\/product"}],"about":[{"href":"https:\/\/hundtgroup.com\/sk\/wp-json\/wp\/v2\/types\/product"}],"wp:featuredmedia":[{"embeddable":true,"href":"https:\/\/hundtgroup.com\/sk\/wp-json\/wp\/v2\/media\/21059"}],"wp:attachment":[{"href":"https:\/\/hundtgroup.com\/sk\/wp-json\/wp\/v2\/media?parent=25523"}],"wp:term":[{"taxonomy":"product_cat","embeddable":true,"href":"https:\/\/hundtgroup.com\/sk\/wp-json\/wp\/v2\/product_cat?post=25523"},{"taxonomy":"product_tag","embeddable":true,"href":"https:\/\/hundtgroup.com\/sk\/wp-json\/wp\/v2\/product_tag?post=25523"}],"curies":[{"name":"wp","href":"https:\/\/api.w.org\/{rel}","templated":true}]}}