{"id":25619,"date":"2022-10-26T15:58:20","date_gmt":"2022-10-26T13:58:20","guid":{"rendered":"https:\/\/hundtgroup.com\/produkt\/oznacovacia-paska-talmeter-tm-2m\/"},"modified":"2025-07-29T12:07:33","modified_gmt":"2025-07-29T10:07:33","slug":"oznacovacia-paska-talmeter-tm-2m","status":"publish","type":"product","link":"https:\/\/hundtgroup.com\/sk\/produkt\/oznacovacia-paska-talmeter-tm-2m\/","title":{"rendered":"Ozna\u010dovacia p\u00e1ska Talmeter TM 2m"},"content":{"rendered":"<p>Merac\u00ed p\u00e1sik Talmeter TM.<br \/>\nBiely, robustn\u00fd oce\u013eov\u00fd p\u00e1sik, odstup\u0148ovan\u00fd v milimetroch, puzdro z ABS plastu.<br \/>\nKombinovan\u00e9 ozna\u010dovacie a meracie hrany umo\u017e\u0148uj\u00fa r\u00fdchle a jednoduch\u00e9 meranie a ozna\u010dovanie vonkaj\u0161\u00edch aj vn\u00fatorn\u00fdch d\u013a\u017eok.<br \/>\nVonkaj\u0161ie a vn\u00fatorn\u00e9 meranie s funkciou ozna\u010dovania.<br \/>\nFunkcia kruhov\u00e9ho merania na ozna\u010dovanie obl\u00fdch tvarov.<br \/>\nMeranie priemeru<br \/>\nStupnica sa uzamkne v norm\u00e1lnej polohe.<\/p>\n","protected":false},"excerpt":{"rendered":"<p>Merac\u00ed p\u00e1sik Talmeter TM. Biely, robustn\u00fd oce\u013eov\u00fd p\u00e1sik, odstup\u0148ovan\u00fd v milimetroch, puzdro z ABS plastu. Kombinovan\u00e9 ozna\u010dovacie a meracie hrany umo\u017e\u0148uj\u00fa r\u00fdchle a jednoduch\u00e9 meranie a ozna\u010dovanie vonkaj\u0161\u00edch aj vn\u00fatorn\u00fdch d\u013a\u017eok. Vonkaj\u0161ie a vn\u00fatorn\u00e9 meranie s funkciou ozna\u010dovania. Funkcia kruhov\u00e9ho merania na ozna\u010dovanie obl\u00fdch tvarov. Meranie priemeru Stupnica sa uzamkne v norm\u00e1lnej polohe.<\/p>\n","protected":false},"featured_media":25607,"template":"","meta":{"_acf_changed":false,"inline_featured_image":false},"product_cat":[930,2771,2179],"product_tag":[],"class_list":{"0":"post-25619","1":"product","2":"type-product","3":"status-publish","4":"has-post-thumbnail","6":"brand-hundt","7":"product_cat-rucne-naradie","8":"product_cat-paskovy-meter","9":"product_cat-meracie-nastroje","11":"first","12":"instock","13":"taxable","14":"shipping-taxable","15":"purchasable","16":"product-type-simple","17":"add-to-wishlist-before_image"},"acf":[],"yoast_head":"<!-- This site is optimized with the Yoast SEO plugin v27.3 - https:\/\/yoast.com\/product\/yoast-seo-wordpress\/ -->\n<title>Ozna\u010dovacia p\u00e1ska Talmeter TM 2m - Wilhelm Hundt GmbH<\/title>\n<meta name=\"robots\" content=\"index, follow, max-snippet:-1, max-image-preview:large, max-video-preview:-1\" \/>\n<link rel=\"canonical\" href=\"https:\/\/hundtgroup.com\/sk\/produkt\/oznacovacia-paska-talmeter-tm-2m\/\" \/>\n<meta property=\"og:locale\" content=\"sk_SK\" \/>\n<meta property=\"og:type\" content=\"article\" \/>\n<meta property=\"og:title\" content=\"Ozna\u010dovacia p\u00e1ska Talmeter TM 2m - Wilhelm Hundt GmbH\" \/>\n<meta property=\"og:description\" content=\"Merac\u00ed p\u00e1sik Talmeter TM. Biely, robustn\u00fd oce\u013eov\u00fd p\u00e1sik, odstup\u0148ovan\u00fd v milimetroch, puzdro z ABS plastu. Kombinovan\u00e9 ozna\u010dovacie a meracie hrany umo\u017e\u0148uj\u00fa r\u00fdchle a jednoduch\u00e9 meranie a ozna\u010dovanie vonkaj\u0161\u00edch aj vn\u00fatorn\u00fdch d\u013a\u017eok. Vonkaj\u0161ie a vn\u00fatorn\u00e9 meranie s funkciou ozna\u010dovania. Funkcia kruhov\u00e9ho merania na ozna\u010dovanie obl\u00fdch tvarov. Meranie priemeru Stupnica sa uzamkne v norm\u00e1lnej polohe.\" \/>\n<meta property=\"og:url\" content=\"https:\/\/hundtgroup.com\/sk\/produkt\/oznacovacia-paska-talmeter-tm-2m\/\" \/>\n<meta property=\"og:site_name\" content=\"Wilhelm Hundt GmbH\" \/>\n<meta property=\"article:modified_time\" content=\"2025-07-29T10:07:33+00:00\" \/>\n<meta property=\"og:image\" content=\"https:\/\/hundtgroup.com\/wp-content\/uploads\/420203.png\" \/>\n\t<meta property=\"og:image:width\" content=\"399\" \/>\n\t<meta property=\"og:image:height\" content=\"260\" \/>\n\t<meta property=\"og:image:type\" content=\"image\/png\" \/>\n<meta name=\"twitter:card\" content=\"summary_large_image\" \/>\n<script type=\"application\/ld+json\" class=\"yoast-schema-graph\">{\"@context\":\"https:\\\/\\\/schema.org\",\"@graph\":[{\"@type\":\"WebPage\",\"@id\":\"https:\\\/\\\/hundtgroup.com\\\/sk\\\/produkt\\\/oznacovacia-paska-talmeter-tm-2m\\\/\",\"url\":\"https:\\\/\\\/hundtgroup.com\\\/sk\\\/produkt\\\/oznacovacia-paska-talmeter-tm-2m\\\/\",\"name\":\"Ozna\u010dovacia p\u00e1ska Talmeter TM 2m - Wilhelm Hundt GmbH\",\"isPartOf\":{\"@id\":\"https:\\\/\\\/hundtgroup.com\\\/sk\\\/#website\"},\"primaryImageOfPage\":{\"@id\":\"https:\\\/\\\/hundtgroup.com\\\/sk\\\/produkt\\\/oznacovacia-paska-talmeter-tm-2m\\\/#primaryimage\"},\"image\":{\"@id\":\"https:\\\/\\\/hundtgroup.com\\\/sk\\\/produkt\\\/oznacovacia-paska-talmeter-tm-2m\\\/#primaryimage\"},\"thumbnailUrl\":\"https:\\\/\\\/hundtgroup.com\\\/wp-content\\\/uploads\\\/420203.png\",\"datePublished\":\"2022-10-26T13:58:20+00:00\",\"dateModified\":\"2025-07-29T10:07:33+00:00\",\"breadcrumb\":{\"@id\":\"https:\\\/\\\/hundtgroup.com\\\/sk\\\/produkt\\\/oznacovacia-paska-talmeter-tm-2m\\\/#breadcrumb\"},\"inLanguage\":\"sk-SK\",\"potentialAction\":[{\"@type\":\"ReadAction\",\"target\":[\"https:\\\/\\\/hundtgroup.com\\\/sk\\\/produkt\\\/oznacovacia-paska-talmeter-tm-2m\\\/\"]}]},{\"@type\":\"ImageObject\",\"inLanguage\":\"sk-SK\",\"@id\":\"https:\\\/\\\/hundtgroup.com\\\/sk\\\/produkt\\\/oznacovacia-paska-talmeter-tm-2m\\\/#primaryimage\",\"url\":\"https:\\\/\\\/hundtgroup.com\\\/wp-content\\\/uploads\\\/420203.png\",\"contentUrl\":\"https:\\\/\\\/hundtgroup.com\\\/wp-content\\\/uploads\\\/420203.png\",\"width\":399,\"height\":260},{\"@type\":\"BreadcrumbList\",\"@id\":\"https:\\\/\\\/hundtgroup.com\\\/sk\\\/produkt\\\/oznacovacia-paska-talmeter-tm-2m\\\/#breadcrumb\",\"itemListElement\":[{\"@type\":\"ListItem\",\"position\":1,\"name\":\"Startseite\",\"item\":\"https:\\\/\\\/hundtgroup.com\\\/sk\\\/domov-nove\\\/\"},{\"@type\":\"ListItem\",\"position\":2,\"name\":\"Obchod\",\"item\":\"https:\\\/\\\/hundtgroup.com\\\/obchod\\\/\"},{\"@type\":\"ListItem\",\"position\":3,\"name\":\"Ozna\u010dovacia p\u00e1ska Talmeter TM 2m\"}]},{\"@type\":\"WebSite\",\"@id\":\"https:\\\/\\\/hundtgroup.com\\\/sk\\\/#website\",\"url\":\"https:\\\/\\\/hundtgroup.com\\\/sk\\\/\",\"name\":\"Wilhelm Hundt GmbH\",\"description\":\"V\u00e1\u0161 \u0161pecialista na stroje a n\u00e1stroje na spracovanie plechu\",\"potentialAction\":[{\"@type\":\"SearchAction\",\"target\":{\"@type\":\"EntryPoint\",\"urlTemplate\":\"https:\\\/\\\/hundtgroup.com\\\/sk\\\/?s={search_term_string}\"},\"query-input\":{\"@type\":\"PropertyValueSpecification\",\"valueRequired\":true,\"valueName\":\"search_term_string\"}}],\"inLanguage\":\"sk-SK\"}]}<\/script>\n<!-- \/ Yoast SEO plugin. -->","yoast_head_json":{"title":"Ozna\u010dovacia p\u00e1ska Talmeter TM 2m - Wilhelm Hundt GmbH","robots":{"index":"index","follow":"follow","max-snippet":"max-snippet:-1","max-image-preview":"max-image-preview:large","max-video-preview":"max-video-preview:-1"},"canonical":"https:\/\/hundtgroup.com\/sk\/produkt\/oznacovacia-paska-talmeter-tm-2m\/","og_locale":"sk_SK","og_type":"article","og_title":"Ozna\u010dovacia p\u00e1ska Talmeter TM 2m - Wilhelm Hundt GmbH","og_description":"Merac\u00ed p\u00e1sik Talmeter TM. Biely, robustn\u00fd oce\u013eov\u00fd p\u00e1sik, odstup\u0148ovan\u00fd v milimetroch, puzdro z ABS plastu. Kombinovan\u00e9 ozna\u010dovacie a meracie hrany umo\u017e\u0148uj\u00fa r\u00fdchle a jednoduch\u00e9 meranie a ozna\u010dovanie vonkaj\u0161\u00edch aj vn\u00fatorn\u00fdch d\u013a\u017eok. Vonkaj\u0161ie a vn\u00fatorn\u00e9 meranie s funkciou ozna\u010dovania. Funkcia kruhov\u00e9ho merania na ozna\u010dovanie obl\u00fdch tvarov. Meranie priemeru Stupnica sa uzamkne v norm\u00e1lnej polohe.","og_url":"https:\/\/hundtgroup.com\/sk\/produkt\/oznacovacia-paska-talmeter-tm-2m\/","og_site_name":"Wilhelm Hundt GmbH","article_modified_time":"2025-07-29T10:07:33+00:00","og_image":[{"width":399,"height":260,"url":"https:\/\/hundtgroup.com\/wp-content\/uploads\/420203.png","type":"image\/png"}],"twitter_card":"summary_large_image","schema":{"@context":"https:\/\/schema.org","@graph":[{"@type":"WebPage","@id":"https:\/\/hundtgroup.com\/sk\/produkt\/oznacovacia-paska-talmeter-tm-2m\/","url":"https:\/\/hundtgroup.com\/sk\/produkt\/oznacovacia-paska-talmeter-tm-2m\/","name":"Ozna\u010dovacia p\u00e1ska Talmeter TM 2m - Wilhelm Hundt GmbH","isPartOf":{"@id":"https:\/\/hundtgroup.com\/sk\/#website"},"primaryImageOfPage":{"@id":"https:\/\/hundtgroup.com\/sk\/produkt\/oznacovacia-paska-talmeter-tm-2m\/#primaryimage"},"image":{"@id":"https:\/\/hundtgroup.com\/sk\/produkt\/oznacovacia-paska-talmeter-tm-2m\/#primaryimage"},"thumbnailUrl":"https:\/\/hundtgroup.com\/wp-content\/uploads\/420203.png","datePublished":"2022-10-26T13:58:20+00:00","dateModified":"2025-07-29T10:07:33+00:00","breadcrumb":{"@id":"https:\/\/hundtgroup.com\/sk\/produkt\/oznacovacia-paska-talmeter-tm-2m\/#breadcrumb"},"inLanguage":"sk-SK","potentialAction":[{"@type":"ReadAction","target":["https:\/\/hundtgroup.com\/sk\/produkt\/oznacovacia-paska-talmeter-tm-2m\/"]}]},{"@type":"ImageObject","inLanguage":"sk-SK","@id":"https:\/\/hundtgroup.com\/sk\/produkt\/oznacovacia-paska-talmeter-tm-2m\/#primaryimage","url":"https:\/\/hundtgroup.com\/wp-content\/uploads\/420203.png","contentUrl":"https:\/\/hundtgroup.com\/wp-content\/uploads\/420203.png","width":399,"height":260},{"@type":"BreadcrumbList","@id":"https:\/\/hundtgroup.com\/sk\/produkt\/oznacovacia-paska-talmeter-tm-2m\/#breadcrumb","itemListElement":[{"@type":"ListItem","position":1,"name":"Startseite","item":"https:\/\/hundtgroup.com\/sk\/domov-nove\/"},{"@type":"ListItem","position":2,"name":"Obchod","item":"https:\/\/hundtgroup.com\/obchod\/"},{"@type":"ListItem","position":3,"name":"Ozna\u010dovacia p\u00e1ska Talmeter TM 2m"}]},{"@type":"WebSite","@id":"https:\/\/hundtgroup.com\/sk\/#website","url":"https:\/\/hundtgroup.com\/sk\/","name":"Wilhelm Hundt GmbH","description":"V\u00e1\u0161 \u0161pecialista na stroje a n\u00e1stroje na spracovanie plechu","potentialAction":[{"@type":"SearchAction","target":{"@type":"EntryPoint","urlTemplate":"https:\/\/hundtgroup.com\/sk\/?s={search_term_string}"},"query-input":{"@type":"PropertyValueSpecification","valueRequired":true,"valueName":"search_term_string"}}],"inLanguage":"sk-SK"}]}},"_links":{"self":[{"href":"https:\/\/hundtgroup.com\/sk\/wp-json\/wp\/v2\/product\/25619","targetHints":{"allow":["GET"]}}],"collection":[{"href":"https:\/\/hundtgroup.com\/sk\/wp-json\/wp\/v2\/product"}],"about":[{"href":"https:\/\/hundtgroup.com\/sk\/wp-json\/wp\/v2\/types\/product"}],"wp:featuredmedia":[{"embeddable":true,"href":"https:\/\/hundtgroup.com\/sk\/wp-json\/wp\/v2\/media\/25607"}],"wp:attachment":[{"href":"https:\/\/hundtgroup.com\/sk\/wp-json\/wp\/v2\/media?parent=25619"}],"wp:term":[{"taxonomy":"product_cat","embeddable":true,"href":"https:\/\/hundtgroup.com\/sk\/wp-json\/wp\/v2\/product_cat?post=25619"},{"taxonomy":"product_tag","embeddable":true,"href":"https:\/\/hundtgroup.com\/sk\/wp-json\/wp\/v2\/product_tag?post=25619"}],"curies":[{"name":"wp","href":"https:\/\/api.w.org\/{rel}","templated":true}]}}